{"id":99564,"date":"2024-04-29T16:38:21","date_gmt":"2024-04-29T14:38:21","guid":{"rendered":"https:\/\/letrame.com\/catalogo\/producto\/sexo-sin-genitales-tu-revolucion-sexual\/"},"modified":"2024-07-19T11:31:08","modified_gmt":"2024-07-19T09:31:08","slug":"sexo-sin-genitales-tu-revolucion-sexual","status":"publish","type":"product","link":"https:\/\/letrame.com\/catalogo\/producto\/sexo-sin-genitales-tu-revolucion-sexual\/","title":{"rendered":"Sexo sin genitales. Tu revoluci\u00f3n sexual"},"content":{"rendered":"<p><strong>ISBN<\/strong>: 978-84-1181-669-4<\/p>\n<p><strong>T\u00edtulo<\/strong>: Sexo sin genitales. Tu revoluci\u00f3n sexual<br \/>\n<strong>Fecha<\/strong>: 2023<br \/>\n<strong>P\u00e1ginas<\/strong>: 90<\/p>\n<p><strong>SINOPSIS<\/strong><\/p>\n<p>Aqu\u00ed tienes una gu\u00eda sencilla y r\u00e1pida para que abras tu mente y te ayudes a disfrutar de tu sexualidad de forma \u00edntegra, sin reduccionismos, m\u00e1s all\u00e1 de los genitales y del coito.<\/p>\n<p>Que s\u00ed, \u00a1que hay vida sexual m\u00e1s all\u00e1 de lo que tienes entre las piernas y te lo voy a demostrar!<\/p>\n<p>Inteligencia sexual, fantas\u00edas er\u00f3ticas, caricias, besos y orgasmos cerebrales y corporales son solo algunos de los factores que te van a ayudar a subir tu satisfacci\u00f3n sexual de pich\u00ed-pich\u00e1 a categor\u00eda PRO.<\/p>\n<p>T\u00fa decides. Tienes dos caminos: leer esta gu\u00eda y ser m\u00e1s libre y feliz con tu sexualidad, o no leerla y seguir con el reduccionismo al que el sexo se ha visto inmerso a lo largo de la historia.<\/p>\n<p>Ya te he acompa\u00f1ado en la aventura de eliminar a los enemigos del sexo de tu vida, as\u00ed que ahora\u2026<\/p>\n<p>\u00bfTe ayudo a empezar con tu revoluci\u00f3n sexual?<\/p>\n","protected":false},"excerpt":{"rendered":"<p><strong>ISBN<\/strong>: 978-84-1181-669-4<\/p>\n<p><strong>SINOPSIS<\/strong><\/p>\n<p>Aqu\u00ed tienes una gu\u00eda sencilla y r\u00e1pida para que abras tu mente y te ayudes a disfrutar de tu sexualidad de forma \u00edntegra, sin reduccionismos, m\u00e1s all\u00e1 de los genitales y del coito.<\/p>\n<p>Que s\u00ed, \u00a1que hay vida sexual m\u00e1s all\u00e1 de lo que tienes entre las piernas y te lo voy a demostrar!<\/p>\n<p>Inteligencia sexual, fantas\u00edas er\u00f3ticas, caricias, besos y orgasmos cerebrales y corporales son solo algunos de los factores que te van a ayudar a subir tu satisfacci\u00f3n sexual de pich\u00ed-pich\u00e1 a categor\u00eda PRO.<\/p>\n<p>T\u00fa decides. Tienes dos caminos: leer esta gu\u00eda y ser m\u00e1s libre y feliz con tu sexualidad, o no leerla y seguir con el reduccionismo al que el sexo se ha visto inmerso a lo largo de la historia.<\/p>\n<p>Ya te he acompa\u00f1ado en la aventura de eliminar a los enemigos del sexo de tu vida, as\u00ed que ahora\u2026<\/p>\n<p>\u00bfTe ayudo a empezar con tu revoluci\u00f3n sexual?<\/p>\n","protected":false},"featured_media":99565,"comment_status":"closed","ping_status":"closed","template":"","meta":{"_acf_changed":false},"libro":[],"product_brand":[],"product_cat":[26],"product_tag":[],"class_list":{"0":"post-99564","1":"product","2":"type-product","3":"status-publish","4":"has-post-thumbnail","6":"product_cat-sin-categoria","8":"first","9":"instock","10":"product-type-simple"},"acf":{"autor":[77864],"enlace_de_compra":""},"yoast_head":"<!-- This site is optimized with the Yoast SEO plugin v26.6 - https:\/\/yoast.com\/wordpress\/plugins\/seo\/ -->\n<title>Sexo sin genitales. Tu revoluci\u00f3n sexual - Catalogo | Letrame Grupo Editorial<\/title>\n<meta name=\"robots\" content=\"index, follow, max-snippet:-1, max-image-preview:large, max-video-preview:-1\" \/>\n<link rel=\"canonical\" href=\"https:\/\/letrame.com\/catalogo\/producto\/sexo-sin-genitales-tu-revolucion-sexual\/\" \/>\n<meta property=\"og:locale\" content=\"es_ES\" \/>\n<meta property=\"og:type\" content=\"article\" \/>\n<meta property=\"og:title\" content=\"Sexo sin genitales. Tu revoluci\u00f3n sexual - Catalogo | Letrame Grupo Editorial\" \/>\n<meta property=\"og:description\" content=\"ISBN: 978-84-1181-669-4  SINOPSIS  Aqu\u00ed tienes una gu\u00eda sencilla y r\u00e1pida para que abras tu mente y te ayudes a disfrutar de tu sexualidad de forma \u00edntegra, sin reduccionismos, m\u00e1s all\u00e1 de los genitales y del coito.  Que s\u00ed, \u00a1que hay vida sexual m\u00e1s all\u00e1 de lo que tienes entre las piernas y te lo voy a demostrar!  Inteligencia sexual, fantas\u00edas er\u00f3ticas, caricias, besos y orgasmos cerebrales y corporales son solo algunos de los factores que te van a ayudar a subir tu satisfacci\u00f3n sexual de pich\u00ed-pich\u00e1 a categor\u00eda PRO.  T\u00fa decides. Tienes dos caminos: leer esta gu\u00eda y ser m\u00e1s libre y feliz con tu sexualidad, o no leerla y seguir con el reduccionismo al que el sexo se ha visto inmerso a lo largo de la historia.  Ya te he acompa\u00f1ado en la aventura de eliminar a los enemigos del sexo de tu vida, as\u00ed que ahora\u2026  \u00bfTe ayudo a empezar con tu revoluci\u00f3n sexual?\" \/>\n<meta property=\"og:url\" content=\"https:\/\/letrame.com\/catalogo\/producto\/sexo-sin-genitales-tu-revolucion-sexual\/\" \/>\n<meta property=\"og:site_name\" content=\"Catalogo | Letrame Grupo Editorial\" \/>\n<meta property=\"article:modified_time\" content=\"2024-07-19T09:31:08+00:00\" \/>\n<meta property=\"og:image\" content=\"https:\/\/letrame.com\/catalogo\/wp-content\/uploads\/2024\/04\/webportada_sexosingenitales_522mm-compressed-scaled-1.jpg\" \/>\n\t<meta property=\"og:image:width\" content=\"1746\" \/>\n\t<meta property=\"og:image:height\" content=\"2560\" \/>\n\t<meta property=\"og:image:type\" content=\"image\/jpeg\" \/>\n<meta name=\"twitter:card\" content=\"summary_large_image\" \/>\n<meta name=\"twitter:label1\" content=\"Tiempo de lectura\" \/>\n\t<meta name=\"twitter:data1\" content=\"1 minuto\" \/>\n<script type=\"application\/ld+json\" class=\"yoast-schema-graph\">{\"@context\":\"https:\/\/schema.org\",\"@graph\":[{\"@type\":\"WebPage\",\"@id\":\"https:\/\/letrame.com\/catalogo\/producto\/sexo-sin-genitales-tu-revolucion-sexual\/\",\"url\":\"https:\/\/letrame.com\/catalogo\/producto\/sexo-sin-genitales-tu-revolucion-sexual\/\",\"name\":\"Sexo sin genitales. Tu revoluci\u00f3n sexual - Catalogo | Letrame Grupo Editorial\",\"isPartOf\":{\"@id\":\"https:\/\/letrame.com\/catalogo\/#website\"},\"primaryImageOfPage\":{\"@id\":\"https:\/\/letrame.com\/catalogo\/producto\/sexo-sin-genitales-tu-revolucion-sexual\/#primaryimage\"},\"image\":{\"@id\":\"https:\/\/letrame.com\/catalogo\/producto\/sexo-sin-genitales-tu-revolucion-sexual\/#primaryimage\"},\"thumbnailUrl\":\"https:\/\/letrame.com\/catalogo\/wp-content\/uploads\/2024\/04\/webportada_sexosingenitales_522mm-compressed-scaled-1.jpg\",\"datePublished\":\"2024-04-29T14:38:21+00:00\",\"dateModified\":\"2024-07-19T09:31:08+00:00\",\"breadcrumb\":{\"@id\":\"https:\/\/letrame.com\/catalogo\/producto\/sexo-sin-genitales-tu-revolucion-sexual\/#breadcrumb\"},\"inLanguage\":\"es\",\"potentialAction\":[{\"@type\":\"ReadAction\",\"target\":[\"https:\/\/letrame.com\/catalogo\/producto\/sexo-sin-genitales-tu-revolucion-sexual\/\"]}]},{\"@type\":\"ImageObject\",\"inLanguage\":\"es\",\"@id\":\"https:\/\/letrame.com\/catalogo\/producto\/sexo-sin-genitales-tu-revolucion-sexual\/#primaryimage\",\"url\":\"https:\/\/letrame.com\/catalogo\/wp-content\/uploads\/2024\/04\/webportada_sexosingenitales_522mm-compressed-scaled-1.jpg\",\"contentUrl\":\"https:\/\/letrame.com\/catalogo\/wp-content\/uploads\/2024\/04\/webportada_sexosingenitales_522mm-compressed-scaled-1.jpg\",\"width\":1746,\"height\":2560},{\"@type\":\"BreadcrumbList\",\"@id\":\"https:\/\/letrame.com\/catalogo\/producto\/sexo-sin-genitales-tu-revolucion-sexual\/#breadcrumb\",\"itemListElement\":[{\"@type\":\"ListItem\",\"position\":1,\"name\":\"Portada\",\"item\":\"https:\/\/letrame.com\/catalogo\/\"},{\"@type\":\"ListItem\",\"position\":2,\"name\":\"Cat\u00e1logo\",\"item\":\"https:\/\/letrame.com\/catalogo\/\"},{\"@type\":\"ListItem\",\"position\":3,\"name\":\"Sexo sin genitales. Tu revoluci\u00f3n sexual\"}]},{\"@type\":\"WebSite\",\"@id\":\"https:\/\/letrame.com\/catalogo\/#website\",\"url\":\"https:\/\/letrame.com\/catalogo\/\",\"name\":\"Catalogo | Letrame Grupo Editorial\",\"description\":\"\",\"publisher\":{\"@id\":\"https:\/\/letrame.com\/catalogo\/#organization\"},\"potentialAction\":[{\"@type\":\"SearchAction\",\"target\":{\"@type\":\"EntryPoint\",\"urlTemplate\":\"https:\/\/letrame.com\/catalogo\/?s={search_term_string}\"},\"query-input\":{\"@type\":\"PropertyValueSpecification\",\"valueRequired\":true,\"valueName\":\"search_term_string\"}}],\"inLanguage\":\"es\"},{\"@type\":\"Organization\",\"@id\":\"https:\/\/letrame.com\/catalogo\/#organization\",\"name\":\"Catalogo | Letrame Grupo Editorial\",\"url\":\"https:\/\/letrame.com\/catalogo\/\",\"logo\":{\"@type\":\"ImageObject\",\"inLanguage\":\"es\",\"@id\":\"https:\/\/letrame.com\/catalogo\/#\/schema\/logo\/image\/\",\"url\":\"https:\/\/letrame.com\/catalogo\/wp-content\/uploads\/2024\/03\/logo2.webp\",\"contentUrl\":\"https:\/\/letrame.com\/catalogo\/wp-content\/uploads\/2024\/03\/logo2.webp\",\"width\":394,\"height\":128,\"caption\":\"Catalogo | Letrame Grupo Editorial\"},\"image\":{\"@id\":\"https:\/\/letrame.com\/catalogo\/#\/schema\/logo\/image\/\"}}]}<\/script>\n<!-- \/ Yoast SEO plugin. -->","yoast_head_json":{"title":"Sexo sin genitales. Tu revoluci\u00f3n sexual - Catalogo | Letrame Grupo Editorial","robots":{"index":"index","follow":"follow","max-snippet":"max-snippet:-1","max-image-preview":"max-image-preview:large","max-video-preview":"max-video-preview:-1"},"canonical":"https:\/\/letrame.com\/catalogo\/producto\/sexo-sin-genitales-tu-revolucion-sexual\/","og_locale":"es_ES","og_type":"article","og_title":"Sexo sin genitales. Tu revoluci\u00f3n sexual - Catalogo | Letrame Grupo Editorial","og_description":"ISBN: 978-84-1181-669-4  SINOPSIS  Aqu\u00ed tienes una gu\u00eda sencilla y r\u00e1pida para que abras tu mente y te ayudes a disfrutar de tu sexualidad de forma \u00edntegra, sin reduccionismos, m\u00e1s all\u00e1 de los genitales y del coito.  Que s\u00ed, \u00a1que hay vida sexual m\u00e1s all\u00e1 de lo que tienes entre las piernas y te lo voy a demostrar!  Inteligencia sexual, fantas\u00edas er\u00f3ticas, caricias, besos y orgasmos cerebrales y corporales son solo algunos de los factores que te van a ayudar a subir tu satisfacci\u00f3n sexual de pich\u00ed-pich\u00e1 a categor\u00eda PRO.  T\u00fa decides. Tienes dos caminos: leer esta gu\u00eda y ser m\u00e1s libre y feliz con tu sexualidad, o no leerla y seguir con el reduccionismo al que el sexo se ha visto inmerso a lo largo de la historia.  Ya te he acompa\u00f1ado en la aventura de eliminar a los enemigos del sexo de tu vida, as\u00ed que ahora\u2026  \u00bfTe ayudo a empezar con tu revoluci\u00f3n sexual?","og_url":"https:\/\/letrame.com\/catalogo\/producto\/sexo-sin-genitales-tu-revolucion-sexual\/","og_site_name":"Catalogo | Letrame Grupo Editorial","article_modified_time":"2024-07-19T09:31:08+00:00","og_image":[{"width":1746,"height":2560,"url":"https:\/\/letrame.com\/catalogo\/wp-content\/uploads\/2024\/04\/webportada_sexosingenitales_522mm-compressed-scaled-1.jpg","type":"image\/jpeg"}],"twitter_card":"summary_large_image","twitter_misc":{"Tiempo de lectura":"1 minuto"},"schema":{"@context":"https:\/\/schema.org","@graph":[{"@type":"WebPage","@id":"https:\/\/letrame.com\/catalogo\/producto\/sexo-sin-genitales-tu-revolucion-sexual\/","url":"https:\/\/letrame.com\/catalogo\/producto\/sexo-sin-genitales-tu-revolucion-sexual\/","name":"Sexo sin genitales. Tu revoluci\u00f3n sexual - Catalogo | Letrame Grupo Editorial","isPartOf":{"@id":"https:\/\/letrame.com\/catalogo\/#website"},"primaryImageOfPage":{"@id":"https:\/\/letrame.com\/catalogo\/producto\/sexo-sin-genitales-tu-revolucion-sexual\/#primaryimage"},"image":{"@id":"https:\/\/letrame.com\/catalogo\/producto\/sexo-sin-genitales-tu-revolucion-sexual\/#primaryimage"},"thumbnailUrl":"https:\/\/letrame.com\/catalogo\/wp-content\/uploads\/2024\/04\/webportada_sexosingenitales_522mm-compressed-scaled-1.jpg","datePublished":"2024-04-29T14:38:21+00:00","dateModified":"2024-07-19T09:31:08+00:00","breadcrumb":{"@id":"https:\/\/letrame.com\/catalogo\/producto\/sexo-sin-genitales-tu-revolucion-sexual\/#breadcrumb"},"inLanguage":"es","potentialAction":[{"@type":"ReadAction","target":["https:\/\/letrame.com\/catalogo\/producto\/sexo-sin-genitales-tu-revolucion-sexual\/"]}]},{"@type":"ImageObject","inLanguage":"es","@id":"https:\/\/letrame.com\/catalogo\/producto\/sexo-sin-genitales-tu-revolucion-sexual\/#primaryimage","url":"https:\/\/letrame.com\/catalogo\/wp-content\/uploads\/2024\/04\/webportada_sexosingenitales_522mm-compressed-scaled-1.jpg","contentUrl":"https:\/\/letrame.com\/catalogo\/wp-content\/uploads\/2024\/04\/webportada_sexosingenitales_522mm-compressed-scaled-1.jpg","width":1746,"height":2560},{"@type":"BreadcrumbList","@id":"https:\/\/letrame.com\/catalogo\/producto\/sexo-sin-genitales-tu-revolucion-sexual\/#breadcrumb","itemListElement":[{"@type":"ListItem","position":1,"name":"Portada","item":"https:\/\/letrame.com\/catalogo\/"},{"@type":"ListItem","position":2,"name":"Cat\u00e1logo","item":"https:\/\/letrame.com\/catalogo\/"},{"@type":"ListItem","position":3,"name":"Sexo sin genitales. Tu revoluci\u00f3n sexual"}]},{"@type":"WebSite","@id":"https:\/\/letrame.com\/catalogo\/#website","url":"https:\/\/letrame.com\/catalogo\/","name":"Catalogo | Letrame Grupo Editorial","description":"","publisher":{"@id":"https:\/\/letrame.com\/catalogo\/#organization"},"potentialAction":[{"@type":"SearchAction","target":{"@type":"EntryPoint","urlTemplate":"https:\/\/letrame.com\/catalogo\/?s={search_term_string}"},"query-input":{"@type":"PropertyValueSpecification","valueRequired":true,"valueName":"search_term_string"}}],"inLanguage":"es"},{"@type":"Organization","@id":"https:\/\/letrame.com\/catalogo\/#organization","name":"Catalogo | Letrame Grupo Editorial","url":"https:\/\/letrame.com\/catalogo\/","logo":{"@type":"ImageObject","inLanguage":"es","@id":"https:\/\/letrame.com\/catalogo\/#\/schema\/logo\/image\/","url":"https:\/\/letrame.com\/catalogo\/wp-content\/uploads\/2024\/03\/logo2.webp","contentUrl":"https:\/\/letrame.com\/catalogo\/wp-content\/uploads\/2024\/03\/logo2.webp","width":394,"height":128,"caption":"Catalogo | Letrame Grupo Editorial"},"image":{"@id":"https:\/\/letrame.com\/catalogo\/#\/schema\/logo\/image\/"}}]}},"_links":{"self":[{"href":"https:\/\/letrame.com\/catalogo\/wp-json\/wp\/v2\/product\/99564","targetHints":{"allow":["GET"]}}],"collection":[{"href":"https:\/\/letrame.com\/catalogo\/wp-json\/wp\/v2\/product"}],"about":[{"href":"https:\/\/letrame.com\/catalogo\/wp-json\/wp\/v2\/types\/product"}],"replies":[{"embeddable":true,"href":"https:\/\/letrame.com\/catalogo\/wp-json\/wp\/v2\/comments?post=99564"}],"acf:post":[{"embeddable":true,"href":"https:\/\/letrame.com\/catalogo\/wp-json\/wp\/v2\/author_book\/77864"}],"wp:featuredmedia":[{"embeddable":true,"href":"https:\/\/letrame.com\/catalogo\/wp-json\/wp\/v2\/media\/99565"}],"wp:attachment":[{"href":"https:\/\/letrame.com\/catalogo\/wp-json\/wp\/v2\/media?parent=99564"}],"wp:term":[{"taxonomy":"libro","embeddable":true,"href":"https:\/\/letrame.com\/catalogo\/wp-json\/wp\/v2\/libro?post=99564"},{"taxonomy":"product_brand","embeddable":true,"href":"https:\/\/letrame.com\/catalogo\/wp-json\/wp\/v2\/product_brand?post=99564"},{"taxonomy":"product_cat","embeddable":true,"href":"https:\/\/letrame.com\/catalogo\/wp-json\/wp\/v2\/product_cat?post=99564"},{"taxonomy":"product_tag","embeddable":true,"href":"https:\/\/letrame.com\/catalogo\/wp-json\/wp\/v2\/product_tag?post=99564"}],"curies":[{"name":"wp","href":"https:\/\/api.w.org\/{rel}","templated":true}]}}