{"id":99556,"date":"2024-04-29T16:36:57","date_gmt":"2024-04-29T14:36:57","guid":{"rendered":"https:\/\/letrame.com\/catalogo\/producto\/alfa-lucien\/"},"modified":"2024-07-30T09:50:15","modified_gmt":"2024-07-30T07:50:15","slug":"alfa-lucien","status":"publish","type":"product","link":"https:\/\/letrame.com\/catalogo\/producto\/alfa-lucien\/","title":{"rendered":"Alfa Lucien"},"content":{"rendered":"<p><strong>ISBN<\/strong>: 978-84-1181-589-5<\/p>\n<p><strong>T\u00edtulo<\/strong>: Alfa Lucien<br \/>\n<strong>Fecha<\/strong>: 2023<br \/>\n<strong>P\u00e1ginas<\/strong>: 514<\/p>\n<p><strong>SINOPSIS<\/strong><\/p>\n<p>En un mundo donde los l\u00edmites entre lo humano y lo sobrenatural son borrosos, <em>Alfa Lucien <\/em>nos sumerge en una apasionante historia de fantas\u00eda. En un mundo donde el pasado acecha en cada esquina y la verdad es m\u00e1s escurridiza que nunca, los protagonistas deber\u00e1n enfrentar no solo los peligros que acechan en la oscuridad, sino tambi\u00e9n sus propios demonios internos.<\/p>\n<p>&nbsp;<\/p>\n<p>Stephanie Ward nos lleva de regreso a su intrigante universo, donde los mundos fant\u00e1sticos se entrelazan y los personajes, humanos, lycanos, brujas y demonios, se ven envueltos en una trama llena de giros inesperados. La novela explora temas como la libertad, la opresi\u00f3n, la superaci\u00f3n de traumas pasados y la denuncia del maltrato sistem\u00e1tico, mientras desaf\u00eda la percepci\u00f3n de qui\u00e9n es realmente bueno o malo en un mundo donde la moralidad es relativa.<\/p>\n<p>&nbsp;<\/p>\n<p>En medio de misterios sin resolver y conflictos de intereses, <em>Alfa Lucien <\/em>es una apasionante aventura que pone a prueba a sus personajes y a sus lectores, record\u00e1ndonos que incluso en las sombras m\u00e1s oscuras, un diamante en bruto puede brillar con intensidad.<\/p>\n<p>&nbsp;<\/p>\n<p>&nbsp;<\/p>\n","protected":false},"excerpt":{"rendered":"<p><strong>ISBN<\/strong>: 978-84-1181-589-5<\/p>\n<p><strong>SINOPSIS<\/strong><\/p>\n<p>En un mundo donde los l\u00edmites entre lo humano y lo sobrenatural son borrosos, <em>Alfa Lucien <\/em>nos sumerge en una apasionante historia de fantas\u00eda. En un mundo donde el pasado acecha en cada esquina y la verdad es m\u00e1s escurridiza que nunca, los protagonistas deber\u00e1n enfrentar no solo los peligros que acechan en la oscuridad, sino tambi\u00e9n sus propios demonios internos.<\/p>\n<p>&nbsp;<\/p>\n<p>Stephanie Ward nos lleva de regreso a su intrigante universo, donde los mundos fant\u00e1sticos se entrelazan y los personajes, humanos, lycanos, brujas y demonios, se ven envueltos en una trama llena de giros inesperados. La novela explora temas como la libertad, la opresi\u00f3n, la superaci\u00f3n de traumas pasados y la denuncia del maltrato sistem\u00e1tico, mientras desaf\u00eda la percepci\u00f3n de qui\u00e9n es realmente bueno o malo en un mundo donde la moralidad es relativa.<\/p>\n<p>&nbsp;<\/p>\n<p>En medio de misterios sin resolver y conflictos de intereses, <em>Alfa Lucien <\/em>es una apasionante aventura que pone a prueba a sus personajes y a sus lectores, record\u00e1ndonos que incluso en las sombras m\u00e1s oscuras, un diamante en bruto puede brillar con intensidad.<\/p>\n","protected":false},"featured_media":99557,"comment_status":"closed","ping_status":"closed","template":"","meta":{"_acf_changed":false},"libro":[],"product_brand":[],"product_cat":[26],"product_tag":[],"class_list":{"0":"post-99556","1":"product","2":"type-product","3":"status-publish","4":"has-post-thumbnail","6":"product_cat-sin-categoria","8":"first","9":"instock","10":"product-type-simple"},"acf":{"autor":[77856],"enlace_de_compra":"https:\/\/amzn.to\/3WHq46u"},"yoast_head":"<!-- This site is optimized with the Yoast SEO plugin v26.6 - https:\/\/yoast.com\/wordpress\/plugins\/seo\/ -->\n<title>Alfa Lucien - Catalogo | Letrame Grupo Editorial<\/title>\n<meta name=\"robots\" content=\"index, follow, max-snippet:-1, max-image-preview:large, max-video-preview:-1\" \/>\n<link rel=\"canonical\" href=\"https:\/\/letrame.com\/catalogo\/producto\/alfa-lucien\/\" \/>\n<meta property=\"og:locale\" content=\"es_ES\" \/>\n<meta property=\"og:type\" content=\"article\" \/>\n<meta property=\"og:title\" content=\"Alfa Lucien - Catalogo | Letrame Grupo Editorial\" \/>\n<meta property=\"og:description\" content=\"ISBN: 978-84-1181-589-5  SINOPSIS  En un mundo donde los l\u00edmites entre lo humano y lo sobrenatural son borrosos, Alfa Lucien nos sumerge en una apasionante historia de fantas\u00eda. En un mundo donde el pasado acecha en cada esquina y la verdad es m\u00e1s escurridiza que nunca, los protagonistas deber\u00e1n enfrentar no solo los peligros que acechan en la oscuridad, sino tambi\u00e9n sus propios demonios internos.  &nbsp;  Stephanie Ward nos lleva de regreso a su intrigante universo, donde los mundos fant\u00e1sticos se entrelazan y los personajes, humanos, lycanos, brujas y demonios, se ven envueltos en una trama llena de giros inesperados. La novela explora temas como la libertad, la opresi\u00f3n, la superaci\u00f3n de traumas pasados y la denuncia del maltrato sistem\u00e1tico, mientras desaf\u00eda la percepci\u00f3n de qui\u00e9n es realmente bueno o malo en un mundo donde la moralidad es relativa.  &nbsp;  En medio de misterios sin resolver y conflictos de intereses, Alfa Lucien es una apasionante aventura que pone a prueba a sus personajes y a sus lectores, record\u00e1ndonos que incluso en las sombras m\u00e1s oscuras, un diamante en bruto puede brillar con intensidad.\" \/>\n<meta property=\"og:url\" content=\"https:\/\/letrame.com\/catalogo\/producto\/alfa-lucien\/\" \/>\n<meta property=\"og:site_name\" content=\"Catalogo | Letrame Grupo Editorial\" \/>\n<meta property=\"article:modified_time\" content=\"2024-07-30T07:50:15+00:00\" \/>\n<meta property=\"og:image\" content=\"https:\/\/letrame.com\/catalogo\/wp-content\/uploads\/2024\/04\/webportada_alfalucien_2477mm-compressed-scaled-1.jpg\" \/>\n\t<meta property=\"og:image:width\" content=\"1746\" \/>\n\t<meta property=\"og:image:height\" content=\"2560\" \/>\n\t<meta property=\"og:image:type\" content=\"image\/jpeg\" \/>\n<meta name=\"twitter:card\" content=\"summary_large_image\" \/>\n<meta name=\"twitter:label1\" content=\"Tiempo de lectura\" \/>\n\t<meta name=\"twitter:data1\" content=\"2 minutos\" \/>\n<script type=\"application\/ld+json\" class=\"yoast-schema-graph\">{\"@context\":\"https:\/\/schema.org\",\"@graph\":[{\"@type\":\"WebPage\",\"@id\":\"https:\/\/letrame.com\/catalogo\/producto\/alfa-lucien\/\",\"url\":\"https:\/\/letrame.com\/catalogo\/producto\/alfa-lucien\/\",\"name\":\"Alfa Lucien - Catalogo | Letrame Grupo Editorial\",\"isPartOf\":{\"@id\":\"https:\/\/letrame.com\/catalogo\/#website\"},\"primaryImageOfPage\":{\"@id\":\"https:\/\/letrame.com\/catalogo\/producto\/alfa-lucien\/#primaryimage\"},\"image\":{\"@id\":\"https:\/\/letrame.com\/catalogo\/producto\/alfa-lucien\/#primaryimage\"},\"thumbnailUrl\":\"https:\/\/letrame.com\/catalogo\/wp-content\/uploads\/2024\/04\/webportada_alfalucien_2477mm-compressed-scaled-1.jpg\",\"datePublished\":\"2024-04-29T14:36:57+00:00\",\"dateModified\":\"2024-07-30T07:50:15+00:00\",\"breadcrumb\":{\"@id\":\"https:\/\/letrame.com\/catalogo\/producto\/alfa-lucien\/#breadcrumb\"},\"inLanguage\":\"es\",\"potentialAction\":[{\"@type\":\"ReadAction\",\"target\":[\"https:\/\/letrame.com\/catalogo\/producto\/alfa-lucien\/\"]}]},{\"@type\":\"ImageObject\",\"inLanguage\":\"es\",\"@id\":\"https:\/\/letrame.com\/catalogo\/producto\/alfa-lucien\/#primaryimage\",\"url\":\"https:\/\/letrame.com\/catalogo\/wp-content\/uploads\/2024\/04\/webportada_alfalucien_2477mm-compressed-scaled-1.jpg\",\"contentUrl\":\"https:\/\/letrame.com\/catalogo\/wp-content\/uploads\/2024\/04\/webportada_alfalucien_2477mm-compressed-scaled-1.jpg\",\"width\":1746,\"height\":2560},{\"@type\":\"BreadcrumbList\",\"@id\":\"https:\/\/letrame.com\/catalogo\/producto\/alfa-lucien\/#breadcrumb\",\"itemListElement\":[{\"@type\":\"ListItem\",\"position\":1,\"name\":\"Portada\",\"item\":\"https:\/\/letrame.com\/catalogo\/\"},{\"@type\":\"ListItem\",\"position\":2,\"name\":\"Cat\u00e1logo\",\"item\":\"https:\/\/letrame.com\/catalogo\/\"},{\"@type\":\"ListItem\",\"position\":3,\"name\":\"Alfa Lucien\"}]},{\"@type\":\"WebSite\",\"@id\":\"https:\/\/letrame.com\/catalogo\/#website\",\"url\":\"https:\/\/letrame.com\/catalogo\/\",\"name\":\"Catalogo | Letrame Grupo Editorial\",\"description\":\"\",\"publisher\":{\"@id\":\"https:\/\/letrame.com\/catalogo\/#organization\"},\"potentialAction\":[{\"@type\":\"SearchAction\",\"target\":{\"@type\":\"EntryPoint\",\"urlTemplate\":\"https:\/\/letrame.com\/catalogo\/?s={search_term_string}\"},\"query-input\":{\"@type\":\"PropertyValueSpecification\",\"valueRequired\":true,\"valueName\":\"search_term_string\"}}],\"inLanguage\":\"es\"},{\"@type\":\"Organization\",\"@id\":\"https:\/\/letrame.com\/catalogo\/#organization\",\"name\":\"Catalogo | Letrame Grupo Editorial\",\"url\":\"https:\/\/letrame.com\/catalogo\/\",\"logo\":{\"@type\":\"ImageObject\",\"inLanguage\":\"es\",\"@id\":\"https:\/\/letrame.com\/catalogo\/#\/schema\/logo\/image\/\",\"url\":\"https:\/\/letrame.com\/catalogo\/wp-content\/uploads\/2024\/03\/logo2.webp\",\"contentUrl\":\"https:\/\/letrame.com\/catalogo\/wp-content\/uploads\/2024\/03\/logo2.webp\",\"width\":394,\"height\":128,\"caption\":\"Catalogo | Letrame Grupo Editorial\"},\"image\":{\"@id\":\"https:\/\/letrame.com\/catalogo\/#\/schema\/logo\/image\/\"}}]}<\/script>\n<!-- \/ Yoast SEO plugin. -->","yoast_head_json":{"title":"Alfa Lucien - Catalogo | Letrame Grupo Editorial","robots":{"index":"index","follow":"follow","max-snippet":"max-snippet:-1","max-image-preview":"max-image-preview:large","max-video-preview":"max-video-preview:-1"},"canonical":"https:\/\/letrame.com\/catalogo\/producto\/alfa-lucien\/","og_locale":"es_ES","og_type":"article","og_title":"Alfa Lucien - Catalogo | Letrame Grupo Editorial","og_description":"ISBN: 978-84-1181-589-5  SINOPSIS  En un mundo donde los l\u00edmites entre lo humano y lo sobrenatural son borrosos, Alfa Lucien nos sumerge en una apasionante historia de fantas\u00eda. En un mundo donde el pasado acecha en cada esquina y la verdad es m\u00e1s escurridiza que nunca, los protagonistas deber\u00e1n enfrentar no solo los peligros que acechan en la oscuridad, sino tambi\u00e9n sus propios demonios internos.  &nbsp;  Stephanie Ward nos lleva de regreso a su intrigante universo, donde los mundos fant\u00e1sticos se entrelazan y los personajes, humanos, lycanos, brujas y demonios, se ven envueltos en una trama llena de giros inesperados. La novela explora temas como la libertad, la opresi\u00f3n, la superaci\u00f3n de traumas pasados y la denuncia del maltrato sistem\u00e1tico, mientras desaf\u00eda la percepci\u00f3n de qui\u00e9n es realmente bueno o malo en un mundo donde la moralidad es relativa.  &nbsp;  En medio de misterios sin resolver y conflictos de intereses, Alfa Lucien es una apasionante aventura que pone a prueba a sus personajes y a sus lectores, record\u00e1ndonos que incluso en las sombras m\u00e1s oscuras, un diamante en bruto puede brillar con intensidad.","og_url":"https:\/\/letrame.com\/catalogo\/producto\/alfa-lucien\/","og_site_name":"Catalogo | Letrame Grupo Editorial","article_modified_time":"2024-07-30T07:50:15+00:00","og_image":[{"width":1746,"height":2560,"url":"https:\/\/letrame.com\/catalogo\/wp-content\/uploads\/2024\/04\/webportada_alfalucien_2477mm-compressed-scaled-1.jpg","type":"image\/jpeg"}],"twitter_card":"summary_large_image","twitter_misc":{"Tiempo de lectura":"2 minutos"},"schema":{"@context":"https:\/\/schema.org","@graph":[{"@type":"WebPage","@id":"https:\/\/letrame.com\/catalogo\/producto\/alfa-lucien\/","url":"https:\/\/letrame.com\/catalogo\/producto\/alfa-lucien\/","name":"Alfa Lucien - Catalogo | Letrame Grupo Editorial","isPartOf":{"@id":"https:\/\/letrame.com\/catalogo\/#website"},"primaryImageOfPage":{"@id":"https:\/\/letrame.com\/catalogo\/producto\/alfa-lucien\/#primaryimage"},"image":{"@id":"https:\/\/letrame.com\/catalogo\/producto\/alfa-lucien\/#primaryimage"},"thumbnailUrl":"https:\/\/letrame.com\/catalogo\/wp-content\/uploads\/2024\/04\/webportada_alfalucien_2477mm-compressed-scaled-1.jpg","datePublished":"2024-04-29T14:36:57+00:00","dateModified":"2024-07-30T07:50:15+00:00","breadcrumb":{"@id":"https:\/\/letrame.com\/catalogo\/producto\/alfa-lucien\/#breadcrumb"},"inLanguage":"es","potentialAction":[{"@type":"ReadAction","target":["https:\/\/letrame.com\/catalogo\/producto\/alfa-lucien\/"]}]},{"@type":"ImageObject","inLanguage":"es","@id":"https:\/\/letrame.com\/catalogo\/producto\/alfa-lucien\/#primaryimage","url":"https:\/\/letrame.com\/catalogo\/wp-content\/uploads\/2024\/04\/webportada_alfalucien_2477mm-compressed-scaled-1.jpg","contentUrl":"https:\/\/letrame.com\/catalogo\/wp-content\/uploads\/2024\/04\/webportada_alfalucien_2477mm-compressed-scaled-1.jpg","width":1746,"height":2560},{"@type":"BreadcrumbList","@id":"https:\/\/letrame.com\/catalogo\/producto\/alfa-lucien\/#breadcrumb","itemListElement":[{"@type":"ListItem","position":1,"name":"Portada","item":"https:\/\/letrame.com\/catalogo\/"},{"@type":"ListItem","position":2,"name":"Cat\u00e1logo","item":"https:\/\/letrame.com\/catalogo\/"},{"@type":"ListItem","position":3,"name":"Alfa Lucien"}]},{"@type":"WebSite","@id":"https:\/\/letrame.com\/catalogo\/#website","url":"https:\/\/letrame.com\/catalogo\/","name":"Catalogo | Letrame Grupo Editorial","description":"","publisher":{"@id":"https:\/\/letrame.com\/catalogo\/#organization"},"potentialAction":[{"@type":"SearchAction","target":{"@type":"EntryPoint","urlTemplate":"https:\/\/letrame.com\/catalogo\/?s={search_term_string}"},"query-input":{"@type":"PropertyValueSpecification","valueRequired":true,"valueName":"search_term_string"}}],"inLanguage":"es"},{"@type":"Organization","@id":"https:\/\/letrame.com\/catalogo\/#organization","name":"Catalogo | Letrame Grupo Editorial","url":"https:\/\/letrame.com\/catalogo\/","logo":{"@type":"ImageObject","inLanguage":"es","@id":"https:\/\/letrame.com\/catalogo\/#\/schema\/logo\/image\/","url":"https:\/\/letrame.com\/catalogo\/wp-content\/uploads\/2024\/03\/logo2.webp","contentUrl":"https:\/\/letrame.com\/catalogo\/wp-content\/uploads\/2024\/03\/logo2.webp","width":394,"height":128,"caption":"Catalogo | Letrame Grupo Editorial"},"image":{"@id":"https:\/\/letrame.com\/catalogo\/#\/schema\/logo\/image\/"}}]}},"_links":{"self":[{"href":"https:\/\/letrame.com\/catalogo\/wp-json\/wp\/v2\/product\/99556","targetHints":{"allow":["GET"]}}],"collection":[{"href":"https:\/\/letrame.com\/catalogo\/wp-json\/wp\/v2\/product"}],"about":[{"href":"https:\/\/letrame.com\/catalogo\/wp-json\/wp\/v2\/types\/product"}],"replies":[{"embeddable":true,"href":"https:\/\/letrame.com\/catalogo\/wp-json\/wp\/v2\/comments?post=99556"}],"acf:post":[{"embeddable":true,"href":"https:\/\/letrame.com\/catalogo\/wp-json\/wp\/v2\/author_book\/77856"}],"wp:featuredmedia":[{"embeddable":true,"href":"https:\/\/letrame.com\/catalogo\/wp-json\/wp\/v2\/media\/99557"}],"wp:attachment":[{"href":"https:\/\/letrame.com\/catalogo\/wp-json\/wp\/v2\/media?parent=99556"}],"wp:term":[{"taxonomy":"libro","embeddable":true,"href":"https:\/\/letrame.com\/catalogo\/wp-json\/wp\/v2\/libro?post=99556"},{"taxonomy":"product_brand","embeddable":true,"href":"https:\/\/letrame.com\/catalogo\/wp-json\/wp\/v2\/product_brand?post=99556"},{"taxonomy":"product_cat","embeddable":true,"href":"https:\/\/letrame.com\/catalogo\/wp-json\/wp\/v2\/product_cat?post=99556"},{"taxonomy":"product_tag","embeddable":true,"href":"https:\/\/letrame.com\/catalogo\/wp-json\/wp\/v2\/product_tag?post=99556"}],"curies":[{"name":"wp","href":"https:\/\/api.w.org\/{rel}","templated":true}]}}