{"id":99552,"date":"2024-04-29T16:36:57","date_gmt":"2024-04-29T14:36:57","guid":{"rendered":"https:\/\/letrame.com\/catalogo\/producto\/dionisio-su-universo-gay-y-breves-relatos-pornoeroticos\/"},"modified":"2024-04-29T16:36:57","modified_gmt":"2024-04-29T14:36:57","slug":"dionisio-su-universo-gay-y-breves-relatos-pornoeroticos","status":"publish","type":"product","link":"https:\/\/letrame.com\/catalogo\/producto\/dionisio-su-universo-gay-y-breves-relatos-pornoeroticos\/","title":{"rendered":"Dionisio su universo gay y breves relatos pornoer\u00f3ticos"},"content":{"rendered":"<p class=\"p1\">ISBN: 978-84-1181-512-3<\/p>\n<p class=\"p1\">T\u00edtulo: DIONISIO SU UNIVERSO GAY Y BREVES RELATOS PORNOER\u00d3TICOS<\/p>\n<p class=\"p1\">Fecha: 2023<\/p>\n<p class=\"p1\">P\u00e1ginas: 526<\/p>\n<p class=\"p1\">SINOPSIS:<\/p>\n<p>Dioni, nuestro personaje principal, es un chico nacido en una ciudad andaluza de mediano tama\u00f1o con fuerte personalidad, cierta proyecci\u00f3n internacional y con aires conservadores. Desde \u00e9sta, una vez acabada la universidad, se trasladar\u00e1 a vivir a Torremolinos,\u00a0 localidad con una gran poblaci\u00f3n gay, fruto de la emigraci\u00f3n procedente de otras zonas del pa\u00eds, en las que los homosexuales eran m\u00e1s perseguidos y marginados.<\/p>\n<p>La historia trata de la evoluci\u00f3n de un ni\u00f1o nacido en los sesenta hasta la madurez en los dos mil. Pasando por una etapa vital heterosexual, bisexual hasta aceptar plenamente su orientaci\u00f3n homosexual.<\/p>\n<p>Debido a los a\u00f1os tan convulsos y cambiantes vividos en Espa\u00f1a en los que se desarrolla la trama. La historia, la pol\u00edtica, la lucha de clase y las reivindicaciones por la igualdad en derechos humanos para el colectivo LGTBI van a marcar fuertemente la vida de Dioni y su pareja.<\/p>\n<p>Cuernos, celos, apariciones divinas, ovnis, muerte, viajes y sexo en abundancia van a sustentar una trama que no por ser casi autobiogr\u00e1fica va dejar de tener tintes novelescos, bas\u00e1ndose en el dicho que las m\u00e1s de las veces la realidad llega a superar a la ficci\u00f3n. Haci\u00e9ndose tambi\u00e9n referencia a hechos importantes sucedidos en los \u00faltimos a\u00f1os del franquismo y de la transici\u00f3n espa\u00f1ola vividos en primera persona por nuestro personaje.<\/p>\n<p>El relato se enriquece con una colecci\u00f3n de dibujos, que representan diferentes hechos vividos y contados en la historia. Muchos de \u00e9stos de fuerte car\u00e1cter pornoer\u00f3tico, que vienen a representar la gran importancia del sexo en el mundo gay.<\/p>\n","protected":false},"excerpt":{"rendered":"<p class=\"p1\">ISBN: 978-84-1181-512-3<\/p>\n<p class=\"p1\">SINOPSIS:<\/p>\n<p>Dioni, nuestro personaje principal, es un chico nacido en una ciudad andaluza de mediano tama\u00f1o con fuerte personalidad, cierta proyecci\u00f3n internacional y con aires conservadores. Desde \u00e9sta, una vez acabada la universidad, se trasladar\u00e1 a vivir a Torremolinos,\u00a0 localidad con una gran poblaci\u00f3n gay, fruto de la emigraci\u00f3n procedente de otras zonas del pa\u00eds, en las que los homosexuales eran m\u00e1s perseguidos y marginados.<\/p>\n<p>La historia trata de la evoluci\u00f3n de un ni\u00f1o nacido en los sesenta hasta la madurez en los dos mil. Pasando por una etapa vital heterosexual, bisexual hasta aceptar plenamente su orientaci\u00f3n homosexual.<\/p>\n<p>Debido a los a\u00f1os tan convulsos y cambiantes vividos en Espa\u00f1a en los que se desarrolla la trama. La historia, la pol\u00edtica, la lucha de clase y las reivindicaciones por la igualdad en derechos humanos para el colectivo LGTBI van a marcar fuertemente la vida de Dioni y su pareja.<\/p>\n<p>Cuernos, celos, apariciones divinas, ovnis, muerte, viajes y sexo en abundancia van a sustentar una trama que no por ser casi autobiogr\u00e1fica va dejar de tener tintes novelescos, bas\u00e1ndose en el dicho que las m\u00e1s de las veces la realidad llega a superar a la ficci\u00f3n. Haci\u00e9ndose tambi\u00e9n referencia a hechos importantes sucedidos en los \u00faltimos a\u00f1os del franquismo y de la transici\u00f3n espa\u00f1ola vividos en primera persona por nuestro personaje.<\/p>\n<p>El relato se enriquece con una colecci\u00f3n de dibujos, que representan diferentes hechos vividos y contados en la historia. Muchos de \u00e9stos de fuerte car\u00e1cter pornoer\u00f3tico, que vienen a representar la gran importancia del sexo en el mundo gay.<\/p>\n","protected":false},"featured_media":99553,"comment_status":"closed","ping_status":"open","template":"","meta":{"_acf_changed":false},"libro":[],"product_brand":[],"product_cat":[58],"product_tag":[],"class_list":{"0":"post-99552","1":"product","2":"type-product","3":"status-publish","4":"has-post-thumbnail","6":"product_cat-lgtbi","8":"first","9":"instock","10":"product-type-simple"},"acf":{"autor":[77854],"enlace_de_compra":""},"yoast_head":"<!-- This site is optimized with the Yoast SEO plugin v26.6 - https:\/\/yoast.com\/wordpress\/plugins\/seo\/ -->\n<title>Dionisio su universo gay y breves relatos pornoer\u00f3ticos - Catalogo | Letrame Grupo Editorial<\/title>\n<meta name=\"robots\" content=\"index, follow, max-snippet:-1, max-image-preview:large, max-video-preview:-1\" \/>\n<link rel=\"canonical\" href=\"https:\/\/letrame.com\/catalogo\/producto\/dionisio-su-universo-gay-y-breves-relatos-pornoeroticos\/\" \/>\n<meta property=\"og:locale\" content=\"es_ES\" \/>\n<meta property=\"og:type\" content=\"article\" \/>\n<meta property=\"og:title\" content=\"Dionisio su universo gay y breves relatos pornoer\u00f3ticos - Catalogo | Letrame Grupo Editorial\" \/>\n<meta property=\"og:description\" content=\"ISBN: 978-84-1181-512-3 SINOPSIS: Dioni, nuestro personaje principal, es un chico nacido en una ciudad andaluza de mediano tama\u00f1o con fuerte personalidad, cierta proyecci\u00f3n internacional y con aires conservadores. Desde \u00e9sta, una vez acabada la universidad, se trasladar\u00e1 a vivir a Torremolinos,\u00a0 localidad con una gran poblaci\u00f3n gay, fruto de la emigraci\u00f3n procedente de otras zonas del pa\u00eds, en las que los homosexuales eran m\u00e1s perseguidos y marginados. La historia trata de la evoluci\u00f3n de un ni\u00f1o nacido en los sesenta hasta la madurez en los dos mil. Pasando por una etapa vital heterosexual, bisexual hasta aceptar plenamente su orientaci\u00f3n homosexual. Debido a los a\u00f1os tan convulsos y cambiantes vividos en Espa\u00f1a en los que se desarrolla la trama. La historia, la pol\u00edtica, la lucha de clase y las reivindicaciones por la igualdad en derechos humanos para el colectivo LGTBI van a marcar fuertemente la vida de Dioni y su pareja. Cuernos, celos, apariciones divinas, ovnis, muerte, viajes y sexo en abundancia van a sustentar una trama que no por ser casi autobiogr\u00e1fica va dejar de tener tintes novelescos, bas\u00e1ndose en el dicho que las m\u00e1s de las veces la realidad llega a superar a la ficci\u00f3n. Haci\u00e9ndose tambi\u00e9n referencia a hechos importantes sucedidos en los \u00faltimos a\u00f1os del franquismo y de la transici\u00f3n espa\u00f1ola vividos en primera persona por nuestro personaje. El relato se enriquece con una colecci\u00f3n de dibujos, que representan diferentes hechos vividos y contados en la historia. Muchos de \u00e9stos de fuerte car\u00e1cter pornoer\u00f3tico, que vienen a representar la gran importancia del sexo en el mundo gay.\" \/>\n<meta property=\"og:url\" content=\"https:\/\/letrame.com\/catalogo\/producto\/dionisio-su-universo-gay-y-breves-relatos-pornoeroticos\/\" \/>\n<meta property=\"og:site_name\" content=\"Catalogo | Letrame Grupo Editorial\" \/>\n<meta property=\"og:image\" content=\"https:\/\/letrame.com\/catalogo\/wp-content\/uploads\/2024\/04\/portada_dionisio_2533mm-compressed-scaled-1.jpg\" \/>\n\t<meta property=\"og:image:width\" content=\"1746\" \/>\n\t<meta property=\"og:image:height\" content=\"2560\" \/>\n\t<meta property=\"og:image:type\" content=\"image\/jpeg\" \/>\n<meta name=\"twitter:card\" content=\"summary_large_image\" \/>\n<meta name=\"twitter:label1\" content=\"Tiempo de lectura\" \/>\n\t<meta name=\"twitter:data1\" content=\"2 minutos\" \/>\n<script type=\"application\/ld+json\" class=\"yoast-schema-graph\">{\"@context\":\"https:\/\/schema.org\",\"@graph\":[{\"@type\":\"WebPage\",\"@id\":\"https:\/\/letrame.com\/catalogo\/producto\/dionisio-su-universo-gay-y-breves-relatos-pornoeroticos\/\",\"url\":\"https:\/\/letrame.com\/catalogo\/producto\/dionisio-su-universo-gay-y-breves-relatos-pornoeroticos\/\",\"name\":\"Dionisio su universo gay y breves relatos pornoer\u00f3ticos - Catalogo | Letrame Grupo Editorial\",\"isPartOf\":{\"@id\":\"https:\/\/letrame.com\/catalogo\/#website\"},\"primaryImageOfPage\":{\"@id\":\"https:\/\/letrame.com\/catalogo\/producto\/dionisio-su-universo-gay-y-breves-relatos-pornoeroticos\/#primaryimage\"},\"image\":{\"@id\":\"https:\/\/letrame.com\/catalogo\/producto\/dionisio-su-universo-gay-y-breves-relatos-pornoeroticos\/#primaryimage\"},\"thumbnailUrl\":\"https:\/\/letrame.com\/catalogo\/wp-content\/uploads\/2024\/04\/portada_dionisio_2533mm-compressed-scaled-1.jpg\",\"datePublished\":\"2024-04-29T14:36:57+00:00\",\"breadcrumb\":{\"@id\":\"https:\/\/letrame.com\/catalogo\/producto\/dionisio-su-universo-gay-y-breves-relatos-pornoeroticos\/#breadcrumb\"},\"inLanguage\":\"es\",\"potentialAction\":[{\"@type\":\"ReadAction\",\"target\":[\"https:\/\/letrame.com\/catalogo\/producto\/dionisio-su-universo-gay-y-breves-relatos-pornoeroticos\/\"]}]},{\"@type\":\"ImageObject\",\"inLanguage\":\"es\",\"@id\":\"https:\/\/letrame.com\/catalogo\/producto\/dionisio-su-universo-gay-y-breves-relatos-pornoeroticos\/#primaryimage\",\"url\":\"https:\/\/letrame.com\/catalogo\/wp-content\/uploads\/2024\/04\/portada_dionisio_2533mm-compressed-scaled-1.jpg\",\"contentUrl\":\"https:\/\/letrame.com\/catalogo\/wp-content\/uploads\/2024\/04\/portada_dionisio_2533mm-compressed-scaled-1.jpg\",\"width\":1746,\"height\":2560},{\"@type\":\"BreadcrumbList\",\"@id\":\"https:\/\/letrame.com\/catalogo\/producto\/dionisio-su-universo-gay-y-breves-relatos-pornoeroticos\/#breadcrumb\",\"itemListElement\":[{\"@type\":\"ListItem\",\"position\":1,\"name\":\"Portada\",\"item\":\"https:\/\/letrame.com\/catalogo\/\"},{\"@type\":\"ListItem\",\"position\":2,\"name\":\"Cat\u00e1logo\",\"item\":\"https:\/\/letrame.com\/catalogo\/\"},{\"@type\":\"ListItem\",\"position\":3,\"name\":\"Dionisio su universo gay y breves relatos pornoer\u00f3ticos\"}]},{\"@type\":\"WebSite\",\"@id\":\"https:\/\/letrame.com\/catalogo\/#website\",\"url\":\"https:\/\/letrame.com\/catalogo\/\",\"name\":\"Catalogo | Letrame Grupo Editorial\",\"description\":\"\",\"publisher\":{\"@id\":\"https:\/\/letrame.com\/catalogo\/#organization\"},\"potentialAction\":[{\"@type\":\"SearchAction\",\"target\":{\"@type\":\"EntryPoint\",\"urlTemplate\":\"https:\/\/letrame.com\/catalogo\/?s={search_term_string}\"},\"query-input\":{\"@type\":\"PropertyValueSpecification\",\"valueRequired\":true,\"valueName\":\"search_term_string\"}}],\"inLanguage\":\"es\"},{\"@type\":\"Organization\",\"@id\":\"https:\/\/letrame.com\/catalogo\/#organization\",\"name\":\"Catalogo | Letrame Grupo Editorial\",\"url\":\"https:\/\/letrame.com\/catalogo\/\",\"logo\":{\"@type\":\"ImageObject\",\"inLanguage\":\"es\",\"@id\":\"https:\/\/letrame.com\/catalogo\/#\/schema\/logo\/image\/\",\"url\":\"https:\/\/letrame.com\/catalogo\/wp-content\/uploads\/2024\/03\/logo2.webp\",\"contentUrl\":\"https:\/\/letrame.com\/catalogo\/wp-content\/uploads\/2024\/03\/logo2.webp\",\"width\":394,\"height\":128,\"caption\":\"Catalogo | Letrame Grupo Editorial\"},\"image\":{\"@id\":\"https:\/\/letrame.com\/catalogo\/#\/schema\/logo\/image\/\"}}]}<\/script>\n<!-- \/ Yoast SEO plugin. -->","yoast_head_json":{"title":"Dionisio su universo gay y breves relatos pornoer\u00f3ticos - Catalogo | Letrame Grupo Editorial","robots":{"index":"index","follow":"follow","max-snippet":"max-snippet:-1","max-image-preview":"max-image-preview:large","max-video-preview":"max-video-preview:-1"},"canonical":"https:\/\/letrame.com\/catalogo\/producto\/dionisio-su-universo-gay-y-breves-relatos-pornoeroticos\/","og_locale":"es_ES","og_type":"article","og_title":"Dionisio su universo gay y breves relatos pornoer\u00f3ticos - Catalogo | Letrame Grupo Editorial","og_description":"ISBN: 978-84-1181-512-3 SINOPSIS: Dioni, nuestro personaje principal, es un chico nacido en una ciudad andaluza de mediano tama\u00f1o con fuerte personalidad, cierta proyecci\u00f3n internacional y con aires conservadores. Desde \u00e9sta, una vez acabada la universidad, se trasladar\u00e1 a vivir a Torremolinos,\u00a0 localidad con una gran poblaci\u00f3n gay, fruto de la emigraci\u00f3n procedente de otras zonas del pa\u00eds, en las que los homosexuales eran m\u00e1s perseguidos y marginados. La historia trata de la evoluci\u00f3n de un ni\u00f1o nacido en los sesenta hasta la madurez en los dos mil. Pasando por una etapa vital heterosexual, bisexual hasta aceptar plenamente su orientaci\u00f3n homosexual. Debido a los a\u00f1os tan convulsos y cambiantes vividos en Espa\u00f1a en los que se desarrolla la trama. La historia, la pol\u00edtica, la lucha de clase y las reivindicaciones por la igualdad en derechos humanos para el colectivo LGTBI van a marcar fuertemente la vida de Dioni y su pareja. Cuernos, celos, apariciones divinas, ovnis, muerte, viajes y sexo en abundancia van a sustentar una trama que no por ser casi autobiogr\u00e1fica va dejar de tener tintes novelescos, bas\u00e1ndose en el dicho que las m\u00e1s de las veces la realidad llega a superar a la ficci\u00f3n. Haci\u00e9ndose tambi\u00e9n referencia a hechos importantes sucedidos en los \u00faltimos a\u00f1os del franquismo y de la transici\u00f3n espa\u00f1ola vividos en primera persona por nuestro personaje. El relato se enriquece con una colecci\u00f3n de dibujos, que representan diferentes hechos vividos y contados en la historia. Muchos de \u00e9stos de fuerte car\u00e1cter pornoer\u00f3tico, que vienen a representar la gran importancia del sexo en el mundo gay.","og_url":"https:\/\/letrame.com\/catalogo\/producto\/dionisio-su-universo-gay-y-breves-relatos-pornoeroticos\/","og_site_name":"Catalogo | Letrame Grupo Editorial","og_image":[{"width":1746,"height":2560,"url":"https:\/\/letrame.com\/catalogo\/wp-content\/uploads\/2024\/04\/portada_dionisio_2533mm-compressed-scaled-1.jpg","type":"image\/jpeg"}],"twitter_card":"summary_large_image","twitter_misc":{"Tiempo de lectura":"2 minutos"},"schema":{"@context":"https:\/\/schema.org","@graph":[{"@type":"WebPage","@id":"https:\/\/letrame.com\/catalogo\/producto\/dionisio-su-universo-gay-y-breves-relatos-pornoeroticos\/","url":"https:\/\/letrame.com\/catalogo\/producto\/dionisio-su-universo-gay-y-breves-relatos-pornoeroticos\/","name":"Dionisio su universo gay y breves relatos pornoer\u00f3ticos - Catalogo | Letrame Grupo Editorial","isPartOf":{"@id":"https:\/\/letrame.com\/catalogo\/#website"},"primaryImageOfPage":{"@id":"https:\/\/letrame.com\/catalogo\/producto\/dionisio-su-universo-gay-y-breves-relatos-pornoeroticos\/#primaryimage"},"image":{"@id":"https:\/\/letrame.com\/catalogo\/producto\/dionisio-su-universo-gay-y-breves-relatos-pornoeroticos\/#primaryimage"},"thumbnailUrl":"https:\/\/letrame.com\/catalogo\/wp-content\/uploads\/2024\/04\/portada_dionisio_2533mm-compressed-scaled-1.jpg","datePublished":"2024-04-29T14:36:57+00:00","breadcrumb":{"@id":"https:\/\/letrame.com\/catalogo\/producto\/dionisio-su-universo-gay-y-breves-relatos-pornoeroticos\/#breadcrumb"},"inLanguage":"es","potentialAction":[{"@type":"ReadAction","target":["https:\/\/letrame.com\/catalogo\/producto\/dionisio-su-universo-gay-y-breves-relatos-pornoeroticos\/"]}]},{"@type":"ImageObject","inLanguage":"es","@id":"https:\/\/letrame.com\/catalogo\/producto\/dionisio-su-universo-gay-y-breves-relatos-pornoeroticos\/#primaryimage","url":"https:\/\/letrame.com\/catalogo\/wp-content\/uploads\/2024\/04\/portada_dionisio_2533mm-compressed-scaled-1.jpg","contentUrl":"https:\/\/letrame.com\/catalogo\/wp-content\/uploads\/2024\/04\/portada_dionisio_2533mm-compressed-scaled-1.jpg","width":1746,"height":2560},{"@type":"BreadcrumbList","@id":"https:\/\/letrame.com\/catalogo\/producto\/dionisio-su-universo-gay-y-breves-relatos-pornoeroticos\/#breadcrumb","itemListElement":[{"@type":"ListItem","position":1,"name":"Portada","item":"https:\/\/letrame.com\/catalogo\/"},{"@type":"ListItem","position":2,"name":"Cat\u00e1logo","item":"https:\/\/letrame.com\/catalogo\/"},{"@type":"ListItem","position":3,"name":"Dionisio su universo gay y breves relatos pornoer\u00f3ticos"}]},{"@type":"WebSite","@id":"https:\/\/letrame.com\/catalogo\/#website","url":"https:\/\/letrame.com\/catalogo\/","name":"Catalogo | Letrame Grupo Editorial","description":"","publisher":{"@id":"https:\/\/letrame.com\/catalogo\/#organization"},"potentialAction":[{"@type":"SearchAction","target":{"@type":"EntryPoint","urlTemplate":"https:\/\/letrame.com\/catalogo\/?s={search_term_string}"},"query-input":{"@type":"PropertyValueSpecification","valueRequired":true,"valueName":"search_term_string"}}],"inLanguage":"es"},{"@type":"Organization","@id":"https:\/\/letrame.com\/catalogo\/#organization","name":"Catalogo | Letrame Grupo Editorial","url":"https:\/\/letrame.com\/catalogo\/","logo":{"@type":"ImageObject","inLanguage":"es","@id":"https:\/\/letrame.com\/catalogo\/#\/schema\/logo\/image\/","url":"https:\/\/letrame.com\/catalogo\/wp-content\/uploads\/2024\/03\/logo2.webp","contentUrl":"https:\/\/letrame.com\/catalogo\/wp-content\/uploads\/2024\/03\/logo2.webp","width":394,"height":128,"caption":"Catalogo | Letrame Grupo Editorial"},"image":{"@id":"https:\/\/letrame.com\/catalogo\/#\/schema\/logo\/image\/"}}]}},"_links":{"self":[{"href":"https:\/\/letrame.com\/catalogo\/wp-json\/wp\/v2\/product\/99552","targetHints":{"allow":["GET"]}}],"collection":[{"href":"https:\/\/letrame.com\/catalogo\/wp-json\/wp\/v2\/product"}],"about":[{"href":"https:\/\/letrame.com\/catalogo\/wp-json\/wp\/v2\/types\/product"}],"replies":[{"embeddable":true,"href":"https:\/\/letrame.com\/catalogo\/wp-json\/wp\/v2\/comments?post=99552"}],"acf:post":[{"embeddable":true,"href":"https:\/\/letrame.com\/catalogo\/wp-json\/wp\/v2\/author_book\/77854"}],"wp:featuredmedia":[{"embeddable":true,"href":"https:\/\/letrame.com\/catalogo\/wp-json\/wp\/v2\/media\/99553"}],"wp:attachment":[{"href":"https:\/\/letrame.com\/catalogo\/wp-json\/wp\/v2\/media?parent=99552"}],"wp:term":[{"taxonomy":"libro","embeddable":true,"href":"https:\/\/letrame.com\/catalogo\/wp-json\/wp\/v2\/libro?post=99552"},{"taxonomy":"product_brand","embeddable":true,"href":"https:\/\/letrame.com\/catalogo\/wp-json\/wp\/v2\/product_brand?post=99552"},{"taxonomy":"product_cat","embeddable":true,"href":"https:\/\/letrame.com\/catalogo\/wp-json\/wp\/v2\/product_cat?post=99552"},{"taxonomy":"product_tag","embeddable":true,"href":"https:\/\/letrame.com\/catalogo\/wp-json\/wp\/v2\/product_tag?post=99552"}],"curies":[{"name":"wp","href":"https:\/\/api.w.org\/{rel}","templated":true}]}}