{"id":99551,"date":"2024-04-29T16:36:12","date_gmt":"2024-04-29T14:36:12","guid":{"rendered":"https:\/\/letrame.com\/catalogo\/producto\/cuentos-del-olvido-herido\/"},"modified":"2024-05-16T17:05:54","modified_gmt":"2024-05-16T15:05:54","slug":"cuentos-del-olvido-herido","status":"publish","type":"product","link":"https:\/\/letrame.com\/catalogo\/producto\/cuentos-del-olvido-herido\/","title":{"rendered":"Cuentos del olvido herido"},"content":{"rendered":"<p><strong>ISBN<\/strong>: 978-84-1181-237-5<\/p>\n<p><strong>T\u00edtulo<\/strong>: Cuentos del olvido herido<br \/>\n<strong>Fecha<\/strong>: 2023<br \/>\n<strong>P\u00e1ginas<\/strong>: 118<\/p>\n<p><strong>SINOPSIS<\/strong><\/p>\n<p>Para el autor, el cuento corto, ubicado dentro del g\u00e9nero narrativo, ha significado un desaf\u00edo. Esta peque\u00f1a obra es testimonio de ello. Se confiesa que, en realidad, estas peque\u00f1as piezas literarias son construcciones sobre testimonios, charlas perdidas en el tiempo, inventos necesarios a la extra\u00f1a necesidad de legitimar obviedades, y algunas experiencias directas.<\/p>\n<p>No hubo, en principio, ninguna pretensi\u00f3n mayor. Aun as\u00ed \u2013 casi sin quererlo \u2013 estos cuentos discurren transitando transversalidades que abrevan m\u00e1s all\u00e1 de lo anecd\u00f3tico y hablan, en primer lugar, sobre una manera de mirar el mundo y de habitarlo desde un lugar concreto; la empat\u00eda con los temores, los desvelos, miedos, esperanzas y alegr\u00edas de ese \u201cotro\u201d que no es m\u00e1s que una regi\u00f3n desconocida de uno mismo.<\/p>\n<p>Por alguna raz\u00f3n, porfiadamente adheridos a la memoria, los hechos aqu\u00ed narrados han permanecido como una herida que no cierra. Tal vez tengan algo que decir todav\u00eda. En todo caso, al compartirlos con quien sea, se pretende colectivizar la necesidad de seguir pregunt\u00e1ndole cosas al olvido.<\/p>\n<p>El autor<\/p>\n","protected":false},"excerpt":{"rendered":"<p><strong>ISBN<\/strong>: 978-84-1181-237-5<\/p>\n<p><strong>SINOPSIS<\/strong><\/p>\n<p>Para el autor, el cuento corto, ubicado dentro del g\u00e9nero narrativo, ha significado un desaf\u00edo. Esta peque\u00f1a obra es testimonio de ello. Se confiesa que, en realidad, estas peque\u00f1as piezas literarias son construcciones sobre testimonios, charlas perdidas en el tiempo, inventos necesarios a la extra\u00f1a necesidad de legitimar obviedades, y algunas experiencias directas.<\/p>\n<p>No hubo, en principio, ninguna pretensi\u00f3n mayor. Aun as\u00ed \u2013 casi sin quererlo \u2013 estos cuentos discurren transitando transversalidades que abrevan m\u00e1s all\u00e1 de lo anecd\u00f3tico y hablan, en primer lugar, sobre una manera de mirar el mundo y de habitarlo desde un lugar concreto; la empat\u00eda con los temores, los desvelos, miedos, esperanzas y alegr\u00edas de ese \u201cotro\u201d que no es m\u00e1s que una regi\u00f3n desconocida de uno mismo.<\/p>\n<p>Por alguna raz\u00f3n, porfiadamente adheridos a la memoria, los hechos aqu\u00ed narrados han permanecido como una herida que no cierra. Tal vez tengan algo que decir todav\u00eda. En todo caso, al compartirlos con quien sea, se pretende colectivizar la necesidad de seguir pregunt\u00e1ndole cosas al olvido.<\/p>\n<p>El autor<\/p>\n","protected":false},"featured_media":100469,"comment_status":"closed","ping_status":"closed","template":"","meta":{"_acf_changed":false},"libro":[],"product_brand":[],"product_cat":[26],"product_tag":[],"class_list":{"0":"post-99551","1":"product","2":"type-product","3":"status-publish","4":"has-post-thumbnail","6":"product_cat-sin-categoria","8":"first","9":"instock","10":"product-type-simple"},"acf":{"autor":[77852],"enlace_de_compra":""},"yoast_head":"<!-- This site is optimized with the Yoast SEO plugin v26.6 - https:\/\/yoast.com\/wordpress\/plugins\/seo\/ -->\n<title>Cuentos del olvido herido - Catalogo | Letrame Grupo Editorial<\/title>\n<meta name=\"robots\" content=\"index, follow, max-snippet:-1, max-image-preview:large, max-video-preview:-1\" \/>\n<link rel=\"canonical\" href=\"https:\/\/letrame.com\/catalogo\/producto\/cuentos-del-olvido-herido\/\" \/>\n<meta property=\"og:locale\" content=\"es_ES\" \/>\n<meta property=\"og:type\" content=\"article\" \/>\n<meta property=\"og:title\" content=\"Cuentos del olvido herido - Catalogo | Letrame Grupo Editorial\" \/>\n<meta property=\"og:description\" content=\"ISBN: 978-84-1181-237-5  SINOPSIS  Para el autor, el cuento corto, ubicado dentro del g\u00e9nero narrativo, ha significado un desaf\u00edo. Esta peque\u00f1a obra es testimonio de ello. Se confiesa que, en realidad, estas peque\u00f1as piezas literarias son construcciones sobre testimonios, charlas perdidas en el tiempo, inventos necesarios a la extra\u00f1a necesidad de legitimar obviedades, y algunas experiencias directas.  No hubo, en principio, ninguna pretensi\u00f3n mayor. Aun as\u00ed \u2013 casi sin quererlo \u2013 estos cuentos discurren transitando transversalidades que abrevan m\u00e1s all\u00e1 de lo anecd\u00f3tico y hablan, en primer lugar, sobre una manera de mirar el mundo y de habitarlo desde un lugar concreto; la empat\u00eda con los temores, los desvelos, miedos, esperanzas y alegr\u00edas de ese \u201cotro\u201d que no es m\u00e1s que una regi\u00f3n desconocida de uno mismo.  Por alguna raz\u00f3n, porfiadamente adheridos a la memoria, los hechos aqu\u00ed narrados han permanecido como una herida que no cierra. Tal vez tengan algo que decir todav\u00eda. En todo caso, al compartirlos con quien sea, se pretende colectivizar la necesidad de seguir pregunt\u00e1ndole cosas al olvido.  El autor\" \/>\n<meta property=\"og:url\" content=\"https:\/\/letrame.com\/catalogo\/producto\/cuentos-del-olvido-herido\/\" \/>\n<meta property=\"og:site_name\" content=\"Catalogo | Letrame Grupo Editorial\" \/>\n<meta property=\"article:modified_time\" content=\"2024-05-16T15:05:54+00:00\" \/>\n<meta property=\"og:image\" content=\"https:\/\/letrame.com\/catalogo\/wp-content\/uploads\/2024\/04\/WEBcuentosdelherido_651mm-copia-compressed-1-scaled-1.webp\" \/>\n\t<meta property=\"og:image:width\" content=\"1746\" \/>\n\t<meta property=\"og:image:height\" content=\"2560\" \/>\n\t<meta property=\"og:image:type\" content=\"image\/webp\" \/>\n<meta name=\"twitter:card\" content=\"summary_large_image\" \/>\n<meta name=\"twitter:label1\" content=\"Tiempo de lectura\" \/>\n\t<meta name=\"twitter:data1\" content=\"2 minutos\" \/>\n<script type=\"application\/ld+json\" class=\"yoast-schema-graph\">{\"@context\":\"https:\/\/schema.org\",\"@graph\":[{\"@type\":\"WebPage\",\"@id\":\"https:\/\/letrame.com\/catalogo\/producto\/cuentos-del-olvido-herido\/\",\"url\":\"https:\/\/letrame.com\/catalogo\/producto\/cuentos-del-olvido-herido\/\",\"name\":\"Cuentos del olvido herido - Catalogo | Letrame Grupo Editorial\",\"isPartOf\":{\"@id\":\"https:\/\/letrame.com\/catalogo\/#website\"},\"primaryImageOfPage\":{\"@id\":\"https:\/\/letrame.com\/catalogo\/producto\/cuentos-del-olvido-herido\/#primaryimage\"},\"image\":{\"@id\":\"https:\/\/letrame.com\/catalogo\/producto\/cuentos-del-olvido-herido\/#primaryimage\"},\"thumbnailUrl\":\"https:\/\/letrame.com\/catalogo\/wp-content\/uploads\/2024\/04\/WEBcuentosdelherido_651mm-copia-compressed-1-scaled-1.webp\",\"datePublished\":\"2024-04-29T14:36:12+00:00\",\"dateModified\":\"2024-05-16T15:05:54+00:00\",\"breadcrumb\":{\"@id\":\"https:\/\/letrame.com\/catalogo\/producto\/cuentos-del-olvido-herido\/#breadcrumb\"},\"inLanguage\":\"es\",\"potentialAction\":[{\"@type\":\"ReadAction\",\"target\":[\"https:\/\/letrame.com\/catalogo\/producto\/cuentos-del-olvido-herido\/\"]}]},{\"@type\":\"ImageObject\",\"inLanguage\":\"es\",\"@id\":\"https:\/\/letrame.com\/catalogo\/producto\/cuentos-del-olvido-herido\/#primaryimage\",\"url\":\"https:\/\/letrame.com\/catalogo\/wp-content\/uploads\/2024\/04\/WEBcuentosdelherido_651mm-copia-compressed-1-scaled-1.webp\",\"contentUrl\":\"https:\/\/letrame.com\/catalogo\/wp-content\/uploads\/2024\/04\/WEBcuentosdelherido_651mm-copia-compressed-1-scaled-1.webp\",\"width\":1746,\"height\":2560},{\"@type\":\"BreadcrumbList\",\"@id\":\"https:\/\/letrame.com\/catalogo\/producto\/cuentos-del-olvido-herido\/#breadcrumb\",\"itemListElement\":[{\"@type\":\"ListItem\",\"position\":1,\"name\":\"Portada\",\"item\":\"https:\/\/letrame.com\/catalogo\/\"},{\"@type\":\"ListItem\",\"position\":2,\"name\":\"Cat\u00e1logo\",\"item\":\"https:\/\/letrame.com\/catalogo\/\"},{\"@type\":\"ListItem\",\"position\":3,\"name\":\"Cuentos del olvido herido\"}]},{\"@type\":\"WebSite\",\"@id\":\"https:\/\/letrame.com\/catalogo\/#website\",\"url\":\"https:\/\/letrame.com\/catalogo\/\",\"name\":\"Catalogo | Letrame Grupo Editorial\",\"description\":\"\",\"publisher\":{\"@id\":\"https:\/\/letrame.com\/catalogo\/#organization\"},\"potentialAction\":[{\"@type\":\"SearchAction\",\"target\":{\"@type\":\"EntryPoint\",\"urlTemplate\":\"https:\/\/letrame.com\/catalogo\/?s={search_term_string}\"},\"query-input\":{\"@type\":\"PropertyValueSpecification\",\"valueRequired\":true,\"valueName\":\"search_term_string\"}}],\"inLanguage\":\"es\"},{\"@type\":\"Organization\",\"@id\":\"https:\/\/letrame.com\/catalogo\/#organization\",\"name\":\"Catalogo | Letrame Grupo Editorial\",\"url\":\"https:\/\/letrame.com\/catalogo\/\",\"logo\":{\"@type\":\"ImageObject\",\"inLanguage\":\"es\",\"@id\":\"https:\/\/letrame.com\/catalogo\/#\/schema\/logo\/image\/\",\"url\":\"https:\/\/letrame.com\/catalogo\/wp-content\/uploads\/2024\/03\/logo2.webp\",\"contentUrl\":\"https:\/\/letrame.com\/catalogo\/wp-content\/uploads\/2024\/03\/logo2.webp\",\"width\":394,\"height\":128,\"caption\":\"Catalogo | Letrame Grupo Editorial\"},\"image\":{\"@id\":\"https:\/\/letrame.com\/catalogo\/#\/schema\/logo\/image\/\"}}]}<\/script>\n<!-- \/ Yoast SEO plugin. -->","yoast_head_json":{"title":"Cuentos del olvido herido - Catalogo | Letrame Grupo Editorial","robots":{"index":"index","follow":"follow","max-snippet":"max-snippet:-1","max-image-preview":"max-image-preview:large","max-video-preview":"max-video-preview:-1"},"canonical":"https:\/\/letrame.com\/catalogo\/producto\/cuentos-del-olvido-herido\/","og_locale":"es_ES","og_type":"article","og_title":"Cuentos del olvido herido - Catalogo | Letrame Grupo Editorial","og_description":"ISBN: 978-84-1181-237-5  SINOPSIS  Para el autor, el cuento corto, ubicado dentro del g\u00e9nero narrativo, ha significado un desaf\u00edo. Esta peque\u00f1a obra es testimonio de ello. Se confiesa que, en realidad, estas peque\u00f1as piezas literarias son construcciones sobre testimonios, charlas perdidas en el tiempo, inventos necesarios a la extra\u00f1a necesidad de legitimar obviedades, y algunas experiencias directas.  No hubo, en principio, ninguna pretensi\u00f3n mayor. Aun as\u00ed \u2013 casi sin quererlo \u2013 estos cuentos discurren transitando transversalidades que abrevan m\u00e1s all\u00e1 de lo anecd\u00f3tico y hablan, en primer lugar, sobre una manera de mirar el mundo y de habitarlo desde un lugar concreto; la empat\u00eda con los temores, los desvelos, miedos, esperanzas y alegr\u00edas de ese \u201cotro\u201d que no es m\u00e1s que una regi\u00f3n desconocida de uno mismo.  Por alguna raz\u00f3n, porfiadamente adheridos a la memoria, los hechos aqu\u00ed narrados han permanecido como una herida que no cierra. Tal vez tengan algo que decir todav\u00eda. En todo caso, al compartirlos con quien sea, se pretende colectivizar la necesidad de seguir pregunt\u00e1ndole cosas al olvido.  El autor","og_url":"https:\/\/letrame.com\/catalogo\/producto\/cuentos-del-olvido-herido\/","og_site_name":"Catalogo | Letrame Grupo Editorial","article_modified_time":"2024-05-16T15:05:54+00:00","og_image":[{"width":1746,"height":2560,"url":"https:\/\/letrame.com\/catalogo\/wp-content\/uploads\/2024\/04\/WEBcuentosdelherido_651mm-copia-compressed-1-scaled-1.webp","type":"image\/webp"}],"twitter_card":"summary_large_image","twitter_misc":{"Tiempo de lectura":"2 minutos"},"schema":{"@context":"https:\/\/schema.org","@graph":[{"@type":"WebPage","@id":"https:\/\/letrame.com\/catalogo\/producto\/cuentos-del-olvido-herido\/","url":"https:\/\/letrame.com\/catalogo\/producto\/cuentos-del-olvido-herido\/","name":"Cuentos del olvido herido - Catalogo | Letrame Grupo Editorial","isPartOf":{"@id":"https:\/\/letrame.com\/catalogo\/#website"},"primaryImageOfPage":{"@id":"https:\/\/letrame.com\/catalogo\/producto\/cuentos-del-olvido-herido\/#primaryimage"},"image":{"@id":"https:\/\/letrame.com\/catalogo\/producto\/cuentos-del-olvido-herido\/#primaryimage"},"thumbnailUrl":"https:\/\/letrame.com\/catalogo\/wp-content\/uploads\/2024\/04\/WEBcuentosdelherido_651mm-copia-compressed-1-scaled-1.webp","datePublished":"2024-04-29T14:36:12+00:00","dateModified":"2024-05-16T15:05:54+00:00","breadcrumb":{"@id":"https:\/\/letrame.com\/catalogo\/producto\/cuentos-del-olvido-herido\/#breadcrumb"},"inLanguage":"es","potentialAction":[{"@type":"ReadAction","target":["https:\/\/letrame.com\/catalogo\/producto\/cuentos-del-olvido-herido\/"]}]},{"@type":"ImageObject","inLanguage":"es","@id":"https:\/\/letrame.com\/catalogo\/producto\/cuentos-del-olvido-herido\/#primaryimage","url":"https:\/\/letrame.com\/catalogo\/wp-content\/uploads\/2024\/04\/WEBcuentosdelherido_651mm-copia-compressed-1-scaled-1.webp","contentUrl":"https:\/\/letrame.com\/catalogo\/wp-content\/uploads\/2024\/04\/WEBcuentosdelherido_651mm-copia-compressed-1-scaled-1.webp","width":1746,"height":2560},{"@type":"BreadcrumbList","@id":"https:\/\/letrame.com\/catalogo\/producto\/cuentos-del-olvido-herido\/#breadcrumb","itemListElement":[{"@type":"ListItem","position":1,"name":"Portada","item":"https:\/\/letrame.com\/catalogo\/"},{"@type":"ListItem","position":2,"name":"Cat\u00e1logo","item":"https:\/\/letrame.com\/catalogo\/"},{"@type":"ListItem","position":3,"name":"Cuentos del olvido herido"}]},{"@type":"WebSite","@id":"https:\/\/letrame.com\/catalogo\/#website","url":"https:\/\/letrame.com\/catalogo\/","name":"Catalogo | Letrame Grupo Editorial","description":"","publisher":{"@id":"https:\/\/letrame.com\/catalogo\/#organization"},"potentialAction":[{"@type":"SearchAction","target":{"@type":"EntryPoint","urlTemplate":"https:\/\/letrame.com\/catalogo\/?s={search_term_string}"},"query-input":{"@type":"PropertyValueSpecification","valueRequired":true,"valueName":"search_term_string"}}],"inLanguage":"es"},{"@type":"Organization","@id":"https:\/\/letrame.com\/catalogo\/#organization","name":"Catalogo | Letrame Grupo Editorial","url":"https:\/\/letrame.com\/catalogo\/","logo":{"@type":"ImageObject","inLanguage":"es","@id":"https:\/\/letrame.com\/catalogo\/#\/schema\/logo\/image\/","url":"https:\/\/letrame.com\/catalogo\/wp-content\/uploads\/2024\/03\/logo2.webp","contentUrl":"https:\/\/letrame.com\/catalogo\/wp-content\/uploads\/2024\/03\/logo2.webp","width":394,"height":128,"caption":"Catalogo | Letrame Grupo Editorial"},"image":{"@id":"https:\/\/letrame.com\/catalogo\/#\/schema\/logo\/image\/"}}]}},"_links":{"self":[{"href":"https:\/\/letrame.com\/catalogo\/wp-json\/wp\/v2\/product\/99551","targetHints":{"allow":["GET"]}}],"collection":[{"href":"https:\/\/letrame.com\/catalogo\/wp-json\/wp\/v2\/product"}],"about":[{"href":"https:\/\/letrame.com\/catalogo\/wp-json\/wp\/v2\/types\/product"}],"replies":[{"embeddable":true,"href":"https:\/\/letrame.com\/catalogo\/wp-json\/wp\/v2\/comments?post=99551"}],"acf:post":[{"embeddable":true,"href":"https:\/\/letrame.com\/catalogo\/wp-json\/wp\/v2\/author_book\/77852"}],"wp:featuredmedia":[{"embeddable":true,"href":"https:\/\/letrame.com\/catalogo\/wp-json\/wp\/v2\/media\/100469"}],"wp:attachment":[{"href":"https:\/\/letrame.com\/catalogo\/wp-json\/wp\/v2\/media?parent=99551"}],"wp:term":[{"taxonomy":"libro","embeddable":true,"href":"https:\/\/letrame.com\/catalogo\/wp-json\/wp\/v2\/libro?post=99551"},{"taxonomy":"product_brand","embeddable":true,"href":"https:\/\/letrame.com\/catalogo\/wp-json\/wp\/v2\/product_brand?post=99551"},{"taxonomy":"product_cat","embeddable":true,"href":"https:\/\/letrame.com\/catalogo\/wp-json\/wp\/v2\/product_cat?post=99551"},{"taxonomy":"product_tag","embeddable":true,"href":"https:\/\/letrame.com\/catalogo\/wp-json\/wp\/v2\/product_tag?post=99551"}],"curies":[{"name":"wp","href":"https:\/\/api.w.org\/{rel}","templated":true}]}}