{"id":99541,"date":"2024-04-29T16:35:33","date_gmt":"2024-04-29T14:35:33","guid":{"rendered":"https:\/\/letrame.com\/catalogo\/producto\/la-senda-de-abraxas\/"},"modified":"2024-04-29T16:35:33","modified_gmt":"2024-04-29T14:35:33","slug":"la-senda-de-abraxas","status":"publish","type":"product","link":"https:\/\/letrame.com\/catalogo\/producto\/la-senda-de-abraxas\/","title":{"rendered":"La senda de Abraxas"},"content":{"rendered":"<p><strong>ISBN<\/strong>: 978-84-1181-244-3<\/p>\n<p><strong>T\u00edtulo<\/strong>: <span data-sheets-root=\"1\" data-sheets-value=\"{&quot;1&quot;:2,&quot;2&quot;:&quot;La senda de Abraxas&quot;}\" data-sheets-userformat=\"{&quot;2&quot;:515,&quot;3&quot;:{&quot;1&quot;:0},&quot;4&quot;:{&quot;1&quot;:2,&quot;2&quot;:14281427},&quot;12&quot;:0}\">La senda de Abraxas<\/span><br \/>\n<strong>Fecha<\/strong>: 2023<br \/>\n<strong>P\u00e1ginas<\/strong>: 144<\/p>\n<p><strong>SINOPSIS<\/strong><\/p>\n<p>Las acciones de cinco personajes protag\u00f3nicos convergen por la senda de la vida, de sus sue\u00f1os y de las circunstancias adversas. Con un estilo profundo, el autor, en su car\u00e1cter dual, reflexiona mientras los personajes encarnan su filosof\u00eda. <em>La Senda de Abraxas<\/em> es, sobre todo, una comprensi\u00f3n de que en el mundo de la manifestaci\u00f3n, los deseos m\u00e1s subjetivos son aquellos que tienen que ser materializados en objetivos mentales. Estos, los m\u00e1s claros, los que no se pueden ignorar y te perseguir\u00e1n por siempre, son los m\u00e1s cercanos al coraz\u00f3n. Son aquellos que muchas veces por falta de confianza o, incluso, por la falsa man\u00eda de no encararnos, llamamos sue\u00f1os. La <em>Senda de Abraxas<\/em> es, por eso, un mapa de los sue\u00f1os, una irreductible fuerza de vivir.<\/p>\n<p>&nbsp;<\/p>\n","protected":false},"excerpt":{"rendered":"<p><strong>ISBN<\/strong>: 978-84-1181-244-3<\/p>\n<p><strong>SINOPSIS<\/strong><\/p>\n<p>Las acciones de cinco personajes protag\u00f3nicos convergen por la senda de la vida, de sus sue\u00f1os y de las circunstancias adversas. Con un estilo profundo, el autor, en su car\u00e1cter dual, reflexiona mientras los personajes encarnan su filosof\u00eda. <em>La Senda de Abraxas<\/em> es, sobre todo, una comprensi\u00f3n de que en el mundo de la manifestaci\u00f3n, los deseos m\u00e1s subjetivos son aquellos que tienen que ser materializados en objetivos mentales. Estos, los m\u00e1s claros, los que no se pueden ignorar y te perseguir\u00e1n por siempre, son los m\u00e1s cercanos al coraz\u00f3n. Son aquellos que muchas veces por falta de confianza o, incluso, por la falsa man\u00eda de no encararnos, llamamos sue\u00f1os. La <em>Senda de Abraxas<\/em> es, por eso, un mapa de los sue\u00f1os, una irreductible fuerza de vivir.<\/p>\n<p>&nbsp;<\/p>\n","protected":false},"featured_media":99542,"comment_status":"closed","ping_status":"open","template":"","meta":{"_acf_changed":false},"libro":[],"product_brand":[],"product_cat":[26],"product_tag":[],"class_list":{"0":"post-99541","1":"product","2":"type-product","3":"status-publish","4":"has-post-thumbnail","6":"product_cat-sin-categoria","8":"first","9":"instock","10":"product-type-simple"},"acf":{"autor":[77844],"enlace_de_compra":"\/"},"yoast_head":"<!-- This site is optimized with the Yoast SEO plugin v27.4 - https:\/\/yoast.com\/product\/yoast-seo-wordpress\/ -->\n<title>La senda de Abraxas - Catalogo | Letrame Grupo Editorial<\/title>\n<meta name=\"robots\" content=\"index, follow, max-snippet:-1, max-image-preview:large, max-video-preview:-1\" \/>\n<link rel=\"canonical\" href=\"https:\/\/letrame.com\/catalogo\/producto\/la-senda-de-abraxas\/\" \/>\n<meta property=\"og:locale\" content=\"es_ES\" \/>\n<meta property=\"og:type\" content=\"article\" \/>\n<meta property=\"og:title\" content=\"La senda de Abraxas - Catalogo | Letrame Grupo Editorial\" \/>\n<meta property=\"og:description\" content=\"ISBN: 978-84-1181-244-3 SINOPSIS Las acciones de cinco personajes protag\u00f3nicos convergen por la senda de la vida, de sus sue\u00f1os y de las circunstancias adversas. Con un estilo profundo, el autor, en su car\u00e1cter dual, reflexiona mientras los personajes encarnan su filosof\u00eda. La Senda de Abraxas es, sobre todo, una comprensi\u00f3n de que en el mundo de la manifestaci\u00f3n, los deseos m\u00e1s subjetivos son aquellos que tienen que ser materializados en objetivos mentales. Estos, los m\u00e1s claros, los que no se pueden ignorar y te perseguir\u00e1n por siempre, son los m\u00e1s cercanos al coraz\u00f3n. Son aquellos que muchas veces por falta de confianza o, incluso, por la falsa man\u00eda de no encararnos, llamamos sue\u00f1os. La Senda de Abraxas es, por eso, un mapa de los sue\u00f1os, una irreductible fuerza de vivir. &nbsp;\" \/>\n<meta property=\"og:url\" content=\"https:\/\/letrame.com\/catalogo\/producto\/la-senda-de-abraxas\/\" \/>\n<meta property=\"og:site_name\" content=\"Catalogo | Letrame Grupo Editorial\" \/>\n<meta property=\"og:image\" content=\"https:\/\/letrame.com\/catalogo\/wp-content\/uploads\/2024\/04\/webportada_lasendadeabraxas_855mm-compressed-scaled-1.jpg\" \/>\n\t<meta property=\"og:image:width\" content=\"1746\" \/>\n\t<meta property=\"og:image:height\" content=\"2560\" \/>\n\t<meta property=\"og:image:type\" content=\"image\/jpeg\" \/>\n<meta name=\"twitter:card\" content=\"summary_large_image\" \/>\n<meta name=\"twitter:label1\" content=\"Tiempo de lectura\" \/>\n\t<meta name=\"twitter:data1\" content=\"1 minuto\" \/>\n<script type=\"application\/ld+json\" class=\"yoast-schema-graph\">{\"@context\":\"https:\\\/\\\/schema.org\",\"@graph\":[{\"@type\":\"WebPage\",\"@id\":\"https:\\\/\\\/letrame.com\\\/catalogo\\\/producto\\\/la-senda-de-abraxas\\\/\",\"url\":\"https:\\\/\\\/letrame.com\\\/catalogo\\\/producto\\\/la-senda-de-abraxas\\\/\",\"name\":\"La senda de Abraxas - Catalogo | Letrame Grupo Editorial\",\"isPartOf\":{\"@id\":\"https:\\\/\\\/letrame.com\\\/catalogo\\\/#website\"},\"primaryImageOfPage\":{\"@id\":\"https:\\\/\\\/letrame.com\\\/catalogo\\\/producto\\\/la-senda-de-abraxas\\\/#primaryimage\"},\"image\":{\"@id\":\"https:\\\/\\\/letrame.com\\\/catalogo\\\/producto\\\/la-senda-de-abraxas\\\/#primaryimage\"},\"thumbnailUrl\":\"https:\\\/\\\/letrame.com\\\/catalogo\\\/wp-content\\\/uploads\\\/2024\\\/04\\\/webportada_lasendadeabraxas_855mm-compressed-scaled-1.jpg\",\"datePublished\":\"2024-04-29T14:35:33+00:00\",\"breadcrumb\":{\"@id\":\"https:\\\/\\\/letrame.com\\\/catalogo\\\/producto\\\/la-senda-de-abraxas\\\/#breadcrumb\"},\"inLanguage\":\"es\",\"potentialAction\":[{\"@type\":\"ReadAction\",\"target\":[\"https:\\\/\\\/letrame.com\\\/catalogo\\\/producto\\\/la-senda-de-abraxas\\\/\"]}]},{\"@type\":\"ImageObject\",\"inLanguage\":\"es\",\"@id\":\"https:\\\/\\\/letrame.com\\\/catalogo\\\/producto\\\/la-senda-de-abraxas\\\/#primaryimage\",\"url\":\"https:\\\/\\\/letrame.com\\\/catalogo\\\/wp-content\\\/uploads\\\/2024\\\/04\\\/webportada_lasendadeabraxas_855mm-compressed-scaled-1.jpg\",\"contentUrl\":\"https:\\\/\\\/letrame.com\\\/catalogo\\\/wp-content\\\/uploads\\\/2024\\\/04\\\/webportada_lasendadeabraxas_855mm-compressed-scaled-1.jpg\",\"width\":1746,\"height\":2560},{\"@type\":\"BreadcrumbList\",\"@id\":\"https:\\\/\\\/letrame.com\\\/catalogo\\\/producto\\\/la-senda-de-abraxas\\\/#breadcrumb\",\"itemListElement\":[{\"@type\":\"ListItem\",\"position\":1,\"name\":\"Portada\",\"item\":\"https:\\\/\\\/letrame.com\\\/catalogo\\\/\"},{\"@type\":\"ListItem\",\"position\":2,\"name\":\"Cat\u00e1logo\",\"item\":\"https:\\\/\\\/letrame.com\\\/catalogo\\\/\"},{\"@type\":\"ListItem\",\"position\":3,\"name\":\"La senda de Abraxas\"}]},{\"@type\":\"WebSite\",\"@id\":\"https:\\\/\\\/letrame.com\\\/catalogo\\\/#website\",\"url\":\"https:\\\/\\\/letrame.com\\\/catalogo\\\/\",\"name\":\"Catalogo | Letrame Grupo Editorial\",\"description\":\"\",\"publisher\":{\"@id\":\"https:\\\/\\\/letrame.com\\\/catalogo\\\/#organization\"},\"potentialAction\":[{\"@type\":\"SearchAction\",\"target\":{\"@type\":\"EntryPoint\",\"urlTemplate\":\"https:\\\/\\\/letrame.com\\\/catalogo\\\/?s={search_term_string}\"},\"query-input\":{\"@type\":\"PropertyValueSpecification\",\"valueRequired\":true,\"valueName\":\"search_term_string\"}}],\"inLanguage\":\"es\"},{\"@type\":\"Organization\",\"@id\":\"https:\\\/\\\/letrame.com\\\/catalogo\\\/#organization\",\"name\":\"Catalogo | Letrame Grupo Editorial\",\"url\":\"https:\\\/\\\/letrame.com\\\/catalogo\\\/\",\"logo\":{\"@type\":\"ImageObject\",\"inLanguage\":\"es\",\"@id\":\"https:\\\/\\\/letrame.com\\\/catalogo\\\/#\\\/schema\\\/logo\\\/image\\\/\",\"url\":\"https:\\\/\\\/letrame.com\\\/catalogo\\\/wp-content\\\/uploads\\\/2024\\\/03\\\/logo2.webp\",\"contentUrl\":\"https:\\\/\\\/letrame.com\\\/catalogo\\\/wp-content\\\/uploads\\\/2024\\\/03\\\/logo2.webp\",\"width\":394,\"height\":128,\"caption\":\"Catalogo | Letrame Grupo Editorial\"},\"image\":{\"@id\":\"https:\\\/\\\/letrame.com\\\/catalogo\\\/#\\\/schema\\\/logo\\\/image\\\/\"}}]}<\/script>\n<!-- \/ Yoast SEO plugin. -->","yoast_head_json":{"title":"La senda de Abraxas - Catalogo | Letrame Grupo Editorial","robots":{"index":"index","follow":"follow","max-snippet":"max-snippet:-1","max-image-preview":"max-image-preview:large","max-video-preview":"max-video-preview:-1"},"canonical":"https:\/\/letrame.com\/catalogo\/producto\/la-senda-de-abraxas\/","og_locale":"es_ES","og_type":"article","og_title":"La senda de Abraxas - Catalogo | Letrame Grupo Editorial","og_description":"ISBN: 978-84-1181-244-3 SINOPSIS Las acciones de cinco personajes protag\u00f3nicos convergen por la senda de la vida, de sus sue\u00f1os y de las circunstancias adversas. Con un estilo profundo, el autor, en su car\u00e1cter dual, reflexiona mientras los personajes encarnan su filosof\u00eda. La Senda de Abraxas es, sobre todo, una comprensi\u00f3n de que en el mundo de la manifestaci\u00f3n, los deseos m\u00e1s subjetivos son aquellos que tienen que ser materializados en objetivos mentales. Estos, los m\u00e1s claros, los que no se pueden ignorar y te perseguir\u00e1n por siempre, son los m\u00e1s cercanos al coraz\u00f3n. Son aquellos que muchas veces por falta de confianza o, incluso, por la falsa man\u00eda de no encararnos, llamamos sue\u00f1os. La Senda de Abraxas es, por eso, un mapa de los sue\u00f1os, una irreductible fuerza de vivir. &nbsp;","og_url":"https:\/\/letrame.com\/catalogo\/producto\/la-senda-de-abraxas\/","og_site_name":"Catalogo | Letrame Grupo Editorial","og_image":[{"width":1746,"height":2560,"url":"https:\/\/letrame.com\/catalogo\/wp-content\/uploads\/2024\/04\/webportada_lasendadeabraxas_855mm-compressed-scaled-1.jpg","type":"image\/jpeg"}],"twitter_card":"summary_large_image","twitter_misc":{"Tiempo de lectura":"1 minuto"},"schema":{"@context":"https:\/\/schema.org","@graph":[{"@type":"WebPage","@id":"https:\/\/letrame.com\/catalogo\/producto\/la-senda-de-abraxas\/","url":"https:\/\/letrame.com\/catalogo\/producto\/la-senda-de-abraxas\/","name":"La senda de Abraxas - Catalogo | Letrame Grupo Editorial","isPartOf":{"@id":"https:\/\/letrame.com\/catalogo\/#website"},"primaryImageOfPage":{"@id":"https:\/\/letrame.com\/catalogo\/producto\/la-senda-de-abraxas\/#primaryimage"},"image":{"@id":"https:\/\/letrame.com\/catalogo\/producto\/la-senda-de-abraxas\/#primaryimage"},"thumbnailUrl":"https:\/\/letrame.com\/catalogo\/wp-content\/uploads\/2024\/04\/webportada_lasendadeabraxas_855mm-compressed-scaled-1.jpg","datePublished":"2024-04-29T14:35:33+00:00","breadcrumb":{"@id":"https:\/\/letrame.com\/catalogo\/producto\/la-senda-de-abraxas\/#breadcrumb"},"inLanguage":"es","potentialAction":[{"@type":"ReadAction","target":["https:\/\/letrame.com\/catalogo\/producto\/la-senda-de-abraxas\/"]}]},{"@type":"ImageObject","inLanguage":"es","@id":"https:\/\/letrame.com\/catalogo\/producto\/la-senda-de-abraxas\/#primaryimage","url":"https:\/\/letrame.com\/catalogo\/wp-content\/uploads\/2024\/04\/webportada_lasendadeabraxas_855mm-compressed-scaled-1.jpg","contentUrl":"https:\/\/letrame.com\/catalogo\/wp-content\/uploads\/2024\/04\/webportada_lasendadeabraxas_855mm-compressed-scaled-1.jpg","width":1746,"height":2560},{"@type":"BreadcrumbList","@id":"https:\/\/letrame.com\/catalogo\/producto\/la-senda-de-abraxas\/#breadcrumb","itemListElement":[{"@type":"ListItem","position":1,"name":"Portada","item":"https:\/\/letrame.com\/catalogo\/"},{"@type":"ListItem","position":2,"name":"Cat\u00e1logo","item":"https:\/\/letrame.com\/catalogo\/"},{"@type":"ListItem","position":3,"name":"La senda de Abraxas"}]},{"@type":"WebSite","@id":"https:\/\/letrame.com\/catalogo\/#website","url":"https:\/\/letrame.com\/catalogo\/","name":"Catalogo | Letrame Grupo Editorial","description":"","publisher":{"@id":"https:\/\/letrame.com\/catalogo\/#organization"},"potentialAction":[{"@type":"SearchAction","target":{"@type":"EntryPoint","urlTemplate":"https:\/\/letrame.com\/catalogo\/?s={search_term_string}"},"query-input":{"@type":"PropertyValueSpecification","valueRequired":true,"valueName":"search_term_string"}}],"inLanguage":"es"},{"@type":"Organization","@id":"https:\/\/letrame.com\/catalogo\/#organization","name":"Catalogo | Letrame Grupo Editorial","url":"https:\/\/letrame.com\/catalogo\/","logo":{"@type":"ImageObject","inLanguage":"es","@id":"https:\/\/letrame.com\/catalogo\/#\/schema\/logo\/image\/","url":"https:\/\/letrame.com\/catalogo\/wp-content\/uploads\/2024\/03\/logo2.webp","contentUrl":"https:\/\/letrame.com\/catalogo\/wp-content\/uploads\/2024\/03\/logo2.webp","width":394,"height":128,"caption":"Catalogo | Letrame Grupo Editorial"},"image":{"@id":"https:\/\/letrame.com\/catalogo\/#\/schema\/logo\/image\/"}}]}},"_links":{"self":[{"href":"https:\/\/letrame.com\/catalogo\/wp-json\/wp\/v2\/product\/99541","targetHints":{"allow":["GET"]}}],"collection":[{"href":"https:\/\/letrame.com\/catalogo\/wp-json\/wp\/v2\/product"}],"about":[{"href":"https:\/\/letrame.com\/catalogo\/wp-json\/wp\/v2\/types\/product"}],"replies":[{"embeddable":true,"href":"https:\/\/letrame.com\/catalogo\/wp-json\/wp\/v2\/comments?post=99541"}],"acf:post":[{"embeddable":true,"href":"https:\/\/letrame.com\/catalogo\/wp-json\/wp\/v2\/author_book\/77844"}],"wp:featuredmedia":[{"embeddable":true,"href":"https:\/\/letrame.com\/catalogo\/wp-json\/wp\/v2\/media\/99542"}],"wp:attachment":[{"href":"https:\/\/letrame.com\/catalogo\/wp-json\/wp\/v2\/media?parent=99541"}],"wp:term":[{"taxonomy":"libro","embeddable":true,"href":"https:\/\/letrame.com\/catalogo\/wp-json\/wp\/v2\/libro?post=99541"},{"taxonomy":"product_brand","embeddable":true,"href":"https:\/\/letrame.com\/catalogo\/wp-json\/wp\/v2\/product_brand?post=99541"},{"taxonomy":"product_cat","embeddable":true,"href":"https:\/\/letrame.com\/catalogo\/wp-json\/wp\/v2\/product_cat?post=99541"},{"taxonomy":"product_tag","embeddable":true,"href":"https:\/\/letrame.com\/catalogo\/wp-json\/wp\/v2\/product_tag?post=99541"}],"curies":[{"name":"wp","href":"https:\/\/api.w.org\/{rel}","templated":true}]}}