{"id":99537,"date":"2024-04-29T16:34:52","date_gmt":"2024-04-29T14:34:52","guid":{"rendered":"https:\/\/letrame.com\/catalogo\/producto\/lobo-nocturno\/"},"modified":"2024-04-29T16:35:06","modified_gmt":"2024-04-29T14:35:06","slug":"lobo-nocturno","status":"publish","type":"product","link":"https:\/\/letrame.com\/catalogo\/producto\/lobo-nocturno\/","title":{"rendered":"Lobo Nocturno"},"content":{"rendered":"<p><strong>ISBN<\/strong>: 978-84-1181-347-1<\/p>\n<p><strong>T\u00edtulo<\/strong>: Lobo Nocturno<br \/>\n<strong>Fecha<\/strong>: 2023<br \/>\n<strong>P\u00e1ginas<\/strong>: 356<\/p>\n<p><strong>SINOPSIS<\/strong><\/p>\n<p>Islandia. A\u00f1o 915 d.C.<\/p>\n<p>Una violenta tormenta amenaza con descargar sobre la granja donde Egil vive con su familia, por lo que es enviado precipitadamente en busca de su hermano Th\u00f3rolf, que sali\u00f3 de caza en la ma\u00f1ana y a\u00fan no ha regresado.<\/p>\n<p>Tras infructuosas horas de b\u00fasqueda la noche se ha cernido sobre el bosque, y el aguacero se ha desatado con toda su virulencia, por lo que el cr\u00edo termina irremediablemente perdido y empapado hasta los huesos. Desorientado, aterrado y al l\u00edmite de sus fuerzas, Egil acabar\u00e1 desmay\u00e1ndose de puro agotamiento.<\/p>\n<p>Transcurrido un incierto lapso de tiempo el ni\u00f1o acabar\u00e1 despertando en una caba\u00f1a habitada por unas misteriosas hermanas que le dar\u00e1n cobijo mientras arrecie el temporal. La noche se promete larga, por lo que una de las anfitrionas amenizar\u00e1 la velada mediante la narraci\u00f3n de un extraordinario relato que llevar\u00e1 al peque\u00f1o Egil a recorrer lejanos lugares, viviendo incre\u00edbles aventuras bajo la piel de un legendario guerrero, si\u00e9ndole desvelado poco a poco a lo largo de tan emocionante viaje un pasado y un futuro que se entremezclan, toc\u00e1ndole m\u00e1s de cerca de lo que \u00e9l jam\u00e1s hubiera imaginado.<\/p>\n<p>Tomando como tel\u00f3n de fondo la convulsa Noruega del siglo IX, <em>Lobo Nocturno<\/em> es un apasionado canto a la libertad donde afloran por igual honor y traici\u00f3n, amor y odio, y donde no todo es siempre lo que parece&#8230;<\/p>\n<p>&nbsp;<\/p>\n<p>PVP: <strong>16,90\u20ac<\/strong><\/p>\n","protected":false},"excerpt":{"rendered":"<p><strong>ISBN<\/strong>: 978-84-1181-347-1<\/p>\n<p><strong>SINOPSIS<\/strong><\/p>\n<p>Islandia. A\u00f1o 915 d.C.<\/p>\n<p>Una violenta tormenta amenaza con descargar sobre la granja donde Egil vive con su familia, por lo que es enviado precipitadamente en busca de su hermano Th\u00f3rolf, que sali\u00f3 de caza en la ma\u00f1ana y a\u00fan no ha regresado.<\/p>\n<p>Tras infructuosas horas de b\u00fasqueda la noche se ha cernido sobre el bosque, y el aguacero se ha desatado con toda su virulencia, por lo que el cr\u00edo termina irremediablemente perdido y empapado hasta los huesos. Desorientado, aterrado y al l\u00edmite de sus fuerzas, Egil acabar\u00e1 desmay\u00e1ndose de puro agotamiento.<\/p>\n<p>Transcurrido un incierto lapso de tiempo el ni\u00f1o acabar\u00e1 despertando en una caba\u00f1a habitada por unas misteriosas hermanas que le dar\u00e1n cobijo mientras arrecie el temporal. La noche se promete larga, por lo que una de las anfitrionas amenizar\u00e1 la velada mediante la narraci\u00f3n de un extraordinario relato que llevar\u00e1 al peque\u00f1o Egil a recorrer lejanos lugares, viviendo incre\u00edbles aventuras bajo la piel de un legendario guerrero, si\u00e9ndole desvelado poco a poco a lo largo de tan emocionante viaje un pasado y un futuro que se entremezclan, toc\u00e1ndole m\u00e1s de cerca de lo que \u00e9l jam\u00e1s hubiera imaginado.<\/p>\n<p>Tomando como tel\u00f3n de fondo la convulsa Noruega del siglo IX, <em>Lobo Nocturno<\/em> es un apasionado canto a la libertad donde afloran por igual honor y traici\u00f3n, amor y odio, y donde no todo es siempre lo que parece&#8230;<\/p>\n","protected":false},"featured_media":99538,"comment_status":"closed","ping_status":"open","template":"","meta":{"_acf_changed":false},"libro":[],"product_brand":[],"product_cat":[26],"product_tag":[],"class_list":{"0":"post-99537","1":"product","2":"type-product","3":"status-publish","4":"has-post-thumbnail","6":"product_cat-sin-categoria","8":"first","9":"instock","10":"product-type-simple"},"acf":{"autor":[77840],"enlace_de_compra":"https:\/\/lobo-nocturno.com"},"yoast_head":"<!-- This site is optimized with the Yoast SEO plugin v27.4 - https:\/\/yoast.com\/product\/yoast-seo-wordpress\/ -->\n<title>Lobo Nocturno - Catalogo | Letrame Grupo Editorial<\/title>\n<meta name=\"robots\" content=\"index, follow, max-snippet:-1, max-image-preview:large, max-video-preview:-1\" \/>\n<link rel=\"canonical\" href=\"https:\/\/letrame.com\/catalogo\/producto\/lobo-nocturno\/\" \/>\n<meta property=\"og:locale\" content=\"es_ES\" \/>\n<meta property=\"og:type\" content=\"article\" \/>\n<meta property=\"og:title\" content=\"Lobo Nocturno - Catalogo | Letrame Grupo Editorial\" \/>\n<meta property=\"og:description\" content=\"ISBN: 978-84-1181-347-1 SINOPSIS Islandia. A\u00f1o 915 d.C. Una violenta tormenta amenaza con descargar sobre la granja donde Egil vive con su familia, por lo que es enviado precipitadamente en busca de su hermano Th\u00f3rolf, que sali\u00f3 de caza en la ma\u00f1ana y a\u00fan no ha regresado. Tras infructuosas horas de b\u00fasqueda la noche se ha cernido sobre el bosque, y el aguacero se ha desatado con toda su virulencia, por lo que el cr\u00edo termina irremediablemente perdido y empapado hasta los huesos. Desorientado, aterrado y al l\u00edmite de sus fuerzas, Egil acabar\u00e1 desmay\u00e1ndose de puro agotamiento. Transcurrido un incierto lapso de tiempo el ni\u00f1o acabar\u00e1 despertando en una caba\u00f1a habitada por unas misteriosas hermanas que le dar\u00e1n cobijo mientras arrecie el temporal. La noche se promete larga, por lo que una de las anfitrionas amenizar\u00e1 la velada mediante la narraci\u00f3n de un extraordinario relato que llevar\u00e1 al peque\u00f1o Egil a recorrer lejanos lugares, viviendo incre\u00edbles aventuras bajo la piel de un legendario guerrero, si\u00e9ndole desvelado poco a poco a lo largo de tan emocionante viaje un pasado y un futuro que se entremezclan, toc\u00e1ndole m\u00e1s de cerca de lo que \u00e9l jam\u00e1s hubiera imaginado. Tomando como tel\u00f3n de fondo la convulsa Noruega del siglo IX, Lobo Nocturno es un apasionado canto a la libertad donde afloran por igual honor y traici\u00f3n, amor y odio, y donde no todo es siempre lo que parece...\" \/>\n<meta property=\"og:url\" content=\"https:\/\/letrame.com\/catalogo\/producto\/lobo-nocturno\/\" \/>\n<meta property=\"og:site_name\" content=\"Catalogo | Letrame Grupo Editorial\" \/>\n<meta property=\"article:modified_time\" content=\"2024-04-29T14:35:06+00:00\" \/>\n<meta property=\"og:image\" content=\"https:\/\/letrame.com\/catalogo\/wp-content\/uploads\/2024\/04\/webportada_lobonocturno_1749mm-compressed-scaled-1.jpg\" \/>\n\t<meta property=\"og:image:width\" content=\"1746\" \/>\n\t<meta property=\"og:image:height\" content=\"2560\" \/>\n\t<meta property=\"og:image:type\" content=\"image\/jpeg\" \/>\n<meta name=\"twitter:card\" content=\"summary_large_image\" \/>\n<meta name=\"twitter:label1\" content=\"Tiempo de lectura\" \/>\n\t<meta name=\"twitter:data1\" content=\"1 minuto\" \/>\n<script type=\"application\/ld+json\" class=\"yoast-schema-graph\">{\"@context\":\"https:\\\/\\\/schema.org\",\"@graph\":[{\"@type\":\"WebPage\",\"@id\":\"https:\\\/\\\/letrame.com\\\/catalogo\\\/producto\\\/lobo-nocturno\\\/\",\"url\":\"https:\\\/\\\/letrame.com\\\/catalogo\\\/producto\\\/lobo-nocturno\\\/\",\"name\":\"Lobo Nocturno - Catalogo | Letrame Grupo Editorial\",\"isPartOf\":{\"@id\":\"https:\\\/\\\/letrame.com\\\/catalogo\\\/#website\"},\"primaryImageOfPage\":{\"@id\":\"https:\\\/\\\/letrame.com\\\/catalogo\\\/producto\\\/lobo-nocturno\\\/#primaryimage\"},\"image\":{\"@id\":\"https:\\\/\\\/letrame.com\\\/catalogo\\\/producto\\\/lobo-nocturno\\\/#primaryimage\"},\"thumbnailUrl\":\"https:\\\/\\\/letrame.com\\\/catalogo\\\/wp-content\\\/uploads\\\/2024\\\/04\\\/webportada_lobonocturno_1749mm-compressed-scaled-1.jpg\",\"datePublished\":\"2024-04-29T14:34:52+00:00\",\"dateModified\":\"2024-04-29T14:35:06+00:00\",\"breadcrumb\":{\"@id\":\"https:\\\/\\\/letrame.com\\\/catalogo\\\/producto\\\/lobo-nocturno\\\/#breadcrumb\"},\"inLanguage\":\"es\",\"potentialAction\":[{\"@type\":\"ReadAction\",\"target\":[\"https:\\\/\\\/letrame.com\\\/catalogo\\\/producto\\\/lobo-nocturno\\\/\"]}]},{\"@type\":\"ImageObject\",\"inLanguage\":\"es\",\"@id\":\"https:\\\/\\\/letrame.com\\\/catalogo\\\/producto\\\/lobo-nocturno\\\/#primaryimage\",\"url\":\"https:\\\/\\\/letrame.com\\\/catalogo\\\/wp-content\\\/uploads\\\/2024\\\/04\\\/webportada_lobonocturno_1749mm-compressed-scaled-1.jpg\",\"contentUrl\":\"https:\\\/\\\/letrame.com\\\/catalogo\\\/wp-content\\\/uploads\\\/2024\\\/04\\\/webportada_lobonocturno_1749mm-compressed-scaled-1.jpg\",\"width\":1746,\"height\":2560},{\"@type\":\"BreadcrumbList\",\"@id\":\"https:\\\/\\\/letrame.com\\\/catalogo\\\/producto\\\/lobo-nocturno\\\/#breadcrumb\",\"itemListElement\":[{\"@type\":\"ListItem\",\"position\":1,\"name\":\"Portada\",\"item\":\"https:\\\/\\\/letrame.com\\\/catalogo\\\/\"},{\"@type\":\"ListItem\",\"position\":2,\"name\":\"Cat\u00e1logo\",\"item\":\"https:\\\/\\\/letrame.com\\\/catalogo\\\/\"},{\"@type\":\"ListItem\",\"position\":3,\"name\":\"Lobo Nocturno\"}]},{\"@type\":\"WebSite\",\"@id\":\"https:\\\/\\\/letrame.com\\\/catalogo\\\/#website\",\"url\":\"https:\\\/\\\/letrame.com\\\/catalogo\\\/\",\"name\":\"Catalogo | Letrame Grupo Editorial\",\"description\":\"\",\"publisher\":{\"@id\":\"https:\\\/\\\/letrame.com\\\/catalogo\\\/#organization\"},\"potentialAction\":[{\"@type\":\"SearchAction\",\"target\":{\"@type\":\"EntryPoint\",\"urlTemplate\":\"https:\\\/\\\/letrame.com\\\/catalogo\\\/?s={search_term_string}\"},\"query-input\":{\"@type\":\"PropertyValueSpecification\",\"valueRequired\":true,\"valueName\":\"search_term_string\"}}],\"inLanguage\":\"es\"},{\"@type\":\"Organization\",\"@id\":\"https:\\\/\\\/letrame.com\\\/catalogo\\\/#organization\",\"name\":\"Catalogo | Letrame Grupo Editorial\",\"url\":\"https:\\\/\\\/letrame.com\\\/catalogo\\\/\",\"logo\":{\"@type\":\"ImageObject\",\"inLanguage\":\"es\",\"@id\":\"https:\\\/\\\/letrame.com\\\/catalogo\\\/#\\\/schema\\\/logo\\\/image\\\/\",\"url\":\"https:\\\/\\\/letrame.com\\\/catalogo\\\/wp-content\\\/uploads\\\/2024\\\/03\\\/logo2.webp\",\"contentUrl\":\"https:\\\/\\\/letrame.com\\\/catalogo\\\/wp-content\\\/uploads\\\/2024\\\/03\\\/logo2.webp\",\"width\":394,\"height\":128,\"caption\":\"Catalogo | Letrame Grupo Editorial\"},\"image\":{\"@id\":\"https:\\\/\\\/letrame.com\\\/catalogo\\\/#\\\/schema\\\/logo\\\/image\\\/\"}}]}<\/script>\n<!-- \/ Yoast SEO plugin. -->","yoast_head_json":{"title":"Lobo Nocturno - Catalogo | Letrame Grupo Editorial","robots":{"index":"index","follow":"follow","max-snippet":"max-snippet:-1","max-image-preview":"max-image-preview:large","max-video-preview":"max-video-preview:-1"},"canonical":"https:\/\/letrame.com\/catalogo\/producto\/lobo-nocturno\/","og_locale":"es_ES","og_type":"article","og_title":"Lobo Nocturno - Catalogo | Letrame Grupo Editorial","og_description":"ISBN: 978-84-1181-347-1 SINOPSIS Islandia. A\u00f1o 915 d.C. Una violenta tormenta amenaza con descargar sobre la granja donde Egil vive con su familia, por lo que es enviado precipitadamente en busca de su hermano Th\u00f3rolf, que sali\u00f3 de caza en la ma\u00f1ana y a\u00fan no ha regresado. Tras infructuosas horas de b\u00fasqueda la noche se ha cernido sobre el bosque, y el aguacero se ha desatado con toda su virulencia, por lo que el cr\u00edo termina irremediablemente perdido y empapado hasta los huesos. Desorientado, aterrado y al l\u00edmite de sus fuerzas, Egil acabar\u00e1 desmay\u00e1ndose de puro agotamiento. Transcurrido un incierto lapso de tiempo el ni\u00f1o acabar\u00e1 despertando en una caba\u00f1a habitada por unas misteriosas hermanas que le dar\u00e1n cobijo mientras arrecie el temporal. La noche se promete larga, por lo que una de las anfitrionas amenizar\u00e1 la velada mediante la narraci\u00f3n de un extraordinario relato que llevar\u00e1 al peque\u00f1o Egil a recorrer lejanos lugares, viviendo incre\u00edbles aventuras bajo la piel de un legendario guerrero, si\u00e9ndole desvelado poco a poco a lo largo de tan emocionante viaje un pasado y un futuro que se entremezclan, toc\u00e1ndole m\u00e1s de cerca de lo que \u00e9l jam\u00e1s hubiera imaginado. Tomando como tel\u00f3n de fondo la convulsa Noruega del siglo IX, Lobo Nocturno es un apasionado canto a la libertad donde afloran por igual honor y traici\u00f3n, amor y odio, y donde no todo es siempre lo que parece...","og_url":"https:\/\/letrame.com\/catalogo\/producto\/lobo-nocturno\/","og_site_name":"Catalogo | Letrame Grupo Editorial","article_modified_time":"2024-04-29T14:35:06+00:00","og_image":[{"width":1746,"height":2560,"url":"https:\/\/letrame.com\/catalogo\/wp-content\/uploads\/2024\/04\/webportada_lobonocturno_1749mm-compressed-scaled-1.jpg","type":"image\/jpeg"}],"twitter_card":"summary_large_image","twitter_misc":{"Tiempo de lectura":"1 minuto"},"schema":{"@context":"https:\/\/schema.org","@graph":[{"@type":"WebPage","@id":"https:\/\/letrame.com\/catalogo\/producto\/lobo-nocturno\/","url":"https:\/\/letrame.com\/catalogo\/producto\/lobo-nocturno\/","name":"Lobo Nocturno - Catalogo | Letrame Grupo Editorial","isPartOf":{"@id":"https:\/\/letrame.com\/catalogo\/#website"},"primaryImageOfPage":{"@id":"https:\/\/letrame.com\/catalogo\/producto\/lobo-nocturno\/#primaryimage"},"image":{"@id":"https:\/\/letrame.com\/catalogo\/producto\/lobo-nocturno\/#primaryimage"},"thumbnailUrl":"https:\/\/letrame.com\/catalogo\/wp-content\/uploads\/2024\/04\/webportada_lobonocturno_1749mm-compressed-scaled-1.jpg","datePublished":"2024-04-29T14:34:52+00:00","dateModified":"2024-04-29T14:35:06+00:00","breadcrumb":{"@id":"https:\/\/letrame.com\/catalogo\/producto\/lobo-nocturno\/#breadcrumb"},"inLanguage":"es","potentialAction":[{"@type":"ReadAction","target":["https:\/\/letrame.com\/catalogo\/producto\/lobo-nocturno\/"]}]},{"@type":"ImageObject","inLanguage":"es","@id":"https:\/\/letrame.com\/catalogo\/producto\/lobo-nocturno\/#primaryimage","url":"https:\/\/letrame.com\/catalogo\/wp-content\/uploads\/2024\/04\/webportada_lobonocturno_1749mm-compressed-scaled-1.jpg","contentUrl":"https:\/\/letrame.com\/catalogo\/wp-content\/uploads\/2024\/04\/webportada_lobonocturno_1749mm-compressed-scaled-1.jpg","width":1746,"height":2560},{"@type":"BreadcrumbList","@id":"https:\/\/letrame.com\/catalogo\/producto\/lobo-nocturno\/#breadcrumb","itemListElement":[{"@type":"ListItem","position":1,"name":"Portada","item":"https:\/\/letrame.com\/catalogo\/"},{"@type":"ListItem","position":2,"name":"Cat\u00e1logo","item":"https:\/\/letrame.com\/catalogo\/"},{"@type":"ListItem","position":3,"name":"Lobo Nocturno"}]},{"@type":"WebSite","@id":"https:\/\/letrame.com\/catalogo\/#website","url":"https:\/\/letrame.com\/catalogo\/","name":"Catalogo | Letrame Grupo Editorial","description":"","publisher":{"@id":"https:\/\/letrame.com\/catalogo\/#organization"},"potentialAction":[{"@type":"SearchAction","target":{"@type":"EntryPoint","urlTemplate":"https:\/\/letrame.com\/catalogo\/?s={search_term_string}"},"query-input":{"@type":"PropertyValueSpecification","valueRequired":true,"valueName":"search_term_string"}}],"inLanguage":"es"},{"@type":"Organization","@id":"https:\/\/letrame.com\/catalogo\/#organization","name":"Catalogo | Letrame Grupo Editorial","url":"https:\/\/letrame.com\/catalogo\/","logo":{"@type":"ImageObject","inLanguage":"es","@id":"https:\/\/letrame.com\/catalogo\/#\/schema\/logo\/image\/","url":"https:\/\/letrame.com\/catalogo\/wp-content\/uploads\/2024\/03\/logo2.webp","contentUrl":"https:\/\/letrame.com\/catalogo\/wp-content\/uploads\/2024\/03\/logo2.webp","width":394,"height":128,"caption":"Catalogo | Letrame Grupo Editorial"},"image":{"@id":"https:\/\/letrame.com\/catalogo\/#\/schema\/logo\/image\/"}}]}},"_links":{"self":[{"href":"https:\/\/letrame.com\/catalogo\/wp-json\/wp\/v2\/product\/99537","targetHints":{"allow":["GET"]}}],"collection":[{"href":"https:\/\/letrame.com\/catalogo\/wp-json\/wp\/v2\/product"}],"about":[{"href":"https:\/\/letrame.com\/catalogo\/wp-json\/wp\/v2\/types\/product"}],"replies":[{"embeddable":true,"href":"https:\/\/letrame.com\/catalogo\/wp-json\/wp\/v2\/comments?post=99537"}],"acf:post":[{"embeddable":true,"href":"https:\/\/letrame.com\/catalogo\/wp-json\/wp\/v2\/author_book\/77840"}],"wp:featuredmedia":[{"embeddable":true,"href":"https:\/\/letrame.com\/catalogo\/wp-json\/wp\/v2\/media\/99538"}],"wp:attachment":[{"href":"https:\/\/letrame.com\/catalogo\/wp-json\/wp\/v2\/media?parent=99537"}],"wp:term":[{"taxonomy":"libro","embeddable":true,"href":"https:\/\/letrame.com\/catalogo\/wp-json\/wp\/v2\/libro?post=99537"},{"taxonomy":"product_brand","embeddable":true,"href":"https:\/\/letrame.com\/catalogo\/wp-json\/wp\/v2\/product_brand?post=99537"},{"taxonomy":"product_cat","embeddable":true,"href":"https:\/\/letrame.com\/catalogo\/wp-json\/wp\/v2\/product_cat?post=99537"},{"taxonomy":"product_tag","embeddable":true,"href":"https:\/\/letrame.com\/catalogo\/wp-json\/wp\/v2\/product_tag?post=99537"}],"curies":[{"name":"wp","href":"https:\/\/api.w.org\/{rel}","templated":true}]}}