{"id":99530,"date":"2024-04-29T16:34:05","date_gmt":"2024-04-29T14:34:05","guid":{"rendered":"https:\/\/letrame.com\/catalogo\/producto\/acarreando-muertos\/"},"modified":"2024-04-29T16:34:05","modified_gmt":"2024-04-29T14:34:05","slug":"acarreando-muertos","status":"publish","type":"product","link":"https:\/\/letrame.com\/catalogo\/producto\/acarreando-muertos\/","title":{"rendered":"Acarreando muertos"},"content":{"rendered":"<p><strong>ISBN<\/strong>: 978-84-1181-616-8<\/p>\n<p><strong>T\u00edtulo<\/strong>: Acarreando muertos<br \/>\n<strong>Fecha<\/strong>: 2023<br \/>\n<strong>P\u00e1ginas<\/strong>: 72<\/p>\n<p><strong>SINOPSIS<\/strong><\/p>\n<p>\u00bfEst\u00e1s listo para una historia tan disparatada como la vida misma? En <em>Acarreando muertos<\/em> acompa\u00f1aras a nuestro protagonista, un joven que huye del nido familiar en busca de su destino. Despu\u00e9s de una serie de trabajos, que son m\u00e1s in\u00fatiles que un paraguas en el desierto, aterriza en el lugar menos esperado: un tanatorio.<\/p>\n<p>Parece un trabajo tranquilo, \u00bfverdad? Pero, oh sorpresa, resulta que no solo conduce veh\u00edculos funerarios, sino que tambi\u00e9n es maquillador de difuntos, terapeuta para familiares afligidos y testigo de situaciones tan contundentes como suicidios y asesinatos. Aqu\u00ed la muerte se presenta desde un punto de vista empresarial, y si, puedes considerarlo como una perspectiva completamente inusual.<\/p>\n<p>\u00bfQu\u00e9 ocurre cuando mezclas un negocio tan macabro con humor? Desc\u00fabrelo en esta historia en la que la muerte se convierte en la rutina diaria. <em>Acarreando muertos<\/em>, es una comedia negra que te har\u00e1 re\u00edr a carcajadas, mientras te sumerges en un mundo donde nada parece sorprendente. Incluso la muerte se convierte en un curro m\u00e1s.<\/p>\n<p>&nbsp;<\/p>\n","protected":false},"excerpt":{"rendered":"<p><strong>ISBN<\/strong>: 978-84-1181-616-8<\/p>\n<p><strong>SINOPSIS<\/strong><\/p>\n<p>\u00bfEst\u00e1s listo para una historia tan disparatada como la vida misma? En <em>Acarreando muertos<\/em> acompa\u00f1aras a nuestro protagonista, un joven que huye del nido familiar en busca de su destino. Despu\u00e9s de una serie de trabajos, que son m\u00e1s in\u00fatiles que un paraguas en el desierto, aterriza en el lugar menos esperado: un tanatorio.<\/p>\n<p>Parece un trabajo tranquilo, \u00bfverdad? Pero, oh sorpresa, resulta que no solo conduce veh\u00edculos funerarios, sino que tambi\u00e9n es maquillador de difuntos, terapeuta para familiares afligidos y testigo de situaciones tan contundentes como suicidios y asesinatos. Aqu\u00ed la muerte se presenta desde un punto de vista empresarial, y si, puedes considerarlo como una perspectiva completamente inusual.<\/p>\n<p>\u00bfQu\u00e9 ocurre cuando mezclas un negocio tan macabro con humor? Desc\u00fabrelo en esta historia en la que la muerte se convierte en la rutina diaria. <em>Acarreando muertos<\/em>, es una comedia negra que te har\u00e1 re\u00edr a carcajadas, mientras te sumerges en un mundo donde nada parece sorprendente. Incluso la muerte se convierte en un curro m\u00e1s.<\/p>\n<p>&nbsp;<\/p>\n","protected":false},"featured_media":99531,"comment_status":"closed","ping_status":"open","template":"","meta":{"_acf_changed":false},"libro":[],"product_brand":[],"product_cat":[21],"product_tag":[],"class_list":{"0":"post-99530","1":"product","2":"type-product","3":"status-publish","4":"has-post-thumbnail","6":"product_cat-relato","8":"first","9":"instock","10":"product-type-simple"},"acf":{"autor":[77834],"enlace_de_compra":""},"yoast_head":"<!-- This site is optimized with the Yoast SEO plugin v26.6 - https:\/\/yoast.com\/wordpress\/plugins\/seo\/ -->\n<title>Acarreando muertos - Catalogo | Letrame Grupo Editorial<\/title>\n<meta name=\"robots\" content=\"index, follow, max-snippet:-1, max-image-preview:large, max-video-preview:-1\" \/>\n<link rel=\"canonical\" href=\"https:\/\/letrame.com\/catalogo\/producto\/acarreando-muertos\/\" \/>\n<meta property=\"og:locale\" content=\"es_ES\" \/>\n<meta property=\"og:type\" content=\"article\" \/>\n<meta property=\"og:title\" content=\"Acarreando muertos - Catalogo | Letrame Grupo Editorial\" \/>\n<meta property=\"og:description\" content=\"ISBN: 978-84-1181-616-8 SINOPSIS \u00bfEst\u00e1s listo para una historia tan disparatada como la vida misma? En Acarreando muertos acompa\u00f1aras a nuestro protagonista, un joven que huye del nido familiar en busca de su destino. Despu\u00e9s de una serie de trabajos, que son m\u00e1s in\u00fatiles que un paraguas en el desierto, aterriza en el lugar menos esperado: un tanatorio. Parece un trabajo tranquilo, \u00bfverdad? Pero, oh sorpresa, resulta que no solo conduce veh\u00edculos funerarios, sino que tambi\u00e9n es maquillador de difuntos, terapeuta para familiares afligidos y testigo de situaciones tan contundentes como suicidios y asesinatos. Aqu\u00ed la muerte se presenta desde un punto de vista empresarial, y si, puedes considerarlo como una perspectiva completamente inusual. \u00bfQu\u00e9 ocurre cuando mezclas un negocio tan macabro con humor? Desc\u00fabrelo en esta historia en la que la muerte se convierte en la rutina diaria. Acarreando muertos, es una comedia negra que te har\u00e1 re\u00edr a carcajadas, mientras te sumerges en un mundo donde nada parece sorprendente. Incluso la muerte se convierte en un curro m\u00e1s. &nbsp;\" \/>\n<meta property=\"og:url\" content=\"https:\/\/letrame.com\/catalogo\/producto\/acarreando-muertos\/\" \/>\n<meta property=\"og:site_name\" content=\"Catalogo | Letrame Grupo Editorial\" \/>\n<meta property=\"og:image\" content=\"https:\/\/letrame.com\/catalogo\/wp-content\/uploads\/2024\/04\/webportada_acarreandomuertos_543mm-compressed.jpg\" \/>\n\t<meta property=\"og:image:width\" content=\"1476\" \/>\n\t<meta property=\"og:image:height\" content=\"2256\" \/>\n\t<meta property=\"og:image:type\" content=\"image\/jpeg\" \/>\n<meta name=\"twitter:card\" content=\"summary_large_image\" \/>\n<meta name=\"twitter:label1\" content=\"Tiempo de lectura\" \/>\n\t<meta name=\"twitter:data1\" content=\"1 minuto\" \/>\n<script type=\"application\/ld+json\" class=\"yoast-schema-graph\">{\"@context\":\"https:\/\/schema.org\",\"@graph\":[{\"@type\":\"WebPage\",\"@id\":\"https:\/\/letrame.com\/catalogo\/producto\/acarreando-muertos\/\",\"url\":\"https:\/\/letrame.com\/catalogo\/producto\/acarreando-muertos\/\",\"name\":\"Acarreando muertos - Catalogo | Letrame Grupo Editorial\",\"isPartOf\":{\"@id\":\"https:\/\/letrame.com\/catalogo\/#website\"},\"primaryImageOfPage\":{\"@id\":\"https:\/\/letrame.com\/catalogo\/producto\/acarreando-muertos\/#primaryimage\"},\"image\":{\"@id\":\"https:\/\/letrame.com\/catalogo\/producto\/acarreando-muertos\/#primaryimage\"},\"thumbnailUrl\":\"https:\/\/letrame.com\/catalogo\/wp-content\/uploads\/2024\/04\/webportada_acarreandomuertos_543mm-compressed.jpg\",\"datePublished\":\"2024-04-29T14:34:05+00:00\",\"breadcrumb\":{\"@id\":\"https:\/\/letrame.com\/catalogo\/producto\/acarreando-muertos\/#breadcrumb\"},\"inLanguage\":\"es\",\"potentialAction\":[{\"@type\":\"ReadAction\",\"target\":[\"https:\/\/letrame.com\/catalogo\/producto\/acarreando-muertos\/\"]}]},{\"@type\":\"ImageObject\",\"inLanguage\":\"es\",\"@id\":\"https:\/\/letrame.com\/catalogo\/producto\/acarreando-muertos\/#primaryimage\",\"url\":\"https:\/\/letrame.com\/catalogo\/wp-content\/uploads\/2024\/04\/webportada_acarreandomuertos_543mm-compressed.jpg\",\"contentUrl\":\"https:\/\/letrame.com\/catalogo\/wp-content\/uploads\/2024\/04\/webportada_acarreandomuertos_543mm-compressed.jpg\",\"width\":1476,\"height\":2256},{\"@type\":\"BreadcrumbList\",\"@id\":\"https:\/\/letrame.com\/catalogo\/producto\/acarreando-muertos\/#breadcrumb\",\"itemListElement\":[{\"@type\":\"ListItem\",\"position\":1,\"name\":\"Portada\",\"item\":\"https:\/\/letrame.com\/catalogo\/\"},{\"@type\":\"ListItem\",\"position\":2,\"name\":\"Cat\u00e1logo\",\"item\":\"https:\/\/letrame.com\/catalogo\/\"},{\"@type\":\"ListItem\",\"position\":3,\"name\":\"Acarreando muertos\"}]},{\"@type\":\"WebSite\",\"@id\":\"https:\/\/letrame.com\/catalogo\/#website\",\"url\":\"https:\/\/letrame.com\/catalogo\/\",\"name\":\"Catalogo | Letrame Grupo Editorial\",\"description\":\"\",\"publisher\":{\"@id\":\"https:\/\/letrame.com\/catalogo\/#organization\"},\"potentialAction\":[{\"@type\":\"SearchAction\",\"target\":{\"@type\":\"EntryPoint\",\"urlTemplate\":\"https:\/\/letrame.com\/catalogo\/?s={search_term_string}\"},\"query-input\":{\"@type\":\"PropertyValueSpecification\",\"valueRequired\":true,\"valueName\":\"search_term_string\"}}],\"inLanguage\":\"es\"},{\"@type\":\"Organization\",\"@id\":\"https:\/\/letrame.com\/catalogo\/#organization\",\"name\":\"Catalogo | Letrame Grupo Editorial\",\"url\":\"https:\/\/letrame.com\/catalogo\/\",\"logo\":{\"@type\":\"ImageObject\",\"inLanguage\":\"es\",\"@id\":\"https:\/\/letrame.com\/catalogo\/#\/schema\/logo\/image\/\",\"url\":\"https:\/\/letrame.com\/catalogo\/wp-content\/uploads\/2024\/03\/logo2.webp\",\"contentUrl\":\"https:\/\/letrame.com\/catalogo\/wp-content\/uploads\/2024\/03\/logo2.webp\",\"width\":394,\"height\":128,\"caption\":\"Catalogo | Letrame Grupo Editorial\"},\"image\":{\"@id\":\"https:\/\/letrame.com\/catalogo\/#\/schema\/logo\/image\/\"}}]}<\/script>\n<!-- \/ Yoast SEO plugin. -->","yoast_head_json":{"title":"Acarreando muertos - Catalogo | Letrame Grupo Editorial","robots":{"index":"index","follow":"follow","max-snippet":"max-snippet:-1","max-image-preview":"max-image-preview:large","max-video-preview":"max-video-preview:-1"},"canonical":"https:\/\/letrame.com\/catalogo\/producto\/acarreando-muertos\/","og_locale":"es_ES","og_type":"article","og_title":"Acarreando muertos - Catalogo | Letrame Grupo Editorial","og_description":"ISBN: 978-84-1181-616-8 SINOPSIS \u00bfEst\u00e1s listo para una historia tan disparatada como la vida misma? En Acarreando muertos acompa\u00f1aras a nuestro protagonista, un joven que huye del nido familiar en busca de su destino. Despu\u00e9s de una serie de trabajos, que son m\u00e1s in\u00fatiles que un paraguas en el desierto, aterriza en el lugar menos esperado: un tanatorio. Parece un trabajo tranquilo, \u00bfverdad? Pero, oh sorpresa, resulta que no solo conduce veh\u00edculos funerarios, sino que tambi\u00e9n es maquillador de difuntos, terapeuta para familiares afligidos y testigo de situaciones tan contundentes como suicidios y asesinatos. Aqu\u00ed la muerte se presenta desde un punto de vista empresarial, y si, puedes considerarlo como una perspectiva completamente inusual. \u00bfQu\u00e9 ocurre cuando mezclas un negocio tan macabro con humor? Desc\u00fabrelo en esta historia en la que la muerte se convierte en la rutina diaria. Acarreando muertos, es una comedia negra que te har\u00e1 re\u00edr a carcajadas, mientras te sumerges en un mundo donde nada parece sorprendente. Incluso la muerte se convierte en un curro m\u00e1s. &nbsp;","og_url":"https:\/\/letrame.com\/catalogo\/producto\/acarreando-muertos\/","og_site_name":"Catalogo | Letrame Grupo Editorial","og_image":[{"width":1476,"height":2256,"url":"https:\/\/letrame.com\/catalogo\/wp-content\/uploads\/2024\/04\/webportada_acarreandomuertos_543mm-compressed.jpg","type":"image\/jpeg"}],"twitter_card":"summary_large_image","twitter_misc":{"Tiempo de lectura":"1 minuto"},"schema":{"@context":"https:\/\/schema.org","@graph":[{"@type":"WebPage","@id":"https:\/\/letrame.com\/catalogo\/producto\/acarreando-muertos\/","url":"https:\/\/letrame.com\/catalogo\/producto\/acarreando-muertos\/","name":"Acarreando muertos - Catalogo | Letrame Grupo Editorial","isPartOf":{"@id":"https:\/\/letrame.com\/catalogo\/#website"},"primaryImageOfPage":{"@id":"https:\/\/letrame.com\/catalogo\/producto\/acarreando-muertos\/#primaryimage"},"image":{"@id":"https:\/\/letrame.com\/catalogo\/producto\/acarreando-muertos\/#primaryimage"},"thumbnailUrl":"https:\/\/letrame.com\/catalogo\/wp-content\/uploads\/2024\/04\/webportada_acarreandomuertos_543mm-compressed.jpg","datePublished":"2024-04-29T14:34:05+00:00","breadcrumb":{"@id":"https:\/\/letrame.com\/catalogo\/producto\/acarreando-muertos\/#breadcrumb"},"inLanguage":"es","potentialAction":[{"@type":"ReadAction","target":["https:\/\/letrame.com\/catalogo\/producto\/acarreando-muertos\/"]}]},{"@type":"ImageObject","inLanguage":"es","@id":"https:\/\/letrame.com\/catalogo\/producto\/acarreando-muertos\/#primaryimage","url":"https:\/\/letrame.com\/catalogo\/wp-content\/uploads\/2024\/04\/webportada_acarreandomuertos_543mm-compressed.jpg","contentUrl":"https:\/\/letrame.com\/catalogo\/wp-content\/uploads\/2024\/04\/webportada_acarreandomuertos_543mm-compressed.jpg","width":1476,"height":2256},{"@type":"BreadcrumbList","@id":"https:\/\/letrame.com\/catalogo\/producto\/acarreando-muertos\/#breadcrumb","itemListElement":[{"@type":"ListItem","position":1,"name":"Portada","item":"https:\/\/letrame.com\/catalogo\/"},{"@type":"ListItem","position":2,"name":"Cat\u00e1logo","item":"https:\/\/letrame.com\/catalogo\/"},{"@type":"ListItem","position":3,"name":"Acarreando muertos"}]},{"@type":"WebSite","@id":"https:\/\/letrame.com\/catalogo\/#website","url":"https:\/\/letrame.com\/catalogo\/","name":"Catalogo | Letrame Grupo Editorial","description":"","publisher":{"@id":"https:\/\/letrame.com\/catalogo\/#organization"},"potentialAction":[{"@type":"SearchAction","target":{"@type":"EntryPoint","urlTemplate":"https:\/\/letrame.com\/catalogo\/?s={search_term_string}"},"query-input":{"@type":"PropertyValueSpecification","valueRequired":true,"valueName":"search_term_string"}}],"inLanguage":"es"},{"@type":"Organization","@id":"https:\/\/letrame.com\/catalogo\/#organization","name":"Catalogo | Letrame Grupo Editorial","url":"https:\/\/letrame.com\/catalogo\/","logo":{"@type":"ImageObject","inLanguage":"es","@id":"https:\/\/letrame.com\/catalogo\/#\/schema\/logo\/image\/","url":"https:\/\/letrame.com\/catalogo\/wp-content\/uploads\/2024\/03\/logo2.webp","contentUrl":"https:\/\/letrame.com\/catalogo\/wp-content\/uploads\/2024\/03\/logo2.webp","width":394,"height":128,"caption":"Catalogo | Letrame Grupo Editorial"},"image":{"@id":"https:\/\/letrame.com\/catalogo\/#\/schema\/logo\/image\/"}}]}},"_links":{"self":[{"href":"https:\/\/letrame.com\/catalogo\/wp-json\/wp\/v2\/product\/99530","targetHints":{"allow":["GET"]}}],"collection":[{"href":"https:\/\/letrame.com\/catalogo\/wp-json\/wp\/v2\/product"}],"about":[{"href":"https:\/\/letrame.com\/catalogo\/wp-json\/wp\/v2\/types\/product"}],"replies":[{"embeddable":true,"href":"https:\/\/letrame.com\/catalogo\/wp-json\/wp\/v2\/comments?post=99530"}],"acf:post":[{"embeddable":true,"href":"https:\/\/letrame.com\/catalogo\/wp-json\/wp\/v2\/author_book\/77834"}],"wp:featuredmedia":[{"embeddable":true,"href":"https:\/\/letrame.com\/catalogo\/wp-json\/wp\/v2\/media\/99531"}],"wp:attachment":[{"href":"https:\/\/letrame.com\/catalogo\/wp-json\/wp\/v2\/media?parent=99530"}],"wp:term":[{"taxonomy":"libro","embeddable":true,"href":"https:\/\/letrame.com\/catalogo\/wp-json\/wp\/v2\/libro?post=99530"},{"taxonomy":"product_brand","embeddable":true,"href":"https:\/\/letrame.com\/catalogo\/wp-json\/wp\/v2\/product_brand?post=99530"},{"taxonomy":"product_cat","embeddable":true,"href":"https:\/\/letrame.com\/catalogo\/wp-json\/wp\/v2\/product_cat?post=99530"},{"taxonomy":"product_tag","embeddable":true,"href":"https:\/\/letrame.com\/catalogo\/wp-json\/wp\/v2\/product_tag?post=99530"}],"curies":[{"name":"wp","href":"https:\/\/api.w.org\/{rel}","templated":true}]}}