{"id":99525,"date":"2024-04-29T16:33:46","date_gmt":"2024-04-29T14:33:46","guid":{"rendered":"https:\/\/letrame.com\/catalogo\/producto\/nuevo-campo\/"},"modified":"2024-07-30T10:33:52","modified_gmt":"2024-07-30T08:33:52","slug":"nuevo-campo","status":"publish","type":"product","link":"https:\/\/letrame.com\/catalogo\/producto\/nuevo-campo\/","title":{"rendered":"Nuevo campo"},"content":{"rendered":"<p><strong>ISBN<\/strong>: 978-84-1144-375-3<\/p>\n<p><strong>T\u00edtulo<\/strong>: Nuevo campo<br \/>\n<strong>Fecha<\/strong>: 2022<br \/>\n<strong>P\u00e1ginas<\/strong>: 158<\/p>\n<p><strong>SINOPSIS<\/strong><\/p>\n<p>Para Tora, entender que existen paquetes de energ\u00eda que subyacen a toda la materia y se comunican con el ADN, indicando que la estructura gen\u00e9tica de los organismos vivos puede ser influenciada por factores externos, hace parte de lo que puede comprender, pero enfrentarse a visiones del futuro y otros estados de conciencia es absurdo.<\/p>\n<p>Todo comienza con un presentimiento de ser perseguida, una nota en su bolso describiendo el d\u00eda, el lugar y la forma en la que ser\u00e1 asesinada, y un hombre misterioso que parece tener la respuesta a sus inquietudes.<\/p>\n<p>Para esta mujer, que siempre ha cre\u00eddo en la ciencia y la raz\u00f3n, aventurarse a encontrar su posible asesino la lleva a descubrir un mundo donde lo m\u00edstico y lo cient\u00edfico se unen para dar lugar a las infinitas posibilidades del universo.<\/p>\n","protected":false},"excerpt":{"rendered":"<p><strong>ISBN<\/strong>: 978-84-1144-375-3<\/p>\n<p><strong>SINOPSIS<\/strong><\/p>\n<p>Para Tora, entender que existen paquetes de energ\u00eda que subyacen a toda la materia y se comunican con el ADN, indicando que la estructura gen\u00e9tica de los organismos vivos puede ser influenciada por factores externos, hace parte de lo que puede comprender, pero enfrentarse a visiones del futuro y otros estados de conciencia es absurdo.<\/p>\n<p>Todo comienza con un presentimiento de ser perseguida, una nota en su bolso describiendo el d\u00eda, el lugar y la forma en la que ser\u00e1 asesinada, y un hombre misterioso que parece tener la respuesta a sus inquietudes.<\/p>\n<p>Para esta mujer, que siempre ha cre\u00eddo en la ciencia y la raz\u00f3n, aventurarse a encontrar su posible asesino la lleva a descubrir un mundo donde lo m\u00edstico y lo cient\u00edfico se unen para dar lugar a las infinitas posibilidades del universo.<\/p>\n","protected":false},"featured_media":99526,"comment_status":"closed","ping_status":"closed","template":"","meta":{"_acf_changed":false},"libro":[],"product_brand":[],"product_cat":[26],"product_tag":[],"class_list":{"0":"post-99525","1":"product","2":"type-product","3":"status-publish","4":"has-post-thumbnail","6":"product_cat-sin-categoria","8":"first","9":"instock","10":"product-type-simple"},"acf":{"autor":[104218],"enlace_de_compra":"https:\/\/amzn.to\/4fnN9mc"},"yoast_head":"<!-- This site is optimized with the Yoast SEO plugin v26.6 - https:\/\/yoast.com\/wordpress\/plugins\/seo\/ -->\n<title>Nuevo campo - Catalogo | Letrame Grupo Editorial<\/title>\n<meta name=\"robots\" content=\"index, follow, max-snippet:-1, max-image-preview:large, max-video-preview:-1\" \/>\n<link rel=\"canonical\" href=\"https:\/\/letrame.com\/catalogo\/producto\/nuevo-campo\/\" \/>\n<meta property=\"og:locale\" content=\"es_ES\" \/>\n<meta property=\"og:type\" content=\"article\" \/>\n<meta property=\"og:title\" content=\"Nuevo campo - Catalogo | Letrame Grupo Editorial\" \/>\n<meta property=\"og:description\" content=\"ISBN: 978-84-1144-375-3  SINOPSIS  Para Tora, entender que existen paquetes de energ\u00eda que subyacen a toda la materia y se comunican con el ADN, indicando que la estructura gen\u00e9tica de los organismos vivos puede ser influenciada por factores externos, hace parte de lo que puede comprender, pero enfrentarse a visiones del futuro y otros estados de conciencia es absurdo.  Todo comienza con un presentimiento de ser perseguida, una nota en su bolso describiendo el d\u00eda, el lugar y la forma en la que ser\u00e1 asesinada, y un hombre misterioso que parece tener la respuesta a sus inquietudes.  Para esta mujer, que siempre ha cre\u00eddo en la ciencia y la raz\u00f3n, aventurarse a encontrar su posible asesino la lleva a descubrir un mundo donde lo m\u00edstico y lo cient\u00edfico se unen para dar lugar a las infinitas posibilidades del universo.\" \/>\n<meta property=\"og:url\" content=\"https:\/\/letrame.com\/catalogo\/producto\/nuevo-campo\/\" \/>\n<meta property=\"og:site_name\" content=\"Catalogo | Letrame Grupo Editorial\" \/>\n<meta property=\"article:modified_time\" content=\"2024-07-30T08:33:52+00:00\" \/>\n<meta property=\"og:image\" content=\"https:\/\/letrame.com\/catalogo\/wp-content\/uploads\/2024\/04\/redportada_nuevocampo_836mm-compressed.jpg\" \/>\n\t<meta property=\"og:image:width\" content=\"601\" \/>\n\t<meta property=\"og:image:height\" content=\"881\" \/>\n\t<meta property=\"og:image:type\" content=\"image\/jpeg\" \/>\n<meta name=\"twitter:card\" content=\"summary_large_image\" \/>\n<meta name=\"twitter:label1\" content=\"Tiempo de lectura\" \/>\n\t<meta name=\"twitter:data1\" content=\"1 minuto\" \/>\n<script type=\"application\/ld+json\" class=\"yoast-schema-graph\">{\"@context\":\"https:\/\/schema.org\",\"@graph\":[{\"@type\":\"WebPage\",\"@id\":\"https:\/\/letrame.com\/catalogo\/producto\/nuevo-campo\/\",\"url\":\"https:\/\/letrame.com\/catalogo\/producto\/nuevo-campo\/\",\"name\":\"Nuevo campo - Catalogo | Letrame Grupo Editorial\",\"isPartOf\":{\"@id\":\"https:\/\/letrame.com\/catalogo\/#website\"},\"primaryImageOfPage\":{\"@id\":\"https:\/\/letrame.com\/catalogo\/producto\/nuevo-campo\/#primaryimage\"},\"image\":{\"@id\":\"https:\/\/letrame.com\/catalogo\/producto\/nuevo-campo\/#primaryimage\"},\"thumbnailUrl\":\"https:\/\/letrame.com\/catalogo\/wp-content\/uploads\/2024\/04\/redportada_nuevocampo_836mm-compressed.jpg\",\"datePublished\":\"2024-04-29T14:33:46+00:00\",\"dateModified\":\"2024-07-30T08:33:52+00:00\",\"breadcrumb\":{\"@id\":\"https:\/\/letrame.com\/catalogo\/producto\/nuevo-campo\/#breadcrumb\"},\"inLanguage\":\"es\",\"potentialAction\":[{\"@type\":\"ReadAction\",\"target\":[\"https:\/\/letrame.com\/catalogo\/producto\/nuevo-campo\/\"]}]},{\"@type\":\"ImageObject\",\"inLanguage\":\"es\",\"@id\":\"https:\/\/letrame.com\/catalogo\/producto\/nuevo-campo\/#primaryimage\",\"url\":\"https:\/\/letrame.com\/catalogo\/wp-content\/uploads\/2024\/04\/redportada_nuevocampo_836mm-compressed.jpg\",\"contentUrl\":\"https:\/\/letrame.com\/catalogo\/wp-content\/uploads\/2024\/04\/redportada_nuevocampo_836mm-compressed.jpg\",\"width\":601,\"height\":881},{\"@type\":\"BreadcrumbList\",\"@id\":\"https:\/\/letrame.com\/catalogo\/producto\/nuevo-campo\/#breadcrumb\",\"itemListElement\":[{\"@type\":\"ListItem\",\"position\":1,\"name\":\"Portada\",\"item\":\"https:\/\/letrame.com\/catalogo\/\"},{\"@type\":\"ListItem\",\"position\":2,\"name\":\"Cat\u00e1logo\",\"item\":\"https:\/\/letrame.com\/catalogo\/\"},{\"@type\":\"ListItem\",\"position\":3,\"name\":\"Nuevo campo\"}]},{\"@type\":\"WebSite\",\"@id\":\"https:\/\/letrame.com\/catalogo\/#website\",\"url\":\"https:\/\/letrame.com\/catalogo\/\",\"name\":\"Catalogo | Letrame Grupo Editorial\",\"description\":\"\",\"publisher\":{\"@id\":\"https:\/\/letrame.com\/catalogo\/#organization\"},\"potentialAction\":[{\"@type\":\"SearchAction\",\"target\":{\"@type\":\"EntryPoint\",\"urlTemplate\":\"https:\/\/letrame.com\/catalogo\/?s={search_term_string}\"},\"query-input\":{\"@type\":\"PropertyValueSpecification\",\"valueRequired\":true,\"valueName\":\"search_term_string\"}}],\"inLanguage\":\"es\"},{\"@type\":\"Organization\",\"@id\":\"https:\/\/letrame.com\/catalogo\/#organization\",\"name\":\"Catalogo | Letrame Grupo Editorial\",\"url\":\"https:\/\/letrame.com\/catalogo\/\",\"logo\":{\"@type\":\"ImageObject\",\"inLanguage\":\"es\",\"@id\":\"https:\/\/letrame.com\/catalogo\/#\/schema\/logo\/image\/\",\"url\":\"https:\/\/letrame.com\/catalogo\/wp-content\/uploads\/2024\/03\/logo2.webp\",\"contentUrl\":\"https:\/\/letrame.com\/catalogo\/wp-content\/uploads\/2024\/03\/logo2.webp\",\"width\":394,\"height\":128,\"caption\":\"Catalogo | Letrame Grupo Editorial\"},\"image\":{\"@id\":\"https:\/\/letrame.com\/catalogo\/#\/schema\/logo\/image\/\"}}]}<\/script>\n<!-- \/ Yoast SEO plugin. -->","yoast_head_json":{"title":"Nuevo campo - Catalogo | Letrame Grupo Editorial","robots":{"index":"index","follow":"follow","max-snippet":"max-snippet:-1","max-image-preview":"max-image-preview:large","max-video-preview":"max-video-preview:-1"},"canonical":"https:\/\/letrame.com\/catalogo\/producto\/nuevo-campo\/","og_locale":"es_ES","og_type":"article","og_title":"Nuevo campo - Catalogo | Letrame Grupo Editorial","og_description":"ISBN: 978-84-1144-375-3  SINOPSIS  Para Tora, entender que existen paquetes de energ\u00eda que subyacen a toda la materia y se comunican con el ADN, indicando que la estructura gen\u00e9tica de los organismos vivos puede ser influenciada por factores externos, hace parte de lo que puede comprender, pero enfrentarse a visiones del futuro y otros estados de conciencia es absurdo.  Todo comienza con un presentimiento de ser perseguida, una nota en su bolso describiendo el d\u00eda, el lugar y la forma en la que ser\u00e1 asesinada, y un hombre misterioso que parece tener la respuesta a sus inquietudes.  Para esta mujer, que siempre ha cre\u00eddo en la ciencia y la raz\u00f3n, aventurarse a encontrar su posible asesino la lleva a descubrir un mundo donde lo m\u00edstico y lo cient\u00edfico se unen para dar lugar a las infinitas posibilidades del universo.","og_url":"https:\/\/letrame.com\/catalogo\/producto\/nuevo-campo\/","og_site_name":"Catalogo | Letrame Grupo Editorial","article_modified_time":"2024-07-30T08:33:52+00:00","og_image":[{"width":601,"height":881,"url":"https:\/\/letrame.com\/catalogo\/wp-content\/uploads\/2024\/04\/redportada_nuevocampo_836mm-compressed.jpg","type":"image\/jpeg"}],"twitter_card":"summary_large_image","twitter_misc":{"Tiempo de lectura":"1 minuto"},"schema":{"@context":"https:\/\/schema.org","@graph":[{"@type":"WebPage","@id":"https:\/\/letrame.com\/catalogo\/producto\/nuevo-campo\/","url":"https:\/\/letrame.com\/catalogo\/producto\/nuevo-campo\/","name":"Nuevo campo - Catalogo | Letrame Grupo Editorial","isPartOf":{"@id":"https:\/\/letrame.com\/catalogo\/#website"},"primaryImageOfPage":{"@id":"https:\/\/letrame.com\/catalogo\/producto\/nuevo-campo\/#primaryimage"},"image":{"@id":"https:\/\/letrame.com\/catalogo\/producto\/nuevo-campo\/#primaryimage"},"thumbnailUrl":"https:\/\/letrame.com\/catalogo\/wp-content\/uploads\/2024\/04\/redportada_nuevocampo_836mm-compressed.jpg","datePublished":"2024-04-29T14:33:46+00:00","dateModified":"2024-07-30T08:33:52+00:00","breadcrumb":{"@id":"https:\/\/letrame.com\/catalogo\/producto\/nuevo-campo\/#breadcrumb"},"inLanguage":"es","potentialAction":[{"@type":"ReadAction","target":["https:\/\/letrame.com\/catalogo\/producto\/nuevo-campo\/"]}]},{"@type":"ImageObject","inLanguage":"es","@id":"https:\/\/letrame.com\/catalogo\/producto\/nuevo-campo\/#primaryimage","url":"https:\/\/letrame.com\/catalogo\/wp-content\/uploads\/2024\/04\/redportada_nuevocampo_836mm-compressed.jpg","contentUrl":"https:\/\/letrame.com\/catalogo\/wp-content\/uploads\/2024\/04\/redportada_nuevocampo_836mm-compressed.jpg","width":601,"height":881},{"@type":"BreadcrumbList","@id":"https:\/\/letrame.com\/catalogo\/producto\/nuevo-campo\/#breadcrumb","itemListElement":[{"@type":"ListItem","position":1,"name":"Portada","item":"https:\/\/letrame.com\/catalogo\/"},{"@type":"ListItem","position":2,"name":"Cat\u00e1logo","item":"https:\/\/letrame.com\/catalogo\/"},{"@type":"ListItem","position":3,"name":"Nuevo campo"}]},{"@type":"WebSite","@id":"https:\/\/letrame.com\/catalogo\/#website","url":"https:\/\/letrame.com\/catalogo\/","name":"Catalogo | Letrame Grupo Editorial","description":"","publisher":{"@id":"https:\/\/letrame.com\/catalogo\/#organization"},"potentialAction":[{"@type":"SearchAction","target":{"@type":"EntryPoint","urlTemplate":"https:\/\/letrame.com\/catalogo\/?s={search_term_string}"},"query-input":{"@type":"PropertyValueSpecification","valueRequired":true,"valueName":"search_term_string"}}],"inLanguage":"es"},{"@type":"Organization","@id":"https:\/\/letrame.com\/catalogo\/#organization","name":"Catalogo | Letrame Grupo Editorial","url":"https:\/\/letrame.com\/catalogo\/","logo":{"@type":"ImageObject","inLanguage":"es","@id":"https:\/\/letrame.com\/catalogo\/#\/schema\/logo\/image\/","url":"https:\/\/letrame.com\/catalogo\/wp-content\/uploads\/2024\/03\/logo2.webp","contentUrl":"https:\/\/letrame.com\/catalogo\/wp-content\/uploads\/2024\/03\/logo2.webp","width":394,"height":128,"caption":"Catalogo | Letrame Grupo Editorial"},"image":{"@id":"https:\/\/letrame.com\/catalogo\/#\/schema\/logo\/image\/"}}]}},"_links":{"self":[{"href":"https:\/\/letrame.com\/catalogo\/wp-json\/wp\/v2\/product\/99525","targetHints":{"allow":["GET"]}}],"collection":[{"href":"https:\/\/letrame.com\/catalogo\/wp-json\/wp\/v2\/product"}],"about":[{"href":"https:\/\/letrame.com\/catalogo\/wp-json\/wp\/v2\/types\/product"}],"replies":[{"embeddable":true,"href":"https:\/\/letrame.com\/catalogo\/wp-json\/wp\/v2\/comments?post=99525"}],"acf:post":[{"embeddable":true,"href":"https:\/\/letrame.com\/catalogo\/wp-json\/wp\/v2\/author_book\/104218"}],"wp:featuredmedia":[{"embeddable":true,"href":"https:\/\/letrame.com\/catalogo\/wp-json\/wp\/v2\/media\/99526"}],"wp:attachment":[{"href":"https:\/\/letrame.com\/catalogo\/wp-json\/wp\/v2\/media?parent=99525"}],"wp:term":[{"taxonomy":"libro","embeddable":true,"href":"https:\/\/letrame.com\/catalogo\/wp-json\/wp\/v2\/libro?post=99525"},{"taxonomy":"product_brand","embeddable":true,"href":"https:\/\/letrame.com\/catalogo\/wp-json\/wp\/v2\/product_brand?post=99525"},{"taxonomy":"product_cat","embeddable":true,"href":"https:\/\/letrame.com\/catalogo\/wp-json\/wp\/v2\/product_cat?post=99525"},{"taxonomy":"product_tag","embeddable":true,"href":"https:\/\/letrame.com\/catalogo\/wp-json\/wp\/v2\/product_tag?post=99525"}],"curies":[{"name":"wp","href":"https:\/\/api.w.org\/{rel}","templated":true}]}}