{"id":99510,"date":"2024-04-29T16:32:44","date_gmt":"2024-04-29T14:32:44","guid":{"rendered":"https:\/\/letrame.com\/catalogo\/producto\/anatomia-de-un-marino\/"},"modified":"2024-04-29T16:33:00","modified_gmt":"2024-04-29T14:33:00","slug":"anatomia-de-un-marino","status":"publish","type":"product","link":"https:\/\/letrame.com\/catalogo\/producto\/anatomia-de-un-marino\/","title":{"rendered":"Anatom\u00eda de un marino"},"content":{"rendered":"<p><strong>ISBN<\/strong>: 978-84-1144-037-0<\/p>\n<p><strong>T\u00edtulo<\/strong>: Anatom\u00eda de un marino<br \/>\n<strong>Fecha<\/strong>: 2022<br \/>\n<strong>P\u00e1ginas<\/strong>: 222<\/p>\n<p><strong>SINOPSIS<\/strong><\/p>\n<p>\u201cConfluir: sin\u00f3nimo de lo deseable\u201d, dice el fil\u00f3sofo de la Naturaleza Joaqu\u00edn Ara\u00fajo. Y, en efecto, confluyen aqu\u00ed dos deseos pasionales: el <strong>Amor<\/strong>, \u00e9se que trasciende el morir, y la <strong>Vocaci\u00f3n<\/strong> por la mar, que te puede llevar a un punto en que desees amar lo que perdiste en tierra.<\/p>\n<p>El texto nos adentra en los dos temas centrales enmarcados en una cuidada ambientaci\u00f3n de la \u00e9poca en la que se sit\u00faa la historia.\u00a0 Pero si en la confluencia de lo deseable el caudal del amor juvenil adviene arrollador, no menos impetuoso y cautivador es el tramo que transporta los relatos y leyendas de la mar apoyados, a su vez, en frecuentes y ajustados \u201cpr\u00e9stamos literarios\u201d (como muy bien se\u00f1ala el Dr. Serrano Masegoso en su preciso y precioso pr\u00f3logo) de autores muy queridos por nuestro escritor, cuyo gusto e inclinaci\u00f3n por las letras est\u00e1 m\u00e1s que acreditado.<\/p>\n<p>\u201cLas descripciones rezuman literatura y amor\u201d, sentencia el Dr. Serrano Masegoso en su magn\u00edfico pr\u00f3logo. Y yo me permito a\u00f1adir que nadie, solo un marino avezado y de vocaci\u00f3n, puede narrar con brillantez y hermosa precisi\u00f3n marinera la pasi\u00f3n inicial propia de una juventud que se proyecta a la vida desde una emancipaci\u00f3n ansiada, m\u00e1s que buscada, en los prometedores a\u00f1os 60.<\/p>\n<p>Parlamentos cortos, adentr\u00e1ndose en el universo de la concisi\u00f3n, conviven con cumplidas descripciones de los momentos de intimidad, exuberancia propia de la juventud enamorada. El ritmo acelerado y embaucador en el \u00faltimo tercio nos conduce suavemente a un final tan abierto como el lector quiera o haya supuesto y que junto al subtitulo de la obra nos hace pensar en una saga literaria en la l\u00ednea de \u201cEn busca del tiempo perdido\u201d.<\/p>\n<p>Mateo G\u00f3mez<\/p>\n","protected":false},"excerpt":{"rendered":"<p><strong>ISBN<\/strong>: 978-84-1144-037-0<\/p>\n<p><strong>SINOPSIS<\/strong><\/p>\n<p>\u201cConfluir: sin\u00f3nimo de lo deseable\u201d, dice el fil\u00f3sofo de la Naturaleza Joaqu\u00edn Ara\u00fajo. Y, en efecto, confluyen aqu\u00ed dos deseos pasionales: el <strong>Amor<\/strong>, \u00e9se que trasciende el morir, y la <strong>Vocaci\u00f3n<\/strong> por la mar, que te puede llevar a un punto en que desees amar lo que perdiste en tierra.<\/p>\n<p>El texto nos adentra en los dos temas centrales enmarcados en una cuidada ambientaci\u00f3n de la \u00e9poca en la que se sit\u00faa la historia.\u00a0 Pero si en la confluencia de lo deseable el caudal del amor juvenil adviene arrollador, no menos impetuoso y cautivador es el tramo que transporta los relatos y leyendas de la mar apoyados, a su vez, en frecuentes y ajustados \u201cpr\u00e9stamos literarios\u201d (como muy bien se\u00f1ala el Dr. Serrano Masegoso en su preciso y precioso pr\u00f3logo) de autores muy queridos por nuestro escritor, cuyo gusto e inclinaci\u00f3n por las letras est\u00e1 m\u00e1s que acreditado.<\/p>\n<p>\u201cLas descripciones rezuman literatura y amor\u201d, sentencia el Dr. Serrano Masegoso en su magn\u00edfico pr\u00f3logo. Y yo me permito a\u00f1adir que nadie, solo un marino avezado y de vocaci\u00f3n, puede narrar con brillantez y hermosa precisi\u00f3n marinera la pasi\u00f3n inicial propia de una juventud que se proyecta a la vida desde una emancipaci\u00f3n ansiada, m\u00e1s que buscada, en los prometedores a\u00f1os 60.<\/p>\n<p>Parlamentos cortos, adentr\u00e1ndose en el universo de la concisi\u00f3n, conviven con cumplidas descripciones de los momentos de intimidad, exuberancia propia de la juventud enamorada. El ritmo acelerado y embaucador en el \u00faltimo tercio nos conduce suavemente a un final tan abierto como el lector quiera o haya supuesto y que junto al subtitulo de la obra nos hace pensar en una saga literaria en la l\u00ednea de \u201cEn busca del tiempo perdido\u201d.<\/p>\n<p>Mateo G\u00f3mez<\/p>\n","protected":false},"featured_media":99511,"comment_status":"closed","ping_status":"open","template":"","meta":{"_acf_changed":false},"libro":[],"product_brand":[],"product_cat":[26],"product_tag":[],"class_list":{"0":"post-99510","1":"product","2":"type-product","3":"status-publish","4":"has-post-thumbnail","6":"product_cat-sin-categoria","8":"first","9":"instock","10":"product-type-simple"},"acf":{"autor":[77819],"enlace_de_compra":""},"yoast_head":"<!-- This site is optimized with the Yoast SEO plugin v26.6 - https:\/\/yoast.com\/wordpress\/plugins\/seo\/ -->\n<title>Anatom\u00eda de un marino - Catalogo | Letrame Grupo Editorial<\/title>\n<meta name=\"robots\" content=\"index, follow, max-snippet:-1, max-image-preview:large, max-video-preview:-1\" \/>\n<link rel=\"canonical\" href=\"https:\/\/letrame.com\/catalogo\/producto\/anatomia-de-un-marino\/\" \/>\n<meta property=\"og:locale\" content=\"es_ES\" \/>\n<meta property=\"og:type\" content=\"article\" \/>\n<meta property=\"og:title\" content=\"Anatom\u00eda de un marino - Catalogo | Letrame Grupo Editorial\" \/>\n<meta property=\"og:description\" content=\"ISBN: 978-84-1144-037-0 SINOPSIS \u201cConfluir: sin\u00f3nimo de lo deseable\u201d, dice el fil\u00f3sofo de la Naturaleza Joaqu\u00edn Ara\u00fajo. Y, en efecto, confluyen aqu\u00ed dos deseos pasionales: el Amor, \u00e9se que trasciende el morir, y la Vocaci\u00f3n por la mar, que te puede llevar a un punto en que desees amar lo que perdiste en tierra. El texto nos adentra en los dos temas centrales enmarcados en una cuidada ambientaci\u00f3n de la \u00e9poca en la que se sit\u00faa la historia.\u00a0 Pero si en la confluencia de lo deseable el caudal del amor juvenil adviene arrollador, no menos impetuoso y cautivador es el tramo que transporta los relatos y leyendas de la mar apoyados, a su vez, en frecuentes y ajustados \u201cpr\u00e9stamos literarios\u201d (como muy bien se\u00f1ala el Dr. Serrano Masegoso en su preciso y precioso pr\u00f3logo) de autores muy queridos por nuestro escritor, cuyo gusto e inclinaci\u00f3n por las letras est\u00e1 m\u00e1s que acreditado. \u201cLas descripciones rezuman literatura y amor\u201d, sentencia el Dr. Serrano Masegoso en su magn\u00edfico pr\u00f3logo. Y yo me permito a\u00f1adir que nadie, solo un marino avezado y de vocaci\u00f3n, puede narrar con brillantez y hermosa precisi\u00f3n marinera la pasi\u00f3n inicial propia de una juventud que se proyecta a la vida desde una emancipaci\u00f3n ansiada, m\u00e1s que buscada, en los prometedores a\u00f1os 60. Parlamentos cortos, adentr\u00e1ndose en el universo de la concisi\u00f3n, conviven con cumplidas descripciones de los momentos de intimidad, exuberancia propia de la juventud enamorada. El ritmo acelerado y embaucador en el \u00faltimo tercio nos conduce suavemente a un final tan abierto como el lector quiera o haya supuesto y que junto al subtitulo de la obra nos hace pensar en una saga literaria en la l\u00ednea de \u201cEn busca del tiempo perdido\u201d. Mateo G\u00f3mez\" \/>\n<meta property=\"og:url\" content=\"https:\/\/letrame.com\/catalogo\/producto\/anatomia-de-un-marino\/\" \/>\n<meta property=\"og:site_name\" content=\"Catalogo | Letrame Grupo Editorial\" \/>\n<meta property=\"article:modified_time\" content=\"2024-04-29T14:33:00+00:00\" \/>\n<meta property=\"og:image\" content=\"https:\/\/letrame.com\/catalogo\/wp-content\/uploads\/2024\/04\/redportada_anatomiadeunmarino_1131mm-compressed.jpg\" \/>\n\t<meta property=\"og:image:width\" content=\"601\" \/>\n\t<meta property=\"og:image:height\" content=\"962\" \/>\n\t<meta property=\"og:image:type\" content=\"image\/jpeg\" \/>\n<meta name=\"twitter:card\" content=\"summary_large_image\" \/>\n<meta name=\"twitter:label1\" content=\"Tiempo de lectura\" \/>\n\t<meta name=\"twitter:data1\" content=\"2 minutos\" \/>\n<script type=\"application\/ld+json\" class=\"yoast-schema-graph\">{\"@context\":\"https:\/\/schema.org\",\"@graph\":[{\"@type\":\"WebPage\",\"@id\":\"https:\/\/letrame.com\/catalogo\/producto\/anatomia-de-un-marino\/\",\"url\":\"https:\/\/letrame.com\/catalogo\/producto\/anatomia-de-un-marino\/\",\"name\":\"Anatom\u00eda de un marino - Catalogo | Letrame Grupo Editorial\",\"isPartOf\":{\"@id\":\"https:\/\/letrame.com\/catalogo\/#website\"},\"primaryImageOfPage\":{\"@id\":\"https:\/\/letrame.com\/catalogo\/producto\/anatomia-de-un-marino\/#primaryimage\"},\"image\":{\"@id\":\"https:\/\/letrame.com\/catalogo\/producto\/anatomia-de-un-marino\/#primaryimage\"},\"thumbnailUrl\":\"https:\/\/letrame.com\/catalogo\/wp-content\/uploads\/2024\/04\/redportada_anatomiadeunmarino_1131mm-compressed.jpg\",\"datePublished\":\"2024-04-29T14:32:44+00:00\",\"dateModified\":\"2024-04-29T14:33:00+00:00\",\"breadcrumb\":{\"@id\":\"https:\/\/letrame.com\/catalogo\/producto\/anatomia-de-un-marino\/#breadcrumb\"},\"inLanguage\":\"es\",\"potentialAction\":[{\"@type\":\"ReadAction\",\"target\":[\"https:\/\/letrame.com\/catalogo\/producto\/anatomia-de-un-marino\/\"]}]},{\"@type\":\"ImageObject\",\"inLanguage\":\"es\",\"@id\":\"https:\/\/letrame.com\/catalogo\/producto\/anatomia-de-un-marino\/#primaryimage\",\"url\":\"https:\/\/letrame.com\/catalogo\/wp-content\/uploads\/2024\/04\/redportada_anatomiadeunmarino_1131mm-compressed.jpg\",\"contentUrl\":\"https:\/\/letrame.com\/catalogo\/wp-content\/uploads\/2024\/04\/redportada_anatomiadeunmarino_1131mm-compressed.jpg\",\"width\":601,\"height\":962},{\"@type\":\"BreadcrumbList\",\"@id\":\"https:\/\/letrame.com\/catalogo\/producto\/anatomia-de-un-marino\/#breadcrumb\",\"itemListElement\":[{\"@type\":\"ListItem\",\"position\":1,\"name\":\"Portada\",\"item\":\"https:\/\/letrame.com\/catalogo\/\"},{\"@type\":\"ListItem\",\"position\":2,\"name\":\"Cat\u00e1logo\",\"item\":\"https:\/\/letrame.com\/catalogo\/\"},{\"@type\":\"ListItem\",\"position\":3,\"name\":\"Anatom\u00eda de un marino\"}]},{\"@type\":\"WebSite\",\"@id\":\"https:\/\/letrame.com\/catalogo\/#website\",\"url\":\"https:\/\/letrame.com\/catalogo\/\",\"name\":\"Catalogo | Letrame Grupo Editorial\",\"description\":\"\",\"publisher\":{\"@id\":\"https:\/\/letrame.com\/catalogo\/#organization\"},\"potentialAction\":[{\"@type\":\"SearchAction\",\"target\":{\"@type\":\"EntryPoint\",\"urlTemplate\":\"https:\/\/letrame.com\/catalogo\/?s={search_term_string}\"},\"query-input\":{\"@type\":\"PropertyValueSpecification\",\"valueRequired\":true,\"valueName\":\"search_term_string\"}}],\"inLanguage\":\"es\"},{\"@type\":\"Organization\",\"@id\":\"https:\/\/letrame.com\/catalogo\/#organization\",\"name\":\"Catalogo | Letrame Grupo Editorial\",\"url\":\"https:\/\/letrame.com\/catalogo\/\",\"logo\":{\"@type\":\"ImageObject\",\"inLanguage\":\"es\",\"@id\":\"https:\/\/letrame.com\/catalogo\/#\/schema\/logo\/image\/\",\"url\":\"https:\/\/letrame.com\/catalogo\/wp-content\/uploads\/2024\/03\/logo2.webp\",\"contentUrl\":\"https:\/\/letrame.com\/catalogo\/wp-content\/uploads\/2024\/03\/logo2.webp\",\"width\":394,\"height\":128,\"caption\":\"Catalogo | Letrame Grupo Editorial\"},\"image\":{\"@id\":\"https:\/\/letrame.com\/catalogo\/#\/schema\/logo\/image\/\"}}]}<\/script>\n<!-- \/ Yoast SEO plugin. -->","yoast_head_json":{"title":"Anatom\u00eda de un marino - Catalogo | Letrame Grupo Editorial","robots":{"index":"index","follow":"follow","max-snippet":"max-snippet:-1","max-image-preview":"max-image-preview:large","max-video-preview":"max-video-preview:-1"},"canonical":"https:\/\/letrame.com\/catalogo\/producto\/anatomia-de-un-marino\/","og_locale":"es_ES","og_type":"article","og_title":"Anatom\u00eda de un marino - Catalogo | Letrame Grupo Editorial","og_description":"ISBN: 978-84-1144-037-0 SINOPSIS \u201cConfluir: sin\u00f3nimo de lo deseable\u201d, dice el fil\u00f3sofo de la Naturaleza Joaqu\u00edn Ara\u00fajo. Y, en efecto, confluyen aqu\u00ed dos deseos pasionales: el Amor, \u00e9se que trasciende el morir, y la Vocaci\u00f3n por la mar, que te puede llevar a un punto en que desees amar lo que perdiste en tierra. El texto nos adentra en los dos temas centrales enmarcados en una cuidada ambientaci\u00f3n de la \u00e9poca en la que se sit\u00faa la historia.\u00a0 Pero si en la confluencia de lo deseable el caudal del amor juvenil adviene arrollador, no menos impetuoso y cautivador es el tramo que transporta los relatos y leyendas de la mar apoyados, a su vez, en frecuentes y ajustados \u201cpr\u00e9stamos literarios\u201d (como muy bien se\u00f1ala el Dr. Serrano Masegoso en su preciso y precioso pr\u00f3logo) de autores muy queridos por nuestro escritor, cuyo gusto e inclinaci\u00f3n por las letras est\u00e1 m\u00e1s que acreditado. \u201cLas descripciones rezuman literatura y amor\u201d, sentencia el Dr. Serrano Masegoso en su magn\u00edfico pr\u00f3logo. Y yo me permito a\u00f1adir que nadie, solo un marino avezado y de vocaci\u00f3n, puede narrar con brillantez y hermosa precisi\u00f3n marinera la pasi\u00f3n inicial propia de una juventud que se proyecta a la vida desde una emancipaci\u00f3n ansiada, m\u00e1s que buscada, en los prometedores a\u00f1os 60. Parlamentos cortos, adentr\u00e1ndose en el universo de la concisi\u00f3n, conviven con cumplidas descripciones de los momentos de intimidad, exuberancia propia de la juventud enamorada. El ritmo acelerado y embaucador en el \u00faltimo tercio nos conduce suavemente a un final tan abierto como el lector quiera o haya supuesto y que junto al subtitulo de la obra nos hace pensar en una saga literaria en la l\u00ednea de \u201cEn busca del tiempo perdido\u201d. Mateo G\u00f3mez","og_url":"https:\/\/letrame.com\/catalogo\/producto\/anatomia-de-un-marino\/","og_site_name":"Catalogo | Letrame Grupo Editorial","article_modified_time":"2024-04-29T14:33:00+00:00","og_image":[{"width":601,"height":962,"url":"https:\/\/letrame.com\/catalogo\/wp-content\/uploads\/2024\/04\/redportada_anatomiadeunmarino_1131mm-compressed.jpg","type":"image\/jpeg"}],"twitter_card":"summary_large_image","twitter_misc":{"Tiempo de lectura":"2 minutos"},"schema":{"@context":"https:\/\/schema.org","@graph":[{"@type":"WebPage","@id":"https:\/\/letrame.com\/catalogo\/producto\/anatomia-de-un-marino\/","url":"https:\/\/letrame.com\/catalogo\/producto\/anatomia-de-un-marino\/","name":"Anatom\u00eda de un marino - Catalogo | Letrame Grupo Editorial","isPartOf":{"@id":"https:\/\/letrame.com\/catalogo\/#website"},"primaryImageOfPage":{"@id":"https:\/\/letrame.com\/catalogo\/producto\/anatomia-de-un-marino\/#primaryimage"},"image":{"@id":"https:\/\/letrame.com\/catalogo\/producto\/anatomia-de-un-marino\/#primaryimage"},"thumbnailUrl":"https:\/\/letrame.com\/catalogo\/wp-content\/uploads\/2024\/04\/redportada_anatomiadeunmarino_1131mm-compressed.jpg","datePublished":"2024-04-29T14:32:44+00:00","dateModified":"2024-04-29T14:33:00+00:00","breadcrumb":{"@id":"https:\/\/letrame.com\/catalogo\/producto\/anatomia-de-un-marino\/#breadcrumb"},"inLanguage":"es","potentialAction":[{"@type":"ReadAction","target":["https:\/\/letrame.com\/catalogo\/producto\/anatomia-de-un-marino\/"]}]},{"@type":"ImageObject","inLanguage":"es","@id":"https:\/\/letrame.com\/catalogo\/producto\/anatomia-de-un-marino\/#primaryimage","url":"https:\/\/letrame.com\/catalogo\/wp-content\/uploads\/2024\/04\/redportada_anatomiadeunmarino_1131mm-compressed.jpg","contentUrl":"https:\/\/letrame.com\/catalogo\/wp-content\/uploads\/2024\/04\/redportada_anatomiadeunmarino_1131mm-compressed.jpg","width":601,"height":962},{"@type":"BreadcrumbList","@id":"https:\/\/letrame.com\/catalogo\/producto\/anatomia-de-un-marino\/#breadcrumb","itemListElement":[{"@type":"ListItem","position":1,"name":"Portada","item":"https:\/\/letrame.com\/catalogo\/"},{"@type":"ListItem","position":2,"name":"Cat\u00e1logo","item":"https:\/\/letrame.com\/catalogo\/"},{"@type":"ListItem","position":3,"name":"Anatom\u00eda de un marino"}]},{"@type":"WebSite","@id":"https:\/\/letrame.com\/catalogo\/#website","url":"https:\/\/letrame.com\/catalogo\/","name":"Catalogo | Letrame Grupo Editorial","description":"","publisher":{"@id":"https:\/\/letrame.com\/catalogo\/#organization"},"potentialAction":[{"@type":"SearchAction","target":{"@type":"EntryPoint","urlTemplate":"https:\/\/letrame.com\/catalogo\/?s={search_term_string}"},"query-input":{"@type":"PropertyValueSpecification","valueRequired":true,"valueName":"search_term_string"}}],"inLanguage":"es"},{"@type":"Organization","@id":"https:\/\/letrame.com\/catalogo\/#organization","name":"Catalogo | Letrame Grupo Editorial","url":"https:\/\/letrame.com\/catalogo\/","logo":{"@type":"ImageObject","inLanguage":"es","@id":"https:\/\/letrame.com\/catalogo\/#\/schema\/logo\/image\/","url":"https:\/\/letrame.com\/catalogo\/wp-content\/uploads\/2024\/03\/logo2.webp","contentUrl":"https:\/\/letrame.com\/catalogo\/wp-content\/uploads\/2024\/03\/logo2.webp","width":394,"height":128,"caption":"Catalogo | Letrame Grupo Editorial"},"image":{"@id":"https:\/\/letrame.com\/catalogo\/#\/schema\/logo\/image\/"}}]}},"_links":{"self":[{"href":"https:\/\/letrame.com\/catalogo\/wp-json\/wp\/v2\/product\/99510","targetHints":{"allow":["GET"]}}],"collection":[{"href":"https:\/\/letrame.com\/catalogo\/wp-json\/wp\/v2\/product"}],"about":[{"href":"https:\/\/letrame.com\/catalogo\/wp-json\/wp\/v2\/types\/product"}],"replies":[{"embeddable":true,"href":"https:\/\/letrame.com\/catalogo\/wp-json\/wp\/v2\/comments?post=99510"}],"acf:post":[{"embeddable":true,"href":"https:\/\/letrame.com\/catalogo\/wp-json\/wp\/v2\/author_book\/77819"}],"wp:featuredmedia":[{"embeddable":true,"href":"https:\/\/letrame.com\/catalogo\/wp-json\/wp\/v2\/media\/99511"}],"wp:attachment":[{"href":"https:\/\/letrame.com\/catalogo\/wp-json\/wp\/v2\/media?parent=99510"}],"wp:term":[{"taxonomy":"libro","embeddable":true,"href":"https:\/\/letrame.com\/catalogo\/wp-json\/wp\/v2\/libro?post=99510"},{"taxonomy":"product_brand","embeddable":true,"href":"https:\/\/letrame.com\/catalogo\/wp-json\/wp\/v2\/product_brand?post=99510"},{"taxonomy":"product_cat","embeddable":true,"href":"https:\/\/letrame.com\/catalogo\/wp-json\/wp\/v2\/product_cat?post=99510"},{"taxonomy":"product_tag","embeddable":true,"href":"https:\/\/letrame.com\/catalogo\/wp-json\/wp\/v2\/product_tag?post=99510"}],"curies":[{"name":"wp","href":"https:\/\/api.w.org\/{rel}","templated":true}]}}