{"id":99506,"date":"2024-04-29T16:32:24","date_gmt":"2024-04-29T14:32:24","guid":{"rendered":"https:\/\/letrame.com\/catalogo\/producto\/un-mar-sin-limites\/"},"modified":"2024-07-30T11:12:48","modified_gmt":"2024-07-30T09:12:48","slug":"un-mar-sin-orillas","status":"publish","type":"product","link":"https:\/\/letrame.com\/catalogo\/producto\/un-mar-sin-orillas\/","title":{"rendered":"Un mar sin orillas"},"content":{"rendered":"<p><strong>ISBN<\/strong>: 978-84-1144-774-4<\/p>\n<p><strong>T\u00edtulo<\/strong>: Un mar sin orillas<br \/>\n<strong>Fecha<\/strong>: 2023<br \/>\n<strong>P\u00e1ginas<\/strong>: 64<\/p>\n<p><strong>SINOPSIS<\/strong><\/p>\n<div class=\"page\" title=\"Page 1\">\n<div class=\"page\" title=\"Page 1\">\n<div class=\"page\" title=\"Page 1\">\n<p>\u201cUn mar sin orillas\u201d es un poemario de corte confesional. El yo l\u00edrico va escanciando su amor. Son piezas dialogales, que fluyen sin estridencias. En ellas, el poeta se ve a s\u00ed mismo indigente, necesitado de lo m\u00e1s esencial a la vida, que es el amor, la presencia del Amado.<\/p>\n<p>Hay una alegr\u00eda de fondo en estos poemas, que nace de la certeza de tener a Dios cercano: \u201cDios es m\u00fasica afable de vivos pentagramas, fragante melod\u00eda que invade los sentidos, y nos llama a su lado con llama acariciante y una inmensa ternura que se adentra en el alma\u201d.<\/p>\n<p>El camino escogido por el yo l\u00edrico es el de la contemplaci\u00f3n de lo sencillo y cotidiano, en el que la naturaleza es a la vez medio expresivo y s\u00edntoma: \u201cpero quiero encontrarte en las cosas sencillas, en las cosas humildes que bendicen tu nombre \u201c<\/p>\n<\/div>\n<\/div>\n<\/div>\n","protected":false},"excerpt":{"rendered":"<p><strong>ISBN<\/strong>: 978-84-1144-774-4<\/p>\n<p><strong>SINOPSIS<\/strong><\/p>\n<div class=\"page\" title=\"Page 1\">\n<div class=\"page\" title=\"Page 1\">\n<div class=\"page\" title=\"Page 1\">\n<p>\u201cUn mar sin orillas\u201d es un poemario de corte confesional. El yo l\u00edrico va escanciando su amor. Son piezas dialogales, que fluyen sin estridencias. En ellas, el poeta se ve a s\u00ed mismo indigente, necesitado de lo m\u00e1s esencial a la vida, que es el amor, la presencia del Amado.<\/p>\n<p>Hay una alegr\u00eda de fondo en estos poemas, que nace de la certeza de tener a Dios cercano: \u201cDios es m\u00fasica afable de vivos pentagramas, fragante melod\u00eda que invade los sentidos, y nos llama a su lado con llama acariciante y una inmensa ternura que se adentra en el alma\u201d.<\/p>\n<p>El camino escogido por el yo l\u00edrico es el de la contemplaci\u00f3n de lo sencillo y cotidiano, en el que la naturaleza es a la vez medio expresivo y s\u00edntoma: \u201cpero quiero encontrarte en las cosas sencillas, en las cosas humildes que bendicen tu nombre \u201c<\/p>\n<\/div>\n<\/div>\n<\/div>\n","protected":false},"featured_media":99507,"comment_status":"closed","ping_status":"closed","template":"","meta":{"_acf_changed":false},"libro":[],"product_brand":[],"product_cat":[26],"product_tag":[],"class_list":{"0":"post-99506","1":"product","2":"type-product","3":"status-publish","4":"has-post-thumbnail","6":"product_cat-sin-categoria","8":"first","9":"instock","10":"product-type-simple"},"acf":{"autor":[76848],"enlace_de_compra":""},"yoast_head":"<!-- This site is optimized with the Yoast SEO plugin v26.6 - https:\/\/yoast.com\/wordpress\/plugins\/seo\/ -->\n<title>Un mar sin orillas - Catalogo | Letrame Grupo Editorial<\/title>\n<meta name=\"robots\" content=\"index, follow, max-snippet:-1, max-image-preview:large, max-video-preview:-1\" \/>\n<link rel=\"canonical\" href=\"https:\/\/letrame.com\/catalogo\/producto\/un-mar-sin-orillas\/\" \/>\n<meta property=\"og:locale\" content=\"es_ES\" \/>\n<meta property=\"og:type\" content=\"article\" \/>\n<meta property=\"og:title\" content=\"Un mar sin orillas - Catalogo | Letrame Grupo Editorial\" \/>\n<meta property=\"og:description\" content=\"ISBN: 978-84-1144-774-4  SINOPSIS     \u201cUn mar sin orillas\u201d es un poemario de corte confesional. El yo l\u00edrico va escanciando su amor. Son piezas dialogales, que fluyen sin estridencias. En ellas, el poeta se ve a s\u00ed mismo indigente, necesitado de lo m\u00e1s esencial a la vida, que es el amor, la presencia del Amado.  Hay una alegr\u00eda de fondo en estos poemas, que nace de la certeza de tener a Dios cercano: \u201cDios es m\u00fasica afable de vivos pentagramas, fragante melod\u00eda que invade los sentidos, y nos llama a su lado con llama acariciante y una inmensa ternura que se adentra en el alma\u201d.  El camino escogido por el yo l\u00edrico es el de la contemplaci\u00f3n de lo sencillo y cotidiano, en el que la naturaleza es a la vez medio expresivo y s\u00edntoma: \u201cpero quiero encontrarte en las cosas sencillas, en las cosas humildes que bendicen tu nombre \u201c\" \/>\n<meta property=\"og:url\" content=\"https:\/\/letrame.com\/catalogo\/producto\/un-mar-sin-orillas\/\" \/>\n<meta property=\"og:site_name\" content=\"Catalogo | Letrame Grupo Editorial\" \/>\n<meta property=\"article:modified_time\" content=\"2024-07-30T09:12:48+00:00\" \/>\n<meta property=\"og:image\" content=\"https:\/\/letrame.com\/catalogo\/wp-content\/uploads\/2024\/04\/webportadaunmarsinorillas_4mm-compressed.jpg\" \/>\n\t<meta property=\"og:image:width\" content=\"601\" \/>\n\t<meta property=\"og:image:height\" content=\"881\" \/>\n\t<meta property=\"og:image:type\" content=\"image\/jpeg\" \/>\n<meta name=\"twitter:card\" content=\"summary_large_image\" \/>\n<meta name=\"twitter:label1\" content=\"Tiempo de lectura\" \/>\n\t<meta name=\"twitter:data1\" content=\"1 minuto\" \/>\n<script type=\"application\/ld+json\" class=\"yoast-schema-graph\">{\"@context\":\"https:\/\/schema.org\",\"@graph\":[{\"@type\":\"WebPage\",\"@id\":\"https:\/\/letrame.com\/catalogo\/producto\/un-mar-sin-orillas\/\",\"url\":\"https:\/\/letrame.com\/catalogo\/producto\/un-mar-sin-orillas\/\",\"name\":\"Un mar sin orillas - Catalogo | Letrame Grupo Editorial\",\"isPartOf\":{\"@id\":\"https:\/\/letrame.com\/catalogo\/#website\"},\"primaryImageOfPage\":{\"@id\":\"https:\/\/letrame.com\/catalogo\/producto\/un-mar-sin-orillas\/#primaryimage\"},\"image\":{\"@id\":\"https:\/\/letrame.com\/catalogo\/producto\/un-mar-sin-orillas\/#primaryimage\"},\"thumbnailUrl\":\"https:\/\/letrame.com\/catalogo\/wp-content\/uploads\/2024\/04\/webportadaunmarsinorillas_4mm-compressed.jpg\",\"datePublished\":\"2024-04-29T14:32:24+00:00\",\"dateModified\":\"2024-07-30T09:12:48+00:00\",\"breadcrumb\":{\"@id\":\"https:\/\/letrame.com\/catalogo\/producto\/un-mar-sin-orillas\/#breadcrumb\"},\"inLanguage\":\"es\",\"potentialAction\":[{\"@type\":\"ReadAction\",\"target\":[\"https:\/\/letrame.com\/catalogo\/producto\/un-mar-sin-orillas\/\"]}]},{\"@type\":\"ImageObject\",\"inLanguage\":\"es\",\"@id\":\"https:\/\/letrame.com\/catalogo\/producto\/un-mar-sin-orillas\/#primaryimage\",\"url\":\"https:\/\/letrame.com\/catalogo\/wp-content\/uploads\/2024\/04\/webportadaunmarsinorillas_4mm-compressed.jpg\",\"contentUrl\":\"https:\/\/letrame.com\/catalogo\/wp-content\/uploads\/2024\/04\/webportadaunmarsinorillas_4mm-compressed.jpg\",\"width\":601,\"height\":881},{\"@type\":\"BreadcrumbList\",\"@id\":\"https:\/\/letrame.com\/catalogo\/producto\/un-mar-sin-orillas\/#breadcrumb\",\"itemListElement\":[{\"@type\":\"ListItem\",\"position\":1,\"name\":\"Portada\",\"item\":\"https:\/\/letrame.com\/catalogo\/\"},{\"@type\":\"ListItem\",\"position\":2,\"name\":\"Cat\u00e1logo\",\"item\":\"https:\/\/letrame.com\/catalogo\/\"},{\"@type\":\"ListItem\",\"position\":3,\"name\":\"Un mar sin orillas\"}]},{\"@type\":\"WebSite\",\"@id\":\"https:\/\/letrame.com\/catalogo\/#website\",\"url\":\"https:\/\/letrame.com\/catalogo\/\",\"name\":\"Catalogo | Letrame Grupo Editorial\",\"description\":\"\",\"publisher\":{\"@id\":\"https:\/\/letrame.com\/catalogo\/#organization\"},\"potentialAction\":[{\"@type\":\"SearchAction\",\"target\":{\"@type\":\"EntryPoint\",\"urlTemplate\":\"https:\/\/letrame.com\/catalogo\/?s={search_term_string}\"},\"query-input\":{\"@type\":\"PropertyValueSpecification\",\"valueRequired\":true,\"valueName\":\"search_term_string\"}}],\"inLanguage\":\"es\"},{\"@type\":\"Organization\",\"@id\":\"https:\/\/letrame.com\/catalogo\/#organization\",\"name\":\"Catalogo | Letrame Grupo Editorial\",\"url\":\"https:\/\/letrame.com\/catalogo\/\",\"logo\":{\"@type\":\"ImageObject\",\"inLanguage\":\"es\",\"@id\":\"https:\/\/letrame.com\/catalogo\/#\/schema\/logo\/image\/\",\"url\":\"https:\/\/letrame.com\/catalogo\/wp-content\/uploads\/2024\/03\/logo2.webp\",\"contentUrl\":\"https:\/\/letrame.com\/catalogo\/wp-content\/uploads\/2024\/03\/logo2.webp\",\"width\":394,\"height\":128,\"caption\":\"Catalogo | Letrame Grupo Editorial\"},\"image\":{\"@id\":\"https:\/\/letrame.com\/catalogo\/#\/schema\/logo\/image\/\"}}]}<\/script>\n<!-- \/ Yoast SEO plugin. -->","yoast_head_json":{"title":"Un mar sin orillas - Catalogo | Letrame Grupo Editorial","robots":{"index":"index","follow":"follow","max-snippet":"max-snippet:-1","max-image-preview":"max-image-preview:large","max-video-preview":"max-video-preview:-1"},"canonical":"https:\/\/letrame.com\/catalogo\/producto\/un-mar-sin-orillas\/","og_locale":"es_ES","og_type":"article","og_title":"Un mar sin orillas - Catalogo | Letrame Grupo Editorial","og_description":"ISBN: 978-84-1144-774-4  SINOPSIS     \u201cUn mar sin orillas\u201d es un poemario de corte confesional. El yo l\u00edrico va escanciando su amor. Son piezas dialogales, que fluyen sin estridencias. En ellas, el poeta se ve a s\u00ed mismo indigente, necesitado de lo m\u00e1s esencial a la vida, que es el amor, la presencia del Amado.  Hay una alegr\u00eda de fondo en estos poemas, que nace de la certeza de tener a Dios cercano: \u201cDios es m\u00fasica afable de vivos pentagramas, fragante melod\u00eda que invade los sentidos, y nos llama a su lado con llama acariciante y una inmensa ternura que se adentra en el alma\u201d.  El camino escogido por el yo l\u00edrico es el de la contemplaci\u00f3n de lo sencillo y cotidiano, en el que la naturaleza es a la vez medio expresivo y s\u00edntoma: \u201cpero quiero encontrarte en las cosas sencillas, en las cosas humildes que bendicen tu nombre \u201c","og_url":"https:\/\/letrame.com\/catalogo\/producto\/un-mar-sin-orillas\/","og_site_name":"Catalogo | Letrame Grupo Editorial","article_modified_time":"2024-07-30T09:12:48+00:00","og_image":[{"width":601,"height":881,"url":"https:\/\/letrame.com\/catalogo\/wp-content\/uploads\/2024\/04\/webportadaunmarsinorillas_4mm-compressed.jpg","type":"image\/jpeg"}],"twitter_card":"summary_large_image","twitter_misc":{"Tiempo de lectura":"1 minuto"},"schema":{"@context":"https:\/\/schema.org","@graph":[{"@type":"WebPage","@id":"https:\/\/letrame.com\/catalogo\/producto\/un-mar-sin-orillas\/","url":"https:\/\/letrame.com\/catalogo\/producto\/un-mar-sin-orillas\/","name":"Un mar sin orillas - Catalogo | Letrame Grupo Editorial","isPartOf":{"@id":"https:\/\/letrame.com\/catalogo\/#website"},"primaryImageOfPage":{"@id":"https:\/\/letrame.com\/catalogo\/producto\/un-mar-sin-orillas\/#primaryimage"},"image":{"@id":"https:\/\/letrame.com\/catalogo\/producto\/un-mar-sin-orillas\/#primaryimage"},"thumbnailUrl":"https:\/\/letrame.com\/catalogo\/wp-content\/uploads\/2024\/04\/webportadaunmarsinorillas_4mm-compressed.jpg","datePublished":"2024-04-29T14:32:24+00:00","dateModified":"2024-07-30T09:12:48+00:00","breadcrumb":{"@id":"https:\/\/letrame.com\/catalogo\/producto\/un-mar-sin-orillas\/#breadcrumb"},"inLanguage":"es","potentialAction":[{"@type":"ReadAction","target":["https:\/\/letrame.com\/catalogo\/producto\/un-mar-sin-orillas\/"]}]},{"@type":"ImageObject","inLanguage":"es","@id":"https:\/\/letrame.com\/catalogo\/producto\/un-mar-sin-orillas\/#primaryimage","url":"https:\/\/letrame.com\/catalogo\/wp-content\/uploads\/2024\/04\/webportadaunmarsinorillas_4mm-compressed.jpg","contentUrl":"https:\/\/letrame.com\/catalogo\/wp-content\/uploads\/2024\/04\/webportadaunmarsinorillas_4mm-compressed.jpg","width":601,"height":881},{"@type":"BreadcrumbList","@id":"https:\/\/letrame.com\/catalogo\/producto\/un-mar-sin-orillas\/#breadcrumb","itemListElement":[{"@type":"ListItem","position":1,"name":"Portada","item":"https:\/\/letrame.com\/catalogo\/"},{"@type":"ListItem","position":2,"name":"Cat\u00e1logo","item":"https:\/\/letrame.com\/catalogo\/"},{"@type":"ListItem","position":3,"name":"Un mar sin orillas"}]},{"@type":"WebSite","@id":"https:\/\/letrame.com\/catalogo\/#website","url":"https:\/\/letrame.com\/catalogo\/","name":"Catalogo | Letrame Grupo Editorial","description":"","publisher":{"@id":"https:\/\/letrame.com\/catalogo\/#organization"},"potentialAction":[{"@type":"SearchAction","target":{"@type":"EntryPoint","urlTemplate":"https:\/\/letrame.com\/catalogo\/?s={search_term_string}"},"query-input":{"@type":"PropertyValueSpecification","valueRequired":true,"valueName":"search_term_string"}}],"inLanguage":"es"},{"@type":"Organization","@id":"https:\/\/letrame.com\/catalogo\/#organization","name":"Catalogo | Letrame Grupo Editorial","url":"https:\/\/letrame.com\/catalogo\/","logo":{"@type":"ImageObject","inLanguage":"es","@id":"https:\/\/letrame.com\/catalogo\/#\/schema\/logo\/image\/","url":"https:\/\/letrame.com\/catalogo\/wp-content\/uploads\/2024\/03\/logo2.webp","contentUrl":"https:\/\/letrame.com\/catalogo\/wp-content\/uploads\/2024\/03\/logo2.webp","width":394,"height":128,"caption":"Catalogo | Letrame Grupo Editorial"},"image":{"@id":"https:\/\/letrame.com\/catalogo\/#\/schema\/logo\/image\/"}}]}},"_links":{"self":[{"href":"https:\/\/letrame.com\/catalogo\/wp-json\/wp\/v2\/product\/99506","targetHints":{"allow":["GET"]}}],"collection":[{"href":"https:\/\/letrame.com\/catalogo\/wp-json\/wp\/v2\/product"}],"about":[{"href":"https:\/\/letrame.com\/catalogo\/wp-json\/wp\/v2\/types\/product"}],"replies":[{"embeddable":true,"href":"https:\/\/letrame.com\/catalogo\/wp-json\/wp\/v2\/comments?post=99506"}],"acf:post":[{"embeddable":true,"href":"https:\/\/letrame.com\/catalogo\/wp-json\/wp\/v2\/author_book\/76848"}],"wp:featuredmedia":[{"embeddable":true,"href":"https:\/\/letrame.com\/catalogo\/wp-json\/wp\/v2\/media\/99507"}],"wp:attachment":[{"href":"https:\/\/letrame.com\/catalogo\/wp-json\/wp\/v2\/media?parent=99506"}],"wp:term":[{"taxonomy":"libro","embeddable":true,"href":"https:\/\/letrame.com\/catalogo\/wp-json\/wp\/v2\/libro?post=99506"},{"taxonomy":"product_brand","embeddable":true,"href":"https:\/\/letrame.com\/catalogo\/wp-json\/wp\/v2\/product_brand?post=99506"},{"taxonomy":"product_cat","embeddable":true,"href":"https:\/\/letrame.com\/catalogo\/wp-json\/wp\/v2\/product_cat?post=99506"},{"taxonomy":"product_tag","embeddable":true,"href":"https:\/\/letrame.com\/catalogo\/wp-json\/wp\/v2\/product_tag?post=99506"}],"curies":[{"name":"wp","href":"https:\/\/api.w.org\/{rel}","templated":true}]}}