{"id":99500,"date":"2024-04-29T16:31:44","date_gmt":"2024-04-29T14:31:44","guid":{"rendered":"https:\/\/letrame.com\/catalogo\/producto\/la-herencia-del-pentimento\/"},"modified":"2024-04-29T16:32:09","modified_gmt":"2024-04-29T14:32:09","slug":"la-herencia-del-pentimento","status":"publish","type":"product","link":"https:\/\/letrame.com\/catalogo\/producto\/la-herencia-del-pentimento\/","title":{"rendered":"La herencia del Pentimento"},"content":{"rendered":"<p><strong>ISBN<\/strong>: 978-84-1181-516-1<\/p>\n<p><strong>T\u00edtulo<\/strong>: La herencia del Pentimento<br \/>\n<strong>Fecha<\/strong>: 2023<br \/>\n<strong>P\u00e1ginas<\/strong>: 146<\/p>\n<p><strong>SINOPSIS<\/strong><\/p>\n<p>La herencia del pentimento es producto\u00a0 de vivencias y creencias que, como el polvo de estrella que nos cre\u00f3, fueron viajando desde tiempos inmemoriales por entre las fibras de la historia humana. Si una obra como el Quijote o el mismo David de Miguel Angel les parece fascinante, tambi\u00e9n lo deber\u00eda ser el papel donde fueron recreadas o dise\u00f1adas esas obras. Para mi lo son, y por ello esta historia que nos lleva por un viaje, tanto hist\u00f3rico como surrealista, hasta una noci\u00f3n b\u00e1sica de la herencia humana.<\/p>\n<p>&nbsp;<\/p>\n<p>Ludovico, obsesionado con recuperar la fortuna de su apellido perdido, se enfrasca en una espiral de fracasos y torturas que salpican a su familia, heredando esa idea a Joaqu\u00edn, su hijo, ferviente cat\u00f3lico, que al igual que su padre se obsesiona con demostrar que un simple papel, que ten\u00eda desde que llegaron a Toledo, no ten\u00eda nada de simple, y que en sus fibras se escond\u00edan grandes historias de valor incalculable\u2026 L\u00e1stima que, al creer descubrir la verdad sobre su papel heredado, sus creencias y pasado se podr\u00edan ver afectados.<\/p>\n<p>&nbsp;<\/p>\n<p>&nbsp;<\/p>\n","protected":false},"excerpt":{"rendered":"<p><strong>ISBN<\/strong>: 978-84-1181-516-1<\/p>\n<p><strong>T\u00edtulo<\/strong>: La herencia del Pentimento<br \/>\n<strong>Fecha<\/strong>: 2023<br \/>\n<strong>P\u00e1ginas<\/strong>: 146<\/p>\n<p><strong>SINOPSIS<\/strong><\/p>\n<p>La herencia del pentimento es producto\u00a0 de vivencias y creencias que, como el polvo de estrella que nos cre\u00f3, fueron viajando desde tiempos inmemoriales por entre las fibras de la historia humana. Si una obra como el Quijote o el mismo David de Miguel Angel les parece fascinante, tambi\u00e9n lo deber\u00eda ser el papel donde fueron recreadas o dise\u00f1adas esas obras. Para mi lo son, y por ello esta historia que nos lleva por un viaje, tanto hist\u00f3rico como surrealista, hasta una noci\u00f3n b\u00e1sica de la herencia humana.<\/p>\n<p>&nbsp;<\/p>\n<p>Ludovico, obsesionado con recuperar la fortuna de su apellido perdido, se enfrasca en una espiral de fracasos y torturas que salpican a su familia, heredando esa idea a Joaqu\u00edn, su hijo, ferviente cat\u00f3lico, que al igual que su padre se obsesiona con demostrar que un simple papel, que ten\u00eda desde que llegaron a Toledo, no ten\u00eda nada de simple, y que en sus fibras se escond\u00edan grandes historias de valor incalculable\u2026 L\u00e1stima que, al creer descubrir la verdad sobre su papel heredado, sus creencias y pasado se podr\u00edan ver afectados.<\/p>\n<p>&nbsp;<\/p>\n","protected":false},"featured_media":99501,"comment_status":"closed","ping_status":"open","template":"","meta":{"_acf_changed":false},"libro":[],"product_brand":[],"product_cat":[26],"product_tag":[],"class_list":{"0":"post-99500","1":"product","2":"type-product","3":"status-publish","4":"has-post-thumbnail","6":"product_cat-sin-categoria","8":"first","9":"instock","10":"product-type-simple"},"acf":{"autor":[77811],"enlace_de_compra":""},"yoast_head":"<!-- This site is optimized with the Yoast SEO plugin v26.6 - https:\/\/yoast.com\/wordpress\/plugins\/seo\/ -->\n<title>La herencia del Pentimento - Catalogo | Letrame Grupo Editorial<\/title>\n<meta name=\"robots\" content=\"index, follow, max-snippet:-1, max-image-preview:large, max-video-preview:-1\" \/>\n<link rel=\"canonical\" href=\"https:\/\/letrame.com\/catalogo\/producto\/la-herencia-del-pentimento\/\" \/>\n<meta property=\"og:locale\" content=\"es_ES\" \/>\n<meta property=\"og:type\" content=\"article\" \/>\n<meta property=\"og:title\" content=\"La herencia del Pentimento - Catalogo | Letrame Grupo Editorial\" \/>\n<meta property=\"og:description\" content=\"ISBN: 978-84-1181-516-1 T\u00edtulo: La herencia del Pentimento Fecha: 2023 P\u00e1ginas: 146 SINOPSIS La herencia del pentimento es producto\u00a0 de vivencias y creencias que, como el polvo de estrella que nos cre\u00f3, fueron viajando desde tiempos inmemoriales por entre las fibras de la historia humana. Si una obra como el Quijote o el mismo David de Miguel Angel les parece fascinante, tambi\u00e9n lo deber\u00eda ser el papel donde fueron recreadas o dise\u00f1adas esas obras. Para mi lo son, y por ello esta historia que nos lleva por un viaje, tanto hist\u00f3rico como surrealista, hasta una noci\u00f3n b\u00e1sica de la herencia humana. &nbsp; Ludovico, obsesionado con recuperar la fortuna de su apellido perdido, se enfrasca en una espiral de fracasos y torturas que salpican a su familia, heredando esa idea a Joaqu\u00edn, su hijo, ferviente cat\u00f3lico, que al igual que su padre se obsesiona con demostrar que un simple papel, que ten\u00eda desde que llegaron a Toledo, no ten\u00eda nada de simple, y que en sus fibras se escond\u00edan grandes historias de valor incalculable\u2026 L\u00e1stima que, al creer descubrir la verdad sobre su papel heredado, sus creencias y pasado se podr\u00edan ver afectados. &nbsp;\" \/>\n<meta property=\"og:url\" content=\"https:\/\/letrame.com\/catalogo\/producto\/la-herencia-del-pentimento\/\" \/>\n<meta property=\"og:site_name\" content=\"Catalogo | Letrame Grupo Editorial\" \/>\n<meta property=\"article:modified_time\" content=\"2024-04-29T14:32:09+00:00\" \/>\n<meta property=\"og:image\" content=\"https:\/\/letrame.com\/catalogo\/wp-content\/uploads\/2024\/04\/webportada_laherenciadel_781mm-compressed-scaled-1.jpg\" \/>\n\t<meta property=\"og:image:width\" content=\"1746\" \/>\n\t<meta property=\"og:image:height\" content=\"2560\" \/>\n\t<meta property=\"og:image:type\" content=\"image\/jpeg\" \/>\n<meta name=\"twitter:card\" content=\"summary_large_image\" \/>\n<meta name=\"twitter:label1\" content=\"Tiempo de lectura\" \/>\n\t<meta name=\"twitter:data1\" content=\"1 minuto\" \/>\n<script type=\"application\/ld+json\" class=\"yoast-schema-graph\">{\"@context\":\"https:\/\/schema.org\",\"@graph\":[{\"@type\":\"WebPage\",\"@id\":\"https:\/\/letrame.com\/catalogo\/producto\/la-herencia-del-pentimento\/\",\"url\":\"https:\/\/letrame.com\/catalogo\/producto\/la-herencia-del-pentimento\/\",\"name\":\"La herencia del Pentimento - Catalogo | Letrame Grupo Editorial\",\"isPartOf\":{\"@id\":\"https:\/\/letrame.com\/catalogo\/#website\"},\"primaryImageOfPage\":{\"@id\":\"https:\/\/letrame.com\/catalogo\/producto\/la-herencia-del-pentimento\/#primaryimage\"},\"image\":{\"@id\":\"https:\/\/letrame.com\/catalogo\/producto\/la-herencia-del-pentimento\/#primaryimage\"},\"thumbnailUrl\":\"https:\/\/letrame.com\/catalogo\/wp-content\/uploads\/2024\/04\/webportada_laherenciadel_781mm-compressed-scaled-1.jpg\",\"datePublished\":\"2024-04-29T14:31:44+00:00\",\"dateModified\":\"2024-04-29T14:32:09+00:00\",\"breadcrumb\":{\"@id\":\"https:\/\/letrame.com\/catalogo\/producto\/la-herencia-del-pentimento\/#breadcrumb\"},\"inLanguage\":\"es\",\"potentialAction\":[{\"@type\":\"ReadAction\",\"target\":[\"https:\/\/letrame.com\/catalogo\/producto\/la-herencia-del-pentimento\/\"]}]},{\"@type\":\"ImageObject\",\"inLanguage\":\"es\",\"@id\":\"https:\/\/letrame.com\/catalogo\/producto\/la-herencia-del-pentimento\/#primaryimage\",\"url\":\"https:\/\/letrame.com\/catalogo\/wp-content\/uploads\/2024\/04\/webportada_laherenciadel_781mm-compressed-scaled-1.jpg\",\"contentUrl\":\"https:\/\/letrame.com\/catalogo\/wp-content\/uploads\/2024\/04\/webportada_laherenciadel_781mm-compressed-scaled-1.jpg\",\"width\":1746,\"height\":2560},{\"@type\":\"BreadcrumbList\",\"@id\":\"https:\/\/letrame.com\/catalogo\/producto\/la-herencia-del-pentimento\/#breadcrumb\",\"itemListElement\":[{\"@type\":\"ListItem\",\"position\":1,\"name\":\"Portada\",\"item\":\"https:\/\/letrame.com\/catalogo\/\"},{\"@type\":\"ListItem\",\"position\":2,\"name\":\"Cat\u00e1logo\",\"item\":\"https:\/\/letrame.com\/catalogo\/\"},{\"@type\":\"ListItem\",\"position\":3,\"name\":\"La herencia del Pentimento\"}]},{\"@type\":\"WebSite\",\"@id\":\"https:\/\/letrame.com\/catalogo\/#website\",\"url\":\"https:\/\/letrame.com\/catalogo\/\",\"name\":\"Catalogo | Letrame Grupo Editorial\",\"description\":\"\",\"publisher\":{\"@id\":\"https:\/\/letrame.com\/catalogo\/#organization\"},\"potentialAction\":[{\"@type\":\"SearchAction\",\"target\":{\"@type\":\"EntryPoint\",\"urlTemplate\":\"https:\/\/letrame.com\/catalogo\/?s={search_term_string}\"},\"query-input\":{\"@type\":\"PropertyValueSpecification\",\"valueRequired\":true,\"valueName\":\"search_term_string\"}}],\"inLanguage\":\"es\"},{\"@type\":\"Organization\",\"@id\":\"https:\/\/letrame.com\/catalogo\/#organization\",\"name\":\"Catalogo | Letrame Grupo Editorial\",\"url\":\"https:\/\/letrame.com\/catalogo\/\",\"logo\":{\"@type\":\"ImageObject\",\"inLanguage\":\"es\",\"@id\":\"https:\/\/letrame.com\/catalogo\/#\/schema\/logo\/image\/\",\"url\":\"https:\/\/letrame.com\/catalogo\/wp-content\/uploads\/2024\/03\/logo2.webp\",\"contentUrl\":\"https:\/\/letrame.com\/catalogo\/wp-content\/uploads\/2024\/03\/logo2.webp\",\"width\":394,\"height\":128,\"caption\":\"Catalogo | Letrame Grupo Editorial\"},\"image\":{\"@id\":\"https:\/\/letrame.com\/catalogo\/#\/schema\/logo\/image\/\"}}]}<\/script>\n<!-- \/ Yoast SEO plugin. -->","yoast_head_json":{"title":"La herencia del Pentimento - Catalogo | Letrame Grupo Editorial","robots":{"index":"index","follow":"follow","max-snippet":"max-snippet:-1","max-image-preview":"max-image-preview:large","max-video-preview":"max-video-preview:-1"},"canonical":"https:\/\/letrame.com\/catalogo\/producto\/la-herencia-del-pentimento\/","og_locale":"es_ES","og_type":"article","og_title":"La herencia del Pentimento - Catalogo | Letrame Grupo Editorial","og_description":"ISBN: 978-84-1181-516-1 T\u00edtulo: La herencia del Pentimento Fecha: 2023 P\u00e1ginas: 146 SINOPSIS La herencia del pentimento es producto\u00a0 de vivencias y creencias que, como el polvo de estrella que nos cre\u00f3, fueron viajando desde tiempos inmemoriales por entre las fibras de la historia humana. Si una obra como el Quijote o el mismo David de Miguel Angel les parece fascinante, tambi\u00e9n lo deber\u00eda ser el papel donde fueron recreadas o dise\u00f1adas esas obras. Para mi lo son, y por ello esta historia que nos lleva por un viaje, tanto hist\u00f3rico como surrealista, hasta una noci\u00f3n b\u00e1sica de la herencia humana. &nbsp; Ludovico, obsesionado con recuperar la fortuna de su apellido perdido, se enfrasca en una espiral de fracasos y torturas que salpican a su familia, heredando esa idea a Joaqu\u00edn, su hijo, ferviente cat\u00f3lico, que al igual que su padre se obsesiona con demostrar que un simple papel, que ten\u00eda desde que llegaron a Toledo, no ten\u00eda nada de simple, y que en sus fibras se escond\u00edan grandes historias de valor incalculable\u2026 L\u00e1stima que, al creer descubrir la verdad sobre su papel heredado, sus creencias y pasado se podr\u00edan ver afectados. &nbsp;","og_url":"https:\/\/letrame.com\/catalogo\/producto\/la-herencia-del-pentimento\/","og_site_name":"Catalogo | Letrame Grupo Editorial","article_modified_time":"2024-04-29T14:32:09+00:00","og_image":[{"width":1746,"height":2560,"url":"https:\/\/letrame.com\/catalogo\/wp-content\/uploads\/2024\/04\/webportada_laherenciadel_781mm-compressed-scaled-1.jpg","type":"image\/jpeg"}],"twitter_card":"summary_large_image","twitter_misc":{"Tiempo de lectura":"1 minuto"},"schema":{"@context":"https:\/\/schema.org","@graph":[{"@type":"WebPage","@id":"https:\/\/letrame.com\/catalogo\/producto\/la-herencia-del-pentimento\/","url":"https:\/\/letrame.com\/catalogo\/producto\/la-herencia-del-pentimento\/","name":"La herencia del Pentimento - Catalogo | Letrame Grupo Editorial","isPartOf":{"@id":"https:\/\/letrame.com\/catalogo\/#website"},"primaryImageOfPage":{"@id":"https:\/\/letrame.com\/catalogo\/producto\/la-herencia-del-pentimento\/#primaryimage"},"image":{"@id":"https:\/\/letrame.com\/catalogo\/producto\/la-herencia-del-pentimento\/#primaryimage"},"thumbnailUrl":"https:\/\/letrame.com\/catalogo\/wp-content\/uploads\/2024\/04\/webportada_laherenciadel_781mm-compressed-scaled-1.jpg","datePublished":"2024-04-29T14:31:44+00:00","dateModified":"2024-04-29T14:32:09+00:00","breadcrumb":{"@id":"https:\/\/letrame.com\/catalogo\/producto\/la-herencia-del-pentimento\/#breadcrumb"},"inLanguage":"es","potentialAction":[{"@type":"ReadAction","target":["https:\/\/letrame.com\/catalogo\/producto\/la-herencia-del-pentimento\/"]}]},{"@type":"ImageObject","inLanguage":"es","@id":"https:\/\/letrame.com\/catalogo\/producto\/la-herencia-del-pentimento\/#primaryimage","url":"https:\/\/letrame.com\/catalogo\/wp-content\/uploads\/2024\/04\/webportada_laherenciadel_781mm-compressed-scaled-1.jpg","contentUrl":"https:\/\/letrame.com\/catalogo\/wp-content\/uploads\/2024\/04\/webportada_laherenciadel_781mm-compressed-scaled-1.jpg","width":1746,"height":2560},{"@type":"BreadcrumbList","@id":"https:\/\/letrame.com\/catalogo\/producto\/la-herencia-del-pentimento\/#breadcrumb","itemListElement":[{"@type":"ListItem","position":1,"name":"Portada","item":"https:\/\/letrame.com\/catalogo\/"},{"@type":"ListItem","position":2,"name":"Cat\u00e1logo","item":"https:\/\/letrame.com\/catalogo\/"},{"@type":"ListItem","position":3,"name":"La herencia del Pentimento"}]},{"@type":"WebSite","@id":"https:\/\/letrame.com\/catalogo\/#website","url":"https:\/\/letrame.com\/catalogo\/","name":"Catalogo | Letrame Grupo Editorial","description":"","publisher":{"@id":"https:\/\/letrame.com\/catalogo\/#organization"},"potentialAction":[{"@type":"SearchAction","target":{"@type":"EntryPoint","urlTemplate":"https:\/\/letrame.com\/catalogo\/?s={search_term_string}"},"query-input":{"@type":"PropertyValueSpecification","valueRequired":true,"valueName":"search_term_string"}}],"inLanguage":"es"},{"@type":"Organization","@id":"https:\/\/letrame.com\/catalogo\/#organization","name":"Catalogo | Letrame Grupo Editorial","url":"https:\/\/letrame.com\/catalogo\/","logo":{"@type":"ImageObject","inLanguage":"es","@id":"https:\/\/letrame.com\/catalogo\/#\/schema\/logo\/image\/","url":"https:\/\/letrame.com\/catalogo\/wp-content\/uploads\/2024\/03\/logo2.webp","contentUrl":"https:\/\/letrame.com\/catalogo\/wp-content\/uploads\/2024\/03\/logo2.webp","width":394,"height":128,"caption":"Catalogo | Letrame Grupo Editorial"},"image":{"@id":"https:\/\/letrame.com\/catalogo\/#\/schema\/logo\/image\/"}}]}},"_links":{"self":[{"href":"https:\/\/letrame.com\/catalogo\/wp-json\/wp\/v2\/product\/99500","targetHints":{"allow":["GET"]}}],"collection":[{"href":"https:\/\/letrame.com\/catalogo\/wp-json\/wp\/v2\/product"}],"about":[{"href":"https:\/\/letrame.com\/catalogo\/wp-json\/wp\/v2\/types\/product"}],"replies":[{"embeddable":true,"href":"https:\/\/letrame.com\/catalogo\/wp-json\/wp\/v2\/comments?post=99500"}],"acf:post":[{"embeddable":true,"href":"https:\/\/letrame.com\/catalogo\/wp-json\/wp\/v2\/author_book\/77811"}],"wp:featuredmedia":[{"embeddable":true,"href":"https:\/\/letrame.com\/catalogo\/wp-json\/wp\/v2\/media\/99501"}],"wp:attachment":[{"href":"https:\/\/letrame.com\/catalogo\/wp-json\/wp\/v2\/media?parent=99500"}],"wp:term":[{"taxonomy":"libro","embeddable":true,"href":"https:\/\/letrame.com\/catalogo\/wp-json\/wp\/v2\/libro?post=99500"},{"taxonomy":"product_brand","embeddable":true,"href":"https:\/\/letrame.com\/catalogo\/wp-json\/wp\/v2\/product_brand?post=99500"},{"taxonomy":"product_cat","embeddable":true,"href":"https:\/\/letrame.com\/catalogo\/wp-json\/wp\/v2\/product_cat?post=99500"},{"taxonomy":"product_tag","embeddable":true,"href":"https:\/\/letrame.com\/catalogo\/wp-json\/wp\/v2\/product_tag?post=99500"}],"curies":[{"name":"wp","href":"https:\/\/api.w.org\/{rel}","templated":true}]}}