{"id":99492,"date":"2024-04-29T16:31:04","date_gmt":"2024-04-29T14:31:04","guid":{"rendered":"https:\/\/letrame.com\/catalogo\/producto\/una-bachata-por-el-porvenir\/"},"modified":"2024-04-29T16:31:17","modified_gmt":"2024-04-29T14:31:17","slug":"una-bachata-por-el-porvenir","status":"publish","type":"product","link":"https:\/\/letrame.com\/catalogo\/producto\/una-bachata-por-el-porvenir\/","title":{"rendered":"Una bachata por el porvenir"},"content":{"rendered":"<p><strong>ISBN<\/strong>: 978-84-1181-524-6<\/p>\n<p><strong>T\u00edtulo<\/strong>: Una bachata por el porvenir<br \/>\n<strong>Fecha<\/strong>: 2023<br \/>\n<strong>P\u00e1ginas<\/strong>: 188<\/p>\n<p><strong>SINOPSIS<\/strong><\/p>\n<p>La Rep\u00fablica Dominicana es un pa\u00eds de contrastes extremos. Mansiones y hoteles de lujo se erigen enfrente de humildes chabolas de colores. La isla flota en dos mares econ\u00f3micos bien distintos, en los que unos pocos explotan a otros muchos.<\/p>\n<p>Carmelo trabaja de bailar\u00edn. Compagina su vida noct\u00e1mbula con la tarea de padre deficiente, para la cual no podr\u00eda sobrevivir sin su hermana y su madre. Como muchos dominicanos, fue padre muy joven, muy pronto y muy inconscientemente.<\/p>\n<p>Para sacar un dinero extra que lo mantenga a flote, Carmelo hace lo que muchos de sus compatriotas se ven obligados a hacer: ofrecer su acompa\u00f1amiento a cambio de dinero, favores y la eterna promesa de salir alg\u00fan d\u00eda de la isla. Prisi\u00f3n para quienes nacen en las chabolas de colores y para\u00edso para quienes disfrutan de sus lujosos hoteles y playas, ajenos a la vida que habita esas casas coloridas.<\/p>\n<p><em>Una bachata por el porvenir<\/em> es un homenaje al pueblo dominicano.<\/p>\n","protected":false},"excerpt":{"rendered":"<p><strong>ISBN<\/strong>: 978-84-1181-524-6<\/p>\n<p><strong>SINOPSIS<\/strong><\/p>\n<p>La Rep\u00fablica Dominicana es un pa\u00eds de contrastes extremos. Mansiones y hoteles de lujo se erigen enfrente de humildes chabolas de colores. La isla flota en dos mares econ\u00f3micos bien distintos, en los que unos pocos explotan a otros muchos.<\/p>\n<p>Carmelo trabaja de bailar\u00edn. Compagina su vida noct\u00e1mbula con la tarea de padre deficiente, para la cual no podr\u00eda sobrevivir sin su hermana y su madre. Como muchos dominicanos, fue padre muy joven, muy pronto y muy inconscientemente.<\/p>\n<p>Para sacar un dinero extra que lo mantenga a flote, Carmelo hace lo que muchos de sus compatriotas se ven obligados a hacer: ofrecer su acompa\u00f1amiento a cambio de dinero, favores y la eterna promesa de salir alg\u00fan d\u00eda de la isla. Prisi\u00f3n para quienes nacen en las chabolas de colores y para\u00edso para quienes disfrutan de sus lujosos hoteles y playas, ajenos a la vida que habita esas casas coloridas.<\/p>\n<p><em>Una bachata por el porvenir<\/em> es un homenaje al pueblo dominicano.<\/p>\n","protected":false},"featured_media":99493,"comment_status":"closed","ping_status":"open","template":"","meta":{"_acf_changed":false},"libro":[],"product_brand":[],"product_cat":[26],"product_tag":[],"class_list":{"0":"post-99492","1":"product","2":"type-product","3":"status-publish","4":"has-post-thumbnail","6":"product_cat-sin-categoria","8":"first","9":"instock","10":"product-type-simple"},"acf":{"autor":[77805],"enlace_de_compra":"https:\/\/www.amazon.es\/Una-Bachata-por-el-Porvenir\/dp\/8411815242"},"yoast_head":"<!-- This site is optimized with the Yoast SEO plugin v27.4 - https:\/\/yoast.com\/product\/yoast-seo-wordpress\/ -->\n<title>Una bachata por el porvenir - Catalogo | Letrame Grupo Editorial<\/title>\n<meta name=\"robots\" content=\"index, follow, max-snippet:-1, max-image-preview:large, max-video-preview:-1\" \/>\n<link rel=\"canonical\" href=\"https:\/\/letrame.com\/catalogo\/producto\/una-bachata-por-el-porvenir\/\" \/>\n<meta property=\"og:locale\" content=\"es_ES\" \/>\n<meta property=\"og:type\" content=\"article\" \/>\n<meta property=\"og:title\" content=\"Una bachata por el porvenir - Catalogo | Letrame Grupo Editorial\" \/>\n<meta property=\"og:description\" content=\"ISBN: 978-84-1181-524-6 SINOPSIS La Rep\u00fablica Dominicana es un pa\u00eds de contrastes extremos. Mansiones y hoteles de lujo se erigen enfrente de humildes chabolas de colores. La isla flota en dos mares econ\u00f3micos bien distintos, en los que unos pocos explotan a otros muchos. Carmelo trabaja de bailar\u00edn. Compagina su vida noct\u00e1mbula con la tarea de padre deficiente, para la cual no podr\u00eda sobrevivir sin su hermana y su madre. Como muchos dominicanos, fue padre muy joven, muy pronto y muy inconscientemente. Para sacar un dinero extra que lo mantenga a flote, Carmelo hace lo que muchos de sus compatriotas se ven obligados a hacer: ofrecer su acompa\u00f1amiento a cambio de dinero, favores y la eterna promesa de salir alg\u00fan d\u00eda de la isla. Prisi\u00f3n para quienes nacen en las chabolas de colores y para\u00edso para quienes disfrutan de sus lujosos hoteles y playas, ajenos a la vida que habita esas casas coloridas. Una bachata por el porvenir es un homenaje al pueblo dominicano.\" \/>\n<meta property=\"og:url\" content=\"https:\/\/letrame.com\/catalogo\/producto\/una-bachata-por-el-porvenir\/\" \/>\n<meta property=\"og:site_name\" content=\"Catalogo | Letrame Grupo Editorial\" \/>\n<meta property=\"article:modified_time\" content=\"2024-04-29T14:31:17+00:00\" \/>\n<meta property=\"og:image\" content=\"https:\/\/letrame.com\/catalogo\/wp-content\/uploads\/2024\/04\/webportada_unabachata_974mm-compressed-scaled-1.jpg\" \/>\n\t<meta property=\"og:image:width\" content=\"1659\" \/>\n\t<meta property=\"og:image:height\" content=\"2560\" \/>\n\t<meta property=\"og:image:type\" content=\"image\/jpeg\" \/>\n<meta name=\"twitter:card\" content=\"summary_large_image\" \/>\n<meta name=\"twitter:label1\" content=\"Tiempo de lectura\" \/>\n\t<meta name=\"twitter:data1\" content=\"1 minuto\" \/>\n<script type=\"application\/ld+json\" class=\"yoast-schema-graph\">{\"@context\":\"https:\\\/\\\/schema.org\",\"@graph\":[{\"@type\":\"WebPage\",\"@id\":\"https:\\\/\\\/letrame.com\\\/catalogo\\\/producto\\\/una-bachata-por-el-porvenir\\\/\",\"url\":\"https:\\\/\\\/letrame.com\\\/catalogo\\\/producto\\\/una-bachata-por-el-porvenir\\\/\",\"name\":\"Una bachata por el porvenir - Catalogo | Letrame Grupo Editorial\",\"isPartOf\":{\"@id\":\"https:\\\/\\\/letrame.com\\\/catalogo\\\/#website\"},\"primaryImageOfPage\":{\"@id\":\"https:\\\/\\\/letrame.com\\\/catalogo\\\/producto\\\/una-bachata-por-el-porvenir\\\/#primaryimage\"},\"image\":{\"@id\":\"https:\\\/\\\/letrame.com\\\/catalogo\\\/producto\\\/una-bachata-por-el-porvenir\\\/#primaryimage\"},\"thumbnailUrl\":\"https:\\\/\\\/letrame.com\\\/catalogo\\\/wp-content\\\/uploads\\\/2024\\\/04\\\/webportada_unabachata_974mm-compressed-scaled-1.jpg\",\"datePublished\":\"2024-04-29T14:31:04+00:00\",\"dateModified\":\"2024-04-29T14:31:17+00:00\",\"breadcrumb\":{\"@id\":\"https:\\\/\\\/letrame.com\\\/catalogo\\\/producto\\\/una-bachata-por-el-porvenir\\\/#breadcrumb\"},\"inLanguage\":\"es\",\"potentialAction\":[{\"@type\":\"ReadAction\",\"target\":[\"https:\\\/\\\/letrame.com\\\/catalogo\\\/producto\\\/una-bachata-por-el-porvenir\\\/\"]}]},{\"@type\":\"ImageObject\",\"inLanguage\":\"es\",\"@id\":\"https:\\\/\\\/letrame.com\\\/catalogo\\\/producto\\\/una-bachata-por-el-porvenir\\\/#primaryimage\",\"url\":\"https:\\\/\\\/letrame.com\\\/catalogo\\\/wp-content\\\/uploads\\\/2024\\\/04\\\/webportada_unabachata_974mm-compressed-scaled-1.jpg\",\"contentUrl\":\"https:\\\/\\\/letrame.com\\\/catalogo\\\/wp-content\\\/uploads\\\/2024\\\/04\\\/webportada_unabachata_974mm-compressed-scaled-1.jpg\",\"width\":1659,\"height\":2560},{\"@type\":\"BreadcrumbList\",\"@id\":\"https:\\\/\\\/letrame.com\\\/catalogo\\\/producto\\\/una-bachata-por-el-porvenir\\\/#breadcrumb\",\"itemListElement\":[{\"@type\":\"ListItem\",\"position\":1,\"name\":\"Portada\",\"item\":\"https:\\\/\\\/letrame.com\\\/catalogo\\\/\"},{\"@type\":\"ListItem\",\"position\":2,\"name\":\"Cat\u00e1logo\",\"item\":\"https:\\\/\\\/letrame.com\\\/catalogo\\\/\"},{\"@type\":\"ListItem\",\"position\":3,\"name\":\"Una bachata por el porvenir\"}]},{\"@type\":\"WebSite\",\"@id\":\"https:\\\/\\\/letrame.com\\\/catalogo\\\/#website\",\"url\":\"https:\\\/\\\/letrame.com\\\/catalogo\\\/\",\"name\":\"Catalogo | Letrame Grupo Editorial\",\"description\":\"\",\"publisher\":{\"@id\":\"https:\\\/\\\/letrame.com\\\/catalogo\\\/#organization\"},\"potentialAction\":[{\"@type\":\"SearchAction\",\"target\":{\"@type\":\"EntryPoint\",\"urlTemplate\":\"https:\\\/\\\/letrame.com\\\/catalogo\\\/?s={search_term_string}\"},\"query-input\":{\"@type\":\"PropertyValueSpecification\",\"valueRequired\":true,\"valueName\":\"search_term_string\"}}],\"inLanguage\":\"es\"},{\"@type\":\"Organization\",\"@id\":\"https:\\\/\\\/letrame.com\\\/catalogo\\\/#organization\",\"name\":\"Catalogo | Letrame Grupo Editorial\",\"url\":\"https:\\\/\\\/letrame.com\\\/catalogo\\\/\",\"logo\":{\"@type\":\"ImageObject\",\"inLanguage\":\"es\",\"@id\":\"https:\\\/\\\/letrame.com\\\/catalogo\\\/#\\\/schema\\\/logo\\\/image\\\/\",\"url\":\"https:\\\/\\\/letrame.com\\\/catalogo\\\/wp-content\\\/uploads\\\/2024\\\/03\\\/logo2.webp\",\"contentUrl\":\"https:\\\/\\\/letrame.com\\\/catalogo\\\/wp-content\\\/uploads\\\/2024\\\/03\\\/logo2.webp\",\"width\":394,\"height\":128,\"caption\":\"Catalogo | Letrame Grupo Editorial\"},\"image\":{\"@id\":\"https:\\\/\\\/letrame.com\\\/catalogo\\\/#\\\/schema\\\/logo\\\/image\\\/\"}}]}<\/script>\n<!-- \/ Yoast SEO plugin. -->","yoast_head_json":{"title":"Una bachata por el porvenir - Catalogo | Letrame Grupo Editorial","robots":{"index":"index","follow":"follow","max-snippet":"max-snippet:-1","max-image-preview":"max-image-preview:large","max-video-preview":"max-video-preview:-1"},"canonical":"https:\/\/letrame.com\/catalogo\/producto\/una-bachata-por-el-porvenir\/","og_locale":"es_ES","og_type":"article","og_title":"Una bachata por el porvenir - Catalogo | Letrame Grupo Editorial","og_description":"ISBN: 978-84-1181-524-6 SINOPSIS La Rep\u00fablica Dominicana es un pa\u00eds de contrastes extremos. Mansiones y hoteles de lujo se erigen enfrente de humildes chabolas de colores. La isla flota en dos mares econ\u00f3micos bien distintos, en los que unos pocos explotan a otros muchos. Carmelo trabaja de bailar\u00edn. Compagina su vida noct\u00e1mbula con la tarea de padre deficiente, para la cual no podr\u00eda sobrevivir sin su hermana y su madre. Como muchos dominicanos, fue padre muy joven, muy pronto y muy inconscientemente. Para sacar un dinero extra que lo mantenga a flote, Carmelo hace lo que muchos de sus compatriotas se ven obligados a hacer: ofrecer su acompa\u00f1amiento a cambio de dinero, favores y la eterna promesa de salir alg\u00fan d\u00eda de la isla. Prisi\u00f3n para quienes nacen en las chabolas de colores y para\u00edso para quienes disfrutan de sus lujosos hoteles y playas, ajenos a la vida que habita esas casas coloridas. Una bachata por el porvenir es un homenaje al pueblo dominicano.","og_url":"https:\/\/letrame.com\/catalogo\/producto\/una-bachata-por-el-porvenir\/","og_site_name":"Catalogo | Letrame Grupo Editorial","article_modified_time":"2024-04-29T14:31:17+00:00","og_image":[{"width":1659,"height":2560,"url":"https:\/\/letrame.com\/catalogo\/wp-content\/uploads\/2024\/04\/webportada_unabachata_974mm-compressed-scaled-1.jpg","type":"image\/jpeg"}],"twitter_card":"summary_large_image","twitter_misc":{"Tiempo de lectura":"1 minuto"},"schema":{"@context":"https:\/\/schema.org","@graph":[{"@type":"WebPage","@id":"https:\/\/letrame.com\/catalogo\/producto\/una-bachata-por-el-porvenir\/","url":"https:\/\/letrame.com\/catalogo\/producto\/una-bachata-por-el-porvenir\/","name":"Una bachata por el porvenir - Catalogo | Letrame Grupo Editorial","isPartOf":{"@id":"https:\/\/letrame.com\/catalogo\/#website"},"primaryImageOfPage":{"@id":"https:\/\/letrame.com\/catalogo\/producto\/una-bachata-por-el-porvenir\/#primaryimage"},"image":{"@id":"https:\/\/letrame.com\/catalogo\/producto\/una-bachata-por-el-porvenir\/#primaryimage"},"thumbnailUrl":"https:\/\/letrame.com\/catalogo\/wp-content\/uploads\/2024\/04\/webportada_unabachata_974mm-compressed-scaled-1.jpg","datePublished":"2024-04-29T14:31:04+00:00","dateModified":"2024-04-29T14:31:17+00:00","breadcrumb":{"@id":"https:\/\/letrame.com\/catalogo\/producto\/una-bachata-por-el-porvenir\/#breadcrumb"},"inLanguage":"es","potentialAction":[{"@type":"ReadAction","target":["https:\/\/letrame.com\/catalogo\/producto\/una-bachata-por-el-porvenir\/"]}]},{"@type":"ImageObject","inLanguage":"es","@id":"https:\/\/letrame.com\/catalogo\/producto\/una-bachata-por-el-porvenir\/#primaryimage","url":"https:\/\/letrame.com\/catalogo\/wp-content\/uploads\/2024\/04\/webportada_unabachata_974mm-compressed-scaled-1.jpg","contentUrl":"https:\/\/letrame.com\/catalogo\/wp-content\/uploads\/2024\/04\/webportada_unabachata_974mm-compressed-scaled-1.jpg","width":1659,"height":2560},{"@type":"BreadcrumbList","@id":"https:\/\/letrame.com\/catalogo\/producto\/una-bachata-por-el-porvenir\/#breadcrumb","itemListElement":[{"@type":"ListItem","position":1,"name":"Portada","item":"https:\/\/letrame.com\/catalogo\/"},{"@type":"ListItem","position":2,"name":"Cat\u00e1logo","item":"https:\/\/letrame.com\/catalogo\/"},{"@type":"ListItem","position":3,"name":"Una bachata por el porvenir"}]},{"@type":"WebSite","@id":"https:\/\/letrame.com\/catalogo\/#website","url":"https:\/\/letrame.com\/catalogo\/","name":"Catalogo | Letrame Grupo Editorial","description":"","publisher":{"@id":"https:\/\/letrame.com\/catalogo\/#organization"},"potentialAction":[{"@type":"SearchAction","target":{"@type":"EntryPoint","urlTemplate":"https:\/\/letrame.com\/catalogo\/?s={search_term_string}"},"query-input":{"@type":"PropertyValueSpecification","valueRequired":true,"valueName":"search_term_string"}}],"inLanguage":"es"},{"@type":"Organization","@id":"https:\/\/letrame.com\/catalogo\/#organization","name":"Catalogo | Letrame Grupo Editorial","url":"https:\/\/letrame.com\/catalogo\/","logo":{"@type":"ImageObject","inLanguage":"es","@id":"https:\/\/letrame.com\/catalogo\/#\/schema\/logo\/image\/","url":"https:\/\/letrame.com\/catalogo\/wp-content\/uploads\/2024\/03\/logo2.webp","contentUrl":"https:\/\/letrame.com\/catalogo\/wp-content\/uploads\/2024\/03\/logo2.webp","width":394,"height":128,"caption":"Catalogo | Letrame Grupo Editorial"},"image":{"@id":"https:\/\/letrame.com\/catalogo\/#\/schema\/logo\/image\/"}}]}},"_links":{"self":[{"href":"https:\/\/letrame.com\/catalogo\/wp-json\/wp\/v2\/product\/99492","targetHints":{"allow":["GET"]}}],"collection":[{"href":"https:\/\/letrame.com\/catalogo\/wp-json\/wp\/v2\/product"}],"about":[{"href":"https:\/\/letrame.com\/catalogo\/wp-json\/wp\/v2\/types\/product"}],"replies":[{"embeddable":true,"href":"https:\/\/letrame.com\/catalogo\/wp-json\/wp\/v2\/comments?post=99492"}],"acf:post":[{"embeddable":true,"href":"https:\/\/letrame.com\/catalogo\/wp-json\/wp\/v2\/author_book\/77805"}],"wp:featuredmedia":[{"embeddable":true,"href":"https:\/\/letrame.com\/catalogo\/wp-json\/wp\/v2\/media\/99493"}],"wp:attachment":[{"href":"https:\/\/letrame.com\/catalogo\/wp-json\/wp\/v2\/media?parent=99492"}],"wp:term":[{"taxonomy":"libro","embeddable":true,"href":"https:\/\/letrame.com\/catalogo\/wp-json\/wp\/v2\/libro?post=99492"},{"taxonomy":"product_brand","embeddable":true,"href":"https:\/\/letrame.com\/catalogo\/wp-json\/wp\/v2\/product_brand?post=99492"},{"taxonomy":"product_cat","embeddable":true,"href":"https:\/\/letrame.com\/catalogo\/wp-json\/wp\/v2\/product_cat?post=99492"},{"taxonomy":"product_tag","embeddable":true,"href":"https:\/\/letrame.com\/catalogo\/wp-json\/wp\/v2\/product_tag?post=99492"}],"curies":[{"name":"wp","href":"https:\/\/api.w.org\/{rel}","templated":true}]}}