{"id":99486,"date":"2024-04-29T16:30:20","date_gmt":"2024-04-29T14:30:20","guid":{"rendered":"https:\/\/letrame.com\/catalogo\/producto\/el-mundo-girando\/"},"modified":"2024-04-29T16:30:36","modified_gmt":"2024-04-29T14:30:36","slug":"el-mundo-girando","status":"publish","type":"product","link":"https:\/\/letrame.com\/catalogo\/producto\/el-mundo-girando\/","title":{"rendered":"El mundo girando"},"content":{"rendered":"<p><strong>ISBN<\/strong>: 978-84-1181-454-6<\/p>\n<p><strong>T\u00edtulo<\/strong>: El mundo girando<br \/>\n<strong>Fecha<\/strong>: 2023<br \/>\n<strong>P\u00e1ginas<\/strong>: 332<\/p>\n<p><strong>SINOPSIS<\/strong><\/p>\n<p>Si tienes en tus manos este libro de poemas, prep\u00e1rate a disfrutar, pero sin prisas. Es de lo m\u00e1s variado que puedas encontrar e incluso de una profundidad, que, a veces, roza el misticismo de los grandes poetas del Siglo de Oro espa\u00f1ol.<\/p>\n<p>No, no se parece en nada al barroco de G\u00f3ngora, pero s\u00ed, en ocasiones, evoca a San Juan de la Cruz con unas pinceladas, de un calado en las reflexiones, casi filos\u00f3ficas, que llegan al alma.<\/p>\n<p>Su tem\u00e1tica quiere recordar al Machado costumbrista tocando temas cotidianos, animalistas. Y en ocasiones te har\u00e1n recordar a F. G\u00aa Lorca o a Pablo Neruda cuando el amor, los sue\u00f1os, el dolor, el vivir, se asome a sus versos.<\/p>\n<p>Hay que tomarse su tiempo para degustar este precioso libro de poemas. Tiene que ser despacito, sorbo a sorbo, como el buen vino, para paladear y sentir todos los aromas y sabores con plenitud.<\/p>\n<p>&nbsp;<\/p>\n<p>Rafael Fern\u00e1ndez D\u00e1vila<\/p>\n<p>&nbsp;<\/p>\n","protected":false},"excerpt":{"rendered":"<p><strong>ISBN<\/strong>: 978-84-1181-454-6<\/p>\n<p><strong>SINOPSIS<\/strong><\/p>\n<p>Si tienes en tus manos este libro de poemas, prep\u00e1rate a disfrutar, pero sin prisas. Es de lo m\u00e1s variado que puedas encontrar e incluso de una profundidad, que, a veces, roza el misticismo de los grandes poetas del Siglo de Oro espa\u00f1ol.<\/p>\n<p>No, no se parece en nada al barroco de G\u00f3ngora, pero s\u00ed, en ocasiones, evoca a San Juan de la Cruz con unas pinceladas, de un calado en las reflexiones, casi filos\u00f3ficas, que llegan al alma.<\/p>\n<p>Su tem\u00e1tica quiere recordar al Machado costumbrista tocando temas cotidianos, animalistas. Y en ocasiones te har\u00e1n recordar a F. G\u00aa Lorca o a Pablo Neruda cuando el amor, los sue\u00f1os, el dolor, el vivir, se asome a sus versos.<\/p>\n<p>Hay que tomarse su tiempo para degustar este precioso libro de poemas. Tiene que ser despacito, sorbo a sorbo, como el buen vino, para paladear y sentir todos los aromas y sabores con plenitud.<\/p>\n<p>&nbsp;<\/p>\n<p>Rafael Fern\u00e1ndez D\u00e1vila<\/p>\n","protected":false},"featured_media":99487,"comment_status":"closed","ping_status":"open","template":"","meta":{"_acf_changed":false},"libro":[],"product_brand":[],"product_cat":[26],"product_tag":[],"class_list":{"0":"post-99486","1":"product","2":"type-product","3":"status-publish","4":"has-post-thumbnail","6":"product_cat-sin-categoria","8":"first","9":"instock","10":"product-type-simple"},"acf":{"autor":[76245],"enlace_de_compra":""},"yoast_head":"<!-- This site is optimized with the Yoast SEO plugin v26.6 - https:\/\/yoast.com\/wordpress\/plugins\/seo\/ -->\n<title>El mundo girando - Catalogo | Letrame Grupo Editorial<\/title>\n<meta name=\"robots\" content=\"index, follow, max-snippet:-1, max-image-preview:large, max-video-preview:-1\" \/>\n<link rel=\"canonical\" href=\"https:\/\/letrame.com\/catalogo\/producto\/el-mundo-girando\/\" \/>\n<meta property=\"og:locale\" content=\"es_ES\" \/>\n<meta property=\"og:type\" content=\"article\" \/>\n<meta property=\"og:title\" content=\"El mundo girando - Catalogo | Letrame Grupo Editorial\" \/>\n<meta property=\"og:description\" content=\"ISBN: 978-84-1181-454-6 SINOPSIS Si tienes en tus manos este libro de poemas, prep\u00e1rate a disfrutar, pero sin prisas. Es de lo m\u00e1s variado que puedas encontrar e incluso de una profundidad, que, a veces, roza el misticismo de los grandes poetas del Siglo de Oro espa\u00f1ol. No, no se parece en nada al barroco de G\u00f3ngora, pero s\u00ed, en ocasiones, evoca a San Juan de la Cruz con unas pinceladas, de un calado en las reflexiones, casi filos\u00f3ficas, que llegan al alma. Su tem\u00e1tica quiere recordar al Machado costumbrista tocando temas cotidianos, animalistas. Y en ocasiones te har\u00e1n recordar a F. G\u00aa Lorca o a Pablo Neruda cuando el amor, los sue\u00f1os, el dolor, el vivir, se asome a sus versos. Hay que tomarse su tiempo para degustar este precioso libro de poemas. Tiene que ser despacito, sorbo a sorbo, como el buen vino, para paladear y sentir todos los aromas y sabores con plenitud. &nbsp; Rafael Fern\u00e1ndez D\u00e1vila\" \/>\n<meta property=\"og:url\" content=\"https:\/\/letrame.com\/catalogo\/producto\/el-mundo-girando\/\" \/>\n<meta property=\"og:site_name\" content=\"Catalogo | Letrame Grupo Editorial\" \/>\n<meta property=\"article:modified_time\" content=\"2024-04-29T14:30:36+00:00\" \/>\n<meta property=\"og:image\" content=\"https:\/\/letrame.com\/catalogo\/wp-content\/uploads\/2024\/04\/webelmundogirando_1832mm-compressed.jpg\" \/>\n\t<meta property=\"og:image:width\" content=\"1772\" \/>\n\t<meta property=\"og:image:height\" content=\"2480\" \/>\n\t<meta property=\"og:image:type\" content=\"image\/jpeg\" \/>\n<meta name=\"twitter:card\" content=\"summary_large_image\" \/>\n<meta name=\"twitter:label1\" content=\"Tiempo de lectura\" \/>\n\t<meta name=\"twitter:data1\" content=\"1 minuto\" \/>\n<script type=\"application\/ld+json\" class=\"yoast-schema-graph\">{\"@context\":\"https:\/\/schema.org\",\"@graph\":[{\"@type\":\"WebPage\",\"@id\":\"https:\/\/letrame.com\/catalogo\/producto\/el-mundo-girando\/\",\"url\":\"https:\/\/letrame.com\/catalogo\/producto\/el-mundo-girando\/\",\"name\":\"El mundo girando - Catalogo | Letrame Grupo Editorial\",\"isPartOf\":{\"@id\":\"https:\/\/letrame.com\/catalogo\/#website\"},\"primaryImageOfPage\":{\"@id\":\"https:\/\/letrame.com\/catalogo\/producto\/el-mundo-girando\/#primaryimage\"},\"image\":{\"@id\":\"https:\/\/letrame.com\/catalogo\/producto\/el-mundo-girando\/#primaryimage\"},\"thumbnailUrl\":\"https:\/\/letrame.com\/catalogo\/wp-content\/uploads\/2024\/04\/webelmundogirando_1832mm-compressed.jpg\",\"datePublished\":\"2024-04-29T14:30:20+00:00\",\"dateModified\":\"2024-04-29T14:30:36+00:00\",\"breadcrumb\":{\"@id\":\"https:\/\/letrame.com\/catalogo\/producto\/el-mundo-girando\/#breadcrumb\"},\"inLanguage\":\"es\",\"potentialAction\":[{\"@type\":\"ReadAction\",\"target\":[\"https:\/\/letrame.com\/catalogo\/producto\/el-mundo-girando\/\"]}]},{\"@type\":\"ImageObject\",\"inLanguage\":\"es\",\"@id\":\"https:\/\/letrame.com\/catalogo\/producto\/el-mundo-girando\/#primaryimage\",\"url\":\"https:\/\/letrame.com\/catalogo\/wp-content\/uploads\/2024\/04\/webelmundogirando_1832mm-compressed.jpg\",\"contentUrl\":\"https:\/\/letrame.com\/catalogo\/wp-content\/uploads\/2024\/04\/webelmundogirando_1832mm-compressed.jpg\",\"width\":1772,\"height\":2480},{\"@type\":\"BreadcrumbList\",\"@id\":\"https:\/\/letrame.com\/catalogo\/producto\/el-mundo-girando\/#breadcrumb\",\"itemListElement\":[{\"@type\":\"ListItem\",\"position\":1,\"name\":\"Portada\",\"item\":\"https:\/\/letrame.com\/catalogo\/\"},{\"@type\":\"ListItem\",\"position\":2,\"name\":\"Cat\u00e1logo\",\"item\":\"https:\/\/letrame.com\/catalogo\/\"},{\"@type\":\"ListItem\",\"position\":3,\"name\":\"El mundo girando\"}]},{\"@type\":\"WebSite\",\"@id\":\"https:\/\/letrame.com\/catalogo\/#website\",\"url\":\"https:\/\/letrame.com\/catalogo\/\",\"name\":\"Catalogo | Letrame Grupo Editorial\",\"description\":\"\",\"publisher\":{\"@id\":\"https:\/\/letrame.com\/catalogo\/#organization\"},\"potentialAction\":[{\"@type\":\"SearchAction\",\"target\":{\"@type\":\"EntryPoint\",\"urlTemplate\":\"https:\/\/letrame.com\/catalogo\/?s={search_term_string}\"},\"query-input\":{\"@type\":\"PropertyValueSpecification\",\"valueRequired\":true,\"valueName\":\"search_term_string\"}}],\"inLanguage\":\"es\"},{\"@type\":\"Organization\",\"@id\":\"https:\/\/letrame.com\/catalogo\/#organization\",\"name\":\"Catalogo | Letrame Grupo Editorial\",\"url\":\"https:\/\/letrame.com\/catalogo\/\",\"logo\":{\"@type\":\"ImageObject\",\"inLanguage\":\"es\",\"@id\":\"https:\/\/letrame.com\/catalogo\/#\/schema\/logo\/image\/\",\"url\":\"https:\/\/letrame.com\/catalogo\/wp-content\/uploads\/2024\/03\/logo2.webp\",\"contentUrl\":\"https:\/\/letrame.com\/catalogo\/wp-content\/uploads\/2024\/03\/logo2.webp\",\"width\":394,\"height\":128,\"caption\":\"Catalogo | Letrame Grupo Editorial\"},\"image\":{\"@id\":\"https:\/\/letrame.com\/catalogo\/#\/schema\/logo\/image\/\"}}]}<\/script>\n<!-- \/ Yoast SEO plugin. -->","yoast_head_json":{"title":"El mundo girando - Catalogo | Letrame Grupo Editorial","robots":{"index":"index","follow":"follow","max-snippet":"max-snippet:-1","max-image-preview":"max-image-preview:large","max-video-preview":"max-video-preview:-1"},"canonical":"https:\/\/letrame.com\/catalogo\/producto\/el-mundo-girando\/","og_locale":"es_ES","og_type":"article","og_title":"El mundo girando - Catalogo | Letrame Grupo Editorial","og_description":"ISBN: 978-84-1181-454-6 SINOPSIS Si tienes en tus manos este libro de poemas, prep\u00e1rate a disfrutar, pero sin prisas. Es de lo m\u00e1s variado que puedas encontrar e incluso de una profundidad, que, a veces, roza el misticismo de los grandes poetas del Siglo de Oro espa\u00f1ol. No, no se parece en nada al barroco de G\u00f3ngora, pero s\u00ed, en ocasiones, evoca a San Juan de la Cruz con unas pinceladas, de un calado en las reflexiones, casi filos\u00f3ficas, que llegan al alma. Su tem\u00e1tica quiere recordar al Machado costumbrista tocando temas cotidianos, animalistas. Y en ocasiones te har\u00e1n recordar a F. G\u00aa Lorca o a Pablo Neruda cuando el amor, los sue\u00f1os, el dolor, el vivir, se asome a sus versos. Hay que tomarse su tiempo para degustar este precioso libro de poemas. Tiene que ser despacito, sorbo a sorbo, como el buen vino, para paladear y sentir todos los aromas y sabores con plenitud. &nbsp; Rafael Fern\u00e1ndez D\u00e1vila","og_url":"https:\/\/letrame.com\/catalogo\/producto\/el-mundo-girando\/","og_site_name":"Catalogo | Letrame Grupo Editorial","article_modified_time":"2024-04-29T14:30:36+00:00","og_image":[{"width":1772,"height":2480,"url":"https:\/\/letrame.com\/catalogo\/wp-content\/uploads\/2024\/04\/webelmundogirando_1832mm-compressed.jpg","type":"image\/jpeg"}],"twitter_card":"summary_large_image","twitter_misc":{"Tiempo de lectura":"1 minuto"},"schema":{"@context":"https:\/\/schema.org","@graph":[{"@type":"WebPage","@id":"https:\/\/letrame.com\/catalogo\/producto\/el-mundo-girando\/","url":"https:\/\/letrame.com\/catalogo\/producto\/el-mundo-girando\/","name":"El mundo girando - Catalogo | Letrame Grupo Editorial","isPartOf":{"@id":"https:\/\/letrame.com\/catalogo\/#website"},"primaryImageOfPage":{"@id":"https:\/\/letrame.com\/catalogo\/producto\/el-mundo-girando\/#primaryimage"},"image":{"@id":"https:\/\/letrame.com\/catalogo\/producto\/el-mundo-girando\/#primaryimage"},"thumbnailUrl":"https:\/\/letrame.com\/catalogo\/wp-content\/uploads\/2024\/04\/webelmundogirando_1832mm-compressed.jpg","datePublished":"2024-04-29T14:30:20+00:00","dateModified":"2024-04-29T14:30:36+00:00","breadcrumb":{"@id":"https:\/\/letrame.com\/catalogo\/producto\/el-mundo-girando\/#breadcrumb"},"inLanguage":"es","potentialAction":[{"@type":"ReadAction","target":["https:\/\/letrame.com\/catalogo\/producto\/el-mundo-girando\/"]}]},{"@type":"ImageObject","inLanguage":"es","@id":"https:\/\/letrame.com\/catalogo\/producto\/el-mundo-girando\/#primaryimage","url":"https:\/\/letrame.com\/catalogo\/wp-content\/uploads\/2024\/04\/webelmundogirando_1832mm-compressed.jpg","contentUrl":"https:\/\/letrame.com\/catalogo\/wp-content\/uploads\/2024\/04\/webelmundogirando_1832mm-compressed.jpg","width":1772,"height":2480},{"@type":"BreadcrumbList","@id":"https:\/\/letrame.com\/catalogo\/producto\/el-mundo-girando\/#breadcrumb","itemListElement":[{"@type":"ListItem","position":1,"name":"Portada","item":"https:\/\/letrame.com\/catalogo\/"},{"@type":"ListItem","position":2,"name":"Cat\u00e1logo","item":"https:\/\/letrame.com\/catalogo\/"},{"@type":"ListItem","position":3,"name":"El mundo girando"}]},{"@type":"WebSite","@id":"https:\/\/letrame.com\/catalogo\/#website","url":"https:\/\/letrame.com\/catalogo\/","name":"Catalogo | Letrame Grupo Editorial","description":"","publisher":{"@id":"https:\/\/letrame.com\/catalogo\/#organization"},"potentialAction":[{"@type":"SearchAction","target":{"@type":"EntryPoint","urlTemplate":"https:\/\/letrame.com\/catalogo\/?s={search_term_string}"},"query-input":{"@type":"PropertyValueSpecification","valueRequired":true,"valueName":"search_term_string"}}],"inLanguage":"es"},{"@type":"Organization","@id":"https:\/\/letrame.com\/catalogo\/#organization","name":"Catalogo | Letrame Grupo Editorial","url":"https:\/\/letrame.com\/catalogo\/","logo":{"@type":"ImageObject","inLanguage":"es","@id":"https:\/\/letrame.com\/catalogo\/#\/schema\/logo\/image\/","url":"https:\/\/letrame.com\/catalogo\/wp-content\/uploads\/2024\/03\/logo2.webp","contentUrl":"https:\/\/letrame.com\/catalogo\/wp-content\/uploads\/2024\/03\/logo2.webp","width":394,"height":128,"caption":"Catalogo | Letrame Grupo Editorial"},"image":{"@id":"https:\/\/letrame.com\/catalogo\/#\/schema\/logo\/image\/"}}]}},"_links":{"self":[{"href":"https:\/\/letrame.com\/catalogo\/wp-json\/wp\/v2\/product\/99486","targetHints":{"allow":["GET"]}}],"collection":[{"href":"https:\/\/letrame.com\/catalogo\/wp-json\/wp\/v2\/product"}],"about":[{"href":"https:\/\/letrame.com\/catalogo\/wp-json\/wp\/v2\/types\/product"}],"replies":[{"embeddable":true,"href":"https:\/\/letrame.com\/catalogo\/wp-json\/wp\/v2\/comments?post=99486"}],"acf:post":[{"embeddable":true,"href":"https:\/\/letrame.com\/catalogo\/wp-json\/wp\/v2\/author_book\/76245"}],"wp:featuredmedia":[{"embeddable":true,"href":"https:\/\/letrame.com\/catalogo\/wp-json\/wp\/v2\/media\/99487"}],"wp:attachment":[{"href":"https:\/\/letrame.com\/catalogo\/wp-json\/wp\/v2\/media?parent=99486"}],"wp:term":[{"taxonomy":"libro","embeddable":true,"href":"https:\/\/letrame.com\/catalogo\/wp-json\/wp\/v2\/libro?post=99486"},{"taxonomy":"product_brand","embeddable":true,"href":"https:\/\/letrame.com\/catalogo\/wp-json\/wp\/v2\/product_brand?post=99486"},{"taxonomy":"product_cat","embeddable":true,"href":"https:\/\/letrame.com\/catalogo\/wp-json\/wp\/v2\/product_cat?post=99486"},{"taxonomy":"product_tag","embeddable":true,"href":"https:\/\/letrame.com\/catalogo\/wp-json\/wp\/v2\/product_tag?post=99486"}],"curies":[{"name":"wp","href":"https:\/\/api.w.org\/{rel}","templated":true}]}}