{"id":99476,"date":"2024-04-29T16:28:55","date_gmt":"2024-04-29T14:28:55","guid":{"rendered":"https:\/\/letrame.com\/catalogo\/producto\/viajes-inaplazables\/"},"modified":"2024-04-29T16:29:18","modified_gmt":"2024-04-29T14:29:18","slug":"viajes-inaplazables","status":"publish","type":"product","link":"https:\/\/letrame.com\/catalogo\/producto\/viajes-inaplazables\/","title":{"rendered":"Viajes inaplazables"},"content":{"rendered":"<p><strong>ISBN<\/strong>: 978-84-1181-403-4<\/p>\n<p><strong>T\u00edtulo<\/strong>: Viajes inaplazables<br \/>\n<strong>Fecha<\/strong>: 2023<br \/>\n<strong>P\u00e1ginas<\/strong>: 238<\/p>\n<p><strong>SINOPSIS<\/strong><\/p>\n<p>Los viajes que a menudo realizamos suelen ser de recreo, aventura, compromiso o despedida. Algunos se pueden postergar para momentos m\u00e1s id\u00f3neos. Otros resultan ser inaplazables empuj\u00e1ndote a ellos las circunstancias de la vida. En cada uno de ellos se entremezclan nuevas experiencias con las ya vividas que, a veces, nos alientan y relajan; pero otras muchas nos atormentan y esclavizan, deseando esclarecer los hechos que puedan proporcionarnos paz y una existencia m\u00e1s tranquila y segura. La protagonista viaja en busca de un futuro mejor, abandonando su pa\u00eds por un matrimonio de conveniencia ama\u00f1ado por su amiga, hacia un nuevo mundo del que todos le hablaban de prosperidad y en el que tambi\u00e9n encontr\u00f3 mucho dolor. Abanderando siempre la verdad, su capacidad de sacrificio y entrega le llevar\u00e1n a descubrir y disfrutar el futuro anhelado.<\/p>\n<p>&nbsp;<\/p>\n<p>&nbsp;<\/p>\n","protected":false},"excerpt":{"rendered":"<p><strong>ISBN<\/strong>: 978-84-1181-403-4<\/p>\n<p><strong>SINOPSIS<\/strong><\/p>\n<p>Los viajes que a menudo realizamos suelen ser de recreo, aventura, compromiso o despedida. Algunos se pueden postergar para momentos m\u00e1s id\u00f3neos. Otros resultan ser inaplazables empuj\u00e1ndote a ellos las circunstancias de la vida. En cada uno de ellos se entremezclan nuevas experiencias con las ya vividas que, a veces, nos alientan y relajan; pero otras muchas nos atormentan y esclavizan, deseando esclarecer los hechos que puedan proporcionarnos paz y una existencia m\u00e1s tranquila y segura. La protagonista viaja en busca de un futuro mejor, abandonando su pa\u00eds por un matrimonio de conveniencia ama\u00f1ado por su amiga, hacia un nuevo mundo del que todos le hablaban de prosperidad y en el que tambi\u00e9n encontr\u00f3 mucho dolor. Abanderando siempre la verdad, su capacidad de sacrificio y entrega le llevar\u00e1n a descubrir y disfrutar el futuro anhelado.<\/p>\n<p>&nbsp;<\/p>\n","protected":false},"featured_media":99477,"comment_status":"closed","ping_status":"open","template":"","meta":{"_acf_changed":false},"libro":[],"product_brand":[],"product_cat":[26],"product_tag":[],"class_list":{"0":"post-99476","1":"product","2":"type-product","3":"status-publish","4":"has-post-thumbnail","6":"product_cat-sin-categoria","8":"first","9":"instock","10":"product-type-simple"},"acf":{"autor":[77791],"enlace_de_compra":""},"yoast_head":"<!-- This site is optimized with the Yoast SEO plugin v26.6 - https:\/\/yoast.com\/wordpress\/plugins\/seo\/ -->\n<title>Viajes inaplazables - Catalogo | Letrame Grupo Editorial<\/title>\n<meta name=\"robots\" content=\"index, follow, max-snippet:-1, max-image-preview:large, max-video-preview:-1\" \/>\n<link rel=\"canonical\" href=\"https:\/\/letrame.com\/catalogo\/producto\/viajes-inaplazables\/\" \/>\n<meta property=\"og:locale\" content=\"es_ES\" \/>\n<meta property=\"og:type\" content=\"article\" \/>\n<meta property=\"og:title\" content=\"Viajes inaplazables - Catalogo | Letrame Grupo Editorial\" \/>\n<meta property=\"og:description\" content=\"ISBN: 978-84-1181-403-4 SINOPSIS Los viajes que a menudo realizamos suelen ser de recreo, aventura, compromiso o despedida. Algunos se pueden postergar para momentos m\u00e1s id\u00f3neos. Otros resultan ser inaplazables empuj\u00e1ndote a ellos las circunstancias de la vida. En cada uno de ellos se entremezclan nuevas experiencias con las ya vividas que, a veces, nos alientan y relajan; pero otras muchas nos atormentan y esclavizan, deseando esclarecer los hechos que puedan proporcionarnos paz y una existencia m\u00e1s tranquila y segura. La protagonista viaja en busca de un futuro mejor, abandonando su pa\u00eds por un matrimonio de conveniencia ama\u00f1ado por su amiga, hacia un nuevo mundo del que todos le hablaban de prosperidad y en el que tambi\u00e9n encontr\u00f3 mucho dolor. Abanderando siempre la verdad, su capacidad de sacrificio y entrega le llevar\u00e1n a descubrir y disfrutar el futuro anhelado. &nbsp;\" \/>\n<meta property=\"og:url\" content=\"https:\/\/letrame.com\/catalogo\/producto\/viajes-inaplazables\/\" \/>\n<meta property=\"og:site_name\" content=\"Catalogo | Letrame Grupo Editorial\" \/>\n<meta property=\"article:modified_time\" content=\"2024-04-29T14:29:18+00:00\" \/>\n<meta property=\"og:image\" content=\"https:\/\/letrame.com\/catalogo\/wp-content\/uploads\/2024\/04\/webviajesinaplazables_1344mm-compressed-1-scaled-1.jpg\" \/>\n\t<meta property=\"og:image:width\" content=\"1746\" \/>\n\t<meta property=\"og:image:height\" content=\"2560\" \/>\n\t<meta property=\"og:image:type\" content=\"image\/jpeg\" \/>\n<meta name=\"twitter:card\" content=\"summary_large_image\" \/>\n<meta name=\"twitter:label1\" content=\"Tiempo de lectura\" \/>\n\t<meta name=\"twitter:data1\" content=\"1 minuto\" \/>\n<script type=\"application\/ld+json\" class=\"yoast-schema-graph\">{\"@context\":\"https:\/\/schema.org\",\"@graph\":[{\"@type\":\"WebPage\",\"@id\":\"https:\/\/letrame.com\/catalogo\/producto\/viajes-inaplazables\/\",\"url\":\"https:\/\/letrame.com\/catalogo\/producto\/viajes-inaplazables\/\",\"name\":\"Viajes inaplazables - Catalogo | Letrame Grupo Editorial\",\"isPartOf\":{\"@id\":\"https:\/\/letrame.com\/catalogo\/#website\"},\"primaryImageOfPage\":{\"@id\":\"https:\/\/letrame.com\/catalogo\/producto\/viajes-inaplazables\/#primaryimage\"},\"image\":{\"@id\":\"https:\/\/letrame.com\/catalogo\/producto\/viajes-inaplazables\/#primaryimage\"},\"thumbnailUrl\":\"https:\/\/letrame.com\/catalogo\/wp-content\/uploads\/2024\/04\/webviajesinaplazables_1344mm-compressed-1-scaled-1.jpg\",\"datePublished\":\"2024-04-29T14:28:55+00:00\",\"dateModified\":\"2024-04-29T14:29:18+00:00\",\"breadcrumb\":{\"@id\":\"https:\/\/letrame.com\/catalogo\/producto\/viajes-inaplazables\/#breadcrumb\"},\"inLanguage\":\"es\",\"potentialAction\":[{\"@type\":\"ReadAction\",\"target\":[\"https:\/\/letrame.com\/catalogo\/producto\/viajes-inaplazables\/\"]}]},{\"@type\":\"ImageObject\",\"inLanguage\":\"es\",\"@id\":\"https:\/\/letrame.com\/catalogo\/producto\/viajes-inaplazables\/#primaryimage\",\"url\":\"https:\/\/letrame.com\/catalogo\/wp-content\/uploads\/2024\/04\/webviajesinaplazables_1344mm-compressed-1-scaled-1.jpg\",\"contentUrl\":\"https:\/\/letrame.com\/catalogo\/wp-content\/uploads\/2024\/04\/webviajesinaplazables_1344mm-compressed-1-scaled-1.jpg\",\"width\":1746,\"height\":2560},{\"@type\":\"BreadcrumbList\",\"@id\":\"https:\/\/letrame.com\/catalogo\/producto\/viajes-inaplazables\/#breadcrumb\",\"itemListElement\":[{\"@type\":\"ListItem\",\"position\":1,\"name\":\"Portada\",\"item\":\"https:\/\/letrame.com\/catalogo\/\"},{\"@type\":\"ListItem\",\"position\":2,\"name\":\"Cat\u00e1logo\",\"item\":\"https:\/\/letrame.com\/catalogo\/\"},{\"@type\":\"ListItem\",\"position\":3,\"name\":\"Viajes inaplazables\"}]},{\"@type\":\"WebSite\",\"@id\":\"https:\/\/letrame.com\/catalogo\/#website\",\"url\":\"https:\/\/letrame.com\/catalogo\/\",\"name\":\"Catalogo | Letrame Grupo Editorial\",\"description\":\"\",\"publisher\":{\"@id\":\"https:\/\/letrame.com\/catalogo\/#organization\"},\"potentialAction\":[{\"@type\":\"SearchAction\",\"target\":{\"@type\":\"EntryPoint\",\"urlTemplate\":\"https:\/\/letrame.com\/catalogo\/?s={search_term_string}\"},\"query-input\":{\"@type\":\"PropertyValueSpecification\",\"valueRequired\":true,\"valueName\":\"search_term_string\"}}],\"inLanguage\":\"es\"},{\"@type\":\"Organization\",\"@id\":\"https:\/\/letrame.com\/catalogo\/#organization\",\"name\":\"Catalogo | Letrame Grupo Editorial\",\"url\":\"https:\/\/letrame.com\/catalogo\/\",\"logo\":{\"@type\":\"ImageObject\",\"inLanguage\":\"es\",\"@id\":\"https:\/\/letrame.com\/catalogo\/#\/schema\/logo\/image\/\",\"url\":\"https:\/\/letrame.com\/catalogo\/wp-content\/uploads\/2024\/03\/logo2.webp\",\"contentUrl\":\"https:\/\/letrame.com\/catalogo\/wp-content\/uploads\/2024\/03\/logo2.webp\",\"width\":394,\"height\":128,\"caption\":\"Catalogo | Letrame Grupo Editorial\"},\"image\":{\"@id\":\"https:\/\/letrame.com\/catalogo\/#\/schema\/logo\/image\/\"}}]}<\/script>\n<!-- \/ Yoast SEO plugin. -->","yoast_head_json":{"title":"Viajes inaplazables - Catalogo | Letrame Grupo Editorial","robots":{"index":"index","follow":"follow","max-snippet":"max-snippet:-1","max-image-preview":"max-image-preview:large","max-video-preview":"max-video-preview:-1"},"canonical":"https:\/\/letrame.com\/catalogo\/producto\/viajes-inaplazables\/","og_locale":"es_ES","og_type":"article","og_title":"Viajes inaplazables - Catalogo | Letrame Grupo Editorial","og_description":"ISBN: 978-84-1181-403-4 SINOPSIS Los viajes que a menudo realizamos suelen ser de recreo, aventura, compromiso o despedida. Algunos se pueden postergar para momentos m\u00e1s id\u00f3neos. Otros resultan ser inaplazables empuj\u00e1ndote a ellos las circunstancias de la vida. En cada uno de ellos se entremezclan nuevas experiencias con las ya vividas que, a veces, nos alientan y relajan; pero otras muchas nos atormentan y esclavizan, deseando esclarecer los hechos que puedan proporcionarnos paz y una existencia m\u00e1s tranquila y segura. La protagonista viaja en busca de un futuro mejor, abandonando su pa\u00eds por un matrimonio de conveniencia ama\u00f1ado por su amiga, hacia un nuevo mundo del que todos le hablaban de prosperidad y en el que tambi\u00e9n encontr\u00f3 mucho dolor. Abanderando siempre la verdad, su capacidad de sacrificio y entrega le llevar\u00e1n a descubrir y disfrutar el futuro anhelado. &nbsp;","og_url":"https:\/\/letrame.com\/catalogo\/producto\/viajes-inaplazables\/","og_site_name":"Catalogo | Letrame Grupo Editorial","article_modified_time":"2024-04-29T14:29:18+00:00","og_image":[{"width":1746,"height":2560,"url":"https:\/\/letrame.com\/catalogo\/wp-content\/uploads\/2024\/04\/webviajesinaplazables_1344mm-compressed-1-scaled-1.jpg","type":"image\/jpeg"}],"twitter_card":"summary_large_image","twitter_misc":{"Tiempo de lectura":"1 minuto"},"schema":{"@context":"https:\/\/schema.org","@graph":[{"@type":"WebPage","@id":"https:\/\/letrame.com\/catalogo\/producto\/viajes-inaplazables\/","url":"https:\/\/letrame.com\/catalogo\/producto\/viajes-inaplazables\/","name":"Viajes inaplazables - Catalogo | Letrame Grupo Editorial","isPartOf":{"@id":"https:\/\/letrame.com\/catalogo\/#website"},"primaryImageOfPage":{"@id":"https:\/\/letrame.com\/catalogo\/producto\/viajes-inaplazables\/#primaryimage"},"image":{"@id":"https:\/\/letrame.com\/catalogo\/producto\/viajes-inaplazables\/#primaryimage"},"thumbnailUrl":"https:\/\/letrame.com\/catalogo\/wp-content\/uploads\/2024\/04\/webviajesinaplazables_1344mm-compressed-1-scaled-1.jpg","datePublished":"2024-04-29T14:28:55+00:00","dateModified":"2024-04-29T14:29:18+00:00","breadcrumb":{"@id":"https:\/\/letrame.com\/catalogo\/producto\/viajes-inaplazables\/#breadcrumb"},"inLanguage":"es","potentialAction":[{"@type":"ReadAction","target":["https:\/\/letrame.com\/catalogo\/producto\/viajes-inaplazables\/"]}]},{"@type":"ImageObject","inLanguage":"es","@id":"https:\/\/letrame.com\/catalogo\/producto\/viajes-inaplazables\/#primaryimage","url":"https:\/\/letrame.com\/catalogo\/wp-content\/uploads\/2024\/04\/webviajesinaplazables_1344mm-compressed-1-scaled-1.jpg","contentUrl":"https:\/\/letrame.com\/catalogo\/wp-content\/uploads\/2024\/04\/webviajesinaplazables_1344mm-compressed-1-scaled-1.jpg","width":1746,"height":2560},{"@type":"BreadcrumbList","@id":"https:\/\/letrame.com\/catalogo\/producto\/viajes-inaplazables\/#breadcrumb","itemListElement":[{"@type":"ListItem","position":1,"name":"Portada","item":"https:\/\/letrame.com\/catalogo\/"},{"@type":"ListItem","position":2,"name":"Cat\u00e1logo","item":"https:\/\/letrame.com\/catalogo\/"},{"@type":"ListItem","position":3,"name":"Viajes inaplazables"}]},{"@type":"WebSite","@id":"https:\/\/letrame.com\/catalogo\/#website","url":"https:\/\/letrame.com\/catalogo\/","name":"Catalogo | Letrame Grupo Editorial","description":"","publisher":{"@id":"https:\/\/letrame.com\/catalogo\/#organization"},"potentialAction":[{"@type":"SearchAction","target":{"@type":"EntryPoint","urlTemplate":"https:\/\/letrame.com\/catalogo\/?s={search_term_string}"},"query-input":{"@type":"PropertyValueSpecification","valueRequired":true,"valueName":"search_term_string"}}],"inLanguage":"es"},{"@type":"Organization","@id":"https:\/\/letrame.com\/catalogo\/#organization","name":"Catalogo | Letrame Grupo Editorial","url":"https:\/\/letrame.com\/catalogo\/","logo":{"@type":"ImageObject","inLanguage":"es","@id":"https:\/\/letrame.com\/catalogo\/#\/schema\/logo\/image\/","url":"https:\/\/letrame.com\/catalogo\/wp-content\/uploads\/2024\/03\/logo2.webp","contentUrl":"https:\/\/letrame.com\/catalogo\/wp-content\/uploads\/2024\/03\/logo2.webp","width":394,"height":128,"caption":"Catalogo | Letrame Grupo Editorial"},"image":{"@id":"https:\/\/letrame.com\/catalogo\/#\/schema\/logo\/image\/"}}]}},"_links":{"self":[{"href":"https:\/\/letrame.com\/catalogo\/wp-json\/wp\/v2\/product\/99476","targetHints":{"allow":["GET"]}}],"collection":[{"href":"https:\/\/letrame.com\/catalogo\/wp-json\/wp\/v2\/product"}],"about":[{"href":"https:\/\/letrame.com\/catalogo\/wp-json\/wp\/v2\/types\/product"}],"replies":[{"embeddable":true,"href":"https:\/\/letrame.com\/catalogo\/wp-json\/wp\/v2\/comments?post=99476"}],"acf:post":[{"embeddable":true,"href":"https:\/\/letrame.com\/catalogo\/wp-json\/wp\/v2\/author_book\/77791"}],"wp:featuredmedia":[{"embeddable":true,"href":"https:\/\/letrame.com\/catalogo\/wp-json\/wp\/v2\/media\/99477"}],"wp:attachment":[{"href":"https:\/\/letrame.com\/catalogo\/wp-json\/wp\/v2\/media?parent=99476"}],"wp:term":[{"taxonomy":"libro","embeddable":true,"href":"https:\/\/letrame.com\/catalogo\/wp-json\/wp\/v2\/libro?post=99476"},{"taxonomy":"product_brand","embeddable":true,"href":"https:\/\/letrame.com\/catalogo\/wp-json\/wp\/v2\/product_brand?post=99476"},{"taxonomy":"product_cat","embeddable":true,"href":"https:\/\/letrame.com\/catalogo\/wp-json\/wp\/v2\/product_cat?post=99476"},{"taxonomy":"product_tag","embeddable":true,"href":"https:\/\/letrame.com\/catalogo\/wp-json\/wp\/v2\/product_tag?post=99476"}],"curies":[{"name":"wp","href":"https:\/\/api.w.org\/{rel}","templated":true}]}}