{"id":99466,"date":"2024-04-29T16:28:13","date_gmt":"2024-04-29T14:28:13","guid":{"rendered":"https:\/\/letrame.com\/catalogo\/producto\/mas-alla-de-todo\/"},"modified":"2024-04-29T16:28:13","modified_gmt":"2024-04-29T14:28:13","slug":"mas-alla-de-todo","status":"publish","type":"product","link":"https:\/\/letrame.com\/catalogo\/producto\/mas-alla-de-todo\/","title":{"rendered":"M\u00e1s All\u00e1 de Todo"},"content":{"rendered":"<p><strong>ISBN<\/strong>: 978-84-1181-175-0<\/p>\n<p><strong>T\u00edtulo<\/strong>: M\u00e1s All\u00e1 de Todo<br \/>\n<strong>Fecha<\/strong>: 2023<br \/>\n<strong>P\u00e1ginas<\/strong>: 132<\/p>\n<p><strong>SINOPSIS<\/strong><\/p>\n<p>En una resurgente Era de esclavitud mundial con los descalabros experimentados durante tres d\u00e9cadas de codicia, el gran desprecio por el medio ambiente y el cambio clim\u00e1tico, las migraciones masivas por las intervenciones en Siria y Libia de Estados Unidos y los nacionalismos de pa\u00edses de la Uni\u00f3n Europa, el latente peligro de guerra creado por ra\u00edces de violencia inextricables por Trump, que se plantea, enterrando los valores que construyeron la democracia, destruir el mundo si este crea un orden mundial sin Am\u00e9rica en el centro, adelanta el viaje programado para 2040 de cientos de seres que, sin encontrar gu\u00eda de salvaci\u00f3n para la humanidad, trabajaron f\u00e9rreamente concentr\u00e1ndose en abandonar la Tierra, por la continuidad y existencia de la especie y crear una sociedad de igualdad y equidad en TRAPPIST-1, siete planetas que quedan a 39 a\u00f1os luz del nuestro.<\/p>\n<p>&nbsp;<\/p>\n<p>Frase Gancho:<\/p>\n<p>\u00ab\u00a1Sabemos que de dos mundos divergentes nace la convergencia y la coincidencia se hace realidad!\u00bb.<\/p>\n","protected":false},"excerpt":{"rendered":"<p><strong>ISBN<\/strong>: 978-84-1181-175-0<\/p>\n<p><strong>SINOPSIS<\/strong><\/p>\n<p>En una resurgente Era de esclavitud mundial con los descalabros experimentados durante tres d\u00e9cadas de codicia, el gran desprecio por el medio ambiente y el cambio clim\u00e1tico, las migraciones masivas por las intervenciones en Siria y Libia de Estados Unidos y los nacionalismos de pa\u00edses de la Uni\u00f3n Europa, el latente peligro de guerra creado por ra\u00edces de violencia inextricables por Trump, que se plantea, enterrando los valores que construyeron la democracia, destruir el mundo si este crea un orden mundial sin Am\u00e9rica en el centro, adelanta el viaje programado para 2040 de cientos de seres que, sin encontrar gu\u00eda de salvaci\u00f3n para la humanidad, trabajaron f\u00e9rreamente concentr\u00e1ndose en abandonar la Tierra, por la continuidad y existencia de la especie y crear una sociedad de igualdad y equidad en TRAPPIST-1, siete planetas que quedan a 39 a\u00f1os luz del nuestro.<\/p>\n","protected":false},"featured_media":99467,"comment_status":"closed","ping_status":"open","template":"","meta":{"_acf_changed":false},"libro":[],"product_brand":[],"product_cat":[26],"product_tag":[],"class_list":{"0":"post-99466","1":"product","2":"type-product","3":"status-publish","4":"has-post-thumbnail","6":"product_cat-sin-categoria","8":"first","9":"instock","10":"product-type-simple"},"acf":{"autor":[77785],"enlace_de_compra":""},"yoast_head":"<!-- This site is optimized with the Yoast SEO plugin v26.6 - https:\/\/yoast.com\/wordpress\/plugins\/seo\/ -->\n<title>M\u00e1s All\u00e1 de Todo - Catalogo | Letrame Grupo Editorial<\/title>\n<meta name=\"robots\" content=\"index, follow, max-snippet:-1, max-image-preview:large, max-video-preview:-1\" \/>\n<link rel=\"canonical\" href=\"https:\/\/letrame.com\/catalogo\/producto\/mas-alla-de-todo\/\" \/>\n<meta property=\"og:locale\" content=\"es_ES\" \/>\n<meta property=\"og:type\" content=\"article\" \/>\n<meta property=\"og:title\" content=\"M\u00e1s All\u00e1 de Todo - Catalogo | Letrame Grupo Editorial\" \/>\n<meta property=\"og:description\" content=\"ISBN: 978-84-1181-175-0 SINOPSIS En una resurgente Era de esclavitud mundial con los descalabros experimentados durante tres d\u00e9cadas de codicia, el gran desprecio por el medio ambiente y el cambio clim\u00e1tico, las migraciones masivas por las intervenciones en Siria y Libia de Estados Unidos y los nacionalismos de pa\u00edses de la Uni\u00f3n Europa, el latente peligro de guerra creado por ra\u00edces de violencia inextricables por Trump, que se plantea, enterrando los valores que construyeron la democracia, destruir el mundo si este crea un orden mundial sin Am\u00e9rica en el centro, adelanta el viaje programado para 2040 de cientos de seres que, sin encontrar gu\u00eda de salvaci\u00f3n para la humanidad, trabajaron f\u00e9rreamente concentr\u00e1ndose en abandonar la Tierra, por la continuidad y existencia de la especie y crear una sociedad de igualdad y equidad en TRAPPIST-1, siete planetas que quedan a 39 a\u00f1os luz del nuestro.\" \/>\n<meta property=\"og:url\" content=\"https:\/\/letrame.com\/catalogo\/producto\/mas-alla-de-todo\/\" \/>\n<meta property=\"og:site_name\" content=\"Catalogo | Letrame Grupo Editorial\" \/>\n<meta property=\"og:image\" content=\"https:\/\/letrame.com\/catalogo\/wp-content\/uploads\/2024\/04\/webportada_masalldetodo_716mm-copia-compressed.jpg\" \/>\n\t<meta property=\"og:image:width\" content=\"1772\" \/>\n\t<meta property=\"og:image:height\" content=\"2480\" \/>\n\t<meta property=\"og:image:type\" content=\"image\/jpeg\" \/>\n<meta name=\"twitter:card\" content=\"summary_large_image\" \/>\n<meta name=\"twitter:label1\" content=\"Tiempo de lectura\" \/>\n\t<meta name=\"twitter:data1\" content=\"1 minuto\" \/>\n<script type=\"application\/ld+json\" class=\"yoast-schema-graph\">{\"@context\":\"https:\/\/schema.org\",\"@graph\":[{\"@type\":\"WebPage\",\"@id\":\"https:\/\/letrame.com\/catalogo\/producto\/mas-alla-de-todo\/\",\"url\":\"https:\/\/letrame.com\/catalogo\/producto\/mas-alla-de-todo\/\",\"name\":\"M\u00e1s All\u00e1 de Todo - Catalogo | Letrame Grupo Editorial\",\"isPartOf\":{\"@id\":\"https:\/\/letrame.com\/catalogo\/#website\"},\"primaryImageOfPage\":{\"@id\":\"https:\/\/letrame.com\/catalogo\/producto\/mas-alla-de-todo\/#primaryimage\"},\"image\":{\"@id\":\"https:\/\/letrame.com\/catalogo\/producto\/mas-alla-de-todo\/#primaryimage\"},\"thumbnailUrl\":\"https:\/\/letrame.com\/catalogo\/wp-content\/uploads\/2024\/04\/webportada_masalldetodo_716mm-copia-compressed.jpg\",\"datePublished\":\"2024-04-29T14:28:13+00:00\",\"breadcrumb\":{\"@id\":\"https:\/\/letrame.com\/catalogo\/producto\/mas-alla-de-todo\/#breadcrumb\"},\"inLanguage\":\"es\",\"potentialAction\":[{\"@type\":\"ReadAction\",\"target\":[\"https:\/\/letrame.com\/catalogo\/producto\/mas-alla-de-todo\/\"]}]},{\"@type\":\"ImageObject\",\"inLanguage\":\"es\",\"@id\":\"https:\/\/letrame.com\/catalogo\/producto\/mas-alla-de-todo\/#primaryimage\",\"url\":\"https:\/\/letrame.com\/catalogo\/wp-content\/uploads\/2024\/04\/webportada_masalldetodo_716mm-copia-compressed.jpg\",\"contentUrl\":\"https:\/\/letrame.com\/catalogo\/wp-content\/uploads\/2024\/04\/webportada_masalldetodo_716mm-copia-compressed.jpg\",\"width\":1772,\"height\":2480},{\"@type\":\"BreadcrumbList\",\"@id\":\"https:\/\/letrame.com\/catalogo\/producto\/mas-alla-de-todo\/#breadcrumb\",\"itemListElement\":[{\"@type\":\"ListItem\",\"position\":1,\"name\":\"Portada\",\"item\":\"https:\/\/letrame.com\/catalogo\/\"},{\"@type\":\"ListItem\",\"position\":2,\"name\":\"Cat\u00e1logo\",\"item\":\"https:\/\/letrame.com\/catalogo\/\"},{\"@type\":\"ListItem\",\"position\":3,\"name\":\"M\u00e1s All\u00e1 de Todo\"}]},{\"@type\":\"WebSite\",\"@id\":\"https:\/\/letrame.com\/catalogo\/#website\",\"url\":\"https:\/\/letrame.com\/catalogo\/\",\"name\":\"Catalogo | Letrame Grupo Editorial\",\"description\":\"\",\"publisher\":{\"@id\":\"https:\/\/letrame.com\/catalogo\/#organization\"},\"potentialAction\":[{\"@type\":\"SearchAction\",\"target\":{\"@type\":\"EntryPoint\",\"urlTemplate\":\"https:\/\/letrame.com\/catalogo\/?s={search_term_string}\"},\"query-input\":{\"@type\":\"PropertyValueSpecification\",\"valueRequired\":true,\"valueName\":\"search_term_string\"}}],\"inLanguage\":\"es\"},{\"@type\":\"Organization\",\"@id\":\"https:\/\/letrame.com\/catalogo\/#organization\",\"name\":\"Catalogo | Letrame Grupo Editorial\",\"url\":\"https:\/\/letrame.com\/catalogo\/\",\"logo\":{\"@type\":\"ImageObject\",\"inLanguage\":\"es\",\"@id\":\"https:\/\/letrame.com\/catalogo\/#\/schema\/logo\/image\/\",\"url\":\"https:\/\/letrame.com\/catalogo\/wp-content\/uploads\/2024\/03\/logo2.webp\",\"contentUrl\":\"https:\/\/letrame.com\/catalogo\/wp-content\/uploads\/2024\/03\/logo2.webp\",\"width\":394,\"height\":128,\"caption\":\"Catalogo | Letrame Grupo Editorial\"},\"image\":{\"@id\":\"https:\/\/letrame.com\/catalogo\/#\/schema\/logo\/image\/\"}}]}<\/script>\n<!-- \/ Yoast SEO plugin. -->","yoast_head_json":{"title":"M\u00e1s All\u00e1 de Todo - Catalogo | Letrame Grupo Editorial","robots":{"index":"index","follow":"follow","max-snippet":"max-snippet:-1","max-image-preview":"max-image-preview:large","max-video-preview":"max-video-preview:-1"},"canonical":"https:\/\/letrame.com\/catalogo\/producto\/mas-alla-de-todo\/","og_locale":"es_ES","og_type":"article","og_title":"M\u00e1s All\u00e1 de Todo - Catalogo | Letrame Grupo Editorial","og_description":"ISBN: 978-84-1181-175-0 SINOPSIS En una resurgente Era de esclavitud mundial con los descalabros experimentados durante tres d\u00e9cadas de codicia, el gran desprecio por el medio ambiente y el cambio clim\u00e1tico, las migraciones masivas por las intervenciones en Siria y Libia de Estados Unidos y los nacionalismos de pa\u00edses de la Uni\u00f3n Europa, el latente peligro de guerra creado por ra\u00edces de violencia inextricables por Trump, que se plantea, enterrando los valores que construyeron la democracia, destruir el mundo si este crea un orden mundial sin Am\u00e9rica en el centro, adelanta el viaje programado para 2040 de cientos de seres que, sin encontrar gu\u00eda de salvaci\u00f3n para la humanidad, trabajaron f\u00e9rreamente concentr\u00e1ndose en abandonar la Tierra, por la continuidad y existencia de la especie y crear una sociedad de igualdad y equidad en TRAPPIST-1, siete planetas que quedan a 39 a\u00f1os luz del nuestro.","og_url":"https:\/\/letrame.com\/catalogo\/producto\/mas-alla-de-todo\/","og_site_name":"Catalogo | Letrame Grupo Editorial","og_image":[{"width":1772,"height":2480,"url":"https:\/\/letrame.com\/catalogo\/wp-content\/uploads\/2024\/04\/webportada_masalldetodo_716mm-copia-compressed.jpg","type":"image\/jpeg"}],"twitter_card":"summary_large_image","twitter_misc":{"Tiempo de lectura":"1 minuto"},"schema":{"@context":"https:\/\/schema.org","@graph":[{"@type":"WebPage","@id":"https:\/\/letrame.com\/catalogo\/producto\/mas-alla-de-todo\/","url":"https:\/\/letrame.com\/catalogo\/producto\/mas-alla-de-todo\/","name":"M\u00e1s All\u00e1 de Todo - Catalogo | Letrame Grupo Editorial","isPartOf":{"@id":"https:\/\/letrame.com\/catalogo\/#website"},"primaryImageOfPage":{"@id":"https:\/\/letrame.com\/catalogo\/producto\/mas-alla-de-todo\/#primaryimage"},"image":{"@id":"https:\/\/letrame.com\/catalogo\/producto\/mas-alla-de-todo\/#primaryimage"},"thumbnailUrl":"https:\/\/letrame.com\/catalogo\/wp-content\/uploads\/2024\/04\/webportada_masalldetodo_716mm-copia-compressed.jpg","datePublished":"2024-04-29T14:28:13+00:00","breadcrumb":{"@id":"https:\/\/letrame.com\/catalogo\/producto\/mas-alla-de-todo\/#breadcrumb"},"inLanguage":"es","potentialAction":[{"@type":"ReadAction","target":["https:\/\/letrame.com\/catalogo\/producto\/mas-alla-de-todo\/"]}]},{"@type":"ImageObject","inLanguage":"es","@id":"https:\/\/letrame.com\/catalogo\/producto\/mas-alla-de-todo\/#primaryimage","url":"https:\/\/letrame.com\/catalogo\/wp-content\/uploads\/2024\/04\/webportada_masalldetodo_716mm-copia-compressed.jpg","contentUrl":"https:\/\/letrame.com\/catalogo\/wp-content\/uploads\/2024\/04\/webportada_masalldetodo_716mm-copia-compressed.jpg","width":1772,"height":2480},{"@type":"BreadcrumbList","@id":"https:\/\/letrame.com\/catalogo\/producto\/mas-alla-de-todo\/#breadcrumb","itemListElement":[{"@type":"ListItem","position":1,"name":"Portada","item":"https:\/\/letrame.com\/catalogo\/"},{"@type":"ListItem","position":2,"name":"Cat\u00e1logo","item":"https:\/\/letrame.com\/catalogo\/"},{"@type":"ListItem","position":3,"name":"M\u00e1s All\u00e1 de Todo"}]},{"@type":"WebSite","@id":"https:\/\/letrame.com\/catalogo\/#website","url":"https:\/\/letrame.com\/catalogo\/","name":"Catalogo | Letrame Grupo Editorial","description":"","publisher":{"@id":"https:\/\/letrame.com\/catalogo\/#organization"},"potentialAction":[{"@type":"SearchAction","target":{"@type":"EntryPoint","urlTemplate":"https:\/\/letrame.com\/catalogo\/?s={search_term_string}"},"query-input":{"@type":"PropertyValueSpecification","valueRequired":true,"valueName":"search_term_string"}}],"inLanguage":"es"},{"@type":"Organization","@id":"https:\/\/letrame.com\/catalogo\/#organization","name":"Catalogo | Letrame Grupo Editorial","url":"https:\/\/letrame.com\/catalogo\/","logo":{"@type":"ImageObject","inLanguage":"es","@id":"https:\/\/letrame.com\/catalogo\/#\/schema\/logo\/image\/","url":"https:\/\/letrame.com\/catalogo\/wp-content\/uploads\/2024\/03\/logo2.webp","contentUrl":"https:\/\/letrame.com\/catalogo\/wp-content\/uploads\/2024\/03\/logo2.webp","width":394,"height":128,"caption":"Catalogo | Letrame Grupo Editorial"},"image":{"@id":"https:\/\/letrame.com\/catalogo\/#\/schema\/logo\/image\/"}}]}},"_links":{"self":[{"href":"https:\/\/letrame.com\/catalogo\/wp-json\/wp\/v2\/product\/99466","targetHints":{"allow":["GET"]}}],"collection":[{"href":"https:\/\/letrame.com\/catalogo\/wp-json\/wp\/v2\/product"}],"about":[{"href":"https:\/\/letrame.com\/catalogo\/wp-json\/wp\/v2\/types\/product"}],"replies":[{"embeddable":true,"href":"https:\/\/letrame.com\/catalogo\/wp-json\/wp\/v2\/comments?post=99466"}],"acf:post":[{"embeddable":true,"href":"https:\/\/letrame.com\/catalogo\/wp-json\/wp\/v2\/author_book\/77785"}],"wp:featuredmedia":[{"embeddable":true,"href":"https:\/\/letrame.com\/catalogo\/wp-json\/wp\/v2\/media\/99467"}],"wp:attachment":[{"href":"https:\/\/letrame.com\/catalogo\/wp-json\/wp\/v2\/media?parent=99466"}],"wp:term":[{"taxonomy":"libro","embeddable":true,"href":"https:\/\/letrame.com\/catalogo\/wp-json\/wp\/v2\/libro?post=99466"},{"taxonomy":"product_brand","embeddable":true,"href":"https:\/\/letrame.com\/catalogo\/wp-json\/wp\/v2\/product_brand?post=99466"},{"taxonomy":"product_cat","embeddable":true,"href":"https:\/\/letrame.com\/catalogo\/wp-json\/wp\/v2\/product_cat?post=99466"},{"taxonomy":"product_tag","embeddable":true,"href":"https:\/\/letrame.com\/catalogo\/wp-json\/wp\/v2\/product_tag?post=99466"}],"curies":[{"name":"wp","href":"https:\/\/api.w.org\/{rel}","templated":true}]}}