{"id":99454,"date":"2024-04-29T16:26:40","date_gmt":"2024-04-29T14:26:40","guid":{"rendered":"https:\/\/letrame.com\/catalogo\/producto\/dos-monologos-interiores-y-dos-relatos\/"},"modified":"2024-04-29T16:26:40","modified_gmt":"2024-04-29T14:26:40","slug":"dos-monologos-interiores-y-dos-relatos","status":"publish","type":"product","link":"https:\/\/letrame.com\/catalogo\/producto\/dos-monologos-interiores-y-dos-relatos\/","title":{"rendered":"Dos mon\u00f3logos interiores y dos relatos"},"content":{"rendered":"<p><strong>ISBN<\/strong>: 978-84-1181-300-6<\/p>\n<p><strong>T\u00edtulo<\/strong>: Dos mon\u00f3logos interiores y dos relatos<br \/>\n<strong>Fecha<\/strong>: 2023<br \/>\n<strong>P\u00e1ginas<\/strong>: 274<\/p>\n<p><strong>SINOPSIS<\/strong><\/p>\n<p>Los relatos que el lector encontrar\u00e1 en este libro tienen en com\u00fan el riesgo, la aventura y la descripci\u00f3n de un mundo incierto, peligroso y cruel.<\/p>\n<p>Caminantes deseosos de descubrir el mundo que los rodea; polizones que luchan por sobrevivir en condiciones que pondr\u00e1n al l\u00edmite su vida y donde demostrar\u00e1n su instinto y fortaleza; curiosos que se adentran en los misterios del pantano, y enfermos de amor que se debatir\u00e1n entre la vida y la muerte.<\/p>\n<p>&nbsp;<\/p>\n<p>Relatos sorprendentes de un mundo cruel y salvaje donde se pondr\u00e1 a prueba la resistencia del ser humano, donde algunos aguantan y otros sucumben.<\/p>\n","protected":false},"excerpt":{"rendered":"<p><strong>ISBN<\/strong>: 978-84-1181-300-6<\/p>\n<p><strong>SINOPSIS<\/strong><\/p>\n<p>Los relatos que el lector encontrar\u00e1 en este libro tienen en com\u00fan el riesgo, la aventura y la descripci\u00f3n de un mundo incierto, peligroso y cruel.<\/p>\n<p>Caminantes deseosos de descubrir el mundo que los rodea; polizones que luchan por sobrevivir en condiciones que pondr\u00e1n al l\u00edmite su vida y donde demostrar\u00e1n su instinto y fortaleza; curiosos que se adentran en los misterios del pantano, y enfermos de amor que se debatir\u00e1n entre la vida y la muerte.<\/p>\n","protected":false},"featured_media":99455,"comment_status":"closed","ping_status":"open","template":"","meta":{"_acf_changed":false},"libro":[],"product_brand":[],"product_cat":[26],"product_tag":[],"class_list":{"0":"post-99454","1":"product","2":"type-product","3":"status-publish","4":"has-post-thumbnail","6":"product_cat-sin-categoria","8":"first","9":"instock","10":"product-type-simple"},"acf":{"autor":[77776],"enlace_de_compra":""},"yoast_head":"<!-- This site is optimized with the Yoast SEO plugin v26.6 - https:\/\/yoast.com\/wordpress\/plugins\/seo\/ -->\n<title>Dos mon\u00f3logos interiores y dos relatos - Catalogo | Letrame Grupo Editorial<\/title>\n<meta name=\"robots\" content=\"index, follow, max-snippet:-1, max-image-preview:large, max-video-preview:-1\" \/>\n<link rel=\"canonical\" href=\"https:\/\/letrame.com\/catalogo\/producto\/dos-monologos-interiores-y-dos-relatos\/\" \/>\n<meta property=\"og:locale\" content=\"es_ES\" \/>\n<meta property=\"og:type\" content=\"article\" \/>\n<meta property=\"og:title\" content=\"Dos mon\u00f3logos interiores y dos relatos - Catalogo | Letrame Grupo Editorial\" \/>\n<meta property=\"og:description\" content=\"ISBN: 978-84-1181-300-6 SINOPSIS Los relatos que el lector encontrar\u00e1 en este libro tienen en com\u00fan el riesgo, la aventura y la descripci\u00f3n de un mundo incierto, peligroso y cruel. Caminantes deseosos de descubrir el mundo que los rodea; polizones que luchan por sobrevivir en condiciones que pondr\u00e1n al l\u00edmite su vida y donde demostrar\u00e1n su instinto y fortaleza; curiosos que se adentran en los misterios del pantano, y enfermos de amor que se debatir\u00e1n entre la vida y la muerte.\" \/>\n<meta property=\"og:url\" content=\"https:\/\/letrame.com\/catalogo\/producto\/dos-monologos-interiores-y-dos-relatos\/\" \/>\n<meta property=\"og:site_name\" content=\"Catalogo | Letrame Grupo Editorial\" \/>\n<meta property=\"og:image\" content=\"https:\/\/letrame.com\/catalogo\/wp-content\/uploads\/2024\/04\/webportada_2relatos_1371mm-compressed-scaled-1.jpg\" \/>\n\t<meta property=\"og:image:width\" content=\"1746\" \/>\n\t<meta property=\"og:image:height\" content=\"2560\" \/>\n\t<meta property=\"og:image:type\" content=\"image\/jpeg\" \/>\n<meta name=\"twitter:card\" content=\"summary_large_image\" \/>\n<meta name=\"twitter:label1\" content=\"Tiempo de lectura\" \/>\n\t<meta name=\"twitter:data1\" content=\"1 minuto\" \/>\n<script type=\"application\/ld+json\" class=\"yoast-schema-graph\">{\"@context\":\"https:\/\/schema.org\",\"@graph\":[{\"@type\":\"WebPage\",\"@id\":\"https:\/\/letrame.com\/catalogo\/producto\/dos-monologos-interiores-y-dos-relatos\/\",\"url\":\"https:\/\/letrame.com\/catalogo\/producto\/dos-monologos-interiores-y-dos-relatos\/\",\"name\":\"Dos mon\u00f3logos interiores y dos relatos - Catalogo | Letrame Grupo Editorial\",\"isPartOf\":{\"@id\":\"https:\/\/letrame.com\/catalogo\/#website\"},\"primaryImageOfPage\":{\"@id\":\"https:\/\/letrame.com\/catalogo\/producto\/dos-monologos-interiores-y-dos-relatos\/#primaryimage\"},\"image\":{\"@id\":\"https:\/\/letrame.com\/catalogo\/producto\/dos-monologos-interiores-y-dos-relatos\/#primaryimage\"},\"thumbnailUrl\":\"https:\/\/letrame.com\/catalogo\/wp-content\/uploads\/2024\/04\/webportada_2relatos_1371mm-compressed-scaled-1.jpg\",\"datePublished\":\"2024-04-29T14:26:40+00:00\",\"breadcrumb\":{\"@id\":\"https:\/\/letrame.com\/catalogo\/producto\/dos-monologos-interiores-y-dos-relatos\/#breadcrumb\"},\"inLanguage\":\"es\",\"potentialAction\":[{\"@type\":\"ReadAction\",\"target\":[\"https:\/\/letrame.com\/catalogo\/producto\/dos-monologos-interiores-y-dos-relatos\/\"]}]},{\"@type\":\"ImageObject\",\"inLanguage\":\"es\",\"@id\":\"https:\/\/letrame.com\/catalogo\/producto\/dos-monologos-interiores-y-dos-relatos\/#primaryimage\",\"url\":\"https:\/\/letrame.com\/catalogo\/wp-content\/uploads\/2024\/04\/webportada_2relatos_1371mm-compressed-scaled-1.jpg\",\"contentUrl\":\"https:\/\/letrame.com\/catalogo\/wp-content\/uploads\/2024\/04\/webportada_2relatos_1371mm-compressed-scaled-1.jpg\",\"width\":1746,\"height\":2560},{\"@type\":\"BreadcrumbList\",\"@id\":\"https:\/\/letrame.com\/catalogo\/producto\/dos-monologos-interiores-y-dos-relatos\/#breadcrumb\",\"itemListElement\":[{\"@type\":\"ListItem\",\"position\":1,\"name\":\"Portada\",\"item\":\"https:\/\/letrame.com\/catalogo\/\"},{\"@type\":\"ListItem\",\"position\":2,\"name\":\"Cat\u00e1logo\",\"item\":\"https:\/\/letrame.com\/catalogo\/\"},{\"@type\":\"ListItem\",\"position\":3,\"name\":\"Dos mon\u00f3logos interiores y dos relatos\"}]},{\"@type\":\"WebSite\",\"@id\":\"https:\/\/letrame.com\/catalogo\/#website\",\"url\":\"https:\/\/letrame.com\/catalogo\/\",\"name\":\"Catalogo | Letrame Grupo Editorial\",\"description\":\"\",\"publisher\":{\"@id\":\"https:\/\/letrame.com\/catalogo\/#organization\"},\"potentialAction\":[{\"@type\":\"SearchAction\",\"target\":{\"@type\":\"EntryPoint\",\"urlTemplate\":\"https:\/\/letrame.com\/catalogo\/?s={search_term_string}\"},\"query-input\":{\"@type\":\"PropertyValueSpecification\",\"valueRequired\":true,\"valueName\":\"search_term_string\"}}],\"inLanguage\":\"es\"},{\"@type\":\"Organization\",\"@id\":\"https:\/\/letrame.com\/catalogo\/#organization\",\"name\":\"Catalogo | Letrame Grupo Editorial\",\"url\":\"https:\/\/letrame.com\/catalogo\/\",\"logo\":{\"@type\":\"ImageObject\",\"inLanguage\":\"es\",\"@id\":\"https:\/\/letrame.com\/catalogo\/#\/schema\/logo\/image\/\",\"url\":\"https:\/\/letrame.com\/catalogo\/wp-content\/uploads\/2024\/03\/logo2.webp\",\"contentUrl\":\"https:\/\/letrame.com\/catalogo\/wp-content\/uploads\/2024\/03\/logo2.webp\",\"width\":394,\"height\":128,\"caption\":\"Catalogo | Letrame Grupo Editorial\"},\"image\":{\"@id\":\"https:\/\/letrame.com\/catalogo\/#\/schema\/logo\/image\/\"}}]}<\/script>\n<!-- \/ Yoast SEO plugin. -->","yoast_head_json":{"title":"Dos mon\u00f3logos interiores y dos relatos - Catalogo | Letrame Grupo Editorial","robots":{"index":"index","follow":"follow","max-snippet":"max-snippet:-1","max-image-preview":"max-image-preview:large","max-video-preview":"max-video-preview:-1"},"canonical":"https:\/\/letrame.com\/catalogo\/producto\/dos-monologos-interiores-y-dos-relatos\/","og_locale":"es_ES","og_type":"article","og_title":"Dos mon\u00f3logos interiores y dos relatos - Catalogo | Letrame Grupo Editorial","og_description":"ISBN: 978-84-1181-300-6 SINOPSIS Los relatos que el lector encontrar\u00e1 en este libro tienen en com\u00fan el riesgo, la aventura y la descripci\u00f3n de un mundo incierto, peligroso y cruel. Caminantes deseosos de descubrir el mundo que los rodea; polizones que luchan por sobrevivir en condiciones que pondr\u00e1n al l\u00edmite su vida y donde demostrar\u00e1n su instinto y fortaleza; curiosos que se adentran en los misterios del pantano, y enfermos de amor que se debatir\u00e1n entre la vida y la muerte.","og_url":"https:\/\/letrame.com\/catalogo\/producto\/dos-monologos-interiores-y-dos-relatos\/","og_site_name":"Catalogo | Letrame Grupo Editorial","og_image":[{"width":1746,"height":2560,"url":"https:\/\/letrame.com\/catalogo\/wp-content\/uploads\/2024\/04\/webportada_2relatos_1371mm-compressed-scaled-1.jpg","type":"image\/jpeg"}],"twitter_card":"summary_large_image","twitter_misc":{"Tiempo de lectura":"1 minuto"},"schema":{"@context":"https:\/\/schema.org","@graph":[{"@type":"WebPage","@id":"https:\/\/letrame.com\/catalogo\/producto\/dos-monologos-interiores-y-dos-relatos\/","url":"https:\/\/letrame.com\/catalogo\/producto\/dos-monologos-interiores-y-dos-relatos\/","name":"Dos mon\u00f3logos interiores y dos relatos - Catalogo | Letrame Grupo Editorial","isPartOf":{"@id":"https:\/\/letrame.com\/catalogo\/#website"},"primaryImageOfPage":{"@id":"https:\/\/letrame.com\/catalogo\/producto\/dos-monologos-interiores-y-dos-relatos\/#primaryimage"},"image":{"@id":"https:\/\/letrame.com\/catalogo\/producto\/dos-monologos-interiores-y-dos-relatos\/#primaryimage"},"thumbnailUrl":"https:\/\/letrame.com\/catalogo\/wp-content\/uploads\/2024\/04\/webportada_2relatos_1371mm-compressed-scaled-1.jpg","datePublished":"2024-04-29T14:26:40+00:00","breadcrumb":{"@id":"https:\/\/letrame.com\/catalogo\/producto\/dos-monologos-interiores-y-dos-relatos\/#breadcrumb"},"inLanguage":"es","potentialAction":[{"@type":"ReadAction","target":["https:\/\/letrame.com\/catalogo\/producto\/dos-monologos-interiores-y-dos-relatos\/"]}]},{"@type":"ImageObject","inLanguage":"es","@id":"https:\/\/letrame.com\/catalogo\/producto\/dos-monologos-interiores-y-dos-relatos\/#primaryimage","url":"https:\/\/letrame.com\/catalogo\/wp-content\/uploads\/2024\/04\/webportada_2relatos_1371mm-compressed-scaled-1.jpg","contentUrl":"https:\/\/letrame.com\/catalogo\/wp-content\/uploads\/2024\/04\/webportada_2relatos_1371mm-compressed-scaled-1.jpg","width":1746,"height":2560},{"@type":"BreadcrumbList","@id":"https:\/\/letrame.com\/catalogo\/producto\/dos-monologos-interiores-y-dos-relatos\/#breadcrumb","itemListElement":[{"@type":"ListItem","position":1,"name":"Portada","item":"https:\/\/letrame.com\/catalogo\/"},{"@type":"ListItem","position":2,"name":"Cat\u00e1logo","item":"https:\/\/letrame.com\/catalogo\/"},{"@type":"ListItem","position":3,"name":"Dos mon\u00f3logos interiores y dos relatos"}]},{"@type":"WebSite","@id":"https:\/\/letrame.com\/catalogo\/#website","url":"https:\/\/letrame.com\/catalogo\/","name":"Catalogo | Letrame Grupo Editorial","description":"","publisher":{"@id":"https:\/\/letrame.com\/catalogo\/#organization"},"potentialAction":[{"@type":"SearchAction","target":{"@type":"EntryPoint","urlTemplate":"https:\/\/letrame.com\/catalogo\/?s={search_term_string}"},"query-input":{"@type":"PropertyValueSpecification","valueRequired":true,"valueName":"search_term_string"}}],"inLanguage":"es"},{"@type":"Organization","@id":"https:\/\/letrame.com\/catalogo\/#organization","name":"Catalogo | Letrame Grupo Editorial","url":"https:\/\/letrame.com\/catalogo\/","logo":{"@type":"ImageObject","inLanguage":"es","@id":"https:\/\/letrame.com\/catalogo\/#\/schema\/logo\/image\/","url":"https:\/\/letrame.com\/catalogo\/wp-content\/uploads\/2024\/03\/logo2.webp","contentUrl":"https:\/\/letrame.com\/catalogo\/wp-content\/uploads\/2024\/03\/logo2.webp","width":394,"height":128,"caption":"Catalogo | Letrame Grupo Editorial"},"image":{"@id":"https:\/\/letrame.com\/catalogo\/#\/schema\/logo\/image\/"}}]}},"_links":{"self":[{"href":"https:\/\/letrame.com\/catalogo\/wp-json\/wp\/v2\/product\/99454","targetHints":{"allow":["GET"]}}],"collection":[{"href":"https:\/\/letrame.com\/catalogo\/wp-json\/wp\/v2\/product"}],"about":[{"href":"https:\/\/letrame.com\/catalogo\/wp-json\/wp\/v2\/types\/product"}],"replies":[{"embeddable":true,"href":"https:\/\/letrame.com\/catalogo\/wp-json\/wp\/v2\/comments?post=99454"}],"acf:post":[{"embeddable":true,"href":"https:\/\/letrame.com\/catalogo\/wp-json\/wp\/v2\/author_book\/77776"}],"wp:featuredmedia":[{"embeddable":true,"href":"https:\/\/letrame.com\/catalogo\/wp-json\/wp\/v2\/media\/99455"}],"wp:attachment":[{"href":"https:\/\/letrame.com\/catalogo\/wp-json\/wp\/v2\/media?parent=99454"}],"wp:term":[{"taxonomy":"libro","embeddable":true,"href":"https:\/\/letrame.com\/catalogo\/wp-json\/wp\/v2\/libro?post=99454"},{"taxonomy":"product_brand","embeddable":true,"href":"https:\/\/letrame.com\/catalogo\/wp-json\/wp\/v2\/product_brand?post=99454"},{"taxonomy":"product_cat","embeddable":true,"href":"https:\/\/letrame.com\/catalogo\/wp-json\/wp\/v2\/product_cat?post=99454"},{"taxonomy":"product_tag","embeddable":true,"href":"https:\/\/letrame.com\/catalogo\/wp-json\/wp\/v2\/product_tag?post=99454"}],"curies":[{"name":"wp","href":"https:\/\/api.w.org\/{rel}","templated":true}]}}