{"id":99442,"date":"2024-04-29T16:25:11","date_gmt":"2024-04-29T14:25:11","guid":{"rendered":"https:\/\/letrame.com\/catalogo\/producto\/triste-medicina-que-sera-de-mi\/"},"modified":"2024-07-30T12:14:06","modified_gmt":"2024-07-30T10:14:06","slug":"triste-medicina-que-sera-de-mi","status":"publish","type":"product","link":"https:\/\/letrame.com\/catalogo\/producto\/triste-medicina-que-sera-de-mi\/","title":{"rendered":"Triste medicina, qu\u00e9 ser\u00e1 de mi"},"content":{"rendered":"<p><strong>ISBN<\/strong>: 978-84-1144-850-5<\/p>\n<p><strong>T\u00edtulo<\/strong>: Triste medicina, qu\u00e9 ser\u00e1 de mi<br \/>\n<strong>Fecha<\/strong>: 2023<br \/>\n<strong>P\u00e1ginas<\/strong>: 266<\/p>\n<p><strong>SINOPSIS<\/strong><\/p>\n<p>Tras toda una vida viviendo en diferentes pa\u00edses y, lamentablemente, siendo una mujer con muchas enfermedades, he conocido diferentes funcionamientos de los sistemas sanitarios de los distintos pa\u00edses en los que viv\u00ed: Portugal, Francia y Espa\u00f1a. Cada uno de ellos tuvo y tiene pros y contras. En este libro les narro muchas de las dificultades que he ido teniendo a lo largo de mi vida. A lo largo de los a\u00f1os ha habido mucha mejora en los sistemas sanitarios p\u00fablicos. Pero, de igual modo, ha seguido habiendo mucha diferencia entre los pa\u00edses. Esto es una humilde opini\u00f3n de una persona enferma y con edad que est\u00e1 muy agradecida de la suerte de vivir en pa\u00edses con sanidad p\u00fablica, pero que a la vez demanda cambios importantes en una sanidad que cada vez tiene m\u00e1s inconvenientes.<\/p>\n<p><strong>\u00a0<\/strong><\/p>\n","protected":false},"excerpt":{"rendered":"<p><strong>ISBN<\/strong>: 978-84-1144-850-5<\/p>\n<p><strong>SINOPSIS<\/strong><\/p>\n<p>Tras toda una vida viviendo en diferentes pa\u00edses y, lamentablemente, siendo una mujer con muchas enfermedades, he conocido diferentes funcionamientos de los sistemas sanitarios de los distintos pa\u00edses en los que viv\u00ed: Portugal, Francia y Espa\u00f1a. Cada uno de ellos tuvo y tiene pros y contras. En este libro les narro muchas de las dificultades que he ido teniendo a lo largo de mi vida. A lo largo de los a\u00f1os ha habido mucha mejora en los sistemas sanitarios p\u00fablicos. Pero, de igual modo, ha seguido habiendo mucha diferencia entre los pa\u00edses. Esto es una humilde opini\u00f3n de una persona enferma y con edad que est\u00e1 muy agradecida de la suerte de vivir en pa\u00edses con sanidad p\u00fablica, pero que a la vez demanda cambios importantes en una sanidad que cada vez tiene m\u00e1s inconvenientes.<\/p>\n<p>&nbsp;<\/p>\n","protected":false},"featured_media":99443,"comment_status":"closed","ping_status":"closed","template":"","meta":{"_acf_changed":false},"libro":[],"product_brand":[],"product_cat":[26],"product_tag":[],"class_list":{"0":"post-99442","1":"product","2":"type-product","3":"status-publish","4":"has-post-thumbnail","6":"product_cat-sin-categoria","8":"first","9":"instock","10":"product-type-simple"},"acf":{"autor":[77566],"enlace_de_compra":"https:\/\/amzn.to\/4cYX8Nl"},"yoast_head":"<!-- This site is optimized with the Yoast SEO plugin v27.4 - https:\/\/yoast.com\/product\/yoast-seo-wordpress\/ -->\n<title>Triste medicina, qu\u00e9 ser\u00e1 de mi - Catalogo | Letrame Grupo Editorial<\/title>\n<meta name=\"robots\" content=\"index, follow, max-snippet:-1, max-image-preview:large, max-video-preview:-1\" \/>\n<link rel=\"canonical\" href=\"https:\/\/letrame.com\/catalogo\/producto\/triste-medicina-que-sera-de-mi\/\" \/>\n<meta property=\"og:locale\" content=\"es_ES\" \/>\n<meta property=\"og:type\" content=\"article\" \/>\n<meta property=\"og:title\" content=\"Triste medicina, qu\u00e9 ser\u00e1 de mi - Catalogo | Letrame Grupo Editorial\" \/>\n<meta property=\"og:description\" content=\"ISBN: 978-84-1144-850-5  SINOPSIS  Tras toda una vida viviendo en diferentes pa\u00edses y, lamentablemente, siendo una mujer con muchas enfermedades, he conocido diferentes funcionamientos de los sistemas sanitarios de los distintos pa\u00edses en los que viv\u00ed: Portugal, Francia y Espa\u00f1a. Cada uno de ellos tuvo y tiene pros y contras. En este libro les narro muchas de las dificultades que he ido teniendo a lo largo de mi vida. A lo largo de los a\u00f1os ha habido mucha mejora en los sistemas sanitarios p\u00fablicos. Pero, de igual modo, ha seguido habiendo mucha diferencia entre los pa\u00edses. Esto es una humilde opini\u00f3n de una persona enferma y con edad que est\u00e1 muy agradecida de la suerte de vivir en pa\u00edses con sanidad p\u00fablica, pero que a la vez demanda cambios importantes en una sanidad que cada vez tiene m\u00e1s inconvenientes.  &nbsp;\" \/>\n<meta property=\"og:url\" content=\"https:\/\/letrame.com\/catalogo\/producto\/triste-medicina-que-sera-de-mi\/\" \/>\n<meta property=\"og:site_name\" content=\"Catalogo | Letrame Grupo Editorial\" \/>\n<meta property=\"article:modified_time\" content=\"2024-07-30T10:14:06+00:00\" \/>\n<meta property=\"og:image\" content=\"https:\/\/letrame.com\/catalogo\/wp-content\/uploads\/2024\/04\/webportada_tristemedicina_1334mm-compressed.jpg\" \/>\n\t<meta property=\"og:image:width\" content=\"1748\" \/>\n\t<meta property=\"og:image:height\" content=\"2480\" \/>\n\t<meta property=\"og:image:type\" content=\"image\/jpeg\" \/>\n<meta name=\"twitter:card\" content=\"summary_large_image\" \/>\n<meta name=\"twitter:label1\" content=\"Tiempo de lectura\" \/>\n\t<meta name=\"twitter:data1\" content=\"1 minuto\" \/>\n<script type=\"application\/ld+json\" class=\"yoast-schema-graph\">{\"@context\":\"https:\\\/\\\/schema.org\",\"@graph\":[{\"@type\":\"WebPage\",\"@id\":\"https:\\\/\\\/letrame.com\\\/catalogo\\\/producto\\\/triste-medicina-que-sera-de-mi\\\/\",\"url\":\"https:\\\/\\\/letrame.com\\\/catalogo\\\/producto\\\/triste-medicina-que-sera-de-mi\\\/\",\"name\":\"Triste medicina, qu\u00e9 ser\u00e1 de mi - Catalogo | Letrame Grupo Editorial\",\"isPartOf\":{\"@id\":\"https:\\\/\\\/letrame.com\\\/catalogo\\\/#website\"},\"primaryImageOfPage\":{\"@id\":\"https:\\\/\\\/letrame.com\\\/catalogo\\\/producto\\\/triste-medicina-que-sera-de-mi\\\/#primaryimage\"},\"image\":{\"@id\":\"https:\\\/\\\/letrame.com\\\/catalogo\\\/producto\\\/triste-medicina-que-sera-de-mi\\\/#primaryimage\"},\"thumbnailUrl\":\"https:\\\/\\\/letrame.com\\\/catalogo\\\/wp-content\\\/uploads\\\/2024\\\/04\\\/webportada_tristemedicina_1334mm-compressed.jpg\",\"datePublished\":\"2024-04-29T14:25:11+00:00\",\"dateModified\":\"2024-07-30T10:14:06+00:00\",\"breadcrumb\":{\"@id\":\"https:\\\/\\\/letrame.com\\\/catalogo\\\/producto\\\/triste-medicina-que-sera-de-mi\\\/#breadcrumb\"},\"inLanguage\":\"es\",\"potentialAction\":[{\"@type\":\"ReadAction\",\"target\":[\"https:\\\/\\\/letrame.com\\\/catalogo\\\/producto\\\/triste-medicina-que-sera-de-mi\\\/\"]}]},{\"@type\":\"ImageObject\",\"inLanguage\":\"es\",\"@id\":\"https:\\\/\\\/letrame.com\\\/catalogo\\\/producto\\\/triste-medicina-que-sera-de-mi\\\/#primaryimage\",\"url\":\"https:\\\/\\\/letrame.com\\\/catalogo\\\/wp-content\\\/uploads\\\/2024\\\/04\\\/webportada_tristemedicina_1334mm-compressed.jpg\",\"contentUrl\":\"https:\\\/\\\/letrame.com\\\/catalogo\\\/wp-content\\\/uploads\\\/2024\\\/04\\\/webportada_tristemedicina_1334mm-compressed.jpg\",\"width\":1748,\"height\":2480},{\"@type\":\"BreadcrumbList\",\"@id\":\"https:\\\/\\\/letrame.com\\\/catalogo\\\/producto\\\/triste-medicina-que-sera-de-mi\\\/#breadcrumb\",\"itemListElement\":[{\"@type\":\"ListItem\",\"position\":1,\"name\":\"Portada\",\"item\":\"https:\\\/\\\/letrame.com\\\/catalogo\\\/\"},{\"@type\":\"ListItem\",\"position\":2,\"name\":\"Cat\u00e1logo\",\"item\":\"https:\\\/\\\/letrame.com\\\/catalogo\\\/\"},{\"@type\":\"ListItem\",\"position\":3,\"name\":\"Triste medicina, qu\u00e9 ser\u00e1 de mi\"}]},{\"@type\":\"WebSite\",\"@id\":\"https:\\\/\\\/letrame.com\\\/catalogo\\\/#website\",\"url\":\"https:\\\/\\\/letrame.com\\\/catalogo\\\/\",\"name\":\"Catalogo | Letrame Grupo Editorial\",\"description\":\"\",\"publisher\":{\"@id\":\"https:\\\/\\\/letrame.com\\\/catalogo\\\/#organization\"},\"potentialAction\":[{\"@type\":\"SearchAction\",\"target\":{\"@type\":\"EntryPoint\",\"urlTemplate\":\"https:\\\/\\\/letrame.com\\\/catalogo\\\/?s={search_term_string}\"},\"query-input\":{\"@type\":\"PropertyValueSpecification\",\"valueRequired\":true,\"valueName\":\"search_term_string\"}}],\"inLanguage\":\"es\"},{\"@type\":\"Organization\",\"@id\":\"https:\\\/\\\/letrame.com\\\/catalogo\\\/#organization\",\"name\":\"Catalogo | Letrame Grupo Editorial\",\"url\":\"https:\\\/\\\/letrame.com\\\/catalogo\\\/\",\"logo\":{\"@type\":\"ImageObject\",\"inLanguage\":\"es\",\"@id\":\"https:\\\/\\\/letrame.com\\\/catalogo\\\/#\\\/schema\\\/logo\\\/image\\\/\",\"url\":\"https:\\\/\\\/letrame.com\\\/catalogo\\\/wp-content\\\/uploads\\\/2024\\\/03\\\/logo2.webp\",\"contentUrl\":\"https:\\\/\\\/letrame.com\\\/catalogo\\\/wp-content\\\/uploads\\\/2024\\\/03\\\/logo2.webp\",\"width\":394,\"height\":128,\"caption\":\"Catalogo | Letrame Grupo Editorial\"},\"image\":{\"@id\":\"https:\\\/\\\/letrame.com\\\/catalogo\\\/#\\\/schema\\\/logo\\\/image\\\/\"}}]}<\/script>\n<!-- \/ Yoast SEO plugin. -->","yoast_head_json":{"title":"Triste medicina, qu\u00e9 ser\u00e1 de mi - Catalogo | Letrame Grupo Editorial","robots":{"index":"index","follow":"follow","max-snippet":"max-snippet:-1","max-image-preview":"max-image-preview:large","max-video-preview":"max-video-preview:-1"},"canonical":"https:\/\/letrame.com\/catalogo\/producto\/triste-medicina-que-sera-de-mi\/","og_locale":"es_ES","og_type":"article","og_title":"Triste medicina, qu\u00e9 ser\u00e1 de mi - Catalogo | Letrame Grupo Editorial","og_description":"ISBN: 978-84-1144-850-5  SINOPSIS  Tras toda una vida viviendo en diferentes pa\u00edses y, lamentablemente, siendo una mujer con muchas enfermedades, he conocido diferentes funcionamientos de los sistemas sanitarios de los distintos pa\u00edses en los que viv\u00ed: Portugal, Francia y Espa\u00f1a. Cada uno de ellos tuvo y tiene pros y contras. En este libro les narro muchas de las dificultades que he ido teniendo a lo largo de mi vida. A lo largo de los a\u00f1os ha habido mucha mejora en los sistemas sanitarios p\u00fablicos. Pero, de igual modo, ha seguido habiendo mucha diferencia entre los pa\u00edses. Esto es una humilde opini\u00f3n de una persona enferma y con edad que est\u00e1 muy agradecida de la suerte de vivir en pa\u00edses con sanidad p\u00fablica, pero que a la vez demanda cambios importantes en una sanidad que cada vez tiene m\u00e1s inconvenientes.  &nbsp;","og_url":"https:\/\/letrame.com\/catalogo\/producto\/triste-medicina-que-sera-de-mi\/","og_site_name":"Catalogo | Letrame Grupo Editorial","article_modified_time":"2024-07-30T10:14:06+00:00","og_image":[{"width":1748,"height":2480,"url":"https:\/\/letrame.com\/catalogo\/wp-content\/uploads\/2024\/04\/webportada_tristemedicina_1334mm-compressed.jpg","type":"image\/jpeg"}],"twitter_card":"summary_large_image","twitter_misc":{"Tiempo de lectura":"1 minuto"},"schema":{"@context":"https:\/\/schema.org","@graph":[{"@type":"WebPage","@id":"https:\/\/letrame.com\/catalogo\/producto\/triste-medicina-que-sera-de-mi\/","url":"https:\/\/letrame.com\/catalogo\/producto\/triste-medicina-que-sera-de-mi\/","name":"Triste medicina, qu\u00e9 ser\u00e1 de mi - Catalogo | Letrame Grupo Editorial","isPartOf":{"@id":"https:\/\/letrame.com\/catalogo\/#website"},"primaryImageOfPage":{"@id":"https:\/\/letrame.com\/catalogo\/producto\/triste-medicina-que-sera-de-mi\/#primaryimage"},"image":{"@id":"https:\/\/letrame.com\/catalogo\/producto\/triste-medicina-que-sera-de-mi\/#primaryimage"},"thumbnailUrl":"https:\/\/letrame.com\/catalogo\/wp-content\/uploads\/2024\/04\/webportada_tristemedicina_1334mm-compressed.jpg","datePublished":"2024-04-29T14:25:11+00:00","dateModified":"2024-07-30T10:14:06+00:00","breadcrumb":{"@id":"https:\/\/letrame.com\/catalogo\/producto\/triste-medicina-que-sera-de-mi\/#breadcrumb"},"inLanguage":"es","potentialAction":[{"@type":"ReadAction","target":["https:\/\/letrame.com\/catalogo\/producto\/triste-medicina-que-sera-de-mi\/"]}]},{"@type":"ImageObject","inLanguage":"es","@id":"https:\/\/letrame.com\/catalogo\/producto\/triste-medicina-que-sera-de-mi\/#primaryimage","url":"https:\/\/letrame.com\/catalogo\/wp-content\/uploads\/2024\/04\/webportada_tristemedicina_1334mm-compressed.jpg","contentUrl":"https:\/\/letrame.com\/catalogo\/wp-content\/uploads\/2024\/04\/webportada_tristemedicina_1334mm-compressed.jpg","width":1748,"height":2480},{"@type":"BreadcrumbList","@id":"https:\/\/letrame.com\/catalogo\/producto\/triste-medicina-que-sera-de-mi\/#breadcrumb","itemListElement":[{"@type":"ListItem","position":1,"name":"Portada","item":"https:\/\/letrame.com\/catalogo\/"},{"@type":"ListItem","position":2,"name":"Cat\u00e1logo","item":"https:\/\/letrame.com\/catalogo\/"},{"@type":"ListItem","position":3,"name":"Triste medicina, qu\u00e9 ser\u00e1 de mi"}]},{"@type":"WebSite","@id":"https:\/\/letrame.com\/catalogo\/#website","url":"https:\/\/letrame.com\/catalogo\/","name":"Catalogo | Letrame Grupo Editorial","description":"","publisher":{"@id":"https:\/\/letrame.com\/catalogo\/#organization"},"potentialAction":[{"@type":"SearchAction","target":{"@type":"EntryPoint","urlTemplate":"https:\/\/letrame.com\/catalogo\/?s={search_term_string}"},"query-input":{"@type":"PropertyValueSpecification","valueRequired":true,"valueName":"search_term_string"}}],"inLanguage":"es"},{"@type":"Organization","@id":"https:\/\/letrame.com\/catalogo\/#organization","name":"Catalogo | Letrame Grupo Editorial","url":"https:\/\/letrame.com\/catalogo\/","logo":{"@type":"ImageObject","inLanguage":"es","@id":"https:\/\/letrame.com\/catalogo\/#\/schema\/logo\/image\/","url":"https:\/\/letrame.com\/catalogo\/wp-content\/uploads\/2024\/03\/logo2.webp","contentUrl":"https:\/\/letrame.com\/catalogo\/wp-content\/uploads\/2024\/03\/logo2.webp","width":394,"height":128,"caption":"Catalogo | Letrame Grupo Editorial"},"image":{"@id":"https:\/\/letrame.com\/catalogo\/#\/schema\/logo\/image\/"}}]}},"_links":{"self":[{"href":"https:\/\/letrame.com\/catalogo\/wp-json\/wp\/v2\/product\/99442","targetHints":{"allow":["GET"]}}],"collection":[{"href":"https:\/\/letrame.com\/catalogo\/wp-json\/wp\/v2\/product"}],"about":[{"href":"https:\/\/letrame.com\/catalogo\/wp-json\/wp\/v2\/types\/product"}],"replies":[{"embeddable":true,"href":"https:\/\/letrame.com\/catalogo\/wp-json\/wp\/v2\/comments?post=99442"}],"acf:post":[{"embeddable":true,"href":"https:\/\/letrame.com\/catalogo\/wp-json\/wp\/v2\/author_book\/77566"}],"wp:featuredmedia":[{"embeddable":true,"href":"https:\/\/letrame.com\/catalogo\/wp-json\/wp\/v2\/media\/99443"}],"wp:attachment":[{"href":"https:\/\/letrame.com\/catalogo\/wp-json\/wp\/v2\/media?parent=99442"}],"wp:term":[{"taxonomy":"libro","embeddable":true,"href":"https:\/\/letrame.com\/catalogo\/wp-json\/wp\/v2\/libro?post=99442"},{"taxonomy":"product_brand","embeddable":true,"href":"https:\/\/letrame.com\/catalogo\/wp-json\/wp\/v2\/product_brand?post=99442"},{"taxonomy":"product_cat","embeddable":true,"href":"https:\/\/letrame.com\/catalogo\/wp-json\/wp\/v2\/product_cat?post=99442"},{"taxonomy":"product_tag","embeddable":true,"href":"https:\/\/letrame.com\/catalogo\/wp-json\/wp\/v2\/product_tag?post=99442"}],"curies":[{"name":"wp","href":"https:\/\/api.w.org\/{rel}","templated":true}]}}