{"id":99440,"date":"2024-04-29T16:24:42","date_gmt":"2024-04-29T14:24:42","guid":{"rendered":"https:\/\/letrame.com\/catalogo\/producto\/digame-que-es-el-amor\/"},"modified":"2024-04-29T16:24:57","modified_gmt":"2024-04-29T14:24:57","slug":"digame-que-es-el-amor","status":"publish","type":"product","link":"https:\/\/letrame.com\/catalogo\/producto\/digame-que-es-el-amor\/","title":{"rendered":"D\u00cdGAME, \u00bfqu\u00e9 es el amor?"},"content":{"rendered":"<p><strong>ISBN<\/strong>: 978-84-1144-849-9<\/p>\n<p><strong>T\u00edtulo<\/strong>: D\u00cdGAME, \u00bfqu\u00e9 es el amor?<br \/>\n<strong>Fecha<\/strong>: 2023<br \/>\n<strong>P\u00e1ginas<\/strong>: 208<\/p>\n<p><strong>SINOPSIS<\/strong><\/p>\n<p>\u00bfC\u00f3mo piensan que es la vida de una bailarina? \u00bfQu\u00e9 pasa cuando no puede continuar bailando? Esta bailarina decide contar lo que fue su vida en los escenarios junto a su marido. Lleg\u00f3 un momento que era complicado ocuparse de los trajes de baile, tanto los de ella como los de su compa\u00f1ero. Trabaj\u00f3 mucho para poder construirse su castillo. Llega un momento en el que la edad no perdona, se dejan de tener las piernas que se ten\u00edan a los cincuenta y tres a\u00f1os que empez\u00f3 la aventura. No fue la edad lo que le prohibi\u00f3 ser campeona en m\u00e1s de una ocasi\u00f3n. Tengan la curiosidad de saber c\u00f3mo fue la vida de una bailarina tanto en el matrimonio como en la danza. Este libro corresponde a la segunda parte de mi autobiograf\u00eda. Francelina Robin, 11 de noviembre de 1945, Ponte de Lima (Portugal). De nacionalidad francesa. Luch\u00f3 duramente entre las fronteras de Portugal, Espa\u00f1a y Francia para ganarse la vida. A sus 53 a\u00f1os se lanz\u00f3 a la gran aventura del baile, que le dio la oportunidad de recorrer Europa. Tras participar en numerosos torneos y competiciones, y hacerse con las primeras posiciones en muchas de las ocasiones, pudo acabar dedic\u00e1ndose, junto a su esposo Claude Robin, a lo que tantas veces so\u00f1\u00f3: ser bailarina profesional. Tras conseguir t\u00edtulos como: el Primer Premio en el Crucero de Danza de Tele Star por la compa\u00f1\u00eda Feeling Dancing Factory, el Primer Premio en el Campeonato de Francia en tres bailes en Salla Pleyel, en dos ocasiones el Primer Premio del Campeonato de Isla de Francia en tres danzas y una larga lista de premios decidi\u00f3, junto a su marido, dedicarse a hacer espect\u00e1culos all\u00e1 donde iba obteniendo contratos en Portugal, Francia y Espa\u00f1a. La salud le forz\u00f3 a decir adi\u00f3s al baile, pero se lanz\u00f3 a la aventura de la escritura donde lleva inmersa desde 2014, y fruto de su duro empe\u00f1o y constancia ha dado como resultado un total de ocho libros y varios premios otorgados por la Fundaci\u00f3n Granada Costa entre los que se encuentran: Diploma Bailarina Art\u00edstica, Escritora y Poeta, Medalla de Oro, Broche de Oro a una Carrera Art\u00edstica.<\/p>\n<p>&nbsp;<\/p>\n","protected":false},"excerpt":{"rendered":"<p><strong>ISBN<\/strong>: 978-84-1144-849-9<\/p>\n<p><strong>SINOPSIS<\/strong><\/p>\n<p>\u00bfC\u00f3mo piensan que es la vida de una bailarina? \u00bfQu\u00e9 pasa cuando no puede continuar bailando? Esta bailarina decide contar lo que fue su vida en los escenarios junto a su marido. Lleg\u00f3 un momento que era complicado ocuparse de los trajes de baile, tanto los de ella como los de su compa\u00f1ero. Trabaj\u00f3 mucho para poder construirse su castillo. Llega un momento en el que la edad no perdona, se dejan de tener las piernas que se ten\u00edan a los cincuenta y tres a\u00f1os que empez\u00f3 la aventura. No fue la edad lo que le prohibi\u00f3 ser campeona en m\u00e1s de una ocasi\u00f3n. Tengan la curiosidad de saber c\u00f3mo fue la vida de una bailarina tanto en el matrimonio como en la danza. Este libro corresponde a la segunda parte de mi autobiograf\u00eda. Francelina Robin, 11 de noviembre de 1945, Ponte de Lima (Portugal). De nacionalidad francesa. Luch\u00f3 duramente entre las fronteras de Portugal, Espa\u00f1a y Francia para ganarse la vida. A sus 53 a\u00f1os se lanz\u00f3 a la gran aventura del baile, que le dio la oportunidad de recorrer Europa. Tras participar en numerosos torneos y competiciones, y hacerse con las primeras posiciones en muchas de las ocasiones, pudo acabar dedic\u00e1ndose, junto a su esposo Claude Robin, a lo que tantas veces so\u00f1\u00f3: ser bailarina profesional. Tras conseguir t\u00edtulos como: el Primer Premio en el Crucero de Danza de Tele Star por la compa\u00f1\u00eda Feeling Dancing Factory, el Primer Premio en el Campeonato de Francia en tres bailes en Salla Pleyel, en dos ocasiones el Primer Premio del Campeonato de Isla de Francia en tres danzas y una larga lista de premios decidi\u00f3, junto a su marido, dedicarse a hacer espect\u00e1culos all\u00e1 donde iba obteniendo contratos en Portugal, Francia y Espa\u00f1a. La salud le forz\u00f3 a decir adi\u00f3s al baile, pero se lanz\u00f3 a la aventura de la escritura donde lleva inmersa desde 2014, y fruto de su duro empe\u00f1o y constancia ha dado como resultado un total de ocho libros y varios premios otorgados por la Fundaci\u00f3n Granada Costa entre los que se encuentran: Diploma Bailarina Art\u00edstica, Escritora y Poeta, Medalla de Oro, Broche de Oro a una Carrera Art\u00edstica.<\/p>\n","protected":false},"featured_media":99441,"comment_status":"closed","ping_status":"open","template":"","meta":{"_acf_changed":false},"libro":[],"product_brand":[],"product_cat":[26],"product_tag":[],"class_list":{"0":"post-99440","1":"product","2":"type-product","3":"status-publish","4":"has-post-thumbnail","6":"product_cat-sin-categoria","8":"first","9":"instock","10":"product-type-simple"},"acf":{"autor":[77566],"enlace_de_compra":""},"yoast_head":"<!-- This site is optimized with the Yoast SEO plugin v27.4 - https:\/\/yoast.com\/product\/yoast-seo-wordpress\/ -->\n<title>D\u00cdGAME, \u00bfqu\u00e9 es el amor? - Catalogo | Letrame Grupo Editorial<\/title>\n<meta name=\"robots\" content=\"index, follow, max-snippet:-1, max-image-preview:large, max-video-preview:-1\" \/>\n<link rel=\"canonical\" href=\"https:\/\/letrame.com\/catalogo\/producto\/digame-que-es-el-amor\/\" \/>\n<meta property=\"og:locale\" content=\"es_ES\" \/>\n<meta property=\"og:type\" content=\"article\" \/>\n<meta property=\"og:title\" content=\"D\u00cdGAME, \u00bfqu\u00e9 es el amor? - Catalogo | Letrame Grupo Editorial\" \/>\n<meta property=\"og:description\" content=\"ISBN: 978-84-1144-849-9 SINOPSIS \u00bfC\u00f3mo piensan que es la vida de una bailarina? \u00bfQu\u00e9 pasa cuando no puede continuar bailando? Esta bailarina decide contar lo que fue su vida en los escenarios junto a su marido. Lleg\u00f3 un momento que era complicado ocuparse de los trajes de baile, tanto los de ella como los de su compa\u00f1ero. Trabaj\u00f3 mucho para poder construirse su castillo. Llega un momento en el que la edad no perdona, se dejan de tener las piernas que se ten\u00edan a los cincuenta y tres a\u00f1os que empez\u00f3 la aventura. No fue la edad lo que le prohibi\u00f3 ser campeona en m\u00e1s de una ocasi\u00f3n. Tengan la curiosidad de saber c\u00f3mo fue la vida de una bailarina tanto en el matrimonio como en la danza. Este libro corresponde a la segunda parte de mi autobiograf\u00eda. Francelina Robin, 11 de noviembre de 1945, Ponte de Lima (Portugal). De nacionalidad francesa. Luch\u00f3 duramente entre las fronteras de Portugal, Espa\u00f1a y Francia para ganarse la vida. A sus 53 a\u00f1os se lanz\u00f3 a la gran aventura del baile, que le dio la oportunidad de recorrer Europa. Tras participar en numerosos torneos y competiciones, y hacerse con las primeras posiciones en muchas de las ocasiones, pudo acabar dedic\u00e1ndose, junto a su esposo Claude Robin, a lo que tantas veces so\u00f1\u00f3: ser bailarina profesional. Tras conseguir t\u00edtulos como: el Primer Premio en el Crucero de Danza de Tele Star por la compa\u00f1\u00eda Feeling Dancing Factory, el Primer Premio en el Campeonato de Francia en tres bailes en Salla Pleyel, en dos ocasiones el Primer Premio del Campeonato de Isla de Francia en tres danzas y una larga lista de premios decidi\u00f3, junto a su marido, dedicarse a hacer espect\u00e1culos all\u00e1 donde iba obteniendo contratos en Portugal, Francia y Espa\u00f1a. La salud le forz\u00f3 a decir adi\u00f3s al baile, pero se lanz\u00f3 a la aventura de la escritura donde lleva inmersa desde 2014, y fruto de su duro empe\u00f1o y constancia ha dado como resultado un total de ocho libros y varios premios otorgados por la Fundaci\u00f3n Granada Costa entre los que se encuentran: Diploma Bailarina Art\u00edstica, Escritora y Poeta, Medalla de Oro, Broche de Oro a una Carrera Art\u00edstica.\" \/>\n<meta property=\"og:url\" content=\"https:\/\/letrame.com\/catalogo\/producto\/digame-que-es-el-amor\/\" \/>\n<meta property=\"og:site_name\" content=\"Catalogo | Letrame Grupo Editorial\" \/>\n<meta property=\"article:modified_time\" content=\"2024-04-29T14:24:57+00:00\" \/>\n<meta property=\"og:image\" content=\"https:\/\/letrame.com\/catalogo\/wp-content\/uploads\/2024\/04\/webportada_digame_1066mm-compressed.jpg\" \/>\n\t<meta property=\"og:image:width\" content=\"1748\" \/>\n\t<meta property=\"og:image:height\" content=\"2480\" \/>\n\t<meta property=\"og:image:type\" content=\"image\/jpeg\" \/>\n<meta name=\"twitter:card\" content=\"summary_large_image\" \/>\n<meta name=\"twitter:label1\" content=\"Tiempo de lectura\" \/>\n\t<meta name=\"twitter:data1\" content=\"2 minutos\" \/>\n<script type=\"application\/ld+json\" class=\"yoast-schema-graph\">{\"@context\":\"https:\\\/\\\/schema.org\",\"@graph\":[{\"@type\":\"WebPage\",\"@id\":\"https:\\\/\\\/letrame.com\\\/catalogo\\\/producto\\\/digame-que-es-el-amor\\\/\",\"url\":\"https:\\\/\\\/letrame.com\\\/catalogo\\\/producto\\\/digame-que-es-el-amor\\\/\",\"name\":\"D\u00cdGAME, \u00bfqu\u00e9 es el amor? - Catalogo | Letrame Grupo Editorial\",\"isPartOf\":{\"@id\":\"https:\\\/\\\/letrame.com\\\/catalogo\\\/#website\"},\"primaryImageOfPage\":{\"@id\":\"https:\\\/\\\/letrame.com\\\/catalogo\\\/producto\\\/digame-que-es-el-amor\\\/#primaryimage\"},\"image\":{\"@id\":\"https:\\\/\\\/letrame.com\\\/catalogo\\\/producto\\\/digame-que-es-el-amor\\\/#primaryimage\"},\"thumbnailUrl\":\"https:\\\/\\\/letrame.com\\\/catalogo\\\/wp-content\\\/uploads\\\/2024\\\/04\\\/webportada_digame_1066mm-compressed.jpg\",\"datePublished\":\"2024-04-29T14:24:42+00:00\",\"dateModified\":\"2024-04-29T14:24:57+00:00\",\"breadcrumb\":{\"@id\":\"https:\\\/\\\/letrame.com\\\/catalogo\\\/producto\\\/digame-que-es-el-amor\\\/#breadcrumb\"},\"inLanguage\":\"es\",\"potentialAction\":[{\"@type\":\"ReadAction\",\"target\":[\"https:\\\/\\\/letrame.com\\\/catalogo\\\/producto\\\/digame-que-es-el-amor\\\/\"]}]},{\"@type\":\"ImageObject\",\"inLanguage\":\"es\",\"@id\":\"https:\\\/\\\/letrame.com\\\/catalogo\\\/producto\\\/digame-que-es-el-amor\\\/#primaryimage\",\"url\":\"https:\\\/\\\/letrame.com\\\/catalogo\\\/wp-content\\\/uploads\\\/2024\\\/04\\\/webportada_digame_1066mm-compressed.jpg\",\"contentUrl\":\"https:\\\/\\\/letrame.com\\\/catalogo\\\/wp-content\\\/uploads\\\/2024\\\/04\\\/webportada_digame_1066mm-compressed.jpg\",\"width\":1748,\"height\":2480},{\"@type\":\"BreadcrumbList\",\"@id\":\"https:\\\/\\\/letrame.com\\\/catalogo\\\/producto\\\/digame-que-es-el-amor\\\/#breadcrumb\",\"itemListElement\":[{\"@type\":\"ListItem\",\"position\":1,\"name\":\"Portada\",\"item\":\"https:\\\/\\\/letrame.com\\\/catalogo\\\/\"},{\"@type\":\"ListItem\",\"position\":2,\"name\":\"Cat\u00e1logo\",\"item\":\"https:\\\/\\\/letrame.com\\\/catalogo\\\/\"},{\"@type\":\"ListItem\",\"position\":3,\"name\":\"D\u00cdGAME, \u00bfqu\u00e9 es el amor?\"}]},{\"@type\":\"WebSite\",\"@id\":\"https:\\\/\\\/letrame.com\\\/catalogo\\\/#website\",\"url\":\"https:\\\/\\\/letrame.com\\\/catalogo\\\/\",\"name\":\"Catalogo | Letrame Grupo Editorial\",\"description\":\"\",\"publisher\":{\"@id\":\"https:\\\/\\\/letrame.com\\\/catalogo\\\/#organization\"},\"potentialAction\":[{\"@type\":\"SearchAction\",\"target\":{\"@type\":\"EntryPoint\",\"urlTemplate\":\"https:\\\/\\\/letrame.com\\\/catalogo\\\/?s={search_term_string}\"},\"query-input\":{\"@type\":\"PropertyValueSpecification\",\"valueRequired\":true,\"valueName\":\"search_term_string\"}}],\"inLanguage\":\"es\"},{\"@type\":\"Organization\",\"@id\":\"https:\\\/\\\/letrame.com\\\/catalogo\\\/#organization\",\"name\":\"Catalogo | Letrame Grupo Editorial\",\"url\":\"https:\\\/\\\/letrame.com\\\/catalogo\\\/\",\"logo\":{\"@type\":\"ImageObject\",\"inLanguage\":\"es\",\"@id\":\"https:\\\/\\\/letrame.com\\\/catalogo\\\/#\\\/schema\\\/logo\\\/image\\\/\",\"url\":\"https:\\\/\\\/letrame.com\\\/catalogo\\\/wp-content\\\/uploads\\\/2024\\\/03\\\/logo2.webp\",\"contentUrl\":\"https:\\\/\\\/letrame.com\\\/catalogo\\\/wp-content\\\/uploads\\\/2024\\\/03\\\/logo2.webp\",\"width\":394,\"height\":128,\"caption\":\"Catalogo | Letrame Grupo Editorial\"},\"image\":{\"@id\":\"https:\\\/\\\/letrame.com\\\/catalogo\\\/#\\\/schema\\\/logo\\\/image\\\/\"}}]}<\/script>\n<!-- \/ Yoast SEO plugin. -->","yoast_head_json":{"title":"D\u00cdGAME, \u00bfqu\u00e9 es el amor? - Catalogo | Letrame Grupo Editorial","robots":{"index":"index","follow":"follow","max-snippet":"max-snippet:-1","max-image-preview":"max-image-preview:large","max-video-preview":"max-video-preview:-1"},"canonical":"https:\/\/letrame.com\/catalogo\/producto\/digame-que-es-el-amor\/","og_locale":"es_ES","og_type":"article","og_title":"D\u00cdGAME, \u00bfqu\u00e9 es el amor? - Catalogo | Letrame Grupo Editorial","og_description":"ISBN: 978-84-1144-849-9 SINOPSIS \u00bfC\u00f3mo piensan que es la vida de una bailarina? \u00bfQu\u00e9 pasa cuando no puede continuar bailando? Esta bailarina decide contar lo que fue su vida en los escenarios junto a su marido. Lleg\u00f3 un momento que era complicado ocuparse de los trajes de baile, tanto los de ella como los de su compa\u00f1ero. Trabaj\u00f3 mucho para poder construirse su castillo. Llega un momento en el que la edad no perdona, se dejan de tener las piernas que se ten\u00edan a los cincuenta y tres a\u00f1os que empez\u00f3 la aventura. No fue la edad lo que le prohibi\u00f3 ser campeona en m\u00e1s de una ocasi\u00f3n. Tengan la curiosidad de saber c\u00f3mo fue la vida de una bailarina tanto en el matrimonio como en la danza. Este libro corresponde a la segunda parte de mi autobiograf\u00eda. Francelina Robin, 11 de noviembre de 1945, Ponte de Lima (Portugal). De nacionalidad francesa. Luch\u00f3 duramente entre las fronteras de Portugal, Espa\u00f1a y Francia para ganarse la vida. A sus 53 a\u00f1os se lanz\u00f3 a la gran aventura del baile, que le dio la oportunidad de recorrer Europa. Tras participar en numerosos torneos y competiciones, y hacerse con las primeras posiciones en muchas de las ocasiones, pudo acabar dedic\u00e1ndose, junto a su esposo Claude Robin, a lo que tantas veces so\u00f1\u00f3: ser bailarina profesional. Tras conseguir t\u00edtulos como: el Primer Premio en el Crucero de Danza de Tele Star por la compa\u00f1\u00eda Feeling Dancing Factory, el Primer Premio en el Campeonato de Francia en tres bailes en Salla Pleyel, en dos ocasiones el Primer Premio del Campeonato de Isla de Francia en tres danzas y una larga lista de premios decidi\u00f3, junto a su marido, dedicarse a hacer espect\u00e1culos all\u00e1 donde iba obteniendo contratos en Portugal, Francia y Espa\u00f1a. La salud le forz\u00f3 a decir adi\u00f3s al baile, pero se lanz\u00f3 a la aventura de la escritura donde lleva inmersa desde 2014, y fruto de su duro empe\u00f1o y constancia ha dado como resultado un total de ocho libros y varios premios otorgados por la Fundaci\u00f3n Granada Costa entre los que se encuentran: Diploma Bailarina Art\u00edstica, Escritora y Poeta, Medalla de Oro, Broche de Oro a una Carrera Art\u00edstica.","og_url":"https:\/\/letrame.com\/catalogo\/producto\/digame-que-es-el-amor\/","og_site_name":"Catalogo | Letrame Grupo Editorial","article_modified_time":"2024-04-29T14:24:57+00:00","og_image":[{"width":1748,"height":2480,"url":"https:\/\/letrame.com\/catalogo\/wp-content\/uploads\/2024\/04\/webportada_digame_1066mm-compressed.jpg","type":"image\/jpeg"}],"twitter_card":"summary_large_image","twitter_misc":{"Tiempo de lectura":"2 minutos"},"schema":{"@context":"https:\/\/schema.org","@graph":[{"@type":"WebPage","@id":"https:\/\/letrame.com\/catalogo\/producto\/digame-que-es-el-amor\/","url":"https:\/\/letrame.com\/catalogo\/producto\/digame-que-es-el-amor\/","name":"D\u00cdGAME, \u00bfqu\u00e9 es el amor? - Catalogo | Letrame Grupo Editorial","isPartOf":{"@id":"https:\/\/letrame.com\/catalogo\/#website"},"primaryImageOfPage":{"@id":"https:\/\/letrame.com\/catalogo\/producto\/digame-que-es-el-amor\/#primaryimage"},"image":{"@id":"https:\/\/letrame.com\/catalogo\/producto\/digame-que-es-el-amor\/#primaryimage"},"thumbnailUrl":"https:\/\/letrame.com\/catalogo\/wp-content\/uploads\/2024\/04\/webportada_digame_1066mm-compressed.jpg","datePublished":"2024-04-29T14:24:42+00:00","dateModified":"2024-04-29T14:24:57+00:00","breadcrumb":{"@id":"https:\/\/letrame.com\/catalogo\/producto\/digame-que-es-el-amor\/#breadcrumb"},"inLanguage":"es","potentialAction":[{"@type":"ReadAction","target":["https:\/\/letrame.com\/catalogo\/producto\/digame-que-es-el-amor\/"]}]},{"@type":"ImageObject","inLanguage":"es","@id":"https:\/\/letrame.com\/catalogo\/producto\/digame-que-es-el-amor\/#primaryimage","url":"https:\/\/letrame.com\/catalogo\/wp-content\/uploads\/2024\/04\/webportada_digame_1066mm-compressed.jpg","contentUrl":"https:\/\/letrame.com\/catalogo\/wp-content\/uploads\/2024\/04\/webportada_digame_1066mm-compressed.jpg","width":1748,"height":2480},{"@type":"BreadcrumbList","@id":"https:\/\/letrame.com\/catalogo\/producto\/digame-que-es-el-amor\/#breadcrumb","itemListElement":[{"@type":"ListItem","position":1,"name":"Portada","item":"https:\/\/letrame.com\/catalogo\/"},{"@type":"ListItem","position":2,"name":"Cat\u00e1logo","item":"https:\/\/letrame.com\/catalogo\/"},{"@type":"ListItem","position":3,"name":"D\u00cdGAME, \u00bfqu\u00e9 es el amor?"}]},{"@type":"WebSite","@id":"https:\/\/letrame.com\/catalogo\/#website","url":"https:\/\/letrame.com\/catalogo\/","name":"Catalogo | Letrame Grupo Editorial","description":"","publisher":{"@id":"https:\/\/letrame.com\/catalogo\/#organization"},"potentialAction":[{"@type":"SearchAction","target":{"@type":"EntryPoint","urlTemplate":"https:\/\/letrame.com\/catalogo\/?s={search_term_string}"},"query-input":{"@type":"PropertyValueSpecification","valueRequired":true,"valueName":"search_term_string"}}],"inLanguage":"es"},{"@type":"Organization","@id":"https:\/\/letrame.com\/catalogo\/#organization","name":"Catalogo | Letrame Grupo Editorial","url":"https:\/\/letrame.com\/catalogo\/","logo":{"@type":"ImageObject","inLanguage":"es","@id":"https:\/\/letrame.com\/catalogo\/#\/schema\/logo\/image\/","url":"https:\/\/letrame.com\/catalogo\/wp-content\/uploads\/2024\/03\/logo2.webp","contentUrl":"https:\/\/letrame.com\/catalogo\/wp-content\/uploads\/2024\/03\/logo2.webp","width":394,"height":128,"caption":"Catalogo | Letrame Grupo Editorial"},"image":{"@id":"https:\/\/letrame.com\/catalogo\/#\/schema\/logo\/image\/"}}]}},"_links":{"self":[{"href":"https:\/\/letrame.com\/catalogo\/wp-json\/wp\/v2\/product\/99440","targetHints":{"allow":["GET"]}}],"collection":[{"href":"https:\/\/letrame.com\/catalogo\/wp-json\/wp\/v2\/product"}],"about":[{"href":"https:\/\/letrame.com\/catalogo\/wp-json\/wp\/v2\/types\/product"}],"replies":[{"embeddable":true,"href":"https:\/\/letrame.com\/catalogo\/wp-json\/wp\/v2\/comments?post=99440"}],"acf:post":[{"embeddable":true,"href":"https:\/\/letrame.com\/catalogo\/wp-json\/wp\/v2\/author_book\/77566"}],"wp:featuredmedia":[{"embeddable":true,"href":"https:\/\/letrame.com\/catalogo\/wp-json\/wp\/v2\/media\/99441"}],"wp:attachment":[{"href":"https:\/\/letrame.com\/catalogo\/wp-json\/wp\/v2\/media?parent=99440"}],"wp:term":[{"taxonomy":"libro","embeddable":true,"href":"https:\/\/letrame.com\/catalogo\/wp-json\/wp\/v2\/libro?post=99440"},{"taxonomy":"product_brand","embeddable":true,"href":"https:\/\/letrame.com\/catalogo\/wp-json\/wp\/v2\/product_brand?post=99440"},{"taxonomy":"product_cat","embeddable":true,"href":"https:\/\/letrame.com\/catalogo\/wp-json\/wp\/v2\/product_cat?post=99440"},{"taxonomy":"product_tag","embeddable":true,"href":"https:\/\/letrame.com\/catalogo\/wp-json\/wp\/v2\/product_tag?post=99440"}],"curies":[{"name":"wp","href":"https:\/\/api.w.org\/{rel}","templated":true}]}}