{"id":99431,"date":"2024-04-29T16:24:02","date_gmt":"2024-04-29T14:24:02","guid":{"rendered":"https:\/\/letrame.com\/catalogo\/producto\/de-copernico-a-hawking\/"},"modified":"2024-04-29T16:24:02","modified_gmt":"2024-04-29T14:24:02","slug":"de-copernico-a-hawking","status":"publish","type":"product","link":"https:\/\/letrame.com\/catalogo\/producto\/de-copernico-a-hawking\/","title":{"rendered":"De Cop\u00e9rnico a Hawking"},"content":{"rendered":"<p><strong>ISBN<\/strong>: 978-84-1181-481-2<\/p>\n<p><strong>T\u00edtulo<\/strong>: De Cop\u00e9rnico a Hawking<br \/>\n<strong>Fecha<\/strong>: 2023<br \/>\n<strong>P\u00e1ginas<\/strong>: 136<\/p>\n<p><strong>SINOPSIS<\/strong><\/p>\n<p>Los grandes avances cient\u00edficos nos han permitido buscar nuevas formas de ense\u00f1ar, m\u00e1s all\u00e1 de la tiza y el tablero; al cruzar y descubrir otras fronteras del conocimiento se hace necesario el uso adecuado de diferentes herramientas con las cuales podemos ejercer nuestra labor docente, de una manera m\u00e1s l\u00fadica amena y divertida, permitiendo as\u00ed que la animaci\u00f3n de objetos virtuales de aprendizaje sea un instrumento eficaz, del cual en estos tiempos modernos podemos disponer, est\u00e1 a nuestro alcance y su prop\u00f3sito es lograr vencer muchas barreras, abriendo puertas al conocimiento y a un mundo de posibilidades, nos\u00a0 facilitar\u00e1 los medios para afianzar a\u00fan m\u00e1s aquellos aspectos vistos en clase y por ende, que nuestros educandos despierten ese inter\u00e9s y motivaci\u00f3n que tanto hace falta en las aulas.<\/p>\n<p>De Cop\u00e9rnico a Hawking, notas y relatos de la f\u00edsica en el aula, es la historia misma, es el fiel reflejo y deseo de hablar con cada cient\u00edfico a trav\u00e9s de sus teor\u00edas y entenderle dentro de ese \u00e1mbito social y \u00e9poca en la que vivi\u00f3, con el fin de ponerlas en pr\u00e1ctica en el hoy, y de c\u00f3mo podr\u00edan ser en un futuro. El autor logra a trav\u00e9s de los descubrimientos y postulados desarrollados por aquellos hombres de ciencia establecer una conexi\u00f3n con el mundo cotidiano, logrando que los estudiantes encuentren las respuestas correctas a esos interrogantes que, para ellos, tiempo atr\u00e1s serian dif\u00edciles de responder.<\/p>\n<p>Esta gran experiencia es parte de mi vida dentro y fuera del aula, y se ha desarrollado continuamente durante m\u00e1s de una d\u00e9cada en la educaci\u00f3n media, logrando involucrar a toda una comunidad educativa con el uso apropiado y responsable de las TICS.<\/p>\n","protected":false},"excerpt":{"rendered":"<p><strong>ISBN<\/strong>: 978-84-1181-481-2<\/p>\n<p><strong>SINOPSIS<\/strong><\/p>\n<p>Los grandes avances cient\u00edficos nos han permitido buscar nuevas formas de ense\u00f1ar, m\u00e1s all\u00e1 de la tiza y el tablero; al cruzar y descubrir otras fronteras del conocimiento se hace necesario el uso adecuado de diferentes herramientas con las cuales podemos ejercer nuestra labor docente, de una manera m\u00e1s l\u00fadica amena y divertida, permitiendo as\u00ed que la animaci\u00f3n de objetos virtuales de aprendizaje sea un instrumento eficaz, del cual en estos tiempos modernos podemos disponer, est\u00e1 a nuestro alcance y su prop\u00f3sito es lograr vencer muchas barreras, abriendo puertas al conocimiento y a un mundo de posibilidades, nos\u00a0 facilitar\u00e1 los medios para afianzar a\u00fan m\u00e1s aquellos aspectos vistos en clase y por ende, que nuestros educandos despierten ese inter\u00e9s y motivaci\u00f3n que tanto hace falta en las aulas.<\/p>\n<p>De Cop\u00e9rnico a Hawking, notas y relatos de la f\u00edsica en el aula, es la historia misma, es el fiel reflejo y deseo de hablar con cada cient\u00edfico a trav\u00e9s de sus teor\u00edas y entenderle dentro de ese \u00e1mbito social y \u00e9poca en la que vivi\u00f3, con el fin de ponerlas en pr\u00e1ctica en el hoy, y de c\u00f3mo podr\u00edan ser en un futuro. El autor logra a trav\u00e9s de los descubrimientos y postulados desarrollados por aquellos hombres de ciencia establecer una conexi\u00f3n con el mundo cotidiano, logrando que los estudiantes encuentren las respuestas correctas a esos interrogantes que, para ellos, tiempo atr\u00e1s serian dif\u00edciles de responder.<\/p>\n<p>Esta gran experiencia es parte de mi vida dentro y fuera del aula, y se ha desarrollado continuamente durante m\u00e1s de una d\u00e9cada en la educaci\u00f3n media, logrando involucrar a toda una comunidad educativa con el uso apropiado y responsable de las TICS.<\/p>\n","protected":false},"featured_media":99432,"comment_status":"closed","ping_status":"open","template":"","meta":{"_acf_changed":false},"libro":[],"product_brand":[],"product_cat":[26],"product_tag":[],"class_list":{"0":"post-99431","1":"product","2":"type-product","3":"status-publish","4":"has-post-thumbnail","6":"product_cat-sin-categoria","8":"first","9":"instock","10":"product-type-simple"},"acf":{"autor":[77761],"enlace_de_compra":""},"yoast_head":"<!-- This site is optimized with the Yoast SEO plugin v26.6 - https:\/\/yoast.com\/wordpress\/plugins\/seo\/ -->\n<title>De Cop\u00e9rnico a Hawking - Catalogo | Letrame Grupo Editorial<\/title>\n<meta name=\"robots\" content=\"index, follow, max-snippet:-1, max-image-preview:large, max-video-preview:-1\" \/>\n<link rel=\"canonical\" href=\"https:\/\/letrame.com\/catalogo\/producto\/de-copernico-a-hawking\/\" \/>\n<meta property=\"og:locale\" content=\"es_ES\" \/>\n<meta property=\"og:type\" content=\"article\" \/>\n<meta property=\"og:title\" content=\"De Cop\u00e9rnico a Hawking - Catalogo | Letrame Grupo Editorial\" \/>\n<meta property=\"og:description\" content=\"ISBN: 978-84-1181-481-2 SINOPSIS Los grandes avances cient\u00edficos nos han permitido buscar nuevas formas de ense\u00f1ar, m\u00e1s all\u00e1 de la tiza y el tablero; al cruzar y descubrir otras fronteras del conocimiento se hace necesario el uso adecuado de diferentes herramientas con las cuales podemos ejercer nuestra labor docente, de una manera m\u00e1s l\u00fadica amena y divertida, permitiendo as\u00ed que la animaci\u00f3n de objetos virtuales de aprendizaje sea un instrumento eficaz, del cual en estos tiempos modernos podemos disponer, est\u00e1 a nuestro alcance y su prop\u00f3sito es lograr vencer muchas barreras, abriendo puertas al conocimiento y a un mundo de posibilidades, nos\u00a0 facilitar\u00e1 los medios para afianzar a\u00fan m\u00e1s aquellos aspectos vistos en clase y por ende, que nuestros educandos despierten ese inter\u00e9s y motivaci\u00f3n que tanto hace falta en las aulas. De Cop\u00e9rnico a Hawking, notas y relatos de la f\u00edsica en el aula, es la historia misma, es el fiel reflejo y deseo de hablar con cada cient\u00edfico a trav\u00e9s de sus teor\u00edas y entenderle dentro de ese \u00e1mbito social y \u00e9poca en la que vivi\u00f3, con el fin de ponerlas en pr\u00e1ctica en el hoy, y de c\u00f3mo podr\u00edan ser en un futuro. El autor logra a trav\u00e9s de los descubrimientos y postulados desarrollados por aquellos hombres de ciencia establecer una conexi\u00f3n con el mundo cotidiano, logrando que los estudiantes encuentren las respuestas correctas a esos interrogantes que, para ellos, tiempo atr\u00e1s serian dif\u00edciles de responder. Esta gran experiencia es parte de mi vida dentro y fuera del aula, y se ha desarrollado continuamente durante m\u00e1s de una d\u00e9cada en la educaci\u00f3n media, logrando involucrar a toda una comunidad educativa con el uso apropiado y responsable de las TICS.\" \/>\n<meta property=\"og:url\" content=\"https:\/\/letrame.com\/catalogo\/producto\/de-copernico-a-hawking\/\" \/>\n<meta property=\"og:site_name\" content=\"Catalogo | Letrame Grupo Editorial\" \/>\n<meta property=\"og:image\" content=\"https:\/\/letrame.com\/catalogo\/wp-content\/uploads\/2024\/04\/webportada_decopernico_727mm-compressed-scaled-1.jpg\" \/>\n\t<meta property=\"og:image:width\" content=\"1746\" \/>\n\t<meta property=\"og:image:height\" content=\"2560\" \/>\n\t<meta property=\"og:image:type\" content=\"image\/jpeg\" \/>\n<meta name=\"twitter:card\" content=\"summary_large_image\" \/>\n<meta name=\"twitter:label1\" content=\"Tiempo de lectura\" \/>\n\t<meta name=\"twitter:data1\" content=\"2 minutos\" \/>\n<script type=\"application\/ld+json\" class=\"yoast-schema-graph\">{\"@context\":\"https:\/\/schema.org\",\"@graph\":[{\"@type\":\"WebPage\",\"@id\":\"https:\/\/letrame.com\/catalogo\/producto\/de-copernico-a-hawking\/\",\"url\":\"https:\/\/letrame.com\/catalogo\/producto\/de-copernico-a-hawking\/\",\"name\":\"De Cop\u00e9rnico a Hawking - Catalogo | Letrame Grupo Editorial\",\"isPartOf\":{\"@id\":\"https:\/\/letrame.com\/catalogo\/#website\"},\"primaryImageOfPage\":{\"@id\":\"https:\/\/letrame.com\/catalogo\/producto\/de-copernico-a-hawking\/#primaryimage\"},\"image\":{\"@id\":\"https:\/\/letrame.com\/catalogo\/producto\/de-copernico-a-hawking\/#primaryimage\"},\"thumbnailUrl\":\"https:\/\/letrame.com\/catalogo\/wp-content\/uploads\/2024\/04\/webportada_decopernico_727mm-compressed-scaled-1.jpg\",\"datePublished\":\"2024-04-29T14:24:02+00:00\",\"breadcrumb\":{\"@id\":\"https:\/\/letrame.com\/catalogo\/producto\/de-copernico-a-hawking\/#breadcrumb\"},\"inLanguage\":\"es\",\"potentialAction\":[{\"@type\":\"ReadAction\",\"target\":[\"https:\/\/letrame.com\/catalogo\/producto\/de-copernico-a-hawking\/\"]}]},{\"@type\":\"ImageObject\",\"inLanguage\":\"es\",\"@id\":\"https:\/\/letrame.com\/catalogo\/producto\/de-copernico-a-hawking\/#primaryimage\",\"url\":\"https:\/\/letrame.com\/catalogo\/wp-content\/uploads\/2024\/04\/webportada_decopernico_727mm-compressed-scaled-1.jpg\",\"contentUrl\":\"https:\/\/letrame.com\/catalogo\/wp-content\/uploads\/2024\/04\/webportada_decopernico_727mm-compressed-scaled-1.jpg\",\"width\":1746,\"height\":2560},{\"@type\":\"BreadcrumbList\",\"@id\":\"https:\/\/letrame.com\/catalogo\/producto\/de-copernico-a-hawking\/#breadcrumb\",\"itemListElement\":[{\"@type\":\"ListItem\",\"position\":1,\"name\":\"Portada\",\"item\":\"https:\/\/letrame.com\/catalogo\/\"},{\"@type\":\"ListItem\",\"position\":2,\"name\":\"Cat\u00e1logo\",\"item\":\"https:\/\/letrame.com\/catalogo\/\"},{\"@type\":\"ListItem\",\"position\":3,\"name\":\"De Cop\u00e9rnico a Hawking\"}]},{\"@type\":\"WebSite\",\"@id\":\"https:\/\/letrame.com\/catalogo\/#website\",\"url\":\"https:\/\/letrame.com\/catalogo\/\",\"name\":\"Catalogo | Letrame Grupo Editorial\",\"description\":\"\",\"publisher\":{\"@id\":\"https:\/\/letrame.com\/catalogo\/#organization\"},\"potentialAction\":[{\"@type\":\"SearchAction\",\"target\":{\"@type\":\"EntryPoint\",\"urlTemplate\":\"https:\/\/letrame.com\/catalogo\/?s={search_term_string}\"},\"query-input\":{\"@type\":\"PropertyValueSpecification\",\"valueRequired\":true,\"valueName\":\"search_term_string\"}}],\"inLanguage\":\"es\"},{\"@type\":\"Organization\",\"@id\":\"https:\/\/letrame.com\/catalogo\/#organization\",\"name\":\"Catalogo | Letrame Grupo Editorial\",\"url\":\"https:\/\/letrame.com\/catalogo\/\",\"logo\":{\"@type\":\"ImageObject\",\"inLanguage\":\"es\",\"@id\":\"https:\/\/letrame.com\/catalogo\/#\/schema\/logo\/image\/\",\"url\":\"https:\/\/letrame.com\/catalogo\/wp-content\/uploads\/2024\/03\/logo2.webp\",\"contentUrl\":\"https:\/\/letrame.com\/catalogo\/wp-content\/uploads\/2024\/03\/logo2.webp\",\"width\":394,\"height\":128,\"caption\":\"Catalogo | Letrame Grupo Editorial\"},\"image\":{\"@id\":\"https:\/\/letrame.com\/catalogo\/#\/schema\/logo\/image\/\"}}]}<\/script>\n<!-- \/ Yoast SEO plugin. -->","yoast_head_json":{"title":"De Cop\u00e9rnico a Hawking - Catalogo | Letrame Grupo Editorial","robots":{"index":"index","follow":"follow","max-snippet":"max-snippet:-1","max-image-preview":"max-image-preview:large","max-video-preview":"max-video-preview:-1"},"canonical":"https:\/\/letrame.com\/catalogo\/producto\/de-copernico-a-hawking\/","og_locale":"es_ES","og_type":"article","og_title":"De Cop\u00e9rnico a Hawking - Catalogo | Letrame Grupo Editorial","og_description":"ISBN: 978-84-1181-481-2 SINOPSIS Los grandes avances cient\u00edficos nos han permitido buscar nuevas formas de ense\u00f1ar, m\u00e1s all\u00e1 de la tiza y el tablero; al cruzar y descubrir otras fronteras del conocimiento se hace necesario el uso adecuado de diferentes herramientas con las cuales podemos ejercer nuestra labor docente, de una manera m\u00e1s l\u00fadica amena y divertida, permitiendo as\u00ed que la animaci\u00f3n de objetos virtuales de aprendizaje sea un instrumento eficaz, del cual en estos tiempos modernos podemos disponer, est\u00e1 a nuestro alcance y su prop\u00f3sito es lograr vencer muchas barreras, abriendo puertas al conocimiento y a un mundo de posibilidades, nos\u00a0 facilitar\u00e1 los medios para afianzar a\u00fan m\u00e1s aquellos aspectos vistos en clase y por ende, que nuestros educandos despierten ese inter\u00e9s y motivaci\u00f3n que tanto hace falta en las aulas. De Cop\u00e9rnico a Hawking, notas y relatos de la f\u00edsica en el aula, es la historia misma, es el fiel reflejo y deseo de hablar con cada cient\u00edfico a trav\u00e9s de sus teor\u00edas y entenderle dentro de ese \u00e1mbito social y \u00e9poca en la que vivi\u00f3, con el fin de ponerlas en pr\u00e1ctica en el hoy, y de c\u00f3mo podr\u00edan ser en un futuro. El autor logra a trav\u00e9s de los descubrimientos y postulados desarrollados por aquellos hombres de ciencia establecer una conexi\u00f3n con el mundo cotidiano, logrando que los estudiantes encuentren las respuestas correctas a esos interrogantes que, para ellos, tiempo atr\u00e1s serian dif\u00edciles de responder. Esta gran experiencia es parte de mi vida dentro y fuera del aula, y se ha desarrollado continuamente durante m\u00e1s de una d\u00e9cada en la educaci\u00f3n media, logrando involucrar a toda una comunidad educativa con el uso apropiado y responsable de las TICS.","og_url":"https:\/\/letrame.com\/catalogo\/producto\/de-copernico-a-hawking\/","og_site_name":"Catalogo | Letrame Grupo Editorial","og_image":[{"width":1746,"height":2560,"url":"https:\/\/letrame.com\/catalogo\/wp-content\/uploads\/2024\/04\/webportada_decopernico_727mm-compressed-scaled-1.jpg","type":"image\/jpeg"}],"twitter_card":"summary_large_image","twitter_misc":{"Tiempo de lectura":"2 minutos"},"schema":{"@context":"https:\/\/schema.org","@graph":[{"@type":"WebPage","@id":"https:\/\/letrame.com\/catalogo\/producto\/de-copernico-a-hawking\/","url":"https:\/\/letrame.com\/catalogo\/producto\/de-copernico-a-hawking\/","name":"De Cop\u00e9rnico a Hawking - Catalogo | Letrame Grupo Editorial","isPartOf":{"@id":"https:\/\/letrame.com\/catalogo\/#website"},"primaryImageOfPage":{"@id":"https:\/\/letrame.com\/catalogo\/producto\/de-copernico-a-hawking\/#primaryimage"},"image":{"@id":"https:\/\/letrame.com\/catalogo\/producto\/de-copernico-a-hawking\/#primaryimage"},"thumbnailUrl":"https:\/\/letrame.com\/catalogo\/wp-content\/uploads\/2024\/04\/webportada_decopernico_727mm-compressed-scaled-1.jpg","datePublished":"2024-04-29T14:24:02+00:00","breadcrumb":{"@id":"https:\/\/letrame.com\/catalogo\/producto\/de-copernico-a-hawking\/#breadcrumb"},"inLanguage":"es","potentialAction":[{"@type":"ReadAction","target":["https:\/\/letrame.com\/catalogo\/producto\/de-copernico-a-hawking\/"]}]},{"@type":"ImageObject","inLanguage":"es","@id":"https:\/\/letrame.com\/catalogo\/producto\/de-copernico-a-hawking\/#primaryimage","url":"https:\/\/letrame.com\/catalogo\/wp-content\/uploads\/2024\/04\/webportada_decopernico_727mm-compressed-scaled-1.jpg","contentUrl":"https:\/\/letrame.com\/catalogo\/wp-content\/uploads\/2024\/04\/webportada_decopernico_727mm-compressed-scaled-1.jpg","width":1746,"height":2560},{"@type":"BreadcrumbList","@id":"https:\/\/letrame.com\/catalogo\/producto\/de-copernico-a-hawking\/#breadcrumb","itemListElement":[{"@type":"ListItem","position":1,"name":"Portada","item":"https:\/\/letrame.com\/catalogo\/"},{"@type":"ListItem","position":2,"name":"Cat\u00e1logo","item":"https:\/\/letrame.com\/catalogo\/"},{"@type":"ListItem","position":3,"name":"De Cop\u00e9rnico a Hawking"}]},{"@type":"WebSite","@id":"https:\/\/letrame.com\/catalogo\/#website","url":"https:\/\/letrame.com\/catalogo\/","name":"Catalogo | Letrame Grupo Editorial","description":"","publisher":{"@id":"https:\/\/letrame.com\/catalogo\/#organization"},"potentialAction":[{"@type":"SearchAction","target":{"@type":"EntryPoint","urlTemplate":"https:\/\/letrame.com\/catalogo\/?s={search_term_string}"},"query-input":{"@type":"PropertyValueSpecification","valueRequired":true,"valueName":"search_term_string"}}],"inLanguage":"es"},{"@type":"Organization","@id":"https:\/\/letrame.com\/catalogo\/#organization","name":"Catalogo | Letrame Grupo Editorial","url":"https:\/\/letrame.com\/catalogo\/","logo":{"@type":"ImageObject","inLanguage":"es","@id":"https:\/\/letrame.com\/catalogo\/#\/schema\/logo\/image\/","url":"https:\/\/letrame.com\/catalogo\/wp-content\/uploads\/2024\/03\/logo2.webp","contentUrl":"https:\/\/letrame.com\/catalogo\/wp-content\/uploads\/2024\/03\/logo2.webp","width":394,"height":128,"caption":"Catalogo | Letrame Grupo Editorial"},"image":{"@id":"https:\/\/letrame.com\/catalogo\/#\/schema\/logo\/image\/"}}]}},"_links":{"self":[{"href":"https:\/\/letrame.com\/catalogo\/wp-json\/wp\/v2\/product\/99431","targetHints":{"allow":["GET"]}}],"collection":[{"href":"https:\/\/letrame.com\/catalogo\/wp-json\/wp\/v2\/product"}],"about":[{"href":"https:\/\/letrame.com\/catalogo\/wp-json\/wp\/v2\/types\/product"}],"replies":[{"embeddable":true,"href":"https:\/\/letrame.com\/catalogo\/wp-json\/wp\/v2\/comments?post=99431"}],"acf:post":[{"embeddable":true,"href":"https:\/\/letrame.com\/catalogo\/wp-json\/wp\/v2\/author_book\/77761"}],"wp:featuredmedia":[{"embeddable":true,"href":"https:\/\/letrame.com\/catalogo\/wp-json\/wp\/v2\/media\/99432"}],"wp:attachment":[{"href":"https:\/\/letrame.com\/catalogo\/wp-json\/wp\/v2\/media?parent=99431"}],"wp:term":[{"taxonomy":"libro","embeddable":true,"href":"https:\/\/letrame.com\/catalogo\/wp-json\/wp\/v2\/libro?post=99431"},{"taxonomy":"product_brand","embeddable":true,"href":"https:\/\/letrame.com\/catalogo\/wp-json\/wp\/v2\/product_brand?post=99431"},{"taxonomy":"product_cat","embeddable":true,"href":"https:\/\/letrame.com\/catalogo\/wp-json\/wp\/v2\/product_cat?post=99431"},{"taxonomy":"product_tag","embeddable":true,"href":"https:\/\/letrame.com\/catalogo\/wp-json\/wp\/v2\/product_tag?post=99431"}],"curies":[{"name":"wp","href":"https:\/\/api.w.org\/{rel}","templated":true}]}}