{"id":99427,"date":"2024-04-29T16:23:10","date_gmt":"2024-04-29T14:23:10","guid":{"rendered":"https:\/\/letrame.com\/catalogo\/producto\/el-desguace\/"},"modified":"2024-07-30T12:25:04","modified_gmt":"2024-07-30T10:25:04","slug":"el-desguace","status":"publish","type":"product","link":"https:\/\/letrame.com\/catalogo\/producto\/el-desguace\/","title":{"rendered":"El desguace"},"content":{"rendered":"<p><strong>ISBN<\/strong>: 978-84-1181-432-4<\/p>\n<p><strong>T\u00edtulo<\/strong>: El desguace<br \/>\n<strong>Fecha<\/strong>: 2023<br \/>\n<strong>P\u00e1ginas<\/strong>: 416<\/p>\n<p><strong>SINOPSIS<\/strong><\/p>\n<p><em>El Desguace (La erosi\u00f3n de la democracia liberal)<\/em> aborda uno de los temas centrales de nuestro tiempo: la crisis del modelo democr\u00e1tico liberal implantado tras la Segunda Guerra Mundial en Occidente. Si bien el \u00faltimo asalto a la democracia, en el que ahora estamos instalados, se inici\u00f3 con la crisis financiera convertida en la crisis de la deuda p\u00fablica que estall\u00f3 en 2008, el libro aborda un an\u00e1lisis de la situaci\u00f3n actual en clave geneal\u00f3gica. Una mirada que, desde el presente m\u00e1s inmediato, se remonte hasta sus or\u00edgenes trazando el itinerario seguido a lo largo del siglo XX hasta hoy. Un an\u00e1lisis que se sirve de la historia, de la literatura, de la sociolog\u00eda o de la econom\u00eda para interpretar las causas que nos han tra\u00eddo hasta el momento actual y el resurgir de modelos autoritarios, totalitarios. Augusto Monterroso escribi\u00f3 un famoso cuento: Cuando se despert\u00f3, el dinosaurio todav\u00eda estaba all\u00ed. <em>El Desguace<\/em> es deudor de ese inmenso relato porque de alguna manera es ese despertar y, al mismo tiempo, la constataci\u00f3n de que hemos de actuar porque el dinosaurio nunca ser\u00e1 un animal de compa\u00f1\u00eda. Cuando nos hemos despertado hemos visto que el capitalismo liberal se hab\u00eda convertido, primero, en neoliberalismo y hoy en Totalcapitalismo y que todo ese tiempo vivido en el seno de las democracias liberales y sus Estados del Bienestar podr\u00edan acabar siendo un simple espejismo. Un libro para entender el porqu\u00e9 de la demolici\u00f3n de la democracia; pero tambi\u00e9n para estimular el deseo de luchar para evitar que el desguace se consume.<\/p>\n","protected":false},"excerpt":{"rendered":"<p><strong>ISBN<\/strong>: 978-84-1181-432-4<\/p>\n<p><strong>SINOPSIS<\/strong><\/p>\n<p><em>El Desguace (La erosi\u00f3n de la democracia liberal)<\/em> aborda uno de los temas centrales de nuestro tiempo: la crisis del modelo democr\u00e1tico liberal implantado tras la Segunda Guerra Mundial en Occidente. Si bien el \u00faltimo asalto a la democracia, en el que ahora estamos instalados, se inici\u00f3 con la crisis financiera convertida en la crisis de la deuda p\u00fablica que estall\u00f3 en 2008, el libro aborda un an\u00e1lisis de la situaci\u00f3n actual en clave geneal\u00f3gica. Una mirada que, desde el presente m\u00e1s inmediato, se remonte hasta sus or\u00edgenes trazando el itinerario seguido a lo largo del siglo XX hasta hoy. Un an\u00e1lisis que se sirve de la historia, de la literatura, de la sociolog\u00eda o de la econom\u00eda para interpretar las causas que nos han tra\u00eddo hasta el momento actual y el resurgir de modelos autoritarios, totalitarios. Augusto Monterroso escribi\u00f3 un famoso cuento: Cuando se despert\u00f3, el dinosaurio todav\u00eda estaba all\u00ed. <em>El Desguace<\/em> es deudor de ese inmenso relato porque de alguna manera es ese despertar y, al mismo tiempo, la constataci\u00f3n de que hemos de actuar porque el dinosaurio nunca ser\u00e1 un animal de compa\u00f1\u00eda. Cuando nos hemos despertado hemos visto que el capitalismo liberal se hab\u00eda convertido, primero, en neoliberalismo y hoy en Totalcapitalismo y que todo ese tiempo vivido en el seno de las democracias liberales y sus Estados del Bienestar podr\u00edan acabar siendo un simple espejismo. Un libro para entender el porqu\u00e9 de la demolici\u00f3n de la democracia; pero tambi\u00e9n para estimular el deseo de luchar para evitar que el desguace se consume.<\/p>\n","protected":false},"featured_media":99428,"comment_status":"closed","ping_status":"closed","template":"","meta":{"_acf_changed":false},"libro":[],"product_brand":[],"product_cat":[26],"product_tag":[],"class_list":{"0":"post-99427","1":"product","2":"type-product","3":"status-publish","4":"has-post-thumbnail","6":"product_cat-sin-categoria","8":"first","9":"instock","10":"product-type-simple"},"acf":{"autor":[77759],"enlace_de_compra":""},"yoast_head":"<!-- This site is optimized with the Yoast SEO plugin v27.4 - https:\/\/yoast.com\/product\/yoast-seo-wordpress\/ -->\n<title>El desguace - Catalogo | Letrame Grupo Editorial<\/title>\n<meta name=\"robots\" content=\"index, follow, max-snippet:-1, max-image-preview:large, max-video-preview:-1\" \/>\n<link rel=\"canonical\" href=\"https:\/\/letrame.com\/catalogo\/producto\/el-desguace\/\" \/>\n<meta property=\"og:locale\" content=\"es_ES\" \/>\n<meta property=\"og:type\" content=\"article\" \/>\n<meta property=\"og:title\" content=\"El desguace - Catalogo | Letrame Grupo Editorial\" \/>\n<meta property=\"og:description\" content=\"ISBN: 978-84-1181-432-4  SINOPSIS  El Desguace (La erosi\u00f3n de la democracia liberal) aborda uno de los temas centrales de nuestro tiempo: la crisis del modelo democr\u00e1tico liberal implantado tras la Segunda Guerra Mundial en Occidente. Si bien el \u00faltimo asalto a la democracia, en el que ahora estamos instalados, se inici\u00f3 con la crisis financiera convertida en la crisis de la deuda p\u00fablica que estall\u00f3 en 2008, el libro aborda un an\u00e1lisis de la situaci\u00f3n actual en clave geneal\u00f3gica. Una mirada que, desde el presente m\u00e1s inmediato, se remonte hasta sus or\u00edgenes trazando el itinerario seguido a lo largo del siglo XX hasta hoy. Un an\u00e1lisis que se sirve de la historia, de la literatura, de la sociolog\u00eda o de la econom\u00eda para interpretar las causas que nos han tra\u00eddo hasta el momento actual y el resurgir de modelos autoritarios, totalitarios. Augusto Monterroso escribi\u00f3 un famoso cuento: Cuando se despert\u00f3, el dinosaurio todav\u00eda estaba all\u00ed. El Desguace es deudor de ese inmenso relato porque de alguna manera es ese despertar y, al mismo tiempo, la constataci\u00f3n de que hemos de actuar porque el dinosaurio nunca ser\u00e1 un animal de compa\u00f1\u00eda. Cuando nos hemos despertado hemos visto que el capitalismo liberal se hab\u00eda convertido, primero, en neoliberalismo y hoy en Totalcapitalismo y que todo ese tiempo vivido en el seno de las democracias liberales y sus Estados del Bienestar podr\u00edan acabar siendo un simple espejismo. Un libro para entender el porqu\u00e9 de la demolici\u00f3n de la democracia; pero tambi\u00e9n para estimular el deseo de luchar para evitar que el desguace se consume.\" \/>\n<meta property=\"og:url\" content=\"https:\/\/letrame.com\/catalogo\/producto\/el-desguace\/\" \/>\n<meta property=\"og:site_name\" content=\"Catalogo | Letrame Grupo Editorial\" \/>\n<meta property=\"article:modified_time\" content=\"2024-07-30T10:25:04+00:00\" \/>\n<meta property=\"og:image\" content=\"https:\/\/letrame.com\/catalogo\/wp-content\/uploads\/2024\/04\/webportada_eldesguace_2026mm-compressed-scaled-1.jpg\" \/>\n\t<meta property=\"og:image:width\" content=\"1746\" \/>\n\t<meta property=\"og:image:height\" content=\"2560\" \/>\n\t<meta property=\"og:image:type\" content=\"image\/jpeg\" \/>\n<meta name=\"twitter:card\" content=\"summary_large_image\" \/>\n<meta name=\"twitter:label1\" content=\"Tiempo de lectura\" \/>\n\t<meta name=\"twitter:data1\" content=\"2 minutos\" \/>\n<script type=\"application\/ld+json\" class=\"yoast-schema-graph\">{\"@context\":\"https:\\\/\\\/schema.org\",\"@graph\":[{\"@type\":\"WebPage\",\"@id\":\"https:\\\/\\\/letrame.com\\\/catalogo\\\/producto\\\/el-desguace\\\/\",\"url\":\"https:\\\/\\\/letrame.com\\\/catalogo\\\/producto\\\/el-desguace\\\/\",\"name\":\"El desguace - Catalogo | Letrame Grupo Editorial\",\"isPartOf\":{\"@id\":\"https:\\\/\\\/letrame.com\\\/catalogo\\\/#website\"},\"primaryImageOfPage\":{\"@id\":\"https:\\\/\\\/letrame.com\\\/catalogo\\\/producto\\\/el-desguace\\\/#primaryimage\"},\"image\":{\"@id\":\"https:\\\/\\\/letrame.com\\\/catalogo\\\/producto\\\/el-desguace\\\/#primaryimage\"},\"thumbnailUrl\":\"https:\\\/\\\/letrame.com\\\/catalogo\\\/wp-content\\\/uploads\\\/2024\\\/04\\\/webportada_eldesguace_2026mm-compressed-scaled-1.jpg\",\"datePublished\":\"2024-04-29T14:23:10+00:00\",\"dateModified\":\"2024-07-30T10:25:04+00:00\",\"breadcrumb\":{\"@id\":\"https:\\\/\\\/letrame.com\\\/catalogo\\\/producto\\\/el-desguace\\\/#breadcrumb\"},\"inLanguage\":\"es\",\"potentialAction\":[{\"@type\":\"ReadAction\",\"target\":[\"https:\\\/\\\/letrame.com\\\/catalogo\\\/producto\\\/el-desguace\\\/\"]}]},{\"@type\":\"ImageObject\",\"inLanguage\":\"es\",\"@id\":\"https:\\\/\\\/letrame.com\\\/catalogo\\\/producto\\\/el-desguace\\\/#primaryimage\",\"url\":\"https:\\\/\\\/letrame.com\\\/catalogo\\\/wp-content\\\/uploads\\\/2024\\\/04\\\/webportada_eldesguace_2026mm-compressed-scaled-1.jpg\",\"contentUrl\":\"https:\\\/\\\/letrame.com\\\/catalogo\\\/wp-content\\\/uploads\\\/2024\\\/04\\\/webportada_eldesguace_2026mm-compressed-scaled-1.jpg\",\"width\":1746,\"height\":2560},{\"@type\":\"BreadcrumbList\",\"@id\":\"https:\\\/\\\/letrame.com\\\/catalogo\\\/producto\\\/el-desguace\\\/#breadcrumb\",\"itemListElement\":[{\"@type\":\"ListItem\",\"position\":1,\"name\":\"Portada\",\"item\":\"https:\\\/\\\/letrame.com\\\/catalogo\\\/\"},{\"@type\":\"ListItem\",\"position\":2,\"name\":\"Cat\u00e1logo\",\"item\":\"https:\\\/\\\/letrame.com\\\/catalogo\\\/\"},{\"@type\":\"ListItem\",\"position\":3,\"name\":\"El desguace\"}]},{\"@type\":\"WebSite\",\"@id\":\"https:\\\/\\\/letrame.com\\\/catalogo\\\/#website\",\"url\":\"https:\\\/\\\/letrame.com\\\/catalogo\\\/\",\"name\":\"Catalogo | Letrame Grupo Editorial\",\"description\":\"\",\"publisher\":{\"@id\":\"https:\\\/\\\/letrame.com\\\/catalogo\\\/#organization\"},\"potentialAction\":[{\"@type\":\"SearchAction\",\"target\":{\"@type\":\"EntryPoint\",\"urlTemplate\":\"https:\\\/\\\/letrame.com\\\/catalogo\\\/?s={search_term_string}\"},\"query-input\":{\"@type\":\"PropertyValueSpecification\",\"valueRequired\":true,\"valueName\":\"search_term_string\"}}],\"inLanguage\":\"es\"},{\"@type\":\"Organization\",\"@id\":\"https:\\\/\\\/letrame.com\\\/catalogo\\\/#organization\",\"name\":\"Catalogo | Letrame Grupo Editorial\",\"url\":\"https:\\\/\\\/letrame.com\\\/catalogo\\\/\",\"logo\":{\"@type\":\"ImageObject\",\"inLanguage\":\"es\",\"@id\":\"https:\\\/\\\/letrame.com\\\/catalogo\\\/#\\\/schema\\\/logo\\\/image\\\/\",\"url\":\"https:\\\/\\\/letrame.com\\\/catalogo\\\/wp-content\\\/uploads\\\/2024\\\/03\\\/logo2.webp\",\"contentUrl\":\"https:\\\/\\\/letrame.com\\\/catalogo\\\/wp-content\\\/uploads\\\/2024\\\/03\\\/logo2.webp\",\"width\":394,\"height\":128,\"caption\":\"Catalogo | Letrame Grupo Editorial\"},\"image\":{\"@id\":\"https:\\\/\\\/letrame.com\\\/catalogo\\\/#\\\/schema\\\/logo\\\/image\\\/\"}}]}<\/script>\n<!-- \/ Yoast SEO plugin. -->","yoast_head_json":{"title":"El desguace - Catalogo | Letrame Grupo Editorial","robots":{"index":"index","follow":"follow","max-snippet":"max-snippet:-1","max-image-preview":"max-image-preview:large","max-video-preview":"max-video-preview:-1"},"canonical":"https:\/\/letrame.com\/catalogo\/producto\/el-desguace\/","og_locale":"es_ES","og_type":"article","og_title":"El desguace - Catalogo | Letrame Grupo Editorial","og_description":"ISBN: 978-84-1181-432-4  SINOPSIS  El Desguace (La erosi\u00f3n de la democracia liberal) aborda uno de los temas centrales de nuestro tiempo: la crisis del modelo democr\u00e1tico liberal implantado tras la Segunda Guerra Mundial en Occidente. Si bien el \u00faltimo asalto a la democracia, en el que ahora estamos instalados, se inici\u00f3 con la crisis financiera convertida en la crisis de la deuda p\u00fablica que estall\u00f3 en 2008, el libro aborda un an\u00e1lisis de la situaci\u00f3n actual en clave geneal\u00f3gica. Una mirada que, desde el presente m\u00e1s inmediato, se remonte hasta sus or\u00edgenes trazando el itinerario seguido a lo largo del siglo XX hasta hoy. Un an\u00e1lisis que se sirve de la historia, de la literatura, de la sociolog\u00eda o de la econom\u00eda para interpretar las causas que nos han tra\u00eddo hasta el momento actual y el resurgir de modelos autoritarios, totalitarios. Augusto Monterroso escribi\u00f3 un famoso cuento: Cuando se despert\u00f3, el dinosaurio todav\u00eda estaba all\u00ed. El Desguace es deudor de ese inmenso relato porque de alguna manera es ese despertar y, al mismo tiempo, la constataci\u00f3n de que hemos de actuar porque el dinosaurio nunca ser\u00e1 un animal de compa\u00f1\u00eda. Cuando nos hemos despertado hemos visto que el capitalismo liberal se hab\u00eda convertido, primero, en neoliberalismo y hoy en Totalcapitalismo y que todo ese tiempo vivido en el seno de las democracias liberales y sus Estados del Bienestar podr\u00edan acabar siendo un simple espejismo. Un libro para entender el porqu\u00e9 de la demolici\u00f3n de la democracia; pero tambi\u00e9n para estimular el deseo de luchar para evitar que el desguace se consume.","og_url":"https:\/\/letrame.com\/catalogo\/producto\/el-desguace\/","og_site_name":"Catalogo | Letrame Grupo Editorial","article_modified_time":"2024-07-30T10:25:04+00:00","og_image":[{"width":1746,"height":2560,"url":"https:\/\/letrame.com\/catalogo\/wp-content\/uploads\/2024\/04\/webportada_eldesguace_2026mm-compressed-scaled-1.jpg","type":"image\/jpeg"}],"twitter_card":"summary_large_image","twitter_misc":{"Tiempo de lectura":"2 minutos"},"schema":{"@context":"https:\/\/schema.org","@graph":[{"@type":"WebPage","@id":"https:\/\/letrame.com\/catalogo\/producto\/el-desguace\/","url":"https:\/\/letrame.com\/catalogo\/producto\/el-desguace\/","name":"El desguace - Catalogo | Letrame Grupo Editorial","isPartOf":{"@id":"https:\/\/letrame.com\/catalogo\/#website"},"primaryImageOfPage":{"@id":"https:\/\/letrame.com\/catalogo\/producto\/el-desguace\/#primaryimage"},"image":{"@id":"https:\/\/letrame.com\/catalogo\/producto\/el-desguace\/#primaryimage"},"thumbnailUrl":"https:\/\/letrame.com\/catalogo\/wp-content\/uploads\/2024\/04\/webportada_eldesguace_2026mm-compressed-scaled-1.jpg","datePublished":"2024-04-29T14:23:10+00:00","dateModified":"2024-07-30T10:25:04+00:00","breadcrumb":{"@id":"https:\/\/letrame.com\/catalogo\/producto\/el-desguace\/#breadcrumb"},"inLanguage":"es","potentialAction":[{"@type":"ReadAction","target":["https:\/\/letrame.com\/catalogo\/producto\/el-desguace\/"]}]},{"@type":"ImageObject","inLanguage":"es","@id":"https:\/\/letrame.com\/catalogo\/producto\/el-desguace\/#primaryimage","url":"https:\/\/letrame.com\/catalogo\/wp-content\/uploads\/2024\/04\/webportada_eldesguace_2026mm-compressed-scaled-1.jpg","contentUrl":"https:\/\/letrame.com\/catalogo\/wp-content\/uploads\/2024\/04\/webportada_eldesguace_2026mm-compressed-scaled-1.jpg","width":1746,"height":2560},{"@type":"BreadcrumbList","@id":"https:\/\/letrame.com\/catalogo\/producto\/el-desguace\/#breadcrumb","itemListElement":[{"@type":"ListItem","position":1,"name":"Portada","item":"https:\/\/letrame.com\/catalogo\/"},{"@type":"ListItem","position":2,"name":"Cat\u00e1logo","item":"https:\/\/letrame.com\/catalogo\/"},{"@type":"ListItem","position":3,"name":"El desguace"}]},{"@type":"WebSite","@id":"https:\/\/letrame.com\/catalogo\/#website","url":"https:\/\/letrame.com\/catalogo\/","name":"Catalogo | Letrame Grupo Editorial","description":"","publisher":{"@id":"https:\/\/letrame.com\/catalogo\/#organization"},"potentialAction":[{"@type":"SearchAction","target":{"@type":"EntryPoint","urlTemplate":"https:\/\/letrame.com\/catalogo\/?s={search_term_string}"},"query-input":{"@type":"PropertyValueSpecification","valueRequired":true,"valueName":"search_term_string"}}],"inLanguage":"es"},{"@type":"Organization","@id":"https:\/\/letrame.com\/catalogo\/#organization","name":"Catalogo | Letrame Grupo Editorial","url":"https:\/\/letrame.com\/catalogo\/","logo":{"@type":"ImageObject","inLanguage":"es","@id":"https:\/\/letrame.com\/catalogo\/#\/schema\/logo\/image\/","url":"https:\/\/letrame.com\/catalogo\/wp-content\/uploads\/2024\/03\/logo2.webp","contentUrl":"https:\/\/letrame.com\/catalogo\/wp-content\/uploads\/2024\/03\/logo2.webp","width":394,"height":128,"caption":"Catalogo | Letrame Grupo Editorial"},"image":{"@id":"https:\/\/letrame.com\/catalogo\/#\/schema\/logo\/image\/"}}]}},"_links":{"self":[{"href":"https:\/\/letrame.com\/catalogo\/wp-json\/wp\/v2\/product\/99427","targetHints":{"allow":["GET"]}}],"collection":[{"href":"https:\/\/letrame.com\/catalogo\/wp-json\/wp\/v2\/product"}],"about":[{"href":"https:\/\/letrame.com\/catalogo\/wp-json\/wp\/v2\/types\/product"}],"replies":[{"embeddable":true,"href":"https:\/\/letrame.com\/catalogo\/wp-json\/wp\/v2\/comments?post=99427"}],"acf:post":[{"embeddable":true,"href":"https:\/\/letrame.com\/catalogo\/wp-json\/wp\/v2\/author_book\/77759"}],"wp:featuredmedia":[{"embeddable":true,"href":"https:\/\/letrame.com\/catalogo\/wp-json\/wp\/v2\/media\/99428"}],"wp:attachment":[{"href":"https:\/\/letrame.com\/catalogo\/wp-json\/wp\/v2\/media?parent=99427"}],"wp:term":[{"taxonomy":"libro","embeddable":true,"href":"https:\/\/letrame.com\/catalogo\/wp-json\/wp\/v2\/libro?post=99427"},{"taxonomy":"product_brand","embeddable":true,"href":"https:\/\/letrame.com\/catalogo\/wp-json\/wp\/v2\/product_brand?post=99427"},{"taxonomy":"product_cat","embeddable":true,"href":"https:\/\/letrame.com\/catalogo\/wp-json\/wp\/v2\/product_cat?post=99427"},{"taxonomy":"product_tag","embeddable":true,"href":"https:\/\/letrame.com\/catalogo\/wp-json\/wp\/v2\/product_tag?post=99427"}],"curies":[{"name":"wp","href":"https:\/\/api.w.org\/{rel}","templated":true}]}}