{"id":99423,"date":"2024-04-29T16:22:04","date_gmt":"2024-04-29T14:22:04","guid":{"rendered":"https:\/\/letrame.com\/catalogo\/producto\/el-mundo-de-los-cambios\/"},"modified":"2024-04-29T16:22:41","modified_gmt":"2024-04-29T14:22:41","slug":"el-mundo-de-los-cambios","status":"publish","type":"product","link":"https:\/\/letrame.com\/catalogo\/producto\/el-mundo-de-los-cambios\/","title":{"rendered":"El mundo de los cambios"},"content":{"rendered":"<p><strong>ISBN<\/strong>: 978-84-1181-260-3<\/p>\n<p><strong>T\u00edtulo<\/strong>: El mundo de los cambios<br \/>\n<strong>Fecha<\/strong>: 2023<br \/>\n<strong>P\u00e1ginas<\/strong>: 848<\/p>\n<p><strong>SINOPSIS<\/strong><\/p>\n<p>Aprovechar para darle m\u00e1s texto a un autor que ya ha escrito algo tan extenso puede resultar en un principio atractivo, pero desde la perspectiva del autor mismo, quien ahora ha encontrado el reto de plasmar un resumen de su obra, es incre\u00edblemente intimidante, es dif\u00edcil identificar un g\u00e9nero, pues hay elementos de acci\u00f3n, de aventura, terror, fantas\u00eda, y misterio, y sin embargo ninguno de ellos resume el libro.<\/p>\n<p>Normalmente en las sinopsis usadas de ejemplo se habla de qui\u00e9nes ser\u00e1n los personajes involucrados, y ni siquiera eso es f\u00e1cilmente discernible, la cantidad de personajes que moran aqu\u00ed, y su protagonismo, var\u00eda tanto que es dif\u00edcil se\u00f1alar a algunos dignos de nombrar, y nombrar a algunos es, quiz\u00e1, un spoiler a futuro.<\/p>\n<p>En estas p\u00e1ginas definitivamente encontraremos un mundo de fantas\u00eda, con gente prism\u00e1tica en sus personalidades, y aunque exista acci\u00f3n narrada por combates que a menudo ocurren, tambi\u00e9n con esa misma frecuencia, los personajes exploran sus propias formas de ser, y c\u00f3mo la vida les ha afectado, y c\u00f3mo enfrentan los retos del presente.<\/p>\n<p>Si esta sinopsis aparenta ser en exceso vaga, resultar\u00e1 como testamento de lo variado de los contenidos, siendo una combinaci\u00f3n entre una narrativa lineal, y una antolog\u00eda, cualquier intento de resumirlo, en la ego\u00edsta opini\u00f3n del autor, puede resultar como un deservicio a la hora de experimentarlo, as\u00ed que si gustan leerlo, h\u00e1ganlo, estoy seguro que los traumatizar\u00e1.<\/p>\n<p>&nbsp;<\/p>\n","protected":false},"excerpt":{"rendered":"<p><strong>ISBN<\/strong>: 978-84-1181-260-3<\/p>\n<p><strong>SINOPSIS<\/strong><\/p>\n<p>Aprovechar para darle m\u00e1s texto a un autor que ya ha escrito algo tan extenso puede resultar en un principio atractivo, pero desde la perspectiva del autor mismo, quien ahora ha encontrado el reto de plasmar un resumen de su obra, es incre\u00edblemente intimidante, es dif\u00edcil identificar un g\u00e9nero, pues hay elementos de acci\u00f3n, de aventura, terror, fantas\u00eda, y misterio, y sin embargo ninguno de ellos resume el libro.<\/p>\n<p>Normalmente en las sinopsis usadas de ejemplo se habla de qui\u00e9nes ser\u00e1n los personajes involucrados, y ni siquiera eso es f\u00e1cilmente discernible, la cantidad de personajes que moran aqu\u00ed, y su protagonismo, var\u00eda tanto que es dif\u00edcil se\u00f1alar a algunos dignos de nombrar, y nombrar a algunos es, quiz\u00e1, un spoiler a futuro.<\/p>\n<p>En estas p\u00e1ginas definitivamente encontraremos un mundo de fantas\u00eda, con gente prism\u00e1tica en sus personalidades, y aunque exista acci\u00f3n narrada por combates que a menudo ocurren, tambi\u00e9n con esa misma frecuencia, los personajes exploran sus propias formas de ser, y c\u00f3mo la vida les ha afectado, y c\u00f3mo enfrentan los retos del presente.<\/p>\n<p>Si esta sinopsis aparenta ser en exceso vaga, resultar\u00e1 como testamento de lo variado de los contenidos, siendo una combinaci\u00f3n entre una narrativa lineal, y una antolog\u00eda, cualquier intento de resumirlo, en la ego\u00edsta opini\u00f3n del autor, puede resultar como un deservicio a la hora de experimentarlo, as\u00ed que si gustan leerlo, h\u00e1ganlo, estoy seguro que los traumatizar\u00e1.<\/p>\n<p>&nbsp;<\/p>\n","protected":false},"featured_media":99424,"comment_status":"closed","ping_status":"open","template":"","meta":{"_acf_changed":false},"libro":[],"product_brand":[],"product_cat":[26],"product_tag":[],"class_list":{"0":"post-99423","1":"product","2":"type-product","3":"status-publish","4":"has-post-thumbnail","6":"product_cat-sin-categoria","8":"first","9":"instock","10":"product-type-simple"},"acf":{"autor":[77757],"enlace_de_compra":""},"yoast_head":"<!-- This site is optimized with the Yoast SEO plugin v27.4 - https:\/\/yoast.com\/product\/yoast-seo-wordpress\/ -->\n<title>El mundo de los cambios - Catalogo | Letrame Grupo Editorial<\/title>\n<meta name=\"robots\" content=\"index, follow, max-snippet:-1, max-image-preview:large, max-video-preview:-1\" \/>\n<link rel=\"canonical\" href=\"https:\/\/letrame.com\/catalogo\/producto\/el-mundo-de-los-cambios\/\" \/>\n<meta property=\"og:locale\" content=\"es_ES\" \/>\n<meta property=\"og:type\" content=\"article\" \/>\n<meta property=\"og:title\" content=\"El mundo de los cambios - Catalogo | Letrame Grupo Editorial\" \/>\n<meta property=\"og:description\" content=\"ISBN: 978-84-1181-260-3 SINOPSIS Aprovechar para darle m\u00e1s texto a un autor que ya ha escrito algo tan extenso puede resultar en un principio atractivo, pero desde la perspectiva del autor mismo, quien ahora ha encontrado el reto de plasmar un resumen de su obra, es incre\u00edblemente intimidante, es dif\u00edcil identificar un g\u00e9nero, pues hay elementos de acci\u00f3n, de aventura, terror, fantas\u00eda, y misterio, y sin embargo ninguno de ellos resume el libro. Normalmente en las sinopsis usadas de ejemplo se habla de qui\u00e9nes ser\u00e1n los personajes involucrados, y ni siquiera eso es f\u00e1cilmente discernible, la cantidad de personajes que moran aqu\u00ed, y su protagonismo, var\u00eda tanto que es dif\u00edcil se\u00f1alar a algunos dignos de nombrar, y nombrar a algunos es, quiz\u00e1, un spoiler a futuro. En estas p\u00e1ginas definitivamente encontraremos un mundo de fantas\u00eda, con gente prism\u00e1tica en sus personalidades, y aunque exista acci\u00f3n narrada por combates que a menudo ocurren, tambi\u00e9n con esa misma frecuencia, los personajes exploran sus propias formas de ser, y c\u00f3mo la vida les ha afectado, y c\u00f3mo enfrentan los retos del presente. Si esta sinopsis aparenta ser en exceso vaga, resultar\u00e1 como testamento de lo variado de los contenidos, siendo una combinaci\u00f3n entre una narrativa lineal, y una antolog\u00eda, cualquier intento de resumirlo, en la ego\u00edsta opini\u00f3n del autor, puede resultar como un deservicio a la hora de experimentarlo, as\u00ed que si gustan leerlo, h\u00e1ganlo, estoy seguro que los traumatizar\u00e1. &nbsp;\" \/>\n<meta property=\"og:url\" content=\"https:\/\/letrame.com\/catalogo\/producto\/el-mundo-de-los-cambios\/\" \/>\n<meta property=\"og:site_name\" content=\"Catalogo | Letrame Grupo Editorial\" \/>\n<meta property=\"article:modified_time\" content=\"2024-04-29T14:22:41+00:00\" \/>\n<meta property=\"og:image\" content=\"https:\/\/letrame.com\/catalogo\/wp-content\/uploads\/2024\/04\/webportada_elmundodeloscambios_402mm-compressed-scaled-1.jpg\" \/>\n\t<meta property=\"og:image:width\" content=\"1813\" \/>\n\t<meta property=\"og:image:height\" content=\"2560\" \/>\n\t<meta property=\"og:image:type\" content=\"image\/jpeg\" \/>\n<meta name=\"twitter:card\" content=\"summary_large_image\" \/>\n<meta name=\"twitter:label1\" content=\"Tiempo de lectura\" \/>\n\t<meta name=\"twitter:data1\" content=\"1 minuto\" \/>\n<script type=\"application\/ld+json\" class=\"yoast-schema-graph\">{\"@context\":\"https:\\\/\\\/schema.org\",\"@graph\":[{\"@type\":\"WebPage\",\"@id\":\"https:\\\/\\\/letrame.com\\\/catalogo\\\/producto\\\/el-mundo-de-los-cambios\\\/\",\"url\":\"https:\\\/\\\/letrame.com\\\/catalogo\\\/producto\\\/el-mundo-de-los-cambios\\\/\",\"name\":\"El mundo de los cambios - Catalogo | Letrame Grupo Editorial\",\"isPartOf\":{\"@id\":\"https:\\\/\\\/letrame.com\\\/catalogo\\\/#website\"},\"primaryImageOfPage\":{\"@id\":\"https:\\\/\\\/letrame.com\\\/catalogo\\\/producto\\\/el-mundo-de-los-cambios\\\/#primaryimage\"},\"image\":{\"@id\":\"https:\\\/\\\/letrame.com\\\/catalogo\\\/producto\\\/el-mundo-de-los-cambios\\\/#primaryimage\"},\"thumbnailUrl\":\"https:\\\/\\\/letrame.com\\\/catalogo\\\/wp-content\\\/uploads\\\/2024\\\/04\\\/webportada_elmundodeloscambios_402mm-compressed-scaled-1.jpg\",\"datePublished\":\"2024-04-29T14:22:04+00:00\",\"dateModified\":\"2024-04-29T14:22:41+00:00\",\"breadcrumb\":{\"@id\":\"https:\\\/\\\/letrame.com\\\/catalogo\\\/producto\\\/el-mundo-de-los-cambios\\\/#breadcrumb\"},\"inLanguage\":\"es\",\"potentialAction\":[{\"@type\":\"ReadAction\",\"target\":[\"https:\\\/\\\/letrame.com\\\/catalogo\\\/producto\\\/el-mundo-de-los-cambios\\\/\"]}]},{\"@type\":\"ImageObject\",\"inLanguage\":\"es\",\"@id\":\"https:\\\/\\\/letrame.com\\\/catalogo\\\/producto\\\/el-mundo-de-los-cambios\\\/#primaryimage\",\"url\":\"https:\\\/\\\/letrame.com\\\/catalogo\\\/wp-content\\\/uploads\\\/2024\\\/04\\\/webportada_elmundodeloscambios_402mm-compressed-scaled-1.jpg\",\"contentUrl\":\"https:\\\/\\\/letrame.com\\\/catalogo\\\/wp-content\\\/uploads\\\/2024\\\/04\\\/webportada_elmundodeloscambios_402mm-compressed-scaled-1.jpg\",\"width\":1813,\"height\":2560},{\"@type\":\"BreadcrumbList\",\"@id\":\"https:\\\/\\\/letrame.com\\\/catalogo\\\/producto\\\/el-mundo-de-los-cambios\\\/#breadcrumb\",\"itemListElement\":[{\"@type\":\"ListItem\",\"position\":1,\"name\":\"Portada\",\"item\":\"https:\\\/\\\/letrame.com\\\/catalogo\\\/\"},{\"@type\":\"ListItem\",\"position\":2,\"name\":\"Cat\u00e1logo\",\"item\":\"https:\\\/\\\/letrame.com\\\/catalogo\\\/\"},{\"@type\":\"ListItem\",\"position\":3,\"name\":\"El mundo de los cambios\"}]},{\"@type\":\"WebSite\",\"@id\":\"https:\\\/\\\/letrame.com\\\/catalogo\\\/#website\",\"url\":\"https:\\\/\\\/letrame.com\\\/catalogo\\\/\",\"name\":\"Catalogo | Letrame Grupo Editorial\",\"description\":\"\",\"publisher\":{\"@id\":\"https:\\\/\\\/letrame.com\\\/catalogo\\\/#organization\"},\"potentialAction\":[{\"@type\":\"SearchAction\",\"target\":{\"@type\":\"EntryPoint\",\"urlTemplate\":\"https:\\\/\\\/letrame.com\\\/catalogo\\\/?s={search_term_string}\"},\"query-input\":{\"@type\":\"PropertyValueSpecification\",\"valueRequired\":true,\"valueName\":\"search_term_string\"}}],\"inLanguage\":\"es\"},{\"@type\":\"Organization\",\"@id\":\"https:\\\/\\\/letrame.com\\\/catalogo\\\/#organization\",\"name\":\"Catalogo | Letrame Grupo Editorial\",\"url\":\"https:\\\/\\\/letrame.com\\\/catalogo\\\/\",\"logo\":{\"@type\":\"ImageObject\",\"inLanguage\":\"es\",\"@id\":\"https:\\\/\\\/letrame.com\\\/catalogo\\\/#\\\/schema\\\/logo\\\/image\\\/\",\"url\":\"https:\\\/\\\/letrame.com\\\/catalogo\\\/wp-content\\\/uploads\\\/2024\\\/03\\\/logo2.webp\",\"contentUrl\":\"https:\\\/\\\/letrame.com\\\/catalogo\\\/wp-content\\\/uploads\\\/2024\\\/03\\\/logo2.webp\",\"width\":394,\"height\":128,\"caption\":\"Catalogo | Letrame Grupo Editorial\"},\"image\":{\"@id\":\"https:\\\/\\\/letrame.com\\\/catalogo\\\/#\\\/schema\\\/logo\\\/image\\\/\"}}]}<\/script>\n<!-- \/ Yoast SEO plugin. -->","yoast_head_json":{"title":"El mundo de los cambios - Catalogo | Letrame Grupo Editorial","robots":{"index":"index","follow":"follow","max-snippet":"max-snippet:-1","max-image-preview":"max-image-preview:large","max-video-preview":"max-video-preview:-1"},"canonical":"https:\/\/letrame.com\/catalogo\/producto\/el-mundo-de-los-cambios\/","og_locale":"es_ES","og_type":"article","og_title":"El mundo de los cambios - Catalogo | Letrame Grupo Editorial","og_description":"ISBN: 978-84-1181-260-3 SINOPSIS Aprovechar para darle m\u00e1s texto a un autor que ya ha escrito algo tan extenso puede resultar en un principio atractivo, pero desde la perspectiva del autor mismo, quien ahora ha encontrado el reto de plasmar un resumen de su obra, es incre\u00edblemente intimidante, es dif\u00edcil identificar un g\u00e9nero, pues hay elementos de acci\u00f3n, de aventura, terror, fantas\u00eda, y misterio, y sin embargo ninguno de ellos resume el libro. Normalmente en las sinopsis usadas de ejemplo se habla de qui\u00e9nes ser\u00e1n los personajes involucrados, y ni siquiera eso es f\u00e1cilmente discernible, la cantidad de personajes que moran aqu\u00ed, y su protagonismo, var\u00eda tanto que es dif\u00edcil se\u00f1alar a algunos dignos de nombrar, y nombrar a algunos es, quiz\u00e1, un spoiler a futuro. En estas p\u00e1ginas definitivamente encontraremos un mundo de fantas\u00eda, con gente prism\u00e1tica en sus personalidades, y aunque exista acci\u00f3n narrada por combates que a menudo ocurren, tambi\u00e9n con esa misma frecuencia, los personajes exploran sus propias formas de ser, y c\u00f3mo la vida les ha afectado, y c\u00f3mo enfrentan los retos del presente. Si esta sinopsis aparenta ser en exceso vaga, resultar\u00e1 como testamento de lo variado de los contenidos, siendo una combinaci\u00f3n entre una narrativa lineal, y una antolog\u00eda, cualquier intento de resumirlo, en la ego\u00edsta opini\u00f3n del autor, puede resultar como un deservicio a la hora de experimentarlo, as\u00ed que si gustan leerlo, h\u00e1ganlo, estoy seguro que los traumatizar\u00e1. &nbsp;","og_url":"https:\/\/letrame.com\/catalogo\/producto\/el-mundo-de-los-cambios\/","og_site_name":"Catalogo | Letrame Grupo Editorial","article_modified_time":"2024-04-29T14:22:41+00:00","og_image":[{"width":1813,"height":2560,"url":"https:\/\/letrame.com\/catalogo\/wp-content\/uploads\/2024\/04\/webportada_elmundodeloscambios_402mm-compressed-scaled-1.jpg","type":"image\/jpeg"}],"twitter_card":"summary_large_image","twitter_misc":{"Tiempo de lectura":"1 minuto"},"schema":{"@context":"https:\/\/schema.org","@graph":[{"@type":"WebPage","@id":"https:\/\/letrame.com\/catalogo\/producto\/el-mundo-de-los-cambios\/","url":"https:\/\/letrame.com\/catalogo\/producto\/el-mundo-de-los-cambios\/","name":"El mundo de los cambios - Catalogo | Letrame Grupo Editorial","isPartOf":{"@id":"https:\/\/letrame.com\/catalogo\/#website"},"primaryImageOfPage":{"@id":"https:\/\/letrame.com\/catalogo\/producto\/el-mundo-de-los-cambios\/#primaryimage"},"image":{"@id":"https:\/\/letrame.com\/catalogo\/producto\/el-mundo-de-los-cambios\/#primaryimage"},"thumbnailUrl":"https:\/\/letrame.com\/catalogo\/wp-content\/uploads\/2024\/04\/webportada_elmundodeloscambios_402mm-compressed-scaled-1.jpg","datePublished":"2024-04-29T14:22:04+00:00","dateModified":"2024-04-29T14:22:41+00:00","breadcrumb":{"@id":"https:\/\/letrame.com\/catalogo\/producto\/el-mundo-de-los-cambios\/#breadcrumb"},"inLanguage":"es","potentialAction":[{"@type":"ReadAction","target":["https:\/\/letrame.com\/catalogo\/producto\/el-mundo-de-los-cambios\/"]}]},{"@type":"ImageObject","inLanguage":"es","@id":"https:\/\/letrame.com\/catalogo\/producto\/el-mundo-de-los-cambios\/#primaryimage","url":"https:\/\/letrame.com\/catalogo\/wp-content\/uploads\/2024\/04\/webportada_elmundodeloscambios_402mm-compressed-scaled-1.jpg","contentUrl":"https:\/\/letrame.com\/catalogo\/wp-content\/uploads\/2024\/04\/webportada_elmundodeloscambios_402mm-compressed-scaled-1.jpg","width":1813,"height":2560},{"@type":"BreadcrumbList","@id":"https:\/\/letrame.com\/catalogo\/producto\/el-mundo-de-los-cambios\/#breadcrumb","itemListElement":[{"@type":"ListItem","position":1,"name":"Portada","item":"https:\/\/letrame.com\/catalogo\/"},{"@type":"ListItem","position":2,"name":"Cat\u00e1logo","item":"https:\/\/letrame.com\/catalogo\/"},{"@type":"ListItem","position":3,"name":"El mundo de los cambios"}]},{"@type":"WebSite","@id":"https:\/\/letrame.com\/catalogo\/#website","url":"https:\/\/letrame.com\/catalogo\/","name":"Catalogo | Letrame Grupo Editorial","description":"","publisher":{"@id":"https:\/\/letrame.com\/catalogo\/#organization"},"potentialAction":[{"@type":"SearchAction","target":{"@type":"EntryPoint","urlTemplate":"https:\/\/letrame.com\/catalogo\/?s={search_term_string}"},"query-input":{"@type":"PropertyValueSpecification","valueRequired":true,"valueName":"search_term_string"}}],"inLanguage":"es"},{"@type":"Organization","@id":"https:\/\/letrame.com\/catalogo\/#organization","name":"Catalogo | Letrame Grupo Editorial","url":"https:\/\/letrame.com\/catalogo\/","logo":{"@type":"ImageObject","inLanguage":"es","@id":"https:\/\/letrame.com\/catalogo\/#\/schema\/logo\/image\/","url":"https:\/\/letrame.com\/catalogo\/wp-content\/uploads\/2024\/03\/logo2.webp","contentUrl":"https:\/\/letrame.com\/catalogo\/wp-content\/uploads\/2024\/03\/logo2.webp","width":394,"height":128,"caption":"Catalogo | Letrame Grupo Editorial"},"image":{"@id":"https:\/\/letrame.com\/catalogo\/#\/schema\/logo\/image\/"}}]}},"_links":{"self":[{"href":"https:\/\/letrame.com\/catalogo\/wp-json\/wp\/v2\/product\/99423","targetHints":{"allow":["GET"]}}],"collection":[{"href":"https:\/\/letrame.com\/catalogo\/wp-json\/wp\/v2\/product"}],"about":[{"href":"https:\/\/letrame.com\/catalogo\/wp-json\/wp\/v2\/types\/product"}],"replies":[{"embeddable":true,"href":"https:\/\/letrame.com\/catalogo\/wp-json\/wp\/v2\/comments?post=99423"}],"acf:post":[{"embeddable":true,"href":"https:\/\/letrame.com\/catalogo\/wp-json\/wp\/v2\/author_book\/77757"}],"wp:featuredmedia":[{"embeddable":true,"href":"https:\/\/letrame.com\/catalogo\/wp-json\/wp\/v2\/media\/99424"}],"wp:attachment":[{"href":"https:\/\/letrame.com\/catalogo\/wp-json\/wp\/v2\/media?parent=99423"}],"wp:term":[{"taxonomy":"libro","embeddable":true,"href":"https:\/\/letrame.com\/catalogo\/wp-json\/wp\/v2\/libro?post=99423"},{"taxonomy":"product_brand","embeddable":true,"href":"https:\/\/letrame.com\/catalogo\/wp-json\/wp\/v2\/product_brand?post=99423"},{"taxonomy":"product_cat","embeddable":true,"href":"https:\/\/letrame.com\/catalogo\/wp-json\/wp\/v2\/product_cat?post=99423"},{"taxonomy":"product_tag","embeddable":true,"href":"https:\/\/letrame.com\/catalogo\/wp-json\/wp\/v2\/product_tag?post=99423"}],"curies":[{"name":"wp","href":"https:\/\/api.w.org\/{rel}","templated":true}]}}