{"id":99419,"date":"2024-04-29T16:22:04","date_gmt":"2024-04-29T14:22:04","guid":{"rendered":"https:\/\/letrame.com\/catalogo\/producto\/la-ponzona-verde-libro-i-las-cenizas-del-apocalipsis\/"},"modified":"2024-04-29T16:22:04","modified_gmt":"2024-04-29T14:22:04","slug":"la-ponzona-verde-libro-i-las-cenizas-del-apocalipsis","status":"publish","type":"product","link":"https:\/\/letrame.com\/catalogo\/producto\/la-ponzona-verde-libro-i-las-cenizas-del-apocalipsis\/","title":{"rendered":"La ponzo\u00f1a verde. Libro I. Las cenizas del Apocalipsis"},"content":{"rendered":"<p><strong>ISBN<\/strong>: 978-84-1181-220-7<\/p>\n<p><strong>T\u00edtulo<\/strong>: La ponzo\u00f1a verde. Libro I. Las cenizas del Apocalipsis<br \/>\n<strong>Fecha<\/strong>: 2023<br \/>\n<strong>P\u00e1ginas<\/strong>: 372<\/p>\n<p><strong>SINOPSIS<\/strong><\/p>\n<p><strong>La obra calificada como la m\u00e1s sangrienta de todos los tiempos.<\/strong><\/p>\n<p>Deber\u00e1s estar preparado. Despertar\u00e1s desorientado en mitad del m\u00e1s tenebroso fin del mundo como el ser m\u00e1s poderoso del planeta, con el prop\u00f3sito de cumplir la profec\u00eda que pondr\u00e1 fin a la exterminaci\u00f3n masiva de humanos.<\/p>\n<p>Ponte el coraz\u00f3n en un pu\u00f1o dentro de un remolino de emociones en esta intr\u00e9pida novela de misterio con ritmo apresurado. Si eres un lector esc\u00e9ptico, te apasionan las batallas \u00e9picas entre los seres m\u00e1s destacados del terror, o amante de las gigantescas hordas de los zombis m\u00e1s hostiles, veloces y despiadados, te recomiendo leerlo.<\/p>\n<p>Vive crudas experiencias en los m\u00e1s extravagantes entornos apocal\u00edpticos&#8230;<\/p>\n<p>Tu imaginaci\u00f3n se disparar\u00e1 dentro de una esfera extremadamente personal&#8230;<\/p>\n<p>&nbsp;<\/p>\n","protected":false},"excerpt":{"rendered":"<p><strong>ISBN<\/strong>: 978-84-1181-220-7<\/p>\n<p><strong>SINOPSIS<\/strong><\/p>\n<p><strong>La obra calificada como la m\u00e1s sangrienta de todos los tiempos.<\/strong><\/p>\n<p>Deber\u00e1s estar preparado. Despertar\u00e1s desorientado en mitad del m\u00e1s tenebroso fin del mundo como el ser m\u00e1s poderoso del planeta, con el prop\u00f3sito de cumplir la profec\u00eda que pondr\u00e1 fin a la exterminaci\u00f3n masiva de humanos.<\/p>\n<p>Ponte el coraz\u00f3n en un pu\u00f1o dentro de un remolino de emociones en esta intr\u00e9pida novela de misterio con ritmo apresurado. Si eres un lector esc\u00e9ptico, te apasionan las batallas \u00e9picas entre los seres m\u00e1s destacados del terror, o amante de las gigantescas hordas de los zombis m\u00e1s hostiles, veloces y despiadados, te recomiendo leerlo.<\/p>\n<p>Vive crudas experiencias en los m\u00e1s extravagantes entornos apocal\u00edpticos&#8230;<\/p>\n<p>Tu imaginaci\u00f3n se disparar\u00e1 dentro de una esfera extremadamente personal&#8230;<\/p>\n","protected":false},"featured_media":99420,"comment_status":"closed","ping_status":"open","template":"","meta":{"_acf_changed":false},"libro":[],"product_brand":[],"product_cat":[43,47],"product_tag":[],"class_list":{"0":"post-99419","1":"product","2":"type-product","3":"status-publish","4":"has-post-thumbnail","6":"product_cat-aventura","7":"product_cat-ciencia-ficcion-misterio","9":"first","10":"instock","11":"product-type-simple"},"acf":{"autor":[77755],"enlace_de_compra":"https:\/\/www.amazon.es\/ponzo%C3%B1a-verde-valle-los-muertos-ebook\/dp\/B0CL7PBLD7\/"},"yoast_head":"<!-- This site is optimized with the Yoast SEO plugin v27.4 - https:\/\/yoast.com\/product\/yoast-seo-wordpress\/ -->\n<title>La ponzo\u00f1a verde. Libro I. Las cenizas del Apocalipsis - Catalogo | Letrame Grupo Editorial<\/title>\n<meta name=\"robots\" content=\"index, follow, max-snippet:-1, max-image-preview:large, max-video-preview:-1\" \/>\n<link rel=\"canonical\" href=\"https:\/\/letrame.com\/catalogo\/producto\/la-ponzona-verde-libro-i-las-cenizas-del-apocalipsis\/\" \/>\n<meta property=\"og:locale\" content=\"es_ES\" \/>\n<meta property=\"og:type\" content=\"article\" \/>\n<meta property=\"og:title\" content=\"La ponzo\u00f1a verde. Libro I. Las cenizas del Apocalipsis - Catalogo | Letrame Grupo Editorial\" \/>\n<meta property=\"og:description\" content=\"ISBN: 978-84-1181-220-7 SINOPSIS La obra calificada como la m\u00e1s sangrienta de todos los tiempos. Deber\u00e1s estar preparado. Despertar\u00e1s desorientado en mitad del m\u00e1s tenebroso fin del mundo como el ser m\u00e1s poderoso del planeta, con el prop\u00f3sito de cumplir la profec\u00eda que pondr\u00e1 fin a la exterminaci\u00f3n masiva de humanos. Ponte el coraz\u00f3n en un pu\u00f1o dentro de un remolino de emociones en esta intr\u00e9pida novela de misterio con ritmo apresurado. Si eres un lector esc\u00e9ptico, te apasionan las batallas \u00e9picas entre los seres m\u00e1s destacados del terror, o amante de las gigantescas hordas de los zombis m\u00e1s hostiles, veloces y despiadados, te recomiendo leerlo. Vive crudas experiencias en los m\u00e1s extravagantes entornos apocal\u00edpticos... Tu imaginaci\u00f3n se disparar\u00e1 dentro de una esfera extremadamente personal...\" \/>\n<meta property=\"og:url\" content=\"https:\/\/letrame.com\/catalogo\/producto\/la-ponzona-verde-libro-i-las-cenizas-del-apocalipsis\/\" \/>\n<meta property=\"og:site_name\" content=\"Catalogo | Letrame Grupo Editorial\" \/>\n<meta property=\"og:image\" content=\"https:\/\/letrame.com\/catalogo\/wp-content\/uploads\/2024\/04\/webportada_elvalledelosmuertos_1823mm-copia-compressed-scaled-1.jpg\" \/>\n\t<meta property=\"og:image:width\" content=\"1746\" \/>\n\t<meta property=\"og:image:height\" content=\"2560\" \/>\n\t<meta property=\"og:image:type\" content=\"image\/jpeg\" \/>\n<meta name=\"twitter:card\" content=\"summary_large_image\" \/>\n<meta name=\"twitter:label1\" content=\"Tiempo de lectura\" \/>\n\t<meta name=\"twitter:data1\" content=\"1 minuto\" \/>\n<script type=\"application\/ld+json\" class=\"yoast-schema-graph\">{\"@context\":\"https:\\\/\\\/schema.org\",\"@graph\":[{\"@type\":\"WebPage\",\"@id\":\"https:\\\/\\\/letrame.com\\\/catalogo\\\/producto\\\/la-ponzona-verde-libro-i-las-cenizas-del-apocalipsis\\\/\",\"url\":\"https:\\\/\\\/letrame.com\\\/catalogo\\\/producto\\\/la-ponzona-verde-libro-i-las-cenizas-del-apocalipsis\\\/\",\"name\":\"La ponzo\u00f1a verde. Libro I. Las cenizas del Apocalipsis - Catalogo | Letrame Grupo Editorial\",\"isPartOf\":{\"@id\":\"https:\\\/\\\/letrame.com\\\/catalogo\\\/#website\"},\"primaryImageOfPage\":{\"@id\":\"https:\\\/\\\/letrame.com\\\/catalogo\\\/producto\\\/la-ponzona-verde-libro-i-las-cenizas-del-apocalipsis\\\/#primaryimage\"},\"image\":{\"@id\":\"https:\\\/\\\/letrame.com\\\/catalogo\\\/producto\\\/la-ponzona-verde-libro-i-las-cenizas-del-apocalipsis\\\/#primaryimage\"},\"thumbnailUrl\":\"https:\\\/\\\/letrame.com\\\/catalogo\\\/wp-content\\\/uploads\\\/2024\\\/04\\\/webportada_elvalledelosmuertos_1823mm-copia-compressed-scaled-1.jpg\",\"datePublished\":\"2024-04-29T14:22:04+00:00\",\"breadcrumb\":{\"@id\":\"https:\\\/\\\/letrame.com\\\/catalogo\\\/producto\\\/la-ponzona-verde-libro-i-las-cenizas-del-apocalipsis\\\/#breadcrumb\"},\"inLanguage\":\"es\",\"potentialAction\":[{\"@type\":\"ReadAction\",\"target\":[\"https:\\\/\\\/letrame.com\\\/catalogo\\\/producto\\\/la-ponzona-verde-libro-i-las-cenizas-del-apocalipsis\\\/\"]}]},{\"@type\":\"ImageObject\",\"inLanguage\":\"es\",\"@id\":\"https:\\\/\\\/letrame.com\\\/catalogo\\\/producto\\\/la-ponzona-verde-libro-i-las-cenizas-del-apocalipsis\\\/#primaryimage\",\"url\":\"https:\\\/\\\/letrame.com\\\/catalogo\\\/wp-content\\\/uploads\\\/2024\\\/04\\\/webportada_elvalledelosmuertos_1823mm-copia-compressed-scaled-1.jpg\",\"contentUrl\":\"https:\\\/\\\/letrame.com\\\/catalogo\\\/wp-content\\\/uploads\\\/2024\\\/04\\\/webportada_elvalledelosmuertos_1823mm-copia-compressed-scaled-1.jpg\",\"width\":1746,\"height\":2560},{\"@type\":\"BreadcrumbList\",\"@id\":\"https:\\\/\\\/letrame.com\\\/catalogo\\\/producto\\\/la-ponzona-verde-libro-i-las-cenizas-del-apocalipsis\\\/#breadcrumb\",\"itemListElement\":[{\"@type\":\"ListItem\",\"position\":1,\"name\":\"Portada\",\"item\":\"https:\\\/\\\/letrame.com\\\/catalogo\\\/\"},{\"@type\":\"ListItem\",\"position\":2,\"name\":\"Cat\u00e1logo\",\"item\":\"https:\\\/\\\/letrame.com\\\/catalogo\\\/\"},{\"@type\":\"ListItem\",\"position\":3,\"name\":\"La ponzo\u00f1a verde. Libro I. Las cenizas del Apocalipsis\"}]},{\"@type\":\"WebSite\",\"@id\":\"https:\\\/\\\/letrame.com\\\/catalogo\\\/#website\",\"url\":\"https:\\\/\\\/letrame.com\\\/catalogo\\\/\",\"name\":\"Catalogo | Letrame Grupo Editorial\",\"description\":\"\",\"publisher\":{\"@id\":\"https:\\\/\\\/letrame.com\\\/catalogo\\\/#organization\"},\"potentialAction\":[{\"@type\":\"SearchAction\",\"target\":{\"@type\":\"EntryPoint\",\"urlTemplate\":\"https:\\\/\\\/letrame.com\\\/catalogo\\\/?s={search_term_string}\"},\"query-input\":{\"@type\":\"PropertyValueSpecification\",\"valueRequired\":true,\"valueName\":\"search_term_string\"}}],\"inLanguage\":\"es\"},{\"@type\":\"Organization\",\"@id\":\"https:\\\/\\\/letrame.com\\\/catalogo\\\/#organization\",\"name\":\"Catalogo | Letrame Grupo Editorial\",\"url\":\"https:\\\/\\\/letrame.com\\\/catalogo\\\/\",\"logo\":{\"@type\":\"ImageObject\",\"inLanguage\":\"es\",\"@id\":\"https:\\\/\\\/letrame.com\\\/catalogo\\\/#\\\/schema\\\/logo\\\/image\\\/\",\"url\":\"https:\\\/\\\/letrame.com\\\/catalogo\\\/wp-content\\\/uploads\\\/2024\\\/03\\\/logo2.webp\",\"contentUrl\":\"https:\\\/\\\/letrame.com\\\/catalogo\\\/wp-content\\\/uploads\\\/2024\\\/03\\\/logo2.webp\",\"width\":394,\"height\":128,\"caption\":\"Catalogo | Letrame Grupo Editorial\"},\"image\":{\"@id\":\"https:\\\/\\\/letrame.com\\\/catalogo\\\/#\\\/schema\\\/logo\\\/image\\\/\"}}]}<\/script>\n<!-- \/ Yoast SEO plugin. -->","yoast_head_json":{"title":"La ponzo\u00f1a verde. Libro I. Las cenizas del Apocalipsis - Catalogo | Letrame Grupo Editorial","robots":{"index":"index","follow":"follow","max-snippet":"max-snippet:-1","max-image-preview":"max-image-preview:large","max-video-preview":"max-video-preview:-1"},"canonical":"https:\/\/letrame.com\/catalogo\/producto\/la-ponzona-verde-libro-i-las-cenizas-del-apocalipsis\/","og_locale":"es_ES","og_type":"article","og_title":"La ponzo\u00f1a verde. Libro I. Las cenizas del Apocalipsis - Catalogo | Letrame Grupo Editorial","og_description":"ISBN: 978-84-1181-220-7 SINOPSIS La obra calificada como la m\u00e1s sangrienta de todos los tiempos. Deber\u00e1s estar preparado. Despertar\u00e1s desorientado en mitad del m\u00e1s tenebroso fin del mundo como el ser m\u00e1s poderoso del planeta, con el prop\u00f3sito de cumplir la profec\u00eda que pondr\u00e1 fin a la exterminaci\u00f3n masiva de humanos. Ponte el coraz\u00f3n en un pu\u00f1o dentro de un remolino de emociones en esta intr\u00e9pida novela de misterio con ritmo apresurado. Si eres un lector esc\u00e9ptico, te apasionan las batallas \u00e9picas entre los seres m\u00e1s destacados del terror, o amante de las gigantescas hordas de los zombis m\u00e1s hostiles, veloces y despiadados, te recomiendo leerlo. Vive crudas experiencias en los m\u00e1s extravagantes entornos apocal\u00edpticos... Tu imaginaci\u00f3n se disparar\u00e1 dentro de una esfera extremadamente personal...","og_url":"https:\/\/letrame.com\/catalogo\/producto\/la-ponzona-verde-libro-i-las-cenizas-del-apocalipsis\/","og_site_name":"Catalogo | Letrame Grupo Editorial","og_image":[{"width":1746,"height":2560,"url":"https:\/\/letrame.com\/catalogo\/wp-content\/uploads\/2024\/04\/webportada_elvalledelosmuertos_1823mm-copia-compressed-scaled-1.jpg","type":"image\/jpeg"}],"twitter_card":"summary_large_image","twitter_misc":{"Tiempo de lectura":"1 minuto"},"schema":{"@context":"https:\/\/schema.org","@graph":[{"@type":"WebPage","@id":"https:\/\/letrame.com\/catalogo\/producto\/la-ponzona-verde-libro-i-las-cenizas-del-apocalipsis\/","url":"https:\/\/letrame.com\/catalogo\/producto\/la-ponzona-verde-libro-i-las-cenizas-del-apocalipsis\/","name":"La ponzo\u00f1a verde. Libro I. Las cenizas del Apocalipsis - Catalogo | Letrame Grupo Editorial","isPartOf":{"@id":"https:\/\/letrame.com\/catalogo\/#website"},"primaryImageOfPage":{"@id":"https:\/\/letrame.com\/catalogo\/producto\/la-ponzona-verde-libro-i-las-cenizas-del-apocalipsis\/#primaryimage"},"image":{"@id":"https:\/\/letrame.com\/catalogo\/producto\/la-ponzona-verde-libro-i-las-cenizas-del-apocalipsis\/#primaryimage"},"thumbnailUrl":"https:\/\/letrame.com\/catalogo\/wp-content\/uploads\/2024\/04\/webportada_elvalledelosmuertos_1823mm-copia-compressed-scaled-1.jpg","datePublished":"2024-04-29T14:22:04+00:00","breadcrumb":{"@id":"https:\/\/letrame.com\/catalogo\/producto\/la-ponzona-verde-libro-i-las-cenizas-del-apocalipsis\/#breadcrumb"},"inLanguage":"es","potentialAction":[{"@type":"ReadAction","target":["https:\/\/letrame.com\/catalogo\/producto\/la-ponzona-verde-libro-i-las-cenizas-del-apocalipsis\/"]}]},{"@type":"ImageObject","inLanguage":"es","@id":"https:\/\/letrame.com\/catalogo\/producto\/la-ponzona-verde-libro-i-las-cenizas-del-apocalipsis\/#primaryimage","url":"https:\/\/letrame.com\/catalogo\/wp-content\/uploads\/2024\/04\/webportada_elvalledelosmuertos_1823mm-copia-compressed-scaled-1.jpg","contentUrl":"https:\/\/letrame.com\/catalogo\/wp-content\/uploads\/2024\/04\/webportada_elvalledelosmuertos_1823mm-copia-compressed-scaled-1.jpg","width":1746,"height":2560},{"@type":"BreadcrumbList","@id":"https:\/\/letrame.com\/catalogo\/producto\/la-ponzona-verde-libro-i-las-cenizas-del-apocalipsis\/#breadcrumb","itemListElement":[{"@type":"ListItem","position":1,"name":"Portada","item":"https:\/\/letrame.com\/catalogo\/"},{"@type":"ListItem","position":2,"name":"Cat\u00e1logo","item":"https:\/\/letrame.com\/catalogo\/"},{"@type":"ListItem","position":3,"name":"La ponzo\u00f1a verde. Libro I. Las cenizas del Apocalipsis"}]},{"@type":"WebSite","@id":"https:\/\/letrame.com\/catalogo\/#website","url":"https:\/\/letrame.com\/catalogo\/","name":"Catalogo | Letrame Grupo Editorial","description":"","publisher":{"@id":"https:\/\/letrame.com\/catalogo\/#organization"},"potentialAction":[{"@type":"SearchAction","target":{"@type":"EntryPoint","urlTemplate":"https:\/\/letrame.com\/catalogo\/?s={search_term_string}"},"query-input":{"@type":"PropertyValueSpecification","valueRequired":true,"valueName":"search_term_string"}}],"inLanguage":"es"},{"@type":"Organization","@id":"https:\/\/letrame.com\/catalogo\/#organization","name":"Catalogo | Letrame Grupo Editorial","url":"https:\/\/letrame.com\/catalogo\/","logo":{"@type":"ImageObject","inLanguage":"es","@id":"https:\/\/letrame.com\/catalogo\/#\/schema\/logo\/image\/","url":"https:\/\/letrame.com\/catalogo\/wp-content\/uploads\/2024\/03\/logo2.webp","contentUrl":"https:\/\/letrame.com\/catalogo\/wp-content\/uploads\/2024\/03\/logo2.webp","width":394,"height":128,"caption":"Catalogo | Letrame Grupo Editorial"},"image":{"@id":"https:\/\/letrame.com\/catalogo\/#\/schema\/logo\/image\/"}}]}},"_links":{"self":[{"href":"https:\/\/letrame.com\/catalogo\/wp-json\/wp\/v2\/product\/99419","targetHints":{"allow":["GET"]}}],"collection":[{"href":"https:\/\/letrame.com\/catalogo\/wp-json\/wp\/v2\/product"}],"about":[{"href":"https:\/\/letrame.com\/catalogo\/wp-json\/wp\/v2\/types\/product"}],"replies":[{"embeddable":true,"href":"https:\/\/letrame.com\/catalogo\/wp-json\/wp\/v2\/comments?post=99419"}],"acf:post":[{"embeddable":true,"href":"https:\/\/letrame.com\/catalogo\/wp-json\/wp\/v2\/author_book\/77755"}],"wp:featuredmedia":[{"embeddable":true,"href":"https:\/\/letrame.com\/catalogo\/wp-json\/wp\/v2\/media\/99420"}],"wp:attachment":[{"href":"https:\/\/letrame.com\/catalogo\/wp-json\/wp\/v2\/media?parent=99419"}],"wp:term":[{"taxonomy":"libro","embeddable":true,"href":"https:\/\/letrame.com\/catalogo\/wp-json\/wp\/v2\/libro?post=99419"},{"taxonomy":"product_brand","embeddable":true,"href":"https:\/\/letrame.com\/catalogo\/wp-json\/wp\/v2\/product_brand?post=99419"},{"taxonomy":"product_cat","embeddable":true,"href":"https:\/\/letrame.com\/catalogo\/wp-json\/wp\/v2\/product_cat?post=99419"},{"taxonomy":"product_tag","embeddable":true,"href":"https:\/\/letrame.com\/catalogo\/wp-json\/wp\/v2\/product_tag?post=99419"}],"curies":[{"name":"wp","href":"https:\/\/api.w.org\/{rel}","templated":true}]}}