{"id":99411,"date":"2024-04-29T16:20:24","date_gmt":"2024-04-29T14:20:24","guid":{"rendered":"https:\/\/letrame.com\/catalogo\/producto\/perspectiva-de-vida\/"},"modified":"2024-04-29T16:20:52","modified_gmt":"2024-04-29T14:20:52","slug":"perspectiva-de-vida","status":"publish","type":"product","link":"https:\/\/letrame.com\/catalogo\/producto\/perspectiva-de-vida\/","title":{"rendered":"Perspectiva de vida"},"content":{"rendered":"<p><strong>ISBN<\/strong>: 978-84-1181-519-2<\/p>\n<p><strong>T\u00edtulo<\/strong>: Perspectiva de vida<br \/>\n<strong>Fecha<\/strong>: 2023<br \/>\n<strong>P\u00e1ginas<\/strong>: 90<\/p>\n<p><strong>SINOPSIS<\/strong><\/p>\n<p>El libro consta de cinco di\u00e1logos escritos de forma terap\u00e9utica cuyas tem\u00e1ticas son: un di\u00e1logo con la muerte, la cual es personificada. Un matrimonio sin hijos que vive en la Regi\u00f3n de La Araucan\u00eda en Chile, conocida por la violencia rural y atentados terroristas, aqu\u00ed se grafica c\u00f3mo afecta esta realidad a sus vidas. Tambi\u00e9n se presenta un mon\u00f3logo de un adolescente neurodivergente. Otra tem\u00e1tica tratada en el libro es una mujer adulta que intenta sanar heridas de infancia a trav\u00e9s de una conocida y taquillera pel\u00edcula. Finalmente el di\u00e1logo m\u00e1s extenso es un homenaje p\u00f3stumo a la vida del padre de la autora y c\u00f3mo \u00e9sta vivi\u00f3 el proceso de enfermedad de su padre.<\/p>\n<p>&nbsp;<\/p>\n","protected":false},"excerpt":{"rendered":"<p><strong>ISBN<\/strong>: 978-84-1181-519-2<\/p>\n<p><strong>SINOPSIS<\/strong><\/p>\n<p>El libro consta de cinco di\u00e1logos escritos de forma terap\u00e9utica cuyas tem\u00e1ticas son: un di\u00e1logo con la muerte, la cual es personificada. Un matrimonio sin hijos que vive en la Regi\u00f3n de La Araucan\u00eda en Chile, conocida por la violencia rural y atentados terroristas, aqu\u00ed se grafica c\u00f3mo afecta esta realidad a sus vidas. Tambi\u00e9n se presenta un mon\u00f3logo de un adolescente neurodivergente. Otra tem\u00e1tica tratada en el libro es una mujer adulta que intenta sanar heridas de infancia a trav\u00e9s de una conocida y taquillera pel\u00edcula. Finalmente el di\u00e1logo m\u00e1s extenso es un homenaje p\u00f3stumo a la vida del padre de la autora y c\u00f3mo \u00e9sta vivi\u00f3 el proceso de enfermedad de su padre.<\/p>\n","protected":false},"featured_media":99412,"comment_status":"closed","ping_status":"open","template":"","meta":{"_acf_changed":false},"libro":[],"product_brand":[],"product_cat":[26],"product_tag":[],"class_list":{"0":"post-99411","1":"product","2":"type-product","3":"status-publish","4":"has-post-thumbnail","6":"product_cat-sin-categoria","8":"first","9":"instock","10":"product-type-simple"},"acf":{"autor":[77749],"enlace_de_compra":""},"yoast_head":"<!-- This site is optimized with the Yoast SEO plugin v26.6 - https:\/\/yoast.com\/wordpress\/plugins\/seo\/ -->\n<title>Perspectiva de vida - Catalogo | Letrame Grupo Editorial<\/title>\n<meta name=\"robots\" content=\"index, follow, max-snippet:-1, max-image-preview:large, max-video-preview:-1\" \/>\n<link rel=\"canonical\" href=\"https:\/\/letrame.com\/catalogo\/producto\/perspectiva-de-vida\/\" \/>\n<meta property=\"og:locale\" content=\"es_ES\" \/>\n<meta property=\"og:type\" content=\"article\" \/>\n<meta property=\"og:title\" content=\"Perspectiva de vida - Catalogo | Letrame Grupo Editorial\" \/>\n<meta property=\"og:description\" content=\"ISBN: 978-84-1181-519-2 SINOPSIS El libro consta de cinco di\u00e1logos escritos de forma terap\u00e9utica cuyas tem\u00e1ticas son: un di\u00e1logo con la muerte, la cual es personificada. Un matrimonio sin hijos que vive en la Regi\u00f3n de La Araucan\u00eda en Chile, conocida por la violencia rural y atentados terroristas, aqu\u00ed se grafica c\u00f3mo afecta esta realidad a sus vidas. Tambi\u00e9n se presenta un mon\u00f3logo de un adolescente neurodivergente. Otra tem\u00e1tica tratada en el libro es una mujer adulta que intenta sanar heridas de infancia a trav\u00e9s de una conocida y taquillera pel\u00edcula. Finalmente el di\u00e1logo m\u00e1s extenso es un homenaje p\u00f3stumo a la vida del padre de la autora y c\u00f3mo \u00e9sta vivi\u00f3 el proceso de enfermedad de su padre.\" \/>\n<meta property=\"og:url\" content=\"https:\/\/letrame.com\/catalogo\/producto\/perspectiva-de-vida\/\" \/>\n<meta property=\"og:site_name\" content=\"Catalogo | Letrame Grupo Editorial\" \/>\n<meta property=\"article:modified_time\" content=\"2024-04-29T14:20:52+00:00\" \/>\n<meta property=\"og:image\" content=\"https:\/\/letrame.com\/catalogo\/wp-content\/uploads\/2024\/04\/webportada_perpestiva_522mm-compressed-scaled-1.jpg\" \/>\n\t<meta property=\"og:image:width\" content=\"1746\" \/>\n\t<meta property=\"og:image:height\" content=\"2560\" \/>\n\t<meta property=\"og:image:type\" content=\"image\/jpeg\" \/>\n<meta name=\"twitter:card\" content=\"summary_large_image\" \/>\n<meta name=\"twitter:label1\" content=\"Tiempo de lectura\" \/>\n\t<meta name=\"twitter:data1\" content=\"1 minuto\" \/>\n<script type=\"application\/ld+json\" class=\"yoast-schema-graph\">{\"@context\":\"https:\/\/schema.org\",\"@graph\":[{\"@type\":\"WebPage\",\"@id\":\"https:\/\/letrame.com\/catalogo\/producto\/perspectiva-de-vida\/\",\"url\":\"https:\/\/letrame.com\/catalogo\/producto\/perspectiva-de-vida\/\",\"name\":\"Perspectiva de vida - Catalogo | Letrame Grupo Editorial\",\"isPartOf\":{\"@id\":\"https:\/\/letrame.com\/catalogo\/#website\"},\"primaryImageOfPage\":{\"@id\":\"https:\/\/letrame.com\/catalogo\/producto\/perspectiva-de-vida\/#primaryimage\"},\"image\":{\"@id\":\"https:\/\/letrame.com\/catalogo\/producto\/perspectiva-de-vida\/#primaryimage\"},\"thumbnailUrl\":\"https:\/\/letrame.com\/catalogo\/wp-content\/uploads\/2024\/04\/webportada_perpestiva_522mm-compressed-scaled-1.jpg\",\"datePublished\":\"2024-04-29T14:20:24+00:00\",\"dateModified\":\"2024-04-29T14:20:52+00:00\",\"breadcrumb\":{\"@id\":\"https:\/\/letrame.com\/catalogo\/producto\/perspectiva-de-vida\/#breadcrumb\"},\"inLanguage\":\"es\",\"potentialAction\":[{\"@type\":\"ReadAction\",\"target\":[\"https:\/\/letrame.com\/catalogo\/producto\/perspectiva-de-vida\/\"]}]},{\"@type\":\"ImageObject\",\"inLanguage\":\"es\",\"@id\":\"https:\/\/letrame.com\/catalogo\/producto\/perspectiva-de-vida\/#primaryimage\",\"url\":\"https:\/\/letrame.com\/catalogo\/wp-content\/uploads\/2024\/04\/webportada_perpestiva_522mm-compressed-scaled-1.jpg\",\"contentUrl\":\"https:\/\/letrame.com\/catalogo\/wp-content\/uploads\/2024\/04\/webportada_perpestiva_522mm-compressed-scaled-1.jpg\",\"width\":1746,\"height\":2560},{\"@type\":\"BreadcrumbList\",\"@id\":\"https:\/\/letrame.com\/catalogo\/producto\/perspectiva-de-vida\/#breadcrumb\",\"itemListElement\":[{\"@type\":\"ListItem\",\"position\":1,\"name\":\"Portada\",\"item\":\"https:\/\/letrame.com\/catalogo\/\"},{\"@type\":\"ListItem\",\"position\":2,\"name\":\"Cat\u00e1logo\",\"item\":\"https:\/\/letrame.com\/catalogo\/\"},{\"@type\":\"ListItem\",\"position\":3,\"name\":\"Perspectiva de vida\"}]},{\"@type\":\"WebSite\",\"@id\":\"https:\/\/letrame.com\/catalogo\/#website\",\"url\":\"https:\/\/letrame.com\/catalogo\/\",\"name\":\"Catalogo | Letrame Grupo Editorial\",\"description\":\"\",\"publisher\":{\"@id\":\"https:\/\/letrame.com\/catalogo\/#organization\"},\"potentialAction\":[{\"@type\":\"SearchAction\",\"target\":{\"@type\":\"EntryPoint\",\"urlTemplate\":\"https:\/\/letrame.com\/catalogo\/?s={search_term_string}\"},\"query-input\":{\"@type\":\"PropertyValueSpecification\",\"valueRequired\":true,\"valueName\":\"search_term_string\"}}],\"inLanguage\":\"es\"},{\"@type\":\"Organization\",\"@id\":\"https:\/\/letrame.com\/catalogo\/#organization\",\"name\":\"Catalogo | Letrame Grupo Editorial\",\"url\":\"https:\/\/letrame.com\/catalogo\/\",\"logo\":{\"@type\":\"ImageObject\",\"inLanguage\":\"es\",\"@id\":\"https:\/\/letrame.com\/catalogo\/#\/schema\/logo\/image\/\",\"url\":\"https:\/\/letrame.com\/catalogo\/wp-content\/uploads\/2024\/03\/logo2.webp\",\"contentUrl\":\"https:\/\/letrame.com\/catalogo\/wp-content\/uploads\/2024\/03\/logo2.webp\",\"width\":394,\"height\":128,\"caption\":\"Catalogo | Letrame Grupo Editorial\"},\"image\":{\"@id\":\"https:\/\/letrame.com\/catalogo\/#\/schema\/logo\/image\/\"}}]}<\/script>\n<!-- \/ Yoast SEO plugin. -->","yoast_head_json":{"title":"Perspectiva de vida - Catalogo | Letrame Grupo Editorial","robots":{"index":"index","follow":"follow","max-snippet":"max-snippet:-1","max-image-preview":"max-image-preview:large","max-video-preview":"max-video-preview:-1"},"canonical":"https:\/\/letrame.com\/catalogo\/producto\/perspectiva-de-vida\/","og_locale":"es_ES","og_type":"article","og_title":"Perspectiva de vida - Catalogo | Letrame Grupo Editorial","og_description":"ISBN: 978-84-1181-519-2 SINOPSIS El libro consta de cinco di\u00e1logos escritos de forma terap\u00e9utica cuyas tem\u00e1ticas son: un di\u00e1logo con la muerte, la cual es personificada. Un matrimonio sin hijos que vive en la Regi\u00f3n de La Araucan\u00eda en Chile, conocida por la violencia rural y atentados terroristas, aqu\u00ed se grafica c\u00f3mo afecta esta realidad a sus vidas. Tambi\u00e9n se presenta un mon\u00f3logo de un adolescente neurodivergente. Otra tem\u00e1tica tratada en el libro es una mujer adulta que intenta sanar heridas de infancia a trav\u00e9s de una conocida y taquillera pel\u00edcula. Finalmente el di\u00e1logo m\u00e1s extenso es un homenaje p\u00f3stumo a la vida del padre de la autora y c\u00f3mo \u00e9sta vivi\u00f3 el proceso de enfermedad de su padre.","og_url":"https:\/\/letrame.com\/catalogo\/producto\/perspectiva-de-vida\/","og_site_name":"Catalogo | Letrame Grupo Editorial","article_modified_time":"2024-04-29T14:20:52+00:00","og_image":[{"width":1746,"height":2560,"url":"https:\/\/letrame.com\/catalogo\/wp-content\/uploads\/2024\/04\/webportada_perpestiva_522mm-compressed-scaled-1.jpg","type":"image\/jpeg"}],"twitter_card":"summary_large_image","twitter_misc":{"Tiempo de lectura":"1 minuto"},"schema":{"@context":"https:\/\/schema.org","@graph":[{"@type":"WebPage","@id":"https:\/\/letrame.com\/catalogo\/producto\/perspectiva-de-vida\/","url":"https:\/\/letrame.com\/catalogo\/producto\/perspectiva-de-vida\/","name":"Perspectiva de vida - Catalogo | Letrame Grupo Editorial","isPartOf":{"@id":"https:\/\/letrame.com\/catalogo\/#website"},"primaryImageOfPage":{"@id":"https:\/\/letrame.com\/catalogo\/producto\/perspectiva-de-vida\/#primaryimage"},"image":{"@id":"https:\/\/letrame.com\/catalogo\/producto\/perspectiva-de-vida\/#primaryimage"},"thumbnailUrl":"https:\/\/letrame.com\/catalogo\/wp-content\/uploads\/2024\/04\/webportada_perpestiva_522mm-compressed-scaled-1.jpg","datePublished":"2024-04-29T14:20:24+00:00","dateModified":"2024-04-29T14:20:52+00:00","breadcrumb":{"@id":"https:\/\/letrame.com\/catalogo\/producto\/perspectiva-de-vida\/#breadcrumb"},"inLanguage":"es","potentialAction":[{"@type":"ReadAction","target":["https:\/\/letrame.com\/catalogo\/producto\/perspectiva-de-vida\/"]}]},{"@type":"ImageObject","inLanguage":"es","@id":"https:\/\/letrame.com\/catalogo\/producto\/perspectiva-de-vida\/#primaryimage","url":"https:\/\/letrame.com\/catalogo\/wp-content\/uploads\/2024\/04\/webportada_perpestiva_522mm-compressed-scaled-1.jpg","contentUrl":"https:\/\/letrame.com\/catalogo\/wp-content\/uploads\/2024\/04\/webportada_perpestiva_522mm-compressed-scaled-1.jpg","width":1746,"height":2560},{"@type":"BreadcrumbList","@id":"https:\/\/letrame.com\/catalogo\/producto\/perspectiva-de-vida\/#breadcrumb","itemListElement":[{"@type":"ListItem","position":1,"name":"Portada","item":"https:\/\/letrame.com\/catalogo\/"},{"@type":"ListItem","position":2,"name":"Cat\u00e1logo","item":"https:\/\/letrame.com\/catalogo\/"},{"@type":"ListItem","position":3,"name":"Perspectiva de vida"}]},{"@type":"WebSite","@id":"https:\/\/letrame.com\/catalogo\/#website","url":"https:\/\/letrame.com\/catalogo\/","name":"Catalogo | Letrame Grupo Editorial","description":"","publisher":{"@id":"https:\/\/letrame.com\/catalogo\/#organization"},"potentialAction":[{"@type":"SearchAction","target":{"@type":"EntryPoint","urlTemplate":"https:\/\/letrame.com\/catalogo\/?s={search_term_string}"},"query-input":{"@type":"PropertyValueSpecification","valueRequired":true,"valueName":"search_term_string"}}],"inLanguage":"es"},{"@type":"Organization","@id":"https:\/\/letrame.com\/catalogo\/#organization","name":"Catalogo | Letrame Grupo Editorial","url":"https:\/\/letrame.com\/catalogo\/","logo":{"@type":"ImageObject","inLanguage":"es","@id":"https:\/\/letrame.com\/catalogo\/#\/schema\/logo\/image\/","url":"https:\/\/letrame.com\/catalogo\/wp-content\/uploads\/2024\/03\/logo2.webp","contentUrl":"https:\/\/letrame.com\/catalogo\/wp-content\/uploads\/2024\/03\/logo2.webp","width":394,"height":128,"caption":"Catalogo | Letrame Grupo Editorial"},"image":{"@id":"https:\/\/letrame.com\/catalogo\/#\/schema\/logo\/image\/"}}]}},"_links":{"self":[{"href":"https:\/\/letrame.com\/catalogo\/wp-json\/wp\/v2\/product\/99411","targetHints":{"allow":["GET"]}}],"collection":[{"href":"https:\/\/letrame.com\/catalogo\/wp-json\/wp\/v2\/product"}],"about":[{"href":"https:\/\/letrame.com\/catalogo\/wp-json\/wp\/v2\/types\/product"}],"replies":[{"embeddable":true,"href":"https:\/\/letrame.com\/catalogo\/wp-json\/wp\/v2\/comments?post=99411"}],"acf:post":[{"embeddable":true,"href":"https:\/\/letrame.com\/catalogo\/wp-json\/wp\/v2\/author_book\/77749"}],"wp:featuredmedia":[{"embeddable":true,"href":"https:\/\/letrame.com\/catalogo\/wp-json\/wp\/v2\/media\/99412"}],"wp:attachment":[{"href":"https:\/\/letrame.com\/catalogo\/wp-json\/wp\/v2\/media?parent=99411"}],"wp:term":[{"taxonomy":"libro","embeddable":true,"href":"https:\/\/letrame.com\/catalogo\/wp-json\/wp\/v2\/libro?post=99411"},{"taxonomy":"product_brand","embeddable":true,"href":"https:\/\/letrame.com\/catalogo\/wp-json\/wp\/v2\/product_brand?post=99411"},{"taxonomy":"product_cat","embeddable":true,"href":"https:\/\/letrame.com\/catalogo\/wp-json\/wp\/v2\/product_cat?post=99411"},{"taxonomy":"product_tag","embeddable":true,"href":"https:\/\/letrame.com\/catalogo\/wp-json\/wp\/v2\/product_tag?post=99411"}],"curies":[{"name":"wp","href":"https:\/\/api.w.org\/{rel}","templated":true}]}}