{"id":99409,"date":"2024-04-29T16:20:24","date_gmt":"2024-04-29T14:20:24","guid":{"rendered":"https:\/\/letrame.com\/catalogo\/producto\/secretos-de-psicologo\/"},"modified":"2024-04-29T16:20:37","modified_gmt":"2024-04-29T14:20:37","slug":"secretos-de-psicologo","status":"publish","type":"product","link":"https:\/\/letrame.com\/catalogo\/producto\/secretos-de-psicologo\/","title":{"rendered":"Secretos de psic\u00f3logo"},"content":{"rendered":"<p><strong>ISBN<\/strong>: 978-84-1144-995-3<\/p>\n<p><strong>T\u00edtulo<\/strong>: Secretos de psic\u00f3logo<br \/>\n<strong>Fecha<\/strong>: 2023<br \/>\n<strong>P\u00e1ginas<\/strong>: 266<\/p>\n<p><strong>SINOPSIS<\/strong><\/p>\n<p>\u00bfLas personas cambian? \u00bfC\u00f3mo es ir al psic\u00f3logo? \u00bfNuestra infancia nos marcar\u00e1 de por vida? \u00bfPodemos aprender a gestionar nuestras emociones? \u00bfSe puede superar un complejo? \u00bfEs bueno expresar nuestros sentimientos? \u00bfEl tiempo todo lo cura? \u00bfQu\u00e9 podemos hacer para mantenernos motivados?<\/p>\n<p>Aqu\u00ed tienes esos aprendizajes que ojal\u00e1 hubiese sabido antes de empezar a estudiar psicolog\u00eda hace m\u00e1s de 10 a\u00f1os. En este libro tienes mis secretos de psic\u00f3logo, esas lecciones que mis pacientes aprenden en consulta y que quiero compartir contigo para que t\u00fa tambi\u00e9n puedas experimentar ese crecimiento personal.<\/p>\n<p>Lo que aqu\u00ed comparto contigo son a\u00f1os de experiencia en terapia psicol\u00f3gica ayudando a personas de todo el mundo a enfrentarse a sus problemas de vida. En esta obra ver\u00e1s mi manera de abordar ciertas situaciones que se dan en consulta y qu\u00e9 enfoque utilizo para sacar la mejor versi\u00f3n de mis pacientes.<\/p>\n<p>Al igual que ocurre en el cine, este libro romper\u00e1 la cuarta pared y podr\u00e1s darte cuenta de esas cosas que, por desgracia, no nos han ense\u00f1ado en la escuela. En estas p\u00e1ginas encontrar\u00e1s consejos, pero tambi\u00e9n un proceso de aprendizaje y reflexi\u00f3n, que te ayudar\u00e1 a procesar muchas cosas que pasan a tu alrededor y que puede que no te hayas dado cuenta hasta ahora.<\/p>\n","protected":false},"excerpt":{"rendered":"<p><strong>ISBN<\/strong>: 978-84-1144-995-3<\/p>\n<p><strong>SINOPSIS<\/strong><\/p>\n<p>\u00bfLas personas cambian? \u00bfC\u00f3mo es ir al psic\u00f3logo? \u00bfNuestra infancia nos marcar\u00e1 de por vida? \u00bfPodemos aprender a gestionar nuestras emociones? \u00bfSe puede superar un complejo? \u00bfEs bueno expresar nuestros sentimientos? \u00bfEl tiempo todo lo cura? \u00bfQu\u00e9 podemos hacer para mantenernos motivados?<\/p>\n<p>Aqu\u00ed tienes esos aprendizajes que ojal\u00e1 hubiese sabido antes de empezar a estudiar psicolog\u00eda hace m\u00e1s de 10 a\u00f1os. En este libro tienes mis secretos de psic\u00f3logo, esas lecciones que mis pacientes aprenden en consulta y que quiero compartir contigo para que t\u00fa tambi\u00e9n puedas experimentar ese crecimiento personal.<\/p>\n<p>Lo que aqu\u00ed comparto contigo son a\u00f1os de experiencia en terapia psicol\u00f3gica ayudando a personas de todo el mundo a enfrentarse a sus problemas de vida. En esta obra ver\u00e1s mi manera de abordar ciertas situaciones que se dan en consulta y qu\u00e9 enfoque utilizo para sacar la mejor versi\u00f3n de mis pacientes.<\/p>\n<p>Al igual que ocurre en el cine, este libro romper\u00e1 la cuarta pared y podr\u00e1s darte cuenta de esas cosas que, por desgracia, no nos han ense\u00f1ado en la escuela. En estas p\u00e1ginas encontrar\u00e1s consejos, pero tambi\u00e9n un proceso de aprendizaje y reflexi\u00f3n, que te ayudar\u00e1 a procesar muchas cosas que pasan a tu alrededor y que puede que no te hayas dado cuenta hasta ahora.<\/p>\n","protected":false},"featured_media":99410,"comment_status":"closed","ping_status":"open","template":"","meta":{"_acf_changed":false},"libro":[],"product_brand":[],"product_cat":[26],"product_tag":[],"class_list":{"0":"post-99409","1":"product","2":"type-product","3":"status-publish","4":"has-post-thumbnail","6":"product_cat-sin-categoria","8":"first","9":"instock","10":"product-type-simple"},"acf":{"autor":[77747],"enlace_de_compra":""},"yoast_head":"<!-- This site is optimized with the Yoast SEO plugin v27.4 - https:\/\/yoast.com\/product\/yoast-seo-wordpress\/ -->\n<title>Secretos de psic\u00f3logo - Catalogo | Letrame Grupo Editorial<\/title>\n<meta name=\"robots\" content=\"index, follow, max-snippet:-1, max-image-preview:large, max-video-preview:-1\" \/>\n<link rel=\"canonical\" href=\"https:\/\/letrame.com\/catalogo\/producto\/secretos-de-psicologo\/\" \/>\n<meta property=\"og:locale\" content=\"es_ES\" \/>\n<meta property=\"og:type\" content=\"article\" \/>\n<meta property=\"og:title\" content=\"Secretos de psic\u00f3logo - Catalogo | Letrame Grupo Editorial\" \/>\n<meta property=\"og:description\" content=\"ISBN: 978-84-1144-995-3 SINOPSIS \u00bfLas personas cambian? \u00bfC\u00f3mo es ir al psic\u00f3logo? \u00bfNuestra infancia nos marcar\u00e1 de por vida? \u00bfPodemos aprender a gestionar nuestras emociones? \u00bfSe puede superar un complejo? \u00bfEs bueno expresar nuestros sentimientos? \u00bfEl tiempo todo lo cura? \u00bfQu\u00e9 podemos hacer para mantenernos motivados? Aqu\u00ed tienes esos aprendizajes que ojal\u00e1 hubiese sabido antes de empezar a estudiar psicolog\u00eda hace m\u00e1s de 10 a\u00f1os. En este libro tienes mis secretos de psic\u00f3logo, esas lecciones que mis pacientes aprenden en consulta y que quiero compartir contigo para que t\u00fa tambi\u00e9n puedas experimentar ese crecimiento personal. Lo que aqu\u00ed comparto contigo son a\u00f1os de experiencia en terapia psicol\u00f3gica ayudando a personas de todo el mundo a enfrentarse a sus problemas de vida. En esta obra ver\u00e1s mi manera de abordar ciertas situaciones que se dan en consulta y qu\u00e9 enfoque utilizo para sacar la mejor versi\u00f3n de mis pacientes. Al igual que ocurre en el cine, este libro romper\u00e1 la cuarta pared y podr\u00e1s darte cuenta de esas cosas que, por desgracia, no nos han ense\u00f1ado en la escuela. En estas p\u00e1ginas encontrar\u00e1s consejos, pero tambi\u00e9n un proceso de aprendizaje y reflexi\u00f3n, que te ayudar\u00e1 a procesar muchas cosas que pasan a tu alrededor y que puede que no te hayas dado cuenta hasta ahora.\" \/>\n<meta property=\"og:url\" content=\"https:\/\/letrame.com\/catalogo\/producto\/secretos-de-psicologo\/\" \/>\n<meta property=\"og:site_name\" content=\"Catalogo | Letrame Grupo Editorial\" \/>\n<meta property=\"article:modified_time\" content=\"2024-04-29T14:20:37+00:00\" \/>\n<meta property=\"og:image\" content=\"https:\/\/letrame.com\/catalogo\/wp-content\/uploads\/2024\/04\/web_secretosdepsicologo_1319mm-1-compressed-scaled-1.jpg\" \/>\n\t<meta property=\"og:image:width\" content=\"1746\" \/>\n\t<meta property=\"og:image:height\" content=\"2560\" \/>\n\t<meta property=\"og:image:type\" content=\"image\/jpeg\" \/>\n<meta name=\"twitter:card\" content=\"summary_large_image\" \/>\n<meta name=\"twitter:label1\" content=\"Tiempo de lectura\" \/>\n\t<meta name=\"twitter:data1\" content=\"1 minuto\" \/>\n<script type=\"application\/ld+json\" class=\"yoast-schema-graph\">{\"@context\":\"https:\\\/\\\/schema.org\",\"@graph\":[{\"@type\":\"WebPage\",\"@id\":\"https:\\\/\\\/letrame.com\\\/catalogo\\\/producto\\\/secretos-de-psicologo\\\/\",\"url\":\"https:\\\/\\\/letrame.com\\\/catalogo\\\/producto\\\/secretos-de-psicologo\\\/\",\"name\":\"Secretos de psic\u00f3logo - Catalogo | Letrame Grupo Editorial\",\"isPartOf\":{\"@id\":\"https:\\\/\\\/letrame.com\\\/catalogo\\\/#website\"},\"primaryImageOfPage\":{\"@id\":\"https:\\\/\\\/letrame.com\\\/catalogo\\\/producto\\\/secretos-de-psicologo\\\/#primaryimage\"},\"image\":{\"@id\":\"https:\\\/\\\/letrame.com\\\/catalogo\\\/producto\\\/secretos-de-psicologo\\\/#primaryimage\"},\"thumbnailUrl\":\"https:\\\/\\\/letrame.com\\\/catalogo\\\/wp-content\\\/uploads\\\/2024\\\/04\\\/web_secretosdepsicologo_1319mm-1-compressed-scaled-1.jpg\",\"datePublished\":\"2024-04-29T14:20:24+00:00\",\"dateModified\":\"2024-04-29T14:20:37+00:00\",\"breadcrumb\":{\"@id\":\"https:\\\/\\\/letrame.com\\\/catalogo\\\/producto\\\/secretos-de-psicologo\\\/#breadcrumb\"},\"inLanguage\":\"es\",\"potentialAction\":[{\"@type\":\"ReadAction\",\"target\":[\"https:\\\/\\\/letrame.com\\\/catalogo\\\/producto\\\/secretos-de-psicologo\\\/\"]}]},{\"@type\":\"ImageObject\",\"inLanguage\":\"es\",\"@id\":\"https:\\\/\\\/letrame.com\\\/catalogo\\\/producto\\\/secretos-de-psicologo\\\/#primaryimage\",\"url\":\"https:\\\/\\\/letrame.com\\\/catalogo\\\/wp-content\\\/uploads\\\/2024\\\/04\\\/web_secretosdepsicologo_1319mm-1-compressed-scaled-1.jpg\",\"contentUrl\":\"https:\\\/\\\/letrame.com\\\/catalogo\\\/wp-content\\\/uploads\\\/2024\\\/04\\\/web_secretosdepsicologo_1319mm-1-compressed-scaled-1.jpg\",\"width\":1746,\"height\":2560},{\"@type\":\"BreadcrumbList\",\"@id\":\"https:\\\/\\\/letrame.com\\\/catalogo\\\/producto\\\/secretos-de-psicologo\\\/#breadcrumb\",\"itemListElement\":[{\"@type\":\"ListItem\",\"position\":1,\"name\":\"Portada\",\"item\":\"https:\\\/\\\/letrame.com\\\/catalogo\\\/\"},{\"@type\":\"ListItem\",\"position\":2,\"name\":\"Cat\u00e1logo\",\"item\":\"https:\\\/\\\/letrame.com\\\/catalogo\\\/\"},{\"@type\":\"ListItem\",\"position\":3,\"name\":\"Secretos de psic\u00f3logo\"}]},{\"@type\":\"WebSite\",\"@id\":\"https:\\\/\\\/letrame.com\\\/catalogo\\\/#website\",\"url\":\"https:\\\/\\\/letrame.com\\\/catalogo\\\/\",\"name\":\"Catalogo | Letrame Grupo Editorial\",\"description\":\"\",\"publisher\":{\"@id\":\"https:\\\/\\\/letrame.com\\\/catalogo\\\/#organization\"},\"potentialAction\":[{\"@type\":\"SearchAction\",\"target\":{\"@type\":\"EntryPoint\",\"urlTemplate\":\"https:\\\/\\\/letrame.com\\\/catalogo\\\/?s={search_term_string}\"},\"query-input\":{\"@type\":\"PropertyValueSpecification\",\"valueRequired\":true,\"valueName\":\"search_term_string\"}}],\"inLanguage\":\"es\"},{\"@type\":\"Organization\",\"@id\":\"https:\\\/\\\/letrame.com\\\/catalogo\\\/#organization\",\"name\":\"Catalogo | Letrame Grupo Editorial\",\"url\":\"https:\\\/\\\/letrame.com\\\/catalogo\\\/\",\"logo\":{\"@type\":\"ImageObject\",\"inLanguage\":\"es\",\"@id\":\"https:\\\/\\\/letrame.com\\\/catalogo\\\/#\\\/schema\\\/logo\\\/image\\\/\",\"url\":\"https:\\\/\\\/letrame.com\\\/catalogo\\\/wp-content\\\/uploads\\\/2024\\\/03\\\/logo2.webp\",\"contentUrl\":\"https:\\\/\\\/letrame.com\\\/catalogo\\\/wp-content\\\/uploads\\\/2024\\\/03\\\/logo2.webp\",\"width\":394,\"height\":128,\"caption\":\"Catalogo | Letrame Grupo Editorial\"},\"image\":{\"@id\":\"https:\\\/\\\/letrame.com\\\/catalogo\\\/#\\\/schema\\\/logo\\\/image\\\/\"}}]}<\/script>\n<!-- \/ Yoast SEO plugin. -->","yoast_head_json":{"title":"Secretos de psic\u00f3logo - Catalogo | Letrame Grupo Editorial","robots":{"index":"index","follow":"follow","max-snippet":"max-snippet:-1","max-image-preview":"max-image-preview:large","max-video-preview":"max-video-preview:-1"},"canonical":"https:\/\/letrame.com\/catalogo\/producto\/secretos-de-psicologo\/","og_locale":"es_ES","og_type":"article","og_title":"Secretos de psic\u00f3logo - Catalogo | Letrame Grupo Editorial","og_description":"ISBN: 978-84-1144-995-3 SINOPSIS \u00bfLas personas cambian? \u00bfC\u00f3mo es ir al psic\u00f3logo? \u00bfNuestra infancia nos marcar\u00e1 de por vida? \u00bfPodemos aprender a gestionar nuestras emociones? \u00bfSe puede superar un complejo? \u00bfEs bueno expresar nuestros sentimientos? \u00bfEl tiempo todo lo cura? \u00bfQu\u00e9 podemos hacer para mantenernos motivados? Aqu\u00ed tienes esos aprendizajes que ojal\u00e1 hubiese sabido antes de empezar a estudiar psicolog\u00eda hace m\u00e1s de 10 a\u00f1os. En este libro tienes mis secretos de psic\u00f3logo, esas lecciones que mis pacientes aprenden en consulta y que quiero compartir contigo para que t\u00fa tambi\u00e9n puedas experimentar ese crecimiento personal. Lo que aqu\u00ed comparto contigo son a\u00f1os de experiencia en terapia psicol\u00f3gica ayudando a personas de todo el mundo a enfrentarse a sus problemas de vida. En esta obra ver\u00e1s mi manera de abordar ciertas situaciones que se dan en consulta y qu\u00e9 enfoque utilizo para sacar la mejor versi\u00f3n de mis pacientes. Al igual que ocurre en el cine, este libro romper\u00e1 la cuarta pared y podr\u00e1s darte cuenta de esas cosas que, por desgracia, no nos han ense\u00f1ado en la escuela. En estas p\u00e1ginas encontrar\u00e1s consejos, pero tambi\u00e9n un proceso de aprendizaje y reflexi\u00f3n, que te ayudar\u00e1 a procesar muchas cosas que pasan a tu alrededor y que puede que no te hayas dado cuenta hasta ahora.","og_url":"https:\/\/letrame.com\/catalogo\/producto\/secretos-de-psicologo\/","og_site_name":"Catalogo | Letrame Grupo Editorial","article_modified_time":"2024-04-29T14:20:37+00:00","og_image":[{"width":1746,"height":2560,"url":"https:\/\/letrame.com\/catalogo\/wp-content\/uploads\/2024\/04\/web_secretosdepsicologo_1319mm-1-compressed-scaled-1.jpg","type":"image\/jpeg"}],"twitter_card":"summary_large_image","twitter_misc":{"Tiempo de lectura":"1 minuto"},"schema":{"@context":"https:\/\/schema.org","@graph":[{"@type":"WebPage","@id":"https:\/\/letrame.com\/catalogo\/producto\/secretos-de-psicologo\/","url":"https:\/\/letrame.com\/catalogo\/producto\/secretos-de-psicologo\/","name":"Secretos de psic\u00f3logo - Catalogo | Letrame Grupo Editorial","isPartOf":{"@id":"https:\/\/letrame.com\/catalogo\/#website"},"primaryImageOfPage":{"@id":"https:\/\/letrame.com\/catalogo\/producto\/secretos-de-psicologo\/#primaryimage"},"image":{"@id":"https:\/\/letrame.com\/catalogo\/producto\/secretos-de-psicologo\/#primaryimage"},"thumbnailUrl":"https:\/\/letrame.com\/catalogo\/wp-content\/uploads\/2024\/04\/web_secretosdepsicologo_1319mm-1-compressed-scaled-1.jpg","datePublished":"2024-04-29T14:20:24+00:00","dateModified":"2024-04-29T14:20:37+00:00","breadcrumb":{"@id":"https:\/\/letrame.com\/catalogo\/producto\/secretos-de-psicologo\/#breadcrumb"},"inLanguage":"es","potentialAction":[{"@type":"ReadAction","target":["https:\/\/letrame.com\/catalogo\/producto\/secretos-de-psicologo\/"]}]},{"@type":"ImageObject","inLanguage":"es","@id":"https:\/\/letrame.com\/catalogo\/producto\/secretos-de-psicologo\/#primaryimage","url":"https:\/\/letrame.com\/catalogo\/wp-content\/uploads\/2024\/04\/web_secretosdepsicologo_1319mm-1-compressed-scaled-1.jpg","contentUrl":"https:\/\/letrame.com\/catalogo\/wp-content\/uploads\/2024\/04\/web_secretosdepsicologo_1319mm-1-compressed-scaled-1.jpg","width":1746,"height":2560},{"@type":"BreadcrumbList","@id":"https:\/\/letrame.com\/catalogo\/producto\/secretos-de-psicologo\/#breadcrumb","itemListElement":[{"@type":"ListItem","position":1,"name":"Portada","item":"https:\/\/letrame.com\/catalogo\/"},{"@type":"ListItem","position":2,"name":"Cat\u00e1logo","item":"https:\/\/letrame.com\/catalogo\/"},{"@type":"ListItem","position":3,"name":"Secretos de psic\u00f3logo"}]},{"@type":"WebSite","@id":"https:\/\/letrame.com\/catalogo\/#website","url":"https:\/\/letrame.com\/catalogo\/","name":"Catalogo | Letrame Grupo Editorial","description":"","publisher":{"@id":"https:\/\/letrame.com\/catalogo\/#organization"},"potentialAction":[{"@type":"SearchAction","target":{"@type":"EntryPoint","urlTemplate":"https:\/\/letrame.com\/catalogo\/?s={search_term_string}"},"query-input":{"@type":"PropertyValueSpecification","valueRequired":true,"valueName":"search_term_string"}}],"inLanguage":"es"},{"@type":"Organization","@id":"https:\/\/letrame.com\/catalogo\/#organization","name":"Catalogo | Letrame Grupo Editorial","url":"https:\/\/letrame.com\/catalogo\/","logo":{"@type":"ImageObject","inLanguage":"es","@id":"https:\/\/letrame.com\/catalogo\/#\/schema\/logo\/image\/","url":"https:\/\/letrame.com\/catalogo\/wp-content\/uploads\/2024\/03\/logo2.webp","contentUrl":"https:\/\/letrame.com\/catalogo\/wp-content\/uploads\/2024\/03\/logo2.webp","width":394,"height":128,"caption":"Catalogo | Letrame Grupo Editorial"},"image":{"@id":"https:\/\/letrame.com\/catalogo\/#\/schema\/logo\/image\/"}}]}},"_links":{"self":[{"href":"https:\/\/letrame.com\/catalogo\/wp-json\/wp\/v2\/product\/99409","targetHints":{"allow":["GET"]}}],"collection":[{"href":"https:\/\/letrame.com\/catalogo\/wp-json\/wp\/v2\/product"}],"about":[{"href":"https:\/\/letrame.com\/catalogo\/wp-json\/wp\/v2\/types\/product"}],"replies":[{"embeddable":true,"href":"https:\/\/letrame.com\/catalogo\/wp-json\/wp\/v2\/comments?post=99409"}],"acf:post":[{"embeddable":true,"href":"https:\/\/letrame.com\/catalogo\/wp-json\/wp\/v2\/author_book\/77747"}],"wp:featuredmedia":[{"embeddable":true,"href":"https:\/\/letrame.com\/catalogo\/wp-json\/wp\/v2\/media\/99410"}],"wp:attachment":[{"href":"https:\/\/letrame.com\/catalogo\/wp-json\/wp\/v2\/media?parent=99409"}],"wp:term":[{"taxonomy":"libro","embeddable":true,"href":"https:\/\/letrame.com\/catalogo\/wp-json\/wp\/v2\/libro?post=99409"},{"taxonomy":"product_brand","embeddable":true,"href":"https:\/\/letrame.com\/catalogo\/wp-json\/wp\/v2\/product_brand?post=99409"},{"taxonomy":"product_cat","embeddable":true,"href":"https:\/\/letrame.com\/catalogo\/wp-json\/wp\/v2\/product_cat?post=99409"},{"taxonomy":"product_tag","embeddable":true,"href":"https:\/\/letrame.com\/catalogo\/wp-json\/wp\/v2\/product_tag?post=99409"}],"curies":[{"name":"wp","href":"https:\/\/api.w.org\/{rel}","templated":true}]}}