{"id":99407,"date":"2024-04-29T16:20:24","date_gmt":"2024-04-29T14:20:24","guid":{"rendered":"https:\/\/letrame.com\/catalogo\/producto\/cronicas-de-un-mundo-perdido\/"},"modified":"2024-04-29T16:20:24","modified_gmt":"2024-04-29T14:20:24","slug":"cronicas-de-un-mundo-perdido","status":"publish","type":"product","link":"https:\/\/letrame.com\/catalogo\/producto\/cronicas-de-un-mundo-perdido\/","title":{"rendered":"Cr\u00f3nicas de un mundo perdido"},"content":{"rendered":"<p><strong>ISBN<\/strong>: 978-84-1181-483-6<\/p>\n<p><strong>T\u00edtulo<\/strong>: Cr\u00f3nicas de un mundo perdido<br \/>\n<strong>Fecha<\/strong>: 2023<br \/>\n<strong>P\u00e1ginas<\/strong>: 304<\/p>\n<p><strong>SINOPSIS<\/strong><\/p>\n<p>A\u00f1o 2062. Despu\u00e9s de la Gran Guerra en Europa, Espa\u00f1a se convirti\u00f3 en un r\u00e9gimen militar. D\u00e9cadas despu\u00e9s, Kyle White, hu\u00e9rfano de un soldado ca\u00eddo en la guerra, se traslada de Sevilla a Barcelona con su hermano peque\u00f1o Tom para estudiar en la universidad. Pero su vida de estudiante se ve repentinamente interrumpida cuando un virus letal incurable se propaga r\u00e1pidamente por todo el pa\u00eds, contagiando a los humanos y convirti\u00e9ndolos en criaturas irracionales sedientas de muerte.<\/p>\n<p>Para poder sobrevivir, Kyle y su hermano se ver\u00e1n obligados a aliarse con un misterioso militar retirado y una joven muchacha, con los que cruzar\u00e1n el pa\u00eds, sumido en el caos, hasta llegar a un lugar seguro. No obstante, pronto descubrir\u00e1n que los infectados no son su mayor amenaza y que, en situaciones extremas, los humanos pueden ser a\u00fan m\u00e1s peligrosos.<\/p>\n","protected":false},"excerpt":{"rendered":"<p><strong>ISBN<\/strong>: 978-84-1181-483-6<\/p>\n<p><strong>SINOPSIS<\/strong><\/p>\n<p>A\u00f1o 2062. Despu\u00e9s de la Gran Guerra en Europa, Espa\u00f1a se convirti\u00f3 en un r\u00e9gimen militar. D\u00e9cadas despu\u00e9s, Kyle White, hu\u00e9rfano de un soldado ca\u00eddo en la guerra, se traslada de Sevilla a Barcelona con su hermano peque\u00f1o Tom para estudiar en la universidad. Pero su vida de estudiante se ve repentinamente interrumpida cuando un virus letal incurable se propaga r\u00e1pidamente por todo el pa\u00eds, contagiando a los humanos y convirti\u00e9ndolos en criaturas irracionales sedientas de muerte.<\/p>\n<p>Para poder sobrevivir, Kyle y su hermano se ver\u00e1n obligados a aliarse con un misterioso militar retirado y una joven muchacha, con los que cruzar\u00e1n el pa\u00eds, sumido en el caos, hasta llegar a un lugar seguro. No obstante, pronto descubrir\u00e1n que los infectados no son su mayor amenaza y que, en situaciones extremas, los humanos pueden ser a\u00fan m\u00e1s peligrosos.<\/p>\n","protected":false},"featured_media":99408,"comment_status":"closed","ping_status":"open","template":"","meta":{"_acf_changed":false},"libro":[],"product_brand":[],"product_cat":[26],"product_tag":[],"class_list":{"0":"post-99407","1":"product","2":"type-product","3":"status-publish","4":"has-post-thumbnail","6":"product_cat-sin-categoria","8":"first","9":"instock","10":"product-type-simple"},"acf":{"autor":[77746],"enlace_de_compra":"https:\/\/www.amazon.es\/Cr%C3%B3nicas-mundo-perdido-Roger-Rodr%C3%ADguez-ebook\/dp\/B0CMV7N5KC"},"yoast_head":"<!-- This site is optimized with the Yoast SEO plugin v27.4 - https:\/\/yoast.com\/product\/yoast-seo-wordpress\/ -->\n<title>Cr\u00f3nicas de un mundo perdido - Catalogo | Letrame Grupo Editorial<\/title>\n<meta name=\"robots\" content=\"index, follow, max-snippet:-1, max-image-preview:large, max-video-preview:-1\" \/>\n<link rel=\"canonical\" href=\"https:\/\/letrame.com\/catalogo\/producto\/cronicas-de-un-mundo-perdido\/\" \/>\n<meta property=\"og:locale\" content=\"es_ES\" \/>\n<meta property=\"og:type\" content=\"article\" \/>\n<meta property=\"og:title\" content=\"Cr\u00f3nicas de un mundo perdido - Catalogo | Letrame Grupo Editorial\" \/>\n<meta property=\"og:description\" content=\"ISBN: 978-84-1181-483-6 SINOPSIS A\u00f1o 2062. Despu\u00e9s de la Gran Guerra en Europa, Espa\u00f1a se convirti\u00f3 en un r\u00e9gimen militar. D\u00e9cadas despu\u00e9s, Kyle White, hu\u00e9rfano de un soldado ca\u00eddo en la guerra, se traslada de Sevilla a Barcelona con su hermano peque\u00f1o Tom para estudiar en la universidad. Pero su vida de estudiante se ve repentinamente interrumpida cuando un virus letal incurable se propaga r\u00e1pidamente por todo el pa\u00eds, contagiando a los humanos y convirti\u00e9ndolos en criaturas irracionales sedientas de muerte. Para poder sobrevivir, Kyle y su hermano se ver\u00e1n obligados a aliarse con un misterioso militar retirado y una joven muchacha, con los que cruzar\u00e1n el pa\u00eds, sumido en el caos, hasta llegar a un lugar seguro. No obstante, pronto descubrir\u00e1n que los infectados no son su mayor amenaza y que, en situaciones extremas, los humanos pueden ser a\u00fan m\u00e1s peligrosos.\" \/>\n<meta property=\"og:url\" content=\"https:\/\/letrame.com\/catalogo\/producto\/cronicas-de-un-mundo-perdido\/\" \/>\n<meta property=\"og:site_name\" content=\"Catalogo | Letrame Grupo Editorial\" \/>\n<meta property=\"og:image\" content=\"https:\/\/letrame.com\/catalogo\/wp-content\/uploads\/2024\/04\/webcronicasdeunmundo_151mm-compressed-scaled-1.jpg\" \/>\n\t<meta property=\"og:image:width\" content=\"1746\" \/>\n\t<meta property=\"og:image:height\" content=\"2560\" \/>\n\t<meta property=\"og:image:type\" content=\"image\/jpeg\" \/>\n<meta name=\"twitter:card\" content=\"summary_large_image\" \/>\n<meta name=\"twitter:label1\" content=\"Tiempo de lectura\" \/>\n\t<meta name=\"twitter:data1\" content=\"1 minuto\" \/>\n<script type=\"application\/ld+json\" class=\"yoast-schema-graph\">{\"@context\":\"https:\\\/\\\/schema.org\",\"@graph\":[{\"@type\":\"WebPage\",\"@id\":\"https:\\\/\\\/letrame.com\\\/catalogo\\\/producto\\\/cronicas-de-un-mundo-perdido\\\/\",\"url\":\"https:\\\/\\\/letrame.com\\\/catalogo\\\/producto\\\/cronicas-de-un-mundo-perdido\\\/\",\"name\":\"Cr\u00f3nicas de un mundo perdido - Catalogo | Letrame Grupo Editorial\",\"isPartOf\":{\"@id\":\"https:\\\/\\\/letrame.com\\\/catalogo\\\/#website\"},\"primaryImageOfPage\":{\"@id\":\"https:\\\/\\\/letrame.com\\\/catalogo\\\/producto\\\/cronicas-de-un-mundo-perdido\\\/#primaryimage\"},\"image\":{\"@id\":\"https:\\\/\\\/letrame.com\\\/catalogo\\\/producto\\\/cronicas-de-un-mundo-perdido\\\/#primaryimage\"},\"thumbnailUrl\":\"https:\\\/\\\/letrame.com\\\/catalogo\\\/wp-content\\\/uploads\\\/2024\\\/04\\\/webcronicasdeunmundo_151mm-compressed-scaled-1.jpg\",\"datePublished\":\"2024-04-29T14:20:24+00:00\",\"breadcrumb\":{\"@id\":\"https:\\\/\\\/letrame.com\\\/catalogo\\\/producto\\\/cronicas-de-un-mundo-perdido\\\/#breadcrumb\"},\"inLanguage\":\"es\",\"potentialAction\":[{\"@type\":\"ReadAction\",\"target\":[\"https:\\\/\\\/letrame.com\\\/catalogo\\\/producto\\\/cronicas-de-un-mundo-perdido\\\/\"]}]},{\"@type\":\"ImageObject\",\"inLanguage\":\"es\",\"@id\":\"https:\\\/\\\/letrame.com\\\/catalogo\\\/producto\\\/cronicas-de-un-mundo-perdido\\\/#primaryimage\",\"url\":\"https:\\\/\\\/letrame.com\\\/catalogo\\\/wp-content\\\/uploads\\\/2024\\\/04\\\/webcronicasdeunmundo_151mm-compressed-scaled-1.jpg\",\"contentUrl\":\"https:\\\/\\\/letrame.com\\\/catalogo\\\/wp-content\\\/uploads\\\/2024\\\/04\\\/webcronicasdeunmundo_151mm-compressed-scaled-1.jpg\",\"width\":1746,\"height\":2560},{\"@type\":\"BreadcrumbList\",\"@id\":\"https:\\\/\\\/letrame.com\\\/catalogo\\\/producto\\\/cronicas-de-un-mundo-perdido\\\/#breadcrumb\",\"itemListElement\":[{\"@type\":\"ListItem\",\"position\":1,\"name\":\"Portada\",\"item\":\"https:\\\/\\\/letrame.com\\\/catalogo\\\/\"},{\"@type\":\"ListItem\",\"position\":2,\"name\":\"Cat\u00e1logo\",\"item\":\"https:\\\/\\\/letrame.com\\\/catalogo\\\/\"},{\"@type\":\"ListItem\",\"position\":3,\"name\":\"Cr\u00f3nicas de un mundo perdido\"}]},{\"@type\":\"WebSite\",\"@id\":\"https:\\\/\\\/letrame.com\\\/catalogo\\\/#website\",\"url\":\"https:\\\/\\\/letrame.com\\\/catalogo\\\/\",\"name\":\"Catalogo | Letrame Grupo Editorial\",\"description\":\"\",\"publisher\":{\"@id\":\"https:\\\/\\\/letrame.com\\\/catalogo\\\/#organization\"},\"potentialAction\":[{\"@type\":\"SearchAction\",\"target\":{\"@type\":\"EntryPoint\",\"urlTemplate\":\"https:\\\/\\\/letrame.com\\\/catalogo\\\/?s={search_term_string}\"},\"query-input\":{\"@type\":\"PropertyValueSpecification\",\"valueRequired\":true,\"valueName\":\"search_term_string\"}}],\"inLanguage\":\"es\"},{\"@type\":\"Organization\",\"@id\":\"https:\\\/\\\/letrame.com\\\/catalogo\\\/#organization\",\"name\":\"Catalogo | Letrame Grupo Editorial\",\"url\":\"https:\\\/\\\/letrame.com\\\/catalogo\\\/\",\"logo\":{\"@type\":\"ImageObject\",\"inLanguage\":\"es\",\"@id\":\"https:\\\/\\\/letrame.com\\\/catalogo\\\/#\\\/schema\\\/logo\\\/image\\\/\",\"url\":\"https:\\\/\\\/letrame.com\\\/catalogo\\\/wp-content\\\/uploads\\\/2024\\\/03\\\/logo2.webp\",\"contentUrl\":\"https:\\\/\\\/letrame.com\\\/catalogo\\\/wp-content\\\/uploads\\\/2024\\\/03\\\/logo2.webp\",\"width\":394,\"height\":128,\"caption\":\"Catalogo | Letrame Grupo Editorial\"},\"image\":{\"@id\":\"https:\\\/\\\/letrame.com\\\/catalogo\\\/#\\\/schema\\\/logo\\\/image\\\/\"}}]}<\/script>\n<!-- \/ Yoast SEO plugin. -->","yoast_head_json":{"title":"Cr\u00f3nicas de un mundo perdido - Catalogo | Letrame Grupo Editorial","robots":{"index":"index","follow":"follow","max-snippet":"max-snippet:-1","max-image-preview":"max-image-preview:large","max-video-preview":"max-video-preview:-1"},"canonical":"https:\/\/letrame.com\/catalogo\/producto\/cronicas-de-un-mundo-perdido\/","og_locale":"es_ES","og_type":"article","og_title":"Cr\u00f3nicas de un mundo perdido - Catalogo | Letrame Grupo Editorial","og_description":"ISBN: 978-84-1181-483-6 SINOPSIS A\u00f1o 2062. Despu\u00e9s de la Gran Guerra en Europa, Espa\u00f1a se convirti\u00f3 en un r\u00e9gimen militar. D\u00e9cadas despu\u00e9s, Kyle White, hu\u00e9rfano de un soldado ca\u00eddo en la guerra, se traslada de Sevilla a Barcelona con su hermano peque\u00f1o Tom para estudiar en la universidad. Pero su vida de estudiante se ve repentinamente interrumpida cuando un virus letal incurable se propaga r\u00e1pidamente por todo el pa\u00eds, contagiando a los humanos y convirti\u00e9ndolos en criaturas irracionales sedientas de muerte. Para poder sobrevivir, Kyle y su hermano se ver\u00e1n obligados a aliarse con un misterioso militar retirado y una joven muchacha, con los que cruzar\u00e1n el pa\u00eds, sumido en el caos, hasta llegar a un lugar seguro. No obstante, pronto descubrir\u00e1n que los infectados no son su mayor amenaza y que, en situaciones extremas, los humanos pueden ser a\u00fan m\u00e1s peligrosos.","og_url":"https:\/\/letrame.com\/catalogo\/producto\/cronicas-de-un-mundo-perdido\/","og_site_name":"Catalogo | Letrame Grupo Editorial","og_image":[{"width":1746,"height":2560,"url":"https:\/\/letrame.com\/catalogo\/wp-content\/uploads\/2024\/04\/webcronicasdeunmundo_151mm-compressed-scaled-1.jpg","type":"image\/jpeg"}],"twitter_card":"summary_large_image","twitter_misc":{"Tiempo de lectura":"1 minuto"},"schema":{"@context":"https:\/\/schema.org","@graph":[{"@type":"WebPage","@id":"https:\/\/letrame.com\/catalogo\/producto\/cronicas-de-un-mundo-perdido\/","url":"https:\/\/letrame.com\/catalogo\/producto\/cronicas-de-un-mundo-perdido\/","name":"Cr\u00f3nicas de un mundo perdido - Catalogo | Letrame Grupo Editorial","isPartOf":{"@id":"https:\/\/letrame.com\/catalogo\/#website"},"primaryImageOfPage":{"@id":"https:\/\/letrame.com\/catalogo\/producto\/cronicas-de-un-mundo-perdido\/#primaryimage"},"image":{"@id":"https:\/\/letrame.com\/catalogo\/producto\/cronicas-de-un-mundo-perdido\/#primaryimage"},"thumbnailUrl":"https:\/\/letrame.com\/catalogo\/wp-content\/uploads\/2024\/04\/webcronicasdeunmundo_151mm-compressed-scaled-1.jpg","datePublished":"2024-04-29T14:20:24+00:00","breadcrumb":{"@id":"https:\/\/letrame.com\/catalogo\/producto\/cronicas-de-un-mundo-perdido\/#breadcrumb"},"inLanguage":"es","potentialAction":[{"@type":"ReadAction","target":["https:\/\/letrame.com\/catalogo\/producto\/cronicas-de-un-mundo-perdido\/"]}]},{"@type":"ImageObject","inLanguage":"es","@id":"https:\/\/letrame.com\/catalogo\/producto\/cronicas-de-un-mundo-perdido\/#primaryimage","url":"https:\/\/letrame.com\/catalogo\/wp-content\/uploads\/2024\/04\/webcronicasdeunmundo_151mm-compressed-scaled-1.jpg","contentUrl":"https:\/\/letrame.com\/catalogo\/wp-content\/uploads\/2024\/04\/webcronicasdeunmundo_151mm-compressed-scaled-1.jpg","width":1746,"height":2560},{"@type":"BreadcrumbList","@id":"https:\/\/letrame.com\/catalogo\/producto\/cronicas-de-un-mundo-perdido\/#breadcrumb","itemListElement":[{"@type":"ListItem","position":1,"name":"Portada","item":"https:\/\/letrame.com\/catalogo\/"},{"@type":"ListItem","position":2,"name":"Cat\u00e1logo","item":"https:\/\/letrame.com\/catalogo\/"},{"@type":"ListItem","position":3,"name":"Cr\u00f3nicas de un mundo perdido"}]},{"@type":"WebSite","@id":"https:\/\/letrame.com\/catalogo\/#website","url":"https:\/\/letrame.com\/catalogo\/","name":"Catalogo | Letrame Grupo Editorial","description":"","publisher":{"@id":"https:\/\/letrame.com\/catalogo\/#organization"},"potentialAction":[{"@type":"SearchAction","target":{"@type":"EntryPoint","urlTemplate":"https:\/\/letrame.com\/catalogo\/?s={search_term_string}"},"query-input":{"@type":"PropertyValueSpecification","valueRequired":true,"valueName":"search_term_string"}}],"inLanguage":"es"},{"@type":"Organization","@id":"https:\/\/letrame.com\/catalogo\/#organization","name":"Catalogo | Letrame Grupo Editorial","url":"https:\/\/letrame.com\/catalogo\/","logo":{"@type":"ImageObject","inLanguage":"es","@id":"https:\/\/letrame.com\/catalogo\/#\/schema\/logo\/image\/","url":"https:\/\/letrame.com\/catalogo\/wp-content\/uploads\/2024\/03\/logo2.webp","contentUrl":"https:\/\/letrame.com\/catalogo\/wp-content\/uploads\/2024\/03\/logo2.webp","width":394,"height":128,"caption":"Catalogo | Letrame Grupo Editorial"},"image":{"@id":"https:\/\/letrame.com\/catalogo\/#\/schema\/logo\/image\/"}}]}},"_links":{"self":[{"href":"https:\/\/letrame.com\/catalogo\/wp-json\/wp\/v2\/product\/99407","targetHints":{"allow":["GET"]}}],"collection":[{"href":"https:\/\/letrame.com\/catalogo\/wp-json\/wp\/v2\/product"}],"about":[{"href":"https:\/\/letrame.com\/catalogo\/wp-json\/wp\/v2\/types\/product"}],"replies":[{"embeddable":true,"href":"https:\/\/letrame.com\/catalogo\/wp-json\/wp\/v2\/comments?post=99407"}],"acf:post":[{"embeddable":true,"href":"https:\/\/letrame.com\/catalogo\/wp-json\/wp\/v2\/author_book\/77746"}],"wp:featuredmedia":[{"embeddable":true,"href":"https:\/\/letrame.com\/catalogo\/wp-json\/wp\/v2\/media\/99408"}],"wp:attachment":[{"href":"https:\/\/letrame.com\/catalogo\/wp-json\/wp\/v2\/media?parent=99407"}],"wp:term":[{"taxonomy":"libro","embeddable":true,"href":"https:\/\/letrame.com\/catalogo\/wp-json\/wp\/v2\/libro?post=99407"},{"taxonomy":"product_brand","embeddable":true,"href":"https:\/\/letrame.com\/catalogo\/wp-json\/wp\/v2\/product_brand?post=99407"},{"taxonomy":"product_cat","embeddable":true,"href":"https:\/\/letrame.com\/catalogo\/wp-json\/wp\/v2\/product_cat?post=99407"},{"taxonomy":"product_tag","embeddable":true,"href":"https:\/\/letrame.com\/catalogo\/wp-json\/wp\/v2\/product_tag?post=99407"}],"curies":[{"name":"wp","href":"https:\/\/api.w.org\/{rel}","templated":true}]}}