{"id":99405,"date":"2024-04-29T16:19:35","date_gmt":"2024-04-29T14:19:35","guid":{"rendered":"https:\/\/letrame.com\/catalogo\/producto\/la-casa-hurtado\/"},"modified":"2024-04-29T16:20:07","modified_gmt":"2024-04-29T14:20:07","slug":"la-casa-hurtado","status":"publish","type":"product","link":"https:\/\/letrame.com\/catalogo\/producto\/la-casa-hurtado\/","title":{"rendered":"La casa Hurtado"},"content":{"rendered":"<p><strong>ISBN<\/strong>: 978-84-1181-127-9<\/p>\n<p><strong>T\u00edtulo<\/strong>: La casa Hurtado<br \/>\n<strong>Fecha<\/strong>: 2021<br \/>\n<strong>P\u00e1ginas<\/strong>: 218<\/p>\n<p><strong>SINOPSIS<\/strong><\/p>\n<p><em>La casa Hurtado<\/em> corresponde a la segunda obra de Arsenio S\u00e1nchez Navarro. En este libro, el autor contin\u00faa el legado de su primera obra, <em>De Moratalla a Murcia<\/em>, donde ofrece un homenaje \u00fanico de este bello municipio murciano; sin embargo, es en esta segunda parte donde su autor rinde homenaje a la familia Hurtado.<\/p>\n<p>La historia de sus antepasados transcurre a lo largo de estas p\u00e1ginas con gran naturalidad y autenticidad; pese a no ser historiador, realiz\u00f3 una sobresaliente labor investigativa en reconstruir el \u00e1rbol geneal\u00f3gico familiar y en recuperar de la memoria sus ra\u00edces y su historia para conectar el pasado con el presente en este brillante relato.<\/p>\n<p>Las recreaciones y descripciones de este lugar donde el autor pas\u00f3 su infancia hacen de ella una extraordinaria lectura que cautivar\u00e1 al lector gracias a un estilo narrativo marcado por la sensibilidad, el realismo y la a\u00f1oranza. Se destaca la obsesi\u00f3n de Arsenio por conectar con el tiempo de sus antepasados y c\u00f3mo la Casa Hurtado se convirti\u00f3 en un refugio y santuario donde encontrar sus ra\u00edces y su manera de ser.<\/p>\n<p>En definitiva, <em>La casa Hurtado <\/em>es el testimonio de una familia, de un pueblo, de sus vivencias y de la historia social que la envuelve. La fuerza narrativa de su autor refleja la aut\u00e9ntica personalidad de Arsenio, fuerte y perseverante, pero tambi\u00e9n llena de humanidad, afecto y coraz\u00f3n.<\/p>\n<p>&nbsp;<\/p>\n<p>&nbsp;<\/p>\n<p>&nbsp;<\/p>\n<p>&nbsp;<\/p>\n<p>&nbsp;<\/p>\n<p>&nbsp;<\/p>\n","protected":false},"excerpt":{"rendered":"<p><strong>ISBN<\/strong>: 978-84-1181-127-9<\/p>\n<p><strong>SINOPSIS<\/strong><\/p>\n<p><em>La casa Hurtado<\/em> corresponde a la segunda obra de Arsenio S\u00e1nchez Navarro. En este libro, el autor contin\u00faa el legado de su primera obra, <em>De Moratalla a Murcia<\/em>, donde ofrece un homenaje \u00fanico de este bello municipio murciano; sin embargo, es en esta segunda parte donde su autor rinde homenaje a la familia Hurtado.<\/p>\n<p>La historia de sus antepasados transcurre a lo largo de estas p\u00e1ginas con gran naturalidad y autenticidad; pese a no ser historiador, realiz\u00f3 una sobresaliente labor investigativa en reconstruir el \u00e1rbol geneal\u00f3gico familiar y en recuperar de la memoria sus ra\u00edces y su historia para conectar el pasado con el presente en este brillante relato.<\/p>\n<p>Las recreaciones y descripciones de este lugar donde el autor pas\u00f3 su infancia hacen de ella una extraordinaria lectura que cautivar\u00e1 al lector gracias a un estilo narrativo marcado por la sensibilidad, el realismo y la a\u00f1oranza. Se destaca la obsesi\u00f3n de Arsenio por conectar con el tiempo de sus antepasados y c\u00f3mo la Casa Hurtado se convirti\u00f3 en un refugio y santuario donde encontrar sus ra\u00edces y su manera de ser.<\/p>\n<p>En definitiva, <em>La casa Hurtado <\/em>es el testimonio de una familia, de un pueblo, de sus vivencias y de la historia social que la envuelve. La fuerza narrativa de su autor refleja la aut\u00e9ntica personalidad de Arsenio, fuerte y perseverante, pero tambi\u00e9n llena de humanidad, afecto y coraz\u00f3n.<\/p>\n<p>&nbsp;<\/p>\n","protected":false},"featured_media":99406,"comment_status":"closed","ping_status":"open","template":"","meta":{"_acf_changed":false},"libro":[],"product_brand":[],"product_cat":[26],"product_tag":[],"class_list":{"0":"post-99405","1":"product","2":"type-product","3":"status-publish","4":"has-post-thumbnail","6":"product_cat-sin-categoria","8":"first","9":"instock","10":"product-type-simple"},"acf":{"autor":[77745],"enlace_de_compra":""},"yoast_head":"<!-- This site is optimized with the Yoast SEO plugin v27.4 - https:\/\/yoast.com\/product\/yoast-seo-wordpress\/ -->\n<title>La casa Hurtado - Catalogo | Letrame Grupo Editorial<\/title>\n<meta name=\"robots\" content=\"index, follow, max-snippet:-1, max-image-preview:large, max-video-preview:-1\" \/>\n<link rel=\"canonical\" href=\"https:\/\/letrame.com\/catalogo\/producto\/la-casa-hurtado\/\" \/>\n<meta property=\"og:locale\" content=\"es_ES\" \/>\n<meta property=\"og:type\" content=\"article\" \/>\n<meta property=\"og:title\" content=\"La casa Hurtado - Catalogo | Letrame Grupo Editorial\" \/>\n<meta property=\"og:description\" content=\"ISBN: 978-84-1181-127-9 SINOPSIS La casa Hurtado corresponde a la segunda obra de Arsenio S\u00e1nchez Navarro. En este libro, el autor contin\u00faa el legado de su primera obra, De Moratalla a Murcia, donde ofrece un homenaje \u00fanico de este bello municipio murciano; sin embargo, es en esta segunda parte donde su autor rinde homenaje a la familia Hurtado. La historia de sus antepasados transcurre a lo largo de estas p\u00e1ginas con gran naturalidad y autenticidad; pese a no ser historiador, realiz\u00f3 una sobresaliente labor investigativa en reconstruir el \u00e1rbol geneal\u00f3gico familiar y en recuperar de la memoria sus ra\u00edces y su historia para conectar el pasado con el presente en este brillante relato. Las recreaciones y descripciones de este lugar donde el autor pas\u00f3 su infancia hacen de ella una extraordinaria lectura que cautivar\u00e1 al lector gracias a un estilo narrativo marcado por la sensibilidad, el realismo y la a\u00f1oranza. Se destaca la obsesi\u00f3n de Arsenio por conectar con el tiempo de sus antepasados y c\u00f3mo la Casa Hurtado se convirti\u00f3 en un refugio y santuario donde encontrar sus ra\u00edces y su manera de ser. En definitiva, La casa Hurtado es el testimonio de una familia, de un pueblo, de sus vivencias y de la historia social que la envuelve. La fuerza narrativa de su autor refleja la aut\u00e9ntica personalidad de Arsenio, fuerte y perseverante, pero tambi\u00e9n llena de humanidad, afecto y coraz\u00f3n. &nbsp;\" \/>\n<meta property=\"og:url\" content=\"https:\/\/letrame.com\/catalogo\/producto\/la-casa-hurtado\/\" \/>\n<meta property=\"og:site_name\" content=\"Catalogo | Letrame Grupo Editorial\" \/>\n<meta property=\"article:modified_time\" content=\"2024-04-29T14:20:07+00:00\" \/>\n<meta property=\"og:image\" content=\"https:\/\/letrame.com\/catalogo\/wp-content\/uploads\/2024\/04\/webportada_lacasahurtada_124mm-copia-compressed-scaled-1.jpg\" \/>\n\t<meta property=\"og:image:width\" content=\"1670\" \/>\n\t<meta property=\"og:image:height\" content=\"2560\" \/>\n\t<meta property=\"og:image:type\" content=\"image\/jpeg\" \/>\n<meta name=\"twitter:card\" content=\"summary_large_image\" \/>\n<meta name=\"twitter:label1\" content=\"Tiempo de lectura\" \/>\n\t<meta name=\"twitter:data1\" content=\"1 minuto\" \/>\n<script type=\"application\/ld+json\" class=\"yoast-schema-graph\">{\"@context\":\"https:\\\/\\\/schema.org\",\"@graph\":[{\"@type\":\"WebPage\",\"@id\":\"https:\\\/\\\/letrame.com\\\/catalogo\\\/producto\\\/la-casa-hurtado\\\/\",\"url\":\"https:\\\/\\\/letrame.com\\\/catalogo\\\/producto\\\/la-casa-hurtado\\\/\",\"name\":\"La casa Hurtado - Catalogo | Letrame Grupo Editorial\",\"isPartOf\":{\"@id\":\"https:\\\/\\\/letrame.com\\\/catalogo\\\/#website\"},\"primaryImageOfPage\":{\"@id\":\"https:\\\/\\\/letrame.com\\\/catalogo\\\/producto\\\/la-casa-hurtado\\\/#primaryimage\"},\"image\":{\"@id\":\"https:\\\/\\\/letrame.com\\\/catalogo\\\/producto\\\/la-casa-hurtado\\\/#primaryimage\"},\"thumbnailUrl\":\"https:\\\/\\\/letrame.com\\\/catalogo\\\/wp-content\\\/uploads\\\/2024\\\/04\\\/webportada_lacasahurtada_124mm-copia-compressed-scaled-1.jpg\",\"datePublished\":\"2024-04-29T14:19:35+00:00\",\"dateModified\":\"2024-04-29T14:20:07+00:00\",\"breadcrumb\":{\"@id\":\"https:\\\/\\\/letrame.com\\\/catalogo\\\/producto\\\/la-casa-hurtado\\\/#breadcrumb\"},\"inLanguage\":\"es\",\"potentialAction\":[{\"@type\":\"ReadAction\",\"target\":[\"https:\\\/\\\/letrame.com\\\/catalogo\\\/producto\\\/la-casa-hurtado\\\/\"]}]},{\"@type\":\"ImageObject\",\"inLanguage\":\"es\",\"@id\":\"https:\\\/\\\/letrame.com\\\/catalogo\\\/producto\\\/la-casa-hurtado\\\/#primaryimage\",\"url\":\"https:\\\/\\\/letrame.com\\\/catalogo\\\/wp-content\\\/uploads\\\/2024\\\/04\\\/webportada_lacasahurtada_124mm-copia-compressed-scaled-1.jpg\",\"contentUrl\":\"https:\\\/\\\/letrame.com\\\/catalogo\\\/wp-content\\\/uploads\\\/2024\\\/04\\\/webportada_lacasahurtada_124mm-copia-compressed-scaled-1.jpg\",\"width\":1670,\"height\":2560},{\"@type\":\"BreadcrumbList\",\"@id\":\"https:\\\/\\\/letrame.com\\\/catalogo\\\/producto\\\/la-casa-hurtado\\\/#breadcrumb\",\"itemListElement\":[{\"@type\":\"ListItem\",\"position\":1,\"name\":\"Portada\",\"item\":\"https:\\\/\\\/letrame.com\\\/catalogo\\\/\"},{\"@type\":\"ListItem\",\"position\":2,\"name\":\"Cat\u00e1logo\",\"item\":\"https:\\\/\\\/letrame.com\\\/catalogo\\\/\"},{\"@type\":\"ListItem\",\"position\":3,\"name\":\"La casa Hurtado\"}]},{\"@type\":\"WebSite\",\"@id\":\"https:\\\/\\\/letrame.com\\\/catalogo\\\/#website\",\"url\":\"https:\\\/\\\/letrame.com\\\/catalogo\\\/\",\"name\":\"Catalogo | Letrame Grupo Editorial\",\"description\":\"\",\"publisher\":{\"@id\":\"https:\\\/\\\/letrame.com\\\/catalogo\\\/#organization\"},\"potentialAction\":[{\"@type\":\"SearchAction\",\"target\":{\"@type\":\"EntryPoint\",\"urlTemplate\":\"https:\\\/\\\/letrame.com\\\/catalogo\\\/?s={search_term_string}\"},\"query-input\":{\"@type\":\"PropertyValueSpecification\",\"valueRequired\":true,\"valueName\":\"search_term_string\"}}],\"inLanguage\":\"es\"},{\"@type\":\"Organization\",\"@id\":\"https:\\\/\\\/letrame.com\\\/catalogo\\\/#organization\",\"name\":\"Catalogo | Letrame Grupo Editorial\",\"url\":\"https:\\\/\\\/letrame.com\\\/catalogo\\\/\",\"logo\":{\"@type\":\"ImageObject\",\"inLanguage\":\"es\",\"@id\":\"https:\\\/\\\/letrame.com\\\/catalogo\\\/#\\\/schema\\\/logo\\\/image\\\/\",\"url\":\"https:\\\/\\\/letrame.com\\\/catalogo\\\/wp-content\\\/uploads\\\/2024\\\/03\\\/logo2.webp\",\"contentUrl\":\"https:\\\/\\\/letrame.com\\\/catalogo\\\/wp-content\\\/uploads\\\/2024\\\/03\\\/logo2.webp\",\"width\":394,\"height\":128,\"caption\":\"Catalogo | Letrame Grupo Editorial\"},\"image\":{\"@id\":\"https:\\\/\\\/letrame.com\\\/catalogo\\\/#\\\/schema\\\/logo\\\/image\\\/\"}}]}<\/script>\n<!-- \/ Yoast SEO plugin. -->","yoast_head_json":{"title":"La casa Hurtado - Catalogo | Letrame Grupo Editorial","robots":{"index":"index","follow":"follow","max-snippet":"max-snippet:-1","max-image-preview":"max-image-preview:large","max-video-preview":"max-video-preview:-1"},"canonical":"https:\/\/letrame.com\/catalogo\/producto\/la-casa-hurtado\/","og_locale":"es_ES","og_type":"article","og_title":"La casa Hurtado - Catalogo | Letrame Grupo Editorial","og_description":"ISBN: 978-84-1181-127-9 SINOPSIS La casa Hurtado corresponde a la segunda obra de Arsenio S\u00e1nchez Navarro. En este libro, el autor contin\u00faa el legado de su primera obra, De Moratalla a Murcia, donde ofrece un homenaje \u00fanico de este bello municipio murciano; sin embargo, es en esta segunda parte donde su autor rinde homenaje a la familia Hurtado. La historia de sus antepasados transcurre a lo largo de estas p\u00e1ginas con gran naturalidad y autenticidad; pese a no ser historiador, realiz\u00f3 una sobresaliente labor investigativa en reconstruir el \u00e1rbol geneal\u00f3gico familiar y en recuperar de la memoria sus ra\u00edces y su historia para conectar el pasado con el presente en este brillante relato. Las recreaciones y descripciones de este lugar donde el autor pas\u00f3 su infancia hacen de ella una extraordinaria lectura que cautivar\u00e1 al lector gracias a un estilo narrativo marcado por la sensibilidad, el realismo y la a\u00f1oranza. Se destaca la obsesi\u00f3n de Arsenio por conectar con el tiempo de sus antepasados y c\u00f3mo la Casa Hurtado se convirti\u00f3 en un refugio y santuario donde encontrar sus ra\u00edces y su manera de ser. En definitiva, La casa Hurtado es el testimonio de una familia, de un pueblo, de sus vivencias y de la historia social que la envuelve. La fuerza narrativa de su autor refleja la aut\u00e9ntica personalidad de Arsenio, fuerte y perseverante, pero tambi\u00e9n llena de humanidad, afecto y coraz\u00f3n. &nbsp;","og_url":"https:\/\/letrame.com\/catalogo\/producto\/la-casa-hurtado\/","og_site_name":"Catalogo | Letrame Grupo Editorial","article_modified_time":"2024-04-29T14:20:07+00:00","og_image":[{"width":1670,"height":2560,"url":"https:\/\/letrame.com\/catalogo\/wp-content\/uploads\/2024\/04\/webportada_lacasahurtada_124mm-copia-compressed-scaled-1.jpg","type":"image\/jpeg"}],"twitter_card":"summary_large_image","twitter_misc":{"Tiempo de lectura":"1 minuto"},"schema":{"@context":"https:\/\/schema.org","@graph":[{"@type":"WebPage","@id":"https:\/\/letrame.com\/catalogo\/producto\/la-casa-hurtado\/","url":"https:\/\/letrame.com\/catalogo\/producto\/la-casa-hurtado\/","name":"La casa Hurtado - Catalogo | Letrame Grupo Editorial","isPartOf":{"@id":"https:\/\/letrame.com\/catalogo\/#website"},"primaryImageOfPage":{"@id":"https:\/\/letrame.com\/catalogo\/producto\/la-casa-hurtado\/#primaryimage"},"image":{"@id":"https:\/\/letrame.com\/catalogo\/producto\/la-casa-hurtado\/#primaryimage"},"thumbnailUrl":"https:\/\/letrame.com\/catalogo\/wp-content\/uploads\/2024\/04\/webportada_lacasahurtada_124mm-copia-compressed-scaled-1.jpg","datePublished":"2024-04-29T14:19:35+00:00","dateModified":"2024-04-29T14:20:07+00:00","breadcrumb":{"@id":"https:\/\/letrame.com\/catalogo\/producto\/la-casa-hurtado\/#breadcrumb"},"inLanguage":"es","potentialAction":[{"@type":"ReadAction","target":["https:\/\/letrame.com\/catalogo\/producto\/la-casa-hurtado\/"]}]},{"@type":"ImageObject","inLanguage":"es","@id":"https:\/\/letrame.com\/catalogo\/producto\/la-casa-hurtado\/#primaryimage","url":"https:\/\/letrame.com\/catalogo\/wp-content\/uploads\/2024\/04\/webportada_lacasahurtada_124mm-copia-compressed-scaled-1.jpg","contentUrl":"https:\/\/letrame.com\/catalogo\/wp-content\/uploads\/2024\/04\/webportada_lacasahurtada_124mm-copia-compressed-scaled-1.jpg","width":1670,"height":2560},{"@type":"BreadcrumbList","@id":"https:\/\/letrame.com\/catalogo\/producto\/la-casa-hurtado\/#breadcrumb","itemListElement":[{"@type":"ListItem","position":1,"name":"Portada","item":"https:\/\/letrame.com\/catalogo\/"},{"@type":"ListItem","position":2,"name":"Cat\u00e1logo","item":"https:\/\/letrame.com\/catalogo\/"},{"@type":"ListItem","position":3,"name":"La casa Hurtado"}]},{"@type":"WebSite","@id":"https:\/\/letrame.com\/catalogo\/#website","url":"https:\/\/letrame.com\/catalogo\/","name":"Catalogo | Letrame Grupo Editorial","description":"","publisher":{"@id":"https:\/\/letrame.com\/catalogo\/#organization"},"potentialAction":[{"@type":"SearchAction","target":{"@type":"EntryPoint","urlTemplate":"https:\/\/letrame.com\/catalogo\/?s={search_term_string}"},"query-input":{"@type":"PropertyValueSpecification","valueRequired":true,"valueName":"search_term_string"}}],"inLanguage":"es"},{"@type":"Organization","@id":"https:\/\/letrame.com\/catalogo\/#organization","name":"Catalogo | Letrame Grupo Editorial","url":"https:\/\/letrame.com\/catalogo\/","logo":{"@type":"ImageObject","inLanguage":"es","@id":"https:\/\/letrame.com\/catalogo\/#\/schema\/logo\/image\/","url":"https:\/\/letrame.com\/catalogo\/wp-content\/uploads\/2024\/03\/logo2.webp","contentUrl":"https:\/\/letrame.com\/catalogo\/wp-content\/uploads\/2024\/03\/logo2.webp","width":394,"height":128,"caption":"Catalogo | Letrame Grupo Editorial"},"image":{"@id":"https:\/\/letrame.com\/catalogo\/#\/schema\/logo\/image\/"}}]}},"_links":{"self":[{"href":"https:\/\/letrame.com\/catalogo\/wp-json\/wp\/v2\/product\/99405","targetHints":{"allow":["GET"]}}],"collection":[{"href":"https:\/\/letrame.com\/catalogo\/wp-json\/wp\/v2\/product"}],"about":[{"href":"https:\/\/letrame.com\/catalogo\/wp-json\/wp\/v2\/types\/product"}],"replies":[{"embeddable":true,"href":"https:\/\/letrame.com\/catalogo\/wp-json\/wp\/v2\/comments?post=99405"}],"acf:post":[{"embeddable":true,"href":"https:\/\/letrame.com\/catalogo\/wp-json\/wp\/v2\/author_book\/77745"}],"wp:featuredmedia":[{"embeddable":true,"href":"https:\/\/letrame.com\/catalogo\/wp-json\/wp\/v2\/media\/99406"}],"wp:attachment":[{"href":"https:\/\/letrame.com\/catalogo\/wp-json\/wp\/v2\/media?parent=99405"}],"wp:term":[{"taxonomy":"libro","embeddable":true,"href":"https:\/\/letrame.com\/catalogo\/wp-json\/wp\/v2\/libro?post=99405"},{"taxonomy":"product_brand","embeddable":true,"href":"https:\/\/letrame.com\/catalogo\/wp-json\/wp\/v2\/product_brand?post=99405"},{"taxonomy":"product_cat","embeddable":true,"href":"https:\/\/letrame.com\/catalogo\/wp-json\/wp\/v2\/product_cat?post=99405"},{"taxonomy":"product_tag","embeddable":true,"href":"https:\/\/letrame.com\/catalogo\/wp-json\/wp\/v2\/product_tag?post=99405"}],"curies":[{"name":"wp","href":"https:\/\/api.w.org\/{rel}","templated":true}]}}