{"id":99387,"date":"2024-04-29T16:17:20","date_gmt":"2024-04-29T14:17:20","guid":{"rendered":"https:\/\/letrame.com\/catalogo\/producto\/sombras-y-luciernagas\/"},"modified":"2024-04-29T16:17:51","modified_gmt":"2024-04-29T14:17:51","slug":"sombras-y-luciernagas","status":"publish","type":"product","link":"https:\/\/letrame.com\/catalogo\/producto\/sombras-y-luciernagas\/","title":{"rendered":"Sombras y luci\u00e9rnagas"},"content":{"rendered":"<p><strong>ISBN<\/strong>: 978-84-1181-450-8<\/p>\n<p><strong>T\u00edtulo<\/strong>: Sombras y luci\u00e9rnagas<br \/>\n<strong>Fecha<\/strong>: 2023<br \/>\n<strong>P\u00e1ginas<\/strong>: 380<\/p>\n<p><strong>SINOPSIS<\/strong><\/p>\n<p>Sarah aparece en la vida de Natalie con una propuesta ins\u00f3lita que podr\u00eda beneficiarla: participar en un extra\u00f1o juego de rol a cambio de dinero. La madre soltera de dos ni\u00f1os, que lucha por llegar a fin de mes, acepta de mala gana despu\u00e9s de establecer algunas reglas. De forma inesperada nace un romance entre ellas y la posibilidad de tener un hogar juntas. Pero un reencuentro fortuito lleva a Sarah a enfrentar los restos de su amor con Olivia, la mujer que lleg\u00f3 a lo m\u00e1s profundo de su coraz\u00f3n y le dej\u00f3 una cicatriz imborrable. La <em>sombra<\/em> que se esconde en lo m\u00e1s profundo de su mente se burla, alimenta sus dudas, reprocha sus acciones y aguarda con entusiasmo el momento en que el destino destruya sus esperanzas vanas.<\/p>\n","protected":false},"excerpt":{"rendered":"<p><strong>ISBN<\/strong>: 978-84-1181-450-8<\/p>\n<p><strong>SINOPSIS<\/strong><\/p>\n<p>Sarah aparece en la vida de Natalie con una propuesta ins\u00f3lita que podr\u00eda beneficiarla: participar en un extra\u00f1o juego de rol a cambio de dinero. La madre soltera de dos ni\u00f1os, que lucha por llegar a fin de mes, acepta de mala gana despu\u00e9s de establecer algunas reglas. De forma inesperada nace un romance entre ellas y la posibilidad de tener un hogar juntas. Pero un reencuentro fortuito lleva a Sarah a enfrentar los restos de su amor con Olivia, la mujer que lleg\u00f3 a lo m\u00e1s profundo de su coraz\u00f3n y le dej\u00f3 una cicatriz imborrable. La <em>sombra<\/em> que se esconde en lo m\u00e1s profundo de su mente se burla, alimenta sus dudas, reprocha sus acciones y aguarda con entusiasmo el momento en que el destino destruya sus esperanzas vanas.<\/p>\n","protected":false},"featured_media":99388,"comment_status":"closed","ping_status":"open","template":"","meta":{"_acf_changed":false},"libro":[],"product_brand":[],"product_cat":[26],"product_tag":[],"class_list":{"0":"post-99387","1":"product","2":"type-product","3":"status-publish","4":"has-post-thumbnail","6":"product_cat-sin-categoria","8":"first","9":"instock","10":"product-type-simple"},"acf":{"autor":[77733],"enlace_de_compra":"https:\/\/www.amazon.es\/dp\/B0CMFG3PCW\/"},"yoast_head":"<!-- This site is optimized with the Yoast SEO plugin v26.6 - https:\/\/yoast.com\/wordpress\/plugins\/seo\/ -->\n<title>Sombras y luci\u00e9rnagas - Catalogo | Letrame Grupo Editorial<\/title>\n<meta name=\"robots\" content=\"index, follow, max-snippet:-1, max-image-preview:large, max-video-preview:-1\" \/>\n<link rel=\"canonical\" href=\"https:\/\/letrame.com\/catalogo\/producto\/sombras-y-luciernagas\/\" \/>\n<meta property=\"og:locale\" content=\"es_ES\" \/>\n<meta property=\"og:type\" content=\"article\" \/>\n<meta property=\"og:title\" content=\"Sombras y luci\u00e9rnagas - Catalogo | Letrame Grupo Editorial\" \/>\n<meta property=\"og:description\" content=\"ISBN: 978-84-1181-450-8 SINOPSIS Sarah aparece en la vida de Natalie con una propuesta ins\u00f3lita que podr\u00eda beneficiarla: participar en un extra\u00f1o juego de rol a cambio de dinero. La madre soltera de dos ni\u00f1os, que lucha por llegar a fin de mes, acepta de mala gana despu\u00e9s de establecer algunas reglas. De forma inesperada nace un romance entre ellas y la posibilidad de tener un hogar juntas. Pero un reencuentro fortuito lleva a Sarah a enfrentar los restos de su amor con Olivia, la mujer que lleg\u00f3 a lo m\u00e1s profundo de su coraz\u00f3n y le dej\u00f3 una cicatriz imborrable. La sombra que se esconde en lo m\u00e1s profundo de su mente se burla, alimenta sus dudas, reprocha sus acciones y aguarda con entusiasmo el momento en que el destino destruya sus esperanzas vanas.\" \/>\n<meta property=\"og:url\" content=\"https:\/\/letrame.com\/catalogo\/producto\/sombras-y-luciernagas\/\" \/>\n<meta property=\"og:site_name\" content=\"Catalogo | Letrame Grupo Editorial\" \/>\n<meta property=\"article:modified_time\" content=\"2024-04-29T14:17:51+00:00\" \/>\n<meta property=\"og:image\" content=\"https:\/\/letrame.com\/catalogo\/wp-content\/uploads\/2024\/04\/websombrasyluciernagas_186mm-compressed.jpg\" \/>\n\t<meta property=\"og:image:width\" content=\"1772\" \/>\n\t<meta property=\"og:image:height\" content=\"2480\" \/>\n\t<meta property=\"og:image:type\" content=\"image\/jpeg\" \/>\n<meta name=\"twitter:card\" content=\"summary_large_image\" \/>\n<meta name=\"twitter:label1\" content=\"Tiempo de lectura\" \/>\n\t<meta name=\"twitter:data1\" content=\"1 minuto\" \/>\n<script type=\"application\/ld+json\" class=\"yoast-schema-graph\">{\"@context\":\"https:\/\/schema.org\",\"@graph\":[{\"@type\":\"WebPage\",\"@id\":\"https:\/\/letrame.com\/catalogo\/producto\/sombras-y-luciernagas\/\",\"url\":\"https:\/\/letrame.com\/catalogo\/producto\/sombras-y-luciernagas\/\",\"name\":\"Sombras y luci\u00e9rnagas - Catalogo | Letrame Grupo Editorial\",\"isPartOf\":{\"@id\":\"https:\/\/letrame.com\/catalogo\/#website\"},\"primaryImageOfPage\":{\"@id\":\"https:\/\/letrame.com\/catalogo\/producto\/sombras-y-luciernagas\/#primaryimage\"},\"image\":{\"@id\":\"https:\/\/letrame.com\/catalogo\/producto\/sombras-y-luciernagas\/#primaryimage\"},\"thumbnailUrl\":\"https:\/\/letrame.com\/catalogo\/wp-content\/uploads\/2024\/04\/websombrasyluciernagas_186mm-compressed.jpg\",\"datePublished\":\"2024-04-29T14:17:20+00:00\",\"dateModified\":\"2024-04-29T14:17:51+00:00\",\"breadcrumb\":{\"@id\":\"https:\/\/letrame.com\/catalogo\/producto\/sombras-y-luciernagas\/#breadcrumb\"},\"inLanguage\":\"es\",\"potentialAction\":[{\"@type\":\"ReadAction\",\"target\":[\"https:\/\/letrame.com\/catalogo\/producto\/sombras-y-luciernagas\/\"]}]},{\"@type\":\"ImageObject\",\"inLanguage\":\"es\",\"@id\":\"https:\/\/letrame.com\/catalogo\/producto\/sombras-y-luciernagas\/#primaryimage\",\"url\":\"https:\/\/letrame.com\/catalogo\/wp-content\/uploads\/2024\/04\/websombrasyluciernagas_186mm-compressed.jpg\",\"contentUrl\":\"https:\/\/letrame.com\/catalogo\/wp-content\/uploads\/2024\/04\/websombrasyluciernagas_186mm-compressed.jpg\",\"width\":1772,\"height\":2480},{\"@type\":\"BreadcrumbList\",\"@id\":\"https:\/\/letrame.com\/catalogo\/producto\/sombras-y-luciernagas\/#breadcrumb\",\"itemListElement\":[{\"@type\":\"ListItem\",\"position\":1,\"name\":\"Portada\",\"item\":\"https:\/\/letrame.com\/catalogo\/\"},{\"@type\":\"ListItem\",\"position\":2,\"name\":\"Cat\u00e1logo\",\"item\":\"https:\/\/letrame.com\/catalogo\/\"},{\"@type\":\"ListItem\",\"position\":3,\"name\":\"Sombras y luci\u00e9rnagas\"}]},{\"@type\":\"WebSite\",\"@id\":\"https:\/\/letrame.com\/catalogo\/#website\",\"url\":\"https:\/\/letrame.com\/catalogo\/\",\"name\":\"Catalogo | Letrame Grupo Editorial\",\"description\":\"\",\"publisher\":{\"@id\":\"https:\/\/letrame.com\/catalogo\/#organization\"},\"potentialAction\":[{\"@type\":\"SearchAction\",\"target\":{\"@type\":\"EntryPoint\",\"urlTemplate\":\"https:\/\/letrame.com\/catalogo\/?s={search_term_string}\"},\"query-input\":{\"@type\":\"PropertyValueSpecification\",\"valueRequired\":true,\"valueName\":\"search_term_string\"}}],\"inLanguage\":\"es\"},{\"@type\":\"Organization\",\"@id\":\"https:\/\/letrame.com\/catalogo\/#organization\",\"name\":\"Catalogo | Letrame Grupo Editorial\",\"url\":\"https:\/\/letrame.com\/catalogo\/\",\"logo\":{\"@type\":\"ImageObject\",\"inLanguage\":\"es\",\"@id\":\"https:\/\/letrame.com\/catalogo\/#\/schema\/logo\/image\/\",\"url\":\"https:\/\/letrame.com\/catalogo\/wp-content\/uploads\/2024\/03\/logo2.webp\",\"contentUrl\":\"https:\/\/letrame.com\/catalogo\/wp-content\/uploads\/2024\/03\/logo2.webp\",\"width\":394,\"height\":128,\"caption\":\"Catalogo | Letrame Grupo Editorial\"},\"image\":{\"@id\":\"https:\/\/letrame.com\/catalogo\/#\/schema\/logo\/image\/\"}}]}<\/script>\n<!-- \/ Yoast SEO plugin. -->","yoast_head_json":{"title":"Sombras y luci\u00e9rnagas - Catalogo | Letrame Grupo Editorial","robots":{"index":"index","follow":"follow","max-snippet":"max-snippet:-1","max-image-preview":"max-image-preview:large","max-video-preview":"max-video-preview:-1"},"canonical":"https:\/\/letrame.com\/catalogo\/producto\/sombras-y-luciernagas\/","og_locale":"es_ES","og_type":"article","og_title":"Sombras y luci\u00e9rnagas - Catalogo | Letrame Grupo Editorial","og_description":"ISBN: 978-84-1181-450-8 SINOPSIS Sarah aparece en la vida de Natalie con una propuesta ins\u00f3lita que podr\u00eda beneficiarla: participar en un extra\u00f1o juego de rol a cambio de dinero. La madre soltera de dos ni\u00f1os, que lucha por llegar a fin de mes, acepta de mala gana despu\u00e9s de establecer algunas reglas. De forma inesperada nace un romance entre ellas y la posibilidad de tener un hogar juntas. Pero un reencuentro fortuito lleva a Sarah a enfrentar los restos de su amor con Olivia, la mujer que lleg\u00f3 a lo m\u00e1s profundo de su coraz\u00f3n y le dej\u00f3 una cicatriz imborrable. La sombra que se esconde en lo m\u00e1s profundo de su mente se burla, alimenta sus dudas, reprocha sus acciones y aguarda con entusiasmo el momento en que el destino destruya sus esperanzas vanas.","og_url":"https:\/\/letrame.com\/catalogo\/producto\/sombras-y-luciernagas\/","og_site_name":"Catalogo | Letrame Grupo Editorial","article_modified_time":"2024-04-29T14:17:51+00:00","og_image":[{"width":1772,"height":2480,"url":"https:\/\/letrame.com\/catalogo\/wp-content\/uploads\/2024\/04\/websombrasyluciernagas_186mm-compressed.jpg","type":"image\/jpeg"}],"twitter_card":"summary_large_image","twitter_misc":{"Tiempo de lectura":"1 minuto"},"schema":{"@context":"https:\/\/schema.org","@graph":[{"@type":"WebPage","@id":"https:\/\/letrame.com\/catalogo\/producto\/sombras-y-luciernagas\/","url":"https:\/\/letrame.com\/catalogo\/producto\/sombras-y-luciernagas\/","name":"Sombras y luci\u00e9rnagas - Catalogo | Letrame Grupo Editorial","isPartOf":{"@id":"https:\/\/letrame.com\/catalogo\/#website"},"primaryImageOfPage":{"@id":"https:\/\/letrame.com\/catalogo\/producto\/sombras-y-luciernagas\/#primaryimage"},"image":{"@id":"https:\/\/letrame.com\/catalogo\/producto\/sombras-y-luciernagas\/#primaryimage"},"thumbnailUrl":"https:\/\/letrame.com\/catalogo\/wp-content\/uploads\/2024\/04\/websombrasyluciernagas_186mm-compressed.jpg","datePublished":"2024-04-29T14:17:20+00:00","dateModified":"2024-04-29T14:17:51+00:00","breadcrumb":{"@id":"https:\/\/letrame.com\/catalogo\/producto\/sombras-y-luciernagas\/#breadcrumb"},"inLanguage":"es","potentialAction":[{"@type":"ReadAction","target":["https:\/\/letrame.com\/catalogo\/producto\/sombras-y-luciernagas\/"]}]},{"@type":"ImageObject","inLanguage":"es","@id":"https:\/\/letrame.com\/catalogo\/producto\/sombras-y-luciernagas\/#primaryimage","url":"https:\/\/letrame.com\/catalogo\/wp-content\/uploads\/2024\/04\/websombrasyluciernagas_186mm-compressed.jpg","contentUrl":"https:\/\/letrame.com\/catalogo\/wp-content\/uploads\/2024\/04\/websombrasyluciernagas_186mm-compressed.jpg","width":1772,"height":2480},{"@type":"BreadcrumbList","@id":"https:\/\/letrame.com\/catalogo\/producto\/sombras-y-luciernagas\/#breadcrumb","itemListElement":[{"@type":"ListItem","position":1,"name":"Portada","item":"https:\/\/letrame.com\/catalogo\/"},{"@type":"ListItem","position":2,"name":"Cat\u00e1logo","item":"https:\/\/letrame.com\/catalogo\/"},{"@type":"ListItem","position":3,"name":"Sombras y luci\u00e9rnagas"}]},{"@type":"WebSite","@id":"https:\/\/letrame.com\/catalogo\/#website","url":"https:\/\/letrame.com\/catalogo\/","name":"Catalogo | Letrame Grupo Editorial","description":"","publisher":{"@id":"https:\/\/letrame.com\/catalogo\/#organization"},"potentialAction":[{"@type":"SearchAction","target":{"@type":"EntryPoint","urlTemplate":"https:\/\/letrame.com\/catalogo\/?s={search_term_string}"},"query-input":{"@type":"PropertyValueSpecification","valueRequired":true,"valueName":"search_term_string"}}],"inLanguage":"es"},{"@type":"Organization","@id":"https:\/\/letrame.com\/catalogo\/#organization","name":"Catalogo | Letrame Grupo Editorial","url":"https:\/\/letrame.com\/catalogo\/","logo":{"@type":"ImageObject","inLanguage":"es","@id":"https:\/\/letrame.com\/catalogo\/#\/schema\/logo\/image\/","url":"https:\/\/letrame.com\/catalogo\/wp-content\/uploads\/2024\/03\/logo2.webp","contentUrl":"https:\/\/letrame.com\/catalogo\/wp-content\/uploads\/2024\/03\/logo2.webp","width":394,"height":128,"caption":"Catalogo | Letrame Grupo Editorial"},"image":{"@id":"https:\/\/letrame.com\/catalogo\/#\/schema\/logo\/image\/"}}]}},"_links":{"self":[{"href":"https:\/\/letrame.com\/catalogo\/wp-json\/wp\/v2\/product\/99387","targetHints":{"allow":["GET"]}}],"collection":[{"href":"https:\/\/letrame.com\/catalogo\/wp-json\/wp\/v2\/product"}],"about":[{"href":"https:\/\/letrame.com\/catalogo\/wp-json\/wp\/v2\/types\/product"}],"replies":[{"embeddable":true,"href":"https:\/\/letrame.com\/catalogo\/wp-json\/wp\/v2\/comments?post=99387"}],"acf:post":[{"embeddable":true,"href":"https:\/\/letrame.com\/catalogo\/wp-json\/wp\/v2\/author_book\/77733"}],"wp:featuredmedia":[{"embeddable":true,"href":"https:\/\/letrame.com\/catalogo\/wp-json\/wp\/v2\/media\/99388"}],"wp:attachment":[{"href":"https:\/\/letrame.com\/catalogo\/wp-json\/wp\/v2\/media?parent=99387"}],"wp:term":[{"taxonomy":"libro","embeddable":true,"href":"https:\/\/letrame.com\/catalogo\/wp-json\/wp\/v2\/libro?post=99387"},{"taxonomy":"product_brand","embeddable":true,"href":"https:\/\/letrame.com\/catalogo\/wp-json\/wp\/v2\/product_brand?post=99387"},{"taxonomy":"product_cat","embeddable":true,"href":"https:\/\/letrame.com\/catalogo\/wp-json\/wp\/v2\/product_cat?post=99387"},{"taxonomy":"product_tag","embeddable":true,"href":"https:\/\/letrame.com\/catalogo\/wp-json\/wp\/v2\/product_tag?post=99387"}],"curies":[{"name":"wp","href":"https:\/\/api.w.org\/{rel}","templated":true}]}}