{"id":99385,"date":"2024-04-29T16:17:20","date_gmt":"2024-04-29T14:17:20","guid":{"rendered":"https:\/\/letrame.com\/catalogo\/producto\/la-violacion-del-alma\/"},"modified":"2024-04-29T16:17:35","modified_gmt":"2024-04-29T14:17:35","slug":"la-violacion-del-alma","status":"publish","type":"product","link":"https:\/\/letrame.com\/catalogo\/producto\/la-violacion-del-alma\/","title":{"rendered":"La violaci\u00f3n del alma"},"content":{"rendered":"<p><strong>ISBN<\/strong>: 978-84-1181-182-8<\/p>\n<p><strong>T\u00edtulo<\/strong>: La violaci\u00f3n del alma<br \/>\n<strong>Fecha<\/strong>: 2023<br \/>\n<strong>P\u00e1ginas<\/strong>: 310<\/p>\n<p><strong>SINOPSIS<\/strong><\/p>\n<p>Este libro lo he creado recopilando notas guardadas, desde el diario de mi ni\u00f1ez a los ocho a\u00f1os, hasta los folios sueltos escritos en mi madurez cuarenta a\u00f1os despu\u00e9s. Mientras, observo c\u00f3mo han ido cambiando, en el tiempo, los derechos de la mujer en cuesti\u00f3n de violencia de g\u00e9nero.<\/p>\n<p>Al volver a leer las l\u00edneas encontradas, quisiera aportar mi granito de arena al visibilizar mi experiencia, en que aprend\u00ed que existen muchos tipos de abuso y maltrato adem\u00e1s del f\u00edsico, desde un punto de vista de superaci\u00f3n personal y aprendizaje.<\/p>\n<p>Explico c\u00f3mo estuve veinte a\u00f1os llorando en silencio, queriendo gritar al mundo; el dolor que siente el coraz\u00f3n cuando no te quieren bien. Quisiera acallar el eco que retumba en mi mente, atorment\u00e1ndome, repitiendo una y otra vez las frases tantas veces escuchadas: \u00abA nadie le importas\u00bb, \u00abNadie te va a creer\u00bb.<\/p>\n<p>Entre nosotras nos apoyamos, nos creemos, nos valoramos, descubriendo juntas a qui\u00e9n no dejar entrar en nuestros corazones.<\/p>\n<p>Si yo he podido salir, estoy segura de que t\u00fa que me lees puedes. Incluyo informaci\u00f3n relevante de todo lo que me hizo abrir los ojos y la mente al entorno t\u00f3xico que me rodeaba.<\/p>\n<p>Contando mi historia, espero hacer reflexionar a la sociedad y que entre todos podamos seguir eliminando la violencia contra las mujeres.<\/p>\n<p>Este libro va dedicado a ti, a tu amiga, tu compa\u00f1era, tu vecina, tu hermana, madre o hija; a todas las valientes que sufren en silencio y a todas las valientes que se dan cuenta y nos ayudan a superarlo.<\/p>\n<p>&nbsp;<\/p>\n","protected":false},"excerpt":{"rendered":"<p><strong>ISBN<\/strong>: 978-84-1181-182-8<\/p>\n<p><strong>SINOPSIS<\/strong><\/p>\n<p>Este libro lo he creado recopilando notas guardadas, desde el diario de mi ni\u00f1ez a los ocho a\u00f1os, hasta los folios sueltos escritos en mi madurez cuarenta a\u00f1os despu\u00e9s. Mientras, observo c\u00f3mo han ido cambiando, en el tiempo, los derechos de la mujer en cuesti\u00f3n de violencia de g\u00e9nero.<\/p>\n<p>Al volver a leer las l\u00edneas encontradas, quisiera aportar mi granito de arena al visibilizar mi experiencia, en que aprend\u00ed que existen muchos tipos de abuso y maltrato adem\u00e1s del f\u00edsico, desde un punto de vista de superaci\u00f3n personal y aprendizaje.<\/p>\n<p>Explico c\u00f3mo estuve veinte a\u00f1os llorando en silencio, queriendo gritar al mundo; el dolor que siente el coraz\u00f3n cuando no te quieren bien. Quisiera acallar el eco que retumba en mi mente, atorment\u00e1ndome, repitiendo una y otra vez las frases tantas veces escuchadas: \u00abA nadie le importas\u00bb, \u00abNadie te va a creer\u00bb.<\/p>\n<p>Entre nosotras nos apoyamos, nos creemos, nos valoramos, descubriendo juntas a qui\u00e9n no dejar entrar en nuestros corazones.<\/p>\n<p>Si yo he podido salir, estoy segura de que t\u00fa que me lees puedes. Incluyo informaci\u00f3n relevante de todo lo que me hizo abrir los ojos y la mente al entorno t\u00f3xico que me rodeaba.<\/p>\n<p>Contando mi historia, espero hacer reflexionar a la sociedad y que entre todos podamos seguir eliminando la violencia contra las mujeres.<\/p>\n<p>Este libro va dedicado a ti, a tu amiga, tu compa\u00f1era, tu vecina, tu hermana, madre o hija; a todas las valientes que sufren en silencio y a todas las valientes que se dan cuenta y nos ayudan a superarlo.<\/p>\n","protected":false},"featured_media":99386,"comment_status":"closed","ping_status":"open","template":"","meta":{"_acf_changed":false},"libro":[],"product_brand":[],"product_cat":[26],"product_tag":[],"class_list":{"0":"post-99385","1":"product","2":"type-product","3":"status-publish","4":"has-post-thumbnail","6":"product_cat-sin-categoria","8":"first","9":"instock","10":"product-type-simple"},"acf":{"autor":[77731],"enlace_de_compra":""},"yoast_head":"<!-- This site is optimized with the Yoast SEO plugin v27.4 - https:\/\/yoast.com\/product\/yoast-seo-wordpress\/ -->\n<title>La violaci\u00f3n del alma - Catalogo | Letrame Grupo Editorial<\/title>\n<meta name=\"robots\" content=\"index, follow, max-snippet:-1, max-image-preview:large, max-video-preview:-1\" \/>\n<link rel=\"canonical\" href=\"https:\/\/letrame.com\/catalogo\/producto\/la-violacion-del-alma\/\" \/>\n<meta property=\"og:locale\" content=\"es_ES\" \/>\n<meta property=\"og:type\" content=\"article\" \/>\n<meta property=\"og:title\" content=\"La violaci\u00f3n del alma - Catalogo | Letrame Grupo Editorial\" \/>\n<meta property=\"og:description\" content=\"ISBN: 978-84-1181-182-8 SINOPSIS Este libro lo he creado recopilando notas guardadas, desde el diario de mi ni\u00f1ez a los ocho a\u00f1os, hasta los folios sueltos escritos en mi madurez cuarenta a\u00f1os despu\u00e9s. Mientras, observo c\u00f3mo han ido cambiando, en el tiempo, los derechos de la mujer en cuesti\u00f3n de violencia de g\u00e9nero. Al volver a leer las l\u00edneas encontradas, quisiera aportar mi granito de arena al visibilizar mi experiencia, en que aprend\u00ed que existen muchos tipos de abuso y maltrato adem\u00e1s del f\u00edsico, desde un punto de vista de superaci\u00f3n personal y aprendizaje. Explico c\u00f3mo estuve veinte a\u00f1os llorando en silencio, queriendo gritar al mundo; el dolor que siente el coraz\u00f3n cuando no te quieren bien. Quisiera acallar el eco que retumba en mi mente, atorment\u00e1ndome, repitiendo una y otra vez las frases tantas veces escuchadas: \u00abA nadie le importas\u00bb, \u00abNadie te va a creer\u00bb. Entre nosotras nos apoyamos, nos creemos, nos valoramos, descubriendo juntas a qui\u00e9n no dejar entrar en nuestros corazones. Si yo he podido salir, estoy segura de que t\u00fa que me lees puedes. Incluyo informaci\u00f3n relevante de todo lo que me hizo abrir los ojos y la mente al entorno t\u00f3xico que me rodeaba. Contando mi historia, espero hacer reflexionar a la sociedad y que entre todos podamos seguir eliminando la violencia contra las mujeres. Este libro va dedicado a ti, a tu amiga, tu compa\u00f1era, tu vecina, tu hermana, madre o hija; a todas las valientes que sufren en silencio y a todas las valientes que se dan cuenta y nos ayudan a superarlo.\" \/>\n<meta property=\"og:url\" content=\"https:\/\/letrame.com\/catalogo\/producto\/la-violacion-del-alma\/\" \/>\n<meta property=\"og:site_name\" content=\"Catalogo | Letrame Grupo Editorial\" \/>\n<meta property=\"article:modified_time\" content=\"2024-04-29T14:17:35+00:00\" \/>\n<meta property=\"og:image\" content=\"https:\/\/letrame.com\/catalogo\/wp-content\/uploads\/2024\/04\/webportada_laviolaciondelalma_1537mm-compressed-scaled-1.jpg\" \/>\n\t<meta property=\"og:image:width\" content=\"1746\" \/>\n\t<meta property=\"og:image:height\" content=\"2560\" \/>\n\t<meta property=\"og:image:type\" content=\"image\/jpeg\" \/>\n<meta name=\"twitter:card\" content=\"summary_large_image\" \/>\n<meta name=\"twitter:label1\" content=\"Tiempo de lectura\" \/>\n\t<meta name=\"twitter:data1\" content=\"1 minuto\" \/>\n<script type=\"application\/ld+json\" class=\"yoast-schema-graph\">{\"@context\":\"https:\\\/\\\/schema.org\",\"@graph\":[{\"@type\":\"WebPage\",\"@id\":\"https:\\\/\\\/letrame.com\\\/catalogo\\\/producto\\\/la-violacion-del-alma\\\/\",\"url\":\"https:\\\/\\\/letrame.com\\\/catalogo\\\/producto\\\/la-violacion-del-alma\\\/\",\"name\":\"La violaci\u00f3n del alma - Catalogo | Letrame Grupo Editorial\",\"isPartOf\":{\"@id\":\"https:\\\/\\\/letrame.com\\\/catalogo\\\/#website\"},\"primaryImageOfPage\":{\"@id\":\"https:\\\/\\\/letrame.com\\\/catalogo\\\/producto\\\/la-violacion-del-alma\\\/#primaryimage\"},\"image\":{\"@id\":\"https:\\\/\\\/letrame.com\\\/catalogo\\\/producto\\\/la-violacion-del-alma\\\/#primaryimage\"},\"thumbnailUrl\":\"https:\\\/\\\/letrame.com\\\/catalogo\\\/wp-content\\\/uploads\\\/2024\\\/04\\\/webportada_laviolaciondelalma_1537mm-compressed-scaled-1.jpg\",\"datePublished\":\"2024-04-29T14:17:20+00:00\",\"dateModified\":\"2024-04-29T14:17:35+00:00\",\"breadcrumb\":{\"@id\":\"https:\\\/\\\/letrame.com\\\/catalogo\\\/producto\\\/la-violacion-del-alma\\\/#breadcrumb\"},\"inLanguage\":\"es\",\"potentialAction\":[{\"@type\":\"ReadAction\",\"target\":[\"https:\\\/\\\/letrame.com\\\/catalogo\\\/producto\\\/la-violacion-del-alma\\\/\"]}]},{\"@type\":\"ImageObject\",\"inLanguage\":\"es\",\"@id\":\"https:\\\/\\\/letrame.com\\\/catalogo\\\/producto\\\/la-violacion-del-alma\\\/#primaryimage\",\"url\":\"https:\\\/\\\/letrame.com\\\/catalogo\\\/wp-content\\\/uploads\\\/2024\\\/04\\\/webportada_laviolaciondelalma_1537mm-compressed-scaled-1.jpg\",\"contentUrl\":\"https:\\\/\\\/letrame.com\\\/catalogo\\\/wp-content\\\/uploads\\\/2024\\\/04\\\/webportada_laviolaciondelalma_1537mm-compressed-scaled-1.jpg\",\"width\":1746,\"height\":2560},{\"@type\":\"BreadcrumbList\",\"@id\":\"https:\\\/\\\/letrame.com\\\/catalogo\\\/producto\\\/la-violacion-del-alma\\\/#breadcrumb\",\"itemListElement\":[{\"@type\":\"ListItem\",\"position\":1,\"name\":\"Portada\",\"item\":\"https:\\\/\\\/letrame.com\\\/catalogo\\\/\"},{\"@type\":\"ListItem\",\"position\":2,\"name\":\"Cat\u00e1logo\",\"item\":\"https:\\\/\\\/letrame.com\\\/catalogo\\\/\"},{\"@type\":\"ListItem\",\"position\":3,\"name\":\"La violaci\u00f3n del alma\"}]},{\"@type\":\"WebSite\",\"@id\":\"https:\\\/\\\/letrame.com\\\/catalogo\\\/#website\",\"url\":\"https:\\\/\\\/letrame.com\\\/catalogo\\\/\",\"name\":\"Catalogo | Letrame Grupo Editorial\",\"description\":\"\",\"publisher\":{\"@id\":\"https:\\\/\\\/letrame.com\\\/catalogo\\\/#organization\"},\"potentialAction\":[{\"@type\":\"SearchAction\",\"target\":{\"@type\":\"EntryPoint\",\"urlTemplate\":\"https:\\\/\\\/letrame.com\\\/catalogo\\\/?s={search_term_string}\"},\"query-input\":{\"@type\":\"PropertyValueSpecification\",\"valueRequired\":true,\"valueName\":\"search_term_string\"}}],\"inLanguage\":\"es\"},{\"@type\":\"Organization\",\"@id\":\"https:\\\/\\\/letrame.com\\\/catalogo\\\/#organization\",\"name\":\"Catalogo | Letrame Grupo Editorial\",\"url\":\"https:\\\/\\\/letrame.com\\\/catalogo\\\/\",\"logo\":{\"@type\":\"ImageObject\",\"inLanguage\":\"es\",\"@id\":\"https:\\\/\\\/letrame.com\\\/catalogo\\\/#\\\/schema\\\/logo\\\/image\\\/\",\"url\":\"https:\\\/\\\/letrame.com\\\/catalogo\\\/wp-content\\\/uploads\\\/2024\\\/03\\\/logo2.webp\",\"contentUrl\":\"https:\\\/\\\/letrame.com\\\/catalogo\\\/wp-content\\\/uploads\\\/2024\\\/03\\\/logo2.webp\",\"width\":394,\"height\":128,\"caption\":\"Catalogo | Letrame Grupo Editorial\"},\"image\":{\"@id\":\"https:\\\/\\\/letrame.com\\\/catalogo\\\/#\\\/schema\\\/logo\\\/image\\\/\"}}]}<\/script>\n<!-- \/ Yoast SEO plugin. -->","yoast_head_json":{"title":"La violaci\u00f3n del alma - Catalogo | Letrame Grupo Editorial","robots":{"index":"index","follow":"follow","max-snippet":"max-snippet:-1","max-image-preview":"max-image-preview:large","max-video-preview":"max-video-preview:-1"},"canonical":"https:\/\/letrame.com\/catalogo\/producto\/la-violacion-del-alma\/","og_locale":"es_ES","og_type":"article","og_title":"La violaci\u00f3n del alma - Catalogo | Letrame Grupo Editorial","og_description":"ISBN: 978-84-1181-182-8 SINOPSIS Este libro lo he creado recopilando notas guardadas, desde el diario de mi ni\u00f1ez a los ocho a\u00f1os, hasta los folios sueltos escritos en mi madurez cuarenta a\u00f1os despu\u00e9s. Mientras, observo c\u00f3mo han ido cambiando, en el tiempo, los derechos de la mujer en cuesti\u00f3n de violencia de g\u00e9nero. Al volver a leer las l\u00edneas encontradas, quisiera aportar mi granito de arena al visibilizar mi experiencia, en que aprend\u00ed que existen muchos tipos de abuso y maltrato adem\u00e1s del f\u00edsico, desde un punto de vista de superaci\u00f3n personal y aprendizaje. Explico c\u00f3mo estuve veinte a\u00f1os llorando en silencio, queriendo gritar al mundo; el dolor que siente el coraz\u00f3n cuando no te quieren bien. Quisiera acallar el eco que retumba en mi mente, atorment\u00e1ndome, repitiendo una y otra vez las frases tantas veces escuchadas: \u00abA nadie le importas\u00bb, \u00abNadie te va a creer\u00bb. Entre nosotras nos apoyamos, nos creemos, nos valoramos, descubriendo juntas a qui\u00e9n no dejar entrar en nuestros corazones. Si yo he podido salir, estoy segura de que t\u00fa que me lees puedes. Incluyo informaci\u00f3n relevante de todo lo que me hizo abrir los ojos y la mente al entorno t\u00f3xico que me rodeaba. Contando mi historia, espero hacer reflexionar a la sociedad y que entre todos podamos seguir eliminando la violencia contra las mujeres. Este libro va dedicado a ti, a tu amiga, tu compa\u00f1era, tu vecina, tu hermana, madre o hija; a todas las valientes que sufren en silencio y a todas las valientes que se dan cuenta y nos ayudan a superarlo.","og_url":"https:\/\/letrame.com\/catalogo\/producto\/la-violacion-del-alma\/","og_site_name":"Catalogo | Letrame Grupo Editorial","article_modified_time":"2024-04-29T14:17:35+00:00","og_image":[{"width":1746,"height":2560,"url":"https:\/\/letrame.com\/catalogo\/wp-content\/uploads\/2024\/04\/webportada_laviolaciondelalma_1537mm-compressed-scaled-1.jpg","type":"image\/jpeg"}],"twitter_card":"summary_large_image","twitter_misc":{"Tiempo de lectura":"1 minuto"},"schema":{"@context":"https:\/\/schema.org","@graph":[{"@type":"WebPage","@id":"https:\/\/letrame.com\/catalogo\/producto\/la-violacion-del-alma\/","url":"https:\/\/letrame.com\/catalogo\/producto\/la-violacion-del-alma\/","name":"La violaci\u00f3n del alma - Catalogo | Letrame Grupo Editorial","isPartOf":{"@id":"https:\/\/letrame.com\/catalogo\/#website"},"primaryImageOfPage":{"@id":"https:\/\/letrame.com\/catalogo\/producto\/la-violacion-del-alma\/#primaryimage"},"image":{"@id":"https:\/\/letrame.com\/catalogo\/producto\/la-violacion-del-alma\/#primaryimage"},"thumbnailUrl":"https:\/\/letrame.com\/catalogo\/wp-content\/uploads\/2024\/04\/webportada_laviolaciondelalma_1537mm-compressed-scaled-1.jpg","datePublished":"2024-04-29T14:17:20+00:00","dateModified":"2024-04-29T14:17:35+00:00","breadcrumb":{"@id":"https:\/\/letrame.com\/catalogo\/producto\/la-violacion-del-alma\/#breadcrumb"},"inLanguage":"es","potentialAction":[{"@type":"ReadAction","target":["https:\/\/letrame.com\/catalogo\/producto\/la-violacion-del-alma\/"]}]},{"@type":"ImageObject","inLanguage":"es","@id":"https:\/\/letrame.com\/catalogo\/producto\/la-violacion-del-alma\/#primaryimage","url":"https:\/\/letrame.com\/catalogo\/wp-content\/uploads\/2024\/04\/webportada_laviolaciondelalma_1537mm-compressed-scaled-1.jpg","contentUrl":"https:\/\/letrame.com\/catalogo\/wp-content\/uploads\/2024\/04\/webportada_laviolaciondelalma_1537mm-compressed-scaled-1.jpg","width":1746,"height":2560},{"@type":"BreadcrumbList","@id":"https:\/\/letrame.com\/catalogo\/producto\/la-violacion-del-alma\/#breadcrumb","itemListElement":[{"@type":"ListItem","position":1,"name":"Portada","item":"https:\/\/letrame.com\/catalogo\/"},{"@type":"ListItem","position":2,"name":"Cat\u00e1logo","item":"https:\/\/letrame.com\/catalogo\/"},{"@type":"ListItem","position":3,"name":"La violaci\u00f3n del alma"}]},{"@type":"WebSite","@id":"https:\/\/letrame.com\/catalogo\/#website","url":"https:\/\/letrame.com\/catalogo\/","name":"Catalogo | Letrame Grupo Editorial","description":"","publisher":{"@id":"https:\/\/letrame.com\/catalogo\/#organization"},"potentialAction":[{"@type":"SearchAction","target":{"@type":"EntryPoint","urlTemplate":"https:\/\/letrame.com\/catalogo\/?s={search_term_string}"},"query-input":{"@type":"PropertyValueSpecification","valueRequired":true,"valueName":"search_term_string"}}],"inLanguage":"es"},{"@type":"Organization","@id":"https:\/\/letrame.com\/catalogo\/#organization","name":"Catalogo | Letrame Grupo Editorial","url":"https:\/\/letrame.com\/catalogo\/","logo":{"@type":"ImageObject","inLanguage":"es","@id":"https:\/\/letrame.com\/catalogo\/#\/schema\/logo\/image\/","url":"https:\/\/letrame.com\/catalogo\/wp-content\/uploads\/2024\/03\/logo2.webp","contentUrl":"https:\/\/letrame.com\/catalogo\/wp-content\/uploads\/2024\/03\/logo2.webp","width":394,"height":128,"caption":"Catalogo | Letrame Grupo Editorial"},"image":{"@id":"https:\/\/letrame.com\/catalogo\/#\/schema\/logo\/image\/"}}]}},"_links":{"self":[{"href":"https:\/\/letrame.com\/catalogo\/wp-json\/wp\/v2\/product\/99385","targetHints":{"allow":["GET"]}}],"collection":[{"href":"https:\/\/letrame.com\/catalogo\/wp-json\/wp\/v2\/product"}],"about":[{"href":"https:\/\/letrame.com\/catalogo\/wp-json\/wp\/v2\/types\/product"}],"replies":[{"embeddable":true,"href":"https:\/\/letrame.com\/catalogo\/wp-json\/wp\/v2\/comments?post=99385"}],"acf:post":[{"embeddable":true,"href":"https:\/\/letrame.com\/catalogo\/wp-json\/wp\/v2\/author_book\/77731"}],"wp:featuredmedia":[{"embeddable":true,"href":"https:\/\/letrame.com\/catalogo\/wp-json\/wp\/v2\/media\/99386"}],"wp:attachment":[{"href":"https:\/\/letrame.com\/catalogo\/wp-json\/wp\/v2\/media?parent=99385"}],"wp:term":[{"taxonomy":"libro","embeddable":true,"href":"https:\/\/letrame.com\/catalogo\/wp-json\/wp\/v2\/libro?post=99385"},{"taxonomy":"product_brand","embeddable":true,"href":"https:\/\/letrame.com\/catalogo\/wp-json\/wp\/v2\/product_brand?post=99385"},{"taxonomy":"product_cat","embeddable":true,"href":"https:\/\/letrame.com\/catalogo\/wp-json\/wp\/v2\/product_cat?post=99385"},{"taxonomy":"product_tag","embeddable":true,"href":"https:\/\/letrame.com\/catalogo\/wp-json\/wp\/v2\/product_tag?post=99385"}],"curies":[{"name":"wp","href":"https:\/\/api.w.org\/{rel}","templated":true}]}}