{"id":99371,"date":"2024-04-29T16:16:06","date_gmt":"2024-04-29T14:16:06","guid":{"rendered":"https:\/\/letrame.com\/catalogo\/producto\/los-boleros-del-chipi-chipi\/"},"modified":"2024-04-29T16:16:06","modified_gmt":"2024-04-29T14:16:06","slug":"los-boleros-del-chipi-chipi","status":"publish","type":"product","link":"https:\/\/letrame.com\/catalogo\/producto\/los-boleros-del-chipi-chipi\/","title":{"rendered":"Los boleros del Chipi-Chipi"},"content":{"rendered":"<p><strong>ISBN<\/strong>: 978-84-1181-337-2<\/p>\n<p><strong>T\u00edtulo<\/strong>: Los boleros del Chipi-Chipi<br \/>\n<strong>Fecha<\/strong>: 2023<br \/>\n<strong>P\u00e1ginas<\/strong>: 194<\/p>\n<p><strong>SINOPSIS<\/strong><\/p>\n<p>Recordar es volver a vivir.<\/p>\n<p>\u00abMis hermanas mayores fueron al teatro con sus amigas. Mi hermano menor fue invitado por los vecinos a ver y disfrutar del invento del siglo, que hace poco lleg\u00f3 a la oficina: la Televisi\u00f3n, tambi\u00e9n llamada la Caja Idiota. Mis padres duermen su muy merecida siesta del s\u00e1bado, con las ventanas de su dormitorio abiertas de par en par y el bendito ventilador colgando del techo, zumbando que es un gusto. Desde el living se arrastran por el polvo de las tablas del piso baldeado al petr\u00f3leo, las suaves notas de un tango, desparramadas por un extra\u00f1o aparato \u2014ahora ya extinto\u2014 que es el \u00fanico lujo con que cuenta mi padre en su humilde vivienda: un equipo estereof\u00f3nico de alta fidelidad marca Philips, que compr\u00f3 en casa Arqueros en inc\u00f3modas cuotas mensuales, y que tendr\u00e1 que pagar por el resto de sus d\u00edas. Mientras las notas comienzan a trepar por las paredes descascaradas y pintadas a la cal, para depositarse en el pentagrama que han dibujado las grietas, me descuelgo por la ventana \u2014nunca me gust\u00f3 salir por la puerta\u2014 y aterrizo en la vereda de mi calle pampina. Dejo puertas y ventanas abiertas y me largo a correr por la calle dispareja, entre pimientos raqu\u00edticos y ladridos de perro a\u00fan m\u00e1s raqu\u00edticos, que avivan mi fugaz carrera, mientras mi coraz\u00f3n golpetea como bombo en carnaval\u00bb. (Extracto del cuento <em>Boleros en Pampa Uni\u00f3n<\/em>).<\/p>\n<p>&nbsp;<\/p>\n<p>Los bellos momentos, se recuerdan, los malos, se olvidan.<\/p>\n<p>\u00abAlgo supe de que algunos a\u00f1os despu\u00e9s, el Indio Polic\u00eda cay\u00f3 nuevamente en la c\u00e1rcel, donde muri\u00f3 producto de una ri\u00f1a entre reos\u2026 Nadie me lo ha confirmado. Yo lo conoc\u00ed en Pedro de Valdivia y puedo decir que, a pesar de que el destino lo llev\u00f3 por senderos re\u00f1idos con lo que llamamos \u00absociedad\u00bb, a pesar de lo que pudo hacer y no hacer en su corta vida, debo reconocer que era un excelente jugador de ajedrez\u2026\u00bb. (Extracto del cuento <em>El jugador de ajedrez<\/em>).<\/p>\n","protected":false},"excerpt":{"rendered":"<p><strong>ISBN<\/strong>: 978-84-1181-337-2<\/p>\n<p><strong>SINOPSIS<\/strong><\/p>\n<p>Recordar es volver a vivir.<\/p>\n<p>\u00abMis hermanas mayores fueron al teatro con sus amigas. Mi hermano menor fue invitado por los vecinos a ver y disfrutar del invento del siglo, que hace poco lleg\u00f3 a la oficina: la Televisi\u00f3n, tambi\u00e9n llamada la Caja Idiota. Mis padres duermen su muy merecida siesta del s\u00e1bado, con las ventanas de su dormitorio abiertas de par en par y el bendito ventilador colgando del techo, zumbando que es un gusto. Desde el living se arrastran por el polvo de las tablas del piso baldeado al petr\u00f3leo, las suaves notas de un tango, desparramadas por un extra\u00f1o aparato \u2014ahora ya extinto\u2014 que es el \u00fanico lujo con que cuenta mi padre en su humilde vivienda: un equipo estereof\u00f3nico de alta fidelidad marca Philips, que compr\u00f3 en casa Arqueros en inc\u00f3modas cuotas mensuales, y que tendr\u00e1 que pagar por el resto de sus d\u00edas. Mientras las notas comienzan a trepar por las paredes descascaradas y pintadas a la cal, para depositarse en el pentagrama que han dibujado las grietas, me descuelgo por la ventana \u2014nunca me gust\u00f3 salir por la puerta\u2014 y aterrizo en la vereda de mi calle pampina. Dejo puertas y ventanas abiertas y me largo a correr por la calle dispareja, entre pimientos raqu\u00edticos y ladridos de perro a\u00fan m\u00e1s raqu\u00edticos, que avivan mi fugaz carrera, mientras mi coraz\u00f3n golpetea como bombo en carnaval\u00bb. (Extracto del cuento <em>Boleros en Pampa Uni\u00f3n<\/em>).<\/p>\n<p>&nbsp;<\/p>\n<p>Los bellos momentos, se recuerdan, los malos, se olvidan.<\/p>\n<p>\u00abAlgo supe de que algunos a\u00f1os despu\u00e9s, el Indio Polic\u00eda cay\u00f3 nuevamente en la c\u00e1rcel, donde muri\u00f3 producto de una ri\u00f1a entre reos\u2026 Nadie me lo ha confirmado. Yo lo conoc\u00ed en Pedro de Valdivia y puedo decir que, a pesar de que el destino lo llev\u00f3 por senderos re\u00f1idos con lo que llamamos \u00absociedad\u00bb, a pesar de lo que pudo hacer y no hacer en su corta vida, debo reconocer que era un excelente jugador de ajedrez\u2026\u00bb. (Extracto del cuento <em>El jugador de ajedrez<\/em>).<\/p>\n","protected":false},"featured_media":99372,"comment_status":"closed","ping_status":"open","template":"","meta":{"_acf_changed":false},"libro":[],"product_brand":[],"product_cat":[26],"product_tag":[],"class_list":{"0":"post-99371","1":"product","2":"type-product","3":"status-publish","4":"has-post-thumbnail","6":"product_cat-sin-categoria","8":"first","9":"instock","10":"product-type-simple"},"acf":{"autor":[77720],"enlace_de_compra":"https:\/\/www.amazon.es\/boleros-Chipi-Chipi-otros-relatos-pampa-ebook\/dp\/B0CN97ZMJZ\/"},"yoast_head":"<!-- This site is optimized with the Yoast SEO plugin v26.6 - https:\/\/yoast.com\/wordpress\/plugins\/seo\/ -->\n<title>Los boleros del Chipi-Chipi - Catalogo | Letrame Grupo Editorial<\/title>\n<meta name=\"robots\" content=\"index, follow, max-snippet:-1, max-image-preview:large, max-video-preview:-1\" \/>\n<link rel=\"canonical\" href=\"https:\/\/letrame.com\/catalogo\/producto\/los-boleros-del-chipi-chipi\/\" \/>\n<meta property=\"og:locale\" content=\"es_ES\" \/>\n<meta property=\"og:type\" content=\"article\" \/>\n<meta property=\"og:title\" content=\"Los boleros del Chipi-Chipi - Catalogo | Letrame Grupo Editorial\" \/>\n<meta property=\"og:description\" content=\"ISBN: 978-84-1181-337-2 SINOPSIS Recordar es volver a vivir. \u00abMis hermanas mayores fueron al teatro con sus amigas. Mi hermano menor fue invitado por los vecinos a ver y disfrutar del invento del siglo, que hace poco lleg\u00f3 a la oficina: la Televisi\u00f3n, tambi\u00e9n llamada la Caja Idiota. Mis padres duermen su muy merecida siesta del s\u00e1bado, con las ventanas de su dormitorio abiertas de par en par y el bendito ventilador colgando del techo, zumbando que es un gusto. Desde el living se arrastran por el polvo de las tablas del piso baldeado al petr\u00f3leo, las suaves notas de un tango, desparramadas por un extra\u00f1o aparato \u2014ahora ya extinto\u2014 que es el \u00fanico lujo con que cuenta mi padre en su humilde vivienda: un equipo estereof\u00f3nico de alta fidelidad marca Philips, que compr\u00f3 en casa Arqueros en inc\u00f3modas cuotas mensuales, y que tendr\u00e1 que pagar por el resto de sus d\u00edas. Mientras las notas comienzan a trepar por las paredes descascaradas y pintadas a la cal, para depositarse en el pentagrama que han dibujado las grietas, me descuelgo por la ventana \u2014nunca me gust\u00f3 salir por la puerta\u2014 y aterrizo en la vereda de mi calle pampina. Dejo puertas y ventanas abiertas y me largo a correr por la calle dispareja, entre pimientos raqu\u00edticos y ladridos de perro a\u00fan m\u00e1s raqu\u00edticos, que avivan mi fugaz carrera, mientras mi coraz\u00f3n golpetea como bombo en carnaval\u00bb. (Extracto del cuento Boleros en Pampa Uni\u00f3n). &nbsp; Los bellos momentos, se recuerdan, los malos, se olvidan. \u00abAlgo supe de que algunos a\u00f1os despu\u00e9s, el Indio Polic\u00eda cay\u00f3 nuevamente en la c\u00e1rcel, donde muri\u00f3 producto de una ri\u00f1a entre reos\u2026 Nadie me lo ha confirmado. Yo lo conoc\u00ed en Pedro de Valdivia y puedo decir que, a pesar de que el destino lo llev\u00f3 por senderos re\u00f1idos con lo que llamamos &quot;sociedad&quot;, a pesar de lo que pudo hacer y no hacer en su corta vida, debo reconocer que era un excelente jugador de ajedrez\u2026\u00bb. (Extracto del cuento El jugador de ajedrez).\" \/>\n<meta property=\"og:url\" content=\"https:\/\/letrame.com\/catalogo\/producto\/los-boleros-del-chipi-chipi\/\" \/>\n<meta property=\"og:site_name\" content=\"Catalogo | Letrame Grupo Editorial\" \/>\n<meta property=\"og:image\" content=\"https:\/\/letrame.com\/catalogo\/wp-content\/uploads\/2024\/04\/webportada_losbolerosdelchipi_10mm-compressed.jpg\" \/>\n\t<meta property=\"og:image:width\" content=\"1772\" \/>\n\t<meta property=\"og:image:height\" content=\"2480\" \/>\n\t<meta property=\"og:image:type\" content=\"image\/jpeg\" \/>\n<meta name=\"twitter:card\" content=\"summary_large_image\" \/>\n<meta name=\"twitter:label1\" content=\"Tiempo de lectura\" \/>\n\t<meta name=\"twitter:data1\" content=\"2 minutos\" \/>\n<script type=\"application\/ld+json\" class=\"yoast-schema-graph\">{\"@context\":\"https:\/\/schema.org\",\"@graph\":[{\"@type\":\"WebPage\",\"@id\":\"https:\/\/letrame.com\/catalogo\/producto\/los-boleros-del-chipi-chipi\/\",\"url\":\"https:\/\/letrame.com\/catalogo\/producto\/los-boleros-del-chipi-chipi\/\",\"name\":\"Los boleros del Chipi-Chipi - Catalogo | Letrame Grupo Editorial\",\"isPartOf\":{\"@id\":\"https:\/\/letrame.com\/catalogo\/#website\"},\"primaryImageOfPage\":{\"@id\":\"https:\/\/letrame.com\/catalogo\/producto\/los-boleros-del-chipi-chipi\/#primaryimage\"},\"image\":{\"@id\":\"https:\/\/letrame.com\/catalogo\/producto\/los-boleros-del-chipi-chipi\/#primaryimage\"},\"thumbnailUrl\":\"https:\/\/letrame.com\/catalogo\/wp-content\/uploads\/2024\/04\/webportada_losbolerosdelchipi_10mm-compressed.jpg\",\"datePublished\":\"2024-04-29T14:16:06+00:00\",\"breadcrumb\":{\"@id\":\"https:\/\/letrame.com\/catalogo\/producto\/los-boleros-del-chipi-chipi\/#breadcrumb\"},\"inLanguage\":\"es\",\"potentialAction\":[{\"@type\":\"ReadAction\",\"target\":[\"https:\/\/letrame.com\/catalogo\/producto\/los-boleros-del-chipi-chipi\/\"]}]},{\"@type\":\"ImageObject\",\"inLanguage\":\"es\",\"@id\":\"https:\/\/letrame.com\/catalogo\/producto\/los-boleros-del-chipi-chipi\/#primaryimage\",\"url\":\"https:\/\/letrame.com\/catalogo\/wp-content\/uploads\/2024\/04\/webportada_losbolerosdelchipi_10mm-compressed.jpg\",\"contentUrl\":\"https:\/\/letrame.com\/catalogo\/wp-content\/uploads\/2024\/04\/webportada_losbolerosdelchipi_10mm-compressed.jpg\",\"width\":1772,\"height\":2480},{\"@type\":\"BreadcrumbList\",\"@id\":\"https:\/\/letrame.com\/catalogo\/producto\/los-boleros-del-chipi-chipi\/#breadcrumb\",\"itemListElement\":[{\"@type\":\"ListItem\",\"position\":1,\"name\":\"Portada\",\"item\":\"https:\/\/letrame.com\/catalogo\/\"},{\"@type\":\"ListItem\",\"position\":2,\"name\":\"Cat\u00e1logo\",\"item\":\"https:\/\/letrame.com\/catalogo\/\"},{\"@type\":\"ListItem\",\"position\":3,\"name\":\"Los boleros del Chipi-Chipi\"}]},{\"@type\":\"WebSite\",\"@id\":\"https:\/\/letrame.com\/catalogo\/#website\",\"url\":\"https:\/\/letrame.com\/catalogo\/\",\"name\":\"Catalogo | Letrame Grupo Editorial\",\"description\":\"\",\"publisher\":{\"@id\":\"https:\/\/letrame.com\/catalogo\/#organization\"},\"potentialAction\":[{\"@type\":\"SearchAction\",\"target\":{\"@type\":\"EntryPoint\",\"urlTemplate\":\"https:\/\/letrame.com\/catalogo\/?s={search_term_string}\"},\"query-input\":{\"@type\":\"PropertyValueSpecification\",\"valueRequired\":true,\"valueName\":\"search_term_string\"}}],\"inLanguage\":\"es\"},{\"@type\":\"Organization\",\"@id\":\"https:\/\/letrame.com\/catalogo\/#organization\",\"name\":\"Catalogo | Letrame Grupo Editorial\",\"url\":\"https:\/\/letrame.com\/catalogo\/\",\"logo\":{\"@type\":\"ImageObject\",\"inLanguage\":\"es\",\"@id\":\"https:\/\/letrame.com\/catalogo\/#\/schema\/logo\/image\/\",\"url\":\"https:\/\/letrame.com\/catalogo\/wp-content\/uploads\/2024\/03\/logo2.webp\",\"contentUrl\":\"https:\/\/letrame.com\/catalogo\/wp-content\/uploads\/2024\/03\/logo2.webp\",\"width\":394,\"height\":128,\"caption\":\"Catalogo | Letrame Grupo Editorial\"},\"image\":{\"@id\":\"https:\/\/letrame.com\/catalogo\/#\/schema\/logo\/image\/\"}}]}<\/script>\n<!-- \/ Yoast SEO plugin. -->","yoast_head_json":{"title":"Los boleros del Chipi-Chipi - Catalogo | Letrame Grupo Editorial","robots":{"index":"index","follow":"follow","max-snippet":"max-snippet:-1","max-image-preview":"max-image-preview:large","max-video-preview":"max-video-preview:-1"},"canonical":"https:\/\/letrame.com\/catalogo\/producto\/los-boleros-del-chipi-chipi\/","og_locale":"es_ES","og_type":"article","og_title":"Los boleros del Chipi-Chipi - Catalogo | Letrame Grupo Editorial","og_description":"ISBN: 978-84-1181-337-2 SINOPSIS Recordar es volver a vivir. \u00abMis hermanas mayores fueron al teatro con sus amigas. Mi hermano menor fue invitado por los vecinos a ver y disfrutar del invento del siglo, que hace poco lleg\u00f3 a la oficina: la Televisi\u00f3n, tambi\u00e9n llamada la Caja Idiota. Mis padres duermen su muy merecida siesta del s\u00e1bado, con las ventanas de su dormitorio abiertas de par en par y el bendito ventilador colgando del techo, zumbando que es un gusto. Desde el living se arrastran por el polvo de las tablas del piso baldeado al petr\u00f3leo, las suaves notas de un tango, desparramadas por un extra\u00f1o aparato \u2014ahora ya extinto\u2014 que es el \u00fanico lujo con que cuenta mi padre en su humilde vivienda: un equipo estereof\u00f3nico de alta fidelidad marca Philips, que compr\u00f3 en casa Arqueros en inc\u00f3modas cuotas mensuales, y que tendr\u00e1 que pagar por el resto de sus d\u00edas. Mientras las notas comienzan a trepar por las paredes descascaradas y pintadas a la cal, para depositarse en el pentagrama que han dibujado las grietas, me descuelgo por la ventana \u2014nunca me gust\u00f3 salir por la puerta\u2014 y aterrizo en la vereda de mi calle pampina. Dejo puertas y ventanas abiertas y me largo a correr por la calle dispareja, entre pimientos raqu\u00edticos y ladridos de perro a\u00fan m\u00e1s raqu\u00edticos, que avivan mi fugaz carrera, mientras mi coraz\u00f3n golpetea como bombo en carnaval\u00bb. (Extracto del cuento Boleros en Pampa Uni\u00f3n). &nbsp; Los bellos momentos, se recuerdan, los malos, se olvidan. \u00abAlgo supe de que algunos a\u00f1os despu\u00e9s, el Indio Polic\u00eda cay\u00f3 nuevamente en la c\u00e1rcel, donde muri\u00f3 producto de una ri\u00f1a entre reos\u2026 Nadie me lo ha confirmado. Yo lo conoc\u00ed en Pedro de Valdivia y puedo decir que, a pesar de que el destino lo llev\u00f3 por senderos re\u00f1idos con lo que llamamos \"sociedad\", a pesar de lo que pudo hacer y no hacer en su corta vida, debo reconocer que era un excelente jugador de ajedrez\u2026\u00bb. (Extracto del cuento El jugador de ajedrez).","og_url":"https:\/\/letrame.com\/catalogo\/producto\/los-boleros-del-chipi-chipi\/","og_site_name":"Catalogo | Letrame Grupo Editorial","og_image":[{"width":1772,"height":2480,"url":"https:\/\/letrame.com\/catalogo\/wp-content\/uploads\/2024\/04\/webportada_losbolerosdelchipi_10mm-compressed.jpg","type":"image\/jpeg"}],"twitter_card":"summary_large_image","twitter_misc":{"Tiempo de lectura":"2 minutos"},"schema":{"@context":"https:\/\/schema.org","@graph":[{"@type":"WebPage","@id":"https:\/\/letrame.com\/catalogo\/producto\/los-boleros-del-chipi-chipi\/","url":"https:\/\/letrame.com\/catalogo\/producto\/los-boleros-del-chipi-chipi\/","name":"Los boleros del Chipi-Chipi - Catalogo | Letrame Grupo Editorial","isPartOf":{"@id":"https:\/\/letrame.com\/catalogo\/#website"},"primaryImageOfPage":{"@id":"https:\/\/letrame.com\/catalogo\/producto\/los-boleros-del-chipi-chipi\/#primaryimage"},"image":{"@id":"https:\/\/letrame.com\/catalogo\/producto\/los-boleros-del-chipi-chipi\/#primaryimage"},"thumbnailUrl":"https:\/\/letrame.com\/catalogo\/wp-content\/uploads\/2024\/04\/webportada_losbolerosdelchipi_10mm-compressed.jpg","datePublished":"2024-04-29T14:16:06+00:00","breadcrumb":{"@id":"https:\/\/letrame.com\/catalogo\/producto\/los-boleros-del-chipi-chipi\/#breadcrumb"},"inLanguage":"es","potentialAction":[{"@type":"ReadAction","target":["https:\/\/letrame.com\/catalogo\/producto\/los-boleros-del-chipi-chipi\/"]}]},{"@type":"ImageObject","inLanguage":"es","@id":"https:\/\/letrame.com\/catalogo\/producto\/los-boleros-del-chipi-chipi\/#primaryimage","url":"https:\/\/letrame.com\/catalogo\/wp-content\/uploads\/2024\/04\/webportada_losbolerosdelchipi_10mm-compressed.jpg","contentUrl":"https:\/\/letrame.com\/catalogo\/wp-content\/uploads\/2024\/04\/webportada_losbolerosdelchipi_10mm-compressed.jpg","width":1772,"height":2480},{"@type":"BreadcrumbList","@id":"https:\/\/letrame.com\/catalogo\/producto\/los-boleros-del-chipi-chipi\/#breadcrumb","itemListElement":[{"@type":"ListItem","position":1,"name":"Portada","item":"https:\/\/letrame.com\/catalogo\/"},{"@type":"ListItem","position":2,"name":"Cat\u00e1logo","item":"https:\/\/letrame.com\/catalogo\/"},{"@type":"ListItem","position":3,"name":"Los boleros del Chipi-Chipi"}]},{"@type":"WebSite","@id":"https:\/\/letrame.com\/catalogo\/#website","url":"https:\/\/letrame.com\/catalogo\/","name":"Catalogo | Letrame Grupo Editorial","description":"","publisher":{"@id":"https:\/\/letrame.com\/catalogo\/#organization"},"potentialAction":[{"@type":"SearchAction","target":{"@type":"EntryPoint","urlTemplate":"https:\/\/letrame.com\/catalogo\/?s={search_term_string}"},"query-input":{"@type":"PropertyValueSpecification","valueRequired":true,"valueName":"search_term_string"}}],"inLanguage":"es"},{"@type":"Organization","@id":"https:\/\/letrame.com\/catalogo\/#organization","name":"Catalogo | Letrame Grupo Editorial","url":"https:\/\/letrame.com\/catalogo\/","logo":{"@type":"ImageObject","inLanguage":"es","@id":"https:\/\/letrame.com\/catalogo\/#\/schema\/logo\/image\/","url":"https:\/\/letrame.com\/catalogo\/wp-content\/uploads\/2024\/03\/logo2.webp","contentUrl":"https:\/\/letrame.com\/catalogo\/wp-content\/uploads\/2024\/03\/logo2.webp","width":394,"height":128,"caption":"Catalogo | Letrame Grupo Editorial"},"image":{"@id":"https:\/\/letrame.com\/catalogo\/#\/schema\/logo\/image\/"}}]}},"_links":{"self":[{"href":"https:\/\/letrame.com\/catalogo\/wp-json\/wp\/v2\/product\/99371","targetHints":{"allow":["GET"]}}],"collection":[{"href":"https:\/\/letrame.com\/catalogo\/wp-json\/wp\/v2\/product"}],"about":[{"href":"https:\/\/letrame.com\/catalogo\/wp-json\/wp\/v2\/types\/product"}],"replies":[{"embeddable":true,"href":"https:\/\/letrame.com\/catalogo\/wp-json\/wp\/v2\/comments?post=99371"}],"acf:post":[{"embeddable":true,"href":"https:\/\/letrame.com\/catalogo\/wp-json\/wp\/v2\/author_book\/77720"}],"wp:featuredmedia":[{"embeddable":true,"href":"https:\/\/letrame.com\/catalogo\/wp-json\/wp\/v2\/media\/99372"}],"wp:attachment":[{"href":"https:\/\/letrame.com\/catalogo\/wp-json\/wp\/v2\/media?parent=99371"}],"wp:term":[{"taxonomy":"libro","embeddable":true,"href":"https:\/\/letrame.com\/catalogo\/wp-json\/wp\/v2\/libro?post=99371"},{"taxonomy":"product_brand","embeddable":true,"href":"https:\/\/letrame.com\/catalogo\/wp-json\/wp\/v2\/product_brand?post=99371"},{"taxonomy":"product_cat","embeddable":true,"href":"https:\/\/letrame.com\/catalogo\/wp-json\/wp\/v2\/product_cat?post=99371"},{"taxonomy":"product_tag","embeddable":true,"href":"https:\/\/letrame.com\/catalogo\/wp-json\/wp\/v2\/product_tag?post=99371"}],"curies":[{"name":"wp","href":"https:\/\/api.w.org\/{rel}","templated":true}]}}