{"id":99357,"date":"2024-04-29T16:14:24","date_gmt":"2024-04-29T14:14:24","guid":{"rendered":"https:\/\/letrame.com\/catalogo\/producto\/no-es-cuento\/"},"modified":"2024-04-29T16:14:42","modified_gmt":"2024-04-29T14:14:42","slug":"no-es-cuento","status":"publish","type":"product","link":"https:\/\/letrame.com\/catalogo\/producto\/no-es-cuento\/","title":{"rendered":"No es cuento"},"content":{"rendered":"<p><strong>ISBN<\/strong>: 978-84-1144-409-5<\/p>\n<p><strong>T\u00edtulo<\/strong>: No es cuento<br \/>\n<strong>Fecha<\/strong>: 2022<br \/>\n<strong>P\u00e1ginas<\/strong>: 336<\/p>\n<p><strong>SINOPSIS<\/strong><\/p>\n<p>\u00bfPor qu\u00e9 sabemos poco o nada de la historia reciente de Guatemala? \u00bfHubo masacres, torturas, desapariciones, cr\u00edmenes de lesa humanidad? \u00bfQu\u00e9 oculta la historia \u00aboficial\u00bb acerca de esto? \u00bfExisti\u00f3 un movimiento guerrillero? \u00bfQui\u00e9nes lo integraban? \u00bfC\u00f3mo actuaban? \u00bfC\u00f3mo funcionaba su aparato log\u00edstico? Estas y otras respuestas las encontrar\u00e1n aqu\u00ed, directamente salidas del l\u00e1piz de uno de los protagonistas de la historia de este pa\u00eds: el comandante en jefe de las Fuerzas Armadas Rebeldes de Guatemala, Pablo Monsanto.<br \/>\nPablo se desprende de su verdad a trav\u00e9s de un relato ameno y coloquial que expone una historia de dictaduras encubiertas, medios de comunicaci\u00f3n serviles al mejor postor, ambiciones, intrigas, traiciones y falsedades que dieron al traste con el sue\u00f1o de una Guatemala mejor.<br \/>\nLa guerrilla, sus logros y desaciertos, sus esperanzas de alcanzar la unidad de todas las fuerzas rebeldes para llevar adelante un proyecto social de igualdad y progreso, son desvelos que Monsanto ha decidido dejar impresos aqu\u00ed porque, como dijo Jos\u00e9 Mart\u00ed: la palabra no es para encubrir la verdad, sino para decirla.<\/p>\n<p>Bel\u00e9n Ca\u00f1as L\u00f3pez<\/p>\n","protected":false},"excerpt":{"rendered":"<p><strong>ISBN<\/strong>: 978-84-1144-409-5<\/p>\n<p><strong>SINOPSIS<\/strong><\/p>\n<p>\u00bfPor qu\u00e9 sabemos poco o nada de la historia reciente de Guatemala? \u00bfHubo masacres, torturas, desapariciones, cr\u00edmenes de lesa humanidad? \u00bfQu\u00e9 oculta la historia \u00aboficial\u00bb acerca de esto? \u00bfExisti\u00f3 un movimiento guerrillero? \u00bfQui\u00e9nes lo integraban? \u00bfC\u00f3mo actuaban? \u00bfC\u00f3mo funcionaba su aparato log\u00edstico? Estas y otras respuestas las encontrar\u00e1n aqu\u00ed, directamente salidas del l\u00e1piz de uno de los protagonistas de la historia de este pa\u00eds: el comandante en jefe de las Fuerzas Armadas Rebeldes de Guatemala, Pablo Monsanto.<br \/>\nPablo se desprende de su verdad a trav\u00e9s de un relato ameno y coloquial que expone una historia de dictaduras encubiertas, medios de comunicaci\u00f3n serviles al mejor postor, ambiciones, intrigas, traiciones y falsedades que dieron al traste con el sue\u00f1o de una Guatemala mejor.<br \/>\nLa guerrilla, sus logros y desaciertos, sus esperanzas de alcanzar la unidad de todas las fuerzas rebeldes para llevar adelante un proyecto social de igualdad y progreso, son desvelos que Monsanto ha decidido dejar impresos aqu\u00ed porque, como dijo Jos\u00e9 Mart\u00ed: la palabra no es para encubrir la verdad, sino para decirla.<\/p>\n<p>Bel\u00e9n Ca\u00f1as L\u00f3pez<\/p>\n","protected":false},"featured_media":99358,"comment_status":"closed","ping_status":"open","template":"","meta":{"_acf_changed":false},"libro":[],"product_brand":[],"product_cat":[26],"product_tag":[],"class_list":{"0":"post-99357","1":"product","2":"type-product","3":"status-publish","4":"has-post-thumbnail","6":"product_cat-sin-categoria","8":"first","9":"instock","10":"product-type-simple"},"acf":{"autor":[77708],"enlace_de_compra":"https:\/\/www.amazon.es\/No-es-cuento-Pablo-Monsanto-ebook\/dp\/B0C8YMXY89\/"},"yoast_head":"<!-- This site is optimized with the Yoast SEO plugin v26.6 - https:\/\/yoast.com\/wordpress\/plugins\/seo\/ -->\n<title>No es cuento - Catalogo | Letrame Grupo Editorial<\/title>\n<meta name=\"robots\" content=\"index, follow, max-snippet:-1, max-image-preview:large, max-video-preview:-1\" \/>\n<link rel=\"canonical\" href=\"https:\/\/letrame.com\/catalogo\/producto\/no-es-cuento\/\" \/>\n<meta property=\"og:locale\" content=\"es_ES\" \/>\n<meta property=\"og:type\" content=\"article\" \/>\n<meta property=\"og:title\" content=\"No es cuento - Catalogo | Letrame Grupo Editorial\" \/>\n<meta property=\"og:description\" content=\"ISBN: 978-84-1144-409-5 SINOPSIS \u00bfPor qu\u00e9 sabemos poco o nada de la historia reciente de Guatemala? \u00bfHubo masacres, torturas, desapariciones, cr\u00edmenes de lesa humanidad? \u00bfQu\u00e9 oculta la historia &quot;oficial&quot; acerca de esto? \u00bfExisti\u00f3 un movimiento guerrillero? \u00bfQui\u00e9nes lo integraban? \u00bfC\u00f3mo actuaban? \u00bfC\u00f3mo funcionaba su aparato log\u00edstico? Estas y otras respuestas las encontrar\u00e1n aqu\u00ed, directamente salidas del l\u00e1piz de uno de los protagonistas de la historia de este pa\u00eds: el comandante en jefe de las Fuerzas Armadas Rebeldes de Guatemala, Pablo Monsanto. Pablo se desprende de su verdad a trav\u00e9s de un relato ameno y coloquial que expone una historia de dictaduras encubiertas, medios de comunicaci\u00f3n serviles al mejor postor, ambiciones, intrigas, traiciones y falsedades que dieron al traste con el sue\u00f1o de una Guatemala mejor. La guerrilla, sus logros y desaciertos, sus esperanzas de alcanzar la unidad de todas las fuerzas rebeldes para llevar adelante un proyecto social de igualdad y progreso, son desvelos que Monsanto ha decidido dejar impresos aqu\u00ed porque, como dijo Jos\u00e9 Mart\u00ed: la palabra no es para encubrir la verdad, sino para decirla. Bel\u00e9n Ca\u00f1as L\u00f3pez\" \/>\n<meta property=\"og:url\" content=\"https:\/\/letrame.com\/catalogo\/producto\/no-es-cuento\/\" \/>\n<meta property=\"og:site_name\" content=\"Catalogo | Letrame Grupo Editorial\" \/>\n<meta property=\"article:modified_time\" content=\"2024-04-29T14:14:42+00:00\" \/>\n<meta property=\"og:image\" content=\"https:\/\/letrame.com\/catalogo\/wp-content\/uploads\/2024\/04\/redportada_noescuento_1657mm-compressed.jpg\" \/>\n\t<meta property=\"og:image:width\" content=\"601\" \/>\n\t<meta property=\"og:image:height\" content=\"881\" \/>\n\t<meta property=\"og:image:type\" content=\"image\/jpeg\" \/>\n<meta name=\"twitter:card\" content=\"summary_large_image\" \/>\n<meta name=\"twitter:label1\" content=\"Tiempo de lectura\" \/>\n\t<meta name=\"twitter:data1\" content=\"1 minuto\" \/>\n<script type=\"application\/ld+json\" class=\"yoast-schema-graph\">{\"@context\":\"https:\/\/schema.org\",\"@graph\":[{\"@type\":\"WebPage\",\"@id\":\"https:\/\/letrame.com\/catalogo\/producto\/no-es-cuento\/\",\"url\":\"https:\/\/letrame.com\/catalogo\/producto\/no-es-cuento\/\",\"name\":\"No es cuento - Catalogo | Letrame Grupo Editorial\",\"isPartOf\":{\"@id\":\"https:\/\/letrame.com\/catalogo\/#website\"},\"primaryImageOfPage\":{\"@id\":\"https:\/\/letrame.com\/catalogo\/producto\/no-es-cuento\/#primaryimage\"},\"image\":{\"@id\":\"https:\/\/letrame.com\/catalogo\/producto\/no-es-cuento\/#primaryimage\"},\"thumbnailUrl\":\"https:\/\/letrame.com\/catalogo\/wp-content\/uploads\/2024\/04\/redportada_noescuento_1657mm-compressed.jpg\",\"datePublished\":\"2024-04-29T14:14:24+00:00\",\"dateModified\":\"2024-04-29T14:14:42+00:00\",\"breadcrumb\":{\"@id\":\"https:\/\/letrame.com\/catalogo\/producto\/no-es-cuento\/#breadcrumb\"},\"inLanguage\":\"es\",\"potentialAction\":[{\"@type\":\"ReadAction\",\"target\":[\"https:\/\/letrame.com\/catalogo\/producto\/no-es-cuento\/\"]}]},{\"@type\":\"ImageObject\",\"inLanguage\":\"es\",\"@id\":\"https:\/\/letrame.com\/catalogo\/producto\/no-es-cuento\/#primaryimage\",\"url\":\"https:\/\/letrame.com\/catalogo\/wp-content\/uploads\/2024\/04\/redportada_noescuento_1657mm-compressed.jpg\",\"contentUrl\":\"https:\/\/letrame.com\/catalogo\/wp-content\/uploads\/2024\/04\/redportada_noescuento_1657mm-compressed.jpg\",\"width\":601,\"height\":881},{\"@type\":\"BreadcrumbList\",\"@id\":\"https:\/\/letrame.com\/catalogo\/producto\/no-es-cuento\/#breadcrumb\",\"itemListElement\":[{\"@type\":\"ListItem\",\"position\":1,\"name\":\"Portada\",\"item\":\"https:\/\/letrame.com\/catalogo\/\"},{\"@type\":\"ListItem\",\"position\":2,\"name\":\"Cat\u00e1logo\",\"item\":\"https:\/\/letrame.com\/catalogo\/\"},{\"@type\":\"ListItem\",\"position\":3,\"name\":\"No es cuento\"}]},{\"@type\":\"WebSite\",\"@id\":\"https:\/\/letrame.com\/catalogo\/#website\",\"url\":\"https:\/\/letrame.com\/catalogo\/\",\"name\":\"Catalogo | Letrame Grupo Editorial\",\"description\":\"\",\"publisher\":{\"@id\":\"https:\/\/letrame.com\/catalogo\/#organization\"},\"potentialAction\":[{\"@type\":\"SearchAction\",\"target\":{\"@type\":\"EntryPoint\",\"urlTemplate\":\"https:\/\/letrame.com\/catalogo\/?s={search_term_string}\"},\"query-input\":{\"@type\":\"PropertyValueSpecification\",\"valueRequired\":true,\"valueName\":\"search_term_string\"}}],\"inLanguage\":\"es\"},{\"@type\":\"Organization\",\"@id\":\"https:\/\/letrame.com\/catalogo\/#organization\",\"name\":\"Catalogo | Letrame Grupo Editorial\",\"url\":\"https:\/\/letrame.com\/catalogo\/\",\"logo\":{\"@type\":\"ImageObject\",\"inLanguage\":\"es\",\"@id\":\"https:\/\/letrame.com\/catalogo\/#\/schema\/logo\/image\/\",\"url\":\"https:\/\/letrame.com\/catalogo\/wp-content\/uploads\/2024\/03\/logo2.webp\",\"contentUrl\":\"https:\/\/letrame.com\/catalogo\/wp-content\/uploads\/2024\/03\/logo2.webp\",\"width\":394,\"height\":128,\"caption\":\"Catalogo | Letrame Grupo Editorial\"},\"image\":{\"@id\":\"https:\/\/letrame.com\/catalogo\/#\/schema\/logo\/image\/\"}}]}<\/script>\n<!-- \/ Yoast SEO plugin. -->","yoast_head_json":{"title":"No es cuento - Catalogo | Letrame Grupo Editorial","robots":{"index":"index","follow":"follow","max-snippet":"max-snippet:-1","max-image-preview":"max-image-preview:large","max-video-preview":"max-video-preview:-1"},"canonical":"https:\/\/letrame.com\/catalogo\/producto\/no-es-cuento\/","og_locale":"es_ES","og_type":"article","og_title":"No es cuento - Catalogo | Letrame Grupo Editorial","og_description":"ISBN: 978-84-1144-409-5 SINOPSIS \u00bfPor qu\u00e9 sabemos poco o nada de la historia reciente de Guatemala? \u00bfHubo masacres, torturas, desapariciones, cr\u00edmenes de lesa humanidad? \u00bfQu\u00e9 oculta la historia \"oficial\" acerca de esto? \u00bfExisti\u00f3 un movimiento guerrillero? \u00bfQui\u00e9nes lo integraban? \u00bfC\u00f3mo actuaban? \u00bfC\u00f3mo funcionaba su aparato log\u00edstico? Estas y otras respuestas las encontrar\u00e1n aqu\u00ed, directamente salidas del l\u00e1piz de uno de los protagonistas de la historia de este pa\u00eds: el comandante en jefe de las Fuerzas Armadas Rebeldes de Guatemala, Pablo Monsanto. Pablo se desprende de su verdad a trav\u00e9s de un relato ameno y coloquial que expone una historia de dictaduras encubiertas, medios de comunicaci\u00f3n serviles al mejor postor, ambiciones, intrigas, traiciones y falsedades que dieron al traste con el sue\u00f1o de una Guatemala mejor. La guerrilla, sus logros y desaciertos, sus esperanzas de alcanzar la unidad de todas las fuerzas rebeldes para llevar adelante un proyecto social de igualdad y progreso, son desvelos que Monsanto ha decidido dejar impresos aqu\u00ed porque, como dijo Jos\u00e9 Mart\u00ed: la palabra no es para encubrir la verdad, sino para decirla. Bel\u00e9n Ca\u00f1as L\u00f3pez","og_url":"https:\/\/letrame.com\/catalogo\/producto\/no-es-cuento\/","og_site_name":"Catalogo | Letrame Grupo Editorial","article_modified_time":"2024-04-29T14:14:42+00:00","og_image":[{"width":601,"height":881,"url":"https:\/\/letrame.com\/catalogo\/wp-content\/uploads\/2024\/04\/redportada_noescuento_1657mm-compressed.jpg","type":"image\/jpeg"}],"twitter_card":"summary_large_image","twitter_misc":{"Tiempo de lectura":"1 minuto"},"schema":{"@context":"https:\/\/schema.org","@graph":[{"@type":"WebPage","@id":"https:\/\/letrame.com\/catalogo\/producto\/no-es-cuento\/","url":"https:\/\/letrame.com\/catalogo\/producto\/no-es-cuento\/","name":"No es cuento - Catalogo | Letrame Grupo Editorial","isPartOf":{"@id":"https:\/\/letrame.com\/catalogo\/#website"},"primaryImageOfPage":{"@id":"https:\/\/letrame.com\/catalogo\/producto\/no-es-cuento\/#primaryimage"},"image":{"@id":"https:\/\/letrame.com\/catalogo\/producto\/no-es-cuento\/#primaryimage"},"thumbnailUrl":"https:\/\/letrame.com\/catalogo\/wp-content\/uploads\/2024\/04\/redportada_noescuento_1657mm-compressed.jpg","datePublished":"2024-04-29T14:14:24+00:00","dateModified":"2024-04-29T14:14:42+00:00","breadcrumb":{"@id":"https:\/\/letrame.com\/catalogo\/producto\/no-es-cuento\/#breadcrumb"},"inLanguage":"es","potentialAction":[{"@type":"ReadAction","target":["https:\/\/letrame.com\/catalogo\/producto\/no-es-cuento\/"]}]},{"@type":"ImageObject","inLanguage":"es","@id":"https:\/\/letrame.com\/catalogo\/producto\/no-es-cuento\/#primaryimage","url":"https:\/\/letrame.com\/catalogo\/wp-content\/uploads\/2024\/04\/redportada_noescuento_1657mm-compressed.jpg","contentUrl":"https:\/\/letrame.com\/catalogo\/wp-content\/uploads\/2024\/04\/redportada_noescuento_1657mm-compressed.jpg","width":601,"height":881},{"@type":"BreadcrumbList","@id":"https:\/\/letrame.com\/catalogo\/producto\/no-es-cuento\/#breadcrumb","itemListElement":[{"@type":"ListItem","position":1,"name":"Portada","item":"https:\/\/letrame.com\/catalogo\/"},{"@type":"ListItem","position":2,"name":"Cat\u00e1logo","item":"https:\/\/letrame.com\/catalogo\/"},{"@type":"ListItem","position":3,"name":"No es cuento"}]},{"@type":"WebSite","@id":"https:\/\/letrame.com\/catalogo\/#website","url":"https:\/\/letrame.com\/catalogo\/","name":"Catalogo | Letrame Grupo Editorial","description":"","publisher":{"@id":"https:\/\/letrame.com\/catalogo\/#organization"},"potentialAction":[{"@type":"SearchAction","target":{"@type":"EntryPoint","urlTemplate":"https:\/\/letrame.com\/catalogo\/?s={search_term_string}"},"query-input":{"@type":"PropertyValueSpecification","valueRequired":true,"valueName":"search_term_string"}}],"inLanguage":"es"},{"@type":"Organization","@id":"https:\/\/letrame.com\/catalogo\/#organization","name":"Catalogo | Letrame Grupo Editorial","url":"https:\/\/letrame.com\/catalogo\/","logo":{"@type":"ImageObject","inLanguage":"es","@id":"https:\/\/letrame.com\/catalogo\/#\/schema\/logo\/image\/","url":"https:\/\/letrame.com\/catalogo\/wp-content\/uploads\/2024\/03\/logo2.webp","contentUrl":"https:\/\/letrame.com\/catalogo\/wp-content\/uploads\/2024\/03\/logo2.webp","width":394,"height":128,"caption":"Catalogo | Letrame Grupo Editorial"},"image":{"@id":"https:\/\/letrame.com\/catalogo\/#\/schema\/logo\/image\/"}}]}},"_links":{"self":[{"href":"https:\/\/letrame.com\/catalogo\/wp-json\/wp\/v2\/product\/99357","targetHints":{"allow":["GET"]}}],"collection":[{"href":"https:\/\/letrame.com\/catalogo\/wp-json\/wp\/v2\/product"}],"about":[{"href":"https:\/\/letrame.com\/catalogo\/wp-json\/wp\/v2\/types\/product"}],"replies":[{"embeddable":true,"href":"https:\/\/letrame.com\/catalogo\/wp-json\/wp\/v2\/comments?post=99357"}],"acf:post":[{"embeddable":true,"href":"https:\/\/letrame.com\/catalogo\/wp-json\/wp\/v2\/author_book\/77708"}],"wp:featuredmedia":[{"embeddable":true,"href":"https:\/\/letrame.com\/catalogo\/wp-json\/wp\/v2\/media\/99358"}],"wp:attachment":[{"href":"https:\/\/letrame.com\/catalogo\/wp-json\/wp\/v2\/media?parent=99357"}],"wp:term":[{"taxonomy":"libro","embeddable":true,"href":"https:\/\/letrame.com\/catalogo\/wp-json\/wp\/v2\/libro?post=99357"},{"taxonomy":"product_brand","embeddable":true,"href":"https:\/\/letrame.com\/catalogo\/wp-json\/wp\/v2\/product_brand?post=99357"},{"taxonomy":"product_cat","embeddable":true,"href":"https:\/\/letrame.com\/catalogo\/wp-json\/wp\/v2\/product_cat?post=99357"},{"taxonomy":"product_tag","embeddable":true,"href":"https:\/\/letrame.com\/catalogo\/wp-json\/wp\/v2\/product_tag?post=99357"}],"curies":[{"name":"wp","href":"https:\/\/api.w.org\/{rel}","templated":true}]}}