{"id":99349,"date":"2024-04-29T16:14:01","date_gmt":"2024-04-29T14:14:01","guid":{"rendered":"https:\/\/letrame.com\/catalogo\/producto\/constelaciones-familiares-holisticas\/"},"modified":"2024-07-30T13:31:08","modified_gmt":"2024-07-30T11:31:08","slug":"constelaciones-familiares-holisticas","status":"publish","type":"product","link":"https:\/\/letrame.com\/catalogo\/producto\/constelaciones-familiares-holisticas\/","title":{"rendered":"Constelaciones familiares hol\u00edsticas"},"content":{"rendered":"<p><strong>ISBN<\/strong>: 978-84-1144-776-8<\/p>\n<p><strong>T\u00edtulo<\/strong>: Constelaciones familiares hol\u00edsticas<br \/>\n<strong>Fecha<\/strong>: 2023<br \/>\n<strong>P\u00e1ginas<\/strong>: 246<\/p>\n<p><strong>SINOPSIS<\/strong><\/p>\n<p>\u00bfQuieres hacer una Constelaci\u00f3n Familiar? \u00bfSanar elementos de tu transgeneracional? \u00bfBuscar soluciones a emociones estancadas en tu \u00e1rbol para que se abran tus caminos de vida? Parece que hoy todo el mundo se apunta a la nueva moda creada por Hellinger\u2026 M\u00e1s aun, que \u00a1cualquiera puede dirigir o ser facilitador de una Constelaci\u00f3n! Puede que nos estemos enterrando en un mundo desconocido y lleno de elementos incomprensibles y a\u00f1adidos al inicial \u00abrol\u00bb que ocupa cada miembro del clan. \u00bfY qu\u00e9 sucede con la parte hol\u00edstica? Entender las energ\u00edas enganchadas a nuestro transgeneracional, maldiciones, magia, pactos, lazos, trabajos de oscuridad, amarres, etc. son realidades que no se tuvieron en cuenta en sus inicios, pero delimitan el resultado de una constelaci\u00f3n. Navegar entre estas oscuras aguas sin conocimiento del mundo en el que nos estamos metiendo\u00a0puede tener consecuencias negativas mucho m\u00e1s trascendentes de lo que nos parece. Ignorar lo que hay al otro lado no significa que no nos afecte. Antes de realizar una constelaci\u00f3n familiar, ser\u00eda recomendable que leyese este libro\u2026 luego, usted decide c\u00f3mo y con qui\u00e9n participar o trabajar su papel de vida, dentro del \u00e1rbol familiar.<\/p>\n","protected":false},"excerpt":{"rendered":"<p><strong>ISBN<\/strong>: 978-84-1144-776-8<\/p>\n<p><strong>SINOPSIS<\/strong><\/p>\n<p>\u00bfQuieres hacer una Constelaci\u00f3n Familiar? \u00bfSanar elementos de tu transgeneracional? \u00bfBuscar soluciones a emociones estancadas en tu \u00e1rbol para que se abran tus caminos de vida? Parece que hoy todo el mundo se apunta a la nueva moda creada por Hellinger\u2026 M\u00e1s aun, que \u00a1cualquiera puede dirigir o ser facilitador de una Constelaci\u00f3n! Puede que nos estemos enterrando en un mundo desconocido y lleno de elementos incomprensibles y a\u00f1adidos al inicial \u00abrol\u00bb que ocupa cada miembro del clan. \u00bfY qu\u00e9 sucede con la parte hol\u00edstica? Entender las energ\u00edas enganchadas a nuestro transgeneracional, maldiciones, magia, pactos, lazos, trabajos de oscuridad, amarres, etc. son realidades que no se tuvieron en cuenta en sus inicios, pero delimitan el resultado de una constelaci\u00f3n. Navegar entre estas oscuras aguas sin conocimiento del mundo en el que nos estamos metiendo\u00a0puede tener consecuencias negativas mucho m\u00e1s trascendentes de lo que nos parece. Ignorar lo que hay al otro lado no significa que no nos afecte. Antes de realizar una constelaci\u00f3n familiar, ser\u00eda recomendable que leyese este libro\u2026 luego, usted decide c\u00f3mo y con qui\u00e9n participar o trabajar su papel de vida, dentro del \u00e1rbol familiar.<\/p>\n","protected":false},"featured_media":99350,"comment_status":"closed","ping_status":"closed","template":"","meta":{"_acf_changed":false},"libro":[],"product_brand":[],"product_cat":[16],"product_tag":[],"class_list":{"0":"post-99349","1":"product","2":"type-product","3":"status-publish","4":"has-post-thumbnail","6":"product_cat-novela","8":"first","9":"instock","10":"product-type-simple"},"acf":{"autor":[77691],"enlace_de_compra":""},"yoast_head":"<!-- This site is optimized with the Yoast SEO plugin v26.6 - https:\/\/yoast.com\/wordpress\/plugins\/seo\/ -->\n<title>Constelaciones familiares hol\u00edsticas - Catalogo | Letrame Grupo Editorial<\/title>\n<meta name=\"robots\" content=\"index, follow, max-snippet:-1, max-image-preview:large, max-video-preview:-1\" \/>\n<link rel=\"canonical\" href=\"https:\/\/letrame.com\/catalogo\/producto\/constelaciones-familiares-holisticas\/\" \/>\n<meta property=\"og:locale\" content=\"es_ES\" \/>\n<meta property=\"og:type\" content=\"article\" \/>\n<meta property=\"og:title\" content=\"Constelaciones familiares hol\u00edsticas - Catalogo | Letrame Grupo Editorial\" \/>\n<meta property=\"og:description\" content=\"ISBN: 978-84-1144-776-8  SINOPSIS  \u00bfQuieres hacer una Constelaci\u00f3n Familiar? \u00bfSanar elementos de tu transgeneracional? \u00bfBuscar soluciones a emociones estancadas en tu \u00e1rbol para que se abran tus caminos de vida? Parece que hoy todo el mundo se apunta a la nueva moda creada por Hellinger\u2026 M\u00e1s aun, que \u00a1cualquiera puede dirigir o ser facilitador de una Constelaci\u00f3n! Puede que nos estemos enterrando en un mundo desconocido y lleno de elementos incomprensibles y a\u00f1adidos al inicial \u00abrol\u00bb que ocupa cada miembro del clan. \u00bfY qu\u00e9 sucede con la parte hol\u00edstica? Entender las energ\u00edas enganchadas a nuestro transgeneracional, maldiciones, magia, pactos, lazos, trabajos de oscuridad, amarres, etc. son realidades que no se tuvieron en cuenta en sus inicios, pero delimitan el resultado de una constelaci\u00f3n. Navegar entre estas oscuras aguas sin conocimiento del mundo en el que nos estamos metiendo\u00a0puede tener consecuencias negativas mucho m\u00e1s trascendentes de lo que nos parece. Ignorar lo que hay al otro lado no significa que no nos afecte. Antes de realizar una constelaci\u00f3n familiar, ser\u00eda recomendable que leyese este libro\u2026 luego, usted decide c\u00f3mo y con qui\u00e9n participar o trabajar su papel de vida, dentro del \u00e1rbol familiar.\" \/>\n<meta property=\"og:url\" content=\"https:\/\/letrame.com\/catalogo\/producto\/constelaciones-familiares-holisticas\/\" \/>\n<meta property=\"og:site_name\" content=\"Catalogo | Letrame Grupo Editorial\" \/>\n<meta property=\"article:modified_time\" content=\"2024-07-30T11:31:08+00:00\" \/>\n<meta property=\"og:image\" content=\"https:\/\/letrame.com\/catalogo\/wp-content\/uploads\/2024\/04\/webportadaconstelacionesfamiliares_14mm-compressed.jpg\" \/>\n\t<meta property=\"og:image:width\" content=\"601\" \/>\n\t<meta property=\"og:image:height\" content=\"849\" \/>\n\t<meta property=\"og:image:type\" content=\"image\/jpeg\" \/>\n<meta name=\"twitter:card\" content=\"summary_large_image\" \/>\n<meta name=\"twitter:label1\" content=\"Tiempo de lectura\" \/>\n\t<meta name=\"twitter:data1\" content=\"2 minutos\" \/>\n<script type=\"application\/ld+json\" class=\"yoast-schema-graph\">{\"@context\":\"https:\/\/schema.org\",\"@graph\":[{\"@type\":\"WebPage\",\"@id\":\"https:\/\/letrame.com\/catalogo\/producto\/constelaciones-familiares-holisticas\/\",\"url\":\"https:\/\/letrame.com\/catalogo\/producto\/constelaciones-familiares-holisticas\/\",\"name\":\"Constelaciones familiares hol\u00edsticas - Catalogo | Letrame Grupo Editorial\",\"isPartOf\":{\"@id\":\"https:\/\/letrame.com\/catalogo\/#website\"},\"primaryImageOfPage\":{\"@id\":\"https:\/\/letrame.com\/catalogo\/producto\/constelaciones-familiares-holisticas\/#primaryimage\"},\"image\":{\"@id\":\"https:\/\/letrame.com\/catalogo\/producto\/constelaciones-familiares-holisticas\/#primaryimage\"},\"thumbnailUrl\":\"https:\/\/letrame.com\/catalogo\/wp-content\/uploads\/2024\/04\/webportadaconstelacionesfamiliares_14mm-compressed.jpg\",\"datePublished\":\"2024-04-29T14:14:01+00:00\",\"dateModified\":\"2024-07-30T11:31:08+00:00\",\"breadcrumb\":{\"@id\":\"https:\/\/letrame.com\/catalogo\/producto\/constelaciones-familiares-holisticas\/#breadcrumb\"},\"inLanguage\":\"es\",\"potentialAction\":[{\"@type\":\"ReadAction\",\"target\":[\"https:\/\/letrame.com\/catalogo\/producto\/constelaciones-familiares-holisticas\/\"]}]},{\"@type\":\"ImageObject\",\"inLanguage\":\"es\",\"@id\":\"https:\/\/letrame.com\/catalogo\/producto\/constelaciones-familiares-holisticas\/#primaryimage\",\"url\":\"https:\/\/letrame.com\/catalogo\/wp-content\/uploads\/2024\/04\/webportadaconstelacionesfamiliares_14mm-compressed.jpg\",\"contentUrl\":\"https:\/\/letrame.com\/catalogo\/wp-content\/uploads\/2024\/04\/webportadaconstelacionesfamiliares_14mm-compressed.jpg\",\"width\":601,\"height\":849},{\"@type\":\"BreadcrumbList\",\"@id\":\"https:\/\/letrame.com\/catalogo\/producto\/constelaciones-familiares-holisticas\/#breadcrumb\",\"itemListElement\":[{\"@type\":\"ListItem\",\"position\":1,\"name\":\"Portada\",\"item\":\"https:\/\/letrame.com\/catalogo\/\"},{\"@type\":\"ListItem\",\"position\":2,\"name\":\"Cat\u00e1logo\",\"item\":\"https:\/\/letrame.com\/catalogo\/\"},{\"@type\":\"ListItem\",\"position\":3,\"name\":\"Constelaciones familiares hol\u00edsticas\"}]},{\"@type\":\"WebSite\",\"@id\":\"https:\/\/letrame.com\/catalogo\/#website\",\"url\":\"https:\/\/letrame.com\/catalogo\/\",\"name\":\"Catalogo | Letrame Grupo Editorial\",\"description\":\"\",\"publisher\":{\"@id\":\"https:\/\/letrame.com\/catalogo\/#organization\"},\"potentialAction\":[{\"@type\":\"SearchAction\",\"target\":{\"@type\":\"EntryPoint\",\"urlTemplate\":\"https:\/\/letrame.com\/catalogo\/?s={search_term_string}\"},\"query-input\":{\"@type\":\"PropertyValueSpecification\",\"valueRequired\":true,\"valueName\":\"search_term_string\"}}],\"inLanguage\":\"es\"},{\"@type\":\"Organization\",\"@id\":\"https:\/\/letrame.com\/catalogo\/#organization\",\"name\":\"Catalogo | Letrame Grupo Editorial\",\"url\":\"https:\/\/letrame.com\/catalogo\/\",\"logo\":{\"@type\":\"ImageObject\",\"inLanguage\":\"es\",\"@id\":\"https:\/\/letrame.com\/catalogo\/#\/schema\/logo\/image\/\",\"url\":\"https:\/\/letrame.com\/catalogo\/wp-content\/uploads\/2024\/03\/logo2.webp\",\"contentUrl\":\"https:\/\/letrame.com\/catalogo\/wp-content\/uploads\/2024\/03\/logo2.webp\",\"width\":394,\"height\":128,\"caption\":\"Catalogo | Letrame Grupo Editorial\"},\"image\":{\"@id\":\"https:\/\/letrame.com\/catalogo\/#\/schema\/logo\/image\/\"}}]}<\/script>\n<!-- \/ Yoast SEO plugin. -->","yoast_head_json":{"title":"Constelaciones familiares hol\u00edsticas - Catalogo | Letrame Grupo Editorial","robots":{"index":"index","follow":"follow","max-snippet":"max-snippet:-1","max-image-preview":"max-image-preview:large","max-video-preview":"max-video-preview:-1"},"canonical":"https:\/\/letrame.com\/catalogo\/producto\/constelaciones-familiares-holisticas\/","og_locale":"es_ES","og_type":"article","og_title":"Constelaciones familiares hol\u00edsticas - Catalogo | Letrame Grupo Editorial","og_description":"ISBN: 978-84-1144-776-8  SINOPSIS  \u00bfQuieres hacer una Constelaci\u00f3n Familiar? \u00bfSanar elementos de tu transgeneracional? \u00bfBuscar soluciones a emociones estancadas en tu \u00e1rbol para que se abran tus caminos de vida? Parece que hoy todo el mundo se apunta a la nueva moda creada por Hellinger\u2026 M\u00e1s aun, que \u00a1cualquiera puede dirigir o ser facilitador de una Constelaci\u00f3n! Puede que nos estemos enterrando en un mundo desconocido y lleno de elementos incomprensibles y a\u00f1adidos al inicial \u00abrol\u00bb que ocupa cada miembro del clan. \u00bfY qu\u00e9 sucede con la parte hol\u00edstica? Entender las energ\u00edas enganchadas a nuestro transgeneracional, maldiciones, magia, pactos, lazos, trabajos de oscuridad, amarres, etc. son realidades que no se tuvieron en cuenta en sus inicios, pero delimitan el resultado de una constelaci\u00f3n. Navegar entre estas oscuras aguas sin conocimiento del mundo en el que nos estamos metiendo\u00a0puede tener consecuencias negativas mucho m\u00e1s trascendentes de lo que nos parece. Ignorar lo que hay al otro lado no significa que no nos afecte. Antes de realizar una constelaci\u00f3n familiar, ser\u00eda recomendable que leyese este libro\u2026 luego, usted decide c\u00f3mo y con qui\u00e9n participar o trabajar su papel de vida, dentro del \u00e1rbol familiar.","og_url":"https:\/\/letrame.com\/catalogo\/producto\/constelaciones-familiares-holisticas\/","og_site_name":"Catalogo | Letrame Grupo Editorial","article_modified_time":"2024-07-30T11:31:08+00:00","og_image":[{"width":601,"height":849,"url":"https:\/\/letrame.com\/catalogo\/wp-content\/uploads\/2024\/04\/webportadaconstelacionesfamiliares_14mm-compressed.jpg","type":"image\/jpeg"}],"twitter_card":"summary_large_image","twitter_misc":{"Tiempo de lectura":"2 minutos"},"schema":{"@context":"https:\/\/schema.org","@graph":[{"@type":"WebPage","@id":"https:\/\/letrame.com\/catalogo\/producto\/constelaciones-familiares-holisticas\/","url":"https:\/\/letrame.com\/catalogo\/producto\/constelaciones-familiares-holisticas\/","name":"Constelaciones familiares hol\u00edsticas - Catalogo | Letrame Grupo Editorial","isPartOf":{"@id":"https:\/\/letrame.com\/catalogo\/#website"},"primaryImageOfPage":{"@id":"https:\/\/letrame.com\/catalogo\/producto\/constelaciones-familiares-holisticas\/#primaryimage"},"image":{"@id":"https:\/\/letrame.com\/catalogo\/producto\/constelaciones-familiares-holisticas\/#primaryimage"},"thumbnailUrl":"https:\/\/letrame.com\/catalogo\/wp-content\/uploads\/2024\/04\/webportadaconstelacionesfamiliares_14mm-compressed.jpg","datePublished":"2024-04-29T14:14:01+00:00","dateModified":"2024-07-30T11:31:08+00:00","breadcrumb":{"@id":"https:\/\/letrame.com\/catalogo\/producto\/constelaciones-familiares-holisticas\/#breadcrumb"},"inLanguage":"es","potentialAction":[{"@type":"ReadAction","target":["https:\/\/letrame.com\/catalogo\/producto\/constelaciones-familiares-holisticas\/"]}]},{"@type":"ImageObject","inLanguage":"es","@id":"https:\/\/letrame.com\/catalogo\/producto\/constelaciones-familiares-holisticas\/#primaryimage","url":"https:\/\/letrame.com\/catalogo\/wp-content\/uploads\/2024\/04\/webportadaconstelacionesfamiliares_14mm-compressed.jpg","contentUrl":"https:\/\/letrame.com\/catalogo\/wp-content\/uploads\/2024\/04\/webportadaconstelacionesfamiliares_14mm-compressed.jpg","width":601,"height":849},{"@type":"BreadcrumbList","@id":"https:\/\/letrame.com\/catalogo\/producto\/constelaciones-familiares-holisticas\/#breadcrumb","itemListElement":[{"@type":"ListItem","position":1,"name":"Portada","item":"https:\/\/letrame.com\/catalogo\/"},{"@type":"ListItem","position":2,"name":"Cat\u00e1logo","item":"https:\/\/letrame.com\/catalogo\/"},{"@type":"ListItem","position":3,"name":"Constelaciones familiares hol\u00edsticas"}]},{"@type":"WebSite","@id":"https:\/\/letrame.com\/catalogo\/#website","url":"https:\/\/letrame.com\/catalogo\/","name":"Catalogo | Letrame Grupo Editorial","description":"","publisher":{"@id":"https:\/\/letrame.com\/catalogo\/#organization"},"potentialAction":[{"@type":"SearchAction","target":{"@type":"EntryPoint","urlTemplate":"https:\/\/letrame.com\/catalogo\/?s={search_term_string}"},"query-input":{"@type":"PropertyValueSpecification","valueRequired":true,"valueName":"search_term_string"}}],"inLanguage":"es"},{"@type":"Organization","@id":"https:\/\/letrame.com\/catalogo\/#organization","name":"Catalogo | Letrame Grupo Editorial","url":"https:\/\/letrame.com\/catalogo\/","logo":{"@type":"ImageObject","inLanguage":"es","@id":"https:\/\/letrame.com\/catalogo\/#\/schema\/logo\/image\/","url":"https:\/\/letrame.com\/catalogo\/wp-content\/uploads\/2024\/03\/logo2.webp","contentUrl":"https:\/\/letrame.com\/catalogo\/wp-content\/uploads\/2024\/03\/logo2.webp","width":394,"height":128,"caption":"Catalogo | Letrame Grupo Editorial"},"image":{"@id":"https:\/\/letrame.com\/catalogo\/#\/schema\/logo\/image\/"}}]}},"_links":{"self":[{"href":"https:\/\/letrame.com\/catalogo\/wp-json\/wp\/v2\/product\/99349","targetHints":{"allow":["GET"]}}],"collection":[{"href":"https:\/\/letrame.com\/catalogo\/wp-json\/wp\/v2\/product"}],"about":[{"href":"https:\/\/letrame.com\/catalogo\/wp-json\/wp\/v2\/types\/product"}],"replies":[{"embeddable":true,"href":"https:\/\/letrame.com\/catalogo\/wp-json\/wp\/v2\/comments?post=99349"}],"acf:post":[{"embeddable":true,"href":"https:\/\/letrame.com\/catalogo\/wp-json\/wp\/v2\/author_book\/77691"}],"wp:featuredmedia":[{"embeddable":true,"href":"https:\/\/letrame.com\/catalogo\/wp-json\/wp\/v2\/media\/99350"}],"wp:attachment":[{"href":"https:\/\/letrame.com\/catalogo\/wp-json\/wp\/v2\/media?parent=99349"}],"wp:term":[{"taxonomy":"libro","embeddable":true,"href":"https:\/\/letrame.com\/catalogo\/wp-json\/wp\/v2\/libro?post=99349"},{"taxonomy":"product_brand","embeddable":true,"href":"https:\/\/letrame.com\/catalogo\/wp-json\/wp\/v2\/product_brand?post=99349"},{"taxonomy":"product_cat","embeddable":true,"href":"https:\/\/letrame.com\/catalogo\/wp-json\/wp\/v2\/product_cat?post=99349"},{"taxonomy":"product_tag","embeddable":true,"href":"https:\/\/letrame.com\/catalogo\/wp-json\/wp\/v2\/product_tag?post=99349"}],"curies":[{"name":"wp","href":"https:\/\/api.w.org\/{rel}","templated":true}]}}