{"id":99347,"date":"2024-04-29T16:14:01","date_gmt":"2024-04-29T14:14:01","guid":{"rendered":"https:\/\/letrame.com\/catalogo\/producto\/las-claves-de-la-divina-misericordia\/"},"modified":"2024-04-29T16:14:02","modified_gmt":"2024-04-29T14:14:02","slug":"las-claves-de-la-divina-misericordia","status":"publish","type":"product","link":"https:\/\/letrame.com\/catalogo\/producto\/las-claves-de-la-divina-misericordia\/","title":{"rendered":"Las claves de la Divina Misericordia"},"content":{"rendered":"<p><strong>ISBN<\/strong>: 978-84-1181-026-5<\/p>\n<p><strong>T\u00edtulo<\/strong>: Las claves de la Divina Misericordia<br \/>\n<strong>Fecha<\/strong>: 2023<br \/>\n<strong>P\u00e1ginas<\/strong>: 158<\/p>\n<p><strong>SINOPSIS<\/strong><\/p>\n<p><em>Las claves de la Divina Misericordia: los mensajes de Jesucristo para la humanidad que sufre<\/em> es un ensayo basado en el <em>Diario <\/em>de santa Faustina Kowalska que ayuda a conocer y comprender los mensajes que Jes\u00fas le revel\u00f3 en el siglo XX a la religiosa polaca sobre la Misericordia de Dios por todos los hombres, para que la humanidad conf\u00ede en \u00c9l, deje de sufrir, tenga paz y manifieste abundancia ilimitada en la vida.<\/p>\n<p>La obra incluye an\u00e1lisis e interpretaci\u00f3n de los principales extractos de las m\u00e1s de seiscientas p\u00e1ginas del <em>Diario<\/em> de santa Faustina con la finalidad de que el lector ahonde en las palabras de Jesucristo, entre las que el Se\u00f1or revela las claves para que la persona transcienda cualquier sufrimiento y transforme su vida, resolviendo todo tipo de problemas y haciendo realidad sus sue\u00f1os. Estos mensajes de Jes\u00fas sobre la vida terrenal han pasado desapercibidos hasta ahora y el ensayo los destaca por su extraordinaria relevancia.<\/p>\n<p>Adem\u00e1s, el lector descubrir\u00e1 c\u00f3mo ser\u00e1n los tiempos previos a la Segunda Venida de Jes\u00fas y las cinco nuevas formas de devoci\u00f3n a la Misericordia de Dios, que son la Imagen de Jes\u00fas Misericordioso, la Fiesta de la Divina Misericordia, la oraci\u00f3n de la Coronilla, la Hora de la Misericordia y la divulgaci\u00f3n de la devoci\u00f3n a la Divina Misericordia.<\/p>\n<p>La obra tambi\u00e9n destaca las reflexiones esenciales de santa Faustina Kowalska sobre la Divina Misericordia y hace un recorrido por la biograf\u00eda de la religiosa, a quien el Se\u00f1or colm\u00f3 de gracias extraordinarias, como revelaciones, visiones, la participaci\u00f3n en la Pasi\u00f3n de Cristo o los estigmas ocultos. Proclamada por Jesucristo ap\u00f3stol de la Divina Misericordia, la beata Faustina Kowalska fue la primera santa en ser canonizada en el tercer milenio por el papa Juan Pablo II.<\/p>\n<p>Este ensayo nace con la misi\u00f3n de contribuir al desarrollo humano y de democratizar el conocimiento y la comprensi\u00f3n del gran mensaje de la Divina Misericordia a nivel global, ayudando a las personas a transformar profundamente sus vidas con plena confianza en Jes\u00fas y a generar un impacto positivo tanto en su crecimiento espiritual como en el entorno.<\/p>\n<p>&nbsp;<\/p>\n","protected":false},"excerpt":{"rendered":"<p><strong>ISBN<\/strong>: 978-84-1181-026-5<\/p>\n<p><strong>SINOPSIS<\/strong><\/p>\n<p><em>Las claves de la Divina Misericordia: los mensajes de Jesucristo para la humanidad que sufre<\/em> es un ensayo basado en el <em>Diario <\/em>de santa Faustina Kowalska que ayuda a conocer y comprender los mensajes que Jes\u00fas le revel\u00f3 en el siglo XX a la religiosa polaca sobre la Misericordia de Dios por todos los hombres, para que la humanidad conf\u00ede en \u00c9l, deje de sufrir, tenga paz y manifieste abundancia ilimitada en la vida.<\/p>\n<p>La obra incluye an\u00e1lisis e interpretaci\u00f3n de los principales extractos de las m\u00e1s de seiscientas p\u00e1ginas del <em>Diario<\/em> de santa Faustina con la finalidad de que el lector ahonde en las palabras de Jesucristo, entre las que el Se\u00f1or revela las claves para que la persona transcienda cualquier sufrimiento y transforme su vida, resolviendo todo tipo de problemas y haciendo realidad sus sue\u00f1os. Estos mensajes de Jes\u00fas sobre la vida terrenal han pasado desapercibidos hasta ahora y el ensayo los destaca por su extraordinaria relevancia.<\/p>\n<p>Adem\u00e1s, el lector descubrir\u00e1 c\u00f3mo ser\u00e1n los tiempos previos a la Segunda Venida de Jes\u00fas y las cinco nuevas formas de devoci\u00f3n a la Misericordia de Dios, que son la Imagen de Jes\u00fas Misericordioso, la Fiesta de la Divina Misericordia, la oraci\u00f3n de la Coronilla, la Hora de la Misericordia y la divulgaci\u00f3n de la devoci\u00f3n a la Divina Misericordia.<\/p>\n<p>La obra tambi\u00e9n destaca las reflexiones esenciales de santa Faustina Kowalska sobre la Divina Misericordia y hace un recorrido por la biograf\u00eda de la religiosa, a quien el Se\u00f1or colm\u00f3 de gracias extraordinarias, como revelaciones, visiones, la participaci\u00f3n en la Pasi\u00f3n de Cristo o los estigmas ocultos. Proclamada por Jesucristo ap\u00f3stol de la Divina Misericordia, la beata Faustina Kowalska fue la primera santa en ser canonizada en el tercer milenio por el papa Juan Pablo II.<\/p>\n<p>Este ensayo nace con la misi\u00f3n de contribuir al desarrollo humano y de democratizar el conocimiento y la comprensi\u00f3n del gran mensaje de la Divina Misericordia a nivel global, ayudando a las personas a transformar profundamente sus vidas con plena confianza en Jes\u00fas y a generar un impacto positivo tanto en su crecimiento espiritual como en el entorno.<\/p>\n<p>&nbsp;<\/p>\n<p>[aux_button label=\u00bbCOMPRAR\u00bb size=\u00bbmedium\u00bb icon_align=\u00bbleft\u00bb color_name=\u00bbball-blue\u00bb link=\u00bbhttps:\/\/www.amazon.es\/dp\/8411810267\/\/\/\u00bb]<\/p>\n","protected":false},"featured_media":99348,"comment_status":"closed","ping_status":"open","template":"","meta":{"_acf_changed":false},"libro":[],"product_brand":[],"product_cat":[23,26],"product_tag":[],"class_list":{"0":"post-99347","1":"product","2":"type-product","3":"status-publish","4":"has-post-thumbnail","6":"product_cat-ensayos","7":"product_cat-sin-categoria","9":"first","10":"instock","11":"product-type-simple"},"acf":{"autor":[77697],"enlace_de_compra":"https:\/\/www.amazon.es\/dp\/8411810267\/"},"yoast_head":"<!-- This site is optimized with the Yoast SEO plugin v27.4 - https:\/\/yoast.com\/product\/yoast-seo-wordpress\/ -->\n<title>Las claves de la Divina Misericordia - Catalogo | Letrame Grupo Editorial<\/title>\n<meta name=\"robots\" content=\"index, follow, max-snippet:-1, max-image-preview:large, max-video-preview:-1\" \/>\n<link rel=\"canonical\" href=\"https:\/\/letrame.com\/catalogo\/producto\/las-claves-de-la-divina-misericordia\/\" \/>\n<meta property=\"og:locale\" content=\"es_ES\" \/>\n<meta property=\"og:type\" content=\"article\" \/>\n<meta property=\"og:title\" content=\"Las claves de la Divina Misericordia - Catalogo | Letrame Grupo Editorial\" \/>\n<meta property=\"og:description\" content=\"ISBN: 978-84-1181-026-5 SINOPSIS Las claves de la Divina Misericordia: los mensajes de Jesucristo para la humanidad que sufre es un ensayo basado en el Diario de santa Faustina Kowalska que ayuda a conocer y comprender los mensajes que Jes\u00fas le revel\u00f3 en el siglo XX a la religiosa polaca sobre la Misericordia de Dios por todos los hombres, para que la humanidad conf\u00ede en \u00c9l, deje de sufrir, tenga paz y manifieste abundancia ilimitada en la vida. La obra incluye an\u00e1lisis e interpretaci\u00f3n de los principales extractos de las m\u00e1s de seiscientas p\u00e1ginas del Diario de santa Faustina con la finalidad de que el lector ahonde en las palabras de Jesucristo, entre las que el Se\u00f1or revela las claves para que la persona transcienda cualquier sufrimiento y transforme su vida, resolviendo todo tipo de problemas y haciendo realidad sus sue\u00f1os. Estos mensajes de Jes\u00fas sobre la vida terrenal han pasado desapercibidos hasta ahora y el ensayo los destaca por su extraordinaria relevancia. Adem\u00e1s, el lector descubrir\u00e1 c\u00f3mo ser\u00e1n los tiempos previos a la Segunda Venida de Jes\u00fas y las cinco nuevas formas de devoci\u00f3n a la Misericordia de Dios, que son la Imagen de Jes\u00fas Misericordioso, la Fiesta de la Divina Misericordia, la oraci\u00f3n de la Coronilla, la Hora de la Misericordia y la divulgaci\u00f3n de la devoci\u00f3n a la Divina Misericordia. La obra tambi\u00e9n destaca las reflexiones esenciales de santa Faustina Kowalska sobre la Divina Misericordia y hace un recorrido por la biograf\u00eda de la religiosa, a quien el Se\u00f1or colm\u00f3 de gracias extraordinarias, como revelaciones, visiones, la participaci\u00f3n en la Pasi\u00f3n de Cristo o los estigmas ocultos. Proclamada por Jesucristo ap\u00f3stol de la Divina Misericordia, la beata Faustina Kowalska fue la primera santa en ser canonizada en el tercer milenio por el papa Juan Pablo II. Este ensayo nace con la misi\u00f3n de contribuir al desarrollo humano y de democratizar el conocimiento y la comprensi\u00f3n del gran mensaje de la Divina Misericordia a nivel global, ayudando a las personas a transformar profundamente sus vidas con plena confianza en Jes\u00fas y a generar un impacto positivo tanto en su crecimiento espiritual como en el entorno. &nbsp; [aux_button label=&quot;COMPRAR&quot; size=&quot;medium&quot; icon_align=&quot;left&quot; color_name=&quot;ball-blue&quot; link=&quot;https:\/\/www.amazon.es\/dp\/8411810267\/\/\/&quot;]\" \/>\n<meta property=\"og:url\" content=\"https:\/\/letrame.com\/catalogo\/producto\/las-claves-de-la-divina-misericordia\/\" \/>\n<meta property=\"og:site_name\" content=\"Catalogo | Letrame Grupo Editorial\" \/>\n<meta property=\"article:modified_time\" content=\"2024-04-29T14:14:02+00:00\" \/>\n<meta property=\"og:image\" content=\"https:\/\/letrame.com\/catalogo\/wp-content\/uploads\/2024\/04\/webportada_lasclaves_817mm-compressed-scaled-1.jpg\" \/>\n\t<meta property=\"og:image:width\" content=\"1746\" \/>\n\t<meta property=\"og:image:height\" content=\"2560\" \/>\n\t<meta property=\"og:image:type\" content=\"image\/jpeg\" \/>\n<meta name=\"twitter:card\" content=\"summary_large_image\" \/>\n<meta name=\"twitter:label1\" content=\"Tiempo de lectura\" \/>\n\t<meta name=\"twitter:data1\" content=\"2 minutos\" \/>\n<script type=\"application\/ld+json\" class=\"yoast-schema-graph\">{\"@context\":\"https:\\\/\\\/schema.org\",\"@graph\":[{\"@type\":\"WebPage\",\"@id\":\"https:\\\/\\\/letrame.com\\\/catalogo\\\/producto\\\/las-claves-de-la-divina-misericordia\\\/\",\"url\":\"https:\\\/\\\/letrame.com\\\/catalogo\\\/producto\\\/las-claves-de-la-divina-misericordia\\\/\",\"name\":\"Las claves de la Divina Misericordia - Catalogo | Letrame Grupo Editorial\",\"isPartOf\":{\"@id\":\"https:\\\/\\\/letrame.com\\\/catalogo\\\/#website\"},\"primaryImageOfPage\":{\"@id\":\"https:\\\/\\\/letrame.com\\\/catalogo\\\/producto\\\/las-claves-de-la-divina-misericordia\\\/#primaryimage\"},\"image\":{\"@id\":\"https:\\\/\\\/letrame.com\\\/catalogo\\\/producto\\\/las-claves-de-la-divina-misericordia\\\/#primaryimage\"},\"thumbnailUrl\":\"https:\\\/\\\/letrame.com\\\/catalogo\\\/wp-content\\\/uploads\\\/2024\\\/04\\\/webportada_lasclaves_817mm-compressed-scaled-1.jpg\",\"datePublished\":\"2024-04-29T14:14:01+00:00\",\"dateModified\":\"2024-04-29T14:14:02+00:00\",\"breadcrumb\":{\"@id\":\"https:\\\/\\\/letrame.com\\\/catalogo\\\/producto\\\/las-claves-de-la-divina-misericordia\\\/#breadcrumb\"},\"inLanguage\":\"es\",\"potentialAction\":[{\"@type\":\"ReadAction\",\"target\":[\"https:\\\/\\\/letrame.com\\\/catalogo\\\/producto\\\/las-claves-de-la-divina-misericordia\\\/\"]}]},{\"@type\":\"ImageObject\",\"inLanguage\":\"es\",\"@id\":\"https:\\\/\\\/letrame.com\\\/catalogo\\\/producto\\\/las-claves-de-la-divina-misericordia\\\/#primaryimage\",\"url\":\"https:\\\/\\\/letrame.com\\\/catalogo\\\/wp-content\\\/uploads\\\/2024\\\/04\\\/webportada_lasclaves_817mm-compressed-scaled-1.jpg\",\"contentUrl\":\"https:\\\/\\\/letrame.com\\\/catalogo\\\/wp-content\\\/uploads\\\/2024\\\/04\\\/webportada_lasclaves_817mm-compressed-scaled-1.jpg\",\"width\":1746,\"height\":2560},{\"@type\":\"BreadcrumbList\",\"@id\":\"https:\\\/\\\/letrame.com\\\/catalogo\\\/producto\\\/las-claves-de-la-divina-misericordia\\\/#breadcrumb\",\"itemListElement\":[{\"@type\":\"ListItem\",\"position\":1,\"name\":\"Portada\",\"item\":\"https:\\\/\\\/letrame.com\\\/catalogo\\\/\"},{\"@type\":\"ListItem\",\"position\":2,\"name\":\"Cat\u00e1logo\",\"item\":\"https:\\\/\\\/letrame.com\\\/catalogo\\\/\"},{\"@type\":\"ListItem\",\"position\":3,\"name\":\"Las claves de la Divina Misericordia\"}]},{\"@type\":\"WebSite\",\"@id\":\"https:\\\/\\\/letrame.com\\\/catalogo\\\/#website\",\"url\":\"https:\\\/\\\/letrame.com\\\/catalogo\\\/\",\"name\":\"Catalogo | Letrame Grupo Editorial\",\"description\":\"\",\"publisher\":{\"@id\":\"https:\\\/\\\/letrame.com\\\/catalogo\\\/#organization\"},\"potentialAction\":[{\"@type\":\"SearchAction\",\"target\":{\"@type\":\"EntryPoint\",\"urlTemplate\":\"https:\\\/\\\/letrame.com\\\/catalogo\\\/?s={search_term_string}\"},\"query-input\":{\"@type\":\"PropertyValueSpecification\",\"valueRequired\":true,\"valueName\":\"search_term_string\"}}],\"inLanguage\":\"es\"},{\"@type\":\"Organization\",\"@id\":\"https:\\\/\\\/letrame.com\\\/catalogo\\\/#organization\",\"name\":\"Catalogo | Letrame Grupo Editorial\",\"url\":\"https:\\\/\\\/letrame.com\\\/catalogo\\\/\",\"logo\":{\"@type\":\"ImageObject\",\"inLanguage\":\"es\",\"@id\":\"https:\\\/\\\/letrame.com\\\/catalogo\\\/#\\\/schema\\\/logo\\\/image\\\/\",\"url\":\"https:\\\/\\\/letrame.com\\\/catalogo\\\/wp-content\\\/uploads\\\/2024\\\/03\\\/logo2.webp\",\"contentUrl\":\"https:\\\/\\\/letrame.com\\\/catalogo\\\/wp-content\\\/uploads\\\/2024\\\/03\\\/logo2.webp\",\"width\":394,\"height\":128,\"caption\":\"Catalogo | Letrame Grupo Editorial\"},\"image\":{\"@id\":\"https:\\\/\\\/letrame.com\\\/catalogo\\\/#\\\/schema\\\/logo\\\/image\\\/\"}}]}<\/script>\n<!-- \/ Yoast SEO plugin. -->","yoast_head_json":{"title":"Las claves de la Divina Misericordia - Catalogo | Letrame Grupo Editorial","robots":{"index":"index","follow":"follow","max-snippet":"max-snippet:-1","max-image-preview":"max-image-preview:large","max-video-preview":"max-video-preview:-1"},"canonical":"https:\/\/letrame.com\/catalogo\/producto\/las-claves-de-la-divina-misericordia\/","og_locale":"es_ES","og_type":"article","og_title":"Las claves de la Divina Misericordia - Catalogo | Letrame Grupo Editorial","og_description":"ISBN: 978-84-1181-026-5 SINOPSIS Las claves de la Divina Misericordia: los mensajes de Jesucristo para la humanidad que sufre es un ensayo basado en el Diario de santa Faustina Kowalska que ayuda a conocer y comprender los mensajes que Jes\u00fas le revel\u00f3 en el siglo XX a la religiosa polaca sobre la Misericordia de Dios por todos los hombres, para que la humanidad conf\u00ede en \u00c9l, deje de sufrir, tenga paz y manifieste abundancia ilimitada en la vida. La obra incluye an\u00e1lisis e interpretaci\u00f3n de los principales extractos de las m\u00e1s de seiscientas p\u00e1ginas del Diario de santa Faustina con la finalidad de que el lector ahonde en las palabras de Jesucristo, entre las que el Se\u00f1or revela las claves para que la persona transcienda cualquier sufrimiento y transforme su vida, resolviendo todo tipo de problemas y haciendo realidad sus sue\u00f1os. Estos mensajes de Jes\u00fas sobre la vida terrenal han pasado desapercibidos hasta ahora y el ensayo los destaca por su extraordinaria relevancia. Adem\u00e1s, el lector descubrir\u00e1 c\u00f3mo ser\u00e1n los tiempos previos a la Segunda Venida de Jes\u00fas y las cinco nuevas formas de devoci\u00f3n a la Misericordia de Dios, que son la Imagen de Jes\u00fas Misericordioso, la Fiesta de la Divina Misericordia, la oraci\u00f3n de la Coronilla, la Hora de la Misericordia y la divulgaci\u00f3n de la devoci\u00f3n a la Divina Misericordia. La obra tambi\u00e9n destaca las reflexiones esenciales de santa Faustina Kowalska sobre la Divina Misericordia y hace un recorrido por la biograf\u00eda de la religiosa, a quien el Se\u00f1or colm\u00f3 de gracias extraordinarias, como revelaciones, visiones, la participaci\u00f3n en la Pasi\u00f3n de Cristo o los estigmas ocultos. Proclamada por Jesucristo ap\u00f3stol de la Divina Misericordia, la beata Faustina Kowalska fue la primera santa en ser canonizada en el tercer milenio por el papa Juan Pablo II. Este ensayo nace con la misi\u00f3n de contribuir al desarrollo humano y de democratizar el conocimiento y la comprensi\u00f3n del gran mensaje de la Divina Misericordia a nivel global, ayudando a las personas a transformar profundamente sus vidas con plena confianza en Jes\u00fas y a generar un impacto positivo tanto en su crecimiento espiritual como en el entorno. &nbsp; [aux_button label=\"COMPRAR\" size=\"medium\" icon_align=\"left\" color_name=\"ball-blue\" link=\"https:\/\/www.amazon.es\/dp\/8411810267\/\/\/\"]","og_url":"https:\/\/letrame.com\/catalogo\/producto\/las-claves-de-la-divina-misericordia\/","og_site_name":"Catalogo | Letrame Grupo Editorial","article_modified_time":"2024-04-29T14:14:02+00:00","og_image":[{"width":1746,"height":2560,"url":"https:\/\/letrame.com\/catalogo\/wp-content\/uploads\/2024\/04\/webportada_lasclaves_817mm-compressed-scaled-1.jpg","type":"image\/jpeg"}],"twitter_card":"summary_large_image","twitter_misc":{"Tiempo de lectura":"2 minutos"},"schema":{"@context":"https:\/\/schema.org","@graph":[{"@type":"WebPage","@id":"https:\/\/letrame.com\/catalogo\/producto\/las-claves-de-la-divina-misericordia\/","url":"https:\/\/letrame.com\/catalogo\/producto\/las-claves-de-la-divina-misericordia\/","name":"Las claves de la Divina Misericordia - Catalogo | Letrame Grupo Editorial","isPartOf":{"@id":"https:\/\/letrame.com\/catalogo\/#website"},"primaryImageOfPage":{"@id":"https:\/\/letrame.com\/catalogo\/producto\/las-claves-de-la-divina-misericordia\/#primaryimage"},"image":{"@id":"https:\/\/letrame.com\/catalogo\/producto\/las-claves-de-la-divina-misericordia\/#primaryimage"},"thumbnailUrl":"https:\/\/letrame.com\/catalogo\/wp-content\/uploads\/2024\/04\/webportada_lasclaves_817mm-compressed-scaled-1.jpg","datePublished":"2024-04-29T14:14:01+00:00","dateModified":"2024-04-29T14:14:02+00:00","breadcrumb":{"@id":"https:\/\/letrame.com\/catalogo\/producto\/las-claves-de-la-divina-misericordia\/#breadcrumb"},"inLanguage":"es","potentialAction":[{"@type":"ReadAction","target":["https:\/\/letrame.com\/catalogo\/producto\/las-claves-de-la-divina-misericordia\/"]}]},{"@type":"ImageObject","inLanguage":"es","@id":"https:\/\/letrame.com\/catalogo\/producto\/las-claves-de-la-divina-misericordia\/#primaryimage","url":"https:\/\/letrame.com\/catalogo\/wp-content\/uploads\/2024\/04\/webportada_lasclaves_817mm-compressed-scaled-1.jpg","contentUrl":"https:\/\/letrame.com\/catalogo\/wp-content\/uploads\/2024\/04\/webportada_lasclaves_817mm-compressed-scaled-1.jpg","width":1746,"height":2560},{"@type":"BreadcrumbList","@id":"https:\/\/letrame.com\/catalogo\/producto\/las-claves-de-la-divina-misericordia\/#breadcrumb","itemListElement":[{"@type":"ListItem","position":1,"name":"Portada","item":"https:\/\/letrame.com\/catalogo\/"},{"@type":"ListItem","position":2,"name":"Cat\u00e1logo","item":"https:\/\/letrame.com\/catalogo\/"},{"@type":"ListItem","position":3,"name":"Las claves de la Divina Misericordia"}]},{"@type":"WebSite","@id":"https:\/\/letrame.com\/catalogo\/#website","url":"https:\/\/letrame.com\/catalogo\/","name":"Catalogo | Letrame Grupo Editorial","description":"","publisher":{"@id":"https:\/\/letrame.com\/catalogo\/#organization"},"potentialAction":[{"@type":"SearchAction","target":{"@type":"EntryPoint","urlTemplate":"https:\/\/letrame.com\/catalogo\/?s={search_term_string}"},"query-input":{"@type":"PropertyValueSpecification","valueRequired":true,"valueName":"search_term_string"}}],"inLanguage":"es"},{"@type":"Organization","@id":"https:\/\/letrame.com\/catalogo\/#organization","name":"Catalogo | Letrame Grupo Editorial","url":"https:\/\/letrame.com\/catalogo\/","logo":{"@type":"ImageObject","inLanguage":"es","@id":"https:\/\/letrame.com\/catalogo\/#\/schema\/logo\/image\/","url":"https:\/\/letrame.com\/catalogo\/wp-content\/uploads\/2024\/03\/logo2.webp","contentUrl":"https:\/\/letrame.com\/catalogo\/wp-content\/uploads\/2024\/03\/logo2.webp","width":394,"height":128,"caption":"Catalogo | Letrame Grupo Editorial"},"image":{"@id":"https:\/\/letrame.com\/catalogo\/#\/schema\/logo\/image\/"}}]}},"_links":{"self":[{"href":"https:\/\/letrame.com\/catalogo\/wp-json\/wp\/v2\/product\/99347","targetHints":{"allow":["GET"]}}],"collection":[{"href":"https:\/\/letrame.com\/catalogo\/wp-json\/wp\/v2\/product"}],"about":[{"href":"https:\/\/letrame.com\/catalogo\/wp-json\/wp\/v2\/types\/product"}],"replies":[{"embeddable":true,"href":"https:\/\/letrame.com\/catalogo\/wp-json\/wp\/v2\/comments?post=99347"}],"acf:post":[{"embeddable":true,"href":"https:\/\/letrame.com\/catalogo\/wp-json\/wp\/v2\/author_book\/77697"}],"wp:featuredmedia":[{"embeddable":true,"href":"https:\/\/letrame.com\/catalogo\/wp-json\/wp\/v2\/media\/99348"}],"wp:attachment":[{"href":"https:\/\/letrame.com\/catalogo\/wp-json\/wp\/v2\/media?parent=99347"}],"wp:term":[{"taxonomy":"libro","embeddable":true,"href":"https:\/\/letrame.com\/catalogo\/wp-json\/wp\/v2\/libro?post=99347"},{"taxonomy":"product_brand","embeddable":true,"href":"https:\/\/letrame.com\/catalogo\/wp-json\/wp\/v2\/product_brand?post=99347"},{"taxonomy":"product_cat","embeddable":true,"href":"https:\/\/letrame.com\/catalogo\/wp-json\/wp\/v2\/product_cat?post=99347"},{"taxonomy":"product_tag","embeddable":true,"href":"https:\/\/letrame.com\/catalogo\/wp-json\/wp\/v2\/product_tag?post=99347"}],"curies":[{"name":"wp","href":"https:\/\/api.w.org\/{rel}","templated":true}]}}