{"id":99339,"date":"2024-04-29T16:12:35","date_gmt":"2024-04-29T14:12:35","guid":{"rendered":"https:\/\/letrame.com\/catalogo\/producto\/no-te-compliques-simplemente-canta\/"},"modified":"2024-07-30T13:42:27","modified_gmt":"2024-07-30T11:42:27","slug":"no-te-compliques-simplemente-canta","status":"publish","type":"product","link":"https:\/\/letrame.com\/catalogo\/producto\/no-te-compliques-simplemente-canta\/","title":{"rendered":"No te compliques, simplemente canta"},"content":{"rendered":"<p><strong>ISBN<\/strong>: 978-84-1144-846-8<\/p>\n<p><strong>T\u00edtulo<\/strong>: No te compliques, simplemente canta<br \/>\n<strong>Fecha<\/strong>: 2022<br \/>\n<strong>P\u00e1ginas<\/strong>: 212<\/p>\n<p><strong>SINOPSIS<\/strong><\/p>\n<p>Este libro habla del sistema pedag\u00f3gico de la t\u00e9cnica de canto Vocal Design Technique. Es una t\u00e9cnica vocal de \u00e9xito probado, basada en la Neurociencia, la Programaci\u00f3n Neuroling\u00fc\u00edstica (PNL) y la Memorizaci\u00f3n R\u00e1pida. Mediante im\u00e1genes inveros\u00edmiles, ayuda al cantante a encontrar las sensaciones necesarias para dominar su instrumento de la mejor manera posible,entendiendo que el instrumento de un cantante no es solo su voz, sino su cuerpo entero. Un sistema pedag\u00f3gico innovador, extremadamente efectivo para aprender a cantar con una \u00abvoz f\u00e1cil\u00bb, sin esfuerzo. Solo los Vocal Coaches Autorizados VDT est\u00e1n cualificados para impartir clases utilizando las im\u00e1genes que aparecen en este libro. Encuentra al Vocal Coach Autorizado VDT m\u00e1s cercano a ti en nuestra web www.vocaldesigntechnique.com Contiene acceso a la Biblioteca de Sonidos VDT y v\u00eddeos de fibroscopias correspondientes, realizadas en Cl\u00ednicas \u00c1urea por el equipo de Virginia Moreno Benavente. Busca el c\u00f3digo QR en el interior.<\/p>\n","protected":false},"excerpt":{"rendered":"<p><strong>ISBN<\/strong>: 978-84-1144-846-8<\/p>\n<p><strong>SINOPSIS<\/strong><\/p>\n<p>Este libro habla del sistema pedag\u00f3gico de la t\u00e9cnica de canto Vocal Design Technique. Es una t\u00e9cnica vocal de \u00e9xito probado, basada en la Neurociencia, la Programaci\u00f3n Neuroling\u00fc\u00edstica (PNL) y la Memorizaci\u00f3n R\u00e1pida. Mediante im\u00e1genes inveros\u00edmiles, ayuda al cantante a encontrar las sensaciones necesarias para dominar su instrumento de la mejor manera posible,entendiendo que el instrumento de un cantante no es solo su voz, sino su cuerpo entero. Un sistema pedag\u00f3gico innovador, extremadamente efectivo para aprender a cantar con una \u00abvoz f\u00e1cil\u00bb, sin esfuerzo. Solo los Vocal Coaches Autorizados VDT est\u00e1n cualificados para impartir clases utilizando las im\u00e1genes que aparecen en este libro. Encuentra al Vocal Coach Autorizado VDT m\u00e1s cercano a ti en nuestra web www.vocaldesigntechnique.com Contiene acceso a la Biblioteca de Sonidos VDT y v\u00eddeos de fibroscopias correspondientes, realizadas en Cl\u00ednicas \u00c1urea por el equipo de Virginia Moreno Benavente. Busca el c\u00f3digo QR en el interior.<\/p>\n<p>&nbsp;<\/p>\n","protected":false},"featured_media":99340,"comment_status":"closed","ping_status":"closed","template":"","meta":{"_acf_changed":false},"libro":[],"product_brand":[],"product_cat":[26],"product_tag":[],"class_list":{"0":"post-99339","1":"product","2":"type-product","3":"status-publish","4":"has-post-thumbnail","6":"product_cat-sin-categoria","8":"first","9":"instock","10":"product-type-simple"},"acf":{"autor":[73691],"enlace_de_compra":"https:\/\/amzn.to\/3Ywb3Wq"},"yoast_head":"<!-- This site is optimized with the Yoast SEO plugin v26.6 - https:\/\/yoast.com\/wordpress\/plugins\/seo\/ -->\n<title>No te compliques, simplemente canta - Catalogo | Letrame Grupo Editorial<\/title>\n<meta name=\"robots\" content=\"index, follow, max-snippet:-1, max-image-preview:large, max-video-preview:-1\" \/>\n<link rel=\"canonical\" href=\"https:\/\/letrame.com\/catalogo\/producto\/no-te-compliques-simplemente-canta\/\" \/>\n<meta property=\"og:locale\" content=\"es_ES\" \/>\n<meta property=\"og:type\" content=\"article\" \/>\n<meta property=\"og:title\" content=\"No te compliques, simplemente canta - Catalogo | Letrame Grupo Editorial\" \/>\n<meta property=\"og:description\" content=\"ISBN: 978-84-1144-846-8  SINOPSIS  Este libro habla del sistema pedag\u00f3gico de la t\u00e9cnica de canto Vocal Design Technique. Es una t\u00e9cnica vocal de \u00e9xito probado, basada en la Neurociencia, la Programaci\u00f3n Neuroling\u00fc\u00edstica (PNL) y la Memorizaci\u00f3n R\u00e1pida. Mediante im\u00e1genes inveros\u00edmiles, ayuda al cantante a encontrar las sensaciones necesarias para dominar su instrumento de la mejor manera posible,entendiendo que el instrumento de un cantante no es solo su voz, sino su cuerpo entero. Un sistema pedag\u00f3gico innovador, extremadamente efectivo para aprender a cantar con una \u00abvoz f\u00e1cil\u00bb, sin esfuerzo. Solo los Vocal Coaches Autorizados VDT est\u00e1n cualificados para impartir clases utilizando las im\u00e1genes que aparecen en este libro. Encuentra al Vocal Coach Autorizado VDT m\u00e1s cercano a ti en nuestra web www.vocaldesigntechnique.com Contiene acceso a la Biblioteca de Sonidos VDT y v\u00eddeos de fibroscopias correspondientes, realizadas en Cl\u00ednicas \u00c1urea por el equipo de Virginia Moreno Benavente. Busca el c\u00f3digo QR en el interior.  &nbsp;\" \/>\n<meta property=\"og:url\" content=\"https:\/\/letrame.com\/catalogo\/producto\/no-te-compliques-simplemente-canta\/\" \/>\n<meta property=\"og:site_name\" content=\"Catalogo | Letrame Grupo Editorial\" \/>\n<meta property=\"article:modified_time\" content=\"2024-07-30T11:42:27+00:00\" \/>\n<meta property=\"og:image\" content=\"https:\/\/letrame.com\/catalogo\/wp-content\/uploads\/2024\/04\/webportada_notecompliques_1281mm-compressed-scaled-1.jpg\" \/>\n\t<meta property=\"og:image:width\" content=\"1854\" \/>\n\t<meta property=\"og:image:height\" content=\"2560\" \/>\n\t<meta property=\"og:image:type\" content=\"image\/jpeg\" \/>\n<meta name=\"twitter:card\" content=\"summary_large_image\" \/>\n<meta name=\"twitter:label1\" content=\"Tiempo de lectura\" \/>\n\t<meta name=\"twitter:data1\" content=\"1 minuto\" \/>\n<script type=\"application\/ld+json\" class=\"yoast-schema-graph\">{\"@context\":\"https:\/\/schema.org\",\"@graph\":[{\"@type\":\"WebPage\",\"@id\":\"https:\/\/letrame.com\/catalogo\/producto\/no-te-compliques-simplemente-canta\/\",\"url\":\"https:\/\/letrame.com\/catalogo\/producto\/no-te-compliques-simplemente-canta\/\",\"name\":\"No te compliques, simplemente canta - Catalogo | Letrame Grupo Editorial\",\"isPartOf\":{\"@id\":\"https:\/\/letrame.com\/catalogo\/#website\"},\"primaryImageOfPage\":{\"@id\":\"https:\/\/letrame.com\/catalogo\/producto\/no-te-compliques-simplemente-canta\/#primaryimage\"},\"image\":{\"@id\":\"https:\/\/letrame.com\/catalogo\/producto\/no-te-compliques-simplemente-canta\/#primaryimage\"},\"thumbnailUrl\":\"https:\/\/letrame.com\/catalogo\/wp-content\/uploads\/2024\/04\/webportada_notecompliques_1281mm-compressed-scaled-1.jpg\",\"datePublished\":\"2024-04-29T14:12:35+00:00\",\"dateModified\":\"2024-07-30T11:42:27+00:00\",\"breadcrumb\":{\"@id\":\"https:\/\/letrame.com\/catalogo\/producto\/no-te-compliques-simplemente-canta\/#breadcrumb\"},\"inLanguage\":\"es\",\"potentialAction\":[{\"@type\":\"ReadAction\",\"target\":[\"https:\/\/letrame.com\/catalogo\/producto\/no-te-compliques-simplemente-canta\/\"]}]},{\"@type\":\"ImageObject\",\"inLanguage\":\"es\",\"@id\":\"https:\/\/letrame.com\/catalogo\/producto\/no-te-compliques-simplemente-canta\/#primaryimage\",\"url\":\"https:\/\/letrame.com\/catalogo\/wp-content\/uploads\/2024\/04\/webportada_notecompliques_1281mm-compressed-scaled-1.jpg\",\"contentUrl\":\"https:\/\/letrame.com\/catalogo\/wp-content\/uploads\/2024\/04\/webportada_notecompliques_1281mm-compressed-scaled-1.jpg\",\"width\":1854,\"height\":2560},{\"@type\":\"BreadcrumbList\",\"@id\":\"https:\/\/letrame.com\/catalogo\/producto\/no-te-compliques-simplemente-canta\/#breadcrumb\",\"itemListElement\":[{\"@type\":\"ListItem\",\"position\":1,\"name\":\"Portada\",\"item\":\"https:\/\/letrame.com\/catalogo\/\"},{\"@type\":\"ListItem\",\"position\":2,\"name\":\"Cat\u00e1logo\",\"item\":\"https:\/\/letrame.com\/catalogo\/\"},{\"@type\":\"ListItem\",\"position\":3,\"name\":\"No te compliques, simplemente canta\"}]},{\"@type\":\"WebSite\",\"@id\":\"https:\/\/letrame.com\/catalogo\/#website\",\"url\":\"https:\/\/letrame.com\/catalogo\/\",\"name\":\"Catalogo | Letrame Grupo Editorial\",\"description\":\"\",\"publisher\":{\"@id\":\"https:\/\/letrame.com\/catalogo\/#organization\"},\"potentialAction\":[{\"@type\":\"SearchAction\",\"target\":{\"@type\":\"EntryPoint\",\"urlTemplate\":\"https:\/\/letrame.com\/catalogo\/?s={search_term_string}\"},\"query-input\":{\"@type\":\"PropertyValueSpecification\",\"valueRequired\":true,\"valueName\":\"search_term_string\"}}],\"inLanguage\":\"es\"},{\"@type\":\"Organization\",\"@id\":\"https:\/\/letrame.com\/catalogo\/#organization\",\"name\":\"Catalogo | Letrame Grupo Editorial\",\"url\":\"https:\/\/letrame.com\/catalogo\/\",\"logo\":{\"@type\":\"ImageObject\",\"inLanguage\":\"es\",\"@id\":\"https:\/\/letrame.com\/catalogo\/#\/schema\/logo\/image\/\",\"url\":\"https:\/\/letrame.com\/catalogo\/wp-content\/uploads\/2024\/03\/logo2.webp\",\"contentUrl\":\"https:\/\/letrame.com\/catalogo\/wp-content\/uploads\/2024\/03\/logo2.webp\",\"width\":394,\"height\":128,\"caption\":\"Catalogo | Letrame Grupo Editorial\"},\"image\":{\"@id\":\"https:\/\/letrame.com\/catalogo\/#\/schema\/logo\/image\/\"}}]}<\/script>\n<!-- \/ Yoast SEO plugin. -->","yoast_head_json":{"title":"No te compliques, simplemente canta - Catalogo | Letrame Grupo Editorial","robots":{"index":"index","follow":"follow","max-snippet":"max-snippet:-1","max-image-preview":"max-image-preview:large","max-video-preview":"max-video-preview:-1"},"canonical":"https:\/\/letrame.com\/catalogo\/producto\/no-te-compliques-simplemente-canta\/","og_locale":"es_ES","og_type":"article","og_title":"No te compliques, simplemente canta - Catalogo | Letrame Grupo Editorial","og_description":"ISBN: 978-84-1144-846-8  SINOPSIS  Este libro habla del sistema pedag\u00f3gico de la t\u00e9cnica de canto Vocal Design Technique. Es una t\u00e9cnica vocal de \u00e9xito probado, basada en la Neurociencia, la Programaci\u00f3n Neuroling\u00fc\u00edstica (PNL) y la Memorizaci\u00f3n R\u00e1pida. Mediante im\u00e1genes inveros\u00edmiles, ayuda al cantante a encontrar las sensaciones necesarias para dominar su instrumento de la mejor manera posible,entendiendo que el instrumento de un cantante no es solo su voz, sino su cuerpo entero. Un sistema pedag\u00f3gico innovador, extremadamente efectivo para aprender a cantar con una \u00abvoz f\u00e1cil\u00bb, sin esfuerzo. Solo los Vocal Coaches Autorizados VDT est\u00e1n cualificados para impartir clases utilizando las im\u00e1genes que aparecen en este libro. Encuentra al Vocal Coach Autorizado VDT m\u00e1s cercano a ti en nuestra web www.vocaldesigntechnique.com Contiene acceso a la Biblioteca de Sonidos VDT y v\u00eddeos de fibroscopias correspondientes, realizadas en Cl\u00ednicas \u00c1urea por el equipo de Virginia Moreno Benavente. Busca el c\u00f3digo QR en el interior.  &nbsp;","og_url":"https:\/\/letrame.com\/catalogo\/producto\/no-te-compliques-simplemente-canta\/","og_site_name":"Catalogo | Letrame Grupo Editorial","article_modified_time":"2024-07-30T11:42:27+00:00","og_image":[{"width":1854,"height":2560,"url":"https:\/\/letrame.com\/catalogo\/wp-content\/uploads\/2024\/04\/webportada_notecompliques_1281mm-compressed-scaled-1.jpg","type":"image\/jpeg"}],"twitter_card":"summary_large_image","twitter_misc":{"Tiempo de lectura":"1 minuto"},"schema":{"@context":"https:\/\/schema.org","@graph":[{"@type":"WebPage","@id":"https:\/\/letrame.com\/catalogo\/producto\/no-te-compliques-simplemente-canta\/","url":"https:\/\/letrame.com\/catalogo\/producto\/no-te-compliques-simplemente-canta\/","name":"No te compliques, simplemente canta - Catalogo | Letrame Grupo Editorial","isPartOf":{"@id":"https:\/\/letrame.com\/catalogo\/#website"},"primaryImageOfPage":{"@id":"https:\/\/letrame.com\/catalogo\/producto\/no-te-compliques-simplemente-canta\/#primaryimage"},"image":{"@id":"https:\/\/letrame.com\/catalogo\/producto\/no-te-compliques-simplemente-canta\/#primaryimage"},"thumbnailUrl":"https:\/\/letrame.com\/catalogo\/wp-content\/uploads\/2024\/04\/webportada_notecompliques_1281mm-compressed-scaled-1.jpg","datePublished":"2024-04-29T14:12:35+00:00","dateModified":"2024-07-30T11:42:27+00:00","breadcrumb":{"@id":"https:\/\/letrame.com\/catalogo\/producto\/no-te-compliques-simplemente-canta\/#breadcrumb"},"inLanguage":"es","potentialAction":[{"@type":"ReadAction","target":["https:\/\/letrame.com\/catalogo\/producto\/no-te-compliques-simplemente-canta\/"]}]},{"@type":"ImageObject","inLanguage":"es","@id":"https:\/\/letrame.com\/catalogo\/producto\/no-te-compliques-simplemente-canta\/#primaryimage","url":"https:\/\/letrame.com\/catalogo\/wp-content\/uploads\/2024\/04\/webportada_notecompliques_1281mm-compressed-scaled-1.jpg","contentUrl":"https:\/\/letrame.com\/catalogo\/wp-content\/uploads\/2024\/04\/webportada_notecompliques_1281mm-compressed-scaled-1.jpg","width":1854,"height":2560},{"@type":"BreadcrumbList","@id":"https:\/\/letrame.com\/catalogo\/producto\/no-te-compliques-simplemente-canta\/#breadcrumb","itemListElement":[{"@type":"ListItem","position":1,"name":"Portada","item":"https:\/\/letrame.com\/catalogo\/"},{"@type":"ListItem","position":2,"name":"Cat\u00e1logo","item":"https:\/\/letrame.com\/catalogo\/"},{"@type":"ListItem","position":3,"name":"No te compliques, simplemente canta"}]},{"@type":"WebSite","@id":"https:\/\/letrame.com\/catalogo\/#website","url":"https:\/\/letrame.com\/catalogo\/","name":"Catalogo | Letrame Grupo Editorial","description":"","publisher":{"@id":"https:\/\/letrame.com\/catalogo\/#organization"},"potentialAction":[{"@type":"SearchAction","target":{"@type":"EntryPoint","urlTemplate":"https:\/\/letrame.com\/catalogo\/?s={search_term_string}"},"query-input":{"@type":"PropertyValueSpecification","valueRequired":true,"valueName":"search_term_string"}}],"inLanguage":"es"},{"@type":"Organization","@id":"https:\/\/letrame.com\/catalogo\/#organization","name":"Catalogo | Letrame Grupo Editorial","url":"https:\/\/letrame.com\/catalogo\/","logo":{"@type":"ImageObject","inLanguage":"es","@id":"https:\/\/letrame.com\/catalogo\/#\/schema\/logo\/image\/","url":"https:\/\/letrame.com\/catalogo\/wp-content\/uploads\/2024\/03\/logo2.webp","contentUrl":"https:\/\/letrame.com\/catalogo\/wp-content\/uploads\/2024\/03\/logo2.webp","width":394,"height":128,"caption":"Catalogo | Letrame Grupo Editorial"},"image":{"@id":"https:\/\/letrame.com\/catalogo\/#\/schema\/logo\/image\/"}}]}},"_links":{"self":[{"href":"https:\/\/letrame.com\/catalogo\/wp-json\/wp\/v2\/product\/99339","targetHints":{"allow":["GET"]}}],"collection":[{"href":"https:\/\/letrame.com\/catalogo\/wp-json\/wp\/v2\/product"}],"about":[{"href":"https:\/\/letrame.com\/catalogo\/wp-json\/wp\/v2\/types\/product"}],"replies":[{"embeddable":true,"href":"https:\/\/letrame.com\/catalogo\/wp-json\/wp\/v2\/comments?post=99339"}],"acf:post":[{"embeddable":true,"href":"https:\/\/letrame.com\/catalogo\/wp-json\/wp\/v2\/author_book\/73691"}],"wp:featuredmedia":[{"embeddable":true,"href":"https:\/\/letrame.com\/catalogo\/wp-json\/wp\/v2\/media\/99340"}],"wp:attachment":[{"href":"https:\/\/letrame.com\/catalogo\/wp-json\/wp\/v2\/media?parent=99339"}],"wp:term":[{"taxonomy":"libro","embeddable":true,"href":"https:\/\/letrame.com\/catalogo\/wp-json\/wp\/v2\/libro?post=99339"},{"taxonomy":"product_brand","embeddable":true,"href":"https:\/\/letrame.com\/catalogo\/wp-json\/wp\/v2\/product_brand?post=99339"},{"taxonomy":"product_cat","embeddable":true,"href":"https:\/\/letrame.com\/catalogo\/wp-json\/wp\/v2\/product_cat?post=99339"},{"taxonomy":"product_tag","embeddable":true,"href":"https:\/\/letrame.com\/catalogo\/wp-json\/wp\/v2\/product_tag?post=99339"}],"curies":[{"name":"wp","href":"https:\/\/api.w.org\/{rel}","templated":true}]}}