{"id":99335,"date":"2024-04-29T16:12:35","date_gmt":"2024-04-29T14:12:35","guid":{"rendered":"https:\/\/letrame.com\/catalogo\/producto\/el-loco-y-sus-dos-sirenas\/"},"modified":"2024-04-29T16:12:35","modified_gmt":"2024-04-29T14:12:35","slug":"el-loco-y-sus-dos-sirenas","status":"publish","type":"product","link":"https:\/\/letrame.com\/catalogo\/producto\/el-loco-y-sus-dos-sirenas\/","title":{"rendered":"El loco y sus dos sirenas"},"content":{"rendered":"<p><strong>ISBN<\/strong>: 978-84-1181-194-1<\/p>\n<p><strong>T\u00edtulo<\/strong>: El loco y sus dos sirenas<br \/>\n<strong>Fecha<\/strong>: 2023<br \/>\n<strong>P\u00e1ginas<\/strong>: 358<\/p>\n<p><strong>SINOPSIS<\/strong><\/p>\n<p>Un joven desadaptado de la sociedad al tener ideas originales y radicales que lo mantienen en una locura pasiva, usa todas sus fuerzas en la b\u00fasqueda de su amor verdadero y prop\u00f3sito de vida. El rechazo constante de las mujeres, hace<br \/>\nque el joven encuentre en el mundo esot\u00e9rico una visi\u00f3n distinta del mundo que lo circunda. El joven loco tiene amores obsesivos y plat\u00f3nicos con mujeres que va encontrando en su camino, logrando conectar en amor de pareja con dos mujeres que \u00e9l considera sus \u00abSirenas\u00bb. Cuando el protagonista asimila la ausencia de su padre encarando a su madre para conocer la historia silenciada por ambos, se cambia el nombre con un juicio civil empezando as\u00ed una vida nueva. Su madre ante tal cambio, siente de inmediato el desapego con su hijo y se enferma de c\u00e1ncer, teniendo ambos que enfrentar tal nefasta enfermedad. El protagonista poco a poco va creciendo en cordura, entendiendo al final que la sociedad es la<br \/>\nque est\u00e1 loca, al vivir en un estado de \u00abDeshumanizaci\u00f3n\u00bb. Luego el protagonista asimila ser el avatar o l\u00edder de los nuevos tiempos, quedando estupefacto ante tal responsabilidad. Finalmente, empieza a preparar el camino para instalar un<br \/>\nsistema \u00fanico de gobierno tecnol\u00f3gico y moderno llamado \u00abAquarium\u00bb. De este modo dirigir\u00e1 a la humanidad mediante el \u00abTranshumanismo\u00bb, con el \u00fanico noble prop\u00f3sito de que los seres humanos puedan encontrar el amor verdadero y sus<br \/>\nprop\u00f3sitos de vida.<\/p>\n","protected":false},"excerpt":{"rendered":"<p><strong>ISBN<\/strong>: 978-84-1181-194-1<\/p>\n<p><strong>SINOPSIS<\/strong><\/p>\n<p>Un joven desadaptado de la sociedad al tener ideas originales y radicales que lo mantienen en una locura pasiva, usa todas sus fuerzas en la b\u00fasqueda de su amor verdadero y prop\u00f3sito de vida. El rechazo constante de las mujeres, hace<br \/>\nque el joven encuentre en el mundo esot\u00e9rico una visi\u00f3n distinta del mundo que lo circunda. El joven loco tiene amores obsesivos y plat\u00f3nicos con mujeres que va encontrando en su camino, logrando conectar en amor de pareja con dos mujeres que \u00e9l considera sus \u00abSirenas\u00bb. Cuando el protagonista asimila la ausencia de su padre encarando a su madre para conocer la historia silenciada por ambos, se cambia el nombre con un juicio civil empezando as\u00ed una vida nueva. Su madre ante tal cambio, siente de inmediato el desapego con su hijo y se enferma de c\u00e1ncer, teniendo ambos que enfrentar tal nefasta enfermedad. El protagonista poco a poco va creciendo en cordura, entendiendo al final que la sociedad es la que est\u00e1 loca, al vivir en un estado de \u00abDeshumanizaci\u00f3n\u00bb. Luego el protagonista asimila ser el avatar o l\u00edder de los nuevos tiempos, quedando estupefacto ante tal responsabilidad. Finalmente, empieza a preparar el camino para instalar un sistema \u00fanico de gobierno tecnol\u00f3gico y moderno llamado \u00abAquarium\u00bb. De este modo dirigir\u00e1 a la humanidad mediante el \u00abTranshumanismo\u00bb, con el \u00fanico noble prop\u00f3sito de que los seres humanos puedan encontrar el amor verdadero y sus prop\u00f3sitos de vida.<\/p>\n","protected":false},"featured_media":99336,"comment_status":"closed","ping_status":"open","template":"","meta":{"_acf_changed":false},"libro":[],"product_brand":[],"product_cat":[26],"product_tag":[],"class_list":{"0":"post-99335","1":"product","2":"type-product","3":"status-publish","4":"has-post-thumbnail","6":"product_cat-sin-categoria","8":"first","9":"instock","10":"purchasable","11":"product-type-simple"},"acf":{"autor":[77683],"enlace_de_compra":""},"yoast_head":"<!-- This site is optimized with the Yoast SEO plugin v27.4 - https:\/\/yoast.com\/product\/yoast-seo-wordpress\/ -->\n<title>El loco y sus dos sirenas - Catalogo | Letrame Grupo Editorial<\/title>\n<meta name=\"robots\" content=\"index, follow, max-snippet:-1, max-image-preview:large, max-video-preview:-1\" \/>\n<link rel=\"canonical\" href=\"https:\/\/letrame.com\/catalogo\/producto\/el-loco-y-sus-dos-sirenas\/\" \/>\n<meta property=\"og:locale\" content=\"es_ES\" \/>\n<meta property=\"og:type\" content=\"article\" \/>\n<meta property=\"og:title\" content=\"El loco y sus dos sirenas - Catalogo | Letrame Grupo Editorial\" \/>\n<meta property=\"og:description\" content=\"ISBN: 978-84-1181-194-1 SINOPSIS Un joven desadaptado de la sociedad al tener ideas originales y radicales que lo mantienen en una locura pasiva, usa todas sus fuerzas en la b\u00fasqueda de su amor verdadero y prop\u00f3sito de vida. El rechazo constante de las mujeres, hace que el joven encuentre en el mundo esot\u00e9rico una visi\u00f3n distinta del mundo que lo circunda. El joven loco tiene amores obsesivos y plat\u00f3nicos con mujeres que va encontrando en su camino, logrando conectar en amor de pareja con dos mujeres que \u00e9l considera sus \u00abSirenas\u00bb. Cuando el protagonista asimila la ausencia de su padre encarando a su madre para conocer la historia silenciada por ambos, se cambia el nombre con un juicio civil empezando as\u00ed una vida nueva. Su madre ante tal cambio, siente de inmediato el desapego con su hijo y se enferma de c\u00e1ncer, teniendo ambos que enfrentar tal nefasta enfermedad. El protagonista poco a poco va creciendo en cordura, entendiendo al final que la sociedad es la que est\u00e1 loca, al vivir en un estado de \u00abDeshumanizaci\u00f3n\u00bb. Luego el protagonista asimila ser el avatar o l\u00edder de los nuevos tiempos, quedando estupefacto ante tal responsabilidad. Finalmente, empieza a preparar el camino para instalar un sistema \u00fanico de gobierno tecnol\u00f3gico y moderno llamado \u00abAquarium\u00bb. De este modo dirigir\u00e1 a la humanidad mediante el \u00abTranshumanismo\u00bb, con el \u00fanico noble prop\u00f3sito de que los seres humanos puedan encontrar el amor verdadero y sus prop\u00f3sitos de vida.\" \/>\n<meta property=\"og:url\" content=\"https:\/\/letrame.com\/catalogo\/producto\/el-loco-y-sus-dos-sirenas\/\" \/>\n<meta property=\"og:site_name\" content=\"Catalogo | Letrame Grupo Editorial\" \/>\n<meta property=\"og:image\" content=\"https:\/\/letrame.com\/catalogo\/wp-content\/uploads\/2024\/04\/webelocoysussirenas_1758mm-1-compressed.jpg\" \/>\n\t<meta property=\"og:image:width\" content=\"1772\" \/>\n\t<meta property=\"og:image:height\" content=\"2480\" \/>\n\t<meta property=\"og:image:type\" content=\"image\/jpeg\" \/>\n<meta name=\"twitter:card\" content=\"summary_large_image\" \/>\n<meta name=\"twitter:label1\" content=\"Tiempo de lectura\" \/>\n\t<meta name=\"twitter:data1\" content=\"1 minuto\" \/>\n<script type=\"application\/ld+json\" class=\"yoast-schema-graph\">{\"@context\":\"https:\\\/\\\/schema.org\",\"@graph\":[{\"@type\":\"WebPage\",\"@id\":\"https:\\\/\\\/letrame.com\\\/catalogo\\\/producto\\\/el-loco-y-sus-dos-sirenas\\\/\",\"url\":\"https:\\\/\\\/letrame.com\\\/catalogo\\\/producto\\\/el-loco-y-sus-dos-sirenas\\\/\",\"name\":\"El loco y sus dos sirenas - Catalogo | Letrame Grupo Editorial\",\"isPartOf\":{\"@id\":\"https:\\\/\\\/letrame.com\\\/catalogo\\\/#website\"},\"primaryImageOfPage\":{\"@id\":\"https:\\\/\\\/letrame.com\\\/catalogo\\\/producto\\\/el-loco-y-sus-dos-sirenas\\\/#primaryimage\"},\"image\":{\"@id\":\"https:\\\/\\\/letrame.com\\\/catalogo\\\/producto\\\/el-loco-y-sus-dos-sirenas\\\/#primaryimage\"},\"thumbnailUrl\":\"https:\\\/\\\/letrame.com\\\/catalogo\\\/wp-content\\\/uploads\\\/2024\\\/04\\\/webelocoysussirenas_1758mm-1-compressed.jpg\",\"datePublished\":\"2024-04-29T14:12:35+00:00\",\"breadcrumb\":{\"@id\":\"https:\\\/\\\/letrame.com\\\/catalogo\\\/producto\\\/el-loco-y-sus-dos-sirenas\\\/#breadcrumb\"},\"inLanguage\":\"es\",\"potentialAction\":[{\"@type\":\"ReadAction\",\"target\":[\"https:\\\/\\\/letrame.com\\\/catalogo\\\/producto\\\/el-loco-y-sus-dos-sirenas\\\/\"]}]},{\"@type\":\"ImageObject\",\"inLanguage\":\"es\",\"@id\":\"https:\\\/\\\/letrame.com\\\/catalogo\\\/producto\\\/el-loco-y-sus-dos-sirenas\\\/#primaryimage\",\"url\":\"https:\\\/\\\/letrame.com\\\/catalogo\\\/wp-content\\\/uploads\\\/2024\\\/04\\\/webelocoysussirenas_1758mm-1-compressed.jpg\",\"contentUrl\":\"https:\\\/\\\/letrame.com\\\/catalogo\\\/wp-content\\\/uploads\\\/2024\\\/04\\\/webelocoysussirenas_1758mm-1-compressed.jpg\",\"width\":1772,\"height\":2480},{\"@type\":\"BreadcrumbList\",\"@id\":\"https:\\\/\\\/letrame.com\\\/catalogo\\\/producto\\\/el-loco-y-sus-dos-sirenas\\\/#breadcrumb\",\"itemListElement\":[{\"@type\":\"ListItem\",\"position\":1,\"name\":\"Portada\",\"item\":\"https:\\\/\\\/letrame.com\\\/catalogo\\\/\"},{\"@type\":\"ListItem\",\"position\":2,\"name\":\"Cat\u00e1logo\",\"item\":\"https:\\\/\\\/letrame.com\\\/catalogo\\\/\"},{\"@type\":\"ListItem\",\"position\":3,\"name\":\"El loco y sus dos sirenas\"}]},{\"@type\":\"WebSite\",\"@id\":\"https:\\\/\\\/letrame.com\\\/catalogo\\\/#website\",\"url\":\"https:\\\/\\\/letrame.com\\\/catalogo\\\/\",\"name\":\"Catalogo | Letrame Grupo Editorial\",\"description\":\"\",\"publisher\":{\"@id\":\"https:\\\/\\\/letrame.com\\\/catalogo\\\/#organization\"},\"potentialAction\":[{\"@type\":\"SearchAction\",\"target\":{\"@type\":\"EntryPoint\",\"urlTemplate\":\"https:\\\/\\\/letrame.com\\\/catalogo\\\/?s={search_term_string}\"},\"query-input\":{\"@type\":\"PropertyValueSpecification\",\"valueRequired\":true,\"valueName\":\"search_term_string\"}}],\"inLanguage\":\"es\"},{\"@type\":\"Organization\",\"@id\":\"https:\\\/\\\/letrame.com\\\/catalogo\\\/#organization\",\"name\":\"Catalogo | Letrame Grupo Editorial\",\"url\":\"https:\\\/\\\/letrame.com\\\/catalogo\\\/\",\"logo\":{\"@type\":\"ImageObject\",\"inLanguage\":\"es\",\"@id\":\"https:\\\/\\\/letrame.com\\\/catalogo\\\/#\\\/schema\\\/logo\\\/image\\\/\",\"url\":\"https:\\\/\\\/letrame.com\\\/catalogo\\\/wp-content\\\/uploads\\\/2024\\\/03\\\/logo2.webp\",\"contentUrl\":\"https:\\\/\\\/letrame.com\\\/catalogo\\\/wp-content\\\/uploads\\\/2024\\\/03\\\/logo2.webp\",\"width\":394,\"height\":128,\"caption\":\"Catalogo | Letrame Grupo Editorial\"},\"image\":{\"@id\":\"https:\\\/\\\/letrame.com\\\/catalogo\\\/#\\\/schema\\\/logo\\\/image\\\/\"}}]}<\/script>\n<!-- \/ Yoast SEO plugin. -->","yoast_head_json":{"title":"El loco y sus dos sirenas - Catalogo | Letrame Grupo Editorial","robots":{"index":"index","follow":"follow","max-snippet":"max-snippet:-1","max-image-preview":"max-image-preview:large","max-video-preview":"max-video-preview:-1"},"canonical":"https:\/\/letrame.com\/catalogo\/producto\/el-loco-y-sus-dos-sirenas\/","og_locale":"es_ES","og_type":"article","og_title":"El loco y sus dos sirenas - Catalogo | Letrame Grupo Editorial","og_description":"ISBN: 978-84-1181-194-1 SINOPSIS Un joven desadaptado de la sociedad al tener ideas originales y radicales que lo mantienen en una locura pasiva, usa todas sus fuerzas en la b\u00fasqueda de su amor verdadero y prop\u00f3sito de vida. El rechazo constante de las mujeres, hace que el joven encuentre en el mundo esot\u00e9rico una visi\u00f3n distinta del mundo que lo circunda. El joven loco tiene amores obsesivos y plat\u00f3nicos con mujeres que va encontrando en su camino, logrando conectar en amor de pareja con dos mujeres que \u00e9l considera sus \u00abSirenas\u00bb. Cuando el protagonista asimila la ausencia de su padre encarando a su madre para conocer la historia silenciada por ambos, se cambia el nombre con un juicio civil empezando as\u00ed una vida nueva. Su madre ante tal cambio, siente de inmediato el desapego con su hijo y se enferma de c\u00e1ncer, teniendo ambos que enfrentar tal nefasta enfermedad. El protagonista poco a poco va creciendo en cordura, entendiendo al final que la sociedad es la que est\u00e1 loca, al vivir en un estado de \u00abDeshumanizaci\u00f3n\u00bb. Luego el protagonista asimila ser el avatar o l\u00edder de los nuevos tiempos, quedando estupefacto ante tal responsabilidad. Finalmente, empieza a preparar el camino para instalar un sistema \u00fanico de gobierno tecnol\u00f3gico y moderno llamado \u00abAquarium\u00bb. De este modo dirigir\u00e1 a la humanidad mediante el \u00abTranshumanismo\u00bb, con el \u00fanico noble prop\u00f3sito de que los seres humanos puedan encontrar el amor verdadero y sus prop\u00f3sitos de vida.","og_url":"https:\/\/letrame.com\/catalogo\/producto\/el-loco-y-sus-dos-sirenas\/","og_site_name":"Catalogo | Letrame Grupo Editorial","og_image":[{"width":1772,"height":2480,"url":"https:\/\/letrame.com\/catalogo\/wp-content\/uploads\/2024\/04\/webelocoysussirenas_1758mm-1-compressed.jpg","type":"image\/jpeg"}],"twitter_card":"summary_large_image","twitter_misc":{"Tiempo de lectura":"1 minuto"},"schema":{"@context":"https:\/\/schema.org","@graph":[{"@type":"WebPage","@id":"https:\/\/letrame.com\/catalogo\/producto\/el-loco-y-sus-dos-sirenas\/","url":"https:\/\/letrame.com\/catalogo\/producto\/el-loco-y-sus-dos-sirenas\/","name":"El loco y sus dos sirenas - Catalogo | Letrame Grupo Editorial","isPartOf":{"@id":"https:\/\/letrame.com\/catalogo\/#website"},"primaryImageOfPage":{"@id":"https:\/\/letrame.com\/catalogo\/producto\/el-loco-y-sus-dos-sirenas\/#primaryimage"},"image":{"@id":"https:\/\/letrame.com\/catalogo\/producto\/el-loco-y-sus-dos-sirenas\/#primaryimage"},"thumbnailUrl":"https:\/\/letrame.com\/catalogo\/wp-content\/uploads\/2024\/04\/webelocoysussirenas_1758mm-1-compressed.jpg","datePublished":"2024-04-29T14:12:35+00:00","breadcrumb":{"@id":"https:\/\/letrame.com\/catalogo\/producto\/el-loco-y-sus-dos-sirenas\/#breadcrumb"},"inLanguage":"es","potentialAction":[{"@type":"ReadAction","target":["https:\/\/letrame.com\/catalogo\/producto\/el-loco-y-sus-dos-sirenas\/"]}]},{"@type":"ImageObject","inLanguage":"es","@id":"https:\/\/letrame.com\/catalogo\/producto\/el-loco-y-sus-dos-sirenas\/#primaryimage","url":"https:\/\/letrame.com\/catalogo\/wp-content\/uploads\/2024\/04\/webelocoysussirenas_1758mm-1-compressed.jpg","contentUrl":"https:\/\/letrame.com\/catalogo\/wp-content\/uploads\/2024\/04\/webelocoysussirenas_1758mm-1-compressed.jpg","width":1772,"height":2480},{"@type":"BreadcrumbList","@id":"https:\/\/letrame.com\/catalogo\/producto\/el-loco-y-sus-dos-sirenas\/#breadcrumb","itemListElement":[{"@type":"ListItem","position":1,"name":"Portada","item":"https:\/\/letrame.com\/catalogo\/"},{"@type":"ListItem","position":2,"name":"Cat\u00e1logo","item":"https:\/\/letrame.com\/catalogo\/"},{"@type":"ListItem","position":3,"name":"El loco y sus dos sirenas"}]},{"@type":"WebSite","@id":"https:\/\/letrame.com\/catalogo\/#website","url":"https:\/\/letrame.com\/catalogo\/","name":"Catalogo | Letrame Grupo Editorial","description":"","publisher":{"@id":"https:\/\/letrame.com\/catalogo\/#organization"},"potentialAction":[{"@type":"SearchAction","target":{"@type":"EntryPoint","urlTemplate":"https:\/\/letrame.com\/catalogo\/?s={search_term_string}"},"query-input":{"@type":"PropertyValueSpecification","valueRequired":true,"valueName":"search_term_string"}}],"inLanguage":"es"},{"@type":"Organization","@id":"https:\/\/letrame.com\/catalogo\/#organization","name":"Catalogo | Letrame Grupo Editorial","url":"https:\/\/letrame.com\/catalogo\/","logo":{"@type":"ImageObject","inLanguage":"es","@id":"https:\/\/letrame.com\/catalogo\/#\/schema\/logo\/image\/","url":"https:\/\/letrame.com\/catalogo\/wp-content\/uploads\/2024\/03\/logo2.webp","contentUrl":"https:\/\/letrame.com\/catalogo\/wp-content\/uploads\/2024\/03\/logo2.webp","width":394,"height":128,"caption":"Catalogo | Letrame Grupo Editorial"},"image":{"@id":"https:\/\/letrame.com\/catalogo\/#\/schema\/logo\/image\/"}}]}},"_links":{"self":[{"href":"https:\/\/letrame.com\/catalogo\/wp-json\/wp\/v2\/product\/99335","targetHints":{"allow":["GET"]}}],"collection":[{"href":"https:\/\/letrame.com\/catalogo\/wp-json\/wp\/v2\/product"}],"about":[{"href":"https:\/\/letrame.com\/catalogo\/wp-json\/wp\/v2\/types\/product"}],"replies":[{"embeddable":true,"href":"https:\/\/letrame.com\/catalogo\/wp-json\/wp\/v2\/comments?post=99335"}],"acf:post":[{"embeddable":true,"href":"https:\/\/letrame.com\/catalogo\/wp-json\/wp\/v2\/author_book\/77683"}],"wp:featuredmedia":[{"embeddable":true,"href":"https:\/\/letrame.com\/catalogo\/wp-json\/wp\/v2\/media\/99336"}],"wp:attachment":[{"href":"https:\/\/letrame.com\/catalogo\/wp-json\/wp\/v2\/media?parent=99335"}],"wp:term":[{"taxonomy":"libro","embeddable":true,"href":"https:\/\/letrame.com\/catalogo\/wp-json\/wp\/v2\/libro?post=99335"},{"taxonomy":"product_brand","embeddable":true,"href":"https:\/\/letrame.com\/catalogo\/wp-json\/wp\/v2\/product_brand?post=99335"},{"taxonomy":"product_cat","embeddable":true,"href":"https:\/\/letrame.com\/catalogo\/wp-json\/wp\/v2\/product_cat?post=99335"},{"taxonomy":"product_tag","embeddable":true,"href":"https:\/\/letrame.com\/catalogo\/wp-json\/wp\/v2\/product_tag?post=99335"}],"curies":[{"name":"wp","href":"https:\/\/api.w.org\/{rel}","templated":true}]}}