{"id":99319,"date":"2024-04-29T16:10:40","date_gmt":"2024-04-29T14:10:40","guid":{"rendered":"https:\/\/letrame.com\/catalogo\/producto\/sobre-pezones-marketing\/"},"modified":"2024-04-29T16:10:53","modified_gmt":"2024-04-29T14:10:53","slug":"sobre-pezones-marketing","status":"publish","type":"product","link":"https:\/\/letrame.com\/catalogo\/producto\/sobre-pezones-marketing\/","title":{"rendered":"Sobre pezones, marketing&#8230;"},"content":{"rendered":"<p><strong>ISBN<\/strong>: 978-84-1834-496-1<\/p>\n<p><strong>T\u00edtulo<\/strong>: Sobre pezones, marketing&#8230;<br \/>\n<strong>Fecha<\/strong>: 2023<br \/>\n<strong>P\u00e1ginas<\/strong>: 282<\/p>\n<p><strong>SINOPSIS<\/strong><\/p>\n<p>Este libro va a incomodar a muchas personas.<br \/>\nVa a generar rechazo en aquellos inflexibles y<br \/>\nacademicistas, pero va a entusiasmar a aquellos<br \/>\notros con una actitud positiva e inconformista.<\/p>\n<p>Tras 10 a\u00f1os de investigaciones cient\u00edficas, el autor tiene la valent\u00eda de<br \/>\nmostrar realidades que contradicen las que se llevan escuchando durante<br \/>\nd\u00e9cadas o cientos de a\u00f1os. Y podr\u00edas pensar: \u00bfcomo un investigador<br \/>\nindividual puede contradecir las teor\u00edas de la vieja neurociencia o desafiar<br \/>\nlas propuestas de las poderosas y ultra prestigiosas Universidades como<br \/>\nlas de Harvard u Oxford?<\/p>\n<p>No es que los investigadores o las universidades se equivoquen, es que<br \/>\nnunca han tenido ni las herramientas, ni la necesidad, ni la actitud de<br \/>\nprofundizar en como nuestro cerebro condiciona nuestra conducta. Han<br \/>\naceptado viejas teor\u00edas que llevan repiti\u00e9ndose una y otra vez durante<br \/>\nsiglos, sin cuestionarlas por falta de nuevas propuestas cient\u00edficas que<br \/>\nsustituyan a las ya caducas.<\/p>\n<p>Este libro est\u00e1 escrito como un dialogo con el lector. Contigo. Usando un<br \/>\nlenguaje sencillo sin la necesidad de llenarlo de palabras t\u00e9cnicas que te<br \/>\nimpresionen, y usando ejemplos muy did\u00e1cticos. Adem\u00e1s, al ir ley\u00e9ndolo<br \/>\nte sorprender\u00e1s disfrutando las m\u00e1s de 90 nuevas Teor\u00edas y Conceptos<br \/>\nque te har\u00e1n cambiar tu forma de pensar, vivir y de relacionarte.<\/p>\n<p>Y piensa que t\u00fa cerebro, eres t\u00fa.<\/p>\n","protected":false},"excerpt":{"rendered":"<p><strong>ISBN<\/strong>: 978-84-1834-496-1<\/p>\n<p><strong>SINOPSIS<\/strong><\/p>\n<p>Este libro va a incomodar a muchas personas.<br \/>\nVa a generar rechazo en aquellos inflexibles y<br \/>\nacademicistas, pero va a entusiasmar a aquellos<br \/>\notros con una actitud positiva e inconformista.<\/p>\n<p>Tras 10 a\u00f1os de investigaciones cient\u00edficas, el autor tiene la valent\u00eda de<br \/>\nmostrar realidades que contradicen las que se llevan escuchando durante<br \/>\nd\u00e9cadas o cientos de a\u00f1os. Y podr\u00edas pensar: \u00bfcomo un investigador<br \/>\nindividual puede contradecir las teor\u00edas de la vieja neurociencia o desafiar<br \/>\nlas propuestas de las poderosas y ultra prestigiosas Universidades como<br \/>\nlas de Harvard u Oxford?<\/p>\n<p>No es que los investigadores o las universidades se equivoquen, es que<br \/>\nnunca han tenido ni las herramientas, ni la necesidad, ni la actitud de<br \/>\nprofundizar en como nuestro cerebro condiciona nuestra conducta. Han<br \/>\naceptado viejas teor\u00edas que llevan repiti\u00e9ndose una y otra vez durante<br \/>\nsiglos, sin cuestionarlas por falta de nuevas propuestas cient\u00edficas que<br \/>\nsustituyan a las ya caducas.<\/p>\n<p>Este libro est\u00e1 escrito como un dialogo con el lector. Contigo. Usando un<br \/>\nlenguaje sencillo sin la necesidad de llenarlo de palabras t\u00e9cnicas que te<br \/>\nimpresionen, y usando ejemplos muy did\u00e1cticos. Adem\u00e1s, al ir ley\u00e9ndolo<br \/>\nte sorprender\u00e1s disfrutando las m\u00e1s de 90 nuevas Teor\u00edas y Conceptos<br \/>\nque te har\u00e1n cambiar tu forma de pensar, vivir y de relacionarte.<\/p>\n<p>Y piensa que t\u00fa cerebro, eres t\u00fa.<\/p>\n","protected":false},"featured_media":99320,"comment_status":"closed","ping_status":"open","template":"","meta":{"_acf_changed":false},"libro":[],"product_brand":[],"product_cat":[26],"product_tag":[],"class_list":{"0":"post-99319","1":"product","2":"type-product","3":"status-publish","4":"has-post-thumbnail","6":"product_cat-sin-categoria","8":"first","9":"instock","10":"product-type-simple"},"acf":{"autor":[77669],"enlace_de_compra":""},"yoast_head":"<!-- This site is optimized with the Yoast SEO plugin v27.4 - https:\/\/yoast.com\/product\/yoast-seo-wordpress\/ -->\n<title>Sobre pezones, marketing... - Catalogo | Letrame Grupo Editorial<\/title>\n<meta name=\"robots\" content=\"index, follow, max-snippet:-1, max-image-preview:large, max-video-preview:-1\" \/>\n<link rel=\"canonical\" href=\"https:\/\/letrame.com\/catalogo\/producto\/sobre-pezones-marketing\/\" \/>\n<meta property=\"og:locale\" content=\"es_ES\" \/>\n<meta property=\"og:type\" content=\"article\" \/>\n<meta property=\"og:title\" content=\"Sobre pezones, marketing... - Catalogo | Letrame Grupo Editorial\" \/>\n<meta property=\"og:description\" content=\"ISBN: 978-84-1834-496-1 SINOPSIS Este libro va a incomodar a muchas personas. Va a generar rechazo en aquellos inflexibles y academicistas, pero va a entusiasmar a aquellos otros con una actitud positiva e inconformista. Tras 10 a\u00f1os de investigaciones cient\u00edficas, el autor tiene la valent\u00eda de mostrar realidades que contradicen las que se llevan escuchando durante d\u00e9cadas o cientos de a\u00f1os. Y podr\u00edas pensar: \u00bfcomo un investigador individual puede contradecir las teor\u00edas de la vieja neurociencia o desafiar las propuestas de las poderosas y ultra prestigiosas Universidades como las de Harvard u Oxford? No es que los investigadores o las universidades se equivoquen, es que nunca han tenido ni las herramientas, ni la necesidad, ni la actitud de profundizar en como nuestro cerebro condiciona nuestra conducta. Han aceptado viejas teor\u00edas que llevan repiti\u00e9ndose una y otra vez durante siglos, sin cuestionarlas por falta de nuevas propuestas cient\u00edficas que sustituyan a las ya caducas. Este libro est\u00e1 escrito como un dialogo con el lector. Contigo. Usando un lenguaje sencillo sin la necesidad de llenarlo de palabras t\u00e9cnicas que te impresionen, y usando ejemplos muy did\u00e1cticos. Adem\u00e1s, al ir ley\u00e9ndolo te sorprender\u00e1s disfrutando las m\u00e1s de 90 nuevas Teor\u00edas y Conceptos que te har\u00e1n cambiar tu forma de pensar, vivir y de relacionarte. Y piensa que t\u00fa cerebro, eres t\u00fa.\" \/>\n<meta property=\"og:url\" content=\"https:\/\/letrame.com\/catalogo\/producto\/sobre-pezones-marketing\/\" \/>\n<meta property=\"og:site_name\" content=\"Catalogo | Letrame Grupo Editorial\" \/>\n<meta property=\"article:modified_time\" content=\"2024-04-29T14:10:53+00:00\" \/>\n<meta property=\"og:image\" content=\"https:\/\/letrame.com\/catalogo\/wp-content\/uploads\/2024\/04\/webportadasobrepezones_138mm.jpg\" \/>\n\t<meta property=\"og:image:width\" content=\"601\" \/>\n\t<meta property=\"og:image:height\" content=\"849\" \/>\n\t<meta property=\"og:image:type\" content=\"image\/jpeg\" \/>\n<meta name=\"twitter:card\" content=\"summary_large_image\" \/>\n<meta name=\"twitter:label1\" content=\"Tiempo de lectura\" \/>\n\t<meta name=\"twitter:data1\" content=\"1 minuto\" \/>\n<script type=\"application\/ld+json\" class=\"yoast-schema-graph\">{\"@context\":\"https:\\\/\\\/schema.org\",\"@graph\":[{\"@type\":\"WebPage\",\"@id\":\"https:\\\/\\\/letrame.com\\\/catalogo\\\/producto\\\/sobre-pezones-marketing\\\/\",\"url\":\"https:\\\/\\\/letrame.com\\\/catalogo\\\/producto\\\/sobre-pezones-marketing\\\/\",\"name\":\"Sobre pezones, marketing... - Catalogo | Letrame Grupo Editorial\",\"isPartOf\":{\"@id\":\"https:\\\/\\\/letrame.com\\\/catalogo\\\/#website\"},\"primaryImageOfPage\":{\"@id\":\"https:\\\/\\\/letrame.com\\\/catalogo\\\/producto\\\/sobre-pezones-marketing\\\/#primaryimage\"},\"image\":{\"@id\":\"https:\\\/\\\/letrame.com\\\/catalogo\\\/producto\\\/sobre-pezones-marketing\\\/#primaryimage\"},\"thumbnailUrl\":\"https:\\\/\\\/letrame.com\\\/catalogo\\\/wp-content\\\/uploads\\\/2024\\\/04\\\/webportadasobrepezones_138mm.jpg\",\"datePublished\":\"2024-04-29T14:10:40+00:00\",\"dateModified\":\"2024-04-29T14:10:53+00:00\",\"breadcrumb\":{\"@id\":\"https:\\\/\\\/letrame.com\\\/catalogo\\\/producto\\\/sobre-pezones-marketing\\\/#breadcrumb\"},\"inLanguage\":\"es\",\"potentialAction\":[{\"@type\":\"ReadAction\",\"target\":[\"https:\\\/\\\/letrame.com\\\/catalogo\\\/producto\\\/sobre-pezones-marketing\\\/\"]}]},{\"@type\":\"ImageObject\",\"inLanguage\":\"es\",\"@id\":\"https:\\\/\\\/letrame.com\\\/catalogo\\\/producto\\\/sobre-pezones-marketing\\\/#primaryimage\",\"url\":\"https:\\\/\\\/letrame.com\\\/catalogo\\\/wp-content\\\/uploads\\\/2024\\\/04\\\/webportadasobrepezones_138mm.jpg\",\"contentUrl\":\"https:\\\/\\\/letrame.com\\\/catalogo\\\/wp-content\\\/uploads\\\/2024\\\/04\\\/webportadasobrepezones_138mm.jpg\",\"width\":601,\"height\":849},{\"@type\":\"BreadcrumbList\",\"@id\":\"https:\\\/\\\/letrame.com\\\/catalogo\\\/producto\\\/sobre-pezones-marketing\\\/#breadcrumb\",\"itemListElement\":[{\"@type\":\"ListItem\",\"position\":1,\"name\":\"Portada\",\"item\":\"https:\\\/\\\/letrame.com\\\/catalogo\\\/\"},{\"@type\":\"ListItem\",\"position\":2,\"name\":\"Cat\u00e1logo\",\"item\":\"https:\\\/\\\/letrame.com\\\/catalogo\\\/\"},{\"@type\":\"ListItem\",\"position\":3,\"name\":\"Sobre pezones, marketing&#8230;\"}]},{\"@type\":\"WebSite\",\"@id\":\"https:\\\/\\\/letrame.com\\\/catalogo\\\/#website\",\"url\":\"https:\\\/\\\/letrame.com\\\/catalogo\\\/\",\"name\":\"Catalogo | Letrame Grupo Editorial\",\"description\":\"\",\"publisher\":{\"@id\":\"https:\\\/\\\/letrame.com\\\/catalogo\\\/#organization\"},\"potentialAction\":[{\"@type\":\"SearchAction\",\"target\":{\"@type\":\"EntryPoint\",\"urlTemplate\":\"https:\\\/\\\/letrame.com\\\/catalogo\\\/?s={search_term_string}\"},\"query-input\":{\"@type\":\"PropertyValueSpecification\",\"valueRequired\":true,\"valueName\":\"search_term_string\"}}],\"inLanguage\":\"es\"},{\"@type\":\"Organization\",\"@id\":\"https:\\\/\\\/letrame.com\\\/catalogo\\\/#organization\",\"name\":\"Catalogo | Letrame Grupo Editorial\",\"url\":\"https:\\\/\\\/letrame.com\\\/catalogo\\\/\",\"logo\":{\"@type\":\"ImageObject\",\"inLanguage\":\"es\",\"@id\":\"https:\\\/\\\/letrame.com\\\/catalogo\\\/#\\\/schema\\\/logo\\\/image\\\/\",\"url\":\"https:\\\/\\\/letrame.com\\\/catalogo\\\/wp-content\\\/uploads\\\/2024\\\/03\\\/logo2.webp\",\"contentUrl\":\"https:\\\/\\\/letrame.com\\\/catalogo\\\/wp-content\\\/uploads\\\/2024\\\/03\\\/logo2.webp\",\"width\":394,\"height\":128,\"caption\":\"Catalogo | Letrame Grupo Editorial\"},\"image\":{\"@id\":\"https:\\\/\\\/letrame.com\\\/catalogo\\\/#\\\/schema\\\/logo\\\/image\\\/\"}}]}<\/script>\n<!-- \/ Yoast SEO plugin. -->","yoast_head_json":{"title":"Sobre pezones, marketing... - Catalogo | Letrame Grupo Editorial","robots":{"index":"index","follow":"follow","max-snippet":"max-snippet:-1","max-image-preview":"max-image-preview:large","max-video-preview":"max-video-preview:-1"},"canonical":"https:\/\/letrame.com\/catalogo\/producto\/sobre-pezones-marketing\/","og_locale":"es_ES","og_type":"article","og_title":"Sobre pezones, marketing... - Catalogo | Letrame Grupo Editorial","og_description":"ISBN: 978-84-1834-496-1 SINOPSIS Este libro va a incomodar a muchas personas. Va a generar rechazo en aquellos inflexibles y academicistas, pero va a entusiasmar a aquellos otros con una actitud positiva e inconformista. Tras 10 a\u00f1os de investigaciones cient\u00edficas, el autor tiene la valent\u00eda de mostrar realidades que contradicen las que se llevan escuchando durante d\u00e9cadas o cientos de a\u00f1os. Y podr\u00edas pensar: \u00bfcomo un investigador individual puede contradecir las teor\u00edas de la vieja neurociencia o desafiar las propuestas de las poderosas y ultra prestigiosas Universidades como las de Harvard u Oxford? No es que los investigadores o las universidades se equivoquen, es que nunca han tenido ni las herramientas, ni la necesidad, ni la actitud de profundizar en como nuestro cerebro condiciona nuestra conducta. Han aceptado viejas teor\u00edas que llevan repiti\u00e9ndose una y otra vez durante siglos, sin cuestionarlas por falta de nuevas propuestas cient\u00edficas que sustituyan a las ya caducas. Este libro est\u00e1 escrito como un dialogo con el lector. Contigo. Usando un lenguaje sencillo sin la necesidad de llenarlo de palabras t\u00e9cnicas que te impresionen, y usando ejemplos muy did\u00e1cticos. Adem\u00e1s, al ir ley\u00e9ndolo te sorprender\u00e1s disfrutando las m\u00e1s de 90 nuevas Teor\u00edas y Conceptos que te har\u00e1n cambiar tu forma de pensar, vivir y de relacionarte. Y piensa que t\u00fa cerebro, eres t\u00fa.","og_url":"https:\/\/letrame.com\/catalogo\/producto\/sobre-pezones-marketing\/","og_site_name":"Catalogo | Letrame Grupo Editorial","article_modified_time":"2024-04-29T14:10:53+00:00","og_image":[{"width":601,"height":849,"url":"https:\/\/letrame.com\/catalogo\/wp-content\/uploads\/2024\/04\/webportadasobrepezones_138mm.jpg","type":"image\/jpeg"}],"twitter_card":"summary_large_image","twitter_misc":{"Tiempo de lectura":"1 minuto"},"schema":{"@context":"https:\/\/schema.org","@graph":[{"@type":"WebPage","@id":"https:\/\/letrame.com\/catalogo\/producto\/sobre-pezones-marketing\/","url":"https:\/\/letrame.com\/catalogo\/producto\/sobre-pezones-marketing\/","name":"Sobre pezones, marketing... - Catalogo | Letrame Grupo Editorial","isPartOf":{"@id":"https:\/\/letrame.com\/catalogo\/#website"},"primaryImageOfPage":{"@id":"https:\/\/letrame.com\/catalogo\/producto\/sobre-pezones-marketing\/#primaryimage"},"image":{"@id":"https:\/\/letrame.com\/catalogo\/producto\/sobre-pezones-marketing\/#primaryimage"},"thumbnailUrl":"https:\/\/letrame.com\/catalogo\/wp-content\/uploads\/2024\/04\/webportadasobrepezones_138mm.jpg","datePublished":"2024-04-29T14:10:40+00:00","dateModified":"2024-04-29T14:10:53+00:00","breadcrumb":{"@id":"https:\/\/letrame.com\/catalogo\/producto\/sobre-pezones-marketing\/#breadcrumb"},"inLanguage":"es","potentialAction":[{"@type":"ReadAction","target":["https:\/\/letrame.com\/catalogo\/producto\/sobre-pezones-marketing\/"]}]},{"@type":"ImageObject","inLanguage":"es","@id":"https:\/\/letrame.com\/catalogo\/producto\/sobre-pezones-marketing\/#primaryimage","url":"https:\/\/letrame.com\/catalogo\/wp-content\/uploads\/2024\/04\/webportadasobrepezones_138mm.jpg","contentUrl":"https:\/\/letrame.com\/catalogo\/wp-content\/uploads\/2024\/04\/webportadasobrepezones_138mm.jpg","width":601,"height":849},{"@type":"BreadcrumbList","@id":"https:\/\/letrame.com\/catalogo\/producto\/sobre-pezones-marketing\/#breadcrumb","itemListElement":[{"@type":"ListItem","position":1,"name":"Portada","item":"https:\/\/letrame.com\/catalogo\/"},{"@type":"ListItem","position":2,"name":"Cat\u00e1logo","item":"https:\/\/letrame.com\/catalogo\/"},{"@type":"ListItem","position":3,"name":"Sobre pezones, marketing&#8230;"}]},{"@type":"WebSite","@id":"https:\/\/letrame.com\/catalogo\/#website","url":"https:\/\/letrame.com\/catalogo\/","name":"Catalogo | Letrame Grupo Editorial","description":"","publisher":{"@id":"https:\/\/letrame.com\/catalogo\/#organization"},"potentialAction":[{"@type":"SearchAction","target":{"@type":"EntryPoint","urlTemplate":"https:\/\/letrame.com\/catalogo\/?s={search_term_string}"},"query-input":{"@type":"PropertyValueSpecification","valueRequired":true,"valueName":"search_term_string"}}],"inLanguage":"es"},{"@type":"Organization","@id":"https:\/\/letrame.com\/catalogo\/#organization","name":"Catalogo | Letrame Grupo Editorial","url":"https:\/\/letrame.com\/catalogo\/","logo":{"@type":"ImageObject","inLanguage":"es","@id":"https:\/\/letrame.com\/catalogo\/#\/schema\/logo\/image\/","url":"https:\/\/letrame.com\/catalogo\/wp-content\/uploads\/2024\/03\/logo2.webp","contentUrl":"https:\/\/letrame.com\/catalogo\/wp-content\/uploads\/2024\/03\/logo2.webp","width":394,"height":128,"caption":"Catalogo | Letrame Grupo Editorial"},"image":{"@id":"https:\/\/letrame.com\/catalogo\/#\/schema\/logo\/image\/"}}]}},"_links":{"self":[{"href":"https:\/\/letrame.com\/catalogo\/wp-json\/wp\/v2\/product\/99319","targetHints":{"allow":["GET"]}}],"collection":[{"href":"https:\/\/letrame.com\/catalogo\/wp-json\/wp\/v2\/product"}],"about":[{"href":"https:\/\/letrame.com\/catalogo\/wp-json\/wp\/v2\/types\/product"}],"replies":[{"embeddable":true,"href":"https:\/\/letrame.com\/catalogo\/wp-json\/wp\/v2\/comments?post=99319"}],"acf:post":[{"embeddable":true,"href":"https:\/\/letrame.com\/catalogo\/wp-json\/wp\/v2\/author_book\/77669"}],"wp:featuredmedia":[{"embeddable":true,"href":"https:\/\/letrame.com\/catalogo\/wp-json\/wp\/v2\/media\/99320"}],"wp:attachment":[{"href":"https:\/\/letrame.com\/catalogo\/wp-json\/wp\/v2\/media?parent=99319"}],"wp:term":[{"taxonomy":"libro","embeddable":true,"href":"https:\/\/letrame.com\/catalogo\/wp-json\/wp\/v2\/libro?post=99319"},{"taxonomy":"product_brand","embeddable":true,"href":"https:\/\/letrame.com\/catalogo\/wp-json\/wp\/v2\/product_brand?post=99319"},{"taxonomy":"product_cat","embeddable":true,"href":"https:\/\/letrame.com\/catalogo\/wp-json\/wp\/v2\/product_cat?post=99319"},{"taxonomy":"product_tag","embeddable":true,"href":"https:\/\/letrame.com\/catalogo\/wp-json\/wp\/v2\/product_tag?post=99319"}],"curies":[{"name":"wp","href":"https:\/\/api.w.org\/{rel}","templated":true}]}}