{"id":99311,"date":"2024-04-29T16:10:00","date_gmt":"2024-04-29T14:10:00","guid":{"rendered":"https:\/\/letrame.com\/catalogo\/producto\/almas-de-cristal\/"},"modified":"2024-04-29T16:10:00","modified_gmt":"2024-04-29T14:10:00","slug":"almas-de-cristal","status":"publish","type":"product","link":"https:\/\/letrame.com\/catalogo\/producto\/almas-de-cristal\/","title":{"rendered":"Almas de cristal"},"content":{"rendered":"<p><strong>ISBN<\/strong>: 978-84-1181-299-3<\/p>\n<p><strong>T\u00edtulo<\/strong>: Almas de cristal<br \/>\n<strong>Fecha<\/strong>: 2023<br \/>\n<strong>P\u00e1ginas<\/strong>: 298<\/p>\n<p><strong>SINOPSIS<\/strong><\/p>\n<p>Oviedo es testigo de la decadencia personal de Dani, un joven arrastrado al s\u00f3rdido mundo de la drogadicci\u00f3n. A ra\u00edz de un tr\u00e1gico accidente, se suceden una serie de acontecimientos que lo atrapar\u00e1n en una espiral de autodestrucci\u00f3n, poniendo en grave peligro su propia vida y la de su familia.<\/p>\n<p>Con una trama repleta de intriga, suspense y acci\u00f3n trepidante, <em>Almas de cristal<\/em> se revela como un thriller psicol\u00f3gico intenso, magistralmente trenzado por Antonio Rodr\u00edguez Guerrero. En su \u00f3pera prima, el autor nos introducir\u00e1 en el oscuro mundo del narcotr\u00e1fico, explorando perfiles psicol\u00f3gicos complejos y s\u00f3lidos que imprimen a sus personajes una profundidad exquisita, invitando al lector a sumergirse en una historia sencillamente sublime con un desenlace que no dejar\u00e1 a nadie indiferente.<\/p>\n","protected":false},"excerpt":{"rendered":"<p><strong>ISBN<\/strong>: 978-84-1181-299-3<\/p>\n<p><strong>SINOPSIS<\/strong><\/p>\n<p>Oviedo es testigo de la decadencia personal de Dani, un joven arrastrado al s\u00f3rdido mundo de la drogadicci\u00f3n. A ra\u00edz de un tr\u00e1gico accidente, se suceden una serie de acontecimientos que lo atrapar\u00e1n en una espiral de autodestrucci\u00f3n, poniendo en grave peligro su propia vida y la de su familia.<\/p>\n<p>Con una trama repleta de intriga, suspense y acci\u00f3n trepidante, <em>Almas de cristal<\/em> se revela como un thriller psicol\u00f3gico intenso, magistralmente trenzado por Antonio Rodr\u00edguez Guerrero. En su \u00f3pera prima, el autor nos introducir\u00e1 en el oscuro mundo del narcotr\u00e1fico, explorando perfiles psicol\u00f3gicos complejos y s\u00f3lidos que imprimen a sus personajes una profundidad exquisita, invitando al lector a sumergirse en una historia sencillamente sublime con un desenlace que no dejar\u00e1 a nadie indiferente.<\/p>\n","protected":false},"featured_media":99312,"comment_status":"closed","ping_status":"open","template":"","meta":{"_acf_changed":false},"libro":[],"product_brand":[],"product_cat":[26],"product_tag":[],"class_list":{"0":"post-99311","1":"product","2":"type-product","3":"status-publish","4":"has-post-thumbnail","6":"product_cat-sin-categoria","8":"first","9":"instock","10":"product-type-simple"},"acf":{"autor":[77662],"enlace_de_compra":""},"yoast_head":"<!-- This site is optimized with the Yoast SEO plugin v26.6 - https:\/\/yoast.com\/wordpress\/plugins\/seo\/ -->\n<title>Almas de cristal - Catalogo | Letrame Grupo Editorial<\/title>\n<meta name=\"robots\" content=\"index, follow, max-snippet:-1, max-image-preview:large, max-video-preview:-1\" \/>\n<link rel=\"canonical\" href=\"https:\/\/letrame.com\/catalogo\/producto\/almas-de-cristal\/\" \/>\n<meta property=\"og:locale\" content=\"es_ES\" \/>\n<meta property=\"og:type\" content=\"article\" \/>\n<meta property=\"og:title\" content=\"Almas de cristal - Catalogo | Letrame Grupo Editorial\" \/>\n<meta property=\"og:description\" content=\"ISBN: 978-84-1181-299-3 SINOPSIS Oviedo es testigo de la decadencia personal de Dani, un joven arrastrado al s\u00f3rdido mundo de la drogadicci\u00f3n. A ra\u00edz de un tr\u00e1gico accidente, se suceden una serie de acontecimientos que lo atrapar\u00e1n en una espiral de autodestrucci\u00f3n, poniendo en grave peligro su propia vida y la de su familia. Con una trama repleta de intriga, suspense y acci\u00f3n trepidante, Almas de cristal se revela como un thriller psicol\u00f3gico intenso, magistralmente trenzado por Antonio Rodr\u00edguez Guerrero. En su \u00f3pera prima, el autor nos introducir\u00e1 en el oscuro mundo del narcotr\u00e1fico, explorando perfiles psicol\u00f3gicos complejos y s\u00f3lidos que imprimen a sus personajes una profundidad exquisita, invitando al lector a sumergirse en una historia sencillamente sublime con un desenlace que no dejar\u00e1 a nadie indiferente.\" \/>\n<meta property=\"og:url\" content=\"https:\/\/letrame.com\/catalogo\/producto\/almas-de-cristal\/\" \/>\n<meta property=\"og:site_name\" content=\"Catalogo | Letrame Grupo Editorial\" \/>\n<meta property=\"og:image\" content=\"https:\/\/letrame.com\/catalogo\/wp-content\/uploads\/2024\/04\/webportada_almasdecristal_1481mm-compressed-scaled-1.jpg\" \/>\n\t<meta property=\"og:image:width\" content=\"1746\" \/>\n\t<meta property=\"og:image:height\" content=\"2560\" \/>\n\t<meta property=\"og:image:type\" content=\"image\/jpeg\" \/>\n<meta name=\"twitter:card\" content=\"summary_large_image\" \/>\n<meta name=\"twitter:label1\" content=\"Tiempo de lectura\" \/>\n\t<meta name=\"twitter:data1\" content=\"1 minuto\" \/>\n<script type=\"application\/ld+json\" class=\"yoast-schema-graph\">{\"@context\":\"https:\/\/schema.org\",\"@graph\":[{\"@type\":\"WebPage\",\"@id\":\"https:\/\/letrame.com\/catalogo\/producto\/almas-de-cristal\/\",\"url\":\"https:\/\/letrame.com\/catalogo\/producto\/almas-de-cristal\/\",\"name\":\"Almas de cristal - Catalogo | Letrame Grupo Editorial\",\"isPartOf\":{\"@id\":\"https:\/\/letrame.com\/catalogo\/#website\"},\"primaryImageOfPage\":{\"@id\":\"https:\/\/letrame.com\/catalogo\/producto\/almas-de-cristal\/#primaryimage\"},\"image\":{\"@id\":\"https:\/\/letrame.com\/catalogo\/producto\/almas-de-cristal\/#primaryimage\"},\"thumbnailUrl\":\"https:\/\/letrame.com\/catalogo\/wp-content\/uploads\/2024\/04\/webportada_almasdecristal_1481mm-compressed-scaled-1.jpg\",\"datePublished\":\"2024-04-29T14:10:00+00:00\",\"breadcrumb\":{\"@id\":\"https:\/\/letrame.com\/catalogo\/producto\/almas-de-cristal\/#breadcrumb\"},\"inLanguage\":\"es\",\"potentialAction\":[{\"@type\":\"ReadAction\",\"target\":[\"https:\/\/letrame.com\/catalogo\/producto\/almas-de-cristal\/\"]}]},{\"@type\":\"ImageObject\",\"inLanguage\":\"es\",\"@id\":\"https:\/\/letrame.com\/catalogo\/producto\/almas-de-cristal\/#primaryimage\",\"url\":\"https:\/\/letrame.com\/catalogo\/wp-content\/uploads\/2024\/04\/webportada_almasdecristal_1481mm-compressed-scaled-1.jpg\",\"contentUrl\":\"https:\/\/letrame.com\/catalogo\/wp-content\/uploads\/2024\/04\/webportada_almasdecristal_1481mm-compressed-scaled-1.jpg\",\"width\":1746,\"height\":2560},{\"@type\":\"BreadcrumbList\",\"@id\":\"https:\/\/letrame.com\/catalogo\/producto\/almas-de-cristal\/#breadcrumb\",\"itemListElement\":[{\"@type\":\"ListItem\",\"position\":1,\"name\":\"Portada\",\"item\":\"https:\/\/letrame.com\/catalogo\/\"},{\"@type\":\"ListItem\",\"position\":2,\"name\":\"Cat\u00e1logo\",\"item\":\"https:\/\/letrame.com\/catalogo\/\"},{\"@type\":\"ListItem\",\"position\":3,\"name\":\"Almas de cristal\"}]},{\"@type\":\"WebSite\",\"@id\":\"https:\/\/letrame.com\/catalogo\/#website\",\"url\":\"https:\/\/letrame.com\/catalogo\/\",\"name\":\"Catalogo | Letrame Grupo Editorial\",\"description\":\"\",\"publisher\":{\"@id\":\"https:\/\/letrame.com\/catalogo\/#organization\"},\"potentialAction\":[{\"@type\":\"SearchAction\",\"target\":{\"@type\":\"EntryPoint\",\"urlTemplate\":\"https:\/\/letrame.com\/catalogo\/?s={search_term_string}\"},\"query-input\":{\"@type\":\"PropertyValueSpecification\",\"valueRequired\":true,\"valueName\":\"search_term_string\"}}],\"inLanguage\":\"es\"},{\"@type\":\"Organization\",\"@id\":\"https:\/\/letrame.com\/catalogo\/#organization\",\"name\":\"Catalogo | Letrame Grupo Editorial\",\"url\":\"https:\/\/letrame.com\/catalogo\/\",\"logo\":{\"@type\":\"ImageObject\",\"inLanguage\":\"es\",\"@id\":\"https:\/\/letrame.com\/catalogo\/#\/schema\/logo\/image\/\",\"url\":\"https:\/\/letrame.com\/catalogo\/wp-content\/uploads\/2024\/03\/logo2.webp\",\"contentUrl\":\"https:\/\/letrame.com\/catalogo\/wp-content\/uploads\/2024\/03\/logo2.webp\",\"width\":394,\"height\":128,\"caption\":\"Catalogo | Letrame Grupo Editorial\"},\"image\":{\"@id\":\"https:\/\/letrame.com\/catalogo\/#\/schema\/logo\/image\/\"}}]}<\/script>\n<!-- \/ Yoast SEO plugin. -->","yoast_head_json":{"title":"Almas de cristal - Catalogo | Letrame Grupo Editorial","robots":{"index":"index","follow":"follow","max-snippet":"max-snippet:-1","max-image-preview":"max-image-preview:large","max-video-preview":"max-video-preview:-1"},"canonical":"https:\/\/letrame.com\/catalogo\/producto\/almas-de-cristal\/","og_locale":"es_ES","og_type":"article","og_title":"Almas de cristal - Catalogo | Letrame Grupo Editorial","og_description":"ISBN: 978-84-1181-299-3 SINOPSIS Oviedo es testigo de la decadencia personal de Dani, un joven arrastrado al s\u00f3rdido mundo de la drogadicci\u00f3n. A ra\u00edz de un tr\u00e1gico accidente, se suceden una serie de acontecimientos que lo atrapar\u00e1n en una espiral de autodestrucci\u00f3n, poniendo en grave peligro su propia vida y la de su familia. Con una trama repleta de intriga, suspense y acci\u00f3n trepidante, Almas de cristal se revela como un thriller psicol\u00f3gico intenso, magistralmente trenzado por Antonio Rodr\u00edguez Guerrero. En su \u00f3pera prima, el autor nos introducir\u00e1 en el oscuro mundo del narcotr\u00e1fico, explorando perfiles psicol\u00f3gicos complejos y s\u00f3lidos que imprimen a sus personajes una profundidad exquisita, invitando al lector a sumergirse en una historia sencillamente sublime con un desenlace que no dejar\u00e1 a nadie indiferente.","og_url":"https:\/\/letrame.com\/catalogo\/producto\/almas-de-cristal\/","og_site_name":"Catalogo | Letrame Grupo Editorial","og_image":[{"width":1746,"height":2560,"url":"https:\/\/letrame.com\/catalogo\/wp-content\/uploads\/2024\/04\/webportada_almasdecristal_1481mm-compressed-scaled-1.jpg","type":"image\/jpeg"}],"twitter_card":"summary_large_image","twitter_misc":{"Tiempo de lectura":"1 minuto"},"schema":{"@context":"https:\/\/schema.org","@graph":[{"@type":"WebPage","@id":"https:\/\/letrame.com\/catalogo\/producto\/almas-de-cristal\/","url":"https:\/\/letrame.com\/catalogo\/producto\/almas-de-cristal\/","name":"Almas de cristal - Catalogo | Letrame Grupo Editorial","isPartOf":{"@id":"https:\/\/letrame.com\/catalogo\/#website"},"primaryImageOfPage":{"@id":"https:\/\/letrame.com\/catalogo\/producto\/almas-de-cristal\/#primaryimage"},"image":{"@id":"https:\/\/letrame.com\/catalogo\/producto\/almas-de-cristal\/#primaryimage"},"thumbnailUrl":"https:\/\/letrame.com\/catalogo\/wp-content\/uploads\/2024\/04\/webportada_almasdecristal_1481mm-compressed-scaled-1.jpg","datePublished":"2024-04-29T14:10:00+00:00","breadcrumb":{"@id":"https:\/\/letrame.com\/catalogo\/producto\/almas-de-cristal\/#breadcrumb"},"inLanguage":"es","potentialAction":[{"@type":"ReadAction","target":["https:\/\/letrame.com\/catalogo\/producto\/almas-de-cristal\/"]}]},{"@type":"ImageObject","inLanguage":"es","@id":"https:\/\/letrame.com\/catalogo\/producto\/almas-de-cristal\/#primaryimage","url":"https:\/\/letrame.com\/catalogo\/wp-content\/uploads\/2024\/04\/webportada_almasdecristal_1481mm-compressed-scaled-1.jpg","contentUrl":"https:\/\/letrame.com\/catalogo\/wp-content\/uploads\/2024\/04\/webportada_almasdecristal_1481mm-compressed-scaled-1.jpg","width":1746,"height":2560},{"@type":"BreadcrumbList","@id":"https:\/\/letrame.com\/catalogo\/producto\/almas-de-cristal\/#breadcrumb","itemListElement":[{"@type":"ListItem","position":1,"name":"Portada","item":"https:\/\/letrame.com\/catalogo\/"},{"@type":"ListItem","position":2,"name":"Cat\u00e1logo","item":"https:\/\/letrame.com\/catalogo\/"},{"@type":"ListItem","position":3,"name":"Almas de cristal"}]},{"@type":"WebSite","@id":"https:\/\/letrame.com\/catalogo\/#website","url":"https:\/\/letrame.com\/catalogo\/","name":"Catalogo | Letrame Grupo Editorial","description":"","publisher":{"@id":"https:\/\/letrame.com\/catalogo\/#organization"},"potentialAction":[{"@type":"SearchAction","target":{"@type":"EntryPoint","urlTemplate":"https:\/\/letrame.com\/catalogo\/?s={search_term_string}"},"query-input":{"@type":"PropertyValueSpecification","valueRequired":true,"valueName":"search_term_string"}}],"inLanguage":"es"},{"@type":"Organization","@id":"https:\/\/letrame.com\/catalogo\/#organization","name":"Catalogo | Letrame Grupo Editorial","url":"https:\/\/letrame.com\/catalogo\/","logo":{"@type":"ImageObject","inLanguage":"es","@id":"https:\/\/letrame.com\/catalogo\/#\/schema\/logo\/image\/","url":"https:\/\/letrame.com\/catalogo\/wp-content\/uploads\/2024\/03\/logo2.webp","contentUrl":"https:\/\/letrame.com\/catalogo\/wp-content\/uploads\/2024\/03\/logo2.webp","width":394,"height":128,"caption":"Catalogo | Letrame Grupo Editorial"},"image":{"@id":"https:\/\/letrame.com\/catalogo\/#\/schema\/logo\/image\/"}}]}},"_links":{"self":[{"href":"https:\/\/letrame.com\/catalogo\/wp-json\/wp\/v2\/product\/99311","targetHints":{"allow":["GET"]}}],"collection":[{"href":"https:\/\/letrame.com\/catalogo\/wp-json\/wp\/v2\/product"}],"about":[{"href":"https:\/\/letrame.com\/catalogo\/wp-json\/wp\/v2\/types\/product"}],"replies":[{"embeddable":true,"href":"https:\/\/letrame.com\/catalogo\/wp-json\/wp\/v2\/comments?post=99311"}],"acf:post":[{"embeddable":true,"href":"https:\/\/letrame.com\/catalogo\/wp-json\/wp\/v2\/author_book\/77662"}],"wp:featuredmedia":[{"embeddable":true,"href":"https:\/\/letrame.com\/catalogo\/wp-json\/wp\/v2\/media\/99312"}],"wp:attachment":[{"href":"https:\/\/letrame.com\/catalogo\/wp-json\/wp\/v2\/media?parent=99311"}],"wp:term":[{"taxonomy":"libro","embeddable":true,"href":"https:\/\/letrame.com\/catalogo\/wp-json\/wp\/v2\/libro?post=99311"},{"taxonomy":"product_brand","embeddable":true,"href":"https:\/\/letrame.com\/catalogo\/wp-json\/wp\/v2\/product_brand?post=99311"},{"taxonomy":"product_cat","embeddable":true,"href":"https:\/\/letrame.com\/catalogo\/wp-json\/wp\/v2\/product_cat?post=99311"},{"taxonomy":"product_tag","embeddable":true,"href":"https:\/\/letrame.com\/catalogo\/wp-json\/wp\/v2\/product_tag?post=99311"}],"curies":[{"name":"wp","href":"https:\/\/api.w.org\/{rel}","templated":true}]}}