{"id":99305,"date":"2024-04-29T16:09:17","date_gmt":"2024-04-29T14:09:17","guid":{"rendered":"https:\/\/letrame.com\/catalogo\/producto\/el-agente-que-llego-de-ucrania\/"},"modified":"2024-04-29T16:09:17","modified_gmt":"2024-04-29T14:09:17","slug":"el-agente-que-llego-de-ucrania","status":"publish","type":"product","link":"https:\/\/letrame.com\/catalogo\/producto\/el-agente-que-llego-de-ucrania\/","title":{"rendered":"El agente que lleg\u00f3 de Ucrania"},"content":{"rendered":"<p><strong>ISBN<\/strong>: 978-84-1181-280-1<\/p>\n<p><strong>T\u00edtulo<\/strong>: El agente que lleg\u00f3 de Ucrania<br \/>\n<strong>Fecha<\/strong>: 2023<br \/>\n<strong>P\u00e1ginas<\/strong>: 162<\/p>\n<p><strong>SINOPSIS<\/strong><\/p>\n<p>A mediados del siglo XX, durante la Guerra Fr\u00eda, dos j\u00f3venes hermanas asisten al VI Festival de la Juventud y los Estudiantes por la Paz y la Amistad en Mosc\u00fa. All\u00ed, un traje t\u00edpico mexicano, una foto en la portada del peri\u00f3dico Pravda y un agente con una misi\u00f3n muy particular marcan un des(a)tino que bien podr\u00eda pertenecer al reino de la ficci\u00f3n. El agente que lleg\u00f3 de Ucrania, sin embargo, es una autobiograf\u00eda valiente, honesta, divertida y descarnada.<\/p>\n<p>&nbsp;<\/p>\n<p>Entre los m\u00faltiples hilos que tejen una vida, la novela presenta un relato lleno de secretos, intrigas, incertidumbres y certezas sobre lo m\u00e1s valioso de la vida humana y el costo enorme en la sociedad y en el alma del mundo: la libertad.<\/p>\n","protected":false},"excerpt":{"rendered":"<p><strong>ISBN<\/strong>: 978-84-1181-280-1<\/p>\n<p><strong>SINOPSIS<\/strong><\/p>\n<p>A mediados del siglo XX, durante la Guerra Fr\u00eda, dos j\u00f3venes hermanas asisten al VI Festival de la Juventud y los Estudiantes por la Paz y la Amistad en Mosc\u00fa. All\u00ed, un traje t\u00edpico mexicano, una foto en la portada del peri\u00f3dico Pravda y un agente con una misi\u00f3n muy particular marcan un des(a)tino que bien podr\u00eda pertenecer al reino de la ficci\u00f3n. El agente que lleg\u00f3 de Ucrania, sin embargo, es una autobiograf\u00eda valiente, honesta, divertida y descarnada.<\/p>\n<p>&nbsp;<\/p>\n<p>Entre los m\u00faltiples hilos que tejen una vida, la novela presenta un relato lleno de secretos, intrigas, incertidumbres y certezas sobre lo m\u00e1s valioso de la vida humana y el costo enorme en la sociedad y en el alma del mundo: la libertad.<\/p>\n","protected":false},"featured_media":99306,"comment_status":"closed","ping_status":"open","template":"","meta":{"_acf_changed":false},"libro":[],"product_brand":[],"product_cat":[26],"product_tag":[],"class_list":{"0":"post-99305","1":"product","2":"type-product","3":"status-publish","4":"has-post-thumbnail","6":"product_cat-sin-categoria","8":"first","9":"instock","10":"product-type-simple"},"acf":{"autor":[77656],"enlace_de_compra":""},"yoast_head":"<!-- This site is optimized with the Yoast SEO plugin v26.6 - https:\/\/yoast.com\/wordpress\/plugins\/seo\/ -->\n<title>El agente que lleg\u00f3 de Ucrania - Catalogo | Letrame Grupo Editorial<\/title>\n<meta name=\"robots\" content=\"index, follow, max-snippet:-1, max-image-preview:large, max-video-preview:-1\" \/>\n<link rel=\"canonical\" href=\"https:\/\/letrame.com\/catalogo\/producto\/el-agente-que-llego-de-ucrania\/\" \/>\n<meta property=\"og:locale\" content=\"es_ES\" \/>\n<meta property=\"og:type\" content=\"article\" \/>\n<meta property=\"og:title\" content=\"El agente que lleg\u00f3 de Ucrania - Catalogo | Letrame Grupo Editorial\" \/>\n<meta property=\"og:description\" content=\"ISBN: 978-84-1181-280-1 SINOPSIS A mediados del siglo XX, durante la Guerra Fr\u00eda, dos j\u00f3venes hermanas asisten al VI Festival de la Juventud y los Estudiantes por la Paz y la Amistad en Mosc\u00fa. All\u00ed, un traje t\u00edpico mexicano, una foto en la portada del peri\u00f3dico Pravda y un agente con una misi\u00f3n muy particular marcan un des(a)tino que bien podr\u00eda pertenecer al reino de la ficci\u00f3n. El agente que lleg\u00f3 de Ucrania, sin embargo, es una autobiograf\u00eda valiente, honesta, divertida y descarnada. &nbsp; Entre los m\u00faltiples hilos que tejen una vida, la novela presenta un relato lleno de secretos, intrigas, incertidumbres y certezas sobre lo m\u00e1s valioso de la vida humana y el costo enorme en la sociedad y en el alma del mundo: la libertad.\" \/>\n<meta property=\"og:url\" content=\"https:\/\/letrame.com\/catalogo\/producto\/el-agente-que-llego-de-ucrania\/\" \/>\n<meta property=\"og:site_name\" content=\"Catalogo | Letrame Grupo Editorial\" \/>\n<meta property=\"og:image\" content=\"https:\/\/letrame.com\/catalogo\/wp-content\/uploads\/2024\/04\/web_elagentequellego_854mm-compressed.jpg\" \/>\n\t<meta property=\"og:image:width\" content=\"1772\" \/>\n\t<meta property=\"og:image:height\" content=\"2480\" \/>\n\t<meta property=\"og:image:type\" content=\"image\/jpeg\" \/>\n<meta name=\"twitter:card\" content=\"summary_large_image\" \/>\n<meta name=\"twitter:label1\" content=\"Tiempo de lectura\" \/>\n\t<meta name=\"twitter:data1\" content=\"1 minuto\" \/>\n<script type=\"application\/ld+json\" class=\"yoast-schema-graph\">{\"@context\":\"https:\/\/schema.org\",\"@graph\":[{\"@type\":\"WebPage\",\"@id\":\"https:\/\/letrame.com\/catalogo\/producto\/el-agente-que-llego-de-ucrania\/\",\"url\":\"https:\/\/letrame.com\/catalogo\/producto\/el-agente-que-llego-de-ucrania\/\",\"name\":\"El agente que lleg\u00f3 de Ucrania - Catalogo | Letrame Grupo Editorial\",\"isPartOf\":{\"@id\":\"https:\/\/letrame.com\/catalogo\/#website\"},\"primaryImageOfPage\":{\"@id\":\"https:\/\/letrame.com\/catalogo\/producto\/el-agente-que-llego-de-ucrania\/#primaryimage\"},\"image\":{\"@id\":\"https:\/\/letrame.com\/catalogo\/producto\/el-agente-que-llego-de-ucrania\/#primaryimage\"},\"thumbnailUrl\":\"https:\/\/letrame.com\/catalogo\/wp-content\/uploads\/2024\/04\/web_elagentequellego_854mm-compressed.jpg\",\"datePublished\":\"2024-04-29T14:09:17+00:00\",\"breadcrumb\":{\"@id\":\"https:\/\/letrame.com\/catalogo\/producto\/el-agente-que-llego-de-ucrania\/#breadcrumb\"},\"inLanguage\":\"es\",\"potentialAction\":[{\"@type\":\"ReadAction\",\"target\":[\"https:\/\/letrame.com\/catalogo\/producto\/el-agente-que-llego-de-ucrania\/\"]}]},{\"@type\":\"ImageObject\",\"inLanguage\":\"es\",\"@id\":\"https:\/\/letrame.com\/catalogo\/producto\/el-agente-que-llego-de-ucrania\/#primaryimage\",\"url\":\"https:\/\/letrame.com\/catalogo\/wp-content\/uploads\/2024\/04\/web_elagentequellego_854mm-compressed.jpg\",\"contentUrl\":\"https:\/\/letrame.com\/catalogo\/wp-content\/uploads\/2024\/04\/web_elagentequellego_854mm-compressed.jpg\",\"width\":1772,\"height\":2480},{\"@type\":\"BreadcrumbList\",\"@id\":\"https:\/\/letrame.com\/catalogo\/producto\/el-agente-que-llego-de-ucrania\/#breadcrumb\",\"itemListElement\":[{\"@type\":\"ListItem\",\"position\":1,\"name\":\"Portada\",\"item\":\"https:\/\/letrame.com\/catalogo\/\"},{\"@type\":\"ListItem\",\"position\":2,\"name\":\"Cat\u00e1logo\",\"item\":\"https:\/\/letrame.com\/catalogo\/\"},{\"@type\":\"ListItem\",\"position\":3,\"name\":\"El agente que lleg\u00f3 de Ucrania\"}]},{\"@type\":\"WebSite\",\"@id\":\"https:\/\/letrame.com\/catalogo\/#website\",\"url\":\"https:\/\/letrame.com\/catalogo\/\",\"name\":\"Catalogo | Letrame Grupo Editorial\",\"description\":\"\",\"publisher\":{\"@id\":\"https:\/\/letrame.com\/catalogo\/#organization\"},\"potentialAction\":[{\"@type\":\"SearchAction\",\"target\":{\"@type\":\"EntryPoint\",\"urlTemplate\":\"https:\/\/letrame.com\/catalogo\/?s={search_term_string}\"},\"query-input\":{\"@type\":\"PropertyValueSpecification\",\"valueRequired\":true,\"valueName\":\"search_term_string\"}}],\"inLanguage\":\"es\"},{\"@type\":\"Organization\",\"@id\":\"https:\/\/letrame.com\/catalogo\/#organization\",\"name\":\"Catalogo | Letrame Grupo Editorial\",\"url\":\"https:\/\/letrame.com\/catalogo\/\",\"logo\":{\"@type\":\"ImageObject\",\"inLanguage\":\"es\",\"@id\":\"https:\/\/letrame.com\/catalogo\/#\/schema\/logo\/image\/\",\"url\":\"https:\/\/letrame.com\/catalogo\/wp-content\/uploads\/2024\/03\/logo2.webp\",\"contentUrl\":\"https:\/\/letrame.com\/catalogo\/wp-content\/uploads\/2024\/03\/logo2.webp\",\"width\":394,\"height\":128,\"caption\":\"Catalogo | Letrame Grupo Editorial\"},\"image\":{\"@id\":\"https:\/\/letrame.com\/catalogo\/#\/schema\/logo\/image\/\"}}]}<\/script>\n<!-- \/ Yoast SEO plugin. -->","yoast_head_json":{"title":"El agente que lleg\u00f3 de Ucrania - Catalogo | Letrame Grupo Editorial","robots":{"index":"index","follow":"follow","max-snippet":"max-snippet:-1","max-image-preview":"max-image-preview:large","max-video-preview":"max-video-preview:-1"},"canonical":"https:\/\/letrame.com\/catalogo\/producto\/el-agente-que-llego-de-ucrania\/","og_locale":"es_ES","og_type":"article","og_title":"El agente que lleg\u00f3 de Ucrania - Catalogo | Letrame Grupo Editorial","og_description":"ISBN: 978-84-1181-280-1 SINOPSIS A mediados del siglo XX, durante la Guerra Fr\u00eda, dos j\u00f3venes hermanas asisten al VI Festival de la Juventud y los Estudiantes por la Paz y la Amistad en Mosc\u00fa. All\u00ed, un traje t\u00edpico mexicano, una foto en la portada del peri\u00f3dico Pravda y un agente con una misi\u00f3n muy particular marcan un des(a)tino que bien podr\u00eda pertenecer al reino de la ficci\u00f3n. El agente que lleg\u00f3 de Ucrania, sin embargo, es una autobiograf\u00eda valiente, honesta, divertida y descarnada. &nbsp; Entre los m\u00faltiples hilos que tejen una vida, la novela presenta un relato lleno de secretos, intrigas, incertidumbres y certezas sobre lo m\u00e1s valioso de la vida humana y el costo enorme en la sociedad y en el alma del mundo: la libertad.","og_url":"https:\/\/letrame.com\/catalogo\/producto\/el-agente-que-llego-de-ucrania\/","og_site_name":"Catalogo | Letrame Grupo Editorial","og_image":[{"width":1772,"height":2480,"url":"https:\/\/letrame.com\/catalogo\/wp-content\/uploads\/2024\/04\/web_elagentequellego_854mm-compressed.jpg","type":"image\/jpeg"}],"twitter_card":"summary_large_image","twitter_misc":{"Tiempo de lectura":"1 minuto"},"schema":{"@context":"https:\/\/schema.org","@graph":[{"@type":"WebPage","@id":"https:\/\/letrame.com\/catalogo\/producto\/el-agente-que-llego-de-ucrania\/","url":"https:\/\/letrame.com\/catalogo\/producto\/el-agente-que-llego-de-ucrania\/","name":"El agente que lleg\u00f3 de Ucrania - Catalogo | Letrame Grupo Editorial","isPartOf":{"@id":"https:\/\/letrame.com\/catalogo\/#website"},"primaryImageOfPage":{"@id":"https:\/\/letrame.com\/catalogo\/producto\/el-agente-que-llego-de-ucrania\/#primaryimage"},"image":{"@id":"https:\/\/letrame.com\/catalogo\/producto\/el-agente-que-llego-de-ucrania\/#primaryimage"},"thumbnailUrl":"https:\/\/letrame.com\/catalogo\/wp-content\/uploads\/2024\/04\/web_elagentequellego_854mm-compressed.jpg","datePublished":"2024-04-29T14:09:17+00:00","breadcrumb":{"@id":"https:\/\/letrame.com\/catalogo\/producto\/el-agente-que-llego-de-ucrania\/#breadcrumb"},"inLanguage":"es","potentialAction":[{"@type":"ReadAction","target":["https:\/\/letrame.com\/catalogo\/producto\/el-agente-que-llego-de-ucrania\/"]}]},{"@type":"ImageObject","inLanguage":"es","@id":"https:\/\/letrame.com\/catalogo\/producto\/el-agente-que-llego-de-ucrania\/#primaryimage","url":"https:\/\/letrame.com\/catalogo\/wp-content\/uploads\/2024\/04\/web_elagentequellego_854mm-compressed.jpg","contentUrl":"https:\/\/letrame.com\/catalogo\/wp-content\/uploads\/2024\/04\/web_elagentequellego_854mm-compressed.jpg","width":1772,"height":2480},{"@type":"BreadcrumbList","@id":"https:\/\/letrame.com\/catalogo\/producto\/el-agente-que-llego-de-ucrania\/#breadcrumb","itemListElement":[{"@type":"ListItem","position":1,"name":"Portada","item":"https:\/\/letrame.com\/catalogo\/"},{"@type":"ListItem","position":2,"name":"Cat\u00e1logo","item":"https:\/\/letrame.com\/catalogo\/"},{"@type":"ListItem","position":3,"name":"El agente que lleg\u00f3 de Ucrania"}]},{"@type":"WebSite","@id":"https:\/\/letrame.com\/catalogo\/#website","url":"https:\/\/letrame.com\/catalogo\/","name":"Catalogo | Letrame Grupo Editorial","description":"","publisher":{"@id":"https:\/\/letrame.com\/catalogo\/#organization"},"potentialAction":[{"@type":"SearchAction","target":{"@type":"EntryPoint","urlTemplate":"https:\/\/letrame.com\/catalogo\/?s={search_term_string}"},"query-input":{"@type":"PropertyValueSpecification","valueRequired":true,"valueName":"search_term_string"}}],"inLanguage":"es"},{"@type":"Organization","@id":"https:\/\/letrame.com\/catalogo\/#organization","name":"Catalogo | Letrame Grupo Editorial","url":"https:\/\/letrame.com\/catalogo\/","logo":{"@type":"ImageObject","inLanguage":"es","@id":"https:\/\/letrame.com\/catalogo\/#\/schema\/logo\/image\/","url":"https:\/\/letrame.com\/catalogo\/wp-content\/uploads\/2024\/03\/logo2.webp","contentUrl":"https:\/\/letrame.com\/catalogo\/wp-content\/uploads\/2024\/03\/logo2.webp","width":394,"height":128,"caption":"Catalogo | Letrame Grupo Editorial"},"image":{"@id":"https:\/\/letrame.com\/catalogo\/#\/schema\/logo\/image\/"}}]}},"_links":{"self":[{"href":"https:\/\/letrame.com\/catalogo\/wp-json\/wp\/v2\/product\/99305","targetHints":{"allow":["GET"]}}],"collection":[{"href":"https:\/\/letrame.com\/catalogo\/wp-json\/wp\/v2\/product"}],"about":[{"href":"https:\/\/letrame.com\/catalogo\/wp-json\/wp\/v2\/types\/product"}],"replies":[{"embeddable":true,"href":"https:\/\/letrame.com\/catalogo\/wp-json\/wp\/v2\/comments?post=99305"}],"acf:post":[{"embeddable":true,"href":"https:\/\/letrame.com\/catalogo\/wp-json\/wp\/v2\/author_book\/77656"}],"wp:featuredmedia":[{"embeddable":true,"href":"https:\/\/letrame.com\/catalogo\/wp-json\/wp\/v2\/media\/99306"}],"wp:attachment":[{"href":"https:\/\/letrame.com\/catalogo\/wp-json\/wp\/v2\/media?parent=99305"}],"wp:term":[{"taxonomy":"libro","embeddable":true,"href":"https:\/\/letrame.com\/catalogo\/wp-json\/wp\/v2\/libro?post=99305"},{"taxonomy":"product_brand","embeddable":true,"href":"https:\/\/letrame.com\/catalogo\/wp-json\/wp\/v2\/product_brand?post=99305"},{"taxonomy":"product_cat","embeddable":true,"href":"https:\/\/letrame.com\/catalogo\/wp-json\/wp\/v2\/product_cat?post=99305"},{"taxonomy":"product_tag","embeddable":true,"href":"https:\/\/letrame.com\/catalogo\/wp-json\/wp\/v2\/product_tag?post=99305"}],"curies":[{"name":"wp","href":"https:\/\/api.w.org\/{rel}","templated":true}]}}