{"id":99289,"date":"2024-04-29T16:07:25","date_gmt":"2024-04-29T14:07:25","guid":{"rendered":"https:\/\/letrame.com\/catalogo\/producto\/en-el-lado-oscuro-del-ombligo\/"},"modified":"2024-04-29T16:07:36","modified_gmt":"2024-04-29T14:07:36","slug":"en-el-lado-oscuro-del-ombligo","status":"publish","type":"product","link":"https:\/\/letrame.com\/catalogo\/producto\/en-el-lado-oscuro-del-ombligo\/","title":{"rendered":"En el lado oscuro del ombligo"},"content":{"rendered":"<p><strong>ISBN<\/strong>: 978-84-1181-230-6<\/p>\n<p><strong>T\u00edtulo<\/strong>: En el lado oscuro del ombligo<br \/>\n<strong>Fecha<\/strong>: 2023<br \/>\n<strong>P\u00e1ginas<\/strong>: 218<\/p>\n<p><strong>SINOPSIS\u00a0<\/strong><\/p>\n<p>En el lado oscuro del ombligo es una obra dividida en dos partes. En la primera nos narra, utilizando como g\u00e9nero literario el diario personal, una historia de amor. O de horror. Hay fantasmas que no solo matan de miedo, sino que tambi\u00e9n matan de amor. \u00bfQui\u00e9n es la pareja que lo atormenta noche tras noche? \u00bfEl amor de su vida convertido en\u00a0 fantasma; una difunta que regresa para atormentarlo; un s\u00facubo\u00a0 lujurioso; solo pesadillas h\u00famedas? Los textos son dolorosos, sensuales, provocativos y, al mismo tiempo, el \u00fanico remedio que lo protege de la muerte o la locura.<\/p>\n<p>La segunda parte del libro, \u00abLa Continuidad de los fantasmas\u00bb, son historias de su anecdotario personal, algunas biogr\u00e1ficas y otras no menos imposibles, en donde deambulan, sin pudor ni recato, demonios y fantasmas. Y no obstante, cohabitar entre endriagos y encantadores en En el lado oscuro del ombligo no es l\u00fagubre ni pesimista. Al contrario, junto al dolor tambi\u00e9n hay amor. Amor por las sombras, amor por sus demonios, conciliaci\u00f3n con los infiernos. Dolor por vivir, amor por morir. No todos los amores merecen ser vividos; no todos los dolores merecen ser sufridos. Solo son admirables aquellos que nos permiten seguir a pie.<\/p>\n<p><strong>Sarain\u00e9s Kasdan<\/strong><\/p>\n","protected":false},"excerpt":{"rendered":"<p><strong>ISBN<\/strong>: 978-84-1181-230-6<\/p>\n<p><strong>SINOPSIS\u00a0<\/strong><\/p>\n<p>En el lado oscuro del ombligo es una obra dividida en dos partes. En la primera nos narra, utilizando como g\u00e9nero literario el diario personal, una historia de amor. O de horror. Hay fantasmas que no solo matan de miedo, sino que tambi\u00e9n matan de amor. \u00bfQui\u00e9n es la pareja que lo atormenta noche tras noche? \u00bfEl amor de su vida convertido en\u00a0 fantasma; una difunta que regresa para atormentarlo; un s\u00facubo\u00a0 lujurioso; solo pesadillas h\u00famedas? Los textos son dolorosos, sensuales, provocativos y, al mismo tiempo, el \u00fanico remedio que lo protege de la muerte o la locura.<\/p>\n<p>La segunda parte del libro, \u00abLa Continuidad de los fantasmas\u00bb, son historias de su anecdotario personal, algunas biogr\u00e1ficas y otras no menos imposibles, en donde deambulan, sin pudor ni recato, demonios y fantasmas. Y no obstante, cohabitar entre endriagos y encantadores en En el lado oscuro del ombligo no es l\u00fagubre ni pesimista. Al contrario, junto al dolor tambi\u00e9n hay amor. Amor por las sombras, amor por sus demonios, conciliaci\u00f3n con los infiernos. Dolor por vivir, amor por morir. No todos los amores merecen ser vividos; no todos los dolores merecen ser sufridos. Solo son admirables aquellos que nos permiten seguir a pie.<\/p>\n<p><strong>Sarain\u00e9s Kasdan<\/strong><\/p>\n","protected":false},"featured_media":99290,"comment_status":"closed","ping_status":"open","template":"","meta":{"_acf_changed":false},"libro":[],"product_brand":[],"product_cat":[16],"product_tag":[],"class_list":{"0":"post-99289","1":"product","2":"type-product","3":"status-publish","4":"has-post-thumbnail","6":"product_cat-novela","8":"first","9":"instock","10":"product-type-simple"},"acf":{"autor":[77641],"enlace_de_compra":"https:\/\/www.amazon.es\/En-lado-oscuro-del-ombligo\/dp\/8411812308"},"yoast_head":"<!-- This site is optimized with the Yoast SEO plugin v27.4 - https:\/\/yoast.com\/product\/yoast-seo-wordpress\/ -->\n<title>En el lado oscuro del ombligo - Catalogo | Letrame Grupo Editorial<\/title>\n<meta name=\"robots\" content=\"index, follow, max-snippet:-1, max-image-preview:large, max-video-preview:-1\" \/>\n<link rel=\"canonical\" href=\"https:\/\/letrame.com\/catalogo\/producto\/en-el-lado-oscuro-del-ombligo\/\" \/>\n<meta property=\"og:locale\" content=\"es_ES\" \/>\n<meta property=\"og:type\" content=\"article\" \/>\n<meta property=\"og:title\" content=\"En el lado oscuro del ombligo - Catalogo | Letrame Grupo Editorial\" \/>\n<meta property=\"og:description\" content=\"ISBN: 978-84-1181-230-6 SINOPSIS\u00a0 En el lado oscuro del ombligo es una obra dividida en dos partes. En la primera nos narra, utilizando como g\u00e9nero literario el diario personal, una historia de amor. O de horror. Hay fantasmas que no solo matan de miedo, sino que tambi\u00e9n matan de amor. \u00bfQui\u00e9n es la pareja que lo atormenta noche tras noche? \u00bfEl amor de su vida convertido en\u00a0 fantasma; una difunta que regresa para atormentarlo; un s\u00facubo\u00a0 lujurioso; solo pesadillas h\u00famedas? Los textos son dolorosos, sensuales, provocativos y, al mismo tiempo, el \u00fanico remedio que lo protege de la muerte o la locura. La segunda parte del libro, \u00abLa Continuidad de los fantasmas\u00bb, son historias de su anecdotario personal, algunas biogr\u00e1ficas y otras no menos imposibles, en donde deambulan, sin pudor ni recato, demonios y fantasmas. Y no obstante, cohabitar entre endriagos y encantadores en En el lado oscuro del ombligo no es l\u00fagubre ni pesimista. Al contrario, junto al dolor tambi\u00e9n hay amor. Amor por las sombras, amor por sus demonios, conciliaci\u00f3n con los infiernos. Dolor por vivir, amor por morir. No todos los amores merecen ser vividos; no todos los dolores merecen ser sufridos. Solo son admirables aquellos que nos permiten seguir a pie. Sarain\u00e9s Kasdan\" \/>\n<meta property=\"og:url\" content=\"https:\/\/letrame.com\/catalogo\/producto\/en-el-lado-oscuro-del-ombligo\/\" \/>\n<meta property=\"og:site_name\" content=\"Catalogo | Letrame Grupo Editorial\" \/>\n<meta property=\"article:modified_time\" content=\"2024-04-29T14:07:36+00:00\" \/>\n<meta property=\"og:image\" content=\"https:\/\/letrame.com\/catalogo\/wp-content\/uploads\/2024\/04\/webportada_enelladooscurodelombligo_1113mm-copia-compressed-1-scaled-1.jpg\" \/>\n\t<meta property=\"og:image:width\" content=\"1746\" \/>\n\t<meta property=\"og:image:height\" content=\"2560\" \/>\n\t<meta property=\"og:image:type\" content=\"image\/jpeg\" \/>\n<meta name=\"twitter:card\" content=\"summary_large_image\" \/>\n<meta name=\"twitter:label1\" content=\"Tiempo de lectura\" \/>\n\t<meta name=\"twitter:data1\" content=\"1 minuto\" \/>\n<script type=\"application\/ld+json\" class=\"yoast-schema-graph\">{\"@context\":\"https:\\\/\\\/schema.org\",\"@graph\":[{\"@type\":\"WebPage\",\"@id\":\"https:\\\/\\\/letrame.com\\\/catalogo\\\/producto\\\/en-el-lado-oscuro-del-ombligo\\\/\",\"url\":\"https:\\\/\\\/letrame.com\\\/catalogo\\\/producto\\\/en-el-lado-oscuro-del-ombligo\\\/\",\"name\":\"En el lado oscuro del ombligo - Catalogo | Letrame Grupo Editorial\",\"isPartOf\":{\"@id\":\"https:\\\/\\\/letrame.com\\\/catalogo\\\/#website\"},\"primaryImageOfPage\":{\"@id\":\"https:\\\/\\\/letrame.com\\\/catalogo\\\/producto\\\/en-el-lado-oscuro-del-ombligo\\\/#primaryimage\"},\"image\":{\"@id\":\"https:\\\/\\\/letrame.com\\\/catalogo\\\/producto\\\/en-el-lado-oscuro-del-ombligo\\\/#primaryimage\"},\"thumbnailUrl\":\"https:\\\/\\\/letrame.com\\\/catalogo\\\/wp-content\\\/uploads\\\/2024\\\/04\\\/webportada_enelladooscurodelombligo_1113mm-copia-compressed-1-scaled-1.jpg\",\"datePublished\":\"2024-04-29T14:07:25+00:00\",\"dateModified\":\"2024-04-29T14:07:36+00:00\",\"breadcrumb\":{\"@id\":\"https:\\\/\\\/letrame.com\\\/catalogo\\\/producto\\\/en-el-lado-oscuro-del-ombligo\\\/#breadcrumb\"},\"inLanguage\":\"es\",\"potentialAction\":[{\"@type\":\"ReadAction\",\"target\":[\"https:\\\/\\\/letrame.com\\\/catalogo\\\/producto\\\/en-el-lado-oscuro-del-ombligo\\\/\"]}]},{\"@type\":\"ImageObject\",\"inLanguage\":\"es\",\"@id\":\"https:\\\/\\\/letrame.com\\\/catalogo\\\/producto\\\/en-el-lado-oscuro-del-ombligo\\\/#primaryimage\",\"url\":\"https:\\\/\\\/letrame.com\\\/catalogo\\\/wp-content\\\/uploads\\\/2024\\\/04\\\/webportada_enelladooscurodelombligo_1113mm-copia-compressed-1-scaled-1.jpg\",\"contentUrl\":\"https:\\\/\\\/letrame.com\\\/catalogo\\\/wp-content\\\/uploads\\\/2024\\\/04\\\/webportada_enelladooscurodelombligo_1113mm-copia-compressed-1-scaled-1.jpg\",\"width\":1746,\"height\":2560},{\"@type\":\"BreadcrumbList\",\"@id\":\"https:\\\/\\\/letrame.com\\\/catalogo\\\/producto\\\/en-el-lado-oscuro-del-ombligo\\\/#breadcrumb\",\"itemListElement\":[{\"@type\":\"ListItem\",\"position\":1,\"name\":\"Portada\",\"item\":\"https:\\\/\\\/letrame.com\\\/catalogo\\\/\"},{\"@type\":\"ListItem\",\"position\":2,\"name\":\"Cat\u00e1logo\",\"item\":\"https:\\\/\\\/letrame.com\\\/catalogo\\\/\"},{\"@type\":\"ListItem\",\"position\":3,\"name\":\"En el lado oscuro del ombligo\"}]},{\"@type\":\"WebSite\",\"@id\":\"https:\\\/\\\/letrame.com\\\/catalogo\\\/#website\",\"url\":\"https:\\\/\\\/letrame.com\\\/catalogo\\\/\",\"name\":\"Catalogo | Letrame Grupo Editorial\",\"description\":\"\",\"publisher\":{\"@id\":\"https:\\\/\\\/letrame.com\\\/catalogo\\\/#organization\"},\"potentialAction\":[{\"@type\":\"SearchAction\",\"target\":{\"@type\":\"EntryPoint\",\"urlTemplate\":\"https:\\\/\\\/letrame.com\\\/catalogo\\\/?s={search_term_string}\"},\"query-input\":{\"@type\":\"PropertyValueSpecification\",\"valueRequired\":true,\"valueName\":\"search_term_string\"}}],\"inLanguage\":\"es\"},{\"@type\":\"Organization\",\"@id\":\"https:\\\/\\\/letrame.com\\\/catalogo\\\/#organization\",\"name\":\"Catalogo | Letrame Grupo Editorial\",\"url\":\"https:\\\/\\\/letrame.com\\\/catalogo\\\/\",\"logo\":{\"@type\":\"ImageObject\",\"inLanguage\":\"es\",\"@id\":\"https:\\\/\\\/letrame.com\\\/catalogo\\\/#\\\/schema\\\/logo\\\/image\\\/\",\"url\":\"https:\\\/\\\/letrame.com\\\/catalogo\\\/wp-content\\\/uploads\\\/2024\\\/03\\\/logo2.webp\",\"contentUrl\":\"https:\\\/\\\/letrame.com\\\/catalogo\\\/wp-content\\\/uploads\\\/2024\\\/03\\\/logo2.webp\",\"width\":394,\"height\":128,\"caption\":\"Catalogo | Letrame Grupo Editorial\"},\"image\":{\"@id\":\"https:\\\/\\\/letrame.com\\\/catalogo\\\/#\\\/schema\\\/logo\\\/image\\\/\"}}]}<\/script>\n<!-- \/ Yoast SEO plugin. -->","yoast_head_json":{"title":"En el lado oscuro del ombligo - Catalogo | Letrame Grupo Editorial","robots":{"index":"index","follow":"follow","max-snippet":"max-snippet:-1","max-image-preview":"max-image-preview:large","max-video-preview":"max-video-preview:-1"},"canonical":"https:\/\/letrame.com\/catalogo\/producto\/en-el-lado-oscuro-del-ombligo\/","og_locale":"es_ES","og_type":"article","og_title":"En el lado oscuro del ombligo - Catalogo | Letrame Grupo Editorial","og_description":"ISBN: 978-84-1181-230-6 SINOPSIS\u00a0 En el lado oscuro del ombligo es una obra dividida en dos partes. En la primera nos narra, utilizando como g\u00e9nero literario el diario personal, una historia de amor. O de horror. Hay fantasmas que no solo matan de miedo, sino que tambi\u00e9n matan de amor. \u00bfQui\u00e9n es la pareja que lo atormenta noche tras noche? \u00bfEl amor de su vida convertido en\u00a0 fantasma; una difunta que regresa para atormentarlo; un s\u00facubo\u00a0 lujurioso; solo pesadillas h\u00famedas? Los textos son dolorosos, sensuales, provocativos y, al mismo tiempo, el \u00fanico remedio que lo protege de la muerte o la locura. La segunda parte del libro, \u00abLa Continuidad de los fantasmas\u00bb, son historias de su anecdotario personal, algunas biogr\u00e1ficas y otras no menos imposibles, en donde deambulan, sin pudor ni recato, demonios y fantasmas. Y no obstante, cohabitar entre endriagos y encantadores en En el lado oscuro del ombligo no es l\u00fagubre ni pesimista. Al contrario, junto al dolor tambi\u00e9n hay amor. Amor por las sombras, amor por sus demonios, conciliaci\u00f3n con los infiernos. Dolor por vivir, amor por morir. No todos los amores merecen ser vividos; no todos los dolores merecen ser sufridos. Solo son admirables aquellos que nos permiten seguir a pie. Sarain\u00e9s Kasdan","og_url":"https:\/\/letrame.com\/catalogo\/producto\/en-el-lado-oscuro-del-ombligo\/","og_site_name":"Catalogo | Letrame Grupo Editorial","article_modified_time":"2024-04-29T14:07:36+00:00","og_image":[{"width":1746,"height":2560,"url":"https:\/\/letrame.com\/catalogo\/wp-content\/uploads\/2024\/04\/webportada_enelladooscurodelombligo_1113mm-copia-compressed-1-scaled-1.jpg","type":"image\/jpeg"}],"twitter_card":"summary_large_image","twitter_misc":{"Tiempo de lectura":"1 minuto"},"schema":{"@context":"https:\/\/schema.org","@graph":[{"@type":"WebPage","@id":"https:\/\/letrame.com\/catalogo\/producto\/en-el-lado-oscuro-del-ombligo\/","url":"https:\/\/letrame.com\/catalogo\/producto\/en-el-lado-oscuro-del-ombligo\/","name":"En el lado oscuro del ombligo - Catalogo | Letrame Grupo Editorial","isPartOf":{"@id":"https:\/\/letrame.com\/catalogo\/#website"},"primaryImageOfPage":{"@id":"https:\/\/letrame.com\/catalogo\/producto\/en-el-lado-oscuro-del-ombligo\/#primaryimage"},"image":{"@id":"https:\/\/letrame.com\/catalogo\/producto\/en-el-lado-oscuro-del-ombligo\/#primaryimage"},"thumbnailUrl":"https:\/\/letrame.com\/catalogo\/wp-content\/uploads\/2024\/04\/webportada_enelladooscurodelombligo_1113mm-copia-compressed-1-scaled-1.jpg","datePublished":"2024-04-29T14:07:25+00:00","dateModified":"2024-04-29T14:07:36+00:00","breadcrumb":{"@id":"https:\/\/letrame.com\/catalogo\/producto\/en-el-lado-oscuro-del-ombligo\/#breadcrumb"},"inLanguage":"es","potentialAction":[{"@type":"ReadAction","target":["https:\/\/letrame.com\/catalogo\/producto\/en-el-lado-oscuro-del-ombligo\/"]}]},{"@type":"ImageObject","inLanguage":"es","@id":"https:\/\/letrame.com\/catalogo\/producto\/en-el-lado-oscuro-del-ombligo\/#primaryimage","url":"https:\/\/letrame.com\/catalogo\/wp-content\/uploads\/2024\/04\/webportada_enelladooscurodelombligo_1113mm-copia-compressed-1-scaled-1.jpg","contentUrl":"https:\/\/letrame.com\/catalogo\/wp-content\/uploads\/2024\/04\/webportada_enelladooscurodelombligo_1113mm-copia-compressed-1-scaled-1.jpg","width":1746,"height":2560},{"@type":"BreadcrumbList","@id":"https:\/\/letrame.com\/catalogo\/producto\/en-el-lado-oscuro-del-ombligo\/#breadcrumb","itemListElement":[{"@type":"ListItem","position":1,"name":"Portada","item":"https:\/\/letrame.com\/catalogo\/"},{"@type":"ListItem","position":2,"name":"Cat\u00e1logo","item":"https:\/\/letrame.com\/catalogo\/"},{"@type":"ListItem","position":3,"name":"En el lado oscuro del ombligo"}]},{"@type":"WebSite","@id":"https:\/\/letrame.com\/catalogo\/#website","url":"https:\/\/letrame.com\/catalogo\/","name":"Catalogo | Letrame Grupo Editorial","description":"","publisher":{"@id":"https:\/\/letrame.com\/catalogo\/#organization"},"potentialAction":[{"@type":"SearchAction","target":{"@type":"EntryPoint","urlTemplate":"https:\/\/letrame.com\/catalogo\/?s={search_term_string}"},"query-input":{"@type":"PropertyValueSpecification","valueRequired":true,"valueName":"search_term_string"}}],"inLanguage":"es"},{"@type":"Organization","@id":"https:\/\/letrame.com\/catalogo\/#organization","name":"Catalogo | Letrame Grupo Editorial","url":"https:\/\/letrame.com\/catalogo\/","logo":{"@type":"ImageObject","inLanguage":"es","@id":"https:\/\/letrame.com\/catalogo\/#\/schema\/logo\/image\/","url":"https:\/\/letrame.com\/catalogo\/wp-content\/uploads\/2024\/03\/logo2.webp","contentUrl":"https:\/\/letrame.com\/catalogo\/wp-content\/uploads\/2024\/03\/logo2.webp","width":394,"height":128,"caption":"Catalogo | Letrame Grupo Editorial"},"image":{"@id":"https:\/\/letrame.com\/catalogo\/#\/schema\/logo\/image\/"}}]}},"_links":{"self":[{"href":"https:\/\/letrame.com\/catalogo\/wp-json\/wp\/v2\/product\/99289","targetHints":{"allow":["GET"]}}],"collection":[{"href":"https:\/\/letrame.com\/catalogo\/wp-json\/wp\/v2\/product"}],"about":[{"href":"https:\/\/letrame.com\/catalogo\/wp-json\/wp\/v2\/types\/product"}],"replies":[{"embeddable":true,"href":"https:\/\/letrame.com\/catalogo\/wp-json\/wp\/v2\/comments?post=99289"}],"acf:post":[{"embeddable":true,"href":"https:\/\/letrame.com\/catalogo\/wp-json\/wp\/v2\/author_book\/77641"}],"wp:featuredmedia":[{"embeddable":true,"href":"https:\/\/letrame.com\/catalogo\/wp-json\/wp\/v2\/media\/99290"}],"wp:attachment":[{"href":"https:\/\/letrame.com\/catalogo\/wp-json\/wp\/v2\/media?parent=99289"}],"wp:term":[{"taxonomy":"libro","embeddable":true,"href":"https:\/\/letrame.com\/catalogo\/wp-json\/wp\/v2\/libro?post=99289"},{"taxonomy":"product_brand","embeddable":true,"href":"https:\/\/letrame.com\/catalogo\/wp-json\/wp\/v2\/product_brand?post=99289"},{"taxonomy":"product_cat","embeddable":true,"href":"https:\/\/letrame.com\/catalogo\/wp-json\/wp\/v2\/product_cat?post=99289"},{"taxonomy":"product_tag","embeddable":true,"href":"https:\/\/letrame.com\/catalogo\/wp-json\/wp\/v2\/product_tag?post=99289"}],"curies":[{"name":"wp","href":"https:\/\/api.w.org\/{rel}","templated":true}]}}