{"id":99279,"date":"2024-04-29T16:06:10","date_gmt":"2024-04-29T14:06:10","guid":{"rendered":"https:\/\/letrame.com\/catalogo\/producto\/dios-no-existe-dios-es\/"},"modified":"2024-04-29T16:06:36","modified_gmt":"2024-04-29T14:06:36","slug":"dios-no-existe-dios-es","status":"publish","type":"product","link":"https:\/\/letrame.com\/catalogo\/producto\/dios-no-existe-dios-es\/","title":{"rendered":"Dios no existe, Dios es."},"content":{"rendered":"<p><strong>ISBN<\/strong>: 978-84-1144-993-9<\/p>\n<p><strong>T\u00edtulo<\/strong>: Dios no existe, Dios es.<br \/>\n<strong>Fecha<\/strong>: 2023<br \/>\n<strong>P\u00e1ginas<\/strong>: 206<\/p>\n<p><strong>SINOPSIS<\/strong><\/p>\n<p>La obra, basada en una vida de exploraci\u00f3n y b\u00fasqueda apasionada, es al mismo tiempo una indagatoria y una reflexi\u00f3n que intenta responder a las preguntas: \u00bfqu\u00e9 es la consciencia?, \u00bfDios existe o est\u00e1 m\u00e1s all\u00e1 de la dimensi\u00f3n del existir?, \u00bfcu\u00e1l es el papel y rol del ser humano en el cosmos si est\u00e1 hecho a imagen y semejanza del que denominamos Dios? Las respuestas, reconociendo los l\u00edmites del pensamiento humano, son provocaciones que integrando conocimiento cient\u00edfico, metaf\u00edsico y cu\u00e1ntico buscan generar di\u00e1logo, debate y, sobre todo, mayor comprensi\u00f3n de lo que somos o decimos ser.<\/p>\n","protected":false},"excerpt":{"rendered":"<p><strong>ISBN<\/strong>: 978-84-1144-993-9<\/p>\n<p><strong>SINOPSIS<\/strong><\/p>\n<p>La obra, basada en una vida de exploraci\u00f3n y b\u00fasqueda apasionada, es al mismo tiempo una indagatoria y una reflexi\u00f3n que intenta responder a las preguntas: \u00bfqu\u00e9 es la consciencia?, \u00bfDios existe o est\u00e1 m\u00e1s all\u00e1 de la dimensi\u00f3n del existir?, \u00bfcu\u00e1l es el papel y rol del ser humano en el cosmos si est\u00e1 hecho a imagen y semejanza del que denominamos Dios? Las respuestas, reconociendo los l\u00edmites del pensamiento humano, son provocaciones que integrando conocimiento cient\u00edfico, metaf\u00edsico y cu\u00e1ntico buscan generar di\u00e1logo, debate y, sobre todo, mayor comprensi\u00f3n de lo que somos o decimos ser.<\/p>\n","protected":false},"featured_media":99280,"comment_status":"closed","ping_status":"open","template":"","meta":{"_acf_changed":false},"libro":[],"product_brand":[],"product_cat":[26],"product_tag":[],"class_list":{"0":"post-99279","1":"product","2":"type-product","3":"status-publish","4":"has-post-thumbnail","6":"product_cat-sin-categoria","8":"first","9":"instock","10":"product-type-simple"},"acf":{"autor":[77633],"enlace_de_compra":""},"yoast_head":"<!-- This site is optimized with the Yoast SEO plugin v27.4 - https:\/\/yoast.com\/product\/yoast-seo-wordpress\/ -->\n<title>Dios no existe, Dios es. - Catalogo | Letrame Grupo Editorial<\/title>\n<meta name=\"robots\" content=\"index, follow, max-snippet:-1, max-image-preview:large, max-video-preview:-1\" \/>\n<link rel=\"canonical\" href=\"https:\/\/letrame.com\/catalogo\/producto\/dios-no-existe-dios-es\/\" \/>\n<meta property=\"og:locale\" content=\"es_ES\" \/>\n<meta property=\"og:type\" content=\"article\" \/>\n<meta property=\"og:title\" content=\"Dios no existe, Dios es. - Catalogo | Letrame Grupo Editorial\" \/>\n<meta property=\"og:description\" content=\"ISBN: 978-84-1144-993-9 SINOPSIS La obra, basada en una vida de exploraci\u00f3n y b\u00fasqueda apasionada, es al mismo tiempo una indagatoria y una reflexi\u00f3n que intenta responder a las preguntas: \u00bfqu\u00e9 es la consciencia?, \u00bfDios existe o est\u00e1 m\u00e1s all\u00e1 de la dimensi\u00f3n del existir?, \u00bfcu\u00e1l es el papel y rol del ser humano en el cosmos si est\u00e1 hecho a imagen y semejanza del que denominamos Dios? Las respuestas, reconociendo los l\u00edmites del pensamiento humano, son provocaciones que integrando conocimiento cient\u00edfico, metaf\u00edsico y cu\u00e1ntico buscan generar di\u00e1logo, debate y, sobre todo, mayor comprensi\u00f3n de lo que somos o decimos ser.\" \/>\n<meta property=\"og:url\" content=\"https:\/\/letrame.com\/catalogo\/producto\/dios-no-existe-dios-es\/\" \/>\n<meta property=\"og:site_name\" content=\"Catalogo | Letrame Grupo Editorial\" \/>\n<meta property=\"article:modified_time\" content=\"2024-04-29T14:06:36+00:00\" \/>\n<meta property=\"og:image\" content=\"https:\/\/letrame.com\/catalogo\/wp-content\/uploads\/2024\/04\/webportada_diosnoexiste_1057mm-compressed.jpg\" \/>\n\t<meta property=\"og:image:width\" content=\"1772\" \/>\n\t<meta property=\"og:image:height\" content=\"2480\" \/>\n\t<meta property=\"og:image:type\" content=\"image\/jpeg\" \/>\n<meta name=\"twitter:card\" content=\"summary_large_image\" \/>\n<meta name=\"twitter:label1\" content=\"Tiempo de lectura\" \/>\n\t<meta name=\"twitter:data1\" content=\"1 minuto\" \/>\n<script type=\"application\/ld+json\" class=\"yoast-schema-graph\">{\"@context\":\"https:\\\/\\\/schema.org\",\"@graph\":[{\"@type\":\"WebPage\",\"@id\":\"https:\\\/\\\/letrame.com\\\/catalogo\\\/producto\\\/dios-no-existe-dios-es\\\/\",\"url\":\"https:\\\/\\\/letrame.com\\\/catalogo\\\/producto\\\/dios-no-existe-dios-es\\\/\",\"name\":\"Dios no existe, Dios es. - Catalogo | Letrame Grupo Editorial\",\"isPartOf\":{\"@id\":\"https:\\\/\\\/letrame.com\\\/catalogo\\\/#website\"},\"primaryImageOfPage\":{\"@id\":\"https:\\\/\\\/letrame.com\\\/catalogo\\\/producto\\\/dios-no-existe-dios-es\\\/#primaryimage\"},\"image\":{\"@id\":\"https:\\\/\\\/letrame.com\\\/catalogo\\\/producto\\\/dios-no-existe-dios-es\\\/#primaryimage\"},\"thumbnailUrl\":\"https:\\\/\\\/letrame.com\\\/catalogo\\\/wp-content\\\/uploads\\\/2024\\\/04\\\/webportada_diosnoexiste_1057mm-compressed.jpg\",\"datePublished\":\"2024-04-29T14:06:10+00:00\",\"dateModified\":\"2024-04-29T14:06:36+00:00\",\"breadcrumb\":{\"@id\":\"https:\\\/\\\/letrame.com\\\/catalogo\\\/producto\\\/dios-no-existe-dios-es\\\/#breadcrumb\"},\"inLanguage\":\"es\",\"potentialAction\":[{\"@type\":\"ReadAction\",\"target\":[\"https:\\\/\\\/letrame.com\\\/catalogo\\\/producto\\\/dios-no-existe-dios-es\\\/\"]}]},{\"@type\":\"ImageObject\",\"inLanguage\":\"es\",\"@id\":\"https:\\\/\\\/letrame.com\\\/catalogo\\\/producto\\\/dios-no-existe-dios-es\\\/#primaryimage\",\"url\":\"https:\\\/\\\/letrame.com\\\/catalogo\\\/wp-content\\\/uploads\\\/2024\\\/04\\\/webportada_diosnoexiste_1057mm-compressed.jpg\",\"contentUrl\":\"https:\\\/\\\/letrame.com\\\/catalogo\\\/wp-content\\\/uploads\\\/2024\\\/04\\\/webportada_diosnoexiste_1057mm-compressed.jpg\",\"width\":1772,\"height\":2480},{\"@type\":\"BreadcrumbList\",\"@id\":\"https:\\\/\\\/letrame.com\\\/catalogo\\\/producto\\\/dios-no-existe-dios-es\\\/#breadcrumb\",\"itemListElement\":[{\"@type\":\"ListItem\",\"position\":1,\"name\":\"Portada\",\"item\":\"https:\\\/\\\/letrame.com\\\/catalogo\\\/\"},{\"@type\":\"ListItem\",\"position\":2,\"name\":\"Cat\u00e1logo\",\"item\":\"https:\\\/\\\/letrame.com\\\/catalogo\\\/\"},{\"@type\":\"ListItem\",\"position\":3,\"name\":\"Dios no existe, Dios es.\"}]},{\"@type\":\"WebSite\",\"@id\":\"https:\\\/\\\/letrame.com\\\/catalogo\\\/#website\",\"url\":\"https:\\\/\\\/letrame.com\\\/catalogo\\\/\",\"name\":\"Catalogo | Letrame Grupo Editorial\",\"description\":\"\",\"publisher\":{\"@id\":\"https:\\\/\\\/letrame.com\\\/catalogo\\\/#organization\"},\"potentialAction\":[{\"@type\":\"SearchAction\",\"target\":{\"@type\":\"EntryPoint\",\"urlTemplate\":\"https:\\\/\\\/letrame.com\\\/catalogo\\\/?s={search_term_string}\"},\"query-input\":{\"@type\":\"PropertyValueSpecification\",\"valueRequired\":true,\"valueName\":\"search_term_string\"}}],\"inLanguage\":\"es\"},{\"@type\":\"Organization\",\"@id\":\"https:\\\/\\\/letrame.com\\\/catalogo\\\/#organization\",\"name\":\"Catalogo | Letrame Grupo Editorial\",\"url\":\"https:\\\/\\\/letrame.com\\\/catalogo\\\/\",\"logo\":{\"@type\":\"ImageObject\",\"inLanguage\":\"es\",\"@id\":\"https:\\\/\\\/letrame.com\\\/catalogo\\\/#\\\/schema\\\/logo\\\/image\\\/\",\"url\":\"https:\\\/\\\/letrame.com\\\/catalogo\\\/wp-content\\\/uploads\\\/2024\\\/03\\\/logo2.webp\",\"contentUrl\":\"https:\\\/\\\/letrame.com\\\/catalogo\\\/wp-content\\\/uploads\\\/2024\\\/03\\\/logo2.webp\",\"width\":394,\"height\":128,\"caption\":\"Catalogo | Letrame Grupo Editorial\"},\"image\":{\"@id\":\"https:\\\/\\\/letrame.com\\\/catalogo\\\/#\\\/schema\\\/logo\\\/image\\\/\"}}]}<\/script>\n<!-- \/ Yoast SEO plugin. -->","yoast_head_json":{"title":"Dios no existe, Dios es. - Catalogo | Letrame Grupo Editorial","robots":{"index":"index","follow":"follow","max-snippet":"max-snippet:-1","max-image-preview":"max-image-preview:large","max-video-preview":"max-video-preview:-1"},"canonical":"https:\/\/letrame.com\/catalogo\/producto\/dios-no-existe-dios-es\/","og_locale":"es_ES","og_type":"article","og_title":"Dios no existe, Dios es. - Catalogo | Letrame Grupo Editorial","og_description":"ISBN: 978-84-1144-993-9 SINOPSIS La obra, basada en una vida de exploraci\u00f3n y b\u00fasqueda apasionada, es al mismo tiempo una indagatoria y una reflexi\u00f3n que intenta responder a las preguntas: \u00bfqu\u00e9 es la consciencia?, \u00bfDios existe o est\u00e1 m\u00e1s all\u00e1 de la dimensi\u00f3n del existir?, \u00bfcu\u00e1l es el papel y rol del ser humano en el cosmos si est\u00e1 hecho a imagen y semejanza del que denominamos Dios? Las respuestas, reconociendo los l\u00edmites del pensamiento humano, son provocaciones que integrando conocimiento cient\u00edfico, metaf\u00edsico y cu\u00e1ntico buscan generar di\u00e1logo, debate y, sobre todo, mayor comprensi\u00f3n de lo que somos o decimos ser.","og_url":"https:\/\/letrame.com\/catalogo\/producto\/dios-no-existe-dios-es\/","og_site_name":"Catalogo | Letrame Grupo Editorial","article_modified_time":"2024-04-29T14:06:36+00:00","og_image":[{"width":1772,"height":2480,"url":"https:\/\/letrame.com\/catalogo\/wp-content\/uploads\/2024\/04\/webportada_diosnoexiste_1057mm-compressed.jpg","type":"image\/jpeg"}],"twitter_card":"summary_large_image","twitter_misc":{"Tiempo de lectura":"1 minuto"},"schema":{"@context":"https:\/\/schema.org","@graph":[{"@type":"WebPage","@id":"https:\/\/letrame.com\/catalogo\/producto\/dios-no-existe-dios-es\/","url":"https:\/\/letrame.com\/catalogo\/producto\/dios-no-existe-dios-es\/","name":"Dios no existe, Dios es. - Catalogo | Letrame Grupo Editorial","isPartOf":{"@id":"https:\/\/letrame.com\/catalogo\/#website"},"primaryImageOfPage":{"@id":"https:\/\/letrame.com\/catalogo\/producto\/dios-no-existe-dios-es\/#primaryimage"},"image":{"@id":"https:\/\/letrame.com\/catalogo\/producto\/dios-no-existe-dios-es\/#primaryimage"},"thumbnailUrl":"https:\/\/letrame.com\/catalogo\/wp-content\/uploads\/2024\/04\/webportada_diosnoexiste_1057mm-compressed.jpg","datePublished":"2024-04-29T14:06:10+00:00","dateModified":"2024-04-29T14:06:36+00:00","breadcrumb":{"@id":"https:\/\/letrame.com\/catalogo\/producto\/dios-no-existe-dios-es\/#breadcrumb"},"inLanguage":"es","potentialAction":[{"@type":"ReadAction","target":["https:\/\/letrame.com\/catalogo\/producto\/dios-no-existe-dios-es\/"]}]},{"@type":"ImageObject","inLanguage":"es","@id":"https:\/\/letrame.com\/catalogo\/producto\/dios-no-existe-dios-es\/#primaryimage","url":"https:\/\/letrame.com\/catalogo\/wp-content\/uploads\/2024\/04\/webportada_diosnoexiste_1057mm-compressed.jpg","contentUrl":"https:\/\/letrame.com\/catalogo\/wp-content\/uploads\/2024\/04\/webportada_diosnoexiste_1057mm-compressed.jpg","width":1772,"height":2480},{"@type":"BreadcrumbList","@id":"https:\/\/letrame.com\/catalogo\/producto\/dios-no-existe-dios-es\/#breadcrumb","itemListElement":[{"@type":"ListItem","position":1,"name":"Portada","item":"https:\/\/letrame.com\/catalogo\/"},{"@type":"ListItem","position":2,"name":"Cat\u00e1logo","item":"https:\/\/letrame.com\/catalogo\/"},{"@type":"ListItem","position":3,"name":"Dios no existe, Dios es."}]},{"@type":"WebSite","@id":"https:\/\/letrame.com\/catalogo\/#website","url":"https:\/\/letrame.com\/catalogo\/","name":"Catalogo | Letrame Grupo Editorial","description":"","publisher":{"@id":"https:\/\/letrame.com\/catalogo\/#organization"},"potentialAction":[{"@type":"SearchAction","target":{"@type":"EntryPoint","urlTemplate":"https:\/\/letrame.com\/catalogo\/?s={search_term_string}"},"query-input":{"@type":"PropertyValueSpecification","valueRequired":true,"valueName":"search_term_string"}}],"inLanguage":"es"},{"@type":"Organization","@id":"https:\/\/letrame.com\/catalogo\/#organization","name":"Catalogo | Letrame Grupo Editorial","url":"https:\/\/letrame.com\/catalogo\/","logo":{"@type":"ImageObject","inLanguage":"es","@id":"https:\/\/letrame.com\/catalogo\/#\/schema\/logo\/image\/","url":"https:\/\/letrame.com\/catalogo\/wp-content\/uploads\/2024\/03\/logo2.webp","contentUrl":"https:\/\/letrame.com\/catalogo\/wp-content\/uploads\/2024\/03\/logo2.webp","width":394,"height":128,"caption":"Catalogo | Letrame Grupo Editorial"},"image":{"@id":"https:\/\/letrame.com\/catalogo\/#\/schema\/logo\/image\/"}}]}},"_links":{"self":[{"href":"https:\/\/letrame.com\/catalogo\/wp-json\/wp\/v2\/product\/99279","targetHints":{"allow":["GET"]}}],"collection":[{"href":"https:\/\/letrame.com\/catalogo\/wp-json\/wp\/v2\/product"}],"about":[{"href":"https:\/\/letrame.com\/catalogo\/wp-json\/wp\/v2\/types\/product"}],"replies":[{"embeddable":true,"href":"https:\/\/letrame.com\/catalogo\/wp-json\/wp\/v2\/comments?post=99279"}],"acf:post":[{"embeddable":true,"href":"https:\/\/letrame.com\/catalogo\/wp-json\/wp\/v2\/author_book\/77633"}],"wp:featuredmedia":[{"embeddable":true,"href":"https:\/\/letrame.com\/catalogo\/wp-json\/wp\/v2\/media\/99280"}],"wp:attachment":[{"href":"https:\/\/letrame.com\/catalogo\/wp-json\/wp\/v2\/media?parent=99279"}],"wp:term":[{"taxonomy":"libro","embeddable":true,"href":"https:\/\/letrame.com\/catalogo\/wp-json\/wp\/v2\/libro?post=99279"},{"taxonomy":"product_brand","embeddable":true,"href":"https:\/\/letrame.com\/catalogo\/wp-json\/wp\/v2\/product_brand?post=99279"},{"taxonomy":"product_cat","embeddable":true,"href":"https:\/\/letrame.com\/catalogo\/wp-json\/wp\/v2\/product_cat?post=99279"},{"taxonomy":"product_tag","embeddable":true,"href":"https:\/\/letrame.com\/catalogo\/wp-json\/wp\/v2\/product_tag?post=99279"}],"curies":[{"name":"wp","href":"https:\/\/api.w.org\/{rel}","templated":true}]}}