{"id":99269,"date":"2024-04-29T16:05:26","date_gmt":"2024-04-29T14:05:26","guid":{"rendered":"https:\/\/letrame.com\/catalogo\/producto\/un-giro-inesperado-de-la-oscuridad-a-la-luz\/"},"modified":"2024-04-29T16:05:27","modified_gmt":"2024-04-29T14:05:27","slug":"un-giro-inesperado-de-la-oscuridad-a-la-luz","status":"publish","type":"product","link":"https:\/\/letrame.com\/catalogo\/producto\/un-giro-inesperado-de-la-oscuridad-a-la-luz\/","title":{"rendered":"Un giro inesperado, de la oscuridad a la luz"},"content":{"rendered":"<p><strong>ISBN<\/strong>: 978-84-1181-291-7<\/p>\n<p><strong>T\u00edtulo<\/strong>: Un giro inesperado, de la oscuridad a la luz<br \/>\n<strong>Fecha<\/strong>: 2023<br \/>\n<strong>P\u00e1ginas<\/strong>: 236<\/p>\n<p><strong>SINOPSIS<\/strong><\/p>\n<p>Osvaldo es un joven de treinta y cuatro a\u00f1os que empieza a tener s\u00edntomas de n\u00e1useas y v\u00f3mitos. Tras unos an\u00e1lisis, tiene que lidiar con el hipertiroidismo.<\/p>\n<p>Su madre Margarita junto con su t\u00eda Helena contrata los servicios de un detective llamado Fernando para que les ayude a encontrar a su madre Esperanza y su hermana Gloria. A su vez, Esperanza y su hija Gloria contratan al mismo detective para que las ayude a encontrar a su padre Anselmo y sus hermanas Margarita y Helena.<\/p>\n<p>Gloria, a ra\u00edz de la adicci\u00f3n a la bebida de su marido Ernesto, toma la decisi\u00f3n de separarse. Este ingresa en una cl\u00ednica para dejar su adicci\u00f3n a la bebida.<\/p>\n<p>Anselmo, el abuelo de Gabriel, est\u00e1 en coma, pero nadie pierde la fe de que despertar\u00e1, y nadie imagina que \u00e9l ser\u00e1 el nexo que unir\u00e1 a toda la familia de nuevo.<\/p>\n<p>\u00bfQu\u00e9 acontecimientos dram\u00e1ticos acontecer\u00e1n a estas personas? El destino har\u00e1 que se unan y se separen.\u00a0 Todo tendr\u00e1 sus consecuencias. Desc\u00fabrelo en esta historia.<\/p>\n","protected":false},"excerpt":{"rendered":"<p><strong>ISBN<\/strong>: 978-84-1181-291-7<\/p>\n<p><strong>SINOPSIS<\/strong><\/p>\n<p>Osvaldo es un joven de treinta y cuatro a\u00f1os que empieza a tener s\u00edntomas de n\u00e1useas y v\u00f3mitos. Tras unos an\u00e1lisis, tiene que lidiar con el hipertiroidismo.<\/p>\n<p>Su madre Margarita junto con su t\u00eda Helena contrata los servicios de un detective llamado Fernando para que les ayude a encontrar a su madre Esperanza y su hermana Gloria. A su vez, Esperanza y su hija Gloria contratan al mismo detective para que las ayude a encontrar a su padre Anselmo y sus hermanas Margarita y Helena.<\/p>\n<p>Gloria, a ra\u00edz de la adicci\u00f3n a la bebida de su marido Ernesto, toma la decisi\u00f3n de separarse. Este ingresa en una cl\u00ednica para dejar su adicci\u00f3n a la bebida.<\/p>\n<p>Anselmo, el abuelo de Gabriel, est\u00e1 en coma, pero nadie pierde la fe de que despertar\u00e1, y nadie imagina que \u00e9l ser\u00e1 el nexo que unir\u00e1 a toda la familia de nuevo.<\/p>\n<p>\u00bfQu\u00e9 acontecimientos dram\u00e1ticos acontecer\u00e1n a estas personas? El destino har\u00e1 que se unan y se separen.\u00a0 Todo tendr\u00e1 sus consecuencias. Desc\u00fabrelo en esta historia.<\/p>\n","protected":false},"featured_media":99270,"comment_status":"closed","ping_status":"open","template":"","meta":{"_acf_changed":false},"libro":[],"product_brand":[],"product_cat":[26],"product_tag":[],"class_list":{"0":"post-99269","1":"product","2":"type-product","3":"status-publish","4":"has-post-thumbnail","6":"product_cat-sin-categoria","8":"first","9":"instock","10":"product-type-simple"},"acf":{"autor":[77623],"enlace_de_compra":"https:\/\/www.amazon.es\/giro-inesperado-oscuridad-luz\/dp\/B0CKGPF8RQ\/"},"yoast_head":"<!-- This site is optimized with the Yoast SEO plugin v26.6 - https:\/\/yoast.com\/wordpress\/plugins\/seo\/ -->\n<title>Un giro inesperado, de la oscuridad a la luz - Catalogo | Letrame Grupo Editorial<\/title>\n<meta name=\"robots\" content=\"index, follow, max-snippet:-1, max-image-preview:large, max-video-preview:-1\" \/>\n<link rel=\"canonical\" href=\"https:\/\/letrame.com\/catalogo\/producto\/un-giro-inesperado-de-la-oscuridad-a-la-luz\/\" \/>\n<meta property=\"og:locale\" content=\"es_ES\" \/>\n<meta property=\"og:type\" content=\"article\" \/>\n<meta property=\"og:title\" content=\"Un giro inesperado, de la oscuridad a la luz - Catalogo | Letrame Grupo Editorial\" \/>\n<meta property=\"og:description\" content=\"ISBN: 978-84-1181-291-7 SINOPSIS Osvaldo es un joven de treinta y cuatro a\u00f1os que empieza a tener s\u00edntomas de n\u00e1useas y v\u00f3mitos. Tras unos an\u00e1lisis, tiene que lidiar con el hipertiroidismo. Su madre Margarita junto con su t\u00eda Helena contrata los servicios de un detective llamado Fernando para que les ayude a encontrar a su madre Esperanza y su hermana Gloria. A su vez, Esperanza y su hija Gloria contratan al mismo detective para que las ayude a encontrar a su padre Anselmo y sus hermanas Margarita y Helena. Gloria, a ra\u00edz de la adicci\u00f3n a la bebida de su marido Ernesto, toma la decisi\u00f3n de separarse. Este ingresa en una cl\u00ednica para dejar su adicci\u00f3n a la bebida. Anselmo, el abuelo de Gabriel, est\u00e1 en coma, pero nadie pierde la fe de que despertar\u00e1, y nadie imagina que \u00e9l ser\u00e1 el nexo que unir\u00e1 a toda la familia de nuevo. \u00bfQu\u00e9 acontecimientos dram\u00e1ticos acontecer\u00e1n a estas personas? El destino har\u00e1 que se unan y se separen.\u00a0 Todo tendr\u00e1 sus consecuencias. Desc\u00fabrelo en esta historia.\" \/>\n<meta property=\"og:url\" content=\"https:\/\/letrame.com\/catalogo\/producto\/un-giro-inesperado-de-la-oscuridad-a-la-luz\/\" \/>\n<meta property=\"og:site_name\" content=\"Catalogo | Letrame Grupo Editorial\" \/>\n<meta property=\"article:modified_time\" content=\"2024-04-29T14:05:27+00:00\" \/>\n<meta property=\"og:image\" content=\"https:\/\/letrame.com\/catalogo\/wp-content\/uploads\/2024\/04\/webportada_ungiroinesperado_12mm-compressed-scaled-1.jpg\" \/>\n\t<meta property=\"og:image:width\" content=\"1746\" \/>\n\t<meta property=\"og:image:height\" content=\"2560\" \/>\n\t<meta property=\"og:image:type\" content=\"image\/jpeg\" \/>\n<meta name=\"twitter:card\" content=\"summary_large_image\" \/>\n<meta name=\"twitter:label1\" content=\"Tiempo de lectura\" \/>\n\t<meta name=\"twitter:data1\" content=\"1 minuto\" \/>\n<script type=\"application\/ld+json\" class=\"yoast-schema-graph\">{\"@context\":\"https:\/\/schema.org\",\"@graph\":[{\"@type\":\"WebPage\",\"@id\":\"https:\/\/letrame.com\/catalogo\/producto\/un-giro-inesperado-de-la-oscuridad-a-la-luz\/\",\"url\":\"https:\/\/letrame.com\/catalogo\/producto\/un-giro-inesperado-de-la-oscuridad-a-la-luz\/\",\"name\":\"Un giro inesperado, de la oscuridad a la luz - Catalogo | Letrame Grupo Editorial\",\"isPartOf\":{\"@id\":\"https:\/\/letrame.com\/catalogo\/#website\"},\"primaryImageOfPage\":{\"@id\":\"https:\/\/letrame.com\/catalogo\/producto\/un-giro-inesperado-de-la-oscuridad-a-la-luz\/#primaryimage\"},\"image\":{\"@id\":\"https:\/\/letrame.com\/catalogo\/producto\/un-giro-inesperado-de-la-oscuridad-a-la-luz\/#primaryimage\"},\"thumbnailUrl\":\"https:\/\/letrame.com\/catalogo\/wp-content\/uploads\/2024\/04\/webportada_ungiroinesperado_12mm-compressed-scaled-1.jpg\",\"datePublished\":\"2024-04-29T14:05:26+00:00\",\"dateModified\":\"2024-04-29T14:05:27+00:00\",\"breadcrumb\":{\"@id\":\"https:\/\/letrame.com\/catalogo\/producto\/un-giro-inesperado-de-la-oscuridad-a-la-luz\/#breadcrumb\"},\"inLanguage\":\"es\",\"potentialAction\":[{\"@type\":\"ReadAction\",\"target\":[\"https:\/\/letrame.com\/catalogo\/producto\/un-giro-inesperado-de-la-oscuridad-a-la-luz\/\"]}]},{\"@type\":\"ImageObject\",\"inLanguage\":\"es\",\"@id\":\"https:\/\/letrame.com\/catalogo\/producto\/un-giro-inesperado-de-la-oscuridad-a-la-luz\/#primaryimage\",\"url\":\"https:\/\/letrame.com\/catalogo\/wp-content\/uploads\/2024\/04\/webportada_ungiroinesperado_12mm-compressed-scaled-1.jpg\",\"contentUrl\":\"https:\/\/letrame.com\/catalogo\/wp-content\/uploads\/2024\/04\/webportada_ungiroinesperado_12mm-compressed-scaled-1.jpg\",\"width\":1746,\"height\":2560},{\"@type\":\"BreadcrumbList\",\"@id\":\"https:\/\/letrame.com\/catalogo\/producto\/un-giro-inesperado-de-la-oscuridad-a-la-luz\/#breadcrumb\",\"itemListElement\":[{\"@type\":\"ListItem\",\"position\":1,\"name\":\"Portada\",\"item\":\"https:\/\/letrame.com\/catalogo\/\"},{\"@type\":\"ListItem\",\"position\":2,\"name\":\"Cat\u00e1logo\",\"item\":\"https:\/\/letrame.com\/catalogo\/\"},{\"@type\":\"ListItem\",\"position\":3,\"name\":\"Un giro inesperado, de la oscuridad a la luz\"}]},{\"@type\":\"WebSite\",\"@id\":\"https:\/\/letrame.com\/catalogo\/#website\",\"url\":\"https:\/\/letrame.com\/catalogo\/\",\"name\":\"Catalogo | Letrame Grupo Editorial\",\"description\":\"\",\"publisher\":{\"@id\":\"https:\/\/letrame.com\/catalogo\/#organization\"},\"potentialAction\":[{\"@type\":\"SearchAction\",\"target\":{\"@type\":\"EntryPoint\",\"urlTemplate\":\"https:\/\/letrame.com\/catalogo\/?s={search_term_string}\"},\"query-input\":{\"@type\":\"PropertyValueSpecification\",\"valueRequired\":true,\"valueName\":\"search_term_string\"}}],\"inLanguage\":\"es\"},{\"@type\":\"Organization\",\"@id\":\"https:\/\/letrame.com\/catalogo\/#organization\",\"name\":\"Catalogo | Letrame Grupo Editorial\",\"url\":\"https:\/\/letrame.com\/catalogo\/\",\"logo\":{\"@type\":\"ImageObject\",\"inLanguage\":\"es\",\"@id\":\"https:\/\/letrame.com\/catalogo\/#\/schema\/logo\/image\/\",\"url\":\"https:\/\/letrame.com\/catalogo\/wp-content\/uploads\/2024\/03\/logo2.webp\",\"contentUrl\":\"https:\/\/letrame.com\/catalogo\/wp-content\/uploads\/2024\/03\/logo2.webp\",\"width\":394,\"height\":128,\"caption\":\"Catalogo | Letrame Grupo Editorial\"},\"image\":{\"@id\":\"https:\/\/letrame.com\/catalogo\/#\/schema\/logo\/image\/\"}}]}<\/script>\n<!-- \/ Yoast SEO plugin. -->","yoast_head_json":{"title":"Un giro inesperado, de la oscuridad a la luz - Catalogo | Letrame Grupo Editorial","robots":{"index":"index","follow":"follow","max-snippet":"max-snippet:-1","max-image-preview":"max-image-preview:large","max-video-preview":"max-video-preview:-1"},"canonical":"https:\/\/letrame.com\/catalogo\/producto\/un-giro-inesperado-de-la-oscuridad-a-la-luz\/","og_locale":"es_ES","og_type":"article","og_title":"Un giro inesperado, de la oscuridad a la luz - Catalogo | Letrame Grupo Editorial","og_description":"ISBN: 978-84-1181-291-7 SINOPSIS Osvaldo es un joven de treinta y cuatro a\u00f1os que empieza a tener s\u00edntomas de n\u00e1useas y v\u00f3mitos. Tras unos an\u00e1lisis, tiene que lidiar con el hipertiroidismo. Su madre Margarita junto con su t\u00eda Helena contrata los servicios de un detective llamado Fernando para que les ayude a encontrar a su madre Esperanza y su hermana Gloria. A su vez, Esperanza y su hija Gloria contratan al mismo detective para que las ayude a encontrar a su padre Anselmo y sus hermanas Margarita y Helena. Gloria, a ra\u00edz de la adicci\u00f3n a la bebida de su marido Ernesto, toma la decisi\u00f3n de separarse. Este ingresa en una cl\u00ednica para dejar su adicci\u00f3n a la bebida. Anselmo, el abuelo de Gabriel, est\u00e1 en coma, pero nadie pierde la fe de que despertar\u00e1, y nadie imagina que \u00e9l ser\u00e1 el nexo que unir\u00e1 a toda la familia de nuevo. \u00bfQu\u00e9 acontecimientos dram\u00e1ticos acontecer\u00e1n a estas personas? El destino har\u00e1 que se unan y se separen.\u00a0 Todo tendr\u00e1 sus consecuencias. Desc\u00fabrelo en esta historia.","og_url":"https:\/\/letrame.com\/catalogo\/producto\/un-giro-inesperado-de-la-oscuridad-a-la-luz\/","og_site_name":"Catalogo | Letrame Grupo Editorial","article_modified_time":"2024-04-29T14:05:27+00:00","og_image":[{"width":1746,"height":2560,"url":"https:\/\/letrame.com\/catalogo\/wp-content\/uploads\/2024\/04\/webportada_ungiroinesperado_12mm-compressed-scaled-1.jpg","type":"image\/jpeg"}],"twitter_card":"summary_large_image","twitter_misc":{"Tiempo de lectura":"1 minuto"},"schema":{"@context":"https:\/\/schema.org","@graph":[{"@type":"WebPage","@id":"https:\/\/letrame.com\/catalogo\/producto\/un-giro-inesperado-de-la-oscuridad-a-la-luz\/","url":"https:\/\/letrame.com\/catalogo\/producto\/un-giro-inesperado-de-la-oscuridad-a-la-luz\/","name":"Un giro inesperado, de la oscuridad a la luz - Catalogo | Letrame Grupo Editorial","isPartOf":{"@id":"https:\/\/letrame.com\/catalogo\/#website"},"primaryImageOfPage":{"@id":"https:\/\/letrame.com\/catalogo\/producto\/un-giro-inesperado-de-la-oscuridad-a-la-luz\/#primaryimage"},"image":{"@id":"https:\/\/letrame.com\/catalogo\/producto\/un-giro-inesperado-de-la-oscuridad-a-la-luz\/#primaryimage"},"thumbnailUrl":"https:\/\/letrame.com\/catalogo\/wp-content\/uploads\/2024\/04\/webportada_ungiroinesperado_12mm-compressed-scaled-1.jpg","datePublished":"2024-04-29T14:05:26+00:00","dateModified":"2024-04-29T14:05:27+00:00","breadcrumb":{"@id":"https:\/\/letrame.com\/catalogo\/producto\/un-giro-inesperado-de-la-oscuridad-a-la-luz\/#breadcrumb"},"inLanguage":"es","potentialAction":[{"@type":"ReadAction","target":["https:\/\/letrame.com\/catalogo\/producto\/un-giro-inesperado-de-la-oscuridad-a-la-luz\/"]}]},{"@type":"ImageObject","inLanguage":"es","@id":"https:\/\/letrame.com\/catalogo\/producto\/un-giro-inesperado-de-la-oscuridad-a-la-luz\/#primaryimage","url":"https:\/\/letrame.com\/catalogo\/wp-content\/uploads\/2024\/04\/webportada_ungiroinesperado_12mm-compressed-scaled-1.jpg","contentUrl":"https:\/\/letrame.com\/catalogo\/wp-content\/uploads\/2024\/04\/webportada_ungiroinesperado_12mm-compressed-scaled-1.jpg","width":1746,"height":2560},{"@type":"BreadcrumbList","@id":"https:\/\/letrame.com\/catalogo\/producto\/un-giro-inesperado-de-la-oscuridad-a-la-luz\/#breadcrumb","itemListElement":[{"@type":"ListItem","position":1,"name":"Portada","item":"https:\/\/letrame.com\/catalogo\/"},{"@type":"ListItem","position":2,"name":"Cat\u00e1logo","item":"https:\/\/letrame.com\/catalogo\/"},{"@type":"ListItem","position":3,"name":"Un giro inesperado, de la oscuridad a la luz"}]},{"@type":"WebSite","@id":"https:\/\/letrame.com\/catalogo\/#website","url":"https:\/\/letrame.com\/catalogo\/","name":"Catalogo | Letrame Grupo Editorial","description":"","publisher":{"@id":"https:\/\/letrame.com\/catalogo\/#organization"},"potentialAction":[{"@type":"SearchAction","target":{"@type":"EntryPoint","urlTemplate":"https:\/\/letrame.com\/catalogo\/?s={search_term_string}"},"query-input":{"@type":"PropertyValueSpecification","valueRequired":true,"valueName":"search_term_string"}}],"inLanguage":"es"},{"@type":"Organization","@id":"https:\/\/letrame.com\/catalogo\/#organization","name":"Catalogo | Letrame Grupo Editorial","url":"https:\/\/letrame.com\/catalogo\/","logo":{"@type":"ImageObject","inLanguage":"es","@id":"https:\/\/letrame.com\/catalogo\/#\/schema\/logo\/image\/","url":"https:\/\/letrame.com\/catalogo\/wp-content\/uploads\/2024\/03\/logo2.webp","contentUrl":"https:\/\/letrame.com\/catalogo\/wp-content\/uploads\/2024\/03\/logo2.webp","width":394,"height":128,"caption":"Catalogo | Letrame Grupo Editorial"},"image":{"@id":"https:\/\/letrame.com\/catalogo\/#\/schema\/logo\/image\/"}}]}},"_links":{"self":[{"href":"https:\/\/letrame.com\/catalogo\/wp-json\/wp\/v2\/product\/99269","targetHints":{"allow":["GET"]}}],"collection":[{"href":"https:\/\/letrame.com\/catalogo\/wp-json\/wp\/v2\/product"}],"about":[{"href":"https:\/\/letrame.com\/catalogo\/wp-json\/wp\/v2\/types\/product"}],"replies":[{"embeddable":true,"href":"https:\/\/letrame.com\/catalogo\/wp-json\/wp\/v2\/comments?post=99269"}],"acf:post":[{"embeddable":true,"href":"https:\/\/letrame.com\/catalogo\/wp-json\/wp\/v2\/author_book\/77623"}],"wp:featuredmedia":[{"embeddable":true,"href":"https:\/\/letrame.com\/catalogo\/wp-json\/wp\/v2\/media\/99270"}],"wp:attachment":[{"href":"https:\/\/letrame.com\/catalogo\/wp-json\/wp\/v2\/media?parent=99269"}],"wp:term":[{"taxonomy":"libro","embeddable":true,"href":"https:\/\/letrame.com\/catalogo\/wp-json\/wp\/v2\/libro?post=99269"},{"taxonomy":"product_brand","embeddable":true,"href":"https:\/\/letrame.com\/catalogo\/wp-json\/wp\/v2\/product_brand?post=99269"},{"taxonomy":"product_cat","embeddable":true,"href":"https:\/\/letrame.com\/catalogo\/wp-json\/wp\/v2\/product_cat?post=99269"},{"taxonomy":"product_tag","embeddable":true,"href":"https:\/\/letrame.com\/catalogo\/wp-json\/wp\/v2\/product_tag?post=99269"}],"curies":[{"name":"wp","href":"https:\/\/api.w.org\/{rel}","templated":true}]}}