{"id":99258,"date":"2024-04-29T16:03:39","date_gmt":"2024-04-29T14:03:39","guid":{"rendered":"https:\/\/letrame.com\/catalogo\/producto\/el-eterno-aprendiz\/"},"modified":"2024-04-29T16:03:39","modified_gmt":"2024-04-29T14:03:39","slug":"el-eterno-aprendiz","status":"publish","type":"product","link":"https:\/\/letrame.com\/catalogo\/producto\/el-eterno-aprendiz\/","title":{"rendered":"El eterno aprendiz"},"content":{"rendered":"<p><strong>ISBN<\/strong>: 978-84-1181-211-5<\/p>\n<p><strong>T\u00edtulo<\/strong>: El eterno aprendiz<br \/>\n<strong>Fecha<\/strong>: 2023<br \/>\n<strong>P\u00e1ginas<\/strong>: 110<\/p>\n<p><strong>SINOPSIS<\/strong><\/p>\n<p>Es el relato de mi experiencia personal partiendo de un hecho que marc\u00f3 mi vida. Cuento c\u00f3mo gestion\u00e9 una situaci\u00f3n que me llev\u00f3 al l\u00edmite.<br \/>\nEs una visi\u00f3n personal de un practicante de <em>mindfulness<\/em>. Mi recorrido vital de m\u00e1s de diez a\u00f1os, donde me form\u00e9 como instructor de <em>mindfulness<\/em>, y en los que impart\u00ed cursos y talleres.<br \/>\nPretendo que el\u00a0 libro sea un manual pr\u00e1ctico. Es un libro muy personal donde m\u00e1s que teor\u00edas cuento vida.<\/p>\n","protected":false},"excerpt":{"rendered":"<p><strong>ISBN<\/strong>: 978-84-1181-211-5<\/p>\n<p><strong>SINOPSIS<\/strong><\/p>\n<p>Es el relato de mi experiencia personal partiendo de un hecho que marc\u00f3 mi vida. Cuento c\u00f3mo gestion\u00e9 una situaci\u00f3n que me llev\u00f3 al l\u00edmite.<br \/>\nEs una visi\u00f3n personal de un practicante de <em>mindfulness<\/em>. Mi recorrido vital de m\u00e1s de diez a\u00f1os, donde me form\u00e9 como instructor de <em>mindfulness<\/em>, y en los que impart\u00ed cursos y talleres.<br \/>\nPretendo que el\u00a0 libro sea un manual pr\u00e1ctico. Es un libro muy personal donde m\u00e1s que teor\u00edas cuento vida.<\/p>\n","protected":false},"featured_media":99259,"comment_status":"closed","ping_status":"open","template":"","meta":{"_acf_changed":false},"libro":[],"product_brand":[],"product_cat":[26],"product_tag":[],"class_list":{"0":"post-99258","1":"product","2":"type-product","3":"status-publish","4":"has-post-thumbnail","6":"product_cat-sin-categoria","8":"first","9":"instock","10":"product-type-simple"},"acf":{"autor":[77614],"enlace_de_compra":"https:\/\/www.amazon.es\/El-eterno-aprendiz-desarrollo-personal\/dp\/B0CKDBB529\/"},"yoast_head":"<!-- This site is optimized with the Yoast SEO plugin v26.6 - https:\/\/yoast.com\/wordpress\/plugins\/seo\/ -->\n<title>El eterno aprendiz - Catalogo | Letrame Grupo Editorial<\/title>\n<meta name=\"robots\" content=\"index, follow, max-snippet:-1, max-image-preview:large, max-video-preview:-1\" \/>\n<link rel=\"canonical\" href=\"https:\/\/letrame.com\/catalogo\/producto\/el-eterno-aprendiz\/\" \/>\n<meta property=\"og:locale\" content=\"es_ES\" \/>\n<meta property=\"og:type\" content=\"article\" \/>\n<meta property=\"og:title\" content=\"El eterno aprendiz - Catalogo | Letrame Grupo Editorial\" \/>\n<meta property=\"og:description\" content=\"ISBN: 978-84-1181-211-5 SINOPSIS Es el relato de mi experiencia personal partiendo de un hecho que marc\u00f3 mi vida. Cuento c\u00f3mo gestion\u00e9 una situaci\u00f3n que me llev\u00f3 al l\u00edmite. Es una visi\u00f3n personal de un practicante de mindfulness. Mi recorrido vital de m\u00e1s de diez a\u00f1os, donde me form\u00e9 como instructor de mindfulness, y en los que impart\u00ed cursos y talleres. Pretendo que el\u00a0 libro sea un manual pr\u00e1ctico. Es un libro muy personal donde m\u00e1s que teor\u00edas cuento vida.\" \/>\n<meta property=\"og:url\" content=\"https:\/\/letrame.com\/catalogo\/producto\/el-eterno-aprendiz\/\" \/>\n<meta property=\"og:site_name\" content=\"Catalogo | Letrame Grupo Editorial\" \/>\n<meta property=\"og:image\" content=\"https:\/\/letrame.com\/catalogo\/wp-content\/uploads\/2024\/04\/webportada_eleternoaprendiz_615mm-compressed.jpg\" \/>\n\t<meta property=\"og:image:width\" content=\"1772\" \/>\n\t<meta property=\"og:image:height\" content=\"2480\" \/>\n\t<meta property=\"og:image:type\" content=\"image\/jpeg\" \/>\n<meta name=\"twitter:card\" content=\"summary_large_image\" \/>\n<script type=\"application\/ld+json\" class=\"yoast-schema-graph\">{\"@context\":\"https:\/\/schema.org\",\"@graph\":[{\"@type\":\"WebPage\",\"@id\":\"https:\/\/letrame.com\/catalogo\/producto\/el-eterno-aprendiz\/\",\"url\":\"https:\/\/letrame.com\/catalogo\/producto\/el-eterno-aprendiz\/\",\"name\":\"El eterno aprendiz - Catalogo | Letrame Grupo Editorial\",\"isPartOf\":{\"@id\":\"https:\/\/letrame.com\/catalogo\/#website\"},\"primaryImageOfPage\":{\"@id\":\"https:\/\/letrame.com\/catalogo\/producto\/el-eterno-aprendiz\/#primaryimage\"},\"image\":{\"@id\":\"https:\/\/letrame.com\/catalogo\/producto\/el-eterno-aprendiz\/#primaryimage\"},\"thumbnailUrl\":\"https:\/\/letrame.com\/catalogo\/wp-content\/uploads\/2024\/04\/webportada_eleternoaprendiz_615mm-compressed.jpg\",\"datePublished\":\"2024-04-29T14:03:39+00:00\",\"breadcrumb\":{\"@id\":\"https:\/\/letrame.com\/catalogo\/producto\/el-eterno-aprendiz\/#breadcrumb\"},\"inLanguage\":\"es\",\"potentialAction\":[{\"@type\":\"ReadAction\",\"target\":[\"https:\/\/letrame.com\/catalogo\/producto\/el-eterno-aprendiz\/\"]}]},{\"@type\":\"ImageObject\",\"inLanguage\":\"es\",\"@id\":\"https:\/\/letrame.com\/catalogo\/producto\/el-eterno-aprendiz\/#primaryimage\",\"url\":\"https:\/\/letrame.com\/catalogo\/wp-content\/uploads\/2024\/04\/webportada_eleternoaprendiz_615mm-compressed.jpg\",\"contentUrl\":\"https:\/\/letrame.com\/catalogo\/wp-content\/uploads\/2024\/04\/webportada_eleternoaprendiz_615mm-compressed.jpg\",\"width\":1772,\"height\":2480},{\"@type\":\"BreadcrumbList\",\"@id\":\"https:\/\/letrame.com\/catalogo\/producto\/el-eterno-aprendiz\/#breadcrumb\",\"itemListElement\":[{\"@type\":\"ListItem\",\"position\":1,\"name\":\"Portada\",\"item\":\"https:\/\/letrame.com\/catalogo\/\"},{\"@type\":\"ListItem\",\"position\":2,\"name\":\"Cat\u00e1logo\",\"item\":\"https:\/\/letrame.com\/catalogo\/\"},{\"@type\":\"ListItem\",\"position\":3,\"name\":\"El eterno aprendiz\"}]},{\"@type\":\"WebSite\",\"@id\":\"https:\/\/letrame.com\/catalogo\/#website\",\"url\":\"https:\/\/letrame.com\/catalogo\/\",\"name\":\"Catalogo | Letrame Grupo Editorial\",\"description\":\"\",\"publisher\":{\"@id\":\"https:\/\/letrame.com\/catalogo\/#organization\"},\"potentialAction\":[{\"@type\":\"SearchAction\",\"target\":{\"@type\":\"EntryPoint\",\"urlTemplate\":\"https:\/\/letrame.com\/catalogo\/?s={search_term_string}\"},\"query-input\":{\"@type\":\"PropertyValueSpecification\",\"valueRequired\":true,\"valueName\":\"search_term_string\"}}],\"inLanguage\":\"es\"},{\"@type\":\"Organization\",\"@id\":\"https:\/\/letrame.com\/catalogo\/#organization\",\"name\":\"Catalogo | Letrame Grupo Editorial\",\"url\":\"https:\/\/letrame.com\/catalogo\/\",\"logo\":{\"@type\":\"ImageObject\",\"inLanguage\":\"es\",\"@id\":\"https:\/\/letrame.com\/catalogo\/#\/schema\/logo\/image\/\",\"url\":\"https:\/\/letrame.com\/catalogo\/wp-content\/uploads\/2024\/03\/logo2.webp\",\"contentUrl\":\"https:\/\/letrame.com\/catalogo\/wp-content\/uploads\/2024\/03\/logo2.webp\",\"width\":394,\"height\":128,\"caption\":\"Catalogo | Letrame Grupo Editorial\"},\"image\":{\"@id\":\"https:\/\/letrame.com\/catalogo\/#\/schema\/logo\/image\/\"}}]}<\/script>\n<!-- \/ Yoast SEO plugin. -->","yoast_head_json":{"title":"El eterno aprendiz - Catalogo | Letrame Grupo Editorial","robots":{"index":"index","follow":"follow","max-snippet":"max-snippet:-1","max-image-preview":"max-image-preview:large","max-video-preview":"max-video-preview:-1"},"canonical":"https:\/\/letrame.com\/catalogo\/producto\/el-eterno-aprendiz\/","og_locale":"es_ES","og_type":"article","og_title":"El eterno aprendiz - Catalogo | Letrame Grupo Editorial","og_description":"ISBN: 978-84-1181-211-5 SINOPSIS Es el relato de mi experiencia personal partiendo de un hecho que marc\u00f3 mi vida. Cuento c\u00f3mo gestion\u00e9 una situaci\u00f3n que me llev\u00f3 al l\u00edmite. Es una visi\u00f3n personal de un practicante de mindfulness. Mi recorrido vital de m\u00e1s de diez a\u00f1os, donde me form\u00e9 como instructor de mindfulness, y en los que impart\u00ed cursos y talleres. Pretendo que el\u00a0 libro sea un manual pr\u00e1ctico. Es un libro muy personal donde m\u00e1s que teor\u00edas cuento vida.","og_url":"https:\/\/letrame.com\/catalogo\/producto\/el-eterno-aprendiz\/","og_site_name":"Catalogo | Letrame Grupo Editorial","og_image":[{"width":1772,"height":2480,"url":"https:\/\/letrame.com\/catalogo\/wp-content\/uploads\/2024\/04\/webportada_eleternoaprendiz_615mm-compressed.jpg","type":"image\/jpeg"}],"twitter_card":"summary_large_image","schema":{"@context":"https:\/\/schema.org","@graph":[{"@type":"WebPage","@id":"https:\/\/letrame.com\/catalogo\/producto\/el-eterno-aprendiz\/","url":"https:\/\/letrame.com\/catalogo\/producto\/el-eterno-aprendiz\/","name":"El eterno aprendiz - Catalogo | Letrame Grupo Editorial","isPartOf":{"@id":"https:\/\/letrame.com\/catalogo\/#website"},"primaryImageOfPage":{"@id":"https:\/\/letrame.com\/catalogo\/producto\/el-eterno-aprendiz\/#primaryimage"},"image":{"@id":"https:\/\/letrame.com\/catalogo\/producto\/el-eterno-aprendiz\/#primaryimage"},"thumbnailUrl":"https:\/\/letrame.com\/catalogo\/wp-content\/uploads\/2024\/04\/webportada_eleternoaprendiz_615mm-compressed.jpg","datePublished":"2024-04-29T14:03:39+00:00","breadcrumb":{"@id":"https:\/\/letrame.com\/catalogo\/producto\/el-eterno-aprendiz\/#breadcrumb"},"inLanguage":"es","potentialAction":[{"@type":"ReadAction","target":["https:\/\/letrame.com\/catalogo\/producto\/el-eterno-aprendiz\/"]}]},{"@type":"ImageObject","inLanguage":"es","@id":"https:\/\/letrame.com\/catalogo\/producto\/el-eterno-aprendiz\/#primaryimage","url":"https:\/\/letrame.com\/catalogo\/wp-content\/uploads\/2024\/04\/webportada_eleternoaprendiz_615mm-compressed.jpg","contentUrl":"https:\/\/letrame.com\/catalogo\/wp-content\/uploads\/2024\/04\/webportada_eleternoaprendiz_615mm-compressed.jpg","width":1772,"height":2480},{"@type":"BreadcrumbList","@id":"https:\/\/letrame.com\/catalogo\/producto\/el-eterno-aprendiz\/#breadcrumb","itemListElement":[{"@type":"ListItem","position":1,"name":"Portada","item":"https:\/\/letrame.com\/catalogo\/"},{"@type":"ListItem","position":2,"name":"Cat\u00e1logo","item":"https:\/\/letrame.com\/catalogo\/"},{"@type":"ListItem","position":3,"name":"El eterno aprendiz"}]},{"@type":"WebSite","@id":"https:\/\/letrame.com\/catalogo\/#website","url":"https:\/\/letrame.com\/catalogo\/","name":"Catalogo | Letrame Grupo Editorial","description":"","publisher":{"@id":"https:\/\/letrame.com\/catalogo\/#organization"},"potentialAction":[{"@type":"SearchAction","target":{"@type":"EntryPoint","urlTemplate":"https:\/\/letrame.com\/catalogo\/?s={search_term_string}"},"query-input":{"@type":"PropertyValueSpecification","valueRequired":true,"valueName":"search_term_string"}}],"inLanguage":"es"},{"@type":"Organization","@id":"https:\/\/letrame.com\/catalogo\/#organization","name":"Catalogo | Letrame Grupo Editorial","url":"https:\/\/letrame.com\/catalogo\/","logo":{"@type":"ImageObject","inLanguage":"es","@id":"https:\/\/letrame.com\/catalogo\/#\/schema\/logo\/image\/","url":"https:\/\/letrame.com\/catalogo\/wp-content\/uploads\/2024\/03\/logo2.webp","contentUrl":"https:\/\/letrame.com\/catalogo\/wp-content\/uploads\/2024\/03\/logo2.webp","width":394,"height":128,"caption":"Catalogo | Letrame Grupo Editorial"},"image":{"@id":"https:\/\/letrame.com\/catalogo\/#\/schema\/logo\/image\/"}}]}},"_links":{"self":[{"href":"https:\/\/letrame.com\/catalogo\/wp-json\/wp\/v2\/product\/99258","targetHints":{"allow":["GET"]}}],"collection":[{"href":"https:\/\/letrame.com\/catalogo\/wp-json\/wp\/v2\/product"}],"about":[{"href":"https:\/\/letrame.com\/catalogo\/wp-json\/wp\/v2\/types\/product"}],"replies":[{"embeddable":true,"href":"https:\/\/letrame.com\/catalogo\/wp-json\/wp\/v2\/comments?post=99258"}],"acf:post":[{"embeddable":true,"href":"https:\/\/letrame.com\/catalogo\/wp-json\/wp\/v2\/author_book\/77614"}],"wp:featuredmedia":[{"embeddable":true,"href":"https:\/\/letrame.com\/catalogo\/wp-json\/wp\/v2\/media\/99259"}],"wp:attachment":[{"href":"https:\/\/letrame.com\/catalogo\/wp-json\/wp\/v2\/media?parent=99258"}],"wp:term":[{"taxonomy":"libro","embeddable":true,"href":"https:\/\/letrame.com\/catalogo\/wp-json\/wp\/v2\/libro?post=99258"},{"taxonomy":"product_brand","embeddable":true,"href":"https:\/\/letrame.com\/catalogo\/wp-json\/wp\/v2\/product_brand?post=99258"},{"taxonomy":"product_cat","embeddable":true,"href":"https:\/\/letrame.com\/catalogo\/wp-json\/wp\/v2\/product_cat?post=99258"},{"taxonomy":"product_tag","embeddable":true,"href":"https:\/\/letrame.com\/catalogo\/wp-json\/wp\/v2\/product_tag?post=99258"}],"curies":[{"name":"wp","href":"https:\/\/api.w.org\/{rel}","templated":true}]}}