{"id":99254,"date":"2024-04-29T16:03:00","date_gmt":"2024-04-29T14:03:00","guid":{"rendered":"https:\/\/letrame.com\/catalogo\/producto\/sentimientos\/"},"modified":"2024-04-29T16:03:13","modified_gmt":"2024-04-29T14:03:13","slug":"sentimientos","status":"publish","type":"product","link":"https:\/\/letrame.com\/catalogo\/producto\/sentimientos\/","title":{"rendered":"Sentimientos"},"content":{"rendered":"<p><strong>ISBN<\/strong>: 978-84-1181-262-7<\/p>\n<p><strong>T\u00edtulo<\/strong>: Sentimientos<br \/>\n<strong>Fecha<\/strong>: 2023<br \/>\n<strong>P\u00e1ginas<\/strong>: 52<\/p>\n<p><strong>SINOPSIS<\/strong><\/p>\n<p>En la insondable vastedad del alma humana, encontramos un lugar donde convergen los susurros del silencio y los embates r\u00edtmicos de los latidos: es el poema. Es ah\u00ed, en esa encrucijada de emociones y pensamientos, donde nace <em>Sentimientos<\/em>, un po\u00e9tico y revelador viaje hacia las profundidades del amor y la introspecci\u00f3n.<\/p>\n<p>La belleza l\u00edrica y la sabidur\u00eda introspectiva de <em>Sentimientos<\/em> son un emotivo recordatorio de que el amor es un viaje en s\u00ed mismo. Es posible que nuestro interior y, en general, el mundo albergue misterios a los que solamente la poes\u00eda es capaz de acceder. El autor, un h\u00e1bil artesano de palabras, ya ha pintado, estimado lector, lo que ya te pertenec\u00eda pero no hab\u00eda sido dicho.<\/p>\n","protected":false},"excerpt":{"rendered":"<p><strong>ISBN<\/strong>: 978-84-1181-262-7<\/p>\n<p><strong>SINOPSIS<\/strong><\/p>\n<p>En la insondable vastedad del alma humana, encontramos un lugar donde convergen los susurros del silencio y los embates r\u00edtmicos de los latidos: es el poema. Es ah\u00ed, en esa encrucijada de emociones y pensamientos, donde nace <em>Sentimientos<\/em>, un po\u00e9tico y revelador viaje hacia las profundidades del amor y la introspecci\u00f3n.<\/p>\n<p>La belleza l\u00edrica y la sabidur\u00eda introspectiva de <em>Sentimientos<\/em> son un emotivo recordatorio de que el amor es un viaje en s\u00ed mismo. Es posible que nuestro interior y, en general, el mundo albergue misterios a los que solamente la poes\u00eda es capaz de acceder. El autor, un h\u00e1bil artesano de palabras, ya ha pintado, estimado lector, lo que ya te pertenec\u00eda pero no hab\u00eda sido dicho.<\/p>\n","protected":false},"featured_media":99255,"comment_status":"closed","ping_status":"open","template":"","meta":{"_acf_changed":false},"libro":[],"product_brand":[],"product_cat":[26],"product_tag":[],"class_list":{"0":"post-99254","1":"product","2":"type-product","3":"status-publish","4":"has-post-thumbnail","6":"product_cat-sin-categoria","8":"first","9":"instock","10":"product-type-simple"},"acf":{"autor":[77612],"enlace_de_compra":""},"yoast_head":"<!-- This site is optimized with the Yoast SEO plugin v26.6 - https:\/\/yoast.com\/wordpress\/plugins\/seo\/ -->\n<title>Sentimientos - Catalogo | Letrame Grupo Editorial<\/title>\n<meta name=\"robots\" content=\"index, follow, max-snippet:-1, max-image-preview:large, max-video-preview:-1\" \/>\n<link rel=\"canonical\" href=\"https:\/\/letrame.com\/catalogo\/producto\/sentimientos\/\" \/>\n<meta property=\"og:locale\" content=\"es_ES\" \/>\n<meta property=\"og:type\" content=\"article\" \/>\n<meta property=\"og:title\" content=\"Sentimientos - Catalogo | Letrame Grupo Editorial\" \/>\n<meta property=\"og:description\" content=\"ISBN: 978-84-1181-262-7 SINOPSIS En la insondable vastedad del alma humana, encontramos un lugar donde convergen los susurros del silencio y los embates r\u00edtmicos de los latidos: es el poema. Es ah\u00ed, en esa encrucijada de emociones y pensamientos, donde nace Sentimientos, un po\u00e9tico y revelador viaje hacia las profundidades del amor y la introspecci\u00f3n. La belleza l\u00edrica y la sabidur\u00eda introspectiva de Sentimientos son un emotivo recordatorio de que el amor es un viaje en s\u00ed mismo. Es posible que nuestro interior y, en general, el mundo albergue misterios a los que solamente la poes\u00eda es capaz de acceder. El autor, un h\u00e1bil artesano de palabras, ya ha pintado, estimado lector, lo que ya te pertenec\u00eda pero no hab\u00eda sido dicho.\" \/>\n<meta property=\"og:url\" content=\"https:\/\/letrame.com\/catalogo\/producto\/sentimientos\/\" \/>\n<meta property=\"og:site_name\" content=\"Catalogo | Letrame Grupo Editorial\" \/>\n<meta property=\"article:modified_time\" content=\"2024-04-29T14:03:13+00:00\" \/>\n<meta property=\"og:image\" content=\"https:\/\/letrame.com\/catalogo\/wp-content\/uploads\/2024\/04\/webportada_sentimientos_347mm-compressed.jpg\" \/>\n\t<meta property=\"og:image:width\" content=\"1594\" \/>\n\t<meta property=\"og:image:height\" content=\"2303\" \/>\n\t<meta property=\"og:image:type\" content=\"image\/jpeg\" \/>\n<meta name=\"twitter:card\" content=\"summary_large_image\" \/>\n<meta name=\"twitter:label1\" content=\"Tiempo de lectura\" \/>\n\t<meta name=\"twitter:data1\" content=\"1 minuto\" \/>\n<script type=\"application\/ld+json\" class=\"yoast-schema-graph\">{\"@context\":\"https:\/\/schema.org\",\"@graph\":[{\"@type\":\"WebPage\",\"@id\":\"https:\/\/letrame.com\/catalogo\/producto\/sentimientos\/\",\"url\":\"https:\/\/letrame.com\/catalogo\/producto\/sentimientos\/\",\"name\":\"Sentimientos - Catalogo | Letrame Grupo Editorial\",\"isPartOf\":{\"@id\":\"https:\/\/letrame.com\/catalogo\/#website\"},\"primaryImageOfPage\":{\"@id\":\"https:\/\/letrame.com\/catalogo\/producto\/sentimientos\/#primaryimage\"},\"image\":{\"@id\":\"https:\/\/letrame.com\/catalogo\/producto\/sentimientos\/#primaryimage\"},\"thumbnailUrl\":\"https:\/\/letrame.com\/catalogo\/wp-content\/uploads\/2024\/04\/webportada_sentimientos_347mm-compressed.jpg\",\"datePublished\":\"2024-04-29T14:03:00+00:00\",\"dateModified\":\"2024-04-29T14:03:13+00:00\",\"breadcrumb\":{\"@id\":\"https:\/\/letrame.com\/catalogo\/producto\/sentimientos\/#breadcrumb\"},\"inLanguage\":\"es\",\"potentialAction\":[{\"@type\":\"ReadAction\",\"target\":[\"https:\/\/letrame.com\/catalogo\/producto\/sentimientos\/\"]}]},{\"@type\":\"ImageObject\",\"inLanguage\":\"es\",\"@id\":\"https:\/\/letrame.com\/catalogo\/producto\/sentimientos\/#primaryimage\",\"url\":\"https:\/\/letrame.com\/catalogo\/wp-content\/uploads\/2024\/04\/webportada_sentimientos_347mm-compressed.jpg\",\"contentUrl\":\"https:\/\/letrame.com\/catalogo\/wp-content\/uploads\/2024\/04\/webportada_sentimientos_347mm-compressed.jpg\",\"width\":1594,\"height\":2303},{\"@type\":\"BreadcrumbList\",\"@id\":\"https:\/\/letrame.com\/catalogo\/producto\/sentimientos\/#breadcrumb\",\"itemListElement\":[{\"@type\":\"ListItem\",\"position\":1,\"name\":\"Portada\",\"item\":\"https:\/\/letrame.com\/catalogo\/\"},{\"@type\":\"ListItem\",\"position\":2,\"name\":\"Cat\u00e1logo\",\"item\":\"https:\/\/letrame.com\/catalogo\/\"},{\"@type\":\"ListItem\",\"position\":3,\"name\":\"Sentimientos\"}]},{\"@type\":\"WebSite\",\"@id\":\"https:\/\/letrame.com\/catalogo\/#website\",\"url\":\"https:\/\/letrame.com\/catalogo\/\",\"name\":\"Catalogo | Letrame Grupo Editorial\",\"description\":\"\",\"publisher\":{\"@id\":\"https:\/\/letrame.com\/catalogo\/#organization\"},\"potentialAction\":[{\"@type\":\"SearchAction\",\"target\":{\"@type\":\"EntryPoint\",\"urlTemplate\":\"https:\/\/letrame.com\/catalogo\/?s={search_term_string}\"},\"query-input\":{\"@type\":\"PropertyValueSpecification\",\"valueRequired\":true,\"valueName\":\"search_term_string\"}}],\"inLanguage\":\"es\"},{\"@type\":\"Organization\",\"@id\":\"https:\/\/letrame.com\/catalogo\/#organization\",\"name\":\"Catalogo | Letrame Grupo Editorial\",\"url\":\"https:\/\/letrame.com\/catalogo\/\",\"logo\":{\"@type\":\"ImageObject\",\"inLanguage\":\"es\",\"@id\":\"https:\/\/letrame.com\/catalogo\/#\/schema\/logo\/image\/\",\"url\":\"https:\/\/letrame.com\/catalogo\/wp-content\/uploads\/2024\/03\/logo2.webp\",\"contentUrl\":\"https:\/\/letrame.com\/catalogo\/wp-content\/uploads\/2024\/03\/logo2.webp\",\"width\":394,\"height\":128,\"caption\":\"Catalogo | Letrame Grupo Editorial\"},\"image\":{\"@id\":\"https:\/\/letrame.com\/catalogo\/#\/schema\/logo\/image\/\"}}]}<\/script>\n<!-- \/ Yoast SEO plugin. -->","yoast_head_json":{"title":"Sentimientos - Catalogo | Letrame Grupo Editorial","robots":{"index":"index","follow":"follow","max-snippet":"max-snippet:-1","max-image-preview":"max-image-preview:large","max-video-preview":"max-video-preview:-1"},"canonical":"https:\/\/letrame.com\/catalogo\/producto\/sentimientos\/","og_locale":"es_ES","og_type":"article","og_title":"Sentimientos - Catalogo | Letrame Grupo Editorial","og_description":"ISBN: 978-84-1181-262-7 SINOPSIS En la insondable vastedad del alma humana, encontramos un lugar donde convergen los susurros del silencio y los embates r\u00edtmicos de los latidos: es el poema. Es ah\u00ed, en esa encrucijada de emociones y pensamientos, donde nace Sentimientos, un po\u00e9tico y revelador viaje hacia las profundidades del amor y la introspecci\u00f3n. La belleza l\u00edrica y la sabidur\u00eda introspectiva de Sentimientos son un emotivo recordatorio de que el amor es un viaje en s\u00ed mismo. Es posible que nuestro interior y, en general, el mundo albergue misterios a los que solamente la poes\u00eda es capaz de acceder. El autor, un h\u00e1bil artesano de palabras, ya ha pintado, estimado lector, lo que ya te pertenec\u00eda pero no hab\u00eda sido dicho.","og_url":"https:\/\/letrame.com\/catalogo\/producto\/sentimientos\/","og_site_name":"Catalogo | Letrame Grupo Editorial","article_modified_time":"2024-04-29T14:03:13+00:00","og_image":[{"width":1594,"height":2303,"url":"https:\/\/letrame.com\/catalogo\/wp-content\/uploads\/2024\/04\/webportada_sentimientos_347mm-compressed.jpg","type":"image\/jpeg"}],"twitter_card":"summary_large_image","twitter_misc":{"Tiempo de lectura":"1 minuto"},"schema":{"@context":"https:\/\/schema.org","@graph":[{"@type":"WebPage","@id":"https:\/\/letrame.com\/catalogo\/producto\/sentimientos\/","url":"https:\/\/letrame.com\/catalogo\/producto\/sentimientos\/","name":"Sentimientos - Catalogo | Letrame Grupo Editorial","isPartOf":{"@id":"https:\/\/letrame.com\/catalogo\/#website"},"primaryImageOfPage":{"@id":"https:\/\/letrame.com\/catalogo\/producto\/sentimientos\/#primaryimage"},"image":{"@id":"https:\/\/letrame.com\/catalogo\/producto\/sentimientos\/#primaryimage"},"thumbnailUrl":"https:\/\/letrame.com\/catalogo\/wp-content\/uploads\/2024\/04\/webportada_sentimientos_347mm-compressed.jpg","datePublished":"2024-04-29T14:03:00+00:00","dateModified":"2024-04-29T14:03:13+00:00","breadcrumb":{"@id":"https:\/\/letrame.com\/catalogo\/producto\/sentimientos\/#breadcrumb"},"inLanguage":"es","potentialAction":[{"@type":"ReadAction","target":["https:\/\/letrame.com\/catalogo\/producto\/sentimientos\/"]}]},{"@type":"ImageObject","inLanguage":"es","@id":"https:\/\/letrame.com\/catalogo\/producto\/sentimientos\/#primaryimage","url":"https:\/\/letrame.com\/catalogo\/wp-content\/uploads\/2024\/04\/webportada_sentimientos_347mm-compressed.jpg","contentUrl":"https:\/\/letrame.com\/catalogo\/wp-content\/uploads\/2024\/04\/webportada_sentimientos_347mm-compressed.jpg","width":1594,"height":2303},{"@type":"BreadcrumbList","@id":"https:\/\/letrame.com\/catalogo\/producto\/sentimientos\/#breadcrumb","itemListElement":[{"@type":"ListItem","position":1,"name":"Portada","item":"https:\/\/letrame.com\/catalogo\/"},{"@type":"ListItem","position":2,"name":"Cat\u00e1logo","item":"https:\/\/letrame.com\/catalogo\/"},{"@type":"ListItem","position":3,"name":"Sentimientos"}]},{"@type":"WebSite","@id":"https:\/\/letrame.com\/catalogo\/#website","url":"https:\/\/letrame.com\/catalogo\/","name":"Catalogo | Letrame Grupo Editorial","description":"","publisher":{"@id":"https:\/\/letrame.com\/catalogo\/#organization"},"potentialAction":[{"@type":"SearchAction","target":{"@type":"EntryPoint","urlTemplate":"https:\/\/letrame.com\/catalogo\/?s={search_term_string}"},"query-input":{"@type":"PropertyValueSpecification","valueRequired":true,"valueName":"search_term_string"}}],"inLanguage":"es"},{"@type":"Organization","@id":"https:\/\/letrame.com\/catalogo\/#organization","name":"Catalogo | Letrame Grupo Editorial","url":"https:\/\/letrame.com\/catalogo\/","logo":{"@type":"ImageObject","inLanguage":"es","@id":"https:\/\/letrame.com\/catalogo\/#\/schema\/logo\/image\/","url":"https:\/\/letrame.com\/catalogo\/wp-content\/uploads\/2024\/03\/logo2.webp","contentUrl":"https:\/\/letrame.com\/catalogo\/wp-content\/uploads\/2024\/03\/logo2.webp","width":394,"height":128,"caption":"Catalogo | Letrame Grupo Editorial"},"image":{"@id":"https:\/\/letrame.com\/catalogo\/#\/schema\/logo\/image\/"}}]}},"_links":{"self":[{"href":"https:\/\/letrame.com\/catalogo\/wp-json\/wp\/v2\/product\/99254","targetHints":{"allow":["GET"]}}],"collection":[{"href":"https:\/\/letrame.com\/catalogo\/wp-json\/wp\/v2\/product"}],"about":[{"href":"https:\/\/letrame.com\/catalogo\/wp-json\/wp\/v2\/types\/product"}],"replies":[{"embeddable":true,"href":"https:\/\/letrame.com\/catalogo\/wp-json\/wp\/v2\/comments?post=99254"}],"acf:post":[{"embeddable":true,"href":"https:\/\/letrame.com\/catalogo\/wp-json\/wp\/v2\/author_book\/77612"}],"wp:featuredmedia":[{"embeddable":true,"href":"https:\/\/letrame.com\/catalogo\/wp-json\/wp\/v2\/media\/99255"}],"wp:attachment":[{"href":"https:\/\/letrame.com\/catalogo\/wp-json\/wp\/v2\/media?parent=99254"}],"wp:term":[{"taxonomy":"libro","embeddable":true,"href":"https:\/\/letrame.com\/catalogo\/wp-json\/wp\/v2\/libro?post=99254"},{"taxonomy":"product_brand","embeddable":true,"href":"https:\/\/letrame.com\/catalogo\/wp-json\/wp\/v2\/product_brand?post=99254"},{"taxonomy":"product_cat","embeddable":true,"href":"https:\/\/letrame.com\/catalogo\/wp-json\/wp\/v2\/product_cat?post=99254"},{"taxonomy":"product_tag","embeddable":true,"href":"https:\/\/letrame.com\/catalogo\/wp-json\/wp\/v2\/product_tag?post=99254"}],"curies":[{"name":"wp","href":"https:\/\/api.w.org\/{rel}","templated":true}]}}