{"id":99252,"date":"2024-04-29T16:03:00","date_gmt":"2024-04-29T14:03:00","guid":{"rendered":"https:\/\/letrame.com\/catalogo\/producto\/luna-de-parasceve-antologia-poetica\/"},"modified":"2024-04-29T16:03:00","modified_gmt":"2024-04-29T14:03:00","slug":"luna-de-parasceve-antologia-poetica","status":"publish","type":"product","link":"https:\/\/letrame.com\/catalogo\/producto\/luna-de-parasceve-antologia-poetica\/","title":{"rendered":"Luna de Parasceve. Antolog\u00eda po\u00e9tica"},"content":{"rendered":"<p><strong>ISBN<\/strong>: 978-84-1181-229-0<\/p>\n<p><strong>T\u00edtulo<\/strong>: Luna de Parasceve. Antolog\u00eda po\u00e9tica<br \/>\n<strong>Fecha<\/strong>: 2023<br \/>\n<strong>P\u00e1ginas<\/strong>: 196<\/p>\n<p><strong>SINOPSIS<\/strong><\/p>\n<p>Esta antolog\u00eda po\u00e9tica refleja el devenir de una vida durante m\u00e1s de setenta a\u00f1os, desde la juventud hasta el tiempo presente.<\/p>\n<p>Es una obra personal, con una visi\u00f3n de una vida propia en la que hablo de experiencias personales porque estimo que son sentimientos que cualquiera puede compartir e identificarse con estos poemas de vida, amor y muerte.<\/p>\n","protected":false},"excerpt":{"rendered":"<p><strong>ISBN<\/strong>: 978-84-1181-229-0<\/p>\n<p><strong>SINOPSIS<\/strong><\/p>\n<p>Esta antolog\u00eda po\u00e9tica refleja el devenir de una vida durante m\u00e1s de setenta a\u00f1os, desde la juventud hasta el tiempo presente.<\/p>\n<p>Es una obra personal, con una visi\u00f3n de una vida propia en la que hablo de experiencias personales porque estimo que son sentimientos que cualquiera puede compartir e identificarse con estos poemas de vida, amor y muerte.<\/p>\n","protected":false},"featured_media":99253,"comment_status":"closed","ping_status":"open","template":"","meta":{"_acf_changed":false},"libro":[],"product_brand":[],"product_cat":[26],"product_tag":[],"class_list":{"0":"post-99252","1":"product","2":"type-product","3":"status-publish","4":"has-post-thumbnail","6":"product_cat-sin-categoria","8":"first","9":"instock","10":"product-type-simple"},"acf":{"autor":[77611],"enlace_de_compra":"https:\/\/www.amazon.es\/Luna-parasceve-Antolog%C3%ADa-Ignacio-Gal%C3%A1n-ebook\/dp\/B0CJV1ZVG8\/"},"yoast_head":"<!-- This site is optimized with the Yoast SEO plugin v26.6 - https:\/\/yoast.com\/wordpress\/plugins\/seo\/ -->\n<title>Luna de Parasceve. Antolog\u00eda po\u00e9tica - Catalogo | Letrame Grupo Editorial<\/title>\n<meta name=\"robots\" content=\"index, follow, max-snippet:-1, max-image-preview:large, max-video-preview:-1\" \/>\n<link rel=\"canonical\" href=\"https:\/\/letrame.com\/catalogo\/producto\/luna-de-parasceve-antologia-poetica\/\" \/>\n<meta property=\"og:locale\" content=\"es_ES\" \/>\n<meta property=\"og:type\" content=\"article\" \/>\n<meta property=\"og:title\" content=\"Luna de Parasceve. Antolog\u00eda po\u00e9tica - Catalogo | Letrame Grupo Editorial\" \/>\n<meta property=\"og:description\" content=\"ISBN: 978-84-1181-229-0 SINOPSIS Esta antolog\u00eda po\u00e9tica refleja el devenir de una vida durante m\u00e1s de setenta a\u00f1os, desde la juventud hasta el tiempo presente. Es una obra personal, con una visi\u00f3n de una vida propia en la que hablo de experiencias personales porque estimo que son sentimientos que cualquiera puede compartir e identificarse con estos poemas de vida, amor y muerte.\" \/>\n<meta property=\"og:url\" content=\"https:\/\/letrame.com\/catalogo\/producto\/luna-de-parasceve-antologia-poetica\/\" \/>\n<meta property=\"og:site_name\" content=\"Catalogo | Letrame Grupo Editorial\" \/>\n<meta property=\"og:image\" content=\"https:\/\/letrame.com\/catalogo\/wp-content\/uploads\/2024\/04\/webportada_lunadeparasceve_1011mm-copia-1-compressed.jpg\" \/>\n\t<meta property=\"og:image:width\" content=\"1594\" \/>\n\t<meta property=\"og:image:height\" content=\"2303\" \/>\n\t<meta property=\"og:image:type\" content=\"image\/jpeg\" \/>\n<meta name=\"twitter:card\" content=\"summary_large_image\" \/>\n<script type=\"application\/ld+json\" class=\"yoast-schema-graph\">{\"@context\":\"https:\/\/schema.org\",\"@graph\":[{\"@type\":\"WebPage\",\"@id\":\"https:\/\/letrame.com\/catalogo\/producto\/luna-de-parasceve-antologia-poetica\/\",\"url\":\"https:\/\/letrame.com\/catalogo\/producto\/luna-de-parasceve-antologia-poetica\/\",\"name\":\"Luna de Parasceve. Antolog\u00eda po\u00e9tica - Catalogo | Letrame Grupo Editorial\",\"isPartOf\":{\"@id\":\"https:\/\/letrame.com\/catalogo\/#website\"},\"primaryImageOfPage\":{\"@id\":\"https:\/\/letrame.com\/catalogo\/producto\/luna-de-parasceve-antologia-poetica\/#primaryimage\"},\"image\":{\"@id\":\"https:\/\/letrame.com\/catalogo\/producto\/luna-de-parasceve-antologia-poetica\/#primaryimage\"},\"thumbnailUrl\":\"https:\/\/letrame.com\/catalogo\/wp-content\/uploads\/2024\/04\/webportada_lunadeparasceve_1011mm-copia-1-compressed.jpg\",\"datePublished\":\"2024-04-29T14:03:00+00:00\",\"breadcrumb\":{\"@id\":\"https:\/\/letrame.com\/catalogo\/producto\/luna-de-parasceve-antologia-poetica\/#breadcrumb\"},\"inLanguage\":\"es\",\"potentialAction\":[{\"@type\":\"ReadAction\",\"target\":[\"https:\/\/letrame.com\/catalogo\/producto\/luna-de-parasceve-antologia-poetica\/\"]}]},{\"@type\":\"ImageObject\",\"inLanguage\":\"es\",\"@id\":\"https:\/\/letrame.com\/catalogo\/producto\/luna-de-parasceve-antologia-poetica\/#primaryimage\",\"url\":\"https:\/\/letrame.com\/catalogo\/wp-content\/uploads\/2024\/04\/webportada_lunadeparasceve_1011mm-copia-1-compressed.jpg\",\"contentUrl\":\"https:\/\/letrame.com\/catalogo\/wp-content\/uploads\/2024\/04\/webportada_lunadeparasceve_1011mm-copia-1-compressed.jpg\",\"width\":1594,\"height\":2303},{\"@type\":\"BreadcrumbList\",\"@id\":\"https:\/\/letrame.com\/catalogo\/producto\/luna-de-parasceve-antologia-poetica\/#breadcrumb\",\"itemListElement\":[{\"@type\":\"ListItem\",\"position\":1,\"name\":\"Portada\",\"item\":\"https:\/\/letrame.com\/catalogo\/\"},{\"@type\":\"ListItem\",\"position\":2,\"name\":\"Cat\u00e1logo\",\"item\":\"https:\/\/letrame.com\/catalogo\/\"},{\"@type\":\"ListItem\",\"position\":3,\"name\":\"Luna de Parasceve. Antolog\u00eda po\u00e9tica\"}]},{\"@type\":\"WebSite\",\"@id\":\"https:\/\/letrame.com\/catalogo\/#website\",\"url\":\"https:\/\/letrame.com\/catalogo\/\",\"name\":\"Catalogo | Letrame Grupo Editorial\",\"description\":\"\",\"publisher\":{\"@id\":\"https:\/\/letrame.com\/catalogo\/#organization\"},\"potentialAction\":[{\"@type\":\"SearchAction\",\"target\":{\"@type\":\"EntryPoint\",\"urlTemplate\":\"https:\/\/letrame.com\/catalogo\/?s={search_term_string}\"},\"query-input\":{\"@type\":\"PropertyValueSpecification\",\"valueRequired\":true,\"valueName\":\"search_term_string\"}}],\"inLanguage\":\"es\"},{\"@type\":\"Organization\",\"@id\":\"https:\/\/letrame.com\/catalogo\/#organization\",\"name\":\"Catalogo | Letrame Grupo Editorial\",\"url\":\"https:\/\/letrame.com\/catalogo\/\",\"logo\":{\"@type\":\"ImageObject\",\"inLanguage\":\"es\",\"@id\":\"https:\/\/letrame.com\/catalogo\/#\/schema\/logo\/image\/\",\"url\":\"https:\/\/letrame.com\/catalogo\/wp-content\/uploads\/2024\/03\/logo2.webp\",\"contentUrl\":\"https:\/\/letrame.com\/catalogo\/wp-content\/uploads\/2024\/03\/logo2.webp\",\"width\":394,\"height\":128,\"caption\":\"Catalogo | Letrame Grupo Editorial\"},\"image\":{\"@id\":\"https:\/\/letrame.com\/catalogo\/#\/schema\/logo\/image\/\"}}]}<\/script>\n<!-- \/ Yoast SEO plugin. -->","yoast_head_json":{"title":"Luna de Parasceve. Antolog\u00eda po\u00e9tica - Catalogo | Letrame Grupo Editorial","robots":{"index":"index","follow":"follow","max-snippet":"max-snippet:-1","max-image-preview":"max-image-preview:large","max-video-preview":"max-video-preview:-1"},"canonical":"https:\/\/letrame.com\/catalogo\/producto\/luna-de-parasceve-antologia-poetica\/","og_locale":"es_ES","og_type":"article","og_title":"Luna de Parasceve. Antolog\u00eda po\u00e9tica - Catalogo | Letrame Grupo Editorial","og_description":"ISBN: 978-84-1181-229-0 SINOPSIS Esta antolog\u00eda po\u00e9tica refleja el devenir de una vida durante m\u00e1s de setenta a\u00f1os, desde la juventud hasta el tiempo presente. Es una obra personal, con una visi\u00f3n de una vida propia en la que hablo de experiencias personales porque estimo que son sentimientos que cualquiera puede compartir e identificarse con estos poemas de vida, amor y muerte.","og_url":"https:\/\/letrame.com\/catalogo\/producto\/luna-de-parasceve-antologia-poetica\/","og_site_name":"Catalogo | Letrame Grupo Editorial","og_image":[{"width":1594,"height":2303,"url":"https:\/\/letrame.com\/catalogo\/wp-content\/uploads\/2024\/04\/webportada_lunadeparasceve_1011mm-copia-1-compressed.jpg","type":"image\/jpeg"}],"twitter_card":"summary_large_image","schema":{"@context":"https:\/\/schema.org","@graph":[{"@type":"WebPage","@id":"https:\/\/letrame.com\/catalogo\/producto\/luna-de-parasceve-antologia-poetica\/","url":"https:\/\/letrame.com\/catalogo\/producto\/luna-de-parasceve-antologia-poetica\/","name":"Luna de Parasceve. Antolog\u00eda po\u00e9tica - Catalogo | Letrame Grupo Editorial","isPartOf":{"@id":"https:\/\/letrame.com\/catalogo\/#website"},"primaryImageOfPage":{"@id":"https:\/\/letrame.com\/catalogo\/producto\/luna-de-parasceve-antologia-poetica\/#primaryimage"},"image":{"@id":"https:\/\/letrame.com\/catalogo\/producto\/luna-de-parasceve-antologia-poetica\/#primaryimage"},"thumbnailUrl":"https:\/\/letrame.com\/catalogo\/wp-content\/uploads\/2024\/04\/webportada_lunadeparasceve_1011mm-copia-1-compressed.jpg","datePublished":"2024-04-29T14:03:00+00:00","breadcrumb":{"@id":"https:\/\/letrame.com\/catalogo\/producto\/luna-de-parasceve-antologia-poetica\/#breadcrumb"},"inLanguage":"es","potentialAction":[{"@type":"ReadAction","target":["https:\/\/letrame.com\/catalogo\/producto\/luna-de-parasceve-antologia-poetica\/"]}]},{"@type":"ImageObject","inLanguage":"es","@id":"https:\/\/letrame.com\/catalogo\/producto\/luna-de-parasceve-antologia-poetica\/#primaryimage","url":"https:\/\/letrame.com\/catalogo\/wp-content\/uploads\/2024\/04\/webportada_lunadeparasceve_1011mm-copia-1-compressed.jpg","contentUrl":"https:\/\/letrame.com\/catalogo\/wp-content\/uploads\/2024\/04\/webportada_lunadeparasceve_1011mm-copia-1-compressed.jpg","width":1594,"height":2303},{"@type":"BreadcrumbList","@id":"https:\/\/letrame.com\/catalogo\/producto\/luna-de-parasceve-antologia-poetica\/#breadcrumb","itemListElement":[{"@type":"ListItem","position":1,"name":"Portada","item":"https:\/\/letrame.com\/catalogo\/"},{"@type":"ListItem","position":2,"name":"Cat\u00e1logo","item":"https:\/\/letrame.com\/catalogo\/"},{"@type":"ListItem","position":3,"name":"Luna de Parasceve. Antolog\u00eda po\u00e9tica"}]},{"@type":"WebSite","@id":"https:\/\/letrame.com\/catalogo\/#website","url":"https:\/\/letrame.com\/catalogo\/","name":"Catalogo | Letrame Grupo Editorial","description":"","publisher":{"@id":"https:\/\/letrame.com\/catalogo\/#organization"},"potentialAction":[{"@type":"SearchAction","target":{"@type":"EntryPoint","urlTemplate":"https:\/\/letrame.com\/catalogo\/?s={search_term_string}"},"query-input":{"@type":"PropertyValueSpecification","valueRequired":true,"valueName":"search_term_string"}}],"inLanguage":"es"},{"@type":"Organization","@id":"https:\/\/letrame.com\/catalogo\/#organization","name":"Catalogo | Letrame Grupo Editorial","url":"https:\/\/letrame.com\/catalogo\/","logo":{"@type":"ImageObject","inLanguage":"es","@id":"https:\/\/letrame.com\/catalogo\/#\/schema\/logo\/image\/","url":"https:\/\/letrame.com\/catalogo\/wp-content\/uploads\/2024\/03\/logo2.webp","contentUrl":"https:\/\/letrame.com\/catalogo\/wp-content\/uploads\/2024\/03\/logo2.webp","width":394,"height":128,"caption":"Catalogo | Letrame Grupo Editorial"},"image":{"@id":"https:\/\/letrame.com\/catalogo\/#\/schema\/logo\/image\/"}}]}},"_links":{"self":[{"href":"https:\/\/letrame.com\/catalogo\/wp-json\/wp\/v2\/product\/99252","targetHints":{"allow":["GET"]}}],"collection":[{"href":"https:\/\/letrame.com\/catalogo\/wp-json\/wp\/v2\/product"}],"about":[{"href":"https:\/\/letrame.com\/catalogo\/wp-json\/wp\/v2\/types\/product"}],"replies":[{"embeddable":true,"href":"https:\/\/letrame.com\/catalogo\/wp-json\/wp\/v2\/comments?post=99252"}],"acf:post":[{"embeddable":true,"href":"https:\/\/letrame.com\/catalogo\/wp-json\/wp\/v2\/author_book\/77611"}],"wp:featuredmedia":[{"embeddable":true,"href":"https:\/\/letrame.com\/catalogo\/wp-json\/wp\/v2\/media\/99253"}],"wp:attachment":[{"href":"https:\/\/letrame.com\/catalogo\/wp-json\/wp\/v2\/media?parent=99252"}],"wp:term":[{"taxonomy":"libro","embeddable":true,"href":"https:\/\/letrame.com\/catalogo\/wp-json\/wp\/v2\/libro?post=99252"},{"taxonomy":"product_brand","embeddable":true,"href":"https:\/\/letrame.com\/catalogo\/wp-json\/wp\/v2\/product_brand?post=99252"},{"taxonomy":"product_cat","embeddable":true,"href":"https:\/\/letrame.com\/catalogo\/wp-json\/wp\/v2\/product_cat?post=99252"},{"taxonomy":"product_tag","embeddable":true,"href":"https:\/\/letrame.com\/catalogo\/wp-json\/wp\/v2\/product_tag?post=99252"}],"curies":[{"name":"wp","href":"https:\/\/api.w.org\/{rel}","templated":true}]}}