{"id":99246,"date":"2024-04-29T16:02:15","date_gmt":"2024-04-29T14:02:15","guid":{"rendered":"https:\/\/letrame.com\/catalogo\/producto\/azahar-en-los-pensamientos\/"},"modified":"2024-07-31T11:23:59","modified_gmt":"2024-07-31T09:23:59","slug":"azahar-en-los-pensamientos","status":"publish","type":"product","link":"https:\/\/letrame.com\/catalogo\/producto\/azahar-en-los-pensamientos\/","title":{"rendered":"Azahar En Los Pensamientos"},"content":{"rendered":"<p><strong>ISBN<\/strong>: 978-84-17965-07-5<\/p>\n<p><strong>T\u00edtulo<\/strong>: Azahar En Los Pensamientos<br \/>\n<strong>Fecha<\/strong>: 2019<br \/>\n<strong>P\u00e1ginas<\/strong>: 88<\/p>\n<p><strong>SINOPSIS<\/strong><\/p>\n<p>Ser viajero con la poes\u00eda al lado,casi es un lujo en los tiempos que corren. Ser fabricante de sue\u00f1os, en torno a realidades hueras, es una valent\u00eda humana. Y as\u00ed pod\u00edamos continuar con una retah\u00edla de consideraciones al respecto del mundo po\u00e9tico. Todas las personas sensibles, llevamos dentro la posibilidad de expresar la poes\u00eda. El aura aparece cuando se va en su busca con inquietud y anhelo. Es obvio, que para escribir hace falta inspiraci\u00f3n, y \u00e9sta se halla, con la compa\u00f1\u00eda amada del silencio.<\/p>\n<p>Donde hay alboroto y jolgorio sobran poemas. La cr\u00f3nica de este fen\u00f3meno cultural nos habla de ello.<\/p>\n<p>Decid\u00ed ser poeta, cuando de mi interior sal\u00edan chispas literarias que expresaban mis sentimientos. Y como pertenezco al g\u00e9nero humano, lo que yo prodigue con encanto musical, puede ser referencia para muchas personas.<\/p>\n<p>Se impone el materialismo y la vulgaridad. Lo estamos rozando cada d\u00eda. Y eso, duele o miramos para otro lado. Porque la ley asegura la educaci\u00f3n y el civismo, pero, si la colaboraci\u00f3n ciudadana no ayuda, todo se queda en aguas de borrajas. \u00datiles consejos nos da pap\u00e1 Estado. Sepamos ser el eco de su voz.<\/p>\n<p>\u00bfC\u00f3mo estar coronado por la sensibilidad y dominado por la cultura?. Con el esfuerzo, no cabe duda. Un pueblo que tiene sed de sabidur\u00eda est\u00e1 salvado del movimiento salvaje que, a veces, parece estar de moda, hasta en pa\u00edses civilizados.<\/p>\n<p>La poes\u00eda no es para seres privilegiados sino para personas equilibradas en el esp\u00edritu, que no se esfuman en alfombras llenas de polvo, con el instinto bestial. Frente por frente con la armon\u00eda y el ritmo musical. Es como un sue\u00f1o dedicado a elevarnos de los olores que producen malestar o asco. El aire po\u00e9tico es tambi\u00e9n cosa de suerte, silencioso e \u00edntimo. No es celda para dos.<\/p>\n<p>Puede llevar mensaje o no, pero nunca fatiga. Relaja en la intimidad. El perfil del o de la que lee poes\u00eda no tiene arrogancia, ama la belleza y est\u00e1 en sinton\u00eda constante con el esp\u00edritu. No llega a ser un elemento misterioso, pero casi&#8230; La sangre fluye, no se altera. Es como salir de la carne, una especie de religi\u00f3n sin normas ni dioses. Los suspiros nos invaden cuando la estructura del poema prolonga la vida.<\/p>\n<p>La poes\u00eda de Manuel L\u00f3pez Mart\u00ednez en su libro \u201cAzahar en los pensamientos\u201d, consigue tambi\u00e9n, que un fino erotismo entre en nuestras venas. El remedio m\u00e1gico existe y el autor se da cuenta de ello.<\/p>\n<p>El amor siempre es necesario. Se desprende de un buen n\u00famero de poemas. Para saberlo, el poeta se adentra en su experiencia vital. Cuerpo y alma hablan por s\u00ed mismos a trav\u00e9s de sus palabras.<\/p>\n","protected":false},"excerpt":{"rendered":"<p><strong>ISBN<\/strong>: 978-84-17965-07-5<\/p>\n<p><strong>SINOPSIS<\/strong><\/p>\n<p>Ser viajero con la poes\u00eda al lado,casi es un lujo en los tiempos que corren. Ser fabricante de sue\u00f1os, en torno a realidades hueras, es una valent\u00eda humana. Y as\u00ed pod\u00edamos continuar con una retah\u00edla de consideraciones al respecto del mundo po\u00e9tico. Todas las personas sensibles, llevamos dentro la posibilidad de expresar la poes\u00eda. El aura aparece cuando se va en su busca con inquietud y anhelo. Es obvio, que para escribir hace falta inspiraci\u00f3n, y \u00e9sta se halla, con la compa\u00f1\u00eda amada del silencio.<\/p>\n<p>Donde hay alboroto y jolgorio sobran poemas. La cr\u00f3nica de este fen\u00f3meno cultural nos habla de ello.<\/p>\n<p>Decid\u00ed ser poeta, cuando de mi interior sal\u00edan chispas literarias que expresaban mis sentimientos. Y como pertenezco al g\u00e9nero humano, lo que yo prodigue con encanto musical, puede ser referencia para muchas personas.<\/p>\n<p>Se impone el materialismo y la vulgaridad. Lo estamos rozando cada d\u00eda. Y eso, duele o miramos para otro lado. Porque la ley asegura la educaci\u00f3n y el civismo, pero, si la colaboraci\u00f3n ciudadana no ayuda, todo se queda en aguas de borrajas. \u00datiles consejos nos da pap\u00e1 Estado. Sepamos ser el eco de su voz.<\/p>\n<p>\u00bfC\u00f3mo estar coronado por la sensibilidad y dominado por la cultura?. Con el esfuerzo, no cabe duda. Un pueblo que tiene sed de sabidur\u00eda est\u00e1 salvado del movimiento salvaje que, a veces, parece estar de moda, hasta en pa\u00edses civilizados.<\/p>\n<p>La poes\u00eda no es para seres privilegiados sino para personas equilibradas en el esp\u00edritu, que no se esfuman en alfombras llenas de polvo, con el instinto bestial. Frente por frente con la armon\u00eda y el ritmo musical. Es como un sue\u00f1o dedicado a elevarnos de los olores que producen malestar o asco. El aire po\u00e9tico es tambi\u00e9n cosa de suerte, silencioso e \u00edntimo. No es celda para dos.<\/p>\n<p>Puede llevar mensaje o no, pero nunca fatiga. Relaja en la intimidad. El perfil del o de la que lee poes\u00eda no tiene arrogancia, ama la belleza y est\u00e1 en sinton\u00eda constante con el esp\u00edritu. No llega a ser un elemento misterioso, pero casi&#8230; La sangre fluye, no se altera. Es como salir de la carne, una especie de religi\u00f3n sin normas ni dioses. Los suspiros nos invaden cuando la estructura del poema prolonga la vida.<\/p>\n<p>La poes\u00eda de Manuel L\u00f3pez Mart\u00ednez en su libro \u201cAzahar en los pensamientos\u201d, consigue tambi\u00e9n, que un fino erotismo entre en nuestras venas. El remedio m\u00e1gico existe y el autor se da cuenta de ello.<\/p>\n<p>El amor siempre es necesario. Se desprende de un buen n\u00famero de poemas. Para saberlo, el poeta se adentra en su experiencia vital. Cuerpo y alma hablan por s\u00ed mismos a trav\u00e9s de sus palabras.<\/p>\n","protected":false},"featured_media":99247,"comment_status":"closed","ping_status":"closed","template":"","meta":{"_acf_changed":false},"libro":[],"product_brand":[],"product_cat":[26],"product_tag":[],"class_list":{"0":"post-99246","1":"product","2":"type-product","3":"status-publish","4":"has-post-thumbnail","6":"product_cat-sin-categoria","8":"first","9":"instock","10":"product-type-simple"},"acf":{"autor":[77605],"enlace_de_compra":"https:\/\/amzn.to\/3LNUuhk"},"yoast_head":"<!-- This site is optimized with the Yoast SEO plugin v26.6 - https:\/\/yoast.com\/wordpress\/plugins\/seo\/ -->\n<title>Azahar En Los Pensamientos - Catalogo | Letrame Grupo Editorial<\/title>\n<meta name=\"robots\" content=\"index, follow, max-snippet:-1, max-image-preview:large, max-video-preview:-1\" \/>\n<link rel=\"canonical\" href=\"https:\/\/letrame.com\/catalogo\/producto\/azahar-en-los-pensamientos\/\" \/>\n<meta property=\"og:locale\" content=\"es_ES\" \/>\n<meta property=\"og:type\" content=\"article\" \/>\n<meta property=\"og:title\" content=\"Azahar En Los Pensamientos - Catalogo | Letrame Grupo Editorial\" \/>\n<meta property=\"og:description\" content=\"ISBN: 978-84-17965-07-5  SINOPSIS  Ser viajero con la poes\u00eda al lado,casi es un lujo en los tiempos que corren. Ser fabricante de sue\u00f1os, en torno a realidades hueras, es una valent\u00eda humana. Y as\u00ed pod\u00edamos continuar con una retah\u00edla de consideraciones al respecto del mundo po\u00e9tico. Todas las personas sensibles, llevamos dentro la posibilidad de expresar la poes\u00eda. El aura aparece cuando se va en su busca con inquietud y anhelo. Es obvio, que para escribir hace falta inspiraci\u00f3n, y \u00e9sta se halla, con la compa\u00f1\u00eda amada del silencio.  Donde hay alboroto y jolgorio sobran poemas. La cr\u00f3nica de este fen\u00f3meno cultural nos habla de ello.  Decid\u00ed ser poeta, cuando de mi interior sal\u00edan chispas literarias que expresaban mis sentimientos. Y como pertenezco al g\u00e9nero humano, lo que yo prodigue con encanto musical, puede ser referencia para muchas personas.  Se impone el materialismo y la vulgaridad. Lo estamos rozando cada d\u00eda. Y eso, duele o miramos para otro lado. Porque la ley asegura la educaci\u00f3n y el civismo, pero, si la colaboraci\u00f3n ciudadana no ayuda, todo se queda en aguas de borrajas. \u00datiles consejos nos da pap\u00e1 Estado. Sepamos ser el eco de su voz.  \u00bfC\u00f3mo estar coronado por la sensibilidad y dominado por la cultura?. Con el esfuerzo, no cabe duda. Un pueblo que tiene sed de sabidur\u00eda est\u00e1 salvado del movimiento salvaje que, a veces, parece estar de moda, hasta en pa\u00edses civilizados.  La poes\u00eda no es para seres privilegiados sino para personas equilibradas en el esp\u00edritu, que no se esfuman en alfombras llenas de polvo, con el instinto bestial. Frente por frente con la armon\u00eda y el ritmo musical. Es como un sue\u00f1o dedicado a elevarnos de los olores que producen malestar o asco. El aire po\u00e9tico es tambi\u00e9n cosa de suerte, silencioso e \u00edntimo. No es celda para dos.  Puede llevar mensaje o no, pero nunca fatiga. Relaja en la intimidad. El perfil del o de la que lee poes\u00eda no tiene arrogancia, ama la belleza y est\u00e1 en sinton\u00eda constante con el esp\u00edritu. No llega a ser un elemento misterioso, pero casi... La sangre fluye, no se altera. Es como salir de la carne, una especie de religi\u00f3n sin normas ni dioses. Los suspiros nos invaden cuando la estructura del poema prolonga la vida.  La poes\u00eda de Manuel L\u00f3pez Mart\u00ednez en su libro \u201cAzahar en los pensamientos\u201d, consigue tambi\u00e9n, que un fino erotismo entre en nuestras venas. El remedio m\u00e1gico existe y el autor se da cuenta de ello.  El amor siempre es necesario. Se desprende de un buen n\u00famero de poemas. Para saberlo, el poeta se adentra en su experiencia vital. Cuerpo y alma hablan por s\u00ed mismos a trav\u00e9s de sus palabras.\" \/>\n<meta property=\"og:url\" content=\"https:\/\/letrame.com\/catalogo\/producto\/azahar-en-los-pensamientos\/\" \/>\n<meta property=\"og:site_name\" content=\"Catalogo | Letrame Grupo Editorial\" \/>\n<meta property=\"article:modified_time\" content=\"2024-07-31T09:23:59+00:00\" \/>\n<meta property=\"og:image\" content=\"https:\/\/letrame.com\/catalogo\/wp-content\/uploads\/2024\/04\/portada_Azaharenlos_57mm-compressed-scaled-1.jpg\" \/>\n\t<meta property=\"og:image:width\" content=\"1746\" \/>\n\t<meta property=\"og:image:height\" content=\"2560\" \/>\n\t<meta property=\"og:image:type\" content=\"image\/jpeg\" \/>\n<meta name=\"twitter:card\" content=\"summary_large_image\" \/>\n<meta name=\"twitter:label1\" content=\"Tiempo de lectura\" \/>\n\t<meta name=\"twitter:data1\" content=\"3 minutos\" \/>\n<script type=\"application\/ld+json\" class=\"yoast-schema-graph\">{\"@context\":\"https:\/\/schema.org\",\"@graph\":[{\"@type\":\"WebPage\",\"@id\":\"https:\/\/letrame.com\/catalogo\/producto\/azahar-en-los-pensamientos\/\",\"url\":\"https:\/\/letrame.com\/catalogo\/producto\/azahar-en-los-pensamientos\/\",\"name\":\"Azahar En Los Pensamientos - Catalogo | Letrame Grupo Editorial\",\"isPartOf\":{\"@id\":\"https:\/\/letrame.com\/catalogo\/#website\"},\"primaryImageOfPage\":{\"@id\":\"https:\/\/letrame.com\/catalogo\/producto\/azahar-en-los-pensamientos\/#primaryimage\"},\"image\":{\"@id\":\"https:\/\/letrame.com\/catalogo\/producto\/azahar-en-los-pensamientos\/#primaryimage\"},\"thumbnailUrl\":\"https:\/\/letrame.com\/catalogo\/wp-content\/uploads\/2024\/04\/portada_Azaharenlos_57mm-compressed-scaled-1.jpg\",\"datePublished\":\"2024-04-29T14:02:15+00:00\",\"dateModified\":\"2024-07-31T09:23:59+00:00\",\"breadcrumb\":{\"@id\":\"https:\/\/letrame.com\/catalogo\/producto\/azahar-en-los-pensamientos\/#breadcrumb\"},\"inLanguage\":\"es\",\"potentialAction\":[{\"@type\":\"ReadAction\",\"target\":[\"https:\/\/letrame.com\/catalogo\/producto\/azahar-en-los-pensamientos\/\"]}]},{\"@type\":\"ImageObject\",\"inLanguage\":\"es\",\"@id\":\"https:\/\/letrame.com\/catalogo\/producto\/azahar-en-los-pensamientos\/#primaryimage\",\"url\":\"https:\/\/letrame.com\/catalogo\/wp-content\/uploads\/2024\/04\/portada_Azaharenlos_57mm-compressed-scaled-1.jpg\",\"contentUrl\":\"https:\/\/letrame.com\/catalogo\/wp-content\/uploads\/2024\/04\/portada_Azaharenlos_57mm-compressed-scaled-1.jpg\",\"width\":1746,\"height\":2560},{\"@type\":\"BreadcrumbList\",\"@id\":\"https:\/\/letrame.com\/catalogo\/producto\/azahar-en-los-pensamientos\/#breadcrumb\",\"itemListElement\":[{\"@type\":\"ListItem\",\"position\":1,\"name\":\"Portada\",\"item\":\"https:\/\/letrame.com\/catalogo\/\"},{\"@type\":\"ListItem\",\"position\":2,\"name\":\"Cat\u00e1logo\",\"item\":\"https:\/\/letrame.com\/catalogo\/\"},{\"@type\":\"ListItem\",\"position\":3,\"name\":\"Azahar En Los Pensamientos\"}]},{\"@type\":\"WebSite\",\"@id\":\"https:\/\/letrame.com\/catalogo\/#website\",\"url\":\"https:\/\/letrame.com\/catalogo\/\",\"name\":\"Catalogo | Letrame Grupo Editorial\",\"description\":\"\",\"publisher\":{\"@id\":\"https:\/\/letrame.com\/catalogo\/#organization\"},\"potentialAction\":[{\"@type\":\"SearchAction\",\"target\":{\"@type\":\"EntryPoint\",\"urlTemplate\":\"https:\/\/letrame.com\/catalogo\/?s={search_term_string}\"},\"query-input\":{\"@type\":\"PropertyValueSpecification\",\"valueRequired\":true,\"valueName\":\"search_term_string\"}}],\"inLanguage\":\"es\"},{\"@type\":\"Organization\",\"@id\":\"https:\/\/letrame.com\/catalogo\/#organization\",\"name\":\"Catalogo | Letrame Grupo Editorial\",\"url\":\"https:\/\/letrame.com\/catalogo\/\",\"logo\":{\"@type\":\"ImageObject\",\"inLanguage\":\"es\",\"@id\":\"https:\/\/letrame.com\/catalogo\/#\/schema\/logo\/image\/\",\"url\":\"https:\/\/letrame.com\/catalogo\/wp-content\/uploads\/2024\/03\/logo2.webp\",\"contentUrl\":\"https:\/\/letrame.com\/catalogo\/wp-content\/uploads\/2024\/03\/logo2.webp\",\"width\":394,\"height\":128,\"caption\":\"Catalogo | Letrame Grupo Editorial\"},\"image\":{\"@id\":\"https:\/\/letrame.com\/catalogo\/#\/schema\/logo\/image\/\"}}]}<\/script>\n<!-- \/ Yoast SEO plugin. -->","yoast_head_json":{"title":"Azahar En Los Pensamientos - Catalogo | Letrame Grupo Editorial","robots":{"index":"index","follow":"follow","max-snippet":"max-snippet:-1","max-image-preview":"max-image-preview:large","max-video-preview":"max-video-preview:-1"},"canonical":"https:\/\/letrame.com\/catalogo\/producto\/azahar-en-los-pensamientos\/","og_locale":"es_ES","og_type":"article","og_title":"Azahar En Los Pensamientos - Catalogo | Letrame Grupo Editorial","og_description":"ISBN: 978-84-17965-07-5  SINOPSIS  Ser viajero con la poes\u00eda al lado,casi es un lujo en los tiempos que corren. Ser fabricante de sue\u00f1os, en torno a realidades hueras, es una valent\u00eda humana. Y as\u00ed pod\u00edamos continuar con una retah\u00edla de consideraciones al respecto del mundo po\u00e9tico. Todas las personas sensibles, llevamos dentro la posibilidad de expresar la poes\u00eda. El aura aparece cuando se va en su busca con inquietud y anhelo. Es obvio, que para escribir hace falta inspiraci\u00f3n, y \u00e9sta se halla, con la compa\u00f1\u00eda amada del silencio.  Donde hay alboroto y jolgorio sobran poemas. La cr\u00f3nica de este fen\u00f3meno cultural nos habla de ello.  Decid\u00ed ser poeta, cuando de mi interior sal\u00edan chispas literarias que expresaban mis sentimientos. Y como pertenezco al g\u00e9nero humano, lo que yo prodigue con encanto musical, puede ser referencia para muchas personas.  Se impone el materialismo y la vulgaridad. Lo estamos rozando cada d\u00eda. Y eso, duele o miramos para otro lado. Porque la ley asegura la educaci\u00f3n y el civismo, pero, si la colaboraci\u00f3n ciudadana no ayuda, todo se queda en aguas de borrajas. \u00datiles consejos nos da pap\u00e1 Estado. Sepamos ser el eco de su voz.  \u00bfC\u00f3mo estar coronado por la sensibilidad y dominado por la cultura?. Con el esfuerzo, no cabe duda. Un pueblo que tiene sed de sabidur\u00eda est\u00e1 salvado del movimiento salvaje que, a veces, parece estar de moda, hasta en pa\u00edses civilizados.  La poes\u00eda no es para seres privilegiados sino para personas equilibradas en el esp\u00edritu, que no se esfuman en alfombras llenas de polvo, con el instinto bestial. Frente por frente con la armon\u00eda y el ritmo musical. Es como un sue\u00f1o dedicado a elevarnos de los olores que producen malestar o asco. El aire po\u00e9tico es tambi\u00e9n cosa de suerte, silencioso e \u00edntimo. No es celda para dos.  Puede llevar mensaje o no, pero nunca fatiga. Relaja en la intimidad. El perfil del o de la que lee poes\u00eda no tiene arrogancia, ama la belleza y est\u00e1 en sinton\u00eda constante con el esp\u00edritu. No llega a ser un elemento misterioso, pero casi... La sangre fluye, no se altera. Es como salir de la carne, una especie de religi\u00f3n sin normas ni dioses. Los suspiros nos invaden cuando la estructura del poema prolonga la vida.  La poes\u00eda de Manuel L\u00f3pez Mart\u00ednez en su libro \u201cAzahar en los pensamientos\u201d, consigue tambi\u00e9n, que un fino erotismo entre en nuestras venas. El remedio m\u00e1gico existe y el autor se da cuenta de ello.  El amor siempre es necesario. Se desprende de un buen n\u00famero de poemas. Para saberlo, el poeta se adentra en su experiencia vital. Cuerpo y alma hablan por s\u00ed mismos a trav\u00e9s de sus palabras.","og_url":"https:\/\/letrame.com\/catalogo\/producto\/azahar-en-los-pensamientos\/","og_site_name":"Catalogo | Letrame Grupo Editorial","article_modified_time":"2024-07-31T09:23:59+00:00","og_image":[{"width":1746,"height":2560,"url":"https:\/\/letrame.com\/catalogo\/wp-content\/uploads\/2024\/04\/portada_Azaharenlos_57mm-compressed-scaled-1.jpg","type":"image\/jpeg"}],"twitter_card":"summary_large_image","twitter_misc":{"Tiempo de lectura":"3 minutos"},"schema":{"@context":"https:\/\/schema.org","@graph":[{"@type":"WebPage","@id":"https:\/\/letrame.com\/catalogo\/producto\/azahar-en-los-pensamientos\/","url":"https:\/\/letrame.com\/catalogo\/producto\/azahar-en-los-pensamientos\/","name":"Azahar En Los Pensamientos - Catalogo | Letrame Grupo Editorial","isPartOf":{"@id":"https:\/\/letrame.com\/catalogo\/#website"},"primaryImageOfPage":{"@id":"https:\/\/letrame.com\/catalogo\/producto\/azahar-en-los-pensamientos\/#primaryimage"},"image":{"@id":"https:\/\/letrame.com\/catalogo\/producto\/azahar-en-los-pensamientos\/#primaryimage"},"thumbnailUrl":"https:\/\/letrame.com\/catalogo\/wp-content\/uploads\/2024\/04\/portada_Azaharenlos_57mm-compressed-scaled-1.jpg","datePublished":"2024-04-29T14:02:15+00:00","dateModified":"2024-07-31T09:23:59+00:00","breadcrumb":{"@id":"https:\/\/letrame.com\/catalogo\/producto\/azahar-en-los-pensamientos\/#breadcrumb"},"inLanguage":"es","potentialAction":[{"@type":"ReadAction","target":["https:\/\/letrame.com\/catalogo\/producto\/azahar-en-los-pensamientos\/"]}]},{"@type":"ImageObject","inLanguage":"es","@id":"https:\/\/letrame.com\/catalogo\/producto\/azahar-en-los-pensamientos\/#primaryimage","url":"https:\/\/letrame.com\/catalogo\/wp-content\/uploads\/2024\/04\/portada_Azaharenlos_57mm-compressed-scaled-1.jpg","contentUrl":"https:\/\/letrame.com\/catalogo\/wp-content\/uploads\/2024\/04\/portada_Azaharenlos_57mm-compressed-scaled-1.jpg","width":1746,"height":2560},{"@type":"BreadcrumbList","@id":"https:\/\/letrame.com\/catalogo\/producto\/azahar-en-los-pensamientos\/#breadcrumb","itemListElement":[{"@type":"ListItem","position":1,"name":"Portada","item":"https:\/\/letrame.com\/catalogo\/"},{"@type":"ListItem","position":2,"name":"Cat\u00e1logo","item":"https:\/\/letrame.com\/catalogo\/"},{"@type":"ListItem","position":3,"name":"Azahar En Los Pensamientos"}]},{"@type":"WebSite","@id":"https:\/\/letrame.com\/catalogo\/#website","url":"https:\/\/letrame.com\/catalogo\/","name":"Catalogo | Letrame Grupo Editorial","description":"","publisher":{"@id":"https:\/\/letrame.com\/catalogo\/#organization"},"potentialAction":[{"@type":"SearchAction","target":{"@type":"EntryPoint","urlTemplate":"https:\/\/letrame.com\/catalogo\/?s={search_term_string}"},"query-input":{"@type":"PropertyValueSpecification","valueRequired":true,"valueName":"search_term_string"}}],"inLanguage":"es"},{"@type":"Organization","@id":"https:\/\/letrame.com\/catalogo\/#organization","name":"Catalogo | Letrame Grupo Editorial","url":"https:\/\/letrame.com\/catalogo\/","logo":{"@type":"ImageObject","inLanguage":"es","@id":"https:\/\/letrame.com\/catalogo\/#\/schema\/logo\/image\/","url":"https:\/\/letrame.com\/catalogo\/wp-content\/uploads\/2024\/03\/logo2.webp","contentUrl":"https:\/\/letrame.com\/catalogo\/wp-content\/uploads\/2024\/03\/logo2.webp","width":394,"height":128,"caption":"Catalogo | Letrame Grupo Editorial"},"image":{"@id":"https:\/\/letrame.com\/catalogo\/#\/schema\/logo\/image\/"}}]}},"_links":{"self":[{"href":"https:\/\/letrame.com\/catalogo\/wp-json\/wp\/v2\/product\/99246","targetHints":{"allow":["GET"]}}],"collection":[{"href":"https:\/\/letrame.com\/catalogo\/wp-json\/wp\/v2\/product"}],"about":[{"href":"https:\/\/letrame.com\/catalogo\/wp-json\/wp\/v2\/types\/product"}],"replies":[{"embeddable":true,"href":"https:\/\/letrame.com\/catalogo\/wp-json\/wp\/v2\/comments?post=99246"}],"acf:post":[{"embeddable":true,"href":"https:\/\/letrame.com\/catalogo\/wp-json\/wp\/v2\/author_book\/77605"}],"wp:featuredmedia":[{"embeddable":true,"href":"https:\/\/letrame.com\/catalogo\/wp-json\/wp\/v2\/media\/99247"}],"wp:attachment":[{"href":"https:\/\/letrame.com\/catalogo\/wp-json\/wp\/v2\/media?parent=99246"}],"wp:term":[{"taxonomy":"libro","embeddable":true,"href":"https:\/\/letrame.com\/catalogo\/wp-json\/wp\/v2\/libro?post=99246"},{"taxonomy":"product_brand","embeddable":true,"href":"https:\/\/letrame.com\/catalogo\/wp-json\/wp\/v2\/product_brand?post=99246"},{"taxonomy":"product_cat","embeddable":true,"href":"https:\/\/letrame.com\/catalogo\/wp-json\/wp\/v2\/product_cat?post=99246"},{"taxonomy":"product_tag","embeddable":true,"href":"https:\/\/letrame.com\/catalogo\/wp-json\/wp\/v2\/product_tag?post=99246"}],"curies":[{"name":"wp","href":"https:\/\/api.w.org\/{rel}","templated":true}]}}