{"id":99244,"date":"2024-04-29T16:01:31","date_gmt":"2024-04-29T14:01:31","guid":{"rendered":"https:\/\/letrame.com\/catalogo\/producto\/la-leyenda-de-pita-el-camino-hacia-el-saber\/"},"modified":"2024-04-29T16:02:00","modified_gmt":"2024-04-29T14:02:00","slug":"la-leyenda-de-pita-el-camino-hacia-el-saber","status":"publish","type":"product","link":"https:\/\/letrame.com\/catalogo\/producto\/la-leyenda-de-pita-el-camino-hacia-el-saber\/","title":{"rendered":"La leyenda de Pita: el camino hacia el saber"},"content":{"rendered":"<p><strong>ISBN<\/strong>: 978-84-1181-279-5<\/p>\n<p><strong>T\u00edtulo<\/strong>: La leyenda de Pita: el camino hacia el saber<br \/>\n<strong>Fecha<\/strong>: 2023<br \/>\n<strong>P\u00e1ginas<\/strong>: 114<\/p>\n<p><strong>SINOPSIS<\/strong><\/p>\n<p>Pita, un joven estudiante de 2\u00ba de Bachillerato del instituto Epsilon, ha sido seleccionado por el profesor Lebstein como candidato a acudir a los Juegos de Euler, pero para ello, primero tendr\u00e1 que superar un experimento con realidad virtual. Por medio de un simulador, Pita se adentrar\u00e1 en la tierra de Gaussia, donde la voz misteriosa de un anciano le guiar\u00e1 hacia su cometido. A lo largo del camino, pasar\u00e1 por lugares ins\u00f3litos como el Desierto del Cero o el Monte Bolzano, y tendr\u00e1 que superar distintas pruebas resolviendo problemas matem\u00e1ticos (y alg\u00fan que otro de f\u00edsica) de dificultad ascendente. Para superar estas pruebas, el anciano le transformar\u00e1 en parodias de personajes conocidos de series anime, videojuegos y pel\u00edculas, como por ejemplo, en \u00abFactor Bros\u00bb del\u00a0<em>Mario Kart\u00a0<\/em>o<em>\u00a0<\/em>en \u00abAurelio Vecchio\u00bb del\u00a0<em>Assassin\u00b4s Creed,\u00a0<\/em>entre otros.<em>\u00a0<\/em>La aventura tiene lugar en la tierra de Gaussia, llena de matem\u00e1ticas, por lo que tambi\u00e9n aparecer\u00e1n c\u00e9lebres personajes como Ruffini, Descartes, Leibniz, as\u00ed como referencias a conceptos matem\u00e1ticos a los cuales tendr\u00e1s que estar muy atento para no perder ning\u00fan detalle. \u00a1Demuestra tus dotes matem\u00e1ticas y acompa\u00f1a a Pita en el camino hacia el saber!<\/p>\n","protected":false},"excerpt":{"rendered":"<p><strong>ISBN<\/strong>: 978-84-1181-279-5<\/p>\n<p><strong>SINOPSIS<\/strong><\/p>\n<p>Pita, un joven estudiante de 2\u00ba de Bachillerato del instituto Epsilon, ha sido seleccionado por el profesor Lebstein como candidato a acudir a los Juegos de Euler, pero para ello, primero tendr\u00e1 que superar un experimento con realidad virtual. Por medio de un simulador, Pita se adentrar\u00e1 en la tierra de Gaussia, donde la voz misteriosa de un anciano le guiar\u00e1 hacia su cometido. A lo largo del camino, pasar\u00e1 por lugares ins\u00f3litos como el Desierto del Cero o el Monte Bolzano, y tendr\u00e1 que superar distintas pruebas resolviendo problemas matem\u00e1ticos (y alg\u00fan que otro de f\u00edsica) de dificultad ascendente. Para superar estas pruebas, el anciano le transformar\u00e1 en parodias de personajes conocidos de series anime, videojuegos y pel\u00edculas, como por ejemplo, en \u00abFactor Bros\u00bb del\u00a0<em>Mario Kart\u00a0<\/em>o<em>\u00a0<\/em>en \u00abAurelio Vecchio\u00bb del\u00a0<em>Assassin\u00b4s Creed,\u00a0<\/em>entre otros.<em>\u00a0<\/em>La aventura tiene lugar en la tierra de Gaussia, llena de matem\u00e1ticas, por lo que tambi\u00e9n aparecer\u00e1n c\u00e9lebres personajes como Ruffini, Descartes, Leibniz, as\u00ed como referencias a conceptos matem\u00e1ticos a los cuales tendr\u00e1s que estar muy atento para no perder ning\u00fan detalle. \u00a1Demuestra tus dotes matem\u00e1ticas y acompa\u00f1a a Pita en el camino hacia el saber!<\/p>\n","protected":false},"featured_media":99245,"comment_status":"closed","ping_status":"open","template":"","meta":{"_acf_changed":false},"libro":[],"product_brand":[],"product_cat":[26],"product_tag":[],"class_list":{"0":"post-99244","1":"product","2":"type-product","3":"status-publish","4":"has-post-thumbnail","6":"product_cat-sin-categoria","8":"first","9":"instock","10":"product-type-simple"},"acf":{"autor":[77604],"enlace_de_compra":""},"yoast_head":"<!-- This site is optimized with the Yoast SEO plugin v27.4 - https:\/\/yoast.com\/product\/yoast-seo-wordpress\/ -->\n<title>La leyenda de Pita: el camino hacia el saber - Catalogo | Letrame Grupo Editorial<\/title>\n<meta name=\"robots\" content=\"index, follow, max-snippet:-1, max-image-preview:large, max-video-preview:-1\" \/>\n<link rel=\"canonical\" href=\"https:\/\/letrame.com\/catalogo\/producto\/la-leyenda-de-pita-el-camino-hacia-el-saber\/\" \/>\n<meta property=\"og:locale\" content=\"es_ES\" \/>\n<meta property=\"og:type\" content=\"article\" \/>\n<meta property=\"og:title\" content=\"La leyenda de Pita: el camino hacia el saber - Catalogo | Letrame Grupo Editorial\" \/>\n<meta property=\"og:description\" content=\"ISBN: 978-84-1181-279-5 SINOPSIS Pita, un joven estudiante de 2\u00ba de Bachillerato del instituto Epsilon, ha sido seleccionado por el profesor Lebstein como candidato a acudir a los Juegos de Euler, pero para ello, primero tendr\u00e1 que superar un experimento con realidad virtual. Por medio de un simulador, Pita se adentrar\u00e1 en la tierra de Gaussia, donde la voz misteriosa de un anciano le guiar\u00e1 hacia su cometido. A lo largo del camino, pasar\u00e1 por lugares ins\u00f3litos como el Desierto del Cero o el Monte Bolzano, y tendr\u00e1 que superar distintas pruebas resolviendo problemas matem\u00e1ticos (y alg\u00fan que otro de f\u00edsica) de dificultad ascendente. Para superar estas pruebas, el anciano le transformar\u00e1 en parodias de personajes conocidos de series anime, videojuegos y pel\u00edculas, como por ejemplo, en \u00abFactor Bros\u00bb del\u00a0Mario Kart\u00a0o\u00a0en \u00abAurelio Vecchio\u00bb del\u00a0Assassin\u00b4s Creed,\u00a0entre otros.\u00a0La aventura tiene lugar en la tierra de Gaussia, llena de matem\u00e1ticas, por lo que tambi\u00e9n aparecer\u00e1n c\u00e9lebres personajes como Ruffini, Descartes, Leibniz, as\u00ed como referencias a conceptos matem\u00e1ticos a los cuales tendr\u00e1s que estar muy atento para no perder ning\u00fan detalle. \u00a1Demuestra tus dotes matem\u00e1ticas y acompa\u00f1a a Pita en el camino hacia el saber!\" \/>\n<meta property=\"og:url\" content=\"https:\/\/letrame.com\/catalogo\/producto\/la-leyenda-de-pita-el-camino-hacia-el-saber\/\" \/>\n<meta property=\"og:site_name\" content=\"Catalogo | Letrame Grupo Editorial\" \/>\n<meta property=\"article:modified_time\" content=\"2024-04-29T14:02:00+00:00\" \/>\n<meta property=\"og:image\" content=\"https:\/\/letrame.com\/catalogo\/wp-content\/uploads\/2024\/04\/webportada_LaLeyendaDePita_653mm-compressed-scaled-1.jpg\" \/>\n\t<meta property=\"og:image:width\" content=\"1746\" \/>\n\t<meta property=\"og:image:height\" content=\"2560\" \/>\n\t<meta property=\"og:image:type\" content=\"image\/jpeg\" \/>\n<meta name=\"twitter:card\" content=\"summary_large_image\" \/>\n<meta name=\"twitter:label1\" content=\"Tiempo de lectura\" \/>\n\t<meta name=\"twitter:data1\" content=\"1 minuto\" \/>\n<script type=\"application\/ld+json\" class=\"yoast-schema-graph\">{\"@context\":\"https:\\\/\\\/schema.org\",\"@graph\":[{\"@type\":\"WebPage\",\"@id\":\"https:\\\/\\\/letrame.com\\\/catalogo\\\/producto\\\/la-leyenda-de-pita-el-camino-hacia-el-saber\\\/\",\"url\":\"https:\\\/\\\/letrame.com\\\/catalogo\\\/producto\\\/la-leyenda-de-pita-el-camino-hacia-el-saber\\\/\",\"name\":\"La leyenda de Pita: el camino hacia el saber - Catalogo | Letrame Grupo Editorial\",\"isPartOf\":{\"@id\":\"https:\\\/\\\/letrame.com\\\/catalogo\\\/#website\"},\"primaryImageOfPage\":{\"@id\":\"https:\\\/\\\/letrame.com\\\/catalogo\\\/producto\\\/la-leyenda-de-pita-el-camino-hacia-el-saber\\\/#primaryimage\"},\"image\":{\"@id\":\"https:\\\/\\\/letrame.com\\\/catalogo\\\/producto\\\/la-leyenda-de-pita-el-camino-hacia-el-saber\\\/#primaryimage\"},\"thumbnailUrl\":\"https:\\\/\\\/letrame.com\\\/catalogo\\\/wp-content\\\/uploads\\\/2024\\\/04\\\/webportada_LaLeyendaDePita_653mm-compressed-scaled-1.jpg\",\"datePublished\":\"2024-04-29T14:01:31+00:00\",\"dateModified\":\"2024-04-29T14:02:00+00:00\",\"breadcrumb\":{\"@id\":\"https:\\\/\\\/letrame.com\\\/catalogo\\\/producto\\\/la-leyenda-de-pita-el-camino-hacia-el-saber\\\/#breadcrumb\"},\"inLanguage\":\"es\",\"potentialAction\":[{\"@type\":\"ReadAction\",\"target\":[\"https:\\\/\\\/letrame.com\\\/catalogo\\\/producto\\\/la-leyenda-de-pita-el-camino-hacia-el-saber\\\/\"]}]},{\"@type\":\"ImageObject\",\"inLanguage\":\"es\",\"@id\":\"https:\\\/\\\/letrame.com\\\/catalogo\\\/producto\\\/la-leyenda-de-pita-el-camino-hacia-el-saber\\\/#primaryimage\",\"url\":\"https:\\\/\\\/letrame.com\\\/catalogo\\\/wp-content\\\/uploads\\\/2024\\\/04\\\/webportada_LaLeyendaDePita_653mm-compressed-scaled-1.jpg\",\"contentUrl\":\"https:\\\/\\\/letrame.com\\\/catalogo\\\/wp-content\\\/uploads\\\/2024\\\/04\\\/webportada_LaLeyendaDePita_653mm-compressed-scaled-1.jpg\",\"width\":1746,\"height\":2560},{\"@type\":\"BreadcrumbList\",\"@id\":\"https:\\\/\\\/letrame.com\\\/catalogo\\\/producto\\\/la-leyenda-de-pita-el-camino-hacia-el-saber\\\/#breadcrumb\",\"itemListElement\":[{\"@type\":\"ListItem\",\"position\":1,\"name\":\"Portada\",\"item\":\"https:\\\/\\\/letrame.com\\\/catalogo\\\/\"},{\"@type\":\"ListItem\",\"position\":2,\"name\":\"Cat\u00e1logo\",\"item\":\"https:\\\/\\\/letrame.com\\\/catalogo\\\/\"},{\"@type\":\"ListItem\",\"position\":3,\"name\":\"La leyenda de Pita: el camino hacia el saber\"}]},{\"@type\":\"WebSite\",\"@id\":\"https:\\\/\\\/letrame.com\\\/catalogo\\\/#website\",\"url\":\"https:\\\/\\\/letrame.com\\\/catalogo\\\/\",\"name\":\"Catalogo | Letrame Grupo Editorial\",\"description\":\"\",\"publisher\":{\"@id\":\"https:\\\/\\\/letrame.com\\\/catalogo\\\/#organization\"},\"potentialAction\":[{\"@type\":\"SearchAction\",\"target\":{\"@type\":\"EntryPoint\",\"urlTemplate\":\"https:\\\/\\\/letrame.com\\\/catalogo\\\/?s={search_term_string}\"},\"query-input\":{\"@type\":\"PropertyValueSpecification\",\"valueRequired\":true,\"valueName\":\"search_term_string\"}}],\"inLanguage\":\"es\"},{\"@type\":\"Organization\",\"@id\":\"https:\\\/\\\/letrame.com\\\/catalogo\\\/#organization\",\"name\":\"Catalogo | Letrame Grupo Editorial\",\"url\":\"https:\\\/\\\/letrame.com\\\/catalogo\\\/\",\"logo\":{\"@type\":\"ImageObject\",\"inLanguage\":\"es\",\"@id\":\"https:\\\/\\\/letrame.com\\\/catalogo\\\/#\\\/schema\\\/logo\\\/image\\\/\",\"url\":\"https:\\\/\\\/letrame.com\\\/catalogo\\\/wp-content\\\/uploads\\\/2024\\\/03\\\/logo2.webp\",\"contentUrl\":\"https:\\\/\\\/letrame.com\\\/catalogo\\\/wp-content\\\/uploads\\\/2024\\\/03\\\/logo2.webp\",\"width\":394,\"height\":128,\"caption\":\"Catalogo | Letrame Grupo Editorial\"},\"image\":{\"@id\":\"https:\\\/\\\/letrame.com\\\/catalogo\\\/#\\\/schema\\\/logo\\\/image\\\/\"}}]}<\/script>\n<!-- \/ Yoast SEO plugin. -->","yoast_head_json":{"title":"La leyenda de Pita: el camino hacia el saber - Catalogo | Letrame Grupo Editorial","robots":{"index":"index","follow":"follow","max-snippet":"max-snippet:-1","max-image-preview":"max-image-preview:large","max-video-preview":"max-video-preview:-1"},"canonical":"https:\/\/letrame.com\/catalogo\/producto\/la-leyenda-de-pita-el-camino-hacia-el-saber\/","og_locale":"es_ES","og_type":"article","og_title":"La leyenda de Pita: el camino hacia el saber - Catalogo | Letrame Grupo Editorial","og_description":"ISBN: 978-84-1181-279-5 SINOPSIS Pita, un joven estudiante de 2\u00ba de Bachillerato del instituto Epsilon, ha sido seleccionado por el profesor Lebstein como candidato a acudir a los Juegos de Euler, pero para ello, primero tendr\u00e1 que superar un experimento con realidad virtual. Por medio de un simulador, Pita se adentrar\u00e1 en la tierra de Gaussia, donde la voz misteriosa de un anciano le guiar\u00e1 hacia su cometido. A lo largo del camino, pasar\u00e1 por lugares ins\u00f3litos como el Desierto del Cero o el Monte Bolzano, y tendr\u00e1 que superar distintas pruebas resolviendo problemas matem\u00e1ticos (y alg\u00fan que otro de f\u00edsica) de dificultad ascendente. Para superar estas pruebas, el anciano le transformar\u00e1 en parodias de personajes conocidos de series anime, videojuegos y pel\u00edculas, como por ejemplo, en \u00abFactor Bros\u00bb del\u00a0Mario Kart\u00a0o\u00a0en \u00abAurelio Vecchio\u00bb del\u00a0Assassin\u00b4s Creed,\u00a0entre otros.\u00a0La aventura tiene lugar en la tierra de Gaussia, llena de matem\u00e1ticas, por lo que tambi\u00e9n aparecer\u00e1n c\u00e9lebres personajes como Ruffini, Descartes, Leibniz, as\u00ed como referencias a conceptos matem\u00e1ticos a los cuales tendr\u00e1s que estar muy atento para no perder ning\u00fan detalle. \u00a1Demuestra tus dotes matem\u00e1ticas y acompa\u00f1a a Pita en el camino hacia el saber!","og_url":"https:\/\/letrame.com\/catalogo\/producto\/la-leyenda-de-pita-el-camino-hacia-el-saber\/","og_site_name":"Catalogo | Letrame Grupo Editorial","article_modified_time":"2024-04-29T14:02:00+00:00","og_image":[{"width":1746,"height":2560,"url":"https:\/\/letrame.com\/catalogo\/wp-content\/uploads\/2024\/04\/webportada_LaLeyendaDePita_653mm-compressed-scaled-1.jpg","type":"image\/jpeg"}],"twitter_card":"summary_large_image","twitter_misc":{"Tiempo de lectura":"1 minuto"},"schema":{"@context":"https:\/\/schema.org","@graph":[{"@type":"WebPage","@id":"https:\/\/letrame.com\/catalogo\/producto\/la-leyenda-de-pita-el-camino-hacia-el-saber\/","url":"https:\/\/letrame.com\/catalogo\/producto\/la-leyenda-de-pita-el-camino-hacia-el-saber\/","name":"La leyenda de Pita: el camino hacia el saber - Catalogo | Letrame Grupo Editorial","isPartOf":{"@id":"https:\/\/letrame.com\/catalogo\/#website"},"primaryImageOfPage":{"@id":"https:\/\/letrame.com\/catalogo\/producto\/la-leyenda-de-pita-el-camino-hacia-el-saber\/#primaryimage"},"image":{"@id":"https:\/\/letrame.com\/catalogo\/producto\/la-leyenda-de-pita-el-camino-hacia-el-saber\/#primaryimage"},"thumbnailUrl":"https:\/\/letrame.com\/catalogo\/wp-content\/uploads\/2024\/04\/webportada_LaLeyendaDePita_653mm-compressed-scaled-1.jpg","datePublished":"2024-04-29T14:01:31+00:00","dateModified":"2024-04-29T14:02:00+00:00","breadcrumb":{"@id":"https:\/\/letrame.com\/catalogo\/producto\/la-leyenda-de-pita-el-camino-hacia-el-saber\/#breadcrumb"},"inLanguage":"es","potentialAction":[{"@type":"ReadAction","target":["https:\/\/letrame.com\/catalogo\/producto\/la-leyenda-de-pita-el-camino-hacia-el-saber\/"]}]},{"@type":"ImageObject","inLanguage":"es","@id":"https:\/\/letrame.com\/catalogo\/producto\/la-leyenda-de-pita-el-camino-hacia-el-saber\/#primaryimage","url":"https:\/\/letrame.com\/catalogo\/wp-content\/uploads\/2024\/04\/webportada_LaLeyendaDePita_653mm-compressed-scaled-1.jpg","contentUrl":"https:\/\/letrame.com\/catalogo\/wp-content\/uploads\/2024\/04\/webportada_LaLeyendaDePita_653mm-compressed-scaled-1.jpg","width":1746,"height":2560},{"@type":"BreadcrumbList","@id":"https:\/\/letrame.com\/catalogo\/producto\/la-leyenda-de-pita-el-camino-hacia-el-saber\/#breadcrumb","itemListElement":[{"@type":"ListItem","position":1,"name":"Portada","item":"https:\/\/letrame.com\/catalogo\/"},{"@type":"ListItem","position":2,"name":"Cat\u00e1logo","item":"https:\/\/letrame.com\/catalogo\/"},{"@type":"ListItem","position":3,"name":"La leyenda de Pita: el camino hacia el saber"}]},{"@type":"WebSite","@id":"https:\/\/letrame.com\/catalogo\/#website","url":"https:\/\/letrame.com\/catalogo\/","name":"Catalogo | Letrame Grupo Editorial","description":"","publisher":{"@id":"https:\/\/letrame.com\/catalogo\/#organization"},"potentialAction":[{"@type":"SearchAction","target":{"@type":"EntryPoint","urlTemplate":"https:\/\/letrame.com\/catalogo\/?s={search_term_string}"},"query-input":{"@type":"PropertyValueSpecification","valueRequired":true,"valueName":"search_term_string"}}],"inLanguage":"es"},{"@type":"Organization","@id":"https:\/\/letrame.com\/catalogo\/#organization","name":"Catalogo | Letrame Grupo Editorial","url":"https:\/\/letrame.com\/catalogo\/","logo":{"@type":"ImageObject","inLanguage":"es","@id":"https:\/\/letrame.com\/catalogo\/#\/schema\/logo\/image\/","url":"https:\/\/letrame.com\/catalogo\/wp-content\/uploads\/2024\/03\/logo2.webp","contentUrl":"https:\/\/letrame.com\/catalogo\/wp-content\/uploads\/2024\/03\/logo2.webp","width":394,"height":128,"caption":"Catalogo | Letrame Grupo Editorial"},"image":{"@id":"https:\/\/letrame.com\/catalogo\/#\/schema\/logo\/image\/"}}]}},"_links":{"self":[{"href":"https:\/\/letrame.com\/catalogo\/wp-json\/wp\/v2\/product\/99244","targetHints":{"allow":["GET"]}}],"collection":[{"href":"https:\/\/letrame.com\/catalogo\/wp-json\/wp\/v2\/product"}],"about":[{"href":"https:\/\/letrame.com\/catalogo\/wp-json\/wp\/v2\/types\/product"}],"replies":[{"embeddable":true,"href":"https:\/\/letrame.com\/catalogo\/wp-json\/wp\/v2\/comments?post=99244"}],"acf:post":[{"embeddable":true,"href":"https:\/\/letrame.com\/catalogo\/wp-json\/wp\/v2\/author_book\/77604"}],"wp:featuredmedia":[{"embeddable":true,"href":"https:\/\/letrame.com\/catalogo\/wp-json\/wp\/v2\/media\/99245"}],"wp:attachment":[{"href":"https:\/\/letrame.com\/catalogo\/wp-json\/wp\/v2\/media?parent=99244"}],"wp:term":[{"taxonomy":"libro","embeddable":true,"href":"https:\/\/letrame.com\/catalogo\/wp-json\/wp\/v2\/libro?post=99244"},{"taxonomy":"product_brand","embeddable":true,"href":"https:\/\/letrame.com\/catalogo\/wp-json\/wp\/v2\/product_brand?post=99244"},{"taxonomy":"product_cat","embeddable":true,"href":"https:\/\/letrame.com\/catalogo\/wp-json\/wp\/v2\/product_cat?post=99244"},{"taxonomy":"product_tag","embeddable":true,"href":"https:\/\/letrame.com\/catalogo\/wp-json\/wp\/v2\/product_tag?post=99244"}],"curies":[{"name":"wp","href":"https:\/\/api.w.org\/{rel}","templated":true}]}}