{"id":99234,"date":"2024-04-29T16:00:52","date_gmt":"2024-04-29T14:00:52","guid":{"rendered":"https:\/\/letrame.com\/catalogo\/producto\/el-secreto-de-danford\/"},"modified":"2024-07-31T11:29:24","modified_gmt":"2024-07-31T09:29:24","slug":"el-secreto-de-danford","status":"publish","type":"product","link":"https:\/\/letrame.com\/catalogo\/producto\/el-secreto-de-danford\/","title":{"rendered":"El secreto de Danford"},"content":{"rendered":"<p><strong>ISBN<\/strong>: 978-84-1181-148-4<\/p>\n<p><strong>T\u00edtulo<\/strong>: El secreto de Danford<br \/>\n<strong>Fecha<\/strong>: 2023<br \/>\n<strong>P\u00e1ginas<\/strong>: 570<\/p>\n<p><strong>SINOPSIS<\/strong><\/p>\n<p>Un coche destrozado bajo la nieve. Un beb\u00e9 que llora abandonado.\u00a0Llamas que devoran a una pareja enamorada.\u00a0Una mujer desplomada en una playa blanquecina. Un hospital que recibe una vida que vuelve. El mismo hospital que sentencia otra vida injustamente. Una mujer encerrada en la oscuridad.<\/p>\n<p>El invierno de 2007 dej\u00f3 en Danford un amasijo de vidas pendientes de varios hilos mortuorios. La nieve sepult\u00f3 aquella peque\u00f1a ciudad en un halo de horror y desesperaci\u00f3n, haci\u00e9ndola invisible para el resto del mundo.<\/p>\n<p>Pero diez a\u00f1os despu\u00e9s, los habitantes de Danford se han cansado de ser avasallados por los vaivenes de su maldita ciudad y est\u00e1n dispuestos a hacer lo que sea para encontrar la paz que ans\u00edan. Nada les va a parar. Nadie les va a frenar.<\/p>\n<p>Quieren su \u00abfelices para siempre\u00bb. A cualquier precio.<\/p>\n<p>Comienza la batalla final.<\/p>\n","protected":false},"excerpt":{"rendered":"<p><strong>ISBN<\/strong>: 978-84-1181-148-4<\/p>\n<p>&nbsp;<\/p>\n<p><strong>SINOPSIS<\/strong><\/p>\n<p>Un coche destrozado bajo la nieve. Un beb\u00e9 que llora abandonado.\u00a0Llamas que devoran a una pareja enamorada.\u00a0Una mujer desplomada en una playa blanquecina. Un hospital que recibe una vida que vuelve. El mismo hospital que sentencia otra vida injustamente. Una mujer encerrada en la oscuridad.<\/p>\n<p>El invierno de 2007 dej\u00f3 en Danford un amasijo de vidas pendientes de varios hilos mortuorios. La nieve sepult\u00f3 aquella peque\u00f1a ciudad en un halo de horror y desesperaci\u00f3n, haci\u00e9ndola invisible para el resto del mundo.<\/p>\n<p>Pero diez a\u00f1os despu\u00e9s, los habitantes de Danford se han cansado de ser avasallados por los vaivenes de su maldita ciudad y est\u00e1n dispuestos a hacer lo que sea para encontrar la paz que ans\u00edan. Nada les va a parar. Nadie les va a frenar.<\/p>\n<p>Quieren su \u00abfelices para siempre\u00bb. A cualquier precio.<\/p>\n<p>Comienza la batalla final.<\/p>\n","protected":false},"featured_media":99235,"comment_status":"closed","ping_status":"closed","template":"","meta":{"_acf_changed":false},"libro":[],"product_brand":[],"product_cat":[51],"product_tag":[],"class_list":{"0":"post-99234","1":"product","2":"type-product","3":"status-publish","4":"has-post-thumbnail","6":"product_cat-novela-negra","8":"first","9":"instock","10":"product-type-simple"},"acf":{"autor":[77595],"enlace_de_compra":"https:\/\/www.paypal.com\/cgi-bin\/webscr?cmd=_s-xclick&hosted_button_id=M85PDY3F3UYT4"},"yoast_head":"<!-- This site is optimized with the Yoast SEO plugin v27.4 - https:\/\/yoast.com\/product\/yoast-seo-wordpress\/ -->\n<title>El secreto de Danford - Catalogo | Letrame Grupo Editorial<\/title>\n<meta name=\"robots\" content=\"index, follow, max-snippet:-1, max-image-preview:large, max-video-preview:-1\" \/>\n<link rel=\"canonical\" href=\"https:\/\/letrame.com\/catalogo\/producto\/el-secreto-de-danford\/\" \/>\n<meta property=\"og:locale\" content=\"es_ES\" \/>\n<meta property=\"og:type\" content=\"article\" \/>\n<meta property=\"og:title\" content=\"El secreto de Danford - Catalogo | Letrame Grupo Editorial\" \/>\n<meta property=\"og:description\" content=\"ISBN: 978-84-1181-148-4  &nbsp;  SINOPSIS  Un coche destrozado bajo la nieve. Un beb\u00e9 que llora abandonado.\u00a0Llamas que devoran a una pareja enamorada.\u00a0Una mujer desplomada en una playa blanquecina. Un hospital que recibe una vida que vuelve. El mismo hospital que sentencia otra vida injustamente. Una mujer encerrada en la oscuridad.  El invierno de 2007 dej\u00f3 en Danford un amasijo de vidas pendientes de varios hilos mortuorios. La nieve sepult\u00f3 aquella peque\u00f1a ciudad en un halo de horror y desesperaci\u00f3n, haci\u00e9ndola invisible para el resto del mundo.  Pero diez a\u00f1os despu\u00e9s, los habitantes de Danford se han cansado de ser avasallados por los vaivenes de su maldita ciudad y est\u00e1n dispuestos a hacer lo que sea para encontrar la paz que ans\u00edan. Nada les va a parar. Nadie les va a frenar.  Quieren su \u00abfelices para siempre\u00bb. A cualquier precio.  Comienza la batalla final.\" \/>\n<meta property=\"og:url\" content=\"https:\/\/letrame.com\/catalogo\/producto\/el-secreto-de-danford\/\" \/>\n<meta property=\"og:site_name\" content=\"Catalogo | Letrame Grupo Editorial\" \/>\n<meta property=\"article:modified_time\" content=\"2024-07-31T09:29:24+00:00\" \/>\n<meta property=\"og:image\" content=\"https:\/\/letrame.com\/catalogo\/wp-content\/uploads\/2024\/04\/web_elsecretode_2736mm-compressed-scaled-1.jpg\" \/>\n\t<meta property=\"og:image:width\" content=\"1715\" \/>\n\t<meta property=\"og:image:height\" content=\"2560\" \/>\n\t<meta property=\"og:image:type\" content=\"image\/jpeg\" \/>\n<meta name=\"twitter:card\" content=\"summary_large_image\" \/>\n<meta name=\"twitter:label1\" content=\"Tiempo de lectura\" \/>\n\t<meta name=\"twitter:data1\" content=\"1 minuto\" \/>\n<script type=\"application\/ld+json\" class=\"yoast-schema-graph\">{\"@context\":\"https:\\\/\\\/schema.org\",\"@graph\":[{\"@type\":\"WebPage\",\"@id\":\"https:\\\/\\\/letrame.com\\\/catalogo\\\/producto\\\/el-secreto-de-danford\\\/\",\"url\":\"https:\\\/\\\/letrame.com\\\/catalogo\\\/producto\\\/el-secreto-de-danford\\\/\",\"name\":\"El secreto de Danford - Catalogo | Letrame Grupo Editorial\",\"isPartOf\":{\"@id\":\"https:\\\/\\\/letrame.com\\\/catalogo\\\/#website\"},\"primaryImageOfPage\":{\"@id\":\"https:\\\/\\\/letrame.com\\\/catalogo\\\/producto\\\/el-secreto-de-danford\\\/#primaryimage\"},\"image\":{\"@id\":\"https:\\\/\\\/letrame.com\\\/catalogo\\\/producto\\\/el-secreto-de-danford\\\/#primaryimage\"},\"thumbnailUrl\":\"https:\\\/\\\/letrame.com\\\/catalogo\\\/wp-content\\\/uploads\\\/2024\\\/04\\\/web_elsecretode_2736mm-compressed-scaled-1.jpg\",\"datePublished\":\"2024-04-29T14:00:52+00:00\",\"dateModified\":\"2024-07-31T09:29:24+00:00\",\"breadcrumb\":{\"@id\":\"https:\\\/\\\/letrame.com\\\/catalogo\\\/producto\\\/el-secreto-de-danford\\\/#breadcrumb\"},\"inLanguage\":\"es\",\"potentialAction\":[{\"@type\":\"ReadAction\",\"target\":[\"https:\\\/\\\/letrame.com\\\/catalogo\\\/producto\\\/el-secreto-de-danford\\\/\"]}]},{\"@type\":\"ImageObject\",\"inLanguage\":\"es\",\"@id\":\"https:\\\/\\\/letrame.com\\\/catalogo\\\/producto\\\/el-secreto-de-danford\\\/#primaryimage\",\"url\":\"https:\\\/\\\/letrame.com\\\/catalogo\\\/wp-content\\\/uploads\\\/2024\\\/04\\\/web_elsecretode_2736mm-compressed-scaled-1.jpg\",\"contentUrl\":\"https:\\\/\\\/letrame.com\\\/catalogo\\\/wp-content\\\/uploads\\\/2024\\\/04\\\/web_elsecretode_2736mm-compressed-scaled-1.jpg\",\"width\":1715,\"height\":2560},{\"@type\":\"BreadcrumbList\",\"@id\":\"https:\\\/\\\/letrame.com\\\/catalogo\\\/producto\\\/el-secreto-de-danford\\\/#breadcrumb\",\"itemListElement\":[{\"@type\":\"ListItem\",\"position\":1,\"name\":\"Portada\",\"item\":\"https:\\\/\\\/letrame.com\\\/catalogo\\\/\"},{\"@type\":\"ListItem\",\"position\":2,\"name\":\"Cat\u00e1logo\",\"item\":\"https:\\\/\\\/letrame.com\\\/catalogo\\\/\"},{\"@type\":\"ListItem\",\"position\":3,\"name\":\"El secreto de Danford\"}]},{\"@type\":\"WebSite\",\"@id\":\"https:\\\/\\\/letrame.com\\\/catalogo\\\/#website\",\"url\":\"https:\\\/\\\/letrame.com\\\/catalogo\\\/\",\"name\":\"Catalogo | Letrame Grupo Editorial\",\"description\":\"\",\"publisher\":{\"@id\":\"https:\\\/\\\/letrame.com\\\/catalogo\\\/#organization\"},\"potentialAction\":[{\"@type\":\"SearchAction\",\"target\":{\"@type\":\"EntryPoint\",\"urlTemplate\":\"https:\\\/\\\/letrame.com\\\/catalogo\\\/?s={search_term_string}\"},\"query-input\":{\"@type\":\"PropertyValueSpecification\",\"valueRequired\":true,\"valueName\":\"search_term_string\"}}],\"inLanguage\":\"es\"},{\"@type\":\"Organization\",\"@id\":\"https:\\\/\\\/letrame.com\\\/catalogo\\\/#organization\",\"name\":\"Catalogo | Letrame Grupo Editorial\",\"url\":\"https:\\\/\\\/letrame.com\\\/catalogo\\\/\",\"logo\":{\"@type\":\"ImageObject\",\"inLanguage\":\"es\",\"@id\":\"https:\\\/\\\/letrame.com\\\/catalogo\\\/#\\\/schema\\\/logo\\\/image\\\/\",\"url\":\"https:\\\/\\\/letrame.com\\\/catalogo\\\/wp-content\\\/uploads\\\/2024\\\/03\\\/logo2.webp\",\"contentUrl\":\"https:\\\/\\\/letrame.com\\\/catalogo\\\/wp-content\\\/uploads\\\/2024\\\/03\\\/logo2.webp\",\"width\":394,\"height\":128,\"caption\":\"Catalogo | Letrame Grupo Editorial\"},\"image\":{\"@id\":\"https:\\\/\\\/letrame.com\\\/catalogo\\\/#\\\/schema\\\/logo\\\/image\\\/\"}}]}<\/script>\n<!-- \/ Yoast SEO plugin. -->","yoast_head_json":{"title":"El secreto de Danford - Catalogo | Letrame Grupo Editorial","robots":{"index":"index","follow":"follow","max-snippet":"max-snippet:-1","max-image-preview":"max-image-preview:large","max-video-preview":"max-video-preview:-1"},"canonical":"https:\/\/letrame.com\/catalogo\/producto\/el-secreto-de-danford\/","og_locale":"es_ES","og_type":"article","og_title":"El secreto de Danford - Catalogo | Letrame Grupo Editorial","og_description":"ISBN: 978-84-1181-148-4  &nbsp;  SINOPSIS  Un coche destrozado bajo la nieve. Un beb\u00e9 que llora abandonado.\u00a0Llamas que devoran a una pareja enamorada.\u00a0Una mujer desplomada en una playa blanquecina. Un hospital que recibe una vida que vuelve. El mismo hospital que sentencia otra vida injustamente. Una mujer encerrada en la oscuridad.  El invierno de 2007 dej\u00f3 en Danford un amasijo de vidas pendientes de varios hilos mortuorios. La nieve sepult\u00f3 aquella peque\u00f1a ciudad en un halo de horror y desesperaci\u00f3n, haci\u00e9ndola invisible para el resto del mundo.  Pero diez a\u00f1os despu\u00e9s, los habitantes de Danford se han cansado de ser avasallados por los vaivenes de su maldita ciudad y est\u00e1n dispuestos a hacer lo que sea para encontrar la paz que ans\u00edan. Nada les va a parar. Nadie les va a frenar.  Quieren su \u00abfelices para siempre\u00bb. A cualquier precio.  Comienza la batalla final.","og_url":"https:\/\/letrame.com\/catalogo\/producto\/el-secreto-de-danford\/","og_site_name":"Catalogo | Letrame Grupo Editorial","article_modified_time":"2024-07-31T09:29:24+00:00","og_image":[{"width":1715,"height":2560,"url":"https:\/\/letrame.com\/catalogo\/wp-content\/uploads\/2024\/04\/web_elsecretode_2736mm-compressed-scaled-1.jpg","type":"image\/jpeg"}],"twitter_card":"summary_large_image","twitter_misc":{"Tiempo de lectura":"1 minuto"},"schema":{"@context":"https:\/\/schema.org","@graph":[{"@type":"WebPage","@id":"https:\/\/letrame.com\/catalogo\/producto\/el-secreto-de-danford\/","url":"https:\/\/letrame.com\/catalogo\/producto\/el-secreto-de-danford\/","name":"El secreto de Danford - Catalogo | Letrame Grupo Editorial","isPartOf":{"@id":"https:\/\/letrame.com\/catalogo\/#website"},"primaryImageOfPage":{"@id":"https:\/\/letrame.com\/catalogo\/producto\/el-secreto-de-danford\/#primaryimage"},"image":{"@id":"https:\/\/letrame.com\/catalogo\/producto\/el-secreto-de-danford\/#primaryimage"},"thumbnailUrl":"https:\/\/letrame.com\/catalogo\/wp-content\/uploads\/2024\/04\/web_elsecretode_2736mm-compressed-scaled-1.jpg","datePublished":"2024-04-29T14:00:52+00:00","dateModified":"2024-07-31T09:29:24+00:00","breadcrumb":{"@id":"https:\/\/letrame.com\/catalogo\/producto\/el-secreto-de-danford\/#breadcrumb"},"inLanguage":"es","potentialAction":[{"@type":"ReadAction","target":["https:\/\/letrame.com\/catalogo\/producto\/el-secreto-de-danford\/"]}]},{"@type":"ImageObject","inLanguage":"es","@id":"https:\/\/letrame.com\/catalogo\/producto\/el-secreto-de-danford\/#primaryimage","url":"https:\/\/letrame.com\/catalogo\/wp-content\/uploads\/2024\/04\/web_elsecretode_2736mm-compressed-scaled-1.jpg","contentUrl":"https:\/\/letrame.com\/catalogo\/wp-content\/uploads\/2024\/04\/web_elsecretode_2736mm-compressed-scaled-1.jpg","width":1715,"height":2560},{"@type":"BreadcrumbList","@id":"https:\/\/letrame.com\/catalogo\/producto\/el-secreto-de-danford\/#breadcrumb","itemListElement":[{"@type":"ListItem","position":1,"name":"Portada","item":"https:\/\/letrame.com\/catalogo\/"},{"@type":"ListItem","position":2,"name":"Cat\u00e1logo","item":"https:\/\/letrame.com\/catalogo\/"},{"@type":"ListItem","position":3,"name":"El secreto de Danford"}]},{"@type":"WebSite","@id":"https:\/\/letrame.com\/catalogo\/#website","url":"https:\/\/letrame.com\/catalogo\/","name":"Catalogo | Letrame Grupo Editorial","description":"","publisher":{"@id":"https:\/\/letrame.com\/catalogo\/#organization"},"potentialAction":[{"@type":"SearchAction","target":{"@type":"EntryPoint","urlTemplate":"https:\/\/letrame.com\/catalogo\/?s={search_term_string}"},"query-input":{"@type":"PropertyValueSpecification","valueRequired":true,"valueName":"search_term_string"}}],"inLanguage":"es"},{"@type":"Organization","@id":"https:\/\/letrame.com\/catalogo\/#organization","name":"Catalogo | Letrame Grupo Editorial","url":"https:\/\/letrame.com\/catalogo\/","logo":{"@type":"ImageObject","inLanguage":"es","@id":"https:\/\/letrame.com\/catalogo\/#\/schema\/logo\/image\/","url":"https:\/\/letrame.com\/catalogo\/wp-content\/uploads\/2024\/03\/logo2.webp","contentUrl":"https:\/\/letrame.com\/catalogo\/wp-content\/uploads\/2024\/03\/logo2.webp","width":394,"height":128,"caption":"Catalogo | Letrame Grupo Editorial"},"image":{"@id":"https:\/\/letrame.com\/catalogo\/#\/schema\/logo\/image\/"}}]}},"_links":{"self":[{"href":"https:\/\/letrame.com\/catalogo\/wp-json\/wp\/v2\/product\/99234","targetHints":{"allow":["GET"]}}],"collection":[{"href":"https:\/\/letrame.com\/catalogo\/wp-json\/wp\/v2\/product"}],"about":[{"href":"https:\/\/letrame.com\/catalogo\/wp-json\/wp\/v2\/types\/product"}],"replies":[{"embeddable":true,"href":"https:\/\/letrame.com\/catalogo\/wp-json\/wp\/v2\/comments?post=99234"}],"acf:post":[{"embeddable":true,"href":"https:\/\/letrame.com\/catalogo\/wp-json\/wp\/v2\/author_book\/77595"}],"wp:featuredmedia":[{"embeddable":true,"href":"https:\/\/letrame.com\/catalogo\/wp-json\/wp\/v2\/media\/99235"}],"wp:attachment":[{"href":"https:\/\/letrame.com\/catalogo\/wp-json\/wp\/v2\/media?parent=99234"}],"wp:term":[{"taxonomy":"libro","embeddable":true,"href":"https:\/\/letrame.com\/catalogo\/wp-json\/wp\/v2\/libro?post=99234"},{"taxonomy":"product_brand","embeddable":true,"href":"https:\/\/letrame.com\/catalogo\/wp-json\/wp\/v2\/product_brand?post=99234"},{"taxonomy":"product_cat","embeddable":true,"href":"https:\/\/letrame.com\/catalogo\/wp-json\/wp\/v2\/product_cat?post=99234"},{"taxonomy":"product_tag","embeddable":true,"href":"https:\/\/letrame.com\/catalogo\/wp-json\/wp\/v2\/product_tag?post=99234"}],"curies":[{"name":"wp","href":"https:\/\/api.w.org\/{rel}","templated":true}]}}