{"id":99230,"date":"2024-04-29T16:00:21","date_gmt":"2024-04-29T14:00:21","guid":{"rendered":"https:\/\/letrame.com\/catalogo\/producto\/trazos-de-una-vida-obra-completa\/"},"modified":"2024-07-31T11:33:25","modified_gmt":"2024-07-31T09:33:25","slug":"trazos-de-una-vida-obra-completa","status":"publish","type":"product","link":"https:\/\/letrame.com\/catalogo\/producto\/trazos-de-una-vida-obra-completa\/","title":{"rendered":"Trazos de una vida (Obra completa)"},"content":{"rendered":"<p><strong>ISBN<\/strong>: 978-84-1181-305-1<\/p>\n<p><strong>T\u00edtulo<\/strong>: Trazos de una vida (Obra completa)<br \/>\n<strong>Fecha<\/strong>: 2023<br \/>\n<strong>P\u00e1ginas<\/strong>: 236<\/p>\n<p><strong>SINOPSIS<\/strong><\/p>\n<p>En mi incre\u00edble y apasionante viaje a trav\u00e9s de la vida me he enfrentado a momentos muy dif\u00edciles, a verdaderos retos y gracias a ellos, fui descubriendo mi verdadera personalidad y mi capacidad para lograr soluciones, comenzando a experimentar y a vivir experiencias as\u00ed como la evoluci\u00f3n de mi propio crecimiento personal, contribuyendo a desarrollar mi destino de una forma muy interesante, y hoy la ofrezco con toda mi buena voluntad para que sea conocida.<\/p>\n<p>De la adversidad al triunfo podr\u00eda decir, es una historia fascinante que nos ense\u00f1a que, con determinaci\u00f3n y perseverancia, cualquier obst\u00e1culo puede superarse, es cuesti\u00f3n de integraci\u00f3n total a la misi\u00f3n que en cada momento nos presente la vida.<\/p>\n<p>Esta biograf\u00eda nos invita a reflexionar sobre nuestras propias vidas y nos inspira a alcanzar nuestras metas, sin importar cu\u00e1n imposibles parezcan.<\/p>\n<p>Nos sirve como recordatorio de que todos somos capaces de escribir nuestra propia historia y de que, incluso en los momentos m\u00e1s oscuros, siempre hay una luz de esperanza que nos gu\u00eda hacia el \u00e9xito.<\/p>\n<p>Jos\u00e9 Antonio Garc\u00eda<\/p>\n","protected":false},"excerpt":{"rendered":"<p><strong>ISBN<\/strong>: 978-84-1181-305-1<\/p>\n<p><strong>SINOPSIS<\/strong><\/p>\n<p>En mi incre\u00edble y apasionante viaje a trav\u00e9s de la vida me he enfrentado a momentos muy dif\u00edciles, a verdaderos retos y gracias a ellos, fui descubriendo mi verdadera personalidad y mi capacidad para lograr soluciones, comenzando a experimentar y a vivir experiencias as\u00ed como la evoluci\u00f3n de mi propio crecimiento personal, contribuyendo a desarrollar mi destino de una forma muy interesante, y hoy la ofrezco con toda mi buena voluntad para que sea conocida.<\/p>\n<p>De la adversidad al triunfo podr\u00eda decir, es una historia fascinante que nos ense\u00f1a que, con determinaci\u00f3n y perseverancia, cualquier obst\u00e1culo puede superarse, es cuesti\u00f3n de integraci\u00f3n total a la misi\u00f3n que en cada momento nos presente la vida.<\/p>\n<p>Esta biograf\u00eda nos invita a reflexionar sobre nuestras propias vidas y nos inspira a alcanzar nuestras metas, sin importar cu\u00e1n imposibles parezcan.<\/p>\n<p>Nos sirve como recordatorio de que todos somos capaces de escribir nuestra propia historia y de que, incluso en los momentos m\u00e1s oscuros, siempre hay una luz de esperanza que nos gu\u00eda hacia el \u00e9xito.<\/p>\n<p>Jos\u00e9 Antonio Garc\u00eda<\/p>\n","protected":false},"featured_media":99231,"comment_status":"closed","ping_status":"closed","template":"","meta":{"_acf_changed":false},"libro":[],"product_brand":[],"product_cat":[26],"product_tag":[],"class_list":{"0":"post-99230","1":"product","2":"type-product","3":"status-publish","4":"has-post-thumbnail","6":"product_cat-sin-categoria","8":"first","9":"instock","10":"product-type-simple"},"acf":{"autor":[77591],"enlace_de_compra":""},"yoast_head":"<!-- This site is optimized with the Yoast SEO plugin v27.4 - https:\/\/yoast.com\/product\/yoast-seo-wordpress\/ -->\n<title>Trazos de una vida (Obra completa) - Catalogo | Letrame Grupo Editorial<\/title>\n<meta name=\"robots\" content=\"index, follow, max-snippet:-1, max-image-preview:large, max-video-preview:-1\" \/>\n<link rel=\"canonical\" href=\"https:\/\/letrame.com\/catalogo\/producto\/trazos-de-una-vida-obra-completa\/\" \/>\n<meta property=\"og:locale\" content=\"es_ES\" \/>\n<meta property=\"og:type\" content=\"article\" \/>\n<meta property=\"og:title\" content=\"Trazos de una vida (Obra completa) - Catalogo | Letrame Grupo Editorial\" \/>\n<meta property=\"og:description\" content=\"ISBN: 978-84-1181-305-1  SINOPSIS  En mi incre\u00edble y apasionante viaje a trav\u00e9s de la vida me he enfrentado a momentos muy dif\u00edciles, a verdaderos retos y gracias a ellos, fui descubriendo mi verdadera personalidad y mi capacidad para lograr soluciones, comenzando a experimentar y a vivir experiencias as\u00ed como la evoluci\u00f3n de mi propio crecimiento personal, contribuyendo a desarrollar mi destino de una forma muy interesante, y hoy la ofrezco con toda mi buena voluntad para que sea conocida.  De la adversidad al triunfo podr\u00eda decir, es una historia fascinante que nos ense\u00f1a que, con determinaci\u00f3n y perseverancia, cualquier obst\u00e1culo puede superarse, es cuesti\u00f3n de integraci\u00f3n total a la misi\u00f3n que en cada momento nos presente la vida.  Esta biograf\u00eda nos invita a reflexionar sobre nuestras propias vidas y nos inspira a alcanzar nuestras metas, sin importar cu\u00e1n imposibles parezcan.  Nos sirve como recordatorio de que todos somos capaces de escribir nuestra propia historia y de que, incluso en los momentos m\u00e1s oscuros, siempre hay una luz de esperanza que nos gu\u00eda hacia el \u00e9xito.  Jos\u00e9 Antonio Garc\u00eda\" \/>\n<meta property=\"og:url\" content=\"https:\/\/letrame.com\/catalogo\/producto\/trazos-de-una-vida-obra-completa\/\" \/>\n<meta property=\"og:site_name\" content=\"Catalogo | Letrame Grupo Editorial\" \/>\n<meta property=\"article:modified_time\" content=\"2024-07-31T09:33:25+00:00\" \/>\n<meta property=\"og:image\" content=\"https:\/\/letrame.com\/catalogo\/wp-content\/uploads\/2024\/04\/web_trazosdeunavida_-compressed-scaled-1.jpg\" \/>\n\t<meta property=\"og:image:width\" content=\"1746\" \/>\n\t<meta property=\"og:image:height\" content=\"2560\" \/>\n\t<meta property=\"og:image:type\" content=\"image\/jpeg\" \/>\n<meta name=\"twitter:card\" content=\"summary_large_image\" \/>\n<meta name=\"twitter:label1\" content=\"Tiempo de lectura\" \/>\n\t<meta name=\"twitter:data1\" content=\"2 minutos\" \/>\n<script type=\"application\/ld+json\" class=\"yoast-schema-graph\">{\"@context\":\"https:\\\/\\\/schema.org\",\"@graph\":[{\"@type\":\"WebPage\",\"@id\":\"https:\\\/\\\/letrame.com\\\/catalogo\\\/producto\\\/trazos-de-una-vida-obra-completa\\\/\",\"url\":\"https:\\\/\\\/letrame.com\\\/catalogo\\\/producto\\\/trazos-de-una-vida-obra-completa\\\/\",\"name\":\"Trazos de una vida (Obra completa) - Catalogo | Letrame Grupo Editorial\",\"isPartOf\":{\"@id\":\"https:\\\/\\\/letrame.com\\\/catalogo\\\/#website\"},\"primaryImageOfPage\":{\"@id\":\"https:\\\/\\\/letrame.com\\\/catalogo\\\/producto\\\/trazos-de-una-vida-obra-completa\\\/#primaryimage\"},\"image\":{\"@id\":\"https:\\\/\\\/letrame.com\\\/catalogo\\\/producto\\\/trazos-de-una-vida-obra-completa\\\/#primaryimage\"},\"thumbnailUrl\":\"https:\\\/\\\/letrame.com\\\/catalogo\\\/wp-content\\\/uploads\\\/2024\\\/04\\\/web_trazosdeunavida_-compressed-scaled-1.jpg\",\"datePublished\":\"2024-04-29T14:00:21+00:00\",\"dateModified\":\"2024-07-31T09:33:25+00:00\",\"breadcrumb\":{\"@id\":\"https:\\\/\\\/letrame.com\\\/catalogo\\\/producto\\\/trazos-de-una-vida-obra-completa\\\/#breadcrumb\"},\"inLanguage\":\"es\",\"potentialAction\":[{\"@type\":\"ReadAction\",\"target\":[\"https:\\\/\\\/letrame.com\\\/catalogo\\\/producto\\\/trazos-de-una-vida-obra-completa\\\/\"]}]},{\"@type\":\"ImageObject\",\"inLanguage\":\"es\",\"@id\":\"https:\\\/\\\/letrame.com\\\/catalogo\\\/producto\\\/trazos-de-una-vida-obra-completa\\\/#primaryimage\",\"url\":\"https:\\\/\\\/letrame.com\\\/catalogo\\\/wp-content\\\/uploads\\\/2024\\\/04\\\/web_trazosdeunavida_-compressed-scaled-1.jpg\",\"contentUrl\":\"https:\\\/\\\/letrame.com\\\/catalogo\\\/wp-content\\\/uploads\\\/2024\\\/04\\\/web_trazosdeunavida_-compressed-scaled-1.jpg\",\"width\":1746,\"height\":2560},{\"@type\":\"BreadcrumbList\",\"@id\":\"https:\\\/\\\/letrame.com\\\/catalogo\\\/producto\\\/trazos-de-una-vida-obra-completa\\\/#breadcrumb\",\"itemListElement\":[{\"@type\":\"ListItem\",\"position\":1,\"name\":\"Portada\",\"item\":\"https:\\\/\\\/letrame.com\\\/catalogo\\\/\"},{\"@type\":\"ListItem\",\"position\":2,\"name\":\"Cat\u00e1logo\",\"item\":\"https:\\\/\\\/letrame.com\\\/catalogo\\\/\"},{\"@type\":\"ListItem\",\"position\":3,\"name\":\"Trazos de una vida (Obra completa)\"}]},{\"@type\":\"WebSite\",\"@id\":\"https:\\\/\\\/letrame.com\\\/catalogo\\\/#website\",\"url\":\"https:\\\/\\\/letrame.com\\\/catalogo\\\/\",\"name\":\"Catalogo | Letrame Grupo Editorial\",\"description\":\"\",\"publisher\":{\"@id\":\"https:\\\/\\\/letrame.com\\\/catalogo\\\/#organization\"},\"potentialAction\":[{\"@type\":\"SearchAction\",\"target\":{\"@type\":\"EntryPoint\",\"urlTemplate\":\"https:\\\/\\\/letrame.com\\\/catalogo\\\/?s={search_term_string}\"},\"query-input\":{\"@type\":\"PropertyValueSpecification\",\"valueRequired\":true,\"valueName\":\"search_term_string\"}}],\"inLanguage\":\"es\"},{\"@type\":\"Organization\",\"@id\":\"https:\\\/\\\/letrame.com\\\/catalogo\\\/#organization\",\"name\":\"Catalogo | Letrame Grupo Editorial\",\"url\":\"https:\\\/\\\/letrame.com\\\/catalogo\\\/\",\"logo\":{\"@type\":\"ImageObject\",\"inLanguage\":\"es\",\"@id\":\"https:\\\/\\\/letrame.com\\\/catalogo\\\/#\\\/schema\\\/logo\\\/image\\\/\",\"url\":\"https:\\\/\\\/letrame.com\\\/catalogo\\\/wp-content\\\/uploads\\\/2024\\\/03\\\/logo2.webp\",\"contentUrl\":\"https:\\\/\\\/letrame.com\\\/catalogo\\\/wp-content\\\/uploads\\\/2024\\\/03\\\/logo2.webp\",\"width\":394,\"height\":128,\"caption\":\"Catalogo | Letrame Grupo Editorial\"},\"image\":{\"@id\":\"https:\\\/\\\/letrame.com\\\/catalogo\\\/#\\\/schema\\\/logo\\\/image\\\/\"}}]}<\/script>\n<!-- \/ Yoast SEO plugin. -->","yoast_head_json":{"title":"Trazos de una vida (Obra completa) - Catalogo | Letrame Grupo Editorial","robots":{"index":"index","follow":"follow","max-snippet":"max-snippet:-1","max-image-preview":"max-image-preview:large","max-video-preview":"max-video-preview:-1"},"canonical":"https:\/\/letrame.com\/catalogo\/producto\/trazos-de-una-vida-obra-completa\/","og_locale":"es_ES","og_type":"article","og_title":"Trazos de una vida (Obra completa) - Catalogo | Letrame Grupo Editorial","og_description":"ISBN: 978-84-1181-305-1  SINOPSIS  En mi incre\u00edble y apasionante viaje a trav\u00e9s de la vida me he enfrentado a momentos muy dif\u00edciles, a verdaderos retos y gracias a ellos, fui descubriendo mi verdadera personalidad y mi capacidad para lograr soluciones, comenzando a experimentar y a vivir experiencias as\u00ed como la evoluci\u00f3n de mi propio crecimiento personal, contribuyendo a desarrollar mi destino de una forma muy interesante, y hoy la ofrezco con toda mi buena voluntad para que sea conocida.  De la adversidad al triunfo podr\u00eda decir, es una historia fascinante que nos ense\u00f1a que, con determinaci\u00f3n y perseverancia, cualquier obst\u00e1culo puede superarse, es cuesti\u00f3n de integraci\u00f3n total a la misi\u00f3n que en cada momento nos presente la vida.  Esta biograf\u00eda nos invita a reflexionar sobre nuestras propias vidas y nos inspira a alcanzar nuestras metas, sin importar cu\u00e1n imposibles parezcan.  Nos sirve como recordatorio de que todos somos capaces de escribir nuestra propia historia y de que, incluso en los momentos m\u00e1s oscuros, siempre hay una luz de esperanza que nos gu\u00eda hacia el \u00e9xito.  Jos\u00e9 Antonio Garc\u00eda","og_url":"https:\/\/letrame.com\/catalogo\/producto\/trazos-de-una-vida-obra-completa\/","og_site_name":"Catalogo | Letrame Grupo Editorial","article_modified_time":"2024-07-31T09:33:25+00:00","og_image":[{"width":1746,"height":2560,"url":"https:\/\/letrame.com\/catalogo\/wp-content\/uploads\/2024\/04\/web_trazosdeunavida_-compressed-scaled-1.jpg","type":"image\/jpeg"}],"twitter_card":"summary_large_image","twitter_misc":{"Tiempo de lectura":"2 minutos"},"schema":{"@context":"https:\/\/schema.org","@graph":[{"@type":"WebPage","@id":"https:\/\/letrame.com\/catalogo\/producto\/trazos-de-una-vida-obra-completa\/","url":"https:\/\/letrame.com\/catalogo\/producto\/trazos-de-una-vida-obra-completa\/","name":"Trazos de una vida (Obra completa) - Catalogo | Letrame Grupo Editorial","isPartOf":{"@id":"https:\/\/letrame.com\/catalogo\/#website"},"primaryImageOfPage":{"@id":"https:\/\/letrame.com\/catalogo\/producto\/trazos-de-una-vida-obra-completa\/#primaryimage"},"image":{"@id":"https:\/\/letrame.com\/catalogo\/producto\/trazos-de-una-vida-obra-completa\/#primaryimage"},"thumbnailUrl":"https:\/\/letrame.com\/catalogo\/wp-content\/uploads\/2024\/04\/web_trazosdeunavida_-compressed-scaled-1.jpg","datePublished":"2024-04-29T14:00:21+00:00","dateModified":"2024-07-31T09:33:25+00:00","breadcrumb":{"@id":"https:\/\/letrame.com\/catalogo\/producto\/trazos-de-una-vida-obra-completa\/#breadcrumb"},"inLanguage":"es","potentialAction":[{"@type":"ReadAction","target":["https:\/\/letrame.com\/catalogo\/producto\/trazos-de-una-vida-obra-completa\/"]}]},{"@type":"ImageObject","inLanguage":"es","@id":"https:\/\/letrame.com\/catalogo\/producto\/trazos-de-una-vida-obra-completa\/#primaryimage","url":"https:\/\/letrame.com\/catalogo\/wp-content\/uploads\/2024\/04\/web_trazosdeunavida_-compressed-scaled-1.jpg","contentUrl":"https:\/\/letrame.com\/catalogo\/wp-content\/uploads\/2024\/04\/web_trazosdeunavida_-compressed-scaled-1.jpg","width":1746,"height":2560},{"@type":"BreadcrumbList","@id":"https:\/\/letrame.com\/catalogo\/producto\/trazos-de-una-vida-obra-completa\/#breadcrumb","itemListElement":[{"@type":"ListItem","position":1,"name":"Portada","item":"https:\/\/letrame.com\/catalogo\/"},{"@type":"ListItem","position":2,"name":"Cat\u00e1logo","item":"https:\/\/letrame.com\/catalogo\/"},{"@type":"ListItem","position":3,"name":"Trazos de una vida (Obra completa)"}]},{"@type":"WebSite","@id":"https:\/\/letrame.com\/catalogo\/#website","url":"https:\/\/letrame.com\/catalogo\/","name":"Catalogo | Letrame Grupo Editorial","description":"","publisher":{"@id":"https:\/\/letrame.com\/catalogo\/#organization"},"potentialAction":[{"@type":"SearchAction","target":{"@type":"EntryPoint","urlTemplate":"https:\/\/letrame.com\/catalogo\/?s={search_term_string}"},"query-input":{"@type":"PropertyValueSpecification","valueRequired":true,"valueName":"search_term_string"}}],"inLanguage":"es"},{"@type":"Organization","@id":"https:\/\/letrame.com\/catalogo\/#organization","name":"Catalogo | Letrame Grupo Editorial","url":"https:\/\/letrame.com\/catalogo\/","logo":{"@type":"ImageObject","inLanguage":"es","@id":"https:\/\/letrame.com\/catalogo\/#\/schema\/logo\/image\/","url":"https:\/\/letrame.com\/catalogo\/wp-content\/uploads\/2024\/03\/logo2.webp","contentUrl":"https:\/\/letrame.com\/catalogo\/wp-content\/uploads\/2024\/03\/logo2.webp","width":394,"height":128,"caption":"Catalogo | Letrame Grupo Editorial"},"image":{"@id":"https:\/\/letrame.com\/catalogo\/#\/schema\/logo\/image\/"}}]}},"_links":{"self":[{"href":"https:\/\/letrame.com\/catalogo\/wp-json\/wp\/v2\/product\/99230","targetHints":{"allow":["GET"]}}],"collection":[{"href":"https:\/\/letrame.com\/catalogo\/wp-json\/wp\/v2\/product"}],"about":[{"href":"https:\/\/letrame.com\/catalogo\/wp-json\/wp\/v2\/types\/product"}],"replies":[{"embeddable":true,"href":"https:\/\/letrame.com\/catalogo\/wp-json\/wp\/v2\/comments?post=99230"}],"acf:post":[{"embeddable":true,"href":"https:\/\/letrame.com\/catalogo\/wp-json\/wp\/v2\/author_book\/77591"}],"wp:featuredmedia":[{"embeddable":true,"href":"https:\/\/letrame.com\/catalogo\/wp-json\/wp\/v2\/media\/99231"}],"wp:attachment":[{"href":"https:\/\/letrame.com\/catalogo\/wp-json\/wp\/v2\/media?parent=99230"}],"wp:term":[{"taxonomy":"libro","embeddable":true,"href":"https:\/\/letrame.com\/catalogo\/wp-json\/wp\/v2\/libro?post=99230"},{"taxonomy":"product_brand","embeddable":true,"href":"https:\/\/letrame.com\/catalogo\/wp-json\/wp\/v2\/product_brand?post=99230"},{"taxonomy":"product_cat","embeddable":true,"href":"https:\/\/letrame.com\/catalogo\/wp-json\/wp\/v2\/product_cat?post=99230"},{"taxonomy":"product_tag","embeddable":true,"href":"https:\/\/letrame.com\/catalogo\/wp-json\/wp\/v2\/product_tag?post=99230"}],"curies":[{"name":"wp","href":"https:\/\/api.w.org\/{rel}","templated":true}]}}