{"id":99216,"date":"2024-04-29T15:59:02","date_gmt":"2024-04-29T13:59:02","guid":{"rendered":"https:\/\/letrame.com\/catalogo\/producto\/testimonios-azules\/"},"modified":"2024-07-31T11:37:52","modified_gmt":"2024-07-31T09:37:52","slug":"testimonios-azules","status":"publish","type":"product","link":"https:\/\/letrame.com\/catalogo\/producto\/testimonios-azules\/","title":{"rendered":"Testimonios Azules"},"content":{"rendered":"<p><strong>ISBN<\/strong>: 978-84-1181-036-4<\/p>\n<p><strong>T\u00edtulo<\/strong>: Testimonios Azules<br \/>\n<strong>Fecha<\/strong>: 2023<br \/>\n<strong>P\u00e1ginas<\/strong>: 710<\/p>\n<p><strong>SINOPSIS<\/strong><\/p>\n<p>40 entrevistas, m\u00e1s de 600 preguntas con sus correspondientes respuestas. Una documentada e interesante historia de los peri\u00f3dicos digitales elmunicipiotoledo \u2014 elmunicipio.es con sus intervenciones, opiniones, publicaciones relevantes y sus actos p\u00fablicos. Transcripci\u00f3n completa del debate que mantuvieron en elmunicipio.es Sigfredo Hillers, Enrique de Aguinaga y Jos\u00e9 Mar\u00eda Garc\u00eda de Tu\u00f1\u00f3n Aza, sobre el supuesto abrazo de Jos\u00e9 Antonio Primo de Rivera al presidente del tribunal que le conden\u00f3 a muerte. Carta de Sigfredo Hillers a Ceferino Maest\u00fa. Citas joseantonianas escogidas para el mejor conocimiento del pensamiento de Jos\u00e9 Antonio y de Falange Espa\u00f1ola.<\/p>\n<p>&nbsp;<\/p>\n<p>En diciembre de 1956 Rosa Chacel (escritora espa\u00f1ola de la generaci\u00f3n del 27 exiliada en Argentina) compr\u00f3 y ley\u00f3 las obras completas de Jos\u00e9 Antonio Primo de Rivera quedando impresionada de su contenido. M\u00e1s tarde dir\u00eda: \u00abDos cosas son incre\u00edbles; una, que todo eso haya podido pasarme inadvertido a m\u00ed, en Espa\u00f1a, y otra que Espa\u00f1a y el mundo hayan logrado ocultarlo tan bien. Porque no me extra\u00f1a que llegaran a matarle; estaba hecho para eso, y para que despu\u00e9s de muerto se haya hecho el silencio sobre su caso&#8230;\u00bb.<\/p>\n","protected":false},"excerpt":{"rendered":"<p><strong>ISBN<\/strong>: 978-84-1181-036-4<\/p>\n<p><strong>SINOPSIS<\/strong><\/p>\n<p>40 entrevistas, m\u00e1s de 600 preguntas con sus correspondientes respuestas. Una documentada e interesante historia de los peri\u00f3dicos digitales elmunicipiotoledo \u2014 elmunicipio.es con sus intervenciones, opiniones, publicaciones relevantes y sus actos p\u00fablicos. Transcripci\u00f3n completa del debate que mantuvieron en elmunicipio.es Sigfredo Hillers, Enrique de Aguinaga y Jos\u00e9 Mar\u00eda Garc\u00eda de Tu\u00f1\u00f3n Aza, sobre el supuesto abrazo de Jos\u00e9 Antonio Primo de Rivera al presidente del tribunal que le conden\u00f3 a muerte. Carta de Sigfredo Hillers a Ceferino Maest\u00fa. Citas joseantonianas escogidas para el mejor conocimiento del pensamiento de Jos\u00e9 Antonio y de Falange Espa\u00f1ola.<\/p>\n<p>&nbsp;<\/p>\n<p>En diciembre de 1956 Rosa Chacel (escritora espa\u00f1ola de la generaci\u00f3n del 27 exiliada en Argentina) compr\u00f3 y ley\u00f3 las obras completas de Jos\u00e9 Antonio Primo de Rivera quedando impresionada de su contenido. M\u00e1s tarde dir\u00eda: \u00abDos cosas son incre\u00edbles; una, que todo eso haya podido pasarme inadvertido a m\u00ed, en Espa\u00f1a, y otra que Espa\u00f1a y el mundo hayan logrado ocultarlo tan bien. Porque no me extra\u00f1a que llegaran a matarle; estaba hecho para eso, y para que despu\u00e9s de muerto se haya hecho el silencio sobre su caso&#8230;\u00bb.<\/p>\n","protected":false},"featured_media":99217,"comment_status":"closed","ping_status":"closed","template":"","meta":{"_acf_changed":false},"libro":[],"product_brand":[],"product_cat":[26],"product_tag":[],"class_list":{"0":"post-99216","1":"product","2":"type-product","3":"status-publish","4":"has-post-thumbnail","6":"product_cat-sin-categoria","8":"first","9":"instock","10":"product-type-simple"},"acf":{"autor":[77578],"enlace_de_compra":""},"yoast_head":"<!-- This site is optimized with the Yoast SEO plugin v27.4 - https:\/\/yoast.com\/product\/yoast-seo-wordpress\/ -->\n<title>Testimonios Azules - Catalogo | Letrame Grupo Editorial<\/title>\n<meta name=\"robots\" content=\"index, follow, max-snippet:-1, max-image-preview:large, max-video-preview:-1\" \/>\n<link rel=\"canonical\" href=\"https:\/\/letrame.com\/catalogo\/producto\/testimonios-azules\/\" \/>\n<meta property=\"og:locale\" content=\"es_ES\" \/>\n<meta property=\"og:type\" content=\"article\" \/>\n<meta property=\"og:title\" content=\"Testimonios Azules - Catalogo | Letrame Grupo Editorial\" \/>\n<meta property=\"og:description\" content=\"ISBN: 978-84-1181-036-4  SINOPSIS  40 entrevistas, m\u00e1s de 600 preguntas con sus correspondientes respuestas. Una documentada e interesante historia de los peri\u00f3dicos digitales elmunicipiotoledo \u2014 elmunicipio.es con sus intervenciones, opiniones, publicaciones relevantes y sus actos p\u00fablicos. Transcripci\u00f3n completa del debate que mantuvieron en elmunicipio.es Sigfredo Hillers, Enrique de Aguinaga y Jos\u00e9 Mar\u00eda Garc\u00eda de Tu\u00f1\u00f3n Aza, sobre el supuesto abrazo de Jos\u00e9 Antonio Primo de Rivera al presidente del tribunal que le conden\u00f3 a muerte. Carta de Sigfredo Hillers a Ceferino Maest\u00fa. Citas joseantonianas escogidas para el mejor conocimiento del pensamiento de Jos\u00e9 Antonio y de Falange Espa\u00f1ola.  &nbsp;  En diciembre de 1956 Rosa Chacel (escritora espa\u00f1ola de la generaci\u00f3n del 27 exiliada en Argentina) compr\u00f3 y ley\u00f3 las obras completas de Jos\u00e9 Antonio Primo de Rivera quedando impresionada de su contenido. M\u00e1s tarde dir\u00eda: \u00abDos cosas son incre\u00edbles; una, que todo eso haya podido pasarme inadvertido a m\u00ed, en Espa\u00f1a, y otra que Espa\u00f1a y el mundo hayan logrado ocultarlo tan bien. Porque no me extra\u00f1a que llegaran a matarle; estaba hecho para eso, y para que despu\u00e9s de muerto se haya hecho el silencio sobre su caso...\u00bb.\" \/>\n<meta property=\"og:url\" content=\"https:\/\/letrame.com\/catalogo\/producto\/testimonios-azules\/\" \/>\n<meta property=\"og:site_name\" content=\"Catalogo | Letrame Grupo Editorial\" \/>\n<meta property=\"article:modified_time\" content=\"2024-07-31T09:37:52+00:00\" \/>\n<meta property=\"og:image\" content=\"https:\/\/letrame.com\/catalogo\/wp-content\/uploads\/2024\/04\/webportada_testimoniosazules_3381mm-compressed-scaled-1.jpg\" \/>\n\t<meta property=\"og:image:width\" content=\"1813\" \/>\n\t<meta property=\"og:image:height\" content=\"2560\" \/>\n\t<meta property=\"og:image:type\" content=\"image\/jpeg\" \/>\n<meta name=\"twitter:card\" content=\"summary_large_image\" \/>\n<meta name=\"twitter:label1\" content=\"Tiempo de lectura\" \/>\n\t<meta name=\"twitter:data1\" content=\"2 minutos\" \/>\n<script type=\"application\/ld+json\" class=\"yoast-schema-graph\">{\"@context\":\"https:\\\/\\\/schema.org\",\"@graph\":[{\"@type\":\"WebPage\",\"@id\":\"https:\\\/\\\/letrame.com\\\/catalogo\\\/producto\\\/testimonios-azules\\\/\",\"url\":\"https:\\\/\\\/letrame.com\\\/catalogo\\\/producto\\\/testimonios-azules\\\/\",\"name\":\"Testimonios Azules - Catalogo | Letrame Grupo Editorial\",\"isPartOf\":{\"@id\":\"https:\\\/\\\/letrame.com\\\/catalogo\\\/#website\"},\"primaryImageOfPage\":{\"@id\":\"https:\\\/\\\/letrame.com\\\/catalogo\\\/producto\\\/testimonios-azules\\\/#primaryimage\"},\"image\":{\"@id\":\"https:\\\/\\\/letrame.com\\\/catalogo\\\/producto\\\/testimonios-azules\\\/#primaryimage\"},\"thumbnailUrl\":\"https:\\\/\\\/letrame.com\\\/catalogo\\\/wp-content\\\/uploads\\\/2024\\\/04\\\/webportada_testimoniosazules_3381mm-compressed-scaled-1.jpg\",\"datePublished\":\"2024-04-29T13:59:02+00:00\",\"dateModified\":\"2024-07-31T09:37:52+00:00\",\"breadcrumb\":{\"@id\":\"https:\\\/\\\/letrame.com\\\/catalogo\\\/producto\\\/testimonios-azules\\\/#breadcrumb\"},\"inLanguage\":\"es\",\"potentialAction\":[{\"@type\":\"ReadAction\",\"target\":[\"https:\\\/\\\/letrame.com\\\/catalogo\\\/producto\\\/testimonios-azules\\\/\"]}]},{\"@type\":\"ImageObject\",\"inLanguage\":\"es\",\"@id\":\"https:\\\/\\\/letrame.com\\\/catalogo\\\/producto\\\/testimonios-azules\\\/#primaryimage\",\"url\":\"https:\\\/\\\/letrame.com\\\/catalogo\\\/wp-content\\\/uploads\\\/2024\\\/04\\\/webportada_testimoniosazules_3381mm-compressed-scaled-1.jpg\",\"contentUrl\":\"https:\\\/\\\/letrame.com\\\/catalogo\\\/wp-content\\\/uploads\\\/2024\\\/04\\\/webportada_testimoniosazules_3381mm-compressed-scaled-1.jpg\",\"width\":1813,\"height\":2560},{\"@type\":\"BreadcrumbList\",\"@id\":\"https:\\\/\\\/letrame.com\\\/catalogo\\\/producto\\\/testimonios-azules\\\/#breadcrumb\",\"itemListElement\":[{\"@type\":\"ListItem\",\"position\":1,\"name\":\"Portada\",\"item\":\"https:\\\/\\\/letrame.com\\\/catalogo\\\/\"},{\"@type\":\"ListItem\",\"position\":2,\"name\":\"Cat\u00e1logo\",\"item\":\"https:\\\/\\\/letrame.com\\\/catalogo\\\/\"},{\"@type\":\"ListItem\",\"position\":3,\"name\":\"Testimonios Azules\"}]},{\"@type\":\"WebSite\",\"@id\":\"https:\\\/\\\/letrame.com\\\/catalogo\\\/#website\",\"url\":\"https:\\\/\\\/letrame.com\\\/catalogo\\\/\",\"name\":\"Catalogo | Letrame Grupo Editorial\",\"description\":\"\",\"publisher\":{\"@id\":\"https:\\\/\\\/letrame.com\\\/catalogo\\\/#organization\"},\"potentialAction\":[{\"@type\":\"SearchAction\",\"target\":{\"@type\":\"EntryPoint\",\"urlTemplate\":\"https:\\\/\\\/letrame.com\\\/catalogo\\\/?s={search_term_string}\"},\"query-input\":{\"@type\":\"PropertyValueSpecification\",\"valueRequired\":true,\"valueName\":\"search_term_string\"}}],\"inLanguage\":\"es\"},{\"@type\":\"Organization\",\"@id\":\"https:\\\/\\\/letrame.com\\\/catalogo\\\/#organization\",\"name\":\"Catalogo | Letrame Grupo Editorial\",\"url\":\"https:\\\/\\\/letrame.com\\\/catalogo\\\/\",\"logo\":{\"@type\":\"ImageObject\",\"inLanguage\":\"es\",\"@id\":\"https:\\\/\\\/letrame.com\\\/catalogo\\\/#\\\/schema\\\/logo\\\/image\\\/\",\"url\":\"https:\\\/\\\/letrame.com\\\/catalogo\\\/wp-content\\\/uploads\\\/2024\\\/03\\\/logo2.webp\",\"contentUrl\":\"https:\\\/\\\/letrame.com\\\/catalogo\\\/wp-content\\\/uploads\\\/2024\\\/03\\\/logo2.webp\",\"width\":394,\"height\":128,\"caption\":\"Catalogo | Letrame Grupo Editorial\"},\"image\":{\"@id\":\"https:\\\/\\\/letrame.com\\\/catalogo\\\/#\\\/schema\\\/logo\\\/image\\\/\"}}]}<\/script>\n<!-- \/ Yoast SEO plugin. -->","yoast_head_json":{"title":"Testimonios Azules - Catalogo | Letrame Grupo Editorial","robots":{"index":"index","follow":"follow","max-snippet":"max-snippet:-1","max-image-preview":"max-image-preview:large","max-video-preview":"max-video-preview:-1"},"canonical":"https:\/\/letrame.com\/catalogo\/producto\/testimonios-azules\/","og_locale":"es_ES","og_type":"article","og_title":"Testimonios Azules - Catalogo | Letrame Grupo Editorial","og_description":"ISBN: 978-84-1181-036-4  SINOPSIS  40 entrevistas, m\u00e1s de 600 preguntas con sus correspondientes respuestas. Una documentada e interesante historia de los peri\u00f3dicos digitales elmunicipiotoledo \u2014 elmunicipio.es con sus intervenciones, opiniones, publicaciones relevantes y sus actos p\u00fablicos. Transcripci\u00f3n completa del debate que mantuvieron en elmunicipio.es Sigfredo Hillers, Enrique de Aguinaga y Jos\u00e9 Mar\u00eda Garc\u00eda de Tu\u00f1\u00f3n Aza, sobre el supuesto abrazo de Jos\u00e9 Antonio Primo de Rivera al presidente del tribunal que le conden\u00f3 a muerte. Carta de Sigfredo Hillers a Ceferino Maest\u00fa. Citas joseantonianas escogidas para el mejor conocimiento del pensamiento de Jos\u00e9 Antonio y de Falange Espa\u00f1ola.  &nbsp;  En diciembre de 1956 Rosa Chacel (escritora espa\u00f1ola de la generaci\u00f3n del 27 exiliada en Argentina) compr\u00f3 y ley\u00f3 las obras completas de Jos\u00e9 Antonio Primo de Rivera quedando impresionada de su contenido. M\u00e1s tarde dir\u00eda: \u00abDos cosas son incre\u00edbles; una, que todo eso haya podido pasarme inadvertido a m\u00ed, en Espa\u00f1a, y otra que Espa\u00f1a y el mundo hayan logrado ocultarlo tan bien. Porque no me extra\u00f1a que llegaran a matarle; estaba hecho para eso, y para que despu\u00e9s de muerto se haya hecho el silencio sobre su caso...\u00bb.","og_url":"https:\/\/letrame.com\/catalogo\/producto\/testimonios-azules\/","og_site_name":"Catalogo | Letrame Grupo Editorial","article_modified_time":"2024-07-31T09:37:52+00:00","og_image":[{"width":1813,"height":2560,"url":"https:\/\/letrame.com\/catalogo\/wp-content\/uploads\/2024\/04\/webportada_testimoniosazules_3381mm-compressed-scaled-1.jpg","type":"image\/jpeg"}],"twitter_card":"summary_large_image","twitter_misc":{"Tiempo de lectura":"2 minutos"},"schema":{"@context":"https:\/\/schema.org","@graph":[{"@type":"WebPage","@id":"https:\/\/letrame.com\/catalogo\/producto\/testimonios-azules\/","url":"https:\/\/letrame.com\/catalogo\/producto\/testimonios-azules\/","name":"Testimonios Azules - Catalogo | Letrame Grupo Editorial","isPartOf":{"@id":"https:\/\/letrame.com\/catalogo\/#website"},"primaryImageOfPage":{"@id":"https:\/\/letrame.com\/catalogo\/producto\/testimonios-azules\/#primaryimage"},"image":{"@id":"https:\/\/letrame.com\/catalogo\/producto\/testimonios-azules\/#primaryimage"},"thumbnailUrl":"https:\/\/letrame.com\/catalogo\/wp-content\/uploads\/2024\/04\/webportada_testimoniosazules_3381mm-compressed-scaled-1.jpg","datePublished":"2024-04-29T13:59:02+00:00","dateModified":"2024-07-31T09:37:52+00:00","breadcrumb":{"@id":"https:\/\/letrame.com\/catalogo\/producto\/testimonios-azules\/#breadcrumb"},"inLanguage":"es","potentialAction":[{"@type":"ReadAction","target":["https:\/\/letrame.com\/catalogo\/producto\/testimonios-azules\/"]}]},{"@type":"ImageObject","inLanguage":"es","@id":"https:\/\/letrame.com\/catalogo\/producto\/testimonios-azules\/#primaryimage","url":"https:\/\/letrame.com\/catalogo\/wp-content\/uploads\/2024\/04\/webportada_testimoniosazules_3381mm-compressed-scaled-1.jpg","contentUrl":"https:\/\/letrame.com\/catalogo\/wp-content\/uploads\/2024\/04\/webportada_testimoniosazules_3381mm-compressed-scaled-1.jpg","width":1813,"height":2560},{"@type":"BreadcrumbList","@id":"https:\/\/letrame.com\/catalogo\/producto\/testimonios-azules\/#breadcrumb","itemListElement":[{"@type":"ListItem","position":1,"name":"Portada","item":"https:\/\/letrame.com\/catalogo\/"},{"@type":"ListItem","position":2,"name":"Cat\u00e1logo","item":"https:\/\/letrame.com\/catalogo\/"},{"@type":"ListItem","position":3,"name":"Testimonios Azules"}]},{"@type":"WebSite","@id":"https:\/\/letrame.com\/catalogo\/#website","url":"https:\/\/letrame.com\/catalogo\/","name":"Catalogo | Letrame Grupo Editorial","description":"","publisher":{"@id":"https:\/\/letrame.com\/catalogo\/#organization"},"potentialAction":[{"@type":"SearchAction","target":{"@type":"EntryPoint","urlTemplate":"https:\/\/letrame.com\/catalogo\/?s={search_term_string}"},"query-input":{"@type":"PropertyValueSpecification","valueRequired":true,"valueName":"search_term_string"}}],"inLanguage":"es"},{"@type":"Organization","@id":"https:\/\/letrame.com\/catalogo\/#organization","name":"Catalogo | Letrame Grupo Editorial","url":"https:\/\/letrame.com\/catalogo\/","logo":{"@type":"ImageObject","inLanguage":"es","@id":"https:\/\/letrame.com\/catalogo\/#\/schema\/logo\/image\/","url":"https:\/\/letrame.com\/catalogo\/wp-content\/uploads\/2024\/03\/logo2.webp","contentUrl":"https:\/\/letrame.com\/catalogo\/wp-content\/uploads\/2024\/03\/logo2.webp","width":394,"height":128,"caption":"Catalogo | Letrame Grupo Editorial"},"image":{"@id":"https:\/\/letrame.com\/catalogo\/#\/schema\/logo\/image\/"}}]}},"_links":{"self":[{"href":"https:\/\/letrame.com\/catalogo\/wp-json\/wp\/v2\/product\/99216","targetHints":{"allow":["GET"]}}],"collection":[{"href":"https:\/\/letrame.com\/catalogo\/wp-json\/wp\/v2\/product"}],"about":[{"href":"https:\/\/letrame.com\/catalogo\/wp-json\/wp\/v2\/types\/product"}],"replies":[{"embeddable":true,"href":"https:\/\/letrame.com\/catalogo\/wp-json\/wp\/v2\/comments?post=99216"}],"acf:post":[{"embeddable":true,"href":"https:\/\/letrame.com\/catalogo\/wp-json\/wp\/v2\/author_book\/77578"}],"wp:featuredmedia":[{"embeddable":true,"href":"https:\/\/letrame.com\/catalogo\/wp-json\/wp\/v2\/media\/99217"}],"wp:attachment":[{"href":"https:\/\/letrame.com\/catalogo\/wp-json\/wp\/v2\/media?parent=99216"}],"wp:term":[{"taxonomy":"libro","embeddable":true,"href":"https:\/\/letrame.com\/catalogo\/wp-json\/wp\/v2\/libro?post=99216"},{"taxonomy":"product_brand","embeddable":true,"href":"https:\/\/letrame.com\/catalogo\/wp-json\/wp\/v2\/product_brand?post=99216"},{"taxonomy":"product_cat","embeddable":true,"href":"https:\/\/letrame.com\/catalogo\/wp-json\/wp\/v2\/product_cat?post=99216"},{"taxonomy":"product_tag","embeddable":true,"href":"https:\/\/letrame.com\/catalogo\/wp-json\/wp\/v2\/product_tag?post=99216"}],"curies":[{"name":"wp","href":"https:\/\/api.w.org\/{rel}","templated":true}]}}