{"id":99211,"date":"2024-04-29T15:58:21","date_gmt":"2024-04-29T13:58:21","guid":{"rendered":"https:\/\/letrame.com\/catalogo\/producto\/relatos-escritos-desde-la-oscura-soledad\/"},"modified":"2024-07-31T11:45:42","modified_gmt":"2024-07-31T09:45:42","slug":"relatos-escritos-desde-la-oscura-soledad","status":"publish","type":"product","link":"https:\/\/letrame.com\/catalogo\/producto\/relatos-escritos-desde-la-oscura-soledad\/","title":{"rendered":"Relatos escritos desde la oscura soledad"},"content":{"rendered":"<p><strong>ISBN<\/strong>: 978-84-1181-221-4<\/p>\n<p><strong>T\u00edtulo<\/strong>: Relatos escritos desde la oscura soledad<br \/>\n<strong>Fecha<\/strong>: 2023<br \/>\n<strong>P\u00e1ginas<\/strong>: 128<\/p>\n<p><strong>SINOPSIS<\/strong><\/p>\n<p>\u00bfAlguna vez has sentido el vac\u00edo que nos deja un ser querido cuando se marcha?, \u00bfel vac\u00edo de tener que abandonar tus sue\u00f1os?, \u00bfhas sentido el gran vac\u00edo del amor cuando este se acaba?, \u00bfo el vac\u00edo de esperar una segunda oportunidad que jam\u00e1s llegar\u00e1?&#8230;<\/p>\n<p>Un vac\u00edo l\u00fagubre, solitario, oscuro.<\/p>\n<p><em>\u2014La oscuridad no es infinita. La soledad no siempre hace mal. Los humanos no siempre estamos solos\u2026<\/em><\/p>\n<p>Nadie sabe realmente qui\u00e9nes son las personas que habitan dentro de estas historias, pero sabemos que las situaciones en las que viven est\u00e1n situadas desde el oscuro vac\u00edo que la soledad dej\u00f3 en ellos.<\/p>\n<p>Una serie de 19 diferentes relatos que comparten una \u00fanica conexi\u00f3n: todos ellos son narrados desde la oscura soledad en el alma de aquel personaje que nos vienen a contar su historia.<\/p>\n<p>Ad\u00e9ntrate en el vac\u00edo de estas historias y descubre lo que les espera al final del camino, \u00bfte atreves a acompa\u00f1arlos?<\/p>\n","protected":false},"excerpt":{"rendered":"<p><strong>ISBN<\/strong>: 978-84-1181-221-4<\/p>\n<p><strong>SINOPSIS<\/strong><\/p>\n<p>\u00bfAlguna vez has sentido el vac\u00edo que nos deja un ser querido cuando se marcha?, \u00bfel vac\u00edo de tener que abandonar tus sue\u00f1os?, \u00bfhas sentido el gran vac\u00edo del amor cuando este se acaba?, \u00bfo el vac\u00edo de esperar una segunda oportunidad que jam\u00e1s llegar\u00e1?&#8230;<\/p>\n<p>Un vac\u00edo l\u00fagubre, solitario, oscuro.<\/p>\n<p><em>\u2014La oscuridad no es infinita. La soledad no siempre hace mal. Los humanos no siempre estamos solos\u2026<\/em><\/p>\n<p>Nadie sabe realmente qui\u00e9nes son las personas que habitan dentro de estas historias, pero sabemos que las situaciones en las que viven est\u00e1n situadas desde el oscuro vac\u00edo que la soledad dej\u00f3 en ellos.<\/p>\n<p>Una serie de 19 diferentes relatos que comparten una \u00fanica conexi\u00f3n: todos ellos son narrados desde la oscura soledad en el alma de aquel personaje que nos vienen a contar su historia.<\/p>\n<p>Ad\u00e9ntrate en el vac\u00edo de estas historias y descubre lo que les espera al final del camino, \u00bfte atreves a acompa\u00f1arlos?<\/p>\n","protected":false},"featured_media":99212,"comment_status":"closed","ping_status":"closed","template":"","meta":{"_acf_changed":false},"libro":[],"product_brand":[],"product_cat":[26],"product_tag":[],"class_list":{"0":"post-99211","1":"product","2":"type-product","3":"status-publish","4":"has-post-thumbnail","6":"product_cat-sin-categoria","8":"first","9":"instock","10":"product-type-simple"},"acf":{"autor":[77573],"enlace_de_compra":"https:\/\/amzn.to\/3Ypu64K"},"yoast_head":"<!-- This site is optimized with the Yoast SEO plugin v27.4 - https:\/\/yoast.com\/product\/yoast-seo-wordpress\/ -->\n<title>Relatos escritos desde la oscura soledad - Catalogo | Letrame Grupo Editorial<\/title>\n<meta name=\"robots\" content=\"index, follow, max-snippet:-1, max-image-preview:large, max-video-preview:-1\" \/>\n<link rel=\"canonical\" href=\"https:\/\/letrame.com\/catalogo\/producto\/relatos-escritos-desde-la-oscura-soledad\/\" \/>\n<meta property=\"og:locale\" content=\"es_ES\" \/>\n<meta property=\"og:type\" content=\"article\" \/>\n<meta property=\"og:title\" content=\"Relatos escritos desde la oscura soledad - Catalogo | Letrame Grupo Editorial\" \/>\n<meta property=\"og:description\" content=\"ISBN: 978-84-1181-221-4  SINOPSIS  \u00bfAlguna vez has sentido el vac\u00edo que nos deja un ser querido cuando se marcha?, \u00bfel vac\u00edo de tener que abandonar tus sue\u00f1os?, \u00bfhas sentido el gran vac\u00edo del amor cuando este se acaba?, \u00bfo el vac\u00edo de esperar una segunda oportunidad que jam\u00e1s llegar\u00e1?...  Un vac\u00edo l\u00fagubre, solitario, oscuro.  \u2014La oscuridad no es infinita. La soledad no siempre hace mal. Los humanos no siempre estamos solos\u2026  Nadie sabe realmente qui\u00e9nes son las personas que habitan dentro de estas historias, pero sabemos que las situaciones en las que viven est\u00e1n situadas desde el oscuro vac\u00edo que la soledad dej\u00f3 en ellos.  Una serie de 19 diferentes relatos que comparten una \u00fanica conexi\u00f3n: todos ellos son narrados desde la oscura soledad en el alma de aquel personaje que nos vienen a contar su historia.  Ad\u00e9ntrate en el vac\u00edo de estas historias y descubre lo que les espera al final del camino, \u00bfte atreves a acompa\u00f1arlos?\" \/>\n<meta property=\"og:url\" content=\"https:\/\/letrame.com\/catalogo\/producto\/relatos-escritos-desde-la-oscura-soledad\/\" \/>\n<meta property=\"og:site_name\" content=\"Catalogo | Letrame Grupo Editorial\" \/>\n<meta property=\"article:modified_time\" content=\"2024-07-31T09:45:42+00:00\" \/>\n<meta property=\"og:image\" content=\"https:\/\/letrame.com\/catalogo\/wp-content\/uploads\/2024\/04\/webportada_relatosescritos_7mm-copia-compressed.jpg\" \/>\n\t<meta property=\"og:image:width\" content=\"1772\" \/>\n\t<meta property=\"og:image:height\" content=\"2480\" \/>\n\t<meta property=\"og:image:type\" content=\"image\/jpeg\" \/>\n<meta name=\"twitter:card\" content=\"summary_large_image\" \/>\n<meta name=\"twitter:label1\" content=\"Tiempo de lectura\" \/>\n\t<meta name=\"twitter:data1\" content=\"1 minuto\" \/>\n<script type=\"application\/ld+json\" class=\"yoast-schema-graph\">{\"@context\":\"https:\\\/\\\/schema.org\",\"@graph\":[{\"@type\":\"WebPage\",\"@id\":\"https:\\\/\\\/letrame.com\\\/catalogo\\\/producto\\\/relatos-escritos-desde-la-oscura-soledad\\\/\",\"url\":\"https:\\\/\\\/letrame.com\\\/catalogo\\\/producto\\\/relatos-escritos-desde-la-oscura-soledad\\\/\",\"name\":\"Relatos escritos desde la oscura soledad - Catalogo | Letrame Grupo Editorial\",\"isPartOf\":{\"@id\":\"https:\\\/\\\/letrame.com\\\/catalogo\\\/#website\"},\"primaryImageOfPage\":{\"@id\":\"https:\\\/\\\/letrame.com\\\/catalogo\\\/producto\\\/relatos-escritos-desde-la-oscura-soledad\\\/#primaryimage\"},\"image\":{\"@id\":\"https:\\\/\\\/letrame.com\\\/catalogo\\\/producto\\\/relatos-escritos-desde-la-oscura-soledad\\\/#primaryimage\"},\"thumbnailUrl\":\"https:\\\/\\\/letrame.com\\\/catalogo\\\/wp-content\\\/uploads\\\/2024\\\/04\\\/webportada_relatosescritos_7mm-copia-compressed.jpg\",\"datePublished\":\"2024-04-29T13:58:21+00:00\",\"dateModified\":\"2024-07-31T09:45:42+00:00\",\"breadcrumb\":{\"@id\":\"https:\\\/\\\/letrame.com\\\/catalogo\\\/producto\\\/relatos-escritos-desde-la-oscura-soledad\\\/#breadcrumb\"},\"inLanguage\":\"es\",\"potentialAction\":[{\"@type\":\"ReadAction\",\"target\":[\"https:\\\/\\\/letrame.com\\\/catalogo\\\/producto\\\/relatos-escritos-desde-la-oscura-soledad\\\/\"]}]},{\"@type\":\"ImageObject\",\"inLanguage\":\"es\",\"@id\":\"https:\\\/\\\/letrame.com\\\/catalogo\\\/producto\\\/relatos-escritos-desde-la-oscura-soledad\\\/#primaryimage\",\"url\":\"https:\\\/\\\/letrame.com\\\/catalogo\\\/wp-content\\\/uploads\\\/2024\\\/04\\\/webportada_relatosescritos_7mm-copia-compressed.jpg\",\"contentUrl\":\"https:\\\/\\\/letrame.com\\\/catalogo\\\/wp-content\\\/uploads\\\/2024\\\/04\\\/webportada_relatosescritos_7mm-copia-compressed.jpg\",\"width\":1772,\"height\":2480},{\"@type\":\"BreadcrumbList\",\"@id\":\"https:\\\/\\\/letrame.com\\\/catalogo\\\/producto\\\/relatos-escritos-desde-la-oscura-soledad\\\/#breadcrumb\",\"itemListElement\":[{\"@type\":\"ListItem\",\"position\":1,\"name\":\"Portada\",\"item\":\"https:\\\/\\\/letrame.com\\\/catalogo\\\/\"},{\"@type\":\"ListItem\",\"position\":2,\"name\":\"Cat\u00e1logo\",\"item\":\"https:\\\/\\\/letrame.com\\\/catalogo\\\/\"},{\"@type\":\"ListItem\",\"position\":3,\"name\":\"Relatos escritos desde la oscura soledad\"}]},{\"@type\":\"WebSite\",\"@id\":\"https:\\\/\\\/letrame.com\\\/catalogo\\\/#website\",\"url\":\"https:\\\/\\\/letrame.com\\\/catalogo\\\/\",\"name\":\"Catalogo | Letrame Grupo Editorial\",\"description\":\"\",\"publisher\":{\"@id\":\"https:\\\/\\\/letrame.com\\\/catalogo\\\/#organization\"},\"potentialAction\":[{\"@type\":\"SearchAction\",\"target\":{\"@type\":\"EntryPoint\",\"urlTemplate\":\"https:\\\/\\\/letrame.com\\\/catalogo\\\/?s={search_term_string}\"},\"query-input\":{\"@type\":\"PropertyValueSpecification\",\"valueRequired\":true,\"valueName\":\"search_term_string\"}}],\"inLanguage\":\"es\"},{\"@type\":\"Organization\",\"@id\":\"https:\\\/\\\/letrame.com\\\/catalogo\\\/#organization\",\"name\":\"Catalogo | Letrame Grupo Editorial\",\"url\":\"https:\\\/\\\/letrame.com\\\/catalogo\\\/\",\"logo\":{\"@type\":\"ImageObject\",\"inLanguage\":\"es\",\"@id\":\"https:\\\/\\\/letrame.com\\\/catalogo\\\/#\\\/schema\\\/logo\\\/image\\\/\",\"url\":\"https:\\\/\\\/letrame.com\\\/catalogo\\\/wp-content\\\/uploads\\\/2024\\\/03\\\/logo2.webp\",\"contentUrl\":\"https:\\\/\\\/letrame.com\\\/catalogo\\\/wp-content\\\/uploads\\\/2024\\\/03\\\/logo2.webp\",\"width\":394,\"height\":128,\"caption\":\"Catalogo | Letrame Grupo Editorial\"},\"image\":{\"@id\":\"https:\\\/\\\/letrame.com\\\/catalogo\\\/#\\\/schema\\\/logo\\\/image\\\/\"}}]}<\/script>\n<!-- \/ Yoast SEO plugin. -->","yoast_head_json":{"title":"Relatos escritos desde la oscura soledad - Catalogo | Letrame Grupo Editorial","robots":{"index":"index","follow":"follow","max-snippet":"max-snippet:-1","max-image-preview":"max-image-preview:large","max-video-preview":"max-video-preview:-1"},"canonical":"https:\/\/letrame.com\/catalogo\/producto\/relatos-escritos-desde-la-oscura-soledad\/","og_locale":"es_ES","og_type":"article","og_title":"Relatos escritos desde la oscura soledad - Catalogo | Letrame Grupo Editorial","og_description":"ISBN: 978-84-1181-221-4  SINOPSIS  \u00bfAlguna vez has sentido el vac\u00edo que nos deja un ser querido cuando se marcha?, \u00bfel vac\u00edo de tener que abandonar tus sue\u00f1os?, \u00bfhas sentido el gran vac\u00edo del amor cuando este se acaba?, \u00bfo el vac\u00edo de esperar una segunda oportunidad que jam\u00e1s llegar\u00e1?...  Un vac\u00edo l\u00fagubre, solitario, oscuro.  \u2014La oscuridad no es infinita. La soledad no siempre hace mal. Los humanos no siempre estamos solos\u2026  Nadie sabe realmente qui\u00e9nes son las personas que habitan dentro de estas historias, pero sabemos que las situaciones en las que viven est\u00e1n situadas desde el oscuro vac\u00edo que la soledad dej\u00f3 en ellos.  Una serie de 19 diferentes relatos que comparten una \u00fanica conexi\u00f3n: todos ellos son narrados desde la oscura soledad en el alma de aquel personaje que nos vienen a contar su historia.  Ad\u00e9ntrate en el vac\u00edo de estas historias y descubre lo que les espera al final del camino, \u00bfte atreves a acompa\u00f1arlos?","og_url":"https:\/\/letrame.com\/catalogo\/producto\/relatos-escritos-desde-la-oscura-soledad\/","og_site_name":"Catalogo | Letrame Grupo Editorial","article_modified_time":"2024-07-31T09:45:42+00:00","og_image":[{"width":1772,"height":2480,"url":"https:\/\/letrame.com\/catalogo\/wp-content\/uploads\/2024\/04\/webportada_relatosescritos_7mm-copia-compressed.jpg","type":"image\/jpeg"}],"twitter_card":"summary_large_image","twitter_misc":{"Tiempo de lectura":"1 minuto"},"schema":{"@context":"https:\/\/schema.org","@graph":[{"@type":"WebPage","@id":"https:\/\/letrame.com\/catalogo\/producto\/relatos-escritos-desde-la-oscura-soledad\/","url":"https:\/\/letrame.com\/catalogo\/producto\/relatos-escritos-desde-la-oscura-soledad\/","name":"Relatos escritos desde la oscura soledad - Catalogo | Letrame Grupo Editorial","isPartOf":{"@id":"https:\/\/letrame.com\/catalogo\/#website"},"primaryImageOfPage":{"@id":"https:\/\/letrame.com\/catalogo\/producto\/relatos-escritos-desde-la-oscura-soledad\/#primaryimage"},"image":{"@id":"https:\/\/letrame.com\/catalogo\/producto\/relatos-escritos-desde-la-oscura-soledad\/#primaryimage"},"thumbnailUrl":"https:\/\/letrame.com\/catalogo\/wp-content\/uploads\/2024\/04\/webportada_relatosescritos_7mm-copia-compressed.jpg","datePublished":"2024-04-29T13:58:21+00:00","dateModified":"2024-07-31T09:45:42+00:00","breadcrumb":{"@id":"https:\/\/letrame.com\/catalogo\/producto\/relatos-escritos-desde-la-oscura-soledad\/#breadcrumb"},"inLanguage":"es","potentialAction":[{"@type":"ReadAction","target":["https:\/\/letrame.com\/catalogo\/producto\/relatos-escritos-desde-la-oscura-soledad\/"]}]},{"@type":"ImageObject","inLanguage":"es","@id":"https:\/\/letrame.com\/catalogo\/producto\/relatos-escritos-desde-la-oscura-soledad\/#primaryimage","url":"https:\/\/letrame.com\/catalogo\/wp-content\/uploads\/2024\/04\/webportada_relatosescritos_7mm-copia-compressed.jpg","contentUrl":"https:\/\/letrame.com\/catalogo\/wp-content\/uploads\/2024\/04\/webportada_relatosescritos_7mm-copia-compressed.jpg","width":1772,"height":2480},{"@type":"BreadcrumbList","@id":"https:\/\/letrame.com\/catalogo\/producto\/relatos-escritos-desde-la-oscura-soledad\/#breadcrumb","itemListElement":[{"@type":"ListItem","position":1,"name":"Portada","item":"https:\/\/letrame.com\/catalogo\/"},{"@type":"ListItem","position":2,"name":"Cat\u00e1logo","item":"https:\/\/letrame.com\/catalogo\/"},{"@type":"ListItem","position":3,"name":"Relatos escritos desde la oscura soledad"}]},{"@type":"WebSite","@id":"https:\/\/letrame.com\/catalogo\/#website","url":"https:\/\/letrame.com\/catalogo\/","name":"Catalogo | Letrame Grupo Editorial","description":"","publisher":{"@id":"https:\/\/letrame.com\/catalogo\/#organization"},"potentialAction":[{"@type":"SearchAction","target":{"@type":"EntryPoint","urlTemplate":"https:\/\/letrame.com\/catalogo\/?s={search_term_string}"},"query-input":{"@type":"PropertyValueSpecification","valueRequired":true,"valueName":"search_term_string"}}],"inLanguage":"es"},{"@type":"Organization","@id":"https:\/\/letrame.com\/catalogo\/#organization","name":"Catalogo | Letrame Grupo Editorial","url":"https:\/\/letrame.com\/catalogo\/","logo":{"@type":"ImageObject","inLanguage":"es","@id":"https:\/\/letrame.com\/catalogo\/#\/schema\/logo\/image\/","url":"https:\/\/letrame.com\/catalogo\/wp-content\/uploads\/2024\/03\/logo2.webp","contentUrl":"https:\/\/letrame.com\/catalogo\/wp-content\/uploads\/2024\/03\/logo2.webp","width":394,"height":128,"caption":"Catalogo | Letrame Grupo Editorial"},"image":{"@id":"https:\/\/letrame.com\/catalogo\/#\/schema\/logo\/image\/"}}]}},"_links":{"self":[{"href":"https:\/\/letrame.com\/catalogo\/wp-json\/wp\/v2\/product\/99211","targetHints":{"allow":["GET"]}}],"collection":[{"href":"https:\/\/letrame.com\/catalogo\/wp-json\/wp\/v2\/product"}],"about":[{"href":"https:\/\/letrame.com\/catalogo\/wp-json\/wp\/v2\/types\/product"}],"replies":[{"embeddable":true,"href":"https:\/\/letrame.com\/catalogo\/wp-json\/wp\/v2\/comments?post=99211"}],"acf:post":[{"embeddable":true,"href":"https:\/\/letrame.com\/catalogo\/wp-json\/wp\/v2\/author_book\/77573"}],"wp:featuredmedia":[{"embeddable":true,"href":"https:\/\/letrame.com\/catalogo\/wp-json\/wp\/v2\/media\/99212"}],"wp:attachment":[{"href":"https:\/\/letrame.com\/catalogo\/wp-json\/wp\/v2\/media?parent=99211"}],"wp:term":[{"taxonomy":"libro","embeddable":true,"href":"https:\/\/letrame.com\/catalogo\/wp-json\/wp\/v2\/libro?post=99211"},{"taxonomy":"product_brand","embeddable":true,"href":"https:\/\/letrame.com\/catalogo\/wp-json\/wp\/v2\/product_brand?post=99211"},{"taxonomy":"product_cat","embeddable":true,"href":"https:\/\/letrame.com\/catalogo\/wp-json\/wp\/v2\/product_cat?post=99211"},{"taxonomy":"product_tag","embeddable":true,"href":"https:\/\/letrame.com\/catalogo\/wp-json\/wp\/v2\/product_tag?post=99211"}],"curies":[{"name":"wp","href":"https:\/\/api.w.org\/{rel}","templated":true}]}}