{"id":99205,"date":"2024-04-29T15:57:40","date_gmt":"2024-04-29T13:57:40","guid":{"rendered":"https:\/\/letrame.com\/catalogo\/producto\/melymagica\/"},"modified":"2024-04-29T15:57:40","modified_gmt":"2024-04-29T13:57:40","slug":"melymagica","status":"publish","type":"product","link":"https:\/\/letrame.com\/catalogo\/producto\/melymagica\/","title":{"rendered":"MELYM\u00c1GICA"},"content":{"rendered":"<p><strong>ISBN<\/strong>: 978-84-1181-225-2<\/p>\n<p><strong>T\u00edtulo<\/strong>: MELYM\u00c1GICA<br \/>\n<strong>Fecha<\/strong>: 2023<br \/>\n<strong>P\u00e1ginas<\/strong>: 218<\/p>\n<p><strong>SINOPSIS<\/strong><\/p>\n<p>Con sustento en los testimonios de vida contenidos en este libro, se evidencia la figura y legado de una persona digna de ser considerada como referente de vida ejemplar que trasciende al tiempo y al espacio. La muerte no es el fin.<\/p>\n<p>Gracias a Dios por todo el bien recibido a trav\u00e9s de la vida de Mely -Melym\u00e1gica<\/p>\n<p>Mely &#8211; Melym\u00e0gica (Mar\u00eda del Carmen Guti\u00e9rrez Elejalde), naci\u00f3 en Teziutl\u00e1n, Puebla un d\u00eda once del mes once de 1947, de ah\u00ed que cada vez que el reloj marcara las 11:11 a.m. o p.m. no le era inadvertido, invariablemente exclamaba con gratitud y felicidad \u00a1mira, mira!<\/p>\n<p>Residi\u00f3 muy poco tiempo tanto en Teziutl\u00e1n como en otras tantas ciudades, debido al trabajo de su padre Fernando Guti\u00e9rrez G\u00f3mez. Ante tantos cambios de residencia, su madre Valentina Elejalde D\u00edaz decide establecerse en Oaxaca, Oaxaca cuando Mely ya era una ni\u00f1a.<\/p>\n<p>Adolescencia y juventud la vive estudiando, socializando y, sobre todo, prodigando amor y fe.<\/p>\n<p>Forma una familia con su esposo Ramiro y procrean dos hijas Gaby y Any.<\/p>\n<p>Decide y se esfuerza para crecer como persona, esposa, madre, familiar, amiga y profesionista. Se forma como Profesora de Educaci\u00f3n Primara; despu\u00e9s como Licenciada en Filolog\u00eda y Letras Mexicanas; Maestr\u00eda en Filosof\u00eda; Se adentra en la Teolog\u00eda, de manera profunda en Cristolog\u00eda y Mariolog\u00eda. Dice un alumno de ella: <em>Una gran religiosa intelectual<\/em><\/p>\n<p>Se prodiga como Profesora en niveles de Primaria, Secundaria, Preparatoria, Licenciatura e incluso Maestr\u00eda. Escribi\u00f3 un libro de Valores para j\u00f3venes; coautora de dos libros de \u00c9tica. Estructur\u00f3 muchos Syllabus de asignaturas de la corriente humanista. \u00a0\u00a0\u00a0\u00a0\u00a0\u00a0\u00a0\u00a0\u00a0\u00a0\u00a0\u00a0 \u00a0\u00a0\u00a0\u00a0\u00a0\u00a0\u00a0\u00a0\u00a0\u00a0\u00a0\u00a0\u00a0\u00a0\u00a0\u00a0\u00a0\u00a0\u00a0\u00a0\u00a0\u00a0\u00a0\u00a0\u00a0\u00a0\u00a0\u00a0\u00a0\u00a0\u00a0\u00a0\u00a0\u00a0\u00a0\u00a0\u00a0\u00a0\u00a0\u00a0\u00a0\u00a0\u00a0\u00a0\u00a0\u00a0\u00a0\u00a0\u00a0\u00a0\u00a0\u00a0\u00a0\u00a0\u00a0\u00a0\u00a0\u00a0\u00a0\u00a0\u00a0\u00a0\u00a0\u00a0\u00a0\u00a0\u00a0\u00a0\u00a0\u00a0\u00a0\u00a0\u00a0\u00a0\u00a0\u00a0\u00a0\u00a0\u00a0\u00a0\u00a0\u00a0 \u00a0\u00a0\u00a0A trav\u00e9s de varias organizaciones religiosas lleva la palabra del Evangelio a todo su alrededor.<\/p>\n<p>Su dominio era la Literatura Universal, la Filosof\u00eda y la Religi\u00f3n Cat\u00f3lica.<\/p>\n<p>Los cl\u00e1sicos, los latinoamericanos y los mexicanos era su literatura preferida.<\/p>\n<p>De filosof\u00eda y teolog\u00eda no se diga; su preferido Joseph Ratzinger<\/p>\n<p>Su legado indeleble es RESPETAR, COMPRENDER, MISERICORDIA, FE. LEER, ORAR, OIR M\u00daSICA, todo para AMAR tanto m\u00e1s que el mismo AMOR<\/p>\n<p>Pidi\u00f3 que en su l\u00e1pida se escribiera una sola palabra: LUCH\u00d3.<\/p>\n<p>Nosotros le agregamos una: AM\u00d3<\/p>\n","protected":false},"excerpt":{"rendered":"<p><strong>ISBN<\/strong>: 978-84-1181-225-2<\/p>\n<p><strong>SINOPSIS<\/strong><\/p>\n<p>Con sustento en los testimonios de vida contenidos en este libro, se evidencia la figura y legado de una persona digna de ser considerada como referente de vida ejemplar que trasciende al tiempo y al espacio. La muerte no es el fin.<\/p>\n<p>Gracias a Dios por todo el bien recibido a trav\u00e9s de la vida de Mely -Melym\u00e1gica<\/p>\n<p>Mely &#8211; Melym\u00e0gica (Mar\u00eda del Carmen Guti\u00e9rrez Elejalde), naci\u00f3 en Teziutl\u00e1n, Puebla un d\u00eda once del mes once de 1947, de ah\u00ed que cada vez que el reloj marcara las 11:11 a.m. o p.m. no le era inadvertido, invariablemente exclamaba con gratitud y felicidad \u00a1mira, mira!<\/p>\n<p>Residi\u00f3 muy poco tiempo tanto en Teziutl\u00e1n como en otras tantas ciudades, debido al trabajo de su padre Fernando Guti\u00e9rrez G\u00f3mez. Ante tantos cambios de residencia, su madre Valentina Elejalde D\u00edaz decide establecerse en Oaxaca, Oaxaca cuando Mely ya era una ni\u00f1a.<\/p>\n<p>Adolescencia y juventud la vive estudiando, socializando y, sobre todo, prodigando amor y fe.<\/p>\n<p>Forma una familia con su esposo Ramiro y procrean dos hijas Gaby y Any.<\/p>\n<p>Decide y se esfuerza para crecer como persona, esposa, madre, familiar, amiga y profesionista. Se forma como Profesora de Educaci\u00f3n Primara; despu\u00e9s como Licenciada en Filolog\u00eda y Letras Mexicanas; Maestr\u00eda en Filosof\u00eda; Se adentra en la Teolog\u00eda, de manera profunda en Cristolog\u00eda y Mariolog\u00eda. Dice un alumno de ella: <em>Una gran religiosa intelectual<\/em><\/p>\n<p>Se prodiga como Profesora en niveles de Primaria, Secundaria, Preparatoria, Licenciatura e incluso Maestr\u00eda. Escribi\u00f3 un libro de Valores para j\u00f3venes; coautora de dos libros de \u00c9tica. Estructur\u00f3 muchos Syllabus de asignaturas de la corriente humanista. \u00a0\u00a0\u00a0\u00a0\u00a0\u00a0\u00a0\u00a0\u00a0\u00a0\u00a0\u00a0 \u00a0\u00a0\u00a0\u00a0\u00a0\u00a0\u00a0\u00a0\u00a0\u00a0\u00a0\u00a0\u00a0\u00a0\u00a0\u00a0\u00a0\u00a0\u00a0\u00a0\u00a0\u00a0\u00a0\u00a0\u00a0\u00a0\u00a0\u00a0\u00a0\u00a0\u00a0\u00a0\u00a0\u00a0\u00a0\u00a0\u00a0\u00a0\u00a0\u00a0\u00a0\u00a0\u00a0\u00a0\u00a0\u00a0\u00a0\u00a0\u00a0\u00a0\u00a0\u00a0\u00a0\u00a0\u00a0\u00a0\u00a0\u00a0\u00a0\u00a0\u00a0\u00a0\u00a0\u00a0\u00a0\u00a0\u00a0\u00a0\u00a0\u00a0\u00a0\u00a0\u00a0\u00a0\u00a0\u00a0\u00a0\u00a0\u00a0\u00a0\u00a0\u00a0 \u00a0\u00a0\u00a0A trav\u00e9s de varias organizaciones religiosas lleva la palabra del Evangelio a todo su alrededor.<\/p>\n<p>Su dominio era la Literatura Universal, la Filosof\u00eda y la Religi\u00f3n Cat\u00f3lica.<\/p>\n<p>Los cl\u00e1sicos, los latinoamericanos y los mexicanos era su literatura preferida.<\/p>\n<p>De filosof\u00eda y teolog\u00eda no se diga; su preferido Joseph Ratzinger<\/p>\n<p>Su legado indeleble es RESPETAR, COMPRENDER, MISERICORDIA, FE. LEER, ORAR, OIR M\u00daSICA, todo para AMAR tanto m\u00e1s que el mismo AMOR<\/p>\n<p>Pidi\u00f3 que en su l\u00e1pida se escribiera una sola palabra: LUCH\u00d3.<\/p>\n<p>Nosotros le agregamos una: AM\u00d3<\/p>\n","protected":false},"featured_media":99206,"comment_status":"closed","ping_status":"open","template":"","meta":{"_acf_changed":false},"libro":[],"product_brand":[],"product_cat":[26],"product_tag":[],"class_list":{"0":"post-99205","1":"product","2":"type-product","3":"status-publish","4":"has-post-thumbnail","6":"product_cat-sin-categoria","8":"first","9":"instock","10":"product-type-simple"},"acf":{"autor":[77568],"enlace_de_compra":""},"yoast_head":"<!-- This site is optimized with the Yoast SEO plugin v27.4 - https:\/\/yoast.com\/product\/yoast-seo-wordpress\/ -->\n<title>MELYM\u00c1GICA - Catalogo | Letrame Grupo Editorial<\/title>\n<meta name=\"robots\" content=\"index, follow, max-snippet:-1, max-image-preview:large, max-video-preview:-1\" \/>\n<link rel=\"canonical\" href=\"https:\/\/letrame.com\/catalogo\/producto\/melymagica\/\" \/>\n<meta property=\"og:locale\" content=\"es_ES\" \/>\n<meta property=\"og:type\" content=\"article\" \/>\n<meta property=\"og:title\" content=\"MELYM\u00c1GICA - Catalogo | Letrame Grupo Editorial\" \/>\n<meta property=\"og:description\" content=\"ISBN: 978-84-1181-225-2 SINOPSIS Con sustento en los testimonios de vida contenidos en este libro, se evidencia la figura y legado de una persona digna de ser considerada como referente de vida ejemplar que trasciende al tiempo y al espacio. La muerte no es el fin. Gracias a Dios por todo el bien recibido a trav\u00e9s de la vida de Mely -Melym\u00e1gica Mely - Melym\u00e0gica (Mar\u00eda del Carmen Guti\u00e9rrez Elejalde), naci\u00f3 en Teziutl\u00e1n, Puebla un d\u00eda once del mes once de 1947, de ah\u00ed que cada vez que el reloj marcara las 11:11 a.m. o p.m. no le era inadvertido, invariablemente exclamaba con gratitud y felicidad \u00a1mira, mira! Residi\u00f3 muy poco tiempo tanto en Teziutl\u00e1n como en otras tantas ciudades, debido al trabajo de su padre Fernando Guti\u00e9rrez G\u00f3mez. Ante tantos cambios de residencia, su madre Valentina Elejalde D\u00edaz decide establecerse en Oaxaca, Oaxaca cuando Mely ya era una ni\u00f1a. Adolescencia y juventud la vive estudiando, socializando y, sobre todo, prodigando amor y fe. Forma una familia con su esposo Ramiro y procrean dos hijas Gaby y Any. Decide y se esfuerza para crecer como persona, esposa, madre, familiar, amiga y profesionista. Se forma como Profesora de Educaci\u00f3n Primara; despu\u00e9s como Licenciada en Filolog\u00eda y Letras Mexicanas; Maestr\u00eda en Filosof\u00eda; Se adentra en la Teolog\u00eda, de manera profunda en Cristolog\u00eda y Mariolog\u00eda. Dice un alumno de ella: Una gran religiosa intelectual Se prodiga como Profesora en niveles de Primaria, Secundaria, Preparatoria, Licenciatura e incluso Maestr\u00eda. Escribi\u00f3 un libro de Valores para j\u00f3venes; coautora de dos libros de \u00c9tica. Estructur\u00f3 muchos Syllabus de asignaturas de la corriente humanista. \u00a0\u00a0\u00a0\u00a0\u00a0\u00a0\u00a0\u00a0\u00a0\u00a0\u00a0\u00a0 \u00a0\u00a0\u00a0\u00a0\u00a0\u00a0\u00a0\u00a0\u00a0\u00a0\u00a0\u00a0\u00a0\u00a0\u00a0\u00a0\u00a0\u00a0\u00a0\u00a0\u00a0\u00a0\u00a0\u00a0\u00a0\u00a0\u00a0\u00a0\u00a0\u00a0\u00a0\u00a0\u00a0\u00a0\u00a0\u00a0\u00a0\u00a0\u00a0\u00a0\u00a0\u00a0\u00a0\u00a0\u00a0\u00a0\u00a0\u00a0\u00a0\u00a0\u00a0\u00a0\u00a0\u00a0\u00a0\u00a0\u00a0\u00a0\u00a0\u00a0\u00a0\u00a0\u00a0\u00a0\u00a0\u00a0\u00a0\u00a0\u00a0\u00a0\u00a0\u00a0\u00a0\u00a0\u00a0\u00a0\u00a0\u00a0\u00a0\u00a0\u00a0\u00a0 \u00a0\u00a0\u00a0A trav\u00e9s de varias organizaciones religiosas lleva la palabra del Evangelio a todo su alrededor. Su dominio era la Literatura Universal, la Filosof\u00eda y la Religi\u00f3n Cat\u00f3lica. Los cl\u00e1sicos, los latinoamericanos y los mexicanos era su literatura preferida. De filosof\u00eda y teolog\u00eda no se diga; su preferido Joseph Ratzinger Su legado indeleble es RESPETAR, COMPRENDER, MISERICORDIA, FE. LEER, ORAR, OIR M\u00daSICA, todo para AMAR tanto m\u00e1s que el mismo AMOR Pidi\u00f3 que en su l\u00e1pida se escribiera una sola palabra: LUCH\u00d3. Nosotros le agregamos una: AM\u00d3\" \/>\n<meta property=\"og:url\" content=\"https:\/\/letrame.com\/catalogo\/producto\/melymagica\/\" \/>\n<meta property=\"og:site_name\" content=\"Catalogo | Letrame Grupo Editorial\" \/>\n<meta property=\"og:image\" content=\"https:\/\/letrame.com\/catalogo\/wp-content\/uploads\/2024\/04\/webportada_mely_124mm-copia-compressed-scaled-1.jpg\" \/>\n\t<meta property=\"og:image:width\" content=\"1746\" \/>\n\t<meta property=\"og:image:height\" content=\"2560\" \/>\n\t<meta property=\"og:image:type\" content=\"image\/jpeg\" \/>\n<meta name=\"twitter:card\" content=\"summary_large_image\" \/>\n<meta name=\"twitter:label1\" content=\"Tiempo de lectura\" \/>\n\t<meta name=\"twitter:data1\" content=\"2 minutos\" \/>\n<script type=\"application\/ld+json\" class=\"yoast-schema-graph\">{\"@context\":\"https:\\\/\\\/schema.org\",\"@graph\":[{\"@type\":\"WebPage\",\"@id\":\"https:\\\/\\\/letrame.com\\\/catalogo\\\/producto\\\/melymagica\\\/\",\"url\":\"https:\\\/\\\/letrame.com\\\/catalogo\\\/producto\\\/melymagica\\\/\",\"name\":\"MELYM\u00c1GICA - Catalogo | Letrame Grupo Editorial\",\"isPartOf\":{\"@id\":\"https:\\\/\\\/letrame.com\\\/catalogo\\\/#website\"},\"primaryImageOfPage\":{\"@id\":\"https:\\\/\\\/letrame.com\\\/catalogo\\\/producto\\\/melymagica\\\/#primaryimage\"},\"image\":{\"@id\":\"https:\\\/\\\/letrame.com\\\/catalogo\\\/producto\\\/melymagica\\\/#primaryimage\"},\"thumbnailUrl\":\"https:\\\/\\\/letrame.com\\\/catalogo\\\/wp-content\\\/uploads\\\/2024\\\/04\\\/webportada_mely_124mm-copia-compressed-scaled-1.jpg\",\"datePublished\":\"2024-04-29T13:57:40+00:00\",\"breadcrumb\":{\"@id\":\"https:\\\/\\\/letrame.com\\\/catalogo\\\/producto\\\/melymagica\\\/#breadcrumb\"},\"inLanguage\":\"es\",\"potentialAction\":[{\"@type\":\"ReadAction\",\"target\":[\"https:\\\/\\\/letrame.com\\\/catalogo\\\/producto\\\/melymagica\\\/\"]}]},{\"@type\":\"ImageObject\",\"inLanguage\":\"es\",\"@id\":\"https:\\\/\\\/letrame.com\\\/catalogo\\\/producto\\\/melymagica\\\/#primaryimage\",\"url\":\"https:\\\/\\\/letrame.com\\\/catalogo\\\/wp-content\\\/uploads\\\/2024\\\/04\\\/webportada_mely_124mm-copia-compressed-scaled-1.jpg\",\"contentUrl\":\"https:\\\/\\\/letrame.com\\\/catalogo\\\/wp-content\\\/uploads\\\/2024\\\/04\\\/webportada_mely_124mm-copia-compressed-scaled-1.jpg\",\"width\":1746,\"height\":2560},{\"@type\":\"BreadcrumbList\",\"@id\":\"https:\\\/\\\/letrame.com\\\/catalogo\\\/producto\\\/melymagica\\\/#breadcrumb\",\"itemListElement\":[{\"@type\":\"ListItem\",\"position\":1,\"name\":\"Portada\",\"item\":\"https:\\\/\\\/letrame.com\\\/catalogo\\\/\"},{\"@type\":\"ListItem\",\"position\":2,\"name\":\"Cat\u00e1logo\",\"item\":\"https:\\\/\\\/letrame.com\\\/catalogo\\\/\"},{\"@type\":\"ListItem\",\"position\":3,\"name\":\"MELYM\u00c1GICA\"}]},{\"@type\":\"WebSite\",\"@id\":\"https:\\\/\\\/letrame.com\\\/catalogo\\\/#website\",\"url\":\"https:\\\/\\\/letrame.com\\\/catalogo\\\/\",\"name\":\"Catalogo | Letrame Grupo Editorial\",\"description\":\"\",\"publisher\":{\"@id\":\"https:\\\/\\\/letrame.com\\\/catalogo\\\/#organization\"},\"potentialAction\":[{\"@type\":\"SearchAction\",\"target\":{\"@type\":\"EntryPoint\",\"urlTemplate\":\"https:\\\/\\\/letrame.com\\\/catalogo\\\/?s={search_term_string}\"},\"query-input\":{\"@type\":\"PropertyValueSpecification\",\"valueRequired\":true,\"valueName\":\"search_term_string\"}}],\"inLanguage\":\"es\"},{\"@type\":\"Organization\",\"@id\":\"https:\\\/\\\/letrame.com\\\/catalogo\\\/#organization\",\"name\":\"Catalogo | Letrame Grupo Editorial\",\"url\":\"https:\\\/\\\/letrame.com\\\/catalogo\\\/\",\"logo\":{\"@type\":\"ImageObject\",\"inLanguage\":\"es\",\"@id\":\"https:\\\/\\\/letrame.com\\\/catalogo\\\/#\\\/schema\\\/logo\\\/image\\\/\",\"url\":\"https:\\\/\\\/letrame.com\\\/catalogo\\\/wp-content\\\/uploads\\\/2024\\\/03\\\/logo2.webp\",\"contentUrl\":\"https:\\\/\\\/letrame.com\\\/catalogo\\\/wp-content\\\/uploads\\\/2024\\\/03\\\/logo2.webp\",\"width\":394,\"height\":128,\"caption\":\"Catalogo | Letrame Grupo Editorial\"},\"image\":{\"@id\":\"https:\\\/\\\/letrame.com\\\/catalogo\\\/#\\\/schema\\\/logo\\\/image\\\/\"}}]}<\/script>\n<!-- \/ Yoast SEO plugin. -->","yoast_head_json":{"title":"MELYM\u00c1GICA - Catalogo | Letrame Grupo Editorial","robots":{"index":"index","follow":"follow","max-snippet":"max-snippet:-1","max-image-preview":"max-image-preview:large","max-video-preview":"max-video-preview:-1"},"canonical":"https:\/\/letrame.com\/catalogo\/producto\/melymagica\/","og_locale":"es_ES","og_type":"article","og_title":"MELYM\u00c1GICA - Catalogo | Letrame Grupo Editorial","og_description":"ISBN: 978-84-1181-225-2 SINOPSIS Con sustento en los testimonios de vida contenidos en este libro, se evidencia la figura y legado de una persona digna de ser considerada como referente de vida ejemplar que trasciende al tiempo y al espacio. La muerte no es el fin. Gracias a Dios por todo el bien recibido a trav\u00e9s de la vida de Mely -Melym\u00e1gica Mely - Melym\u00e0gica (Mar\u00eda del Carmen Guti\u00e9rrez Elejalde), naci\u00f3 en Teziutl\u00e1n, Puebla un d\u00eda once del mes once de 1947, de ah\u00ed que cada vez que el reloj marcara las 11:11 a.m. o p.m. no le era inadvertido, invariablemente exclamaba con gratitud y felicidad \u00a1mira, mira! Residi\u00f3 muy poco tiempo tanto en Teziutl\u00e1n como en otras tantas ciudades, debido al trabajo de su padre Fernando Guti\u00e9rrez G\u00f3mez. Ante tantos cambios de residencia, su madre Valentina Elejalde D\u00edaz decide establecerse en Oaxaca, Oaxaca cuando Mely ya era una ni\u00f1a. Adolescencia y juventud la vive estudiando, socializando y, sobre todo, prodigando amor y fe. Forma una familia con su esposo Ramiro y procrean dos hijas Gaby y Any. Decide y se esfuerza para crecer como persona, esposa, madre, familiar, amiga y profesionista. Se forma como Profesora de Educaci\u00f3n Primara; despu\u00e9s como Licenciada en Filolog\u00eda y Letras Mexicanas; Maestr\u00eda en Filosof\u00eda; Se adentra en la Teolog\u00eda, de manera profunda en Cristolog\u00eda y Mariolog\u00eda. Dice un alumno de ella: Una gran religiosa intelectual Se prodiga como Profesora en niveles de Primaria, Secundaria, Preparatoria, Licenciatura e incluso Maestr\u00eda. Escribi\u00f3 un libro de Valores para j\u00f3venes; coautora de dos libros de \u00c9tica. Estructur\u00f3 muchos Syllabus de asignaturas de la corriente humanista. \u00a0\u00a0\u00a0\u00a0\u00a0\u00a0\u00a0\u00a0\u00a0\u00a0\u00a0\u00a0 \u00a0\u00a0\u00a0\u00a0\u00a0\u00a0\u00a0\u00a0\u00a0\u00a0\u00a0\u00a0\u00a0\u00a0\u00a0\u00a0\u00a0\u00a0\u00a0\u00a0\u00a0\u00a0\u00a0\u00a0\u00a0\u00a0\u00a0\u00a0\u00a0\u00a0\u00a0\u00a0\u00a0\u00a0\u00a0\u00a0\u00a0\u00a0\u00a0\u00a0\u00a0\u00a0\u00a0\u00a0\u00a0\u00a0\u00a0\u00a0\u00a0\u00a0\u00a0\u00a0\u00a0\u00a0\u00a0\u00a0\u00a0\u00a0\u00a0\u00a0\u00a0\u00a0\u00a0\u00a0\u00a0\u00a0\u00a0\u00a0\u00a0\u00a0\u00a0\u00a0\u00a0\u00a0\u00a0\u00a0\u00a0\u00a0\u00a0\u00a0\u00a0\u00a0 \u00a0\u00a0\u00a0A trav\u00e9s de varias organizaciones religiosas lleva la palabra del Evangelio a todo su alrededor. Su dominio era la Literatura Universal, la Filosof\u00eda y la Religi\u00f3n Cat\u00f3lica. Los cl\u00e1sicos, los latinoamericanos y los mexicanos era su literatura preferida. De filosof\u00eda y teolog\u00eda no se diga; su preferido Joseph Ratzinger Su legado indeleble es RESPETAR, COMPRENDER, MISERICORDIA, FE. LEER, ORAR, OIR M\u00daSICA, todo para AMAR tanto m\u00e1s que el mismo AMOR Pidi\u00f3 que en su l\u00e1pida se escribiera una sola palabra: LUCH\u00d3. Nosotros le agregamos una: AM\u00d3","og_url":"https:\/\/letrame.com\/catalogo\/producto\/melymagica\/","og_site_name":"Catalogo | Letrame Grupo Editorial","og_image":[{"width":1746,"height":2560,"url":"https:\/\/letrame.com\/catalogo\/wp-content\/uploads\/2024\/04\/webportada_mely_124mm-copia-compressed-scaled-1.jpg","type":"image\/jpeg"}],"twitter_card":"summary_large_image","twitter_misc":{"Tiempo de lectura":"2 minutos"},"schema":{"@context":"https:\/\/schema.org","@graph":[{"@type":"WebPage","@id":"https:\/\/letrame.com\/catalogo\/producto\/melymagica\/","url":"https:\/\/letrame.com\/catalogo\/producto\/melymagica\/","name":"MELYM\u00c1GICA - Catalogo | Letrame Grupo Editorial","isPartOf":{"@id":"https:\/\/letrame.com\/catalogo\/#website"},"primaryImageOfPage":{"@id":"https:\/\/letrame.com\/catalogo\/producto\/melymagica\/#primaryimage"},"image":{"@id":"https:\/\/letrame.com\/catalogo\/producto\/melymagica\/#primaryimage"},"thumbnailUrl":"https:\/\/letrame.com\/catalogo\/wp-content\/uploads\/2024\/04\/webportada_mely_124mm-copia-compressed-scaled-1.jpg","datePublished":"2024-04-29T13:57:40+00:00","breadcrumb":{"@id":"https:\/\/letrame.com\/catalogo\/producto\/melymagica\/#breadcrumb"},"inLanguage":"es","potentialAction":[{"@type":"ReadAction","target":["https:\/\/letrame.com\/catalogo\/producto\/melymagica\/"]}]},{"@type":"ImageObject","inLanguage":"es","@id":"https:\/\/letrame.com\/catalogo\/producto\/melymagica\/#primaryimage","url":"https:\/\/letrame.com\/catalogo\/wp-content\/uploads\/2024\/04\/webportada_mely_124mm-copia-compressed-scaled-1.jpg","contentUrl":"https:\/\/letrame.com\/catalogo\/wp-content\/uploads\/2024\/04\/webportada_mely_124mm-copia-compressed-scaled-1.jpg","width":1746,"height":2560},{"@type":"BreadcrumbList","@id":"https:\/\/letrame.com\/catalogo\/producto\/melymagica\/#breadcrumb","itemListElement":[{"@type":"ListItem","position":1,"name":"Portada","item":"https:\/\/letrame.com\/catalogo\/"},{"@type":"ListItem","position":2,"name":"Cat\u00e1logo","item":"https:\/\/letrame.com\/catalogo\/"},{"@type":"ListItem","position":3,"name":"MELYM\u00c1GICA"}]},{"@type":"WebSite","@id":"https:\/\/letrame.com\/catalogo\/#website","url":"https:\/\/letrame.com\/catalogo\/","name":"Catalogo | Letrame Grupo Editorial","description":"","publisher":{"@id":"https:\/\/letrame.com\/catalogo\/#organization"},"potentialAction":[{"@type":"SearchAction","target":{"@type":"EntryPoint","urlTemplate":"https:\/\/letrame.com\/catalogo\/?s={search_term_string}"},"query-input":{"@type":"PropertyValueSpecification","valueRequired":true,"valueName":"search_term_string"}}],"inLanguage":"es"},{"@type":"Organization","@id":"https:\/\/letrame.com\/catalogo\/#organization","name":"Catalogo | Letrame Grupo Editorial","url":"https:\/\/letrame.com\/catalogo\/","logo":{"@type":"ImageObject","inLanguage":"es","@id":"https:\/\/letrame.com\/catalogo\/#\/schema\/logo\/image\/","url":"https:\/\/letrame.com\/catalogo\/wp-content\/uploads\/2024\/03\/logo2.webp","contentUrl":"https:\/\/letrame.com\/catalogo\/wp-content\/uploads\/2024\/03\/logo2.webp","width":394,"height":128,"caption":"Catalogo | Letrame Grupo Editorial"},"image":{"@id":"https:\/\/letrame.com\/catalogo\/#\/schema\/logo\/image\/"}}]}},"_links":{"self":[{"href":"https:\/\/letrame.com\/catalogo\/wp-json\/wp\/v2\/product\/99205","targetHints":{"allow":["GET"]}}],"collection":[{"href":"https:\/\/letrame.com\/catalogo\/wp-json\/wp\/v2\/product"}],"about":[{"href":"https:\/\/letrame.com\/catalogo\/wp-json\/wp\/v2\/types\/product"}],"replies":[{"embeddable":true,"href":"https:\/\/letrame.com\/catalogo\/wp-json\/wp\/v2\/comments?post=99205"}],"acf:post":[{"embeddable":true,"href":"https:\/\/letrame.com\/catalogo\/wp-json\/wp\/v2\/author_book\/77568"}],"wp:featuredmedia":[{"embeddable":true,"href":"https:\/\/letrame.com\/catalogo\/wp-json\/wp\/v2\/media\/99206"}],"wp:attachment":[{"href":"https:\/\/letrame.com\/catalogo\/wp-json\/wp\/v2\/media?parent=99205"}],"wp:term":[{"taxonomy":"libro","embeddable":true,"href":"https:\/\/letrame.com\/catalogo\/wp-json\/wp\/v2\/libro?post=99205"},{"taxonomy":"product_brand","embeddable":true,"href":"https:\/\/letrame.com\/catalogo\/wp-json\/wp\/v2\/product_brand?post=99205"},{"taxonomy":"product_cat","embeddable":true,"href":"https:\/\/letrame.com\/catalogo\/wp-json\/wp\/v2\/product_cat?post=99205"},{"taxonomy":"product_tag","embeddable":true,"href":"https:\/\/letrame.com\/catalogo\/wp-json\/wp\/v2\/product_tag?post=99205"}],"curies":[{"name":"wp","href":"https:\/\/api.w.org\/{rel}","templated":true}]}}